{"id":15120,"date":"2022-05-03T16:29:10","date_gmt":"2022-05-03T14:29:10","guid":{"rendered":"https:\/\/manskin.ethos-dev.ch\/blog\/"},"modified":"2023-05-30T11:45:29","modified_gmt":"2023-05-30T09:45:29","slug":"blog","status":"publish","type":"page","link":"https:\/\/manskin.ethos-dev.ch\/fr\/blog\/","title":{"rendered":"Blog"},"content":{"rendered":"<h1>Manskin Blog<\/h1>\n<p>Vous trouverez ici des articles sur divers th\u00e8mes de soins pour hommes<br \/>\n                                            <a href=\"https:\/\/manskin.ethos-dev.ch\/fr\/4-etapes-de-base-simples-pour-le-soin-quotidien-visage-hommes\/\"><br \/>\n                                                <img width=\"854\" height=\"854\" src=\"https:\/\/manskin.ethos-dev.ch\/wp-content\/uploads\/2021\/03\/AdobeStock_2089223761.png\" alt=\"Manskin\" decoding=\"async\" loading=\"lazy\" srcset=\"https:\/\/manskin.ethos-dev.ch\/wp-content\/uploads\/2021\/03\/AdobeStock_2089223761.png 854w, https:\/\/manskin.ethos-dev.ch\/wp-content\/uploads\/2021\/03\/AdobeStock_2089223761-250x250.png 250w, https:\/\/manskin.ethos-dev.ch\/wp-content\/uploads\/2021\/03\/AdobeStock_2089223761-100x100.png 100w, https:\/\/manskin.ethos-dev.ch\/wp-content\/uploads\/2021\/03\/AdobeStock_2089223761-800x800.png 800w, https:\/\/manskin.ethos-dev.ch\/wp-content\/uploads\/2021\/03\/AdobeStock_2089223761-300x300.png 300w, https:\/\/manskin.ethos-dev.ch\/wp-content\/uploads\/2021\/03\/AdobeStock_2089223761-150x150.png 150w, https:\/\/manskin.ethos-dev.ch\/wp-content\/uploads\/2021\/03\/AdobeStock_2089223761-768x768.png 768w\" sizes=\"auto, (max-width: 854px) 100vw, 854px\" \/>                                            <\/a><br \/>\n                                                                                            <a href=\"https:\/\/manskin.ethos-dev.ch\/fr\/category\/conseils-dentretien\/\">Conseils de soin<\/a><\/p>\n<h4><a href='https:\/\/manskin.ethos-dev.ch\/fr\/4-etapes-de-base-simples-pour-le-soin-quotidien-visage-hommes\/'>4 \u00e9tapes de base simples<\/a><\/h4>\n<p>                                                            24 juin 2021<br \/>\n                                            <a href=\"https:\/\/manskin.ethos-dev.ch\/fr\/soin-luxueux-de-la-marque-culte-musgo-real\/\"><br \/>\n                                                <img width=\"630\" height=\"630\" src=\"https:\/\/manskin.ethos-dev.ch\/wp-content\/uploads\/2021\/04\/Unknown-4.png\" alt=\"Musgo\" decoding=\"async\" loading=\"lazy\" srcset=\"https:\/\/manskin.ethos-dev.ch\/wp-content\/uploads\/2021\/04\/Unknown-4.png 630w, https:\/\/manskin.ethos-dev.ch\/wp-content\/uploads\/2021\/04\/Unknown-4-250x250.png 250w, https:\/\/manskin.ethos-dev.ch\/wp-content\/uploads\/2021\/04\/Unknown-4-100x100.png 100w, https:\/\/manskin.ethos-dev.ch\/wp-content\/uploads\/2021\/04\/Unknown-4-600x600.png 600w, https:\/\/manskin.ethos-dev.ch\/wp-content\/uploads\/2021\/04\/Unknown-4-300x300.png 300w, https:\/\/manskin.ethos-dev.ch\/wp-content\/uploads\/2021\/04\/Unknown-4-150x150.png 150w\" sizes=\"auto, (max-width: 630px) 100vw, 630px\" \/>                                            <\/a><br \/>\n                                                                                            <a href=\"https:\/\/manskin.ethos-dev.ch\/fr\/category\/conseils-dentretien\/\">Conseils de soin<\/a><\/p>\n<h4><a href='https:\/\/manskin.ethos-dev.ch\/fr\/soin-luxueux-de-la-marque-culte-musgo-real\/'>Soin luxueux de la marque<\/a><\/h4>\n<p>                                                            24 juin 2021<\/p>\n","protected":false},"excerpt":{"rendered":"<p>Manskin Blog Vous trouverez ici des articles sur divers th\u00e8mes de soins pour hommes Conseils de soin 4 \u00e9tapes de base simples 24 juin 2021 Conseils de soin Soin luxueux de la marque 24 juin 2021<\/p>\n","protected":false},"author":1,"featured_media":0,"parent":0,"menu_order":0,"comment_status":"closed","ping_status":"closed","template":"elementor_header_footer","meta":{"_acf_changed":false,"footnotes":""},"wf_page_folders":[],"class_list":["post-15120","page","type-page","status-publish"],"acf":[],"yoast_head":"<!-- This site is optimized with the Yoast SEO Premium plugin v24.8 (Yoast SEO v25.4) - https:\/\/yoast.com\/wordpress\/plugins\/seo\/ -->\n<title>Blog | Manskin.ch<\/title>\n<meta name=\"robots\" content=\"noindex, follow, max-snippet:-1, max-image-preview:large, max-video-preview:-1\" \/>\n<meta property=\"og:locale\" content=\"fr_FR\" \/>\n<meta property=\"og:type\" content=\"article\" \/>\n<meta property=\"og:title\" content=\"Blog\" \/>\n<meta property=\"og:description\" content=\"Manskin Blog Vous trouverez ici des articles sur divers th\u00e8mes de soins pour hommes Conseils de soin 4 \u00e9tapes de base simples 24 juin 2021 Conseils de soin Soin luxueux de la marque 24 juin 2021\" \/>\n<meta property=\"og:url\" content=\"https:\/\/manskin.ethos-dev.ch\/fr\/blog\/\" \/>\n<meta property=\"og:site_name\" content=\"Manskin.ch\" \/>\n<meta property=\"article:publisher\" content=\"https:\/\/www.facebook.com\/manskin.ch\" \/>\n<meta property=\"article:modified_time\" content=\"2023-05-30T09:45:29+00:00\" \/>\n<meta property=\"og:image\" content=\"https:\/\/manskin.ethos-dev.ch\/wp-content\/uploads\/2021\/03\/AdobeStock_2089223761.png\" \/>\n<meta name=\"twitter:card\" content=\"summary_large_image\" \/>\n<meta name=\"twitter:label1\" content=\"Dur\u00e9e de lecture estim\u00e9e\" \/>\n\t<meta name=\"twitter:data1\" content=\"1 minute\" \/>\n<script type=\"application\/ld+json\" class=\"yoast-schema-graph\">{\"@context\":\"https:\/\/schema.org\",\"@graph\":[{\"@type\":\"WebPage\",\"@id\":\"https:\/\/manskin.ethos-dev.ch\/fr\/blog\/\",\"url\":\"https:\/\/manskin.ethos-dev.ch\/fr\/blog\/\",\"name\":\"Blog | Manskin.ch\",\"isPartOf\":{\"@id\":\"https:\/\/manskin.ethos-dev.ch\/#website\"},\"primaryImageOfPage\":{\"@id\":\"https:\/\/manskin.ethos-dev.ch\/fr\/blog\/#primaryimage\"},\"image\":{\"@id\":\"https:\/\/manskin.ethos-dev.ch\/fr\/blog\/#primaryimage\"},\"thumbnailUrl\":\"https:\/\/manskin.ethos-dev.ch\/wp-content\/uploads\/2021\/03\/AdobeStock_2089223761.png\",\"datePublished\":\"2022-05-03T14:29:10+00:00\",\"dateModified\":\"2023-05-30T09:45:29+00:00\",\"breadcrumb\":{\"@id\":\"https:\/\/manskin.ethos-dev.ch\/fr\/blog\/#breadcrumb\"},\"inLanguage\":\"fr-FR\",\"potentialAction\":[{\"@type\":\"ReadAction\",\"target\":[\"https:\/\/manskin.ethos-dev.ch\/fr\/blog\/\"]}]},{\"@type\":\"ImageObject\",\"inLanguage\":\"fr-FR\",\"@id\":\"https:\/\/manskin.ethos-dev.ch\/fr\/blog\/#primaryimage\",\"url\":\"https:\/\/manskin.ethos-dev.ch\/wp-content\/uploads\/2021\/03\/AdobeStock_2089223761.png\",\"contentUrl\":\"https:\/\/manskin.ethos-dev.ch\/wp-content\/uploads\/2021\/03\/AdobeStock_2089223761.png\"},{\"@type\":\"BreadcrumbList\",\"@id\":\"https:\/\/manskin.ethos-dev.ch\/fr\/blog\/#breadcrumb\",\"itemListElement\":[{\"@type\":\"ListItem\",\"position\":1,\"name\":\"Startseite\",\"item\":\"https:\/\/manskin.ethos-dev.ch\/fr\/\"},{\"@type\":\"ListItem\",\"position\":2,\"name\":\"Blog\"}]},{\"@type\":\"WebSite\",\"@id\":\"https:\/\/manskin.ethos-dev.ch\/#website\",\"url\":\"https:\/\/manskin.ethos-dev.ch\/\",\"name\":\"Manskin.ch\",\"description\":\"Tous les produits de beaut\u00e9 pour les hommes les plus exigeants\",\"publisher\":{\"@id\":\"https:\/\/manskin.ethos-dev.ch\/#organization\"},\"potentialAction\":[{\"@type\":\"SearchAction\",\"target\":{\"@type\":\"EntryPoint\",\"urlTemplate\":\"https:\/\/manskin.ethos-dev.ch\/?s={search_term_string}\"},\"query-input\":{\"@type\":\"PropertyValueSpecification\",\"valueRequired\":true,\"valueName\":\"search_term_string\"}}],\"inLanguage\":\"fr-FR\"},{\"@type\":\"Organization\",\"@id\":\"https:\/\/manskin.ethos-dev.ch\/#organization\",\"name\":\"Manskin.ch - der Schweizer Onlineshop f\u00fcr qualit\u00e4tsstarke M\u00e4nnerpflege\",\"url\":\"https:\/\/manskin.ethos-dev.ch\/\",\"logo\":{\"@type\":\"ImageObject\",\"inLanguage\":\"fr-FR\",\"@id\":\"https:\/\/manskin.ethos-dev.ch\/#\/schema\/logo\/image\/\",\"url\":\"https:\/\/manskin.ethos-dev.ch\/wp-content\/uploads\/2021\/04\/cropped-logo_head.png\",\"contentUrl\":\"https:\/\/manskin.ethos-dev.ch\/wp-content\/uploads\/2021\/04\/cropped-logo_head.png\",\"width\":235,\"height\":75,\"caption\":\"Manskin.ch - der Schweizer Onlineshop f\u00fcr qualit\u00e4tsstarke M\u00e4nnerpflege\"},\"image\":{\"@id\":\"https:\/\/manskin.ethos-dev.ch\/#\/schema\/logo\/image\/\"},\"sameAs\":[\"https:\/\/www.facebook.com\/manskin.ch\",\"https:\/\/www.instagram.com\/manskin.ch\/\"]}]}<\/script>\n<!-- \/ Yoast SEO Premium plugin. -->","yoast_head_json":{"title":"Blog | Manskin.ch","robots":{"index":"noindex","follow":"follow","max-snippet":"max-snippet:-1","max-image-preview":"max-image-preview:large","max-video-preview":"max-video-preview:-1"},"og_locale":"fr_FR","og_type":"article","og_title":"Blog","og_description":"Manskin Blog Vous trouverez ici des articles sur divers th\u00e8mes de soins pour hommes Conseils de soin 4 \u00e9tapes de base simples 24 juin 2021 Conseils de soin Soin luxueux de la marque 24 juin 2021","og_url":"https:\/\/manskin.ethos-dev.ch\/fr\/blog\/","og_site_name":"Manskin.ch","article_publisher":"https:\/\/www.facebook.com\/manskin.ch","article_modified_time":"2023-05-30T09:45:29+00:00","og_image":[{"url":"https:\/\/manskin.ethos-dev.ch\/wp-content\/uploads\/2021\/03\/AdobeStock_2089223761.png","type":"","width":"","height":""}],"twitter_card":"summary_large_image","twitter_misc":{"Dur\u00e9e de lecture estim\u00e9e":"1 minute"},"schema":{"@context":"https:\/\/schema.org","@graph":[{"@type":"WebPage","@id":"https:\/\/manskin.ethos-dev.ch\/fr\/blog\/","url":"https:\/\/manskin.ethos-dev.ch\/fr\/blog\/","name":"Blog | Manskin.ch","isPartOf":{"@id":"https:\/\/manskin.ethos-dev.ch\/#website"},"primaryImageOfPage":{"@id":"https:\/\/manskin.ethos-dev.ch\/fr\/blog\/#primaryimage"},"image":{"@id":"https:\/\/manskin.ethos-dev.ch\/fr\/blog\/#primaryimage"},"thumbnailUrl":"https:\/\/manskin.ethos-dev.ch\/wp-content\/uploads\/2021\/03\/AdobeStock_2089223761.png","datePublished":"2022-05-03T14:29:10+00:00","dateModified":"2023-05-30T09:45:29+00:00","breadcrumb":{"@id":"https:\/\/manskin.ethos-dev.ch\/fr\/blog\/#breadcrumb"},"inLanguage":"fr-FR","potentialAction":[{"@type":"ReadAction","target":["https:\/\/manskin.ethos-dev.ch\/fr\/blog\/"]}]},{"@type":"ImageObject","inLanguage":"fr-FR","@id":"https:\/\/manskin.ethos-dev.ch\/fr\/blog\/#primaryimage","url":"https:\/\/manskin.ethos-dev.ch\/wp-content\/uploads\/2021\/03\/AdobeStock_2089223761.png","contentUrl":"https:\/\/manskin.ethos-dev.ch\/wp-content\/uploads\/2021\/03\/AdobeStock_2089223761.png"},{"@type":"BreadcrumbList","@id":"https:\/\/manskin.ethos-dev.ch\/fr\/blog\/#breadcrumb","itemListElement":[{"@type":"ListItem","position":1,"name":"Startseite","item":"https:\/\/manskin.ethos-dev.ch\/fr\/"},{"@type":"ListItem","position":2,"name":"Blog"}]},{"@type":"WebSite","@id":"https:\/\/manskin.ethos-dev.ch\/#website","url":"https:\/\/manskin.ethos-dev.ch\/","name":"Manskin.ch","description":"Tous les produits de beaut\u00e9 pour les hommes les plus exigeants","publisher":{"@id":"https:\/\/manskin.ethos-dev.ch\/#organization"},"potentialAction":[{"@type":"SearchAction","target":{"@type":"EntryPoint","urlTemplate":"https:\/\/manskin.ethos-dev.ch\/?s={search_term_string}"},"query-input":{"@type":"PropertyValueSpecification","valueRequired":true,"valueName":"search_term_string"}}],"inLanguage":"fr-FR"},{"@type":"Organization","@id":"https:\/\/manskin.ethos-dev.ch\/#organization","name":"Manskin.ch - der Schweizer Onlineshop f\u00fcr qualit\u00e4tsstarke M\u00e4nnerpflege","url":"https:\/\/manskin.ethos-dev.ch\/","logo":{"@type":"ImageObject","inLanguage":"fr-FR","@id":"https:\/\/manskin.ethos-dev.ch\/#\/schema\/logo\/image\/","url":"https:\/\/manskin.ethos-dev.ch\/wp-content\/uploads\/2021\/04\/cropped-logo_head.png","contentUrl":"https:\/\/manskin.ethos-dev.ch\/wp-content\/uploads\/2021\/04\/cropped-logo_head.png","width":235,"height":75,"caption":"Manskin.ch - der Schweizer Onlineshop f\u00fcr qualit\u00e4tsstarke M\u00e4nnerpflege"},"image":{"@id":"https:\/\/manskin.ethos-dev.ch\/#\/schema\/logo\/image\/"},"sameAs":["https:\/\/www.facebook.com\/manskin.ch","https:\/\/www.instagram.com\/manskin.ch\/"]}]}},"_links":{"self":[{"href":"https:\/\/manskin.ethos-dev.ch\/fr\/wp-json\/wp\/v2\/pages\/15120","targetHints":{"allow":["GET"]}}],"collection":[{"href":"https:\/\/manskin.ethos-dev.ch\/fr\/wp-json\/wp\/v2\/pages"}],"about":[{"href":"https:\/\/manskin.ethos-dev.ch\/fr\/wp-json\/wp\/v2\/types\/page"}],"author":[{"embeddable":true,"href":"https:\/\/manskin.ethos-dev.ch\/fr\/wp-json\/wp\/v2\/users\/1"}],"replies":[{"embeddable":true,"href":"https:\/\/manskin.ethos-dev.ch\/fr\/wp-json\/wp\/v2\/comments?post=15120"}],"version-history":[{"count":0,"href":"https:\/\/manskin.ethos-dev.ch\/fr\/wp-json\/wp\/v2\/pages\/15120\/revisions"}],"wp:attachment":[{"href":"https:\/\/manskin.ethos-dev.ch\/fr\/wp-json\/wp\/v2\/media?parent=15120"}],"wp:term":[{"taxonomy":"wf_page_folders","embeddable":true,"href":"https:\/\/manskin.ethos-dev.ch\/fr\/wp-json\/wp\/v2\/wf_page_folders?post=15120"}],"curies":[{"name":"wp","href":"https:\/\/api.w.org\/{rel}","templated":true}]}}