{"id":258,"date":"2021-06-24T18:34:32","date_gmt":"2021-06-24T16:34:32","guid":{"rendered":"https:\/\/manskin.ethos-dev.ch\/blog\/impressum\/"},"modified":"2022-04-21T09:33:48","modified_gmt":"2022-04-21T07:33:48","slug":"impressum","status":"publish","type":"page","link":"https:\/\/manskin.ethos-dev.ch\/fr\/impressum\/","title":{"rendered":"Impressum"},"content":{"rendered":"<h1>\u00a0<\/h1>\n<h1>Impressum<\/h1>\n<p>\u00a0<\/p>\n<p>Manskin.ch est l&#8217;activit\u00e9 E-commerce de la soci\u00e9t\u00e9 Minelli Lifestyle GmbH, fond\u00e9e en juillet 2000. Son activit\u00e9 est le commerce et la distribution de produits de beaut\u00e9 et de style de vie sur Internet. La directrice g\u00e9n\u00e9rale est Sylvie Minelli.<br \/>Le si\u00e8ge est \u00e0 Fribourg.<\/p>\n<p><strong>Minelli Lifestyle GmbH<\/strong><br \/>rte. de Champ du Mont 4<br \/>CH &#8211; 1754\u00a0Avry-sur-Matran<br \/>Tel: ++41 76 349 04 10<br \/>Mail: info@manskin.ch<\/p>\n","protected":false},"excerpt":{"rendered":"<p>\u00a0 Impressum \u00a0 Manskin.ch est l&#8217;activit\u00e9 E-commerce de la soci\u00e9t\u00e9 Minelli Lifestyle GmbH, fond\u00e9e en juillet 2000. Son activit\u00e9 est le commerce et la distribution de produits de beaut\u00e9 et de style de vie sur Internet. La directrice g\u00e9n\u00e9rale est Sylvie Minelli.Le si\u00e8ge est \u00e0 Fribourg. Minelli Lifestyle GmbHrte. de Champ du Mont 4CH &#8211; &#8230; <a title=\"Impressum\" class=\"read-more\" href=\"https:\/\/manskin.ethos-dev.ch\/fr\/impressum\/\" aria-label=\"En savoir plus sur Impressum\">Lire la suite<\/a><\/p>\n","protected":false},"author":1,"featured_media":0,"parent":0,"menu_order":0,"comment_status":"closed","ping_status":"closed","template":"elementor_header_footer","meta":{"_acf_changed":false,"footnotes":""},"wf_page_folders":[],"class_list":["post-258","page","type-page","status-publish"],"acf":[],"yoast_head":"<!-- This site is optimized with the Yoast SEO Premium plugin v24.8 (Yoast SEO v25.4) - https:\/\/yoast.com\/wordpress\/plugins\/seo\/ -->\n<title>Impressum | Manskin.ch<\/title>\n<meta name=\"robots\" content=\"noindex, follow, max-snippet:-1, max-image-preview:large, max-video-preview:-1\" \/>\n<meta property=\"og:locale\" content=\"fr_FR\" \/>\n<meta property=\"og:type\" content=\"article\" \/>\n<meta property=\"og:title\" content=\"Impressum\" \/>\n<meta property=\"og:description\" content=\"\u00a0 Impressum \u00a0 Manskin.ch est l&#8217;activit\u00e9 E-commerce de la soci\u00e9t\u00e9 Minelli Lifestyle GmbH, fond\u00e9e en juillet 2000. Son activit\u00e9 est le commerce et la distribution de produits de beaut\u00e9 et de style de vie sur Internet. La directrice g\u00e9n\u00e9rale est Sylvie Minelli.Le si\u00e8ge est \u00e0 Fribourg. Minelli Lifestyle GmbHrte. de Champ du Mont 4CH &#8211; ... Lire la suite\" \/>\n<meta property=\"og:url\" content=\"https:\/\/manskin.ethos-dev.ch\/fr\/impressum\/\" \/>\n<meta property=\"og:site_name\" content=\"Manskin.ch\" \/>\n<meta property=\"article:publisher\" content=\"https:\/\/www.facebook.com\/manskin.ch\" \/>\n<meta property=\"article:modified_time\" content=\"2022-04-21T07:33:48+00:00\" \/>\n<meta name=\"twitter:card\" content=\"summary_large_image\" \/>\n<meta name=\"twitter:label1\" content=\"Dur\u00e9e de lecture estim\u00e9e\" \/>\n\t<meta name=\"twitter:data1\" content=\"1 minute\" \/>\n<script type=\"application\/ld+json\" class=\"yoast-schema-graph\">{\"@context\":\"https:\/\/schema.org\",\"@graph\":[{\"@type\":\"WebPage\",\"@id\":\"https:\/\/manskin.ethos-dev.ch\/fr\/impressum\/\",\"url\":\"https:\/\/manskin.ethos-dev.ch\/fr\/impressum\/\",\"name\":\"Impressum | Manskin.ch\",\"isPartOf\":{\"@id\":\"https:\/\/manskin.ethos-dev.ch\/#website\"},\"datePublished\":\"2021-06-24T16:34:32+00:00\",\"dateModified\":\"2022-04-21T07:33:48+00:00\",\"breadcrumb\":{\"@id\":\"https:\/\/manskin.ethos-dev.ch\/fr\/impressum\/#breadcrumb\"},\"inLanguage\":\"fr-FR\",\"potentialAction\":[{\"@type\":\"ReadAction\",\"target\":[\"https:\/\/manskin.ethos-dev.ch\/fr\/impressum\/\"]}]},{\"@type\":\"BreadcrumbList\",\"@id\":\"https:\/\/manskin.ethos-dev.ch\/fr\/impressum\/#breadcrumb\",\"itemListElement\":[{\"@type\":\"ListItem\",\"position\":1,\"name\":\"Startseite\",\"item\":\"https:\/\/manskin.ethos-dev.ch\/fr\/\"},{\"@type\":\"ListItem\",\"position\":2,\"name\":\"Impressum\"}]},{\"@type\":\"WebSite\",\"@id\":\"https:\/\/manskin.ethos-dev.ch\/#website\",\"url\":\"https:\/\/manskin.ethos-dev.ch\/\",\"name\":\"Manskin.ch\",\"description\":\"Tous les produits de beaut\u00e9 pour les hommes les plus exigeants\",\"publisher\":{\"@id\":\"https:\/\/manskin.ethos-dev.ch\/#organization\"},\"potentialAction\":[{\"@type\":\"SearchAction\",\"target\":{\"@type\":\"EntryPoint\",\"urlTemplate\":\"https:\/\/manskin.ethos-dev.ch\/?s={search_term_string}\"},\"query-input\":{\"@type\":\"PropertyValueSpecification\",\"valueRequired\":true,\"valueName\":\"search_term_string\"}}],\"inLanguage\":\"fr-FR\"},{\"@type\":\"Organization\",\"@id\":\"https:\/\/manskin.ethos-dev.ch\/#organization\",\"name\":\"Manskin.ch - der Schweizer Onlineshop f\u00fcr qualit\u00e4tsstarke M\u00e4nnerpflege\",\"url\":\"https:\/\/manskin.ethos-dev.ch\/\",\"logo\":{\"@type\":\"ImageObject\",\"inLanguage\":\"fr-FR\",\"@id\":\"https:\/\/manskin.ethos-dev.ch\/#\/schema\/logo\/image\/\",\"url\":\"https:\/\/manskin.ethos-dev.ch\/wp-content\/uploads\/2021\/04\/cropped-logo_head.png\",\"contentUrl\":\"https:\/\/manskin.ethos-dev.ch\/wp-content\/uploads\/2021\/04\/cropped-logo_head.png\",\"width\":235,\"height\":75,\"caption\":\"Manskin.ch - der Schweizer Onlineshop f\u00fcr qualit\u00e4tsstarke M\u00e4nnerpflege\"},\"image\":{\"@id\":\"https:\/\/manskin.ethos-dev.ch\/#\/schema\/logo\/image\/\"},\"sameAs\":[\"https:\/\/www.facebook.com\/manskin.ch\",\"https:\/\/www.instagram.com\/manskin.ch\/\"]}]}<\/script>\n<!-- \/ Yoast SEO Premium plugin. -->","yoast_head_json":{"title":"Impressum | Manskin.ch","robots":{"index":"noindex","follow":"follow","max-snippet":"max-snippet:-1","max-image-preview":"max-image-preview:large","max-video-preview":"max-video-preview:-1"},"og_locale":"fr_FR","og_type":"article","og_title":"Impressum","og_description":"\u00a0 Impressum \u00a0 Manskin.ch est l&#8217;activit\u00e9 E-commerce de la soci\u00e9t\u00e9 Minelli Lifestyle GmbH, fond\u00e9e en juillet 2000. Son activit\u00e9 est le commerce et la distribution de produits de beaut\u00e9 et de style de vie sur Internet. La directrice g\u00e9n\u00e9rale est Sylvie Minelli.Le si\u00e8ge est \u00e0 Fribourg. Minelli Lifestyle GmbHrte. de Champ du Mont 4CH &#8211; ... Lire la suite","og_url":"https:\/\/manskin.ethos-dev.ch\/fr\/impressum\/","og_site_name":"Manskin.ch","article_publisher":"https:\/\/www.facebook.com\/manskin.ch","article_modified_time":"2022-04-21T07:33:48+00:00","twitter_card":"summary_large_image","twitter_misc":{"Dur\u00e9e de lecture estim\u00e9e":"1 minute"},"schema":{"@context":"https:\/\/schema.org","@graph":[{"@type":"WebPage","@id":"https:\/\/manskin.ethos-dev.ch\/fr\/impressum\/","url":"https:\/\/manskin.ethos-dev.ch\/fr\/impressum\/","name":"Impressum | Manskin.ch","isPartOf":{"@id":"https:\/\/manskin.ethos-dev.ch\/#website"},"datePublished":"2021-06-24T16:34:32+00:00","dateModified":"2022-04-21T07:33:48+00:00","breadcrumb":{"@id":"https:\/\/manskin.ethos-dev.ch\/fr\/impressum\/#breadcrumb"},"inLanguage":"fr-FR","potentialAction":[{"@type":"ReadAction","target":["https:\/\/manskin.ethos-dev.ch\/fr\/impressum\/"]}]},{"@type":"BreadcrumbList","@id":"https:\/\/manskin.ethos-dev.ch\/fr\/impressum\/#breadcrumb","itemListElement":[{"@type":"ListItem","position":1,"name":"Startseite","item":"https:\/\/manskin.ethos-dev.ch\/fr\/"},{"@type":"ListItem","position":2,"name":"Impressum"}]},{"@type":"WebSite","@id":"https:\/\/manskin.ethos-dev.ch\/#website","url":"https:\/\/manskin.ethos-dev.ch\/","name":"Manskin.ch","description":"Tous les produits de beaut\u00e9 pour les hommes les plus exigeants","publisher":{"@id":"https:\/\/manskin.ethos-dev.ch\/#organization"},"potentialAction":[{"@type":"SearchAction","target":{"@type":"EntryPoint","urlTemplate":"https:\/\/manskin.ethos-dev.ch\/?s={search_term_string}"},"query-input":{"@type":"PropertyValueSpecification","valueRequired":true,"valueName":"search_term_string"}}],"inLanguage":"fr-FR"},{"@type":"Organization","@id":"https:\/\/manskin.ethos-dev.ch\/#organization","name":"Manskin.ch - der Schweizer Onlineshop f\u00fcr qualit\u00e4tsstarke M\u00e4nnerpflege","url":"https:\/\/manskin.ethos-dev.ch\/","logo":{"@type":"ImageObject","inLanguage":"fr-FR","@id":"https:\/\/manskin.ethos-dev.ch\/#\/schema\/logo\/image\/","url":"https:\/\/manskin.ethos-dev.ch\/wp-content\/uploads\/2021\/04\/cropped-logo_head.png","contentUrl":"https:\/\/manskin.ethos-dev.ch\/wp-content\/uploads\/2021\/04\/cropped-logo_head.png","width":235,"height":75,"caption":"Manskin.ch - der Schweizer Onlineshop f\u00fcr qualit\u00e4tsstarke M\u00e4nnerpflege"},"image":{"@id":"https:\/\/manskin.ethos-dev.ch\/#\/schema\/logo\/image\/"},"sameAs":["https:\/\/www.facebook.com\/manskin.ch","https:\/\/www.instagram.com\/manskin.ch\/"]}]}},"_links":{"self":[{"href":"https:\/\/manskin.ethos-dev.ch\/fr\/wp-json\/wp\/v2\/pages\/258","targetHints":{"allow":["GET"]}}],"collection":[{"href":"https:\/\/manskin.ethos-dev.ch\/fr\/wp-json\/wp\/v2\/pages"}],"about":[{"href":"https:\/\/manskin.ethos-dev.ch\/fr\/wp-json\/wp\/v2\/types\/page"}],"author":[{"embeddable":true,"href":"https:\/\/manskin.ethos-dev.ch\/fr\/wp-json\/wp\/v2\/users\/1"}],"replies":[{"embeddable":true,"href":"https:\/\/manskin.ethos-dev.ch\/fr\/wp-json\/wp\/v2\/comments?post=258"}],"version-history":[{"count":0,"href":"https:\/\/manskin.ethos-dev.ch\/fr\/wp-json\/wp\/v2\/pages\/258\/revisions"}],"wp:attachment":[{"href":"https:\/\/manskin.ethos-dev.ch\/fr\/wp-json\/wp\/v2\/media?parent=258"}],"wp:term":[{"taxonomy":"wf_page_folders","embeddable":true,"href":"https:\/\/manskin.ethos-dev.ch\/fr\/wp-json\/wp\/v2\/wf_page_folders?post=258"}],"curies":[{"name":"wp","href":"https:\/\/api.w.org\/{rel}","templated":true}]}}