{"id":501144,"date":"2025-09-01T12:05:50","date_gmt":"2025-09-01T10:05:50","guid":{"rendered":"https:\/\/manskin.ethos-dev.ch\/?page_id=501144"},"modified":"2025-09-01T12:05:52","modified_gmt":"2025-09-01T10:05:52","slug":"nos-abonnements-manskin","status":"publish","type":"page","link":"https:\/\/manskin.ethos-dev.ch\/fr\/nos-abonnements-manskin\/","title":{"rendered":"Nos abonnements Manskin"},"content":{"rendered":"<div class=\"wp-block-cover alignfull\"><img loading=\"lazy\" decoding=\"async\" width=\"2048\" height=\"416\" class=\"wp-block-cover__image-background wp-image-500487 size-full\" alt=\"\" src=\"https:\/\/manskin.ch\/wp-content\/uploads\/2025\/07\/banniere-box-abo-scaled.jpg\" data-object-fit=\"cover\" srcset=\"https:\/\/manskin.ethos-dev.ch\/wp-content\/uploads\/2025\/07\/banniere-box-abo-scaled.jpg 2048w, https:\/\/manskin.ethos-dev.ch\/wp-content\/uploads\/2025\/07\/banniere-box-abo-300x61.jpg 300w, https:\/\/manskin.ethos-dev.ch\/wp-content\/uploads\/2025\/07\/banniere-box-abo-1024x208.jpg 1024w, https:\/\/manskin.ethos-dev.ch\/wp-content\/uploads\/2025\/07\/banniere-box-abo-768x156.jpg 768w, https:\/\/manskin.ethos-dev.ch\/wp-content\/uploads\/2025\/07\/banniere-box-abo-1536x312.jpg 1536w, https:\/\/manskin.ethos-dev.ch\/wp-content\/uploads\/2025\/07\/banniere-box-abo-800x163.jpg 800w\" sizes=\"auto, (max-width: 2048px) 100vw, 2048px\" \/><span aria-hidden=\"true\" class=\"wp-block-cover__background has-background-dim\" style=\"background-color:#677f7f\"><\/span><div class=\"wp-block-cover__inner-container is-layout-flow wp-block-cover-is-layout-flow\"><h1 class=\"wp-block-heading has-text-align-center has-rwhite-color has-text-color has-link-color wp-elements-f7f6a79da8b8055c351e996f53069c57\" id=\"h-nos-abonnements-manskin\" style=\"font-size:55px\"><strong>Nos abonnements Manskin<\/strong><\/h1>\n\n<h2 class=\"wp-block-heading has-text-align-center has-rwhite-color has-text-color has-link-color wp-elements-f6ea445385b1c13038b91f56b5fbd4a5\" id=\"h-vos-produits-toujours-a-portee-de-main\"><strong>Vos produits toujours \u00e0 port\u00e9e de main<\/strong><\/h2><\/div><\/div><div style=\"height:50px\" aria-hidden=\"true\" class=\"wp-block-spacer\"><\/div><h2 class=\"wp-block-heading\" id=\"h-abonnements-manskin-pratique-flexible-sans-souci\">Abonnements Manskin &#8211; pratique, flexible, sans souci<\/h2><div style=\"height:30px\" aria-hidden=\"true\" class=\"wp-block-spacer\"><\/div><div class=\"wp-block-columns is-layout-flex wp-container-core-columns-is-layout-9d6595d7 wp-block-columns-is-layout-flex\"><div class=\"wp-block-column is-layout-flow wp-block-column-is-layout-flow\"><p style=\"font-size:20px\">Afin de rendre votre exp\u00e9rience d\u2019achat sur manskin.ch encore plus agr\u00e9able et simple, nous avons le plaisir de vous pr\u00e9senter nos nouveaux mod\u00e8les d\u2019abonnement. Nous savons que les produits de soins sont essentiels \u00e0 votre bien-\u00eatre et qu\u2019un r\u00e9approvisionnement r\u00e9gulier peut souvent prendre beaucoup de temps. Avec nos abonnements, nous voulons vous soulager de ce souci et rendre vos achats aussi simples et pratiques que possible.<\/p>\n\n<p style=\"font-size:20px\">Avec <strong>l\u2019abonnement D\u00e9couverte<\/strong> et <strong>l\u2019abonnement Premium<\/strong> nous s\u00e9lectionnons les produits pour vous, avec <strong>MON Abo<\/strong> vous s\u00e9lectionnez les produits.<\/p><\/div>\n\n<div class=\"wp-block-column is-layout-flow wp-block-column-is-layout-flow\"><p style=\"font-size:20px\">En vous abonnant, vous pourrez vous faire livrer automatiquement et \u00e0 intervalles r\u00e9guliers vos produits pr\u00e9f\u00e9r\u00e9s directement \u00e0 votre domicile. Cela vous fait non seulement gagner du temps, mais garantit \u00e9galement que vos produits de soins sont toujours en stock au bon moment. En tant qu\u2019abonn\u00e9, vous b\u00e9n\u00e9ficiez \u00e9galement de prix r\u00e9duits ou d\u2019une valeur ajout\u00e9e \u2013 l\u2019abonnement vaut donc non seulement pour votre peau, mais aussi pour votre budget.<\/p>\n\n<p style=\"font-size:20px\">Profitez de plus de flexibilit\u00e9, d\u2019une routine d\u2019achat simplifi\u00e9e et de la commodit\u00e9 que vous m\u00e9ritez. <\/p>\n\n<p style=\"font-size:20px\"><strong>Essayez-le et laissez-nous vous convaincre!<\/strong><\/p><\/div><\/div><div class=\"wp-block-columns box-abo is-style-default is-layout-flex wp-container-core-columns-is-layout-9d6595d7 wp-block-columns-is-layout-flex\"><div class=\"wp-block-column has-background is-layout-flow wp-block-column-is-layout-flow\" style=\"background-color:#ededed\"><figure class=\"wp-block-image size-full\"><img loading=\"lazy\" decoding=\"async\" width=\"675\" height=\"675\" src=\"https:\/\/manskin.ch\/wp-content\/uploads\/2025\/07\/1.png\" alt=\"\" class=\"wp-image-500971\" srcset=\"https:\/\/manskin.ethos-dev.ch\/wp-content\/uploads\/2025\/07\/1.png 675w, https:\/\/manskin.ethos-dev.ch\/wp-content\/uploads\/2025\/07\/1-300x300.png 300w, https:\/\/manskin.ethos-dev.ch\/wp-content\/uploads\/2025\/07\/1-150x150.png 150w, https:\/\/manskin.ethos-dev.ch\/wp-content\/uploads\/2025\/07\/1-250x250.png 250w, https:\/\/manskin.ethos-dev.ch\/wp-content\/uploads\/2025\/07\/1-100x100.png 100w\" sizes=\"auto, (max-width: 675px) 100vw, 675px\" \/><\/figure>\n\n<h2 class=\"wp-block-heading\" id=\"h-abo-discover-chf-59\">Abo Discover<br><strong>CHF 59.-<\/strong><\/h2>\n\n<p><strong>Avec l&#8217;ABONNEMENT DISCOVER, profitez d&#8217;une s\u00e9lection de soins de base essentiels et personnalis\u00e9s pour votre routine quotidienne.<\/strong><\/p>\n\n<div style=\"height:30px\" aria-hidden=\"true\" class=\"wp-block-spacer\"><\/div>\n\n<ul class=\"wp-block-list box-star\"><li>Pour <strong>CHF 59.- par livraison<\/strong>, vous recevez des produits soigneusement s\u00e9lectionn\u00e9s par nos soins.<\/li>\n\n<li>Livraison tous les <strong>2, 4 ou 6 mois<\/strong> selon votre choix.<\/li><\/ul>\n\n<h3 class=\"wp-block-heading\" id=\"h-avantages\"><strong>Avantages<\/strong><\/h3>\n\n<ul class=\"wp-block-list box-avantage\"><li>Votre colis contient jusqu&#8217;\u00e0 10% de plus que la valeur de vente de 59.-<\/li>\n\n<li>Pas de stress ni de perte de temps \u00e0 choisir des produits<\/li>\n\n<li>D\u00e9couvrez des produits de soin qui vous conviennent \u00e0 100%<\/li>\n\n<li>Livraison gratuite<\/li>\n\n<li>Vous pouvez r\u00e9silier votre abonnement \u00e0 tout moment<\/li><\/ul>\n\n<p>Pour cela, remplissez notre questionnaire afin que nous puissions composer vos produits selon vos int\u00e9r\u00eats et vos besoins.<\/p>\n\n<div class=\"wp-block-buttons is-content-justification-center is-layout-flex wp-container-core-buttons-is-layout-e1485a7b wp-block-buttons-is-layout-flex\"><div class=\"wp-block-button\"><a class=\"wp-block-button__link wp-element-button\" href=\"https:\/\/manskin.ch\/fr\/produkt\/abonnement-discover\/\">Commander<\/a><\/div><\/div>\n\n<div style=\"height:30px\" aria-hidden=\"true\" class=\"wp-block-spacer\"><\/div><\/div>\n\n<div class=\"wp-block-column has-background is-layout-flow wp-block-column-is-layout-flow\" style=\"background-color:#ededed\"><figure class=\"wp-block-image size-full\"><img loading=\"lazy\" decoding=\"async\" width=\"675\" height=\"675\" src=\"https:\/\/manskin.ch\/wp-content\/uploads\/2025\/07\/2.png\" alt=\"\" class=\"wp-image-500973\" srcset=\"https:\/\/manskin.ethos-dev.ch\/wp-content\/uploads\/2025\/07\/2.png 675w, https:\/\/manskin.ethos-dev.ch\/wp-content\/uploads\/2025\/07\/2-300x300.png 300w, https:\/\/manskin.ethos-dev.ch\/wp-content\/uploads\/2025\/07\/2-150x150.png 150w, https:\/\/manskin.ethos-dev.ch\/wp-content\/uploads\/2025\/07\/2-250x250.png 250w, https:\/\/manskin.ethos-dev.ch\/wp-content\/uploads\/2025\/07\/2-100x100.png 100w\" sizes=\"auto, (max-width: 675px) 100vw, 675px\" \/><\/figure>\n\n<h2 class=\"wp-block-heading\" id=\"h-abo-premium-chf-99\">Abo Premium<br><strong>CHF 99.-<\/strong><\/h2>\n\n<p><strong>Avec l&#8217;ABONNEMENT PREMIUM, vous profitez d&#8217;une s\u00e9lection de produits de soins haut de gamme, cibl\u00e9s et adapt\u00e9s aux exigences individuelles.<\/strong><\/p>\n\n<div style=\"height:30px\" aria-hidden=\"true\" class=\"wp-block-spacer\"><\/div>\n\n<ul class=\"wp-block-list box-star\"><li>Pour <strong>CHF 99.- par livraison<\/strong>, vous recevez des produits soigneusement s\u00e9lectionn\u00e9s par nos soins.<\/li>\n\n<li>Livraison tous les <strong>2, 4 ou 6 mois<\/strong> selon votre choix.<\/li><\/ul>\n\n<h3 class=\"wp-block-heading\" id=\"h-avantages-0\"><strong>Avantages<\/strong><\/h3>\n\n<ul class=\"wp-block-list box-avantage\"><li>Votre colis contient jusqu&#8217;\u00e0 10% de plus que la valeur de vente 99.-<\/li>\n\n<li>Pas de stress ni de perte de temps \u00e0 choisir des produits<\/li>\n\n<li>D\u00e9couvrez des produits de soin qui vous conviennent \u00e0 100%.<\/li>\n\n<li>Livraison gratuite<\/li>\n\n<li>R\u00e9siliation possible \u00e0 tout moment<\/li><\/ul>\n\n<p>Pour cela, remplissez notre questionnaire afin que nous puissions composer vos produits selon vos int\u00e9r\u00eats et vos besoins.<\/p>\n\n<div class=\"wp-block-buttons is-content-justification-center is-layout-flex wp-container-core-buttons-is-layout-e1485a7b wp-block-buttons-is-layout-flex\"><div class=\"wp-block-button\"><a class=\"wp-block-button__link wp-element-button\" href=\"https:\/\/manskin.ch\/fr\/produkt\/abonnement-premium\/\">Commander<\/a><\/div><\/div>\n\n<div style=\"height:30px\" aria-hidden=\"true\" class=\"wp-block-spacer\"><\/div><\/div>\n\n<div class=\"wp-block-column has-background is-layout-flow wp-block-column-is-layout-flow\" style=\"background-color:#ededed\"><figure class=\"wp-block-image size-full\"><img loading=\"lazy\" decoding=\"async\" width=\"675\" height=\"675\" src=\"https:\/\/manskin.ch\/wp-content\/uploads\/2025\/07\/3.png\" alt=\"\" class=\"wp-image-500975\" srcset=\"https:\/\/manskin.ethos-dev.ch\/wp-content\/uploads\/2025\/07\/3.png 675w, https:\/\/manskin.ethos-dev.ch\/wp-content\/uploads\/2025\/07\/3-300x300.png 300w, https:\/\/manskin.ethos-dev.ch\/wp-content\/uploads\/2025\/07\/3-150x150.png 150w, https:\/\/manskin.ethos-dev.ch\/wp-content\/uploads\/2025\/07\/3-250x250.png 250w, https:\/\/manskin.ethos-dev.ch\/wp-content\/uploads\/2025\/07\/3-100x100.png 100w\" sizes=\"auto, (max-width: 675px) 100vw, 675px\" \/><\/figure>\n\n<h2 class=\"wp-block-heading\" id=\"h-my-abo\">My Abo<\/h2>\n\n<p><strong>Avec MY ABO, vous avez le contr\u00f4le total!<\/strong><\/p>\n\n<div style=\"height:30px\" aria-hidden=\"true\" class=\"wp-block-spacer\"><\/div>\n\n<ul class=\"wp-block-list box-star\"><li>Choisissez vos produits de soins pr\u00e9f\u00e9r\u00e9s dans notre gamme et recevez-les facilement chez vous tous les <strong>2, 4 ou 6 mois<\/strong>, selon vos pr\u00e9f\u00e9rences.<\/li>\n\n<li>Personnalisez votre routine et profitez de la flexibilit\u00e9 d&#8217;adapter vos soins \u00e0 votre style de vie.<\/li>\n\n<li>Assurez-vous d&#8217;avoir toujours les produits de soins qui vous conviennent le mieux!<\/li><\/ul>\n\n<h3 class=\"wp-block-heading\" id=\"h-avantages-1\"><strong>Avantages<\/strong><\/h3>\n\n<ul class=\"wp-block-list box-avantage\"><li>Pas de quantit\u00e9 minimale.<\/li>\n\n<li>10% moins cher que l&#8217;achat sans abonnement<\/li>\n\n<li>Vos produits pr\u00e9f\u00e9r\u00e9s sont livr\u00e9s automatiquement<\/li>\n\n<li>Livraison gratuite \u00e0 partir de Fr. 70.- d&#8217;achat d&#8217;abonnement<\/li>\n\n<li>R\u00e9siliation possible \u00e0 tout moment<\/li><\/ul>\n\n<div style=\"height:30px\" aria-hidden=\"true\" class=\"wp-block-spacer\"><\/div><\/div><\/div>","protected":false},"excerpt":{"rendered":"<p>Abonnements Manskin &#8211; pratique, flexible, sans souci Afin de rendre votre exp\u00e9rience d\u2019achat sur manskin.ch encore plus agr\u00e9able et simple, nous avons le plaisir de vous pr\u00e9senter nos nouveaux mod\u00e8les d\u2019abonnement. Nous savons que les produits de soins sont essentiels \u00e0 votre bien-\u00eatre et qu\u2019un r\u00e9approvisionnement r\u00e9gulier peut souvent prendre beaucoup de temps. Avec nos &#8230; <a title=\"Nos abonnements Manskin\" class=\"read-more\" href=\"https:\/\/manskin.ethos-dev.ch\/fr\/nos-abonnements-manskin\/\" aria-label=\"En savoir plus sur Nos abonnements Manskin\">Lire la suite<\/a><\/p>\n","protected":false},"author":450,"featured_media":0,"parent":0,"menu_order":0,"comment_status":"closed","ping_status":"closed","template":"","meta":{"_acf_changed":false,"footnotes":""},"wf_page_folders":[],"class_list":["post-501144","page","type-page","status-publish"],"acf":[],"yoast_head":"<!-- This site is optimized with the Yoast SEO Premium plugin v24.8 (Yoast SEO v25.4) - https:\/\/yoast.com\/wordpress\/plugins\/seo\/ -->\n<title>Nos abonnements Manskin | Manskin.ch<\/title>\n<meta name=\"robots\" content=\"noindex, follow, max-snippet:-1, max-image-preview:large, max-video-preview:-1\" \/>\n<meta property=\"og:locale\" content=\"fr_FR\" \/>\n<meta property=\"og:type\" content=\"article\" \/>\n<meta property=\"og:title\" content=\"Nos abonnements Manskin\" \/>\n<meta property=\"og:description\" content=\"Abonnements Manskin &#8211; pratique, flexible, sans souci Afin de rendre votre exp\u00e9rience d\u2019achat sur manskin.ch encore plus agr\u00e9able et simple, nous avons le plaisir de vous pr\u00e9senter nos nouveaux mod\u00e8les d\u2019abonnement. Nous savons que les produits de soins sont essentiels \u00e0 votre bien-\u00eatre et qu\u2019un r\u00e9approvisionnement r\u00e9gulier peut souvent prendre beaucoup de temps. Avec nos ... Lire la suite\" \/>\n<meta property=\"og:url\" content=\"https:\/\/manskin.ethos-dev.ch\/fr\/nos-abonnements-manskin\/\" \/>\n<meta property=\"og:site_name\" content=\"Manskin.ch\" \/>\n<meta property=\"article:publisher\" content=\"https:\/\/www.facebook.com\/manskin.ch\" \/>\n<meta property=\"article:modified_time\" content=\"2025-09-01T10:05:52+00:00\" \/>\n<meta property=\"og:image\" content=\"https:\/\/manskin.ethos-dev.ch\/wp-content\/uploads\/2025\/07\/banniere-box-abo-scaled.jpg\" \/>\n\t<meta property=\"og:image:width\" content=\"2048\" \/>\n\t<meta property=\"og:image:height\" content=\"416\" \/>\n\t<meta property=\"og:image:type\" content=\"image\/jpeg\" \/>\n<meta name=\"twitter:card\" content=\"summary_large_image\" \/>\n<meta name=\"twitter:label1\" content=\"Dur\u00e9e de lecture estim\u00e9e\" \/>\n\t<meta name=\"twitter:data1\" content=\"4 minutes\" \/>\n<script type=\"application\/ld+json\" class=\"yoast-schema-graph\">{\"@context\":\"https:\/\/schema.org\",\"@graph\":[{\"@type\":\"WebPage\",\"@id\":\"https:\/\/manskin.ethos-dev.ch\/fr\/nos-abonnements-manskin\/\",\"url\":\"https:\/\/manskin.ethos-dev.ch\/fr\/nos-abonnements-manskin\/\",\"name\":\"Nos abonnements Manskin | Manskin.ch\",\"isPartOf\":{\"@id\":\"https:\/\/manskin.ethos-dev.ch\/#website\"},\"primaryImageOfPage\":{\"@id\":\"https:\/\/manskin.ethos-dev.ch\/fr\/nos-abonnements-manskin\/#primaryimage\"},\"image\":{\"@id\":\"https:\/\/manskin.ethos-dev.ch\/fr\/nos-abonnements-manskin\/#primaryimage\"},\"thumbnailUrl\":\"https:\/\/manskin.ch\/wp-content\/uploads\/2025\/07\/banniere-box-abo-scaled.jpg\",\"datePublished\":\"2025-09-01T10:05:50+00:00\",\"dateModified\":\"2025-09-01T10:05:52+00:00\",\"breadcrumb\":{\"@id\":\"https:\/\/manskin.ethos-dev.ch\/fr\/nos-abonnements-manskin\/#breadcrumb\"},\"inLanguage\":\"fr-FR\",\"potentialAction\":[{\"@type\":\"ReadAction\",\"target\":[\"https:\/\/manskin.ethos-dev.ch\/fr\/nos-abonnements-manskin\/\"]}]},{\"@type\":\"ImageObject\",\"inLanguage\":\"fr-FR\",\"@id\":\"https:\/\/manskin.ethos-dev.ch\/fr\/nos-abonnements-manskin\/#primaryimage\",\"url\":\"https:\/\/manskin.ch\/wp-content\/uploads\/2025\/07\/banniere-box-abo-scaled.jpg\",\"contentUrl\":\"https:\/\/manskin.ch\/wp-content\/uploads\/2025\/07\/banniere-box-abo-scaled.jpg\"},{\"@type\":\"BreadcrumbList\",\"@id\":\"https:\/\/manskin.ethos-dev.ch\/fr\/nos-abonnements-manskin\/#breadcrumb\",\"itemListElement\":[{\"@type\":\"ListItem\",\"position\":1,\"name\":\"Startseite\",\"item\":\"https:\/\/manskin.ethos-dev.ch\/fr\/\"},{\"@type\":\"ListItem\",\"position\":2,\"name\":\"Nos abonnements Manskin\"}]},{\"@type\":\"WebSite\",\"@id\":\"https:\/\/manskin.ethos-dev.ch\/#website\",\"url\":\"https:\/\/manskin.ethos-dev.ch\/\",\"name\":\"Manskin.ch\",\"description\":\"Tous les produits de beaut\u00e9 pour les hommes les plus exigeants\",\"publisher\":{\"@id\":\"https:\/\/manskin.ethos-dev.ch\/#organization\"},\"potentialAction\":[{\"@type\":\"SearchAction\",\"target\":{\"@type\":\"EntryPoint\",\"urlTemplate\":\"https:\/\/manskin.ethos-dev.ch\/?s={search_term_string}\"},\"query-input\":{\"@type\":\"PropertyValueSpecification\",\"valueRequired\":true,\"valueName\":\"search_term_string\"}}],\"inLanguage\":\"fr-FR\"},{\"@type\":\"Organization\",\"@id\":\"https:\/\/manskin.ethos-dev.ch\/#organization\",\"name\":\"Manskin.ch - der Schweizer Onlineshop f\u00fcr qualit\u00e4tsstarke M\u00e4nnerpflege\",\"url\":\"https:\/\/manskin.ethos-dev.ch\/\",\"logo\":{\"@type\":\"ImageObject\",\"inLanguage\":\"fr-FR\",\"@id\":\"https:\/\/manskin.ethos-dev.ch\/#\/schema\/logo\/image\/\",\"url\":\"https:\/\/manskin.ethos-dev.ch\/wp-content\/uploads\/2021\/04\/cropped-logo_head.png\",\"contentUrl\":\"https:\/\/manskin.ethos-dev.ch\/wp-content\/uploads\/2021\/04\/cropped-logo_head.png\",\"width\":235,\"height\":75,\"caption\":\"Manskin.ch - der Schweizer Onlineshop f\u00fcr qualit\u00e4tsstarke M\u00e4nnerpflege\"},\"image\":{\"@id\":\"https:\/\/manskin.ethos-dev.ch\/#\/schema\/logo\/image\/\"},\"sameAs\":[\"https:\/\/www.facebook.com\/manskin.ch\",\"https:\/\/www.instagram.com\/manskin.ch\/\"]}]}<\/script>\n<!-- \/ Yoast SEO Premium plugin. -->","yoast_head_json":{"title":"Nos abonnements Manskin | Manskin.ch","robots":{"index":"noindex","follow":"follow","max-snippet":"max-snippet:-1","max-image-preview":"max-image-preview:large","max-video-preview":"max-video-preview:-1"},"og_locale":"fr_FR","og_type":"article","og_title":"Nos abonnements Manskin","og_description":"Abonnements Manskin &#8211; pratique, flexible, sans souci Afin de rendre votre exp\u00e9rience d\u2019achat sur manskin.ch encore plus agr\u00e9able et simple, nous avons le plaisir de vous pr\u00e9senter nos nouveaux mod\u00e8les d\u2019abonnement. Nous savons que les produits de soins sont essentiels \u00e0 votre bien-\u00eatre et qu\u2019un r\u00e9approvisionnement r\u00e9gulier peut souvent prendre beaucoup de temps. Avec nos ... Lire la suite","og_url":"https:\/\/manskin.ethos-dev.ch\/fr\/nos-abonnements-manskin\/","og_site_name":"Manskin.ch","article_publisher":"https:\/\/www.facebook.com\/manskin.ch","article_modified_time":"2025-09-01T10:05:52+00:00","og_image":[{"width":2048,"height":416,"url":"https:\/\/manskin.ethos-dev.ch\/wp-content\/uploads\/2025\/07\/banniere-box-abo-scaled.jpg","type":"image\/jpeg"}],"twitter_card":"summary_large_image","twitter_misc":{"Dur\u00e9e de lecture estim\u00e9e":"4 minutes"},"schema":{"@context":"https:\/\/schema.org","@graph":[{"@type":"WebPage","@id":"https:\/\/manskin.ethos-dev.ch\/fr\/nos-abonnements-manskin\/","url":"https:\/\/manskin.ethos-dev.ch\/fr\/nos-abonnements-manskin\/","name":"Nos abonnements Manskin | Manskin.ch","isPartOf":{"@id":"https:\/\/manskin.ethos-dev.ch\/#website"},"primaryImageOfPage":{"@id":"https:\/\/manskin.ethos-dev.ch\/fr\/nos-abonnements-manskin\/#primaryimage"},"image":{"@id":"https:\/\/manskin.ethos-dev.ch\/fr\/nos-abonnements-manskin\/#primaryimage"},"thumbnailUrl":"https:\/\/manskin.ch\/wp-content\/uploads\/2025\/07\/banniere-box-abo-scaled.jpg","datePublished":"2025-09-01T10:05:50+00:00","dateModified":"2025-09-01T10:05:52+00:00","breadcrumb":{"@id":"https:\/\/manskin.ethos-dev.ch\/fr\/nos-abonnements-manskin\/#breadcrumb"},"inLanguage":"fr-FR","potentialAction":[{"@type":"ReadAction","target":["https:\/\/manskin.ethos-dev.ch\/fr\/nos-abonnements-manskin\/"]}]},{"@type":"ImageObject","inLanguage":"fr-FR","@id":"https:\/\/manskin.ethos-dev.ch\/fr\/nos-abonnements-manskin\/#primaryimage","url":"https:\/\/manskin.ch\/wp-content\/uploads\/2025\/07\/banniere-box-abo-scaled.jpg","contentUrl":"https:\/\/manskin.ch\/wp-content\/uploads\/2025\/07\/banniere-box-abo-scaled.jpg"},{"@type":"BreadcrumbList","@id":"https:\/\/manskin.ethos-dev.ch\/fr\/nos-abonnements-manskin\/#breadcrumb","itemListElement":[{"@type":"ListItem","position":1,"name":"Startseite","item":"https:\/\/manskin.ethos-dev.ch\/fr\/"},{"@type":"ListItem","position":2,"name":"Nos abonnements Manskin"}]},{"@type":"WebSite","@id":"https:\/\/manskin.ethos-dev.ch\/#website","url":"https:\/\/manskin.ethos-dev.ch\/","name":"Manskin.ch","description":"Tous les produits de beaut\u00e9 pour les hommes les plus exigeants","publisher":{"@id":"https:\/\/manskin.ethos-dev.ch\/#organization"},"potentialAction":[{"@type":"SearchAction","target":{"@type":"EntryPoint","urlTemplate":"https:\/\/manskin.ethos-dev.ch\/?s={search_term_string}"},"query-input":{"@type":"PropertyValueSpecification","valueRequired":true,"valueName":"search_term_string"}}],"inLanguage":"fr-FR"},{"@type":"Organization","@id":"https:\/\/manskin.ethos-dev.ch\/#organization","name":"Manskin.ch - der Schweizer Onlineshop f\u00fcr qualit\u00e4tsstarke M\u00e4nnerpflege","url":"https:\/\/manskin.ethos-dev.ch\/","logo":{"@type":"ImageObject","inLanguage":"fr-FR","@id":"https:\/\/manskin.ethos-dev.ch\/#\/schema\/logo\/image\/","url":"https:\/\/manskin.ethos-dev.ch\/wp-content\/uploads\/2021\/04\/cropped-logo_head.png","contentUrl":"https:\/\/manskin.ethos-dev.ch\/wp-content\/uploads\/2021\/04\/cropped-logo_head.png","width":235,"height":75,"caption":"Manskin.ch - der Schweizer Onlineshop f\u00fcr qualit\u00e4tsstarke M\u00e4nnerpflege"},"image":{"@id":"https:\/\/manskin.ethos-dev.ch\/#\/schema\/logo\/image\/"},"sameAs":["https:\/\/www.facebook.com\/manskin.ch","https:\/\/www.instagram.com\/manskin.ch\/"]}]}},"_links":{"self":[{"href":"https:\/\/manskin.ethos-dev.ch\/fr\/wp-json\/wp\/v2\/pages\/501144","targetHints":{"allow":["GET"]}}],"collection":[{"href":"https:\/\/manskin.ethos-dev.ch\/fr\/wp-json\/wp\/v2\/pages"}],"about":[{"href":"https:\/\/manskin.ethos-dev.ch\/fr\/wp-json\/wp\/v2\/types\/page"}],"author":[{"embeddable":true,"href":"https:\/\/manskin.ethos-dev.ch\/fr\/wp-json\/wp\/v2\/users\/450"}],"replies":[{"embeddable":true,"href":"https:\/\/manskin.ethos-dev.ch\/fr\/wp-json\/wp\/v2\/comments?post=501144"}],"version-history":[{"count":1,"href":"https:\/\/manskin.ethos-dev.ch\/fr\/wp-json\/wp\/v2\/pages\/501144\/revisions"}],"predecessor-version":[{"id":501145,"href":"https:\/\/manskin.ethos-dev.ch\/fr\/wp-json\/wp\/v2\/pages\/501144\/revisions\/501145"}],"wp:attachment":[{"href":"https:\/\/manskin.ethos-dev.ch\/fr\/wp-json\/wp\/v2\/media?parent=501144"}],"wp:term":[{"taxonomy":"wf_page_folders","embeddable":true,"href":"https:\/\/manskin.ethos-dev.ch\/fr\/wp-json\/wp\/v2\/wf_page_folders?post=501144"}],"curies":[{"name":"wp","href":"https:\/\/api.w.org\/{rel}","templated":true}]}}