{"id":9488,"date":"2022-01-08T17:16:46","date_gmt":"2022-01-08T16:16:46","guid":{"rendered":"https:\/\/manskin.ethos-dev.ch\/blog\/?page_id=9488"},"modified":"2025-04-25T16:07:52","modified_gmt":"2025-04-25T14:07:52","slug":"conditions-dexpedition-et-de-paiement","status":"publish","type":"page","link":"https:\/\/manskin.ethos-dev.ch\/fr\/impressum\/conditions-dexpedition-et-de-paiement\/","title":{"rendered":"Conditions d&#8217;exp\u00e9dition et de paiement"},"content":{"rendered":"<h3><strong>Exp\u00e9dition<\/strong><\/h3>\n<p>Nos colis sont exp\u00e9di\u00e9s par la Poste suisse.<br \/>Les frais de port sont de Fr. 5.90 pour les commandes inf\u00e9rieures \u00e0 Fr. 70.-.<br \/>A partir de Fr. 70.- l&#8217;exp\u00e9dition est gratuite.<\/p>\n<p>D\u00e8s la r\u00e9ception de votre commande, votre colis sera pr\u00e9par\u00e9 et envoy\u00e9 par courier B. Le d\u00e9lai de livraison normal est de 2-3 jours ouvrables.<br \/>Si vous souhaitez b\u00e9n\u00e9ficier du courier A (d\u00e9lai de livraison de 1 \u00e0 2 jours ouvrables), le suppl\u00e9ment est de Fr. 3.-, quelle que soit la valeur de la commande.<\/p>\n<p>Exp\u00e9dition internationale:<br \/>nous exp\u00e9dions \u00e0 l&#8217;\u00e9tranger uniquement sur demande. Contactez-nous s&#8217;il vous pla\u00eet.<\/p>\n<h3><strong>Moyens de paiement<\/strong><\/h3>\n<p>Les commandes pass\u00e9es via le site www.manskin.ch doivent \u00eatre pay\u00e9es \u00e0 l&#8217;avance en utilisant les moyens de paiement indiqu\u00e9s sur le site. Les moyens de paiement suivants sont \u00e0 votre disposition : Carte de cr\u00e9dit, Twint, PayPal, PostCard, paiement anticip\u00e9, facture (par notre partenaire Powerpay avec contr\u00f4le de solvabilit\u00e9. Voici le lien de leur CGV ainsi que leur frais de rappel:\u00a0<a href=\"https:\/\/terms.mfgroup.ch\/agbfiles\/Powerpay_Checkout_fr.pdf\" target=\"_blank\" rel=\"noopener\">https:\/\/terms.mfgroup.ch\/agbfiles\/Powerpay_Checkout_fr.pdf<\/a>).<br \/>En cas de pr\u00e9paiement, vous recevrez les d\u00e9tails du compte de Manskin.ch avec l&#8217;e-mail de confirmation une fois la commande termin\u00e9e.<\/p>\n","protected":false},"excerpt":{"rendered":"<p>Exp\u00e9dition Nos colis sont exp\u00e9di\u00e9s par la Poste suisse.Les frais de port sont de Fr. 5.90 pour les commandes inf\u00e9rieures \u00e0 Fr. 70.-.A partir de Fr. 70.- l&#8217;exp\u00e9dition est gratuite. D\u00e8s la r\u00e9ception de votre commande, votre colis sera pr\u00e9par\u00e9 et envoy\u00e9 par courier B. Le d\u00e9lai de livraison normal est de 2-3 jours ouvrables.Si &#8230; <a title=\"Conditions d&#8217;exp\u00e9dition et de paiement\" class=\"read-more\" href=\"https:\/\/manskin.ethos-dev.ch\/fr\/impressum\/conditions-dexpedition-et-de-paiement\/\" aria-label=\"En savoir plus sur Conditions d&#8217;exp\u00e9dition et de paiement\">Lire la suite<\/a><\/p>\n","protected":false},"author":1,"featured_media":0,"parent":258,"menu_order":0,"comment_status":"closed","ping_status":"closed","template":"","meta":{"_acf_changed":false,"footnotes":""},"wf_page_folders":[],"class_list":["post-9488","page","type-page","status-publish"],"acf":[],"yoast_head":"<!-- This site is optimized with the Yoast SEO Premium plugin v24.8 (Yoast SEO v25.4) - https:\/\/yoast.com\/wordpress\/plugins\/seo\/ -->\n<title>Conditions d&#039;exp\u00e9dition et de paiement | Manskin.ch<\/title>\n<meta name=\"robots\" content=\"noindex, follow, max-snippet:-1, max-image-preview:large, max-video-preview:-1\" \/>\n<meta property=\"og:locale\" content=\"fr_FR\" \/>\n<meta property=\"og:type\" content=\"article\" \/>\n<meta property=\"og:title\" content=\"Conditions d&#039;exp\u00e9dition et de paiement\" \/>\n<meta property=\"og:description\" content=\"Exp\u00e9dition Nos colis sont exp\u00e9di\u00e9s par la Poste suisse.Les frais de port sont de Fr. 5.90 pour les commandes inf\u00e9rieures \u00e0 Fr. 70.-.A partir de Fr. 70.- l&#8217;exp\u00e9dition est gratuite. D\u00e8s la r\u00e9ception de votre commande, votre colis sera pr\u00e9par\u00e9 et envoy\u00e9 par courier B. Le d\u00e9lai de livraison normal est de 2-3 jours ouvrables.Si ... Lire la suite\" \/>\n<meta property=\"og:url\" content=\"https:\/\/manskin.ethos-dev.ch\/fr\/impressum\/conditions-dexpedition-et-de-paiement\/\" \/>\n<meta property=\"og:site_name\" content=\"Manskin.ch\" \/>\n<meta property=\"article:publisher\" content=\"https:\/\/www.facebook.com\/manskin.ch\" \/>\n<meta property=\"article:modified_time\" content=\"2025-04-25T14:07:52+00:00\" \/>\n<meta name=\"twitter:card\" content=\"summary_large_image\" \/>\n<meta name=\"twitter:label1\" content=\"Dur\u00e9e de lecture estim\u00e9e\" \/>\n\t<meta name=\"twitter:data1\" content=\"1 minute\" \/>\n<script type=\"application\/ld+json\" class=\"yoast-schema-graph\">{\"@context\":\"https:\/\/schema.org\",\"@graph\":[{\"@type\":\"WebPage\",\"@id\":\"https:\/\/manskin.ethos-dev.ch\/fr\/impressum\/conditions-dexpedition-et-de-paiement\/\",\"url\":\"https:\/\/manskin.ethos-dev.ch\/fr\/impressum\/conditions-dexpedition-et-de-paiement\/\",\"name\":\"Conditions d'exp\u00e9dition et de paiement | Manskin.ch\",\"isPartOf\":{\"@id\":\"https:\/\/manskin.ethos-dev.ch\/#website\"},\"datePublished\":\"2022-01-08T16:16:46+00:00\",\"dateModified\":\"2025-04-25T14:07:52+00:00\",\"breadcrumb\":{\"@id\":\"https:\/\/manskin.ethos-dev.ch\/fr\/impressum\/conditions-dexpedition-et-de-paiement\/#breadcrumb\"},\"inLanguage\":\"fr-FR\",\"potentialAction\":[{\"@type\":\"ReadAction\",\"target\":[\"https:\/\/manskin.ethos-dev.ch\/fr\/impressum\/conditions-dexpedition-et-de-paiement\/\"]}]},{\"@type\":\"BreadcrumbList\",\"@id\":\"https:\/\/manskin.ethos-dev.ch\/fr\/impressum\/conditions-dexpedition-et-de-paiement\/#breadcrumb\",\"itemListElement\":[{\"@type\":\"ListItem\",\"position\":1,\"name\":\"Startseite\",\"item\":\"https:\/\/manskin.ethos-dev.ch\/fr\/\"},{\"@type\":\"ListItem\",\"position\":2,\"name\":\"Impressum\",\"item\":\"https:\/\/manskin.ethos-dev.ch\/fr\/impressum\/\"},{\"@type\":\"ListItem\",\"position\":3,\"name\":\"Conditions d&#8217;exp\u00e9dition et de paiement\"}]},{\"@type\":\"WebSite\",\"@id\":\"https:\/\/manskin.ethos-dev.ch\/#website\",\"url\":\"https:\/\/manskin.ethos-dev.ch\/\",\"name\":\"Manskin.ch\",\"description\":\"Tous les produits de beaut\u00e9 pour les hommes les plus exigeants\",\"publisher\":{\"@id\":\"https:\/\/manskin.ethos-dev.ch\/#organization\"},\"potentialAction\":[{\"@type\":\"SearchAction\",\"target\":{\"@type\":\"EntryPoint\",\"urlTemplate\":\"https:\/\/manskin.ethos-dev.ch\/?s={search_term_string}\"},\"query-input\":{\"@type\":\"PropertyValueSpecification\",\"valueRequired\":true,\"valueName\":\"search_term_string\"}}],\"inLanguage\":\"fr-FR\"},{\"@type\":\"Organization\",\"@id\":\"https:\/\/manskin.ethos-dev.ch\/#organization\",\"name\":\"Manskin.ch - der Schweizer Onlineshop f\u00fcr qualit\u00e4tsstarke M\u00e4nnerpflege\",\"url\":\"https:\/\/manskin.ethos-dev.ch\/\",\"logo\":{\"@type\":\"ImageObject\",\"inLanguage\":\"fr-FR\",\"@id\":\"https:\/\/manskin.ethos-dev.ch\/#\/schema\/logo\/image\/\",\"url\":\"https:\/\/manskin.ethos-dev.ch\/wp-content\/uploads\/2021\/04\/cropped-logo_head.png\",\"contentUrl\":\"https:\/\/manskin.ethos-dev.ch\/wp-content\/uploads\/2021\/04\/cropped-logo_head.png\",\"width\":235,\"height\":75,\"caption\":\"Manskin.ch - der Schweizer Onlineshop f\u00fcr qualit\u00e4tsstarke M\u00e4nnerpflege\"},\"image\":{\"@id\":\"https:\/\/manskin.ethos-dev.ch\/#\/schema\/logo\/image\/\"},\"sameAs\":[\"https:\/\/www.facebook.com\/manskin.ch\",\"https:\/\/www.instagram.com\/manskin.ch\/\"]}]}<\/script>\n<!-- \/ Yoast SEO Premium plugin. -->","yoast_head_json":{"title":"Conditions d'exp\u00e9dition et de paiement | Manskin.ch","robots":{"index":"noindex","follow":"follow","max-snippet":"max-snippet:-1","max-image-preview":"max-image-preview:large","max-video-preview":"max-video-preview:-1"},"og_locale":"fr_FR","og_type":"article","og_title":"Conditions d'exp\u00e9dition et de paiement","og_description":"Exp\u00e9dition Nos colis sont exp\u00e9di\u00e9s par la Poste suisse.Les frais de port sont de Fr. 5.90 pour les commandes inf\u00e9rieures \u00e0 Fr. 70.-.A partir de Fr. 70.- l&#8217;exp\u00e9dition est gratuite. D\u00e8s la r\u00e9ception de votre commande, votre colis sera pr\u00e9par\u00e9 et envoy\u00e9 par courier B. Le d\u00e9lai de livraison normal est de 2-3 jours ouvrables.Si ... Lire la suite","og_url":"https:\/\/manskin.ethos-dev.ch\/fr\/impressum\/conditions-dexpedition-et-de-paiement\/","og_site_name":"Manskin.ch","article_publisher":"https:\/\/www.facebook.com\/manskin.ch","article_modified_time":"2025-04-25T14:07:52+00:00","twitter_card":"summary_large_image","twitter_misc":{"Dur\u00e9e de lecture estim\u00e9e":"1 minute"},"schema":{"@context":"https:\/\/schema.org","@graph":[{"@type":"WebPage","@id":"https:\/\/manskin.ethos-dev.ch\/fr\/impressum\/conditions-dexpedition-et-de-paiement\/","url":"https:\/\/manskin.ethos-dev.ch\/fr\/impressum\/conditions-dexpedition-et-de-paiement\/","name":"Conditions d'exp\u00e9dition et de paiement | Manskin.ch","isPartOf":{"@id":"https:\/\/manskin.ethos-dev.ch\/#website"},"datePublished":"2022-01-08T16:16:46+00:00","dateModified":"2025-04-25T14:07:52+00:00","breadcrumb":{"@id":"https:\/\/manskin.ethos-dev.ch\/fr\/impressum\/conditions-dexpedition-et-de-paiement\/#breadcrumb"},"inLanguage":"fr-FR","potentialAction":[{"@type":"ReadAction","target":["https:\/\/manskin.ethos-dev.ch\/fr\/impressum\/conditions-dexpedition-et-de-paiement\/"]}]},{"@type":"BreadcrumbList","@id":"https:\/\/manskin.ethos-dev.ch\/fr\/impressum\/conditions-dexpedition-et-de-paiement\/#breadcrumb","itemListElement":[{"@type":"ListItem","position":1,"name":"Startseite","item":"https:\/\/manskin.ethos-dev.ch\/fr\/"},{"@type":"ListItem","position":2,"name":"Impressum","item":"https:\/\/manskin.ethos-dev.ch\/fr\/impressum\/"},{"@type":"ListItem","position":3,"name":"Conditions d&#8217;exp\u00e9dition et de paiement"}]},{"@type":"WebSite","@id":"https:\/\/manskin.ethos-dev.ch\/#website","url":"https:\/\/manskin.ethos-dev.ch\/","name":"Manskin.ch","description":"Tous les produits de beaut\u00e9 pour les hommes les plus exigeants","publisher":{"@id":"https:\/\/manskin.ethos-dev.ch\/#organization"},"potentialAction":[{"@type":"SearchAction","target":{"@type":"EntryPoint","urlTemplate":"https:\/\/manskin.ethos-dev.ch\/?s={search_term_string}"},"query-input":{"@type":"PropertyValueSpecification","valueRequired":true,"valueName":"search_term_string"}}],"inLanguage":"fr-FR"},{"@type":"Organization","@id":"https:\/\/manskin.ethos-dev.ch\/#organization","name":"Manskin.ch - der Schweizer Onlineshop f\u00fcr qualit\u00e4tsstarke M\u00e4nnerpflege","url":"https:\/\/manskin.ethos-dev.ch\/","logo":{"@type":"ImageObject","inLanguage":"fr-FR","@id":"https:\/\/manskin.ethos-dev.ch\/#\/schema\/logo\/image\/","url":"https:\/\/manskin.ethos-dev.ch\/wp-content\/uploads\/2021\/04\/cropped-logo_head.png","contentUrl":"https:\/\/manskin.ethos-dev.ch\/wp-content\/uploads\/2021\/04\/cropped-logo_head.png","width":235,"height":75,"caption":"Manskin.ch - der Schweizer Onlineshop f\u00fcr qualit\u00e4tsstarke M\u00e4nnerpflege"},"image":{"@id":"https:\/\/manskin.ethos-dev.ch\/#\/schema\/logo\/image\/"},"sameAs":["https:\/\/www.facebook.com\/manskin.ch","https:\/\/www.instagram.com\/manskin.ch\/"]}]}},"_links":{"self":[{"href":"https:\/\/manskin.ethos-dev.ch\/fr\/wp-json\/wp\/v2\/pages\/9488","targetHints":{"allow":["GET"]}}],"collection":[{"href":"https:\/\/manskin.ethos-dev.ch\/fr\/wp-json\/wp\/v2\/pages"}],"about":[{"href":"https:\/\/manskin.ethos-dev.ch\/fr\/wp-json\/wp\/v2\/types\/page"}],"author":[{"embeddable":true,"href":"https:\/\/manskin.ethos-dev.ch\/fr\/wp-json\/wp\/v2\/users\/1"}],"replies":[{"embeddable":true,"href":"https:\/\/manskin.ethos-dev.ch\/fr\/wp-json\/wp\/v2\/comments?post=9488"}],"version-history":[{"count":0,"href":"https:\/\/manskin.ethos-dev.ch\/fr\/wp-json\/wp\/v2\/pages\/9488\/revisions"}],"up":[{"embeddable":true,"href":"https:\/\/manskin.ethos-dev.ch\/fr\/wp-json\/wp\/v2\/pages\/258"}],"wp:attachment":[{"href":"https:\/\/manskin.ethos-dev.ch\/fr\/wp-json\/wp\/v2\/media?parent=9488"}],"wp:term":[{"taxonomy":"wf_page_folders","embeddable":true,"href":"https:\/\/manskin.ethos-dev.ch\/fr\/wp-json\/wp\/v2\/wf_page_folders?post=9488"}],"curies":[{"name":"wp","href":"https:\/\/api.w.org\/{rel}","templated":true}]}}