{"id":9530,"date":"2022-01-08T17:22:53","date_gmt":"2022-01-08T16:22:53","guid":{"rendered":"https:\/\/manskin.ethos-dev.ch\/blog\/?page_id=9530"},"modified":"2024-09-03T09:03:38","modified_gmt":"2024-09-03T07:03:38","slug":"allgemeine-geschaeftsbedingungen","status":"publish","type":"page","link":"https:\/\/manskin.ethos-dev.ch\/fr\/impressum\/allgemeine-geschaeftsbedingungen\/","title":{"rendered":"Conditions g\u00e9n\u00e9rales d&#8217;affaires"},"content":{"rendered":"<h1>Conditions g\u00e9n\u00e9rales d&#8217;affaires<\/h1>\n<p><strong>1. Validit\u00e9<\/strong><br \/>Nos offres sont valables en Suisse. Les prix indiqu\u00e9s sont en Francs Suisse et incluent la TVA et sont valables jusqu`\u00e0 la publication de l&#8217;offre suivante. Erreurs et variations de prix sous r\u00e9serve.<\/p>\n<p><strong>2. Commande<\/strong><br \/>Avec votre commande vous indiquez votre accord \u00e0 nos termes et conditions. Apr\u00e8s validation de votre commande vous recevrez une confirmation automatique par E-Mail.<\/p>\n<p><strong>3. Offre et conclusion de contrat<\/strong><br \/>La pr\u00e9sentation des produits sur Manskin.ch\u00a0ne constitue pas une offre contraignante mais une invitation \u00e0 commander.<br \/>En cliquant sur le bouton commander le client transmet une commande ferme pour les produits list\u00e9s sur la page de commande.<br \/>Directement apr\u00e8s r\u00e9ception de la commande, celle-ci est confirm\u00e9e par e-mail. Le contrat de vente entre en vigueur seulement si le vendeur confirme l\u2019envoi de la marchandise par e-mail (confirmation de commande ou d\u2019envoi) ou au plus tard par la livraison de la marchandise.<\/p>\n<p>En cas de paiement anticip\u00e9, le contrat d\u2019achat entre en vigueur \u00a0avec la confirmation de la r\u00e9ception du paiement par le vendeur.<\/p>\n<p>Les codes de r\u00e9duction ne s&#8217;appliquent pas aux articles d\u00e9j\u00e0 r\u00e9duits.<\/p>\n<p><strong>4. Frais d&#8217;envoi<br \/><\/strong>Chez www.manskin.ch vous payez des frais forfaitaire de Fr. 6.50 pour les commandes ayant une valeur en dessous de Fr. 70.-. Ce montant couvre seulement une partie des co\u00fbts pour le port et d&#8217;emballage,\u00a0 la diff\u00e9rence est prise en charge par Manskin.ch. La livraison est gratuite \u00e0 partir d&#8217;une commande de Fr. 70.-. L&#8217;envoi est effectu\u00e9e par la Poste Suisse en courrier B.<\/p>\n<p><strong>5. Livraison<\/strong><br \/>La livraison des articles command\u00e9s se fait dans les d\u00e9lais les plus br\u00e8ves, en g\u00e9n\u00e9ral nous envoyons votre paquet dans les 2 jours qui suivent la commande. Le d\u00e9lai de la Poste Suisse en courrier B est de 3-4 jours. Si un article ne devait plus \u00eatre disponible, nous vous informons par E-Mail. Nous vous proposons dans ce cas un autre article ayant la m\u00eame valeur ou nous vous remboursons le montant d\u00e9j\u00e0 pay\u00e9.<\/p>\n<p><strong>6. Dommages dues au transport<\/strong><br \/>Les marchandises sont soigneusement emball\u00e9es par nos soins. Si des dommages de transport surviennent n\u00e9anmoins, il faut le signaler imm\u00e9diatement \u00e0 la poste. Sans rapport de dommage\u00a0du transporteur, aucun remplacement n&#8217;est rembours\u00e9.<\/p>\n<p><strong>7. Livraison international<\/strong><br \/>Nous livrons uniquement en Suisse et au Liechtenstein.<\/p>\n<p><strong>8. Paiement<\/strong><br \/>Vous pouvez effectuer le paiement par carte de cr\u00e9dit, Twint, carte postfinance, Paypal,\u00a0 facture \u00a0ou par pr\u00e9paiement sur notre compte bancaire de l&#8217;UBS:<\/p>\n<p>Banque: UBS SA, Case Postale, CH &#8211; 1701 Fribourg<br \/>Titulaire du compte: Minelli Lifestyle GmbH, rte. de Champ du Mont 4, CH &#8211; 1754 Avry-sur-Matran<br \/>Compte: 260-110065.01U<br \/>IBAN: CH57 0026 0260 1100 6501 U<br \/>SWIFT (BIC): UBSWCHZH80A<\/p>\n<p><strong>9. Achat sur facture avec option de paiement partiel<br \/><\/strong>(POWERPAY) MF Group \/ POWERPAY propose \u00e0 titre de prestataire de paiement ind\u00e9pendant le type de paiement \u00abPaiement sur facture\u00bb. La facture de l\u2019ordre vous permet tout simplement de r\u00e9gler votre achat en ligne par facture. Si vous renoncez \u00e0 un paiement dans les d\u00e9lais impartis, vous obtiendrez \u00e0 titre r\u00e9troactif le mois suivant une facture mensuelle avec un aper\u00e7u de la commande. A la conclusion du contrat d\u2019achat, POWERPAY prend en charge la cr\u00e9ance sur facture et se charge du traitement des modalit\u00e9s de paiement. Dans le cadre de l\u2019achat sur facture, vous acceptez en plus de nos CG, les <a href=\"https:\/\/www.powerpay.ch\/fr\/agb\" target=\"_blank\" rel=\"noopener\">GC<\/a> de POWERPAY. (<a href=\"https:\/\/powerpay.ch\/fr\/agb\">powerpay.ch\/fr\/agb<\/a>).<\/p>\n<p>Frais de rappel selon les conditions g\u00e9n\u00e9rales de Powerpay (MF Group) : 1er rappel : Fr. 18.-, 2\u00e8me rappel: Fr. 28.-, 3\u00e8me rappel : Fr. 38.-, remise de l&#8217;encaissement : Fr. 50.-, int\u00e9r\u00eats de retard 14,9%, frais d&#8217;administration par facture (envoi par e-mail) gratuit, frais d&#8217;administration par facture (envoi par courrier) Fr. 2.90.<\/p>\n<p><strong>10. Droit de r\u00e9traction<\/strong><br \/>Vous disposez d&#8217;un d\u00e9lai de 14\u00a0jours francs \u00e0 compter de la date de r\u00e9ception pour retourner les produits command\u00e9s pour remboursement. Les produits doivent imp\u00e9rativement \u00eatre retourn\u00e9s dans un parfait \u00e9tait de revente et dans leur \u00e9tat d&#8217;origine. Les frais de renvoi sont \u00e0 la charge de l&#8217;acheteur.<\/p>\n<p><strong>11. R\u00e9serve de propri\u00e9t\u00e9<\/strong><br \/>Minelli\u00a0Lifestyle GmbH conserve la propri\u00e9t\u00e9 pleine et enti\u00e8re des produits vendus jusqu&#8217;au parfait encaissement du prix.<\/p>\n<p><strong>12. Protection et s\u00e9curit\u00e9 des donn\u00e9es<\/strong><br \/>Vos donn\u00e9es seront utilis\u00e9es et trait\u00e9es exclusivement dans le cadre des lois applicables en mati\u00e8re de protection des donn\u00e9es et ne seront en aucun cas transmises \u00e0 des tiers.<\/p>\n","protected":false},"excerpt":{"rendered":"<p>Conditions g\u00e9n\u00e9rales d&#8217;affaires 1. Validit\u00e9Nos offres sont valables en Suisse. Les prix indiqu\u00e9s sont en Francs Suisse et incluent la TVA et sont valables jusqu`\u00e0 la publication de l&#8217;offre suivante. Erreurs et variations de prix sous r\u00e9serve. 2. CommandeAvec votre commande vous indiquez votre accord \u00e0 nos termes et conditions. Apr\u00e8s validation de votre commande &#8230; <a title=\"Conditions g\u00e9n\u00e9rales d&#8217;affaires\" class=\"read-more\" href=\"https:\/\/manskin.ethos-dev.ch\/fr\/impressum\/allgemeine-geschaeftsbedingungen\/\" aria-label=\"En savoir plus sur Conditions g\u00e9n\u00e9rales d&#8217;affaires\">Lire la suite<\/a><\/p>\n","protected":false},"author":1,"featured_media":0,"parent":258,"menu_order":0,"comment_status":"closed","ping_status":"closed","template":"","meta":{"_acf_changed":false,"footnotes":""},"wf_page_folders":[],"class_list":["post-9530","page","type-page","status-publish"],"acf":[],"yoast_head":"<!-- This site is optimized with the Yoast SEO Premium plugin v24.8 (Yoast SEO v25.4) - https:\/\/yoast.com\/wordpress\/plugins\/seo\/ -->\n<title>Conditions g\u00e9n\u00e9rales d&#039;affaires | Manskin.ch<\/title>\n<meta name=\"robots\" content=\"noindex, follow, max-snippet:-1, max-image-preview:large, max-video-preview:-1\" \/>\n<meta property=\"og:locale\" content=\"fr_FR\" \/>\n<meta property=\"og:type\" content=\"article\" \/>\n<meta property=\"og:title\" content=\"Conditions g\u00e9n\u00e9rales d&#039;affaires\" \/>\n<meta property=\"og:description\" content=\"Conditions g\u00e9n\u00e9rales d&#8217;affaires 1. Validit\u00e9Nos offres sont valables en Suisse. Les prix indiqu\u00e9s sont en Francs Suisse et incluent la TVA et sont valables jusqu`\u00e0 la publication de l&#8217;offre suivante. Erreurs et variations de prix sous r\u00e9serve. 2. CommandeAvec votre commande vous indiquez votre accord \u00e0 nos termes et conditions. Apr\u00e8s validation de votre commande ... Lire la suite\" \/>\n<meta property=\"og:url\" content=\"https:\/\/manskin.ethos-dev.ch\/fr\/impressum\/allgemeine-geschaeftsbedingungen\/\" \/>\n<meta property=\"og:site_name\" content=\"Manskin.ch\" \/>\n<meta property=\"article:publisher\" content=\"https:\/\/www.facebook.com\/manskin.ch\" \/>\n<meta property=\"article:modified_time\" content=\"2024-09-03T07:03:38+00:00\" \/>\n<meta name=\"twitter:card\" content=\"summary_large_image\" \/>\n<meta name=\"twitter:label1\" content=\"Dur\u00e9e de lecture estim\u00e9e\" \/>\n\t<meta name=\"twitter:data1\" content=\"4 minutes\" \/>\n<script type=\"application\/ld+json\" class=\"yoast-schema-graph\">{\"@context\":\"https:\/\/schema.org\",\"@graph\":[{\"@type\":\"WebPage\",\"@id\":\"https:\/\/manskin.ethos-dev.ch\/fr\/impressum\/allgemeine-geschaeftsbedingungen\/\",\"url\":\"https:\/\/manskin.ethos-dev.ch\/fr\/impressum\/allgemeine-geschaeftsbedingungen\/\",\"name\":\"Conditions g\u00e9n\u00e9rales d'affaires | Manskin.ch\",\"isPartOf\":{\"@id\":\"https:\/\/manskin.ethos-dev.ch\/#website\"},\"datePublished\":\"2022-01-08T16:22:53+00:00\",\"dateModified\":\"2024-09-03T07:03:38+00:00\",\"breadcrumb\":{\"@id\":\"https:\/\/manskin.ethos-dev.ch\/fr\/impressum\/allgemeine-geschaeftsbedingungen\/#breadcrumb\"},\"inLanguage\":\"fr-FR\",\"potentialAction\":[{\"@type\":\"ReadAction\",\"target\":[\"https:\/\/manskin.ethos-dev.ch\/fr\/impressum\/allgemeine-geschaeftsbedingungen\/\"]}]},{\"@type\":\"BreadcrumbList\",\"@id\":\"https:\/\/manskin.ethos-dev.ch\/fr\/impressum\/allgemeine-geschaeftsbedingungen\/#breadcrumb\",\"itemListElement\":[{\"@type\":\"ListItem\",\"position\":1,\"name\":\"Startseite\",\"item\":\"https:\/\/manskin.ethos-dev.ch\/fr\/\"},{\"@type\":\"ListItem\",\"position\":2,\"name\":\"Impressum\",\"item\":\"https:\/\/manskin.ethos-dev.ch\/fr\/impressum\/\"},{\"@type\":\"ListItem\",\"position\":3,\"name\":\"Conditions g\u00e9n\u00e9rales d&#8217;affaires\"}]},{\"@type\":\"WebSite\",\"@id\":\"https:\/\/manskin.ethos-dev.ch\/#website\",\"url\":\"https:\/\/manskin.ethos-dev.ch\/\",\"name\":\"Manskin.ch\",\"description\":\"Tous les produits de beaut\u00e9 pour les hommes les plus exigeants\",\"publisher\":{\"@id\":\"https:\/\/manskin.ethos-dev.ch\/#organization\"},\"potentialAction\":[{\"@type\":\"SearchAction\",\"target\":{\"@type\":\"EntryPoint\",\"urlTemplate\":\"https:\/\/manskin.ethos-dev.ch\/?s={search_term_string}\"},\"query-input\":{\"@type\":\"PropertyValueSpecification\",\"valueRequired\":true,\"valueName\":\"search_term_string\"}}],\"inLanguage\":\"fr-FR\"},{\"@type\":\"Organization\",\"@id\":\"https:\/\/manskin.ethos-dev.ch\/#organization\",\"name\":\"Manskin.ch - der Schweizer Onlineshop f\u00fcr qualit\u00e4tsstarke M\u00e4nnerpflege\",\"url\":\"https:\/\/manskin.ethos-dev.ch\/\",\"logo\":{\"@type\":\"ImageObject\",\"inLanguage\":\"fr-FR\",\"@id\":\"https:\/\/manskin.ethos-dev.ch\/#\/schema\/logo\/image\/\",\"url\":\"https:\/\/manskin.ethos-dev.ch\/wp-content\/uploads\/2021\/04\/cropped-logo_head.png\",\"contentUrl\":\"https:\/\/manskin.ethos-dev.ch\/wp-content\/uploads\/2021\/04\/cropped-logo_head.png\",\"width\":235,\"height\":75,\"caption\":\"Manskin.ch - der Schweizer Onlineshop f\u00fcr qualit\u00e4tsstarke M\u00e4nnerpflege\"},\"image\":{\"@id\":\"https:\/\/manskin.ethos-dev.ch\/#\/schema\/logo\/image\/\"},\"sameAs\":[\"https:\/\/www.facebook.com\/manskin.ch\",\"https:\/\/www.instagram.com\/manskin.ch\/\"]}]}<\/script>\n<!-- \/ Yoast SEO Premium plugin. -->","yoast_head_json":{"title":"Conditions g\u00e9n\u00e9rales d'affaires | Manskin.ch","robots":{"index":"noindex","follow":"follow","max-snippet":"max-snippet:-1","max-image-preview":"max-image-preview:large","max-video-preview":"max-video-preview:-1"},"og_locale":"fr_FR","og_type":"article","og_title":"Conditions g\u00e9n\u00e9rales d'affaires","og_description":"Conditions g\u00e9n\u00e9rales d&#8217;affaires 1. Validit\u00e9Nos offres sont valables en Suisse. Les prix indiqu\u00e9s sont en Francs Suisse et incluent la TVA et sont valables jusqu`\u00e0 la publication de l&#8217;offre suivante. Erreurs et variations de prix sous r\u00e9serve. 2. CommandeAvec votre commande vous indiquez votre accord \u00e0 nos termes et conditions. Apr\u00e8s validation de votre commande ... Lire la suite","og_url":"https:\/\/manskin.ethos-dev.ch\/fr\/impressum\/allgemeine-geschaeftsbedingungen\/","og_site_name":"Manskin.ch","article_publisher":"https:\/\/www.facebook.com\/manskin.ch","article_modified_time":"2024-09-03T07:03:38+00:00","twitter_card":"summary_large_image","twitter_misc":{"Dur\u00e9e de lecture estim\u00e9e":"4 minutes"},"schema":{"@context":"https:\/\/schema.org","@graph":[{"@type":"WebPage","@id":"https:\/\/manskin.ethos-dev.ch\/fr\/impressum\/allgemeine-geschaeftsbedingungen\/","url":"https:\/\/manskin.ethos-dev.ch\/fr\/impressum\/allgemeine-geschaeftsbedingungen\/","name":"Conditions g\u00e9n\u00e9rales d'affaires | Manskin.ch","isPartOf":{"@id":"https:\/\/manskin.ethos-dev.ch\/#website"},"datePublished":"2022-01-08T16:22:53+00:00","dateModified":"2024-09-03T07:03:38+00:00","breadcrumb":{"@id":"https:\/\/manskin.ethos-dev.ch\/fr\/impressum\/allgemeine-geschaeftsbedingungen\/#breadcrumb"},"inLanguage":"fr-FR","potentialAction":[{"@type":"ReadAction","target":["https:\/\/manskin.ethos-dev.ch\/fr\/impressum\/allgemeine-geschaeftsbedingungen\/"]}]},{"@type":"BreadcrumbList","@id":"https:\/\/manskin.ethos-dev.ch\/fr\/impressum\/allgemeine-geschaeftsbedingungen\/#breadcrumb","itemListElement":[{"@type":"ListItem","position":1,"name":"Startseite","item":"https:\/\/manskin.ethos-dev.ch\/fr\/"},{"@type":"ListItem","position":2,"name":"Impressum","item":"https:\/\/manskin.ethos-dev.ch\/fr\/impressum\/"},{"@type":"ListItem","position":3,"name":"Conditions g\u00e9n\u00e9rales d&#8217;affaires"}]},{"@type":"WebSite","@id":"https:\/\/manskin.ethos-dev.ch\/#website","url":"https:\/\/manskin.ethos-dev.ch\/","name":"Manskin.ch","description":"Tous les produits de beaut\u00e9 pour les hommes les plus exigeants","publisher":{"@id":"https:\/\/manskin.ethos-dev.ch\/#organization"},"potentialAction":[{"@type":"SearchAction","target":{"@type":"EntryPoint","urlTemplate":"https:\/\/manskin.ethos-dev.ch\/?s={search_term_string}"},"query-input":{"@type":"PropertyValueSpecification","valueRequired":true,"valueName":"search_term_string"}}],"inLanguage":"fr-FR"},{"@type":"Organization","@id":"https:\/\/manskin.ethos-dev.ch\/#organization","name":"Manskin.ch - der Schweizer Onlineshop f\u00fcr qualit\u00e4tsstarke M\u00e4nnerpflege","url":"https:\/\/manskin.ethos-dev.ch\/","logo":{"@type":"ImageObject","inLanguage":"fr-FR","@id":"https:\/\/manskin.ethos-dev.ch\/#\/schema\/logo\/image\/","url":"https:\/\/manskin.ethos-dev.ch\/wp-content\/uploads\/2021\/04\/cropped-logo_head.png","contentUrl":"https:\/\/manskin.ethos-dev.ch\/wp-content\/uploads\/2021\/04\/cropped-logo_head.png","width":235,"height":75,"caption":"Manskin.ch - der Schweizer Onlineshop f\u00fcr qualit\u00e4tsstarke M\u00e4nnerpflege"},"image":{"@id":"https:\/\/manskin.ethos-dev.ch\/#\/schema\/logo\/image\/"},"sameAs":["https:\/\/www.facebook.com\/manskin.ch","https:\/\/www.instagram.com\/manskin.ch\/"]}]}},"_links":{"self":[{"href":"https:\/\/manskin.ethos-dev.ch\/fr\/wp-json\/wp\/v2\/pages\/9530","targetHints":{"allow":["GET"]}}],"collection":[{"href":"https:\/\/manskin.ethos-dev.ch\/fr\/wp-json\/wp\/v2\/pages"}],"about":[{"href":"https:\/\/manskin.ethos-dev.ch\/fr\/wp-json\/wp\/v2\/types\/page"}],"author":[{"embeddable":true,"href":"https:\/\/manskin.ethos-dev.ch\/fr\/wp-json\/wp\/v2\/users\/1"}],"replies":[{"embeddable":true,"href":"https:\/\/manskin.ethos-dev.ch\/fr\/wp-json\/wp\/v2\/comments?post=9530"}],"version-history":[{"count":0,"href":"https:\/\/manskin.ethos-dev.ch\/fr\/wp-json\/wp\/v2\/pages\/9530\/revisions"}],"up":[{"embeddable":true,"href":"https:\/\/manskin.ethos-dev.ch\/fr\/wp-json\/wp\/v2\/pages\/258"}],"wp:attachment":[{"href":"https:\/\/manskin.ethos-dev.ch\/fr\/wp-json\/wp\/v2\/media?parent=9530"}],"wp:term":[{"taxonomy":"wf_page_folders","embeddable":true,"href":"https:\/\/manskin.ethos-dev.ch\/fr\/wp-json\/wp\/v2\/wf_page_folders?post=9530"}],"curies":[{"name":"wp","href":"https:\/\/api.w.org\/{rel}","templated":true}]}}