{"id":15752,"date":"2022-05-21T21:24:35","date_gmt":"2022-05-21T19:24:35","guid":{"rendered":"https:\/\/manskin.ethos-dev.ch\/?post_type=product&#038;p=15752"},"modified":"2025-06-30T06:46:33","modified_gmt":"2025-06-30T04:46:33","slug":"the-groomed-man-co-face-magnet-scrub","status":"publish","type":"product","link":"https:\/\/manskin.ethos-dev.ch\/fr\/produkt\/the-groomed-man-co-face-magnet-scrub\/","title":{"rendered":"Face Magnet Scrub"},"content":{"rendered":"<h2>The Groomed Man Co. &#8211; Face Magnet Scrub<\/h2>\n<ul>\n<li>L&#8217;exfoliant visage magn\u00e9tique \u00e9limine les cellules mortes et rend la peau lisse et saine.<\/li>\n<li>L&#8217;argile kaolin, la pierre ponce grise et le charbon actif sont m\u00e9lang\u00e9s \u00e0 l&#8217;un des mat\u00e9riaux les plus magn\u00e9tiques au monde: la magn\u00e9tite. Ce mat\u00e9riau est enrichi d&#8217;oxyde de fer. Il absorbe les impuret\u00e9s et les attire pour que ton visage soit doux et propre.<\/li>\n<li>Parfum bois\u00e9, terreux et d&#8217;agrumes.<\/li>\n<\/ul>\n<p>Contenu 10o ml.<\/p>\n","protected":false},"excerpt":{"rendered":"<p>The Groomed Man Co. &#8211; Face Magnet Scrub L&#8217;exfoliant visage magn\u00e9tique \u00e9limine les cellules mortes et rend la peau lisse et saine. L&#8217;argile kaolin, la pierre ponce grise et le charbon actif sont m\u00e9lang\u00e9s \u00e0 l&#8217;un des mat\u00e9riaux les plus magn\u00e9tiques au monde: la magn\u00e9tite. Ce mat\u00e9riau est enrichi d&#8217;oxyde de fer. Il absorbe les &#8230; <a title=\"Face Magnet Scrub\" class=\"read-more\" href=\"https:\/\/manskin.ethos-dev.ch\/fr\/produkt\/the-groomed-man-co-face-magnet-scrub\/\" aria-label=\"En savoir plus sur Face Magnet Scrub\">Lire la suite<\/a><\/p>\n","protected":false},"featured_media":15755,"comment_status":"closed","ping_status":"closed","template":"","meta":{"_acf_changed":false},"pwb-brand":[2797],"product_brand":[],"product_cat":[2331,2346,2347,2348,2718,2433],"product_tag":[],"class_list":{"0":"post-15752","1":"product","2":"type-product","3":"status-publish","4":"has-post-thumbnail","6":"pwb-brand-the-groomed-man-co","7":"product_cat-exfoliants-visage","8":"product_cat-peau-grasse","9":"product_cat-peau-mixte","10":"product_cat-points-noir","11":"product_cat-the-groomed-man-co-fr","12":"product_cat-sales-fr","13":"product_shipping_class-standard-fr","14":"sales-flash-overlay","15":"woocommerce-text-align-center","16":"woocommerce-image-align-center","17":"do-quantity-buttons","18":"has-subscription-plans","20":"first","21":"instock","22":"taxable","23":"shipping-taxable","24":"purchasable","25":"product-type-simple"},"acf":[],"yoast_head":"<!-- This site is optimized with the Yoast SEO Premium plugin v24.8 (Yoast SEO v25.4) - https:\/\/yoast.com\/wordpress\/plugins\/seo\/ -->\n<title>The Groomed Man Co. - Face Magnet Scrub - Exfoliant visage - Manskin.ch<\/title>\n<meta name=\"description\" content=\"L&#039;exfoliant visage magn\u00e9tique \u00e9limine les cellules mortes et rend la peau lisse et saine. La magn\u00e9tite absorbe les impuret\u00e9s et les attire pour que ton visage soit doux et propre.\" \/>\n<meta name=\"robots\" content=\"noindex, follow, max-snippet:-1, max-image-preview:large, max-video-preview:-1\" \/>\n<meta property=\"og:locale\" content=\"fr_FR\" \/>\n<meta property=\"og:type\" content=\"article\" \/>\n<meta property=\"og:title\" content=\"Face Magnet Scrub\" \/>\n<meta property=\"og:description\" content=\"L&#039;exfoliant visage magn\u00e9tique \u00e9limine les cellules mortes et rend la peau lisse et saine. La magn\u00e9tite absorbe les impuret\u00e9s et les attire pour que ton visage soit doux et propre.\" \/>\n<meta property=\"og:url\" content=\"https:\/\/manskin.ethos-dev.ch\/fr\/produkt\/the-groomed-man-co-face-magnet-scrub\/\" \/>\n<meta property=\"og:site_name\" content=\"Manskin.ch\" \/>\n<meta property=\"article:publisher\" content=\"https:\/\/www.facebook.com\/manskin.ch\" \/>\n<meta property=\"article:modified_time\" content=\"2025-06-30T04:46:33+00:00\" \/>\n<meta property=\"og:image\" content=\"https:\/\/manskin.ethos-dev.ch\/wp-content\/uploads\/2022\/05\/Untitled-design-Max-Quality-99.jpg\" \/>\n\t<meta property=\"og:image:width\" content=\"1000\" \/>\n\t<meta property=\"og:image:height\" content=\"1000\" \/>\n\t<meta property=\"og:image:type\" content=\"image\/jpeg\" \/>\n<meta name=\"twitter:card\" content=\"summary_large_image\" \/>\n<meta name=\"twitter:label1\" content=\"Prix\" \/>\n\t<meta name=\"twitter:data1\" content=\"28.90&#067;&#072;&#070;\" \/>\n\t<meta name=\"twitter:label2\" content=\"Disponibilit\u00e9\" \/>\n\t<meta name=\"twitter:data2\" content=\"En stock\" \/>\n<script type=\"application\/ld+json\" class=\"yoast-schema-graph\">{\"@context\":\"https:\/\/schema.org\",\"@graph\":[{\"@type\":\"WebPage\",\"@id\":\"https:\/\/manskin.ethos-dev.ch\/fr\/produkt\/the-groomed-man-co-face-magnet-scrub\/\",\"url\":\"https:\/\/manskin.ethos-dev.ch\/fr\/produkt\/the-groomed-man-co-face-magnet-scrub\/\",\"name\":\"The Groomed Man Co. - Face Magnet Scrub - Exfoliant visage - Manskin.ch\",\"isPartOf\":{\"@id\":\"https:\/\/manskin.ethos-dev.ch\/#website\"},\"primaryImageOfPage\":{\"@id\":\"https:\/\/manskin.ethos-dev.ch\/fr\/produkt\/the-groomed-man-co-face-magnet-scrub\/#primaryimage\"},\"image\":{\"@id\":\"https:\/\/manskin.ethos-dev.ch\/fr\/produkt\/the-groomed-man-co-face-magnet-scrub\/#primaryimage\"},\"thumbnailUrl\":\"https:\/\/manskin.ethos-dev.ch\/wp-content\/uploads\/2022\/05\/Untitled-design-Max-Quality-99.jpg\",\"datePublished\":\"2022-05-21T19:24:35+00:00\",\"dateModified\":\"2025-06-30T04:46:33+00:00\",\"description\":\"L'exfoliant visage magn\u00e9tique \u00e9limine les cellules mortes et rend la peau lisse et saine. La magn\u00e9tite absorbe les impuret\u00e9s et les attire pour que ton visage soit doux et propre.\",\"breadcrumb\":{\"@id\":\"https:\/\/manskin.ethos-dev.ch\/fr\/produkt\/the-groomed-man-co-face-magnet-scrub\/#breadcrumb\"},\"inLanguage\":\"fr-FR\",\"potentialAction\":[{\"@type\":\"ReadAction\",\"target\":[\"https:\/\/manskin.ethos-dev.ch\/fr\/produkt\/the-groomed-man-co-face-magnet-scrub\/\"]}]},{\"@type\":\"ImageObject\",\"inLanguage\":\"fr-FR\",\"@id\":\"https:\/\/manskin.ethos-dev.ch\/fr\/produkt\/the-groomed-man-co-face-magnet-scrub\/#primaryimage\",\"url\":\"https:\/\/manskin.ethos-dev.ch\/wp-content\/uploads\/2022\/05\/Untitled-design-Max-Quality-99.jpg\",\"contentUrl\":\"https:\/\/manskin.ethos-dev.ch\/wp-content\/uploads\/2022\/05\/Untitled-design-Max-Quality-99.jpg\",\"width\":1000,\"height\":1000},{\"@type\":\"BreadcrumbList\",\"@id\":\"https:\/\/manskin.ethos-dev.ch\/fr\/produkt\/the-groomed-man-co-face-magnet-scrub\/#breadcrumb\",\"itemListElement\":[{\"@type\":\"ListItem\",\"position\":1,\"name\":\"Startseite\",\"item\":\"https:\/\/manskin.ethos-dev.ch\/fr\/\"},{\"@type\":\"ListItem\",\"position\":2,\"name\":\"Shop\",\"item\":\"https:\/\/manskin.ethos-dev.ch\/shop\/\"},{\"@type\":\"ListItem\",\"position\":3,\"name\":\"Face Magnet Scrub\"}]},{\"@type\":\"WebSite\",\"@id\":\"https:\/\/manskin.ethos-dev.ch\/#website\",\"url\":\"https:\/\/manskin.ethos-dev.ch\/\",\"name\":\"Manskin.ch\",\"description\":\"Tous les produits de beaut\u00e9 pour les hommes les plus exigeants\",\"publisher\":{\"@id\":\"https:\/\/manskin.ethos-dev.ch\/#organization\"},\"potentialAction\":[{\"@type\":\"SearchAction\",\"target\":{\"@type\":\"EntryPoint\",\"urlTemplate\":\"https:\/\/manskin.ethos-dev.ch\/?s={search_term_string}\"},\"query-input\":{\"@type\":\"PropertyValueSpecification\",\"valueRequired\":true,\"valueName\":\"search_term_string\"}}],\"inLanguage\":\"fr-FR\"},{\"@type\":\"Organization\",\"@id\":\"https:\/\/manskin.ethos-dev.ch\/#organization\",\"name\":\"Manskin.ch - der Schweizer Onlineshop f\u00fcr qualit\u00e4tsstarke M\u00e4nnerpflege\",\"url\":\"https:\/\/manskin.ethos-dev.ch\/\",\"logo\":{\"@type\":\"ImageObject\",\"inLanguage\":\"fr-FR\",\"@id\":\"https:\/\/manskin.ethos-dev.ch\/#\/schema\/logo\/image\/\",\"url\":\"https:\/\/manskin.ethos-dev.ch\/wp-content\/uploads\/2021\/04\/cropped-logo_head.png\",\"contentUrl\":\"https:\/\/manskin.ethos-dev.ch\/wp-content\/uploads\/2021\/04\/cropped-logo_head.png\",\"width\":235,\"height\":75,\"caption\":\"Manskin.ch - der Schweizer Onlineshop f\u00fcr qualit\u00e4tsstarke M\u00e4nnerpflege\"},\"image\":{\"@id\":\"https:\/\/manskin.ethos-dev.ch\/#\/schema\/logo\/image\/\"},\"sameAs\":[\"https:\/\/www.facebook.com\/manskin.ch\",\"https:\/\/www.instagram.com\/manskin.ch\/\"]}]}<\/script>\n<meta property=\"product:price:amount\" content=\"28.90\" \/>\n<meta property=\"product:price:currency\" content=\"CHF\" \/>\n<meta property=\"og:availability\" content=\"instock\" \/>\n<meta property=\"product:availability\" content=\"instock\" \/>\n<meta property=\"product:retailer_item_id\" content=\"13092\" \/>\n<meta property=\"product:condition\" content=\"new\" \/>\n<!-- \/ Yoast SEO Premium plugin. -->","yoast_head_json":{"title":"The Groomed Man Co. - Face Magnet Scrub - Exfoliant visage - Manskin.ch","description":"L'exfoliant visage magn\u00e9tique \u00e9limine les cellules mortes et rend la peau lisse et saine. La magn\u00e9tite absorbe les impuret\u00e9s et les attire pour que ton visage soit doux et propre.","robots":{"index":"noindex","follow":"follow","max-snippet":"max-snippet:-1","max-image-preview":"max-image-preview:large","max-video-preview":"max-video-preview:-1"},"og_locale":"fr_FR","og_type":"article","og_title":"Face Magnet Scrub","og_description":"L'exfoliant visage magn\u00e9tique \u00e9limine les cellules mortes et rend la peau lisse et saine. La magn\u00e9tite absorbe les impuret\u00e9s et les attire pour que ton visage soit doux et propre.","og_url":"https:\/\/manskin.ethos-dev.ch\/fr\/produkt\/the-groomed-man-co-face-magnet-scrub\/","og_site_name":"Manskin.ch","article_publisher":"https:\/\/www.facebook.com\/manskin.ch","article_modified_time":"2025-06-30T04:46:33+00:00","og_image":[{"width":1000,"height":1000,"url":"https:\/\/manskin.ethos-dev.ch\/wp-content\/uploads\/2022\/05\/Untitled-design-Max-Quality-99.jpg","type":"image\/jpeg"}],"twitter_card":"summary_large_image","twitter_misc":{"Prix":"28.90&#67;&#72;&#70;","Disponibilit\u00e9":"En stock"},"schema":{"@context":"https:\/\/schema.org","@graph":[{"@type":"WebPage","@id":"https:\/\/manskin.ethos-dev.ch\/fr\/produkt\/the-groomed-man-co-face-magnet-scrub\/","url":"https:\/\/manskin.ethos-dev.ch\/fr\/produkt\/the-groomed-man-co-face-magnet-scrub\/","name":"The Groomed Man Co. - Face Magnet Scrub - Exfoliant visage - Manskin.ch","isPartOf":{"@id":"https:\/\/manskin.ethos-dev.ch\/#website"},"primaryImageOfPage":{"@id":"https:\/\/manskin.ethos-dev.ch\/fr\/produkt\/the-groomed-man-co-face-magnet-scrub\/#primaryimage"},"image":{"@id":"https:\/\/manskin.ethos-dev.ch\/fr\/produkt\/the-groomed-man-co-face-magnet-scrub\/#primaryimage"},"thumbnailUrl":"https:\/\/manskin.ethos-dev.ch\/wp-content\/uploads\/2022\/05\/Untitled-design-Max-Quality-99.jpg","datePublished":"2022-05-21T19:24:35+00:00","dateModified":"2025-06-30T04:46:33+00:00","description":"L'exfoliant visage magn\u00e9tique \u00e9limine les cellules mortes et rend la peau lisse et saine. La magn\u00e9tite absorbe les impuret\u00e9s et les attire pour que ton visage soit doux et propre.","breadcrumb":{"@id":"https:\/\/manskin.ethos-dev.ch\/fr\/produkt\/the-groomed-man-co-face-magnet-scrub\/#breadcrumb"},"inLanguage":"fr-FR","potentialAction":[{"@type":"ReadAction","target":["https:\/\/manskin.ethos-dev.ch\/fr\/produkt\/the-groomed-man-co-face-magnet-scrub\/"]}]},{"@type":"ImageObject","inLanguage":"fr-FR","@id":"https:\/\/manskin.ethos-dev.ch\/fr\/produkt\/the-groomed-man-co-face-magnet-scrub\/#primaryimage","url":"https:\/\/manskin.ethos-dev.ch\/wp-content\/uploads\/2022\/05\/Untitled-design-Max-Quality-99.jpg","contentUrl":"https:\/\/manskin.ethos-dev.ch\/wp-content\/uploads\/2022\/05\/Untitled-design-Max-Quality-99.jpg","width":1000,"height":1000},{"@type":"BreadcrumbList","@id":"https:\/\/manskin.ethos-dev.ch\/fr\/produkt\/the-groomed-man-co-face-magnet-scrub\/#breadcrumb","itemListElement":[{"@type":"ListItem","position":1,"name":"Startseite","item":"https:\/\/manskin.ethos-dev.ch\/fr\/"},{"@type":"ListItem","position":2,"name":"Shop","item":"https:\/\/manskin.ethos-dev.ch\/shop\/"},{"@type":"ListItem","position":3,"name":"Face Magnet Scrub"}]},{"@type":"WebSite","@id":"https:\/\/manskin.ethos-dev.ch\/#website","url":"https:\/\/manskin.ethos-dev.ch\/","name":"Manskin.ch","description":"Tous les produits de beaut\u00e9 pour les hommes les plus exigeants","publisher":{"@id":"https:\/\/manskin.ethos-dev.ch\/#organization"},"potentialAction":[{"@type":"SearchAction","target":{"@type":"EntryPoint","urlTemplate":"https:\/\/manskin.ethos-dev.ch\/?s={search_term_string}"},"query-input":{"@type":"PropertyValueSpecification","valueRequired":true,"valueName":"search_term_string"}}],"inLanguage":"fr-FR"},{"@type":"Organization","@id":"https:\/\/manskin.ethos-dev.ch\/#organization","name":"Manskin.ch - der Schweizer Onlineshop f\u00fcr qualit\u00e4tsstarke M\u00e4nnerpflege","url":"https:\/\/manskin.ethos-dev.ch\/","logo":{"@type":"ImageObject","inLanguage":"fr-FR","@id":"https:\/\/manskin.ethos-dev.ch\/#\/schema\/logo\/image\/","url":"https:\/\/manskin.ethos-dev.ch\/wp-content\/uploads\/2021\/04\/cropped-logo_head.png","contentUrl":"https:\/\/manskin.ethos-dev.ch\/wp-content\/uploads\/2021\/04\/cropped-logo_head.png","width":235,"height":75,"caption":"Manskin.ch - der Schweizer Onlineshop f\u00fcr qualit\u00e4tsstarke M\u00e4nnerpflege"},"image":{"@id":"https:\/\/manskin.ethos-dev.ch\/#\/schema\/logo\/image\/"},"sameAs":["https:\/\/www.facebook.com\/manskin.ch","https:\/\/www.instagram.com\/manskin.ch\/"]}]},"product_price_amount":"28.90","product_price_currency":"CHF","og_availability":"instock","product_availability":"instock","product_retailer_item_id":"13092","product_condition":"new"},"brands":[{"id":2797,"name":"The Groomed Man Co.","slug":"the-groomed-man-co"}],"_links":{"self":[{"href":"https:\/\/manskin.ethos-dev.ch\/fr\/wp-json\/wp\/v2\/product\/15752","targetHints":{"allow":["GET"]}}],"collection":[{"href":"https:\/\/manskin.ethos-dev.ch\/fr\/wp-json\/wp\/v2\/product"}],"about":[{"href":"https:\/\/manskin.ethos-dev.ch\/fr\/wp-json\/wp\/v2\/types\/product"}],"replies":[{"embeddable":true,"href":"https:\/\/manskin.ethos-dev.ch\/fr\/wp-json\/wp\/v2\/comments?post=15752"}],"wp:featuredmedia":[{"embeddable":true,"href":"https:\/\/manskin.ethos-dev.ch\/fr\/wp-json\/wp\/v2\/media\/15755"}],"wp:attachment":[{"href":"https:\/\/manskin.ethos-dev.ch\/fr\/wp-json\/wp\/v2\/media?parent=15752"}],"wp:term":[{"taxonomy":"pwb-brand","embeddable":true,"href":"https:\/\/manskin.ethos-dev.ch\/fr\/wp-json\/wp\/v2\/pwb-brand?post=15752"},{"taxonomy":"product_brand","embeddable":true,"href":"https:\/\/manskin.ethos-dev.ch\/fr\/wp-json\/wp\/v2\/product_brand?post=15752"},{"taxonomy":"product_cat","embeddable":true,"href":"https:\/\/manskin.ethos-dev.ch\/fr\/wp-json\/wp\/v2\/product_cat?post=15752"},{"taxonomy":"product_tag","embeddable":true,"href":"https:\/\/manskin.ethos-dev.ch\/fr\/wp-json\/wp\/v2\/product_tag?post=15752"}],"curies":[{"name":"wp","href":"https:\/\/api.w.org\/{rel}","templated":true}]}}