{"id":15770,"date":"2022-05-22T09:27:09","date_gmt":"2022-05-22T07:27:09","guid":{"rendered":"https:\/\/manskin.ethos-dev.ch\/?post_type=product&#038;p=15770"},"modified":"2025-04-21T12:43:24","modified_gmt":"2025-04-21T10:43:24","slug":"the-groomed-man-co-smooth-operator-face-moisturiser","status":"publish","type":"product","link":"https:\/\/manskin.ethos-dev.ch\/fr\/produkt\/the-groomed-man-co-smooth-operator-face-moisturiser\/","title":{"rendered":"Smooth Operator Face Moisturiser"},"content":{"rendered":"<h2>The Groomed Man Co. &#8211; Smooth Operator Face Moisturiser<\/h2>\n<ul>\n<li>L&#8217;hydratant pour visage Smooth Operator combine une hydratation maximale et une brillance minimale.<\/li>\n<li>Il contient du charbon actif (pour absorber l&#8217;exc\u00e8s de s\u00e9bum), de l&#8217;extrait de th\u00e9 noir (pour les antioxydants) et de l&#8217;huile de pracaxi (un \u00e9mollient naturel tr\u00e8s efficace).<\/li>\n<li>Le r\u00e9sultat est un fini lisse et mat pendant jusqu&#8217;\u00e0 12 heures.<\/li>\n<li>Hydrate toute la journ\u00e9e, lutte contre la peau s\u00e8che, contr\u00f4le l&#8217;huile. Fini mat, pas de brillance.<\/li>\n<\/ul>\n<p>Contenu 100 ml.<\/p>\n","protected":false},"excerpt":{"rendered":"<p>The Groomed Man Co. &#8211; Smooth Operator Face Moisturiser L&#8217;hydratant pour visage Smooth Operator combine une hydratation maximale et une brillance minimale. Il contient du charbon actif (pour absorber l&#8217;exc\u00e8s de s\u00e9bum), de l&#8217;extrait de th\u00e9 noir (pour les antioxydants) et de l&#8217;huile de pracaxi (un \u00e9mollient naturel tr\u00e8s efficace). Le r\u00e9sultat est un fini &#8230; <a title=\"Smooth Operator Face Moisturiser\" class=\"read-more\" href=\"https:\/\/manskin.ethos-dev.ch\/fr\/produkt\/the-groomed-man-co-smooth-operator-face-moisturiser\/\" aria-label=\"En savoir plus sur Smooth Operator Face Moisturiser\">Lire la suite<\/a><\/p>\n","protected":false},"featured_media":22087,"comment_status":"closed","ping_status":"closed","template":"","meta":{"_acf_changed":false},"pwb-brand":[2797],"product_brand":[],"product_cat":[2329,2346,2347,2352,2718,2433],"product_tag":[],"class_list":{"0":"post-15770","1":"product","2":"type-product","3":"status-publish","4":"has-post-thumbnail","6":"pwb-brand-the-groomed-man-co","7":"product_cat-hydratants","8":"product_cat-peau-grasse","9":"product_cat-peau-mixte","10":"product_cat-peau-seche","11":"product_cat-the-groomed-man-co-fr","12":"product_cat-sales-fr","13":"product_shipping_class-standard-fr","14":"sales-flash-overlay","15":"woocommerce-text-align-center","16":"woocommerce-image-align-center","17":"do-quantity-buttons","18":"has-subscription-plans","20":"first","21":"instock","22":"taxable","23":"shipping-taxable","24":"purchasable","25":"product-type-simple"},"acf":[],"yoast_head":"<!-- This site is optimized with the Yoast SEO Premium plugin v24.8 (Yoast SEO v25.4) - https:\/\/yoast.com\/wordpress\/plugins\/seo\/ -->\n<title>The Groomed Man Co. - Smooth Operator Face Moisturiser<\/title>\n<meta name=\"description\" content=\"L&#039;hydratant Smooth Operator combine une hydratation maximale et une brillance minimale. Contient du charbon actif pour \u00e9liminer l&#039;exc\u00e8s de s\u00e9bum\" \/>\n<meta name=\"robots\" content=\"noindex, follow, max-snippet:-1, max-image-preview:large, max-video-preview:-1\" \/>\n<meta property=\"og:locale\" content=\"fr_FR\" \/>\n<meta property=\"og:type\" content=\"article\" \/>\n<meta property=\"og:title\" content=\"Smooth Operator Face Moisturiser\" \/>\n<meta property=\"og:description\" content=\"L&#039;hydratant Smooth Operator combine une hydratation maximale et une brillance minimale. Contient du charbon actif pour \u00e9liminer l&#039;exc\u00e8s de s\u00e9bum\" \/>\n<meta property=\"og:url\" content=\"https:\/\/manskin.ethos-dev.ch\/fr\/produkt\/the-groomed-man-co-smooth-operator-face-moisturiser\/\" \/>\n<meta property=\"og:site_name\" content=\"Manskin.ch\" \/>\n<meta property=\"article:publisher\" content=\"https:\/\/www.facebook.com\/manskin.ch\" \/>\n<meta property=\"article:modified_time\" content=\"2025-04-21T10:43:24+00:00\" \/>\n<meta property=\"og:image\" content=\"https:\/\/manskin.ethos-dev.ch\/wp-content\/uploads\/2022\/05\/smooth.jpg\" \/>\n\t<meta property=\"og:image:width\" content=\"600\" \/>\n\t<meta property=\"og:image:height\" content=\"600\" \/>\n\t<meta property=\"og:image:type\" content=\"image\/jpeg\" \/>\n<meta name=\"twitter:card\" content=\"summary_large_image\" \/>\n<meta name=\"twitter:label1\" content=\"Prix\" \/>\n\t<meta name=\"twitter:data1\" content=\"29.90&#067;&#072;&#070;\" \/>\n\t<meta name=\"twitter:label2\" content=\"Disponibilit\u00e9\" \/>\n\t<meta name=\"twitter:data2\" content=\"En stock\" \/>\n<script type=\"application\/ld+json\" class=\"yoast-schema-graph\">{\"@context\":\"https:\/\/schema.org\",\"@graph\":[{\"@type\":\"WebPage\",\"@id\":\"https:\/\/manskin.ethos-dev.ch\/fr\/produkt\/the-groomed-man-co-smooth-operator-face-moisturiser\/\",\"url\":\"https:\/\/manskin.ethos-dev.ch\/fr\/produkt\/the-groomed-man-co-smooth-operator-face-moisturiser\/\",\"name\":\"The Groomed Man Co. - Smooth Operator Face Moisturiser\",\"isPartOf\":{\"@id\":\"https:\/\/manskin.ethos-dev.ch\/#website\"},\"primaryImageOfPage\":{\"@id\":\"https:\/\/manskin.ethos-dev.ch\/fr\/produkt\/the-groomed-man-co-smooth-operator-face-moisturiser\/#primaryimage\"},\"image\":{\"@id\":\"https:\/\/manskin.ethos-dev.ch\/fr\/produkt\/the-groomed-man-co-smooth-operator-face-moisturiser\/#primaryimage\"},\"thumbnailUrl\":\"https:\/\/manskin.ethos-dev.ch\/wp-content\/uploads\/2022\/05\/smooth.jpg\",\"datePublished\":\"2022-05-22T07:27:09+00:00\",\"dateModified\":\"2025-04-21T10:43:24+00:00\",\"description\":\"L'hydratant Smooth Operator combine une hydratation maximale et une brillance minimale. Contient du charbon actif pour \u00e9liminer l'exc\u00e8s de s\u00e9bum\",\"breadcrumb\":{\"@id\":\"https:\/\/manskin.ethos-dev.ch\/fr\/produkt\/the-groomed-man-co-smooth-operator-face-moisturiser\/#breadcrumb\"},\"inLanguage\":\"fr-FR\",\"potentialAction\":[{\"@type\":\"ReadAction\",\"target\":[\"https:\/\/manskin.ethos-dev.ch\/fr\/produkt\/the-groomed-man-co-smooth-operator-face-moisturiser\/\"]}]},{\"@type\":\"ImageObject\",\"inLanguage\":\"fr-FR\",\"@id\":\"https:\/\/manskin.ethos-dev.ch\/fr\/produkt\/the-groomed-man-co-smooth-operator-face-moisturiser\/#primaryimage\",\"url\":\"https:\/\/manskin.ethos-dev.ch\/wp-content\/uploads\/2022\/05\/smooth.jpg\",\"contentUrl\":\"https:\/\/manskin.ethos-dev.ch\/wp-content\/uploads\/2022\/05\/smooth.jpg\",\"width\":600,\"height\":600},{\"@type\":\"BreadcrumbList\",\"@id\":\"https:\/\/manskin.ethos-dev.ch\/fr\/produkt\/the-groomed-man-co-smooth-operator-face-moisturiser\/#breadcrumb\",\"itemListElement\":[{\"@type\":\"ListItem\",\"position\":1,\"name\":\"Startseite\",\"item\":\"https:\/\/manskin.ethos-dev.ch\/fr\/\"},{\"@type\":\"ListItem\",\"position\":2,\"name\":\"Shop\",\"item\":\"https:\/\/manskin.ethos-dev.ch\/shop\/\"},{\"@type\":\"ListItem\",\"position\":3,\"name\":\"Smooth Operator Face Moisturiser\"}]},{\"@type\":\"WebSite\",\"@id\":\"https:\/\/manskin.ethos-dev.ch\/#website\",\"url\":\"https:\/\/manskin.ethos-dev.ch\/\",\"name\":\"Manskin.ch\",\"description\":\"Tous les produits de beaut\u00e9 pour les hommes les plus exigeants\",\"publisher\":{\"@id\":\"https:\/\/manskin.ethos-dev.ch\/#organization\"},\"potentialAction\":[{\"@type\":\"SearchAction\",\"target\":{\"@type\":\"EntryPoint\",\"urlTemplate\":\"https:\/\/manskin.ethos-dev.ch\/?s={search_term_string}\"},\"query-input\":{\"@type\":\"PropertyValueSpecification\",\"valueRequired\":true,\"valueName\":\"search_term_string\"}}],\"inLanguage\":\"fr-FR\"},{\"@type\":\"Organization\",\"@id\":\"https:\/\/manskin.ethos-dev.ch\/#organization\",\"name\":\"Manskin.ch - der Schweizer Onlineshop f\u00fcr qualit\u00e4tsstarke M\u00e4nnerpflege\",\"url\":\"https:\/\/manskin.ethos-dev.ch\/\",\"logo\":{\"@type\":\"ImageObject\",\"inLanguage\":\"fr-FR\",\"@id\":\"https:\/\/manskin.ethos-dev.ch\/#\/schema\/logo\/image\/\",\"url\":\"https:\/\/manskin.ethos-dev.ch\/wp-content\/uploads\/2021\/04\/cropped-logo_head.png\",\"contentUrl\":\"https:\/\/manskin.ethos-dev.ch\/wp-content\/uploads\/2021\/04\/cropped-logo_head.png\",\"width\":235,\"height\":75,\"caption\":\"Manskin.ch - der Schweizer Onlineshop f\u00fcr qualit\u00e4tsstarke M\u00e4nnerpflege\"},\"image\":{\"@id\":\"https:\/\/manskin.ethos-dev.ch\/#\/schema\/logo\/image\/\"},\"sameAs\":[\"https:\/\/www.facebook.com\/manskin.ch\",\"https:\/\/www.instagram.com\/manskin.ch\/\"]}]}<\/script>\n<meta property=\"product:price:amount\" content=\"29.90\" \/>\n<meta property=\"product:price:currency\" content=\"CHF\" \/>\n<meta property=\"og:availability\" content=\"instock\" \/>\n<meta property=\"product:availability\" content=\"instock\" \/>\n<meta property=\"product:retailer_item_id\" content=\"13094\" \/>\n<meta property=\"product:condition\" content=\"new\" \/>\n<!-- \/ Yoast SEO Premium plugin. -->","yoast_head_json":{"title":"The Groomed Man Co. - Smooth Operator Face Moisturiser","description":"L'hydratant Smooth Operator combine une hydratation maximale et une brillance minimale. Contient du charbon actif pour \u00e9liminer l'exc\u00e8s de s\u00e9bum","robots":{"index":"noindex","follow":"follow","max-snippet":"max-snippet:-1","max-image-preview":"max-image-preview:large","max-video-preview":"max-video-preview:-1"},"og_locale":"fr_FR","og_type":"article","og_title":"Smooth Operator Face Moisturiser","og_description":"L'hydratant Smooth Operator combine une hydratation maximale et une brillance minimale. Contient du charbon actif pour \u00e9liminer l'exc\u00e8s de s\u00e9bum","og_url":"https:\/\/manskin.ethos-dev.ch\/fr\/produkt\/the-groomed-man-co-smooth-operator-face-moisturiser\/","og_site_name":"Manskin.ch","article_publisher":"https:\/\/www.facebook.com\/manskin.ch","article_modified_time":"2025-04-21T10:43:24+00:00","og_image":[{"width":600,"height":600,"url":"https:\/\/manskin.ethos-dev.ch\/wp-content\/uploads\/2022\/05\/smooth.jpg","type":"image\/jpeg"}],"twitter_card":"summary_large_image","twitter_misc":{"Prix":"29.90&#67;&#72;&#70;","Disponibilit\u00e9":"En stock"},"schema":{"@context":"https:\/\/schema.org","@graph":[{"@type":"WebPage","@id":"https:\/\/manskin.ethos-dev.ch\/fr\/produkt\/the-groomed-man-co-smooth-operator-face-moisturiser\/","url":"https:\/\/manskin.ethos-dev.ch\/fr\/produkt\/the-groomed-man-co-smooth-operator-face-moisturiser\/","name":"The Groomed Man Co. - Smooth Operator Face Moisturiser","isPartOf":{"@id":"https:\/\/manskin.ethos-dev.ch\/#website"},"primaryImageOfPage":{"@id":"https:\/\/manskin.ethos-dev.ch\/fr\/produkt\/the-groomed-man-co-smooth-operator-face-moisturiser\/#primaryimage"},"image":{"@id":"https:\/\/manskin.ethos-dev.ch\/fr\/produkt\/the-groomed-man-co-smooth-operator-face-moisturiser\/#primaryimage"},"thumbnailUrl":"https:\/\/manskin.ethos-dev.ch\/wp-content\/uploads\/2022\/05\/smooth.jpg","datePublished":"2022-05-22T07:27:09+00:00","dateModified":"2025-04-21T10:43:24+00:00","description":"L'hydratant Smooth Operator combine une hydratation maximale et une brillance minimale. Contient du charbon actif pour \u00e9liminer l'exc\u00e8s de s\u00e9bum","breadcrumb":{"@id":"https:\/\/manskin.ethos-dev.ch\/fr\/produkt\/the-groomed-man-co-smooth-operator-face-moisturiser\/#breadcrumb"},"inLanguage":"fr-FR","potentialAction":[{"@type":"ReadAction","target":["https:\/\/manskin.ethos-dev.ch\/fr\/produkt\/the-groomed-man-co-smooth-operator-face-moisturiser\/"]}]},{"@type":"ImageObject","inLanguage":"fr-FR","@id":"https:\/\/manskin.ethos-dev.ch\/fr\/produkt\/the-groomed-man-co-smooth-operator-face-moisturiser\/#primaryimage","url":"https:\/\/manskin.ethos-dev.ch\/wp-content\/uploads\/2022\/05\/smooth.jpg","contentUrl":"https:\/\/manskin.ethos-dev.ch\/wp-content\/uploads\/2022\/05\/smooth.jpg","width":600,"height":600},{"@type":"BreadcrumbList","@id":"https:\/\/manskin.ethos-dev.ch\/fr\/produkt\/the-groomed-man-co-smooth-operator-face-moisturiser\/#breadcrumb","itemListElement":[{"@type":"ListItem","position":1,"name":"Startseite","item":"https:\/\/manskin.ethos-dev.ch\/fr\/"},{"@type":"ListItem","position":2,"name":"Shop","item":"https:\/\/manskin.ethos-dev.ch\/shop\/"},{"@type":"ListItem","position":3,"name":"Smooth Operator Face Moisturiser"}]},{"@type":"WebSite","@id":"https:\/\/manskin.ethos-dev.ch\/#website","url":"https:\/\/manskin.ethos-dev.ch\/","name":"Manskin.ch","description":"Tous les produits de beaut\u00e9 pour les hommes les plus exigeants","publisher":{"@id":"https:\/\/manskin.ethos-dev.ch\/#organization"},"potentialAction":[{"@type":"SearchAction","target":{"@type":"EntryPoint","urlTemplate":"https:\/\/manskin.ethos-dev.ch\/?s={search_term_string}"},"query-input":{"@type":"PropertyValueSpecification","valueRequired":true,"valueName":"search_term_string"}}],"inLanguage":"fr-FR"},{"@type":"Organization","@id":"https:\/\/manskin.ethos-dev.ch\/#organization","name":"Manskin.ch - der Schweizer Onlineshop f\u00fcr qualit\u00e4tsstarke M\u00e4nnerpflege","url":"https:\/\/manskin.ethos-dev.ch\/","logo":{"@type":"ImageObject","inLanguage":"fr-FR","@id":"https:\/\/manskin.ethos-dev.ch\/#\/schema\/logo\/image\/","url":"https:\/\/manskin.ethos-dev.ch\/wp-content\/uploads\/2021\/04\/cropped-logo_head.png","contentUrl":"https:\/\/manskin.ethos-dev.ch\/wp-content\/uploads\/2021\/04\/cropped-logo_head.png","width":235,"height":75,"caption":"Manskin.ch - der Schweizer Onlineshop f\u00fcr qualit\u00e4tsstarke M\u00e4nnerpflege"},"image":{"@id":"https:\/\/manskin.ethos-dev.ch\/#\/schema\/logo\/image\/"},"sameAs":["https:\/\/www.facebook.com\/manskin.ch","https:\/\/www.instagram.com\/manskin.ch\/"]}]},"product_price_amount":"29.90","product_price_currency":"CHF","og_availability":"instock","product_availability":"instock","product_retailer_item_id":"13094","product_condition":"new"},"brands":[{"id":2797,"name":"The Groomed Man Co.","slug":"the-groomed-man-co"}],"_links":{"self":[{"href":"https:\/\/manskin.ethos-dev.ch\/fr\/wp-json\/wp\/v2\/product\/15770","targetHints":{"allow":["GET"]}}],"collection":[{"href":"https:\/\/manskin.ethos-dev.ch\/fr\/wp-json\/wp\/v2\/product"}],"about":[{"href":"https:\/\/manskin.ethos-dev.ch\/fr\/wp-json\/wp\/v2\/types\/product"}],"replies":[{"embeddable":true,"href":"https:\/\/manskin.ethos-dev.ch\/fr\/wp-json\/wp\/v2\/comments?post=15770"}],"wp:featuredmedia":[{"embeddable":true,"href":"https:\/\/manskin.ethos-dev.ch\/fr\/wp-json\/wp\/v2\/media\/22087"}],"wp:attachment":[{"href":"https:\/\/manskin.ethos-dev.ch\/fr\/wp-json\/wp\/v2\/media?parent=15770"}],"wp:term":[{"taxonomy":"pwb-brand","embeddable":true,"href":"https:\/\/manskin.ethos-dev.ch\/fr\/wp-json\/wp\/v2\/pwb-brand?post=15770"},{"taxonomy":"product_brand","embeddable":true,"href":"https:\/\/manskin.ethos-dev.ch\/fr\/wp-json\/wp\/v2\/product_brand?post=15770"},{"taxonomy":"product_cat","embeddable":true,"href":"https:\/\/manskin.ethos-dev.ch\/fr\/wp-json\/wp\/v2\/product_cat?post=15770"},{"taxonomy":"product_tag","embeddable":true,"href":"https:\/\/manskin.ethos-dev.ch\/fr\/wp-json\/wp\/v2\/product_tag?post=15770"}],"curies":[{"name":"wp","href":"https:\/\/api.w.org\/{rel}","templated":true}]}}