{"id":15980,"date":"2022-01-08T12:15:21","date_gmt":"2022-01-08T11:15:21","guid":{"rendered":"https:\/\/manskin.ethos-dev.ch\/produkt\/muehle-blaireau-de-voyage-silvertip-fibre\/"},"modified":"2025-05-21T12:43:08","modified_gmt":"2025-05-21T10:43:08","slug":"muehle-blaireau-de-voyage-chrome","status":"publish","type":"product","link":"https:\/\/manskin.ethos-dev.ch\/fr\/produkt\/muehle-blaireau-de-voyage-chrome\/","title":{"rendered":"M\u00dcHLE &#8211; Blaireau de voyage chrom\u00e9"},"content":{"rendered":"<h2>M\u00dcHLE \u2013 Pinceau de voyage, avec\u00a0Silvertip Fibre\u00ae, poign\u00e9e chrom\u00e9<\/h2>\n<ul>\n<li>Pinceau de rasage en poils Silvertip Fibre\u00ae<\/li>\n<li>Taille de l\u2019anneau M = 21 mm \u00e0 d\u00e9visser<\/li>\n<li>Poign\u00e9es en m\u00e9tal avec inserts chrom\u00e9s pour une touche m\u00e9tallique<\/li>\n<\/ul>\n<div>La T\u00eate de Pinceau \u2013 Silvertip Fibre\u00ae:<\/div>\n<div><\/div>\n<div>Silvertip Fibre\u00ae \u2013 ces fibres synth\u00e9tiques haut de gamme r\u00e9alis\u00e9es par M\u00dcHLE sont une innovation mondiale. C\u2019est un produit synth\u00e9tique haut de gamme, dont les caract\u00e9ristiques sont identiques \u00e0 celles du tr\u00e8s pr\u00e9cieux poil de blaireau pur-argent\u00e9.<\/div>\n<div><\/div>\n<div>La majorit\u00e9 des utilisateurs pense d\u2019ailleurs que la qualit\u00e9 de ce produit synth\u00e9tique, est encore sup\u00e9rieure \u00e0 celle du produit naturel. \u201cSilvertip Fibre\u00ae\u201d dispose d\u2019extr\u00e9mit\u00e9s tr\u00e8s souples, mais offre une meilleure rigidit\u00e9 sur les parties m\u00e9dianes des poils.<\/div>\n<div><\/div>\n<div>Ces caract\u00e9ristiques assurent un sentiment de douceur incomparable lors de l\u2019application de la mousse sur le visage, sans pour autant manquer de rigidit\u00e9 au moment de faire mousser le savon. Au quotidien ces fibres, \u00e9galement mont\u00e9es manuellement, sont moins sensibles que les poils naturels dans la mesure o\u00f9 elles s\u00e8chent plus vite et sont plus r\u00e9sistantes face aux savons ou cr\u00e8mes de rasage.<\/div>\n<div><\/div>\n<div>De plus cette fibre totalement artificielle est plus facile et \u00e9conome \u00e0 utiliser, \u00e9tant donn\u00e9 qu\u2019elle permet d\u2019obtenir une mousse particuli\u00e8rement volumineuse et homog\u00e8ne \u00e0 partir d\u2019une quantit\u00e9 de savon ou de cr\u00e8me nettement plus r\u00e9duite.<\/div>\n","protected":false},"excerpt":{"rendered":"<p>Avec Silvertip Fibre\u00ae synth\u00e9tique<\/p>\n","protected":false},"featured_media":2017,"comment_status":"closed","ping_status":"closed","template":"","meta":{"_acf_changed":false},"pwb-brand":[2769],"product_brand":[],"product_cat":[2911,2412,2425],"product_tag":[],"class_list":{"0":"post-15980","1":"product","2":"type-product","3":"status-publish","4":"has-post-thumbnail","6":"pwb-brand-muehle","7":"product_cat-travel-sport","8":"product_cat-muehle-fr","9":"product_cat-blaireau-new","10":"product_shipping_class-standard-fr","11":"pa_hersteller-muehle-fr-2","12":"sales-flash-overlay","13":"woocommerce-text-align-center","14":"woocommerce-image-align-center","15":"do-quantity-buttons","16":"has-subscription-plans","18":"first","19":"instock","20":"purchasable","21":"product-type-simple"},"acf":[],"yoast_head":"<!-- This site is optimized with the Yoast SEO Premium plugin v24.8 (Yoast SEO v25.4) - https:\/\/yoast.com\/wordpress\/plugins\/seo\/ -->\n<title>Pinceau de rasage de voyage M\u00fchle | Manskin.ch<\/title>\n<meta name=\"description\" content=\"Le pinceau de rasage de voyage M\u00fchle convainc par sa fibre Silvertip Fibre\u00ae de haute qualit\u00e9. Procure-toi cette qualit\u00e9 premium pour tes d\u00e9placements!\" \/>\n<meta name=\"robots\" content=\"noindex, follow, max-snippet:-1, max-image-preview:large, max-video-preview:-1\" \/>\n<meta property=\"og:locale\" content=\"fr_FR\" \/>\n<meta property=\"og:type\" content=\"article\" \/>\n<meta property=\"og:title\" content=\"M\u00dcHLE - Blaireau de voyage chrom\u00e9\" \/>\n<meta property=\"og:description\" content=\"Le pinceau de rasage de voyage M\u00fchle convainc par sa fibre Silvertip Fibre\u00ae de haute qualit\u00e9. Procure-toi cette qualit\u00e9 premium pour tes d\u00e9placements!\" \/>\n<meta property=\"og:url\" content=\"https:\/\/manskin.ethos-dev.ch\/fr\/produkt\/muehle-blaireau-de-voyage-chrome\/\" \/>\n<meta property=\"og:site_name\" content=\"Manskin.ch\" \/>\n<meta property=\"article:publisher\" content=\"https:\/\/www.facebook.com\/manskin.ch\" \/>\n<meta property=\"article:modified_time\" content=\"2025-05-21T10:43:08+00:00\" \/>\n<meta property=\"og:image\" content=\"https:\/\/manskin.ethos-dev.ch\/wp-content\/uploads\/2022\/01\/575_0.jpg\" \/>\n\t<meta property=\"og:image:width\" content=\"650\" \/>\n\t<meta property=\"og:image:height\" content=\"650\" \/>\n\t<meta property=\"og:image:type\" content=\"image\/jpeg\" \/>\n<meta name=\"twitter:card\" content=\"summary_large_image\" \/>\n<meta name=\"twitter:label1\" content=\"Prix\" \/>\n\t<meta name=\"twitter:data1\" content=\"54.00&#067;&#072;&#070;\" \/>\n\t<meta name=\"twitter:label2\" content=\"Disponibilit\u00e9\" \/>\n\t<meta name=\"twitter:data2\" content=\"En stock\" \/>\n<script type=\"application\/ld+json\" class=\"yoast-schema-graph\">{\"@context\":\"https:\/\/schema.org\",\"@graph\":[{\"@type\":\"WebPage\",\"@id\":\"https:\/\/manskin.ethos-dev.ch\/fr\/produkt\/muehle-blaireau-de-voyage-chrome\/\",\"url\":\"https:\/\/manskin.ethos-dev.ch\/fr\/produkt\/muehle-blaireau-de-voyage-chrome\/\",\"name\":\"Pinceau de rasage de voyage M\u00fchle | Manskin.ch\",\"isPartOf\":{\"@id\":\"https:\/\/manskin.ethos-dev.ch\/#website\"},\"primaryImageOfPage\":{\"@id\":\"https:\/\/manskin.ethos-dev.ch\/fr\/produkt\/muehle-blaireau-de-voyage-chrome\/#primaryimage\"},\"image\":{\"@id\":\"https:\/\/manskin.ethos-dev.ch\/fr\/produkt\/muehle-blaireau-de-voyage-chrome\/#primaryimage\"},\"thumbnailUrl\":\"https:\/\/manskin.ethos-dev.ch\/wp-content\/uploads\/2022\/01\/575_0.jpg\",\"datePublished\":\"2022-01-08T11:15:21+00:00\",\"dateModified\":\"2025-05-21T10:43:08+00:00\",\"description\":\"Le pinceau de rasage de voyage M\u00fchle convainc par sa fibre Silvertip Fibre\u00ae de haute qualit\u00e9. Procure-toi cette qualit\u00e9 premium pour tes d\u00e9placements!\",\"breadcrumb\":{\"@id\":\"https:\/\/manskin.ethos-dev.ch\/fr\/produkt\/muehle-blaireau-de-voyage-chrome\/#breadcrumb\"},\"inLanguage\":\"fr-FR\",\"potentialAction\":[{\"@type\":\"ReadAction\",\"target\":[\"https:\/\/manskin.ethos-dev.ch\/fr\/produkt\/muehle-blaireau-de-voyage-chrome\/\"]}]},{\"@type\":\"ImageObject\",\"inLanguage\":\"fr-FR\",\"@id\":\"https:\/\/manskin.ethos-dev.ch\/fr\/produkt\/muehle-blaireau-de-voyage-chrome\/#primaryimage\",\"url\":\"https:\/\/manskin.ethos-dev.ch\/wp-content\/uploads\/2022\/01\/575_0.jpg\",\"contentUrl\":\"https:\/\/manskin.ethos-dev.ch\/wp-content\/uploads\/2022\/01\/575_0.jpg\",\"width\":650,\"height\":650},{\"@type\":\"BreadcrumbList\",\"@id\":\"https:\/\/manskin.ethos-dev.ch\/fr\/produkt\/muehle-blaireau-de-voyage-chrome\/#breadcrumb\",\"itemListElement\":[{\"@type\":\"ListItem\",\"position\":1,\"name\":\"Startseite\",\"item\":\"https:\/\/manskin.ethos-dev.ch\/fr\/\"},{\"@type\":\"ListItem\",\"position\":2,\"name\":\"Shop\",\"item\":\"https:\/\/manskin.ethos-dev.ch\/shop\/\"},{\"@type\":\"ListItem\",\"position\":3,\"name\":\"M\u00dcHLE &#8211; Blaireau de voyage chrom\u00e9\"}]},{\"@type\":\"WebSite\",\"@id\":\"https:\/\/manskin.ethos-dev.ch\/#website\",\"url\":\"https:\/\/manskin.ethos-dev.ch\/\",\"name\":\"Manskin.ch\",\"description\":\"Tous les produits de beaut\u00e9 pour les hommes les plus exigeants\",\"publisher\":{\"@id\":\"https:\/\/manskin.ethos-dev.ch\/#organization\"},\"potentialAction\":[{\"@type\":\"SearchAction\",\"target\":{\"@type\":\"EntryPoint\",\"urlTemplate\":\"https:\/\/manskin.ethos-dev.ch\/?s={search_term_string}\"},\"query-input\":{\"@type\":\"PropertyValueSpecification\",\"valueRequired\":true,\"valueName\":\"search_term_string\"}}],\"inLanguage\":\"fr-FR\"},{\"@type\":\"Organization\",\"@id\":\"https:\/\/manskin.ethos-dev.ch\/#organization\",\"name\":\"Manskin.ch - der Schweizer Onlineshop f\u00fcr qualit\u00e4tsstarke M\u00e4nnerpflege\",\"url\":\"https:\/\/manskin.ethos-dev.ch\/\",\"logo\":{\"@type\":\"ImageObject\",\"inLanguage\":\"fr-FR\",\"@id\":\"https:\/\/manskin.ethos-dev.ch\/#\/schema\/logo\/image\/\",\"url\":\"https:\/\/manskin.ethos-dev.ch\/wp-content\/uploads\/2021\/04\/cropped-logo_head.png\",\"contentUrl\":\"https:\/\/manskin.ethos-dev.ch\/wp-content\/uploads\/2021\/04\/cropped-logo_head.png\",\"width\":235,\"height\":75,\"caption\":\"Manskin.ch - der Schweizer Onlineshop f\u00fcr qualit\u00e4tsstarke M\u00e4nnerpflege\"},\"image\":{\"@id\":\"https:\/\/manskin.ethos-dev.ch\/#\/schema\/logo\/image\/\"},\"sameAs\":[\"https:\/\/www.facebook.com\/manskin.ch\",\"https:\/\/www.instagram.com\/manskin.ch\/\"]}]}<\/script>\n<meta property=\"product:price:amount\" content=\"54.00\" \/>\n<meta property=\"product:price:currency\" content=\"CHF\" \/>\n<meta property=\"og:availability\" content=\"instock\" \/>\n<meta property=\"product:availability\" content=\"instock\" \/>\n<meta property=\"product:retailer_item_id\" content=\"11024\" \/>\n<meta property=\"product:condition\" content=\"new\" \/>\n<!-- \/ Yoast SEO Premium plugin. -->","yoast_head_json":{"title":"Pinceau de rasage de voyage M\u00fchle | Manskin.ch","description":"Le pinceau de rasage de voyage M\u00fchle convainc par sa fibre Silvertip Fibre\u00ae de haute qualit\u00e9. Procure-toi cette qualit\u00e9 premium pour tes d\u00e9placements!","robots":{"index":"noindex","follow":"follow","max-snippet":"max-snippet:-1","max-image-preview":"max-image-preview:large","max-video-preview":"max-video-preview:-1"},"og_locale":"fr_FR","og_type":"article","og_title":"M\u00dcHLE - Blaireau de voyage chrom\u00e9","og_description":"Le pinceau de rasage de voyage M\u00fchle convainc par sa fibre Silvertip Fibre\u00ae de haute qualit\u00e9. Procure-toi cette qualit\u00e9 premium pour tes d\u00e9placements!","og_url":"https:\/\/manskin.ethos-dev.ch\/fr\/produkt\/muehle-blaireau-de-voyage-chrome\/","og_site_name":"Manskin.ch","article_publisher":"https:\/\/www.facebook.com\/manskin.ch","article_modified_time":"2025-05-21T10:43:08+00:00","og_image":[{"width":650,"height":650,"url":"https:\/\/manskin.ethos-dev.ch\/wp-content\/uploads\/2022\/01\/575_0.jpg","type":"image\/jpeg"}],"twitter_card":"summary_large_image","twitter_misc":{"Prix":"54.00&#67;&#72;&#70;","Disponibilit\u00e9":"En stock"},"schema":{"@context":"https:\/\/schema.org","@graph":[{"@type":"WebPage","@id":"https:\/\/manskin.ethos-dev.ch\/fr\/produkt\/muehle-blaireau-de-voyage-chrome\/","url":"https:\/\/manskin.ethos-dev.ch\/fr\/produkt\/muehle-blaireau-de-voyage-chrome\/","name":"Pinceau de rasage de voyage M\u00fchle | Manskin.ch","isPartOf":{"@id":"https:\/\/manskin.ethos-dev.ch\/#website"},"primaryImageOfPage":{"@id":"https:\/\/manskin.ethos-dev.ch\/fr\/produkt\/muehle-blaireau-de-voyage-chrome\/#primaryimage"},"image":{"@id":"https:\/\/manskin.ethos-dev.ch\/fr\/produkt\/muehle-blaireau-de-voyage-chrome\/#primaryimage"},"thumbnailUrl":"https:\/\/manskin.ethos-dev.ch\/wp-content\/uploads\/2022\/01\/575_0.jpg","datePublished":"2022-01-08T11:15:21+00:00","dateModified":"2025-05-21T10:43:08+00:00","description":"Le pinceau de rasage de voyage M\u00fchle convainc par sa fibre Silvertip Fibre\u00ae de haute qualit\u00e9. Procure-toi cette qualit\u00e9 premium pour tes d\u00e9placements!","breadcrumb":{"@id":"https:\/\/manskin.ethos-dev.ch\/fr\/produkt\/muehle-blaireau-de-voyage-chrome\/#breadcrumb"},"inLanguage":"fr-FR","potentialAction":[{"@type":"ReadAction","target":["https:\/\/manskin.ethos-dev.ch\/fr\/produkt\/muehle-blaireau-de-voyage-chrome\/"]}]},{"@type":"ImageObject","inLanguage":"fr-FR","@id":"https:\/\/manskin.ethos-dev.ch\/fr\/produkt\/muehle-blaireau-de-voyage-chrome\/#primaryimage","url":"https:\/\/manskin.ethos-dev.ch\/wp-content\/uploads\/2022\/01\/575_0.jpg","contentUrl":"https:\/\/manskin.ethos-dev.ch\/wp-content\/uploads\/2022\/01\/575_0.jpg","width":650,"height":650},{"@type":"BreadcrumbList","@id":"https:\/\/manskin.ethos-dev.ch\/fr\/produkt\/muehle-blaireau-de-voyage-chrome\/#breadcrumb","itemListElement":[{"@type":"ListItem","position":1,"name":"Startseite","item":"https:\/\/manskin.ethos-dev.ch\/fr\/"},{"@type":"ListItem","position":2,"name":"Shop","item":"https:\/\/manskin.ethos-dev.ch\/shop\/"},{"@type":"ListItem","position":3,"name":"M\u00dcHLE &#8211; Blaireau de voyage chrom\u00e9"}]},{"@type":"WebSite","@id":"https:\/\/manskin.ethos-dev.ch\/#website","url":"https:\/\/manskin.ethos-dev.ch\/","name":"Manskin.ch","description":"Tous les produits de beaut\u00e9 pour les hommes les plus exigeants","publisher":{"@id":"https:\/\/manskin.ethos-dev.ch\/#organization"},"potentialAction":[{"@type":"SearchAction","target":{"@type":"EntryPoint","urlTemplate":"https:\/\/manskin.ethos-dev.ch\/?s={search_term_string}"},"query-input":{"@type":"PropertyValueSpecification","valueRequired":true,"valueName":"search_term_string"}}],"inLanguage":"fr-FR"},{"@type":"Organization","@id":"https:\/\/manskin.ethos-dev.ch\/#organization","name":"Manskin.ch - der Schweizer Onlineshop f\u00fcr qualit\u00e4tsstarke M\u00e4nnerpflege","url":"https:\/\/manskin.ethos-dev.ch\/","logo":{"@type":"ImageObject","inLanguage":"fr-FR","@id":"https:\/\/manskin.ethos-dev.ch\/#\/schema\/logo\/image\/","url":"https:\/\/manskin.ethos-dev.ch\/wp-content\/uploads\/2021\/04\/cropped-logo_head.png","contentUrl":"https:\/\/manskin.ethos-dev.ch\/wp-content\/uploads\/2021\/04\/cropped-logo_head.png","width":235,"height":75,"caption":"Manskin.ch - der Schweizer Onlineshop f\u00fcr qualit\u00e4tsstarke M\u00e4nnerpflege"},"image":{"@id":"https:\/\/manskin.ethos-dev.ch\/#\/schema\/logo\/image\/"},"sameAs":["https:\/\/www.facebook.com\/manskin.ch","https:\/\/www.instagram.com\/manskin.ch\/"]}]},"product_price_amount":"54.00","product_price_currency":"CHF","og_availability":"instock","product_availability":"instock","product_retailer_item_id":"11024","product_condition":"new"},"brands":[{"id":2769,"name":"M\u00dcHLE","slug":"muehle"}],"_links":{"self":[{"href":"https:\/\/manskin.ethos-dev.ch\/fr\/wp-json\/wp\/v2\/product\/15980","targetHints":{"allow":["GET"]}}],"collection":[{"href":"https:\/\/manskin.ethos-dev.ch\/fr\/wp-json\/wp\/v2\/product"}],"about":[{"href":"https:\/\/manskin.ethos-dev.ch\/fr\/wp-json\/wp\/v2\/types\/product"}],"replies":[{"embeddable":true,"href":"https:\/\/manskin.ethos-dev.ch\/fr\/wp-json\/wp\/v2\/comments?post=15980"}],"wp:featuredmedia":[{"embeddable":true,"href":"https:\/\/manskin.ethos-dev.ch\/fr\/wp-json\/wp\/v2\/media\/2017"}],"wp:attachment":[{"href":"https:\/\/manskin.ethos-dev.ch\/fr\/wp-json\/wp\/v2\/media?parent=15980"}],"wp:term":[{"taxonomy":"pwb-brand","embeddable":true,"href":"https:\/\/manskin.ethos-dev.ch\/fr\/wp-json\/wp\/v2\/pwb-brand?post=15980"},{"taxonomy":"product_brand","embeddable":true,"href":"https:\/\/manskin.ethos-dev.ch\/fr\/wp-json\/wp\/v2\/product_brand?post=15980"},{"taxonomy":"product_cat","embeddable":true,"href":"https:\/\/manskin.ethos-dev.ch\/fr\/wp-json\/wp\/v2\/product_cat?post=15980"},{"taxonomy":"product_tag","embeddable":true,"href":"https:\/\/manskin.ethos-dev.ch\/fr\/wp-json\/wp\/v2\/product_tag?post=15980"}],"curies":[{"name":"wp","href":"https:\/\/api.w.org\/{rel}","templated":true}]}}