{"id":16185,"date":"2022-01-08T11:02:41","date_gmt":"2022-01-08T10:02:41","guid":{"rendered":"https:\/\/manskin.ethos-dev.ch\/produkt\/men-ue-healthy-facial-wash-nettoyant-visage\/"},"modified":"2025-05-13T15:12:42","modified_gmt":"2025-05-13T13:12:42","slug":"men-ue-healthy-facial-wash-nettoyant-visage","status":"publish","type":"product","link":"https:\/\/manskin.ethos-dev.ch\/fr\/produkt\/men-ue-healthy-facial-wash-nettoyant-visage\/","title":{"rendered":"men-\u00fc &#8211; Healthy Facial Wash Nettoyant visage"},"content":{"rendered":"<h2>men-\u00fc &#8211; Healthy Facial Wash Nettoyant visage<\/h2>\n<ul>\n<li>Ce gel nettoyant visage est ultra concentr\u00e9 (jusqu&#8217;\u00e0 265 utilisations!).<\/li>\n<li>Il est de Ph neutre et concentr\u00e9 en huile d&#8217;arbre \u00e0 th\u00e9 qui est un antiseptique et un antibact\u00e9rien naturel.<\/li>\n<li>Il contient \u00e9galement de l\u2019hamam\u00e9lis reconnue pour ses propri\u00e9t\u00e9s apaisantes et r\u00e9paratrices.<\/li>\n<li>L &#8216;Aloe vera et la vitamine B5 hydratent votre peau.<\/li>\n<li>Id\u00e9al comme nettoyant apr\u00e8s le rasage!<\/li>\n<\/ul>\n<p>Conseils d&#8217;utilisation: pompe 0.5 \u00e0 1 fois dans ta paume et g\u00e9n\u00e9re un peu de mousse entre tes mains. Masse doucement sur ton visage humide en gardant tes yeux ferm\u00e9s. Rince et applique le men-\u00fc Facial Moisturiser Lift.<br \/>\nContencance: 100 ml<\/p>\n","protected":false},"excerpt":{"rendered":"<p>men-\u00fc &#8211; Healthy Facial Wash Nettoyant visage Ce gel nettoyant visage est ultra concentr\u00e9 (jusqu&#8217;\u00e0 265 utilisations!). Il est de Ph neutre et concentr\u00e9 en huile d&#8217;arbre \u00e0 th\u00e9 qui est un antiseptique et un antibact\u00e9rien naturel. Il contient \u00e9galement de l\u2019hamam\u00e9lis reconnue pour ses propri\u00e9t\u00e9s apaisantes et r\u00e9paratrices. L &#8216;Aloe vera et la vitamine &#8230; <a title=\"men-\u00fc &#8211; Healthy Facial Wash Nettoyant visage\" class=\"read-more\" href=\"https:\/\/manskin.ethos-dev.ch\/fr\/produkt\/men-ue-healthy-facial-wash-nettoyant-visage\/\" aria-label=\"En savoir plus sur men-\u00fc &#8211; Healthy Facial Wash Nettoyant visage\">Lire la suite<\/a><\/p>\n","protected":false},"featured_media":66612,"comment_status":"closed","ping_status":"closed","template":"","meta":{"_acf_changed":false},"pwb-brand":[2766],"product_brand":[],"product_cat":[2333,2444],"product_tag":[],"class_list":{"0":"post-16185","1":"product","2":"type-product","3":"status-publish","4":"has-post-thumbnail","6":"pwb-brand-men-ue","7":"product_cat-nettoyants-visage","8":"product_cat-men-ue-fr","9":"product_shipping_class-standard-fr","10":"sales-flash-overlay","11":"woocommerce-text-align-center","12":"woocommerce-image-align-center","13":"do-quantity-buttons","14":"has-subscription-plans","16":"first","17":"instock","18":"purchasable","19":"product-type-variable"},"acf":[],"yoast_head":"<!-- This site is optimized with the Yoast SEO Premium plugin v24.8 (Yoast SEO v25.4) - https:\/\/yoast.com\/wordpress\/plugins\/seo\/ -->\n<title>Gel nettoyant pour le visage \u00e0 l&#039;huile d&#039;arbre \u00e0 th\u00e9 antibact\u00e9rienne et \u00e0 l&#039;aloe vera<\/title>\n<meta name=\"description\" content=\"men-\u00fc - Healthy Facial Wash Nettoyant visage\" \/>\n<meta name=\"robots\" content=\"noindex, follow, max-snippet:-1, max-image-preview:large, max-video-preview:-1\" \/>\n<meta property=\"og:locale\" content=\"fr_FR\" \/>\n<meta property=\"og:type\" content=\"article\" \/>\n<meta property=\"og:title\" content=\"men-\u00fc - Healthy Facial Wash Nettoyant visage\" \/>\n<meta property=\"og:description\" content=\"men-\u00fc - Healthy Facial Wash Nettoyant visage\" \/>\n<meta property=\"og:url\" content=\"https:\/\/manskin.ethos-dev.ch\/fr\/produkt\/men-ue-healthy-facial-wash-nettoyant-visage\/\" \/>\n<meta property=\"og:site_name\" content=\"Manskin.ch\" \/>\n<meta property=\"article:publisher\" content=\"https:\/\/www.facebook.com\/manskin.ch\" \/>\n<meta property=\"article:modified_time\" content=\"2025-05-13T13:12:42+00:00\" \/>\n<meta property=\"og:image\" content=\"https:\/\/manskin.ethos-dev.ch\/wp-content\/uploads\/2022\/01\/Healthy-Facial-Wash-High-Quality.jpg\" \/>\n\t<meta property=\"og:image:width\" content=\"1000\" \/>\n\t<meta property=\"og:image:height\" content=\"1000\" \/>\n\t<meta property=\"og:image:type\" content=\"image\/jpeg\" \/>\n<meta name=\"twitter:card\" content=\"summary_large_image\" \/>\n<meta name=\"twitter:label1\" content=\"Disponibilit\u00e9\" \/>\n\t<meta name=\"twitter:data1\" content=\"En stock\" \/>\n<script type=\"application\/ld+json\" class=\"yoast-schema-graph\">{\"@context\":\"https:\/\/schema.org\",\"@graph\":[{\"@type\":\"WebPage\",\"@id\":\"https:\/\/manskin.ethos-dev.ch\/fr\/produkt\/men-ue-healthy-facial-wash-nettoyant-visage\/\",\"url\":\"https:\/\/manskin.ethos-dev.ch\/fr\/produkt\/men-ue-healthy-facial-wash-nettoyant-visage\/\",\"name\":\"Gel nettoyant pour le visage \u00e0 l'huile d'arbre \u00e0 th\u00e9 antibact\u00e9rienne et \u00e0 l'aloe vera\",\"isPartOf\":{\"@id\":\"https:\/\/manskin.ethos-dev.ch\/#website\"},\"primaryImageOfPage\":{\"@id\":\"https:\/\/manskin.ethos-dev.ch\/fr\/produkt\/men-ue-healthy-facial-wash-nettoyant-visage\/#primaryimage\"},\"image\":{\"@id\":\"https:\/\/manskin.ethos-dev.ch\/fr\/produkt\/men-ue-healthy-facial-wash-nettoyant-visage\/#primaryimage\"},\"thumbnailUrl\":\"https:\/\/manskin.ethos-dev.ch\/wp-content\/uploads\/2022\/01\/Healthy-Facial-Wash-High-Quality.jpg\",\"datePublished\":\"2022-01-08T10:02:41+00:00\",\"dateModified\":\"2025-05-13T13:12:42+00:00\",\"description\":\"men-\u00fc - Healthy Facial Wash Nettoyant visage\",\"breadcrumb\":{\"@id\":\"https:\/\/manskin.ethos-dev.ch\/fr\/produkt\/men-ue-healthy-facial-wash-nettoyant-visage\/#breadcrumb\"},\"inLanguage\":\"fr-FR\",\"potentialAction\":[{\"@type\":\"ReadAction\",\"target\":[\"https:\/\/manskin.ethos-dev.ch\/fr\/produkt\/men-ue-healthy-facial-wash-nettoyant-visage\/\"]}]},{\"@type\":\"ImageObject\",\"inLanguage\":\"fr-FR\",\"@id\":\"https:\/\/manskin.ethos-dev.ch\/fr\/produkt\/men-ue-healthy-facial-wash-nettoyant-visage\/#primaryimage\",\"url\":\"https:\/\/manskin.ethos-dev.ch\/wp-content\/uploads\/2022\/01\/Healthy-Facial-Wash-High-Quality.jpg\",\"contentUrl\":\"https:\/\/manskin.ethos-dev.ch\/wp-content\/uploads\/2022\/01\/Healthy-Facial-Wash-High-Quality.jpg\",\"width\":1000,\"height\":1000},{\"@type\":\"BreadcrumbList\",\"@id\":\"https:\/\/manskin.ethos-dev.ch\/fr\/produkt\/men-ue-healthy-facial-wash-nettoyant-visage\/#breadcrumb\",\"itemListElement\":[{\"@type\":\"ListItem\",\"position\":1,\"name\":\"Startseite\",\"item\":\"https:\/\/manskin.ethos-dev.ch\/fr\/\"},{\"@type\":\"ListItem\",\"position\":2,\"name\":\"Shop\",\"item\":\"https:\/\/manskin.ethos-dev.ch\/shop\/\"},{\"@type\":\"ListItem\",\"position\":3,\"name\":\"men-\u00fc &#8211; Healthy Facial Wash Nettoyant visage\"}]},{\"@type\":\"WebSite\",\"@id\":\"https:\/\/manskin.ethos-dev.ch\/#website\",\"url\":\"https:\/\/manskin.ethos-dev.ch\/\",\"name\":\"Manskin.ch\",\"description\":\"Tous les produits de beaut\u00e9 pour les hommes les plus exigeants\",\"publisher\":{\"@id\":\"https:\/\/manskin.ethos-dev.ch\/#organization\"},\"potentialAction\":[{\"@type\":\"SearchAction\",\"target\":{\"@type\":\"EntryPoint\",\"urlTemplate\":\"https:\/\/manskin.ethos-dev.ch\/?s={search_term_string}\"},\"query-input\":{\"@type\":\"PropertyValueSpecification\",\"valueRequired\":true,\"valueName\":\"search_term_string\"}}],\"inLanguage\":\"fr-FR\"},{\"@type\":\"Organization\",\"@id\":\"https:\/\/manskin.ethos-dev.ch\/#organization\",\"name\":\"Manskin.ch - der Schweizer Onlineshop f\u00fcr qualit\u00e4tsstarke M\u00e4nnerpflege\",\"url\":\"https:\/\/manskin.ethos-dev.ch\/\",\"logo\":{\"@type\":\"ImageObject\",\"inLanguage\":\"fr-FR\",\"@id\":\"https:\/\/manskin.ethos-dev.ch\/#\/schema\/logo\/image\/\",\"url\":\"https:\/\/manskin.ethos-dev.ch\/wp-content\/uploads\/2021\/04\/cropped-logo_head.png\",\"contentUrl\":\"https:\/\/manskin.ethos-dev.ch\/wp-content\/uploads\/2021\/04\/cropped-logo_head.png\",\"width\":235,\"height\":75,\"caption\":\"Manskin.ch - der Schweizer Onlineshop f\u00fcr qualit\u00e4tsstarke M\u00e4nnerpflege\"},\"image\":{\"@id\":\"https:\/\/manskin.ethos-dev.ch\/#\/schema\/logo\/image\/\"},\"sameAs\":[\"https:\/\/www.facebook.com\/manskin.ch\",\"https:\/\/www.instagram.com\/manskin.ch\/\"]}]}<\/script>\n<meta property=\"og:availability\" content=\"instock\" \/>\n<meta property=\"product:availability\" content=\"instock\" \/>\n<meta property=\"product:retailer_item_id\" content=\"10501-P\" \/>\n<meta property=\"product:condition\" content=\"new\" \/>\n<!-- \/ Yoast SEO Premium plugin. -->","yoast_head_json":{"title":"Gel nettoyant pour le visage \u00e0 l'huile d'arbre \u00e0 th\u00e9 antibact\u00e9rienne et \u00e0 l'aloe vera","description":"men-\u00fc - Healthy Facial Wash Nettoyant visage","robots":{"index":"noindex","follow":"follow","max-snippet":"max-snippet:-1","max-image-preview":"max-image-preview:large","max-video-preview":"max-video-preview:-1"},"og_locale":"fr_FR","og_type":"article","og_title":"men-\u00fc - Healthy Facial Wash Nettoyant visage","og_description":"men-\u00fc - Healthy Facial Wash Nettoyant visage","og_url":"https:\/\/manskin.ethos-dev.ch\/fr\/produkt\/men-ue-healthy-facial-wash-nettoyant-visage\/","og_site_name":"Manskin.ch","article_publisher":"https:\/\/www.facebook.com\/manskin.ch","article_modified_time":"2025-05-13T13:12:42+00:00","og_image":[{"width":1000,"height":1000,"url":"https:\/\/manskin.ethos-dev.ch\/wp-content\/uploads\/2022\/01\/Healthy-Facial-Wash-High-Quality.jpg","type":"image\/jpeg"}],"twitter_card":"summary_large_image","twitter_misc":{"Disponibilit\u00e9":"En stock"},"schema":{"@context":"https:\/\/schema.org","@graph":[{"@type":"WebPage","@id":"https:\/\/manskin.ethos-dev.ch\/fr\/produkt\/men-ue-healthy-facial-wash-nettoyant-visage\/","url":"https:\/\/manskin.ethos-dev.ch\/fr\/produkt\/men-ue-healthy-facial-wash-nettoyant-visage\/","name":"Gel nettoyant pour le visage \u00e0 l'huile d'arbre \u00e0 th\u00e9 antibact\u00e9rienne et \u00e0 l'aloe vera","isPartOf":{"@id":"https:\/\/manskin.ethos-dev.ch\/#website"},"primaryImageOfPage":{"@id":"https:\/\/manskin.ethos-dev.ch\/fr\/produkt\/men-ue-healthy-facial-wash-nettoyant-visage\/#primaryimage"},"image":{"@id":"https:\/\/manskin.ethos-dev.ch\/fr\/produkt\/men-ue-healthy-facial-wash-nettoyant-visage\/#primaryimage"},"thumbnailUrl":"https:\/\/manskin.ethos-dev.ch\/wp-content\/uploads\/2022\/01\/Healthy-Facial-Wash-High-Quality.jpg","datePublished":"2022-01-08T10:02:41+00:00","dateModified":"2025-05-13T13:12:42+00:00","description":"men-\u00fc - Healthy Facial Wash Nettoyant visage","breadcrumb":{"@id":"https:\/\/manskin.ethos-dev.ch\/fr\/produkt\/men-ue-healthy-facial-wash-nettoyant-visage\/#breadcrumb"},"inLanguage":"fr-FR","potentialAction":[{"@type":"ReadAction","target":["https:\/\/manskin.ethos-dev.ch\/fr\/produkt\/men-ue-healthy-facial-wash-nettoyant-visage\/"]}]},{"@type":"ImageObject","inLanguage":"fr-FR","@id":"https:\/\/manskin.ethos-dev.ch\/fr\/produkt\/men-ue-healthy-facial-wash-nettoyant-visage\/#primaryimage","url":"https:\/\/manskin.ethos-dev.ch\/wp-content\/uploads\/2022\/01\/Healthy-Facial-Wash-High-Quality.jpg","contentUrl":"https:\/\/manskin.ethos-dev.ch\/wp-content\/uploads\/2022\/01\/Healthy-Facial-Wash-High-Quality.jpg","width":1000,"height":1000},{"@type":"BreadcrumbList","@id":"https:\/\/manskin.ethos-dev.ch\/fr\/produkt\/men-ue-healthy-facial-wash-nettoyant-visage\/#breadcrumb","itemListElement":[{"@type":"ListItem","position":1,"name":"Startseite","item":"https:\/\/manskin.ethos-dev.ch\/fr\/"},{"@type":"ListItem","position":2,"name":"Shop","item":"https:\/\/manskin.ethos-dev.ch\/shop\/"},{"@type":"ListItem","position":3,"name":"men-\u00fc &#8211; Healthy Facial Wash Nettoyant visage"}]},{"@type":"WebSite","@id":"https:\/\/manskin.ethos-dev.ch\/#website","url":"https:\/\/manskin.ethos-dev.ch\/","name":"Manskin.ch","description":"Tous les produits de beaut\u00e9 pour les hommes les plus exigeants","publisher":{"@id":"https:\/\/manskin.ethos-dev.ch\/#organization"},"potentialAction":[{"@type":"SearchAction","target":{"@type":"EntryPoint","urlTemplate":"https:\/\/manskin.ethos-dev.ch\/?s={search_term_string}"},"query-input":{"@type":"PropertyValueSpecification","valueRequired":true,"valueName":"search_term_string"}}],"inLanguage":"fr-FR"},{"@type":"Organization","@id":"https:\/\/manskin.ethos-dev.ch\/#organization","name":"Manskin.ch - der Schweizer Onlineshop f\u00fcr qualit\u00e4tsstarke M\u00e4nnerpflege","url":"https:\/\/manskin.ethos-dev.ch\/","logo":{"@type":"ImageObject","inLanguage":"fr-FR","@id":"https:\/\/manskin.ethos-dev.ch\/#\/schema\/logo\/image\/","url":"https:\/\/manskin.ethos-dev.ch\/wp-content\/uploads\/2021\/04\/cropped-logo_head.png","contentUrl":"https:\/\/manskin.ethos-dev.ch\/wp-content\/uploads\/2021\/04\/cropped-logo_head.png","width":235,"height":75,"caption":"Manskin.ch - der Schweizer Onlineshop f\u00fcr qualit\u00e4tsstarke M\u00e4nnerpflege"},"image":{"@id":"https:\/\/manskin.ethos-dev.ch\/#\/schema\/logo\/image\/"},"sameAs":["https:\/\/www.facebook.com\/manskin.ch","https:\/\/www.instagram.com\/manskin.ch\/"]}]},"og_availability":"instock","product_availability":"instock","product_retailer_item_id":"10501-P","product_condition":"new"},"brands":[{"id":2766,"name":"men-\u00fc","slug":"men-ue"}],"_links":{"self":[{"href":"https:\/\/manskin.ethos-dev.ch\/fr\/wp-json\/wp\/v2\/product\/16185","targetHints":{"allow":["GET"]}}],"collection":[{"href":"https:\/\/manskin.ethos-dev.ch\/fr\/wp-json\/wp\/v2\/product"}],"about":[{"href":"https:\/\/manskin.ethos-dev.ch\/fr\/wp-json\/wp\/v2\/types\/product"}],"replies":[{"embeddable":true,"href":"https:\/\/manskin.ethos-dev.ch\/fr\/wp-json\/wp\/v2\/comments?post=16185"}],"wp:featuredmedia":[{"embeddable":true,"href":"https:\/\/manskin.ethos-dev.ch\/fr\/wp-json\/wp\/v2\/media\/66612"}],"wp:attachment":[{"href":"https:\/\/manskin.ethos-dev.ch\/fr\/wp-json\/wp\/v2\/media?parent=16185"}],"wp:term":[{"taxonomy":"pwb-brand","embeddable":true,"href":"https:\/\/manskin.ethos-dev.ch\/fr\/wp-json\/wp\/v2\/pwb-brand?post=16185"},{"taxonomy":"product_brand","embeddable":true,"href":"https:\/\/manskin.ethos-dev.ch\/fr\/wp-json\/wp\/v2\/product_brand?post=16185"},{"taxonomy":"product_cat","embeddable":true,"href":"https:\/\/manskin.ethos-dev.ch\/fr\/wp-json\/wp\/v2\/product_cat?post=16185"},{"taxonomy":"product_tag","embeddable":true,"href":"https:\/\/manskin.ethos-dev.ch\/fr\/wp-json\/wp\/v2\/product_tag?post=16185"}],"curies":[{"name":"wp","href":"https:\/\/api.w.org\/{rel}","templated":true}]}}