{"id":16300,"date":"2022-06-15T17:10:44","date_gmt":"2022-06-15T15:10:44","guid":{"rendered":"https:\/\/manskin.ethos-dev.ch\/produkt\/the-bluebeards-revenge-liquid-wood-peigne-a-barbe-et-a-moustache\/"},"modified":"2025-05-15T22:24:46","modified_gmt":"2025-05-15T20:24:46","slug":"the-bluebeards-revenge-liquid-wood-peigne-a-barbe","status":"publish","type":"product","link":"https:\/\/manskin.ethos-dev.ch\/fr\/produkt\/the-bluebeards-revenge-liquid-wood-peigne-a-barbe\/","title":{"rendered":"Liquid Wood Peigne \u00e0 barbe et \u00e0 moustache"},"content":{"rendered":"<h2>The Bluebeards Revenge &#8211; Liquid Wood Peigne \u00e0 barbe et \u00e0 moustache<\/h2>\n<ul>\n<li>Sauve ta barbe et l&#8217;environnement avec le Liquid Wood Beard &#038; Mo&#8217; Comb !<\/li>\n<li>Ce peigne \u00e0 barbe sans plastique poss\u00e8de des dents fines et moyennes pour d\u00e9m\u00ealer et adoucir m\u00eame les coiffures les plus sauvages.<\/li>\n<li>Ce peigne \u00e0 barbe trapu est fabriqu\u00e9 \u00e0 partir d&#8217;un mat\u00e9riau r\u00e9volutionnaire et biod\u00e9gradable, appel\u00e9 Liquid Wood. Cette alternative robuste et \u00e9cologique au plastique est form\u00e9e \u00e0 partir de la p\u00e2te et des fibres de cellulose issues de la fabrication du papier.<\/li>\n<li>Le r\u00e9sultat est un peigne durable qui garde les poils de ton visage et ta conscience propres!<\/li>\n<\/ul>\n<p>Longueur 13 cm.<\/p>\n","protected":false},"excerpt":{"rendered":"<p>Peigne sans plastic<\/p>\n","protected":false},"featured_media":4696,"comment_status":"closed","ping_status":"closed","template":"","meta":{"_acf_changed":false},"pwb-brand":[2787],"product_brand":[],"product_cat":[2314,2342,2399],"product_tag":[],"class_list":{"0":"post-16300","1":"product","2":"type-product","3":"status-publish","4":"has-post-thumbnail","6":"pwb-brand-the-bluebeards-revenge","7":"product_cat-accessoire-pour-barbe","8":"product_cat-peignes-brosses","9":"product_cat-the-bluebeards-revenge-fr","10":"product_shipping_class-standard-fr","11":"pa_hersteller-the-bluebeards-revenge-fr-2","12":"sales-flash-overlay","13":"woocommerce-text-align-center","14":"woocommerce-image-align-center","15":"do-quantity-buttons","16":"has-subscription-plans","18":"first","19":"instock","20":"purchasable","21":"product-type-simple"},"acf":[],"yoast_head":"<!-- This site is optimized with the Yoast SEO Premium plugin v24.8 (Yoast SEO v25.4) - https:\/\/yoast.com\/wordpress\/plugins\/seo\/ -->\n<title>Liquid Wood Peigne \u00e0 barbe et \u00e0 moustache | Manskin.ch<\/title>\n<meta name=\"description\" content=\"Liquid Wood Peigne \u00e0 barbe et \u00e0 moustache\" \/>\n<meta name=\"robots\" content=\"noindex, follow, max-snippet:-1, max-image-preview:large, max-video-preview:-1\" \/>\n<meta property=\"og:locale\" content=\"fr_FR\" \/>\n<meta property=\"og:type\" content=\"article\" \/>\n<meta property=\"og:title\" content=\"Liquid Wood Peigne \u00e0 barbe et \u00e0 moustache\" \/>\n<meta property=\"og:description\" content=\"Liquid Wood Peigne \u00e0 barbe et \u00e0 moustache\" \/>\n<meta property=\"og:url\" content=\"https:\/\/manskin.ethos-dev.ch\/fr\/produkt\/the-bluebeards-revenge-liquid-wood-peigne-a-barbe\/\" \/>\n<meta property=\"og:site_name\" content=\"Manskin.ch\" \/>\n<meta property=\"article:publisher\" content=\"https:\/\/www.facebook.com\/manskin.ch\" \/>\n<meta property=\"article:modified_time\" content=\"2025-05-15T20:24:46+00:00\" \/>\n<meta property=\"og:image\" content=\"https:\/\/manskin.ethos-dev.ch\/wp-content\/uploads\/2022\/01\/1448_0.jpg\" \/>\n\t<meta property=\"og:image:width\" content=\"800\" \/>\n\t<meta property=\"og:image:height\" content=\"800\" \/>\n\t<meta property=\"og:image:type\" content=\"image\/jpeg\" \/>\n<meta name=\"twitter:card\" content=\"summary_large_image\" \/>\n<meta name=\"twitter:label1\" content=\"Prix\" \/>\n\t<meta name=\"twitter:data1\" content=\"9.90&#067;&#072;&#070;\" \/>\n\t<meta name=\"twitter:label2\" content=\"Disponibilit\u00e9\" \/>\n\t<meta name=\"twitter:data2\" content=\"En stock\" \/>\n<script type=\"application\/ld+json\" class=\"yoast-schema-graph\">{\"@context\":\"https:\/\/schema.org\",\"@graph\":[{\"@type\":\"WebPage\",\"@id\":\"https:\/\/manskin.ethos-dev.ch\/fr\/produkt\/the-bluebeards-revenge-liquid-wood-peigne-a-barbe\/\",\"url\":\"https:\/\/manskin.ethos-dev.ch\/fr\/produkt\/the-bluebeards-revenge-liquid-wood-peigne-a-barbe\/\",\"name\":\"Liquid Wood Peigne \u00e0 barbe et \u00e0 moustache | Manskin.ch\",\"isPartOf\":{\"@id\":\"https:\/\/manskin.ethos-dev.ch\/#website\"},\"primaryImageOfPage\":{\"@id\":\"https:\/\/manskin.ethos-dev.ch\/fr\/produkt\/the-bluebeards-revenge-liquid-wood-peigne-a-barbe\/#primaryimage\"},\"image\":{\"@id\":\"https:\/\/manskin.ethos-dev.ch\/fr\/produkt\/the-bluebeards-revenge-liquid-wood-peigne-a-barbe\/#primaryimage\"},\"thumbnailUrl\":\"https:\/\/manskin.ethos-dev.ch\/wp-content\/uploads\/2022\/01\/1448_0.jpg\",\"datePublished\":\"2022-06-15T15:10:44+00:00\",\"dateModified\":\"2025-05-15T20:24:46+00:00\",\"description\":\"Liquid Wood Peigne \u00e0 barbe et \u00e0 moustache\",\"breadcrumb\":{\"@id\":\"https:\/\/manskin.ethos-dev.ch\/fr\/produkt\/the-bluebeards-revenge-liquid-wood-peigne-a-barbe\/#breadcrumb\"},\"inLanguage\":\"fr-FR\",\"potentialAction\":[{\"@type\":\"ReadAction\",\"target\":[\"https:\/\/manskin.ethos-dev.ch\/fr\/produkt\/the-bluebeards-revenge-liquid-wood-peigne-a-barbe\/\"]}]},{\"@type\":\"ImageObject\",\"inLanguage\":\"fr-FR\",\"@id\":\"https:\/\/manskin.ethos-dev.ch\/fr\/produkt\/the-bluebeards-revenge-liquid-wood-peigne-a-barbe\/#primaryimage\",\"url\":\"https:\/\/manskin.ethos-dev.ch\/wp-content\/uploads\/2022\/01\/1448_0.jpg\",\"contentUrl\":\"https:\/\/manskin.ethos-dev.ch\/wp-content\/uploads\/2022\/01\/1448_0.jpg\",\"width\":800,\"height\":800},{\"@type\":\"BreadcrumbList\",\"@id\":\"https:\/\/manskin.ethos-dev.ch\/fr\/produkt\/the-bluebeards-revenge-liquid-wood-peigne-a-barbe\/#breadcrumb\",\"itemListElement\":[{\"@type\":\"ListItem\",\"position\":1,\"name\":\"Startseite\",\"item\":\"https:\/\/manskin.ethos-dev.ch\/fr\/\"},{\"@type\":\"ListItem\",\"position\":2,\"name\":\"Shop\",\"item\":\"https:\/\/manskin.ethos-dev.ch\/shop\/\"},{\"@type\":\"ListItem\",\"position\":3,\"name\":\"Liquid Wood Peigne \u00e0 barbe et \u00e0 moustache\"}]},{\"@type\":\"WebSite\",\"@id\":\"https:\/\/manskin.ethos-dev.ch\/#website\",\"url\":\"https:\/\/manskin.ethos-dev.ch\/\",\"name\":\"Manskin.ch\",\"description\":\"Tous les produits de beaut\u00e9 pour les hommes les plus exigeants\",\"publisher\":{\"@id\":\"https:\/\/manskin.ethos-dev.ch\/#organization\"},\"potentialAction\":[{\"@type\":\"SearchAction\",\"target\":{\"@type\":\"EntryPoint\",\"urlTemplate\":\"https:\/\/manskin.ethos-dev.ch\/?s={search_term_string}\"},\"query-input\":{\"@type\":\"PropertyValueSpecification\",\"valueRequired\":true,\"valueName\":\"search_term_string\"}}],\"inLanguage\":\"fr-FR\"},{\"@type\":\"Organization\",\"@id\":\"https:\/\/manskin.ethos-dev.ch\/#organization\",\"name\":\"Manskin.ch - der Schweizer Onlineshop f\u00fcr qualit\u00e4tsstarke M\u00e4nnerpflege\",\"url\":\"https:\/\/manskin.ethos-dev.ch\/\",\"logo\":{\"@type\":\"ImageObject\",\"inLanguage\":\"fr-FR\",\"@id\":\"https:\/\/manskin.ethos-dev.ch\/#\/schema\/logo\/image\/\",\"url\":\"https:\/\/manskin.ethos-dev.ch\/wp-content\/uploads\/2021\/04\/cropped-logo_head.png\",\"contentUrl\":\"https:\/\/manskin.ethos-dev.ch\/wp-content\/uploads\/2021\/04\/cropped-logo_head.png\",\"width\":235,\"height\":75,\"caption\":\"Manskin.ch - der Schweizer Onlineshop f\u00fcr qualit\u00e4tsstarke M\u00e4nnerpflege\"},\"image\":{\"@id\":\"https:\/\/manskin.ethos-dev.ch\/#\/schema\/logo\/image\/\"},\"sameAs\":[\"https:\/\/www.facebook.com\/manskin.ch\",\"https:\/\/www.instagram.com\/manskin.ch\/\"]}]}<\/script>\n<meta property=\"product:price:amount\" content=\"9.90\" \/>\n<meta property=\"product:price:currency\" content=\"CHF\" \/>\n<meta property=\"og:availability\" content=\"instock\" \/>\n<meta property=\"product:availability\" content=\"instock\" \/>\n<meta property=\"product:retailer_item_id\" content=\"13103\" \/>\n<meta property=\"product:condition\" content=\"new\" \/>\n<!-- \/ Yoast SEO Premium plugin. -->","yoast_head_json":{"title":"Liquid Wood Peigne \u00e0 barbe et \u00e0 moustache | Manskin.ch","description":"Liquid Wood Peigne \u00e0 barbe et \u00e0 moustache","robots":{"index":"noindex","follow":"follow","max-snippet":"max-snippet:-1","max-image-preview":"max-image-preview:large","max-video-preview":"max-video-preview:-1"},"og_locale":"fr_FR","og_type":"article","og_title":"Liquid Wood Peigne \u00e0 barbe et \u00e0 moustache","og_description":"Liquid Wood Peigne \u00e0 barbe et \u00e0 moustache","og_url":"https:\/\/manskin.ethos-dev.ch\/fr\/produkt\/the-bluebeards-revenge-liquid-wood-peigne-a-barbe\/","og_site_name":"Manskin.ch","article_publisher":"https:\/\/www.facebook.com\/manskin.ch","article_modified_time":"2025-05-15T20:24:46+00:00","og_image":[{"width":800,"height":800,"url":"https:\/\/manskin.ethos-dev.ch\/wp-content\/uploads\/2022\/01\/1448_0.jpg","type":"image\/jpeg"}],"twitter_card":"summary_large_image","twitter_misc":{"Prix":"9.90&#67;&#72;&#70;","Disponibilit\u00e9":"En stock"},"schema":{"@context":"https:\/\/schema.org","@graph":[{"@type":"WebPage","@id":"https:\/\/manskin.ethos-dev.ch\/fr\/produkt\/the-bluebeards-revenge-liquid-wood-peigne-a-barbe\/","url":"https:\/\/manskin.ethos-dev.ch\/fr\/produkt\/the-bluebeards-revenge-liquid-wood-peigne-a-barbe\/","name":"Liquid Wood Peigne \u00e0 barbe et \u00e0 moustache | Manskin.ch","isPartOf":{"@id":"https:\/\/manskin.ethos-dev.ch\/#website"},"primaryImageOfPage":{"@id":"https:\/\/manskin.ethos-dev.ch\/fr\/produkt\/the-bluebeards-revenge-liquid-wood-peigne-a-barbe\/#primaryimage"},"image":{"@id":"https:\/\/manskin.ethos-dev.ch\/fr\/produkt\/the-bluebeards-revenge-liquid-wood-peigne-a-barbe\/#primaryimage"},"thumbnailUrl":"https:\/\/manskin.ethos-dev.ch\/wp-content\/uploads\/2022\/01\/1448_0.jpg","datePublished":"2022-06-15T15:10:44+00:00","dateModified":"2025-05-15T20:24:46+00:00","description":"Liquid Wood Peigne \u00e0 barbe et \u00e0 moustache","breadcrumb":{"@id":"https:\/\/manskin.ethos-dev.ch\/fr\/produkt\/the-bluebeards-revenge-liquid-wood-peigne-a-barbe\/#breadcrumb"},"inLanguage":"fr-FR","potentialAction":[{"@type":"ReadAction","target":["https:\/\/manskin.ethos-dev.ch\/fr\/produkt\/the-bluebeards-revenge-liquid-wood-peigne-a-barbe\/"]}]},{"@type":"ImageObject","inLanguage":"fr-FR","@id":"https:\/\/manskin.ethos-dev.ch\/fr\/produkt\/the-bluebeards-revenge-liquid-wood-peigne-a-barbe\/#primaryimage","url":"https:\/\/manskin.ethos-dev.ch\/wp-content\/uploads\/2022\/01\/1448_0.jpg","contentUrl":"https:\/\/manskin.ethos-dev.ch\/wp-content\/uploads\/2022\/01\/1448_0.jpg","width":800,"height":800},{"@type":"BreadcrumbList","@id":"https:\/\/manskin.ethos-dev.ch\/fr\/produkt\/the-bluebeards-revenge-liquid-wood-peigne-a-barbe\/#breadcrumb","itemListElement":[{"@type":"ListItem","position":1,"name":"Startseite","item":"https:\/\/manskin.ethos-dev.ch\/fr\/"},{"@type":"ListItem","position":2,"name":"Shop","item":"https:\/\/manskin.ethos-dev.ch\/shop\/"},{"@type":"ListItem","position":3,"name":"Liquid Wood Peigne \u00e0 barbe et \u00e0 moustache"}]},{"@type":"WebSite","@id":"https:\/\/manskin.ethos-dev.ch\/#website","url":"https:\/\/manskin.ethos-dev.ch\/","name":"Manskin.ch","description":"Tous les produits de beaut\u00e9 pour les hommes les plus exigeants","publisher":{"@id":"https:\/\/manskin.ethos-dev.ch\/#organization"},"potentialAction":[{"@type":"SearchAction","target":{"@type":"EntryPoint","urlTemplate":"https:\/\/manskin.ethos-dev.ch\/?s={search_term_string}"},"query-input":{"@type":"PropertyValueSpecification","valueRequired":true,"valueName":"search_term_string"}}],"inLanguage":"fr-FR"},{"@type":"Organization","@id":"https:\/\/manskin.ethos-dev.ch\/#organization","name":"Manskin.ch - der Schweizer Onlineshop f\u00fcr qualit\u00e4tsstarke M\u00e4nnerpflege","url":"https:\/\/manskin.ethos-dev.ch\/","logo":{"@type":"ImageObject","inLanguage":"fr-FR","@id":"https:\/\/manskin.ethos-dev.ch\/#\/schema\/logo\/image\/","url":"https:\/\/manskin.ethos-dev.ch\/wp-content\/uploads\/2021\/04\/cropped-logo_head.png","contentUrl":"https:\/\/manskin.ethos-dev.ch\/wp-content\/uploads\/2021\/04\/cropped-logo_head.png","width":235,"height":75,"caption":"Manskin.ch - der Schweizer Onlineshop f\u00fcr qualit\u00e4tsstarke M\u00e4nnerpflege"},"image":{"@id":"https:\/\/manskin.ethos-dev.ch\/#\/schema\/logo\/image\/"},"sameAs":["https:\/\/www.facebook.com\/manskin.ch","https:\/\/www.instagram.com\/manskin.ch\/"]}]},"product_price_amount":"9.90","product_price_currency":"CHF","og_availability":"instock","product_availability":"instock","product_retailer_item_id":"13103","product_condition":"new"},"brands":[{"id":2787,"name":"The Bluebeards Revenge","slug":"the-bluebeards-revenge"}],"_links":{"self":[{"href":"https:\/\/manskin.ethos-dev.ch\/fr\/wp-json\/wp\/v2\/product\/16300","targetHints":{"allow":["GET"]}}],"collection":[{"href":"https:\/\/manskin.ethos-dev.ch\/fr\/wp-json\/wp\/v2\/product"}],"about":[{"href":"https:\/\/manskin.ethos-dev.ch\/fr\/wp-json\/wp\/v2\/types\/product"}],"replies":[{"embeddable":true,"href":"https:\/\/manskin.ethos-dev.ch\/fr\/wp-json\/wp\/v2\/comments?post=16300"}],"wp:featuredmedia":[{"embeddable":true,"href":"https:\/\/manskin.ethos-dev.ch\/fr\/wp-json\/wp\/v2\/media\/4696"}],"wp:attachment":[{"href":"https:\/\/manskin.ethos-dev.ch\/fr\/wp-json\/wp\/v2\/media?parent=16300"}],"wp:term":[{"taxonomy":"pwb-brand","embeddable":true,"href":"https:\/\/manskin.ethos-dev.ch\/fr\/wp-json\/wp\/v2\/pwb-brand?post=16300"},{"taxonomy":"product_brand","embeddable":true,"href":"https:\/\/manskin.ethos-dev.ch\/fr\/wp-json\/wp\/v2\/product_brand?post=16300"},{"taxonomy":"product_cat","embeddable":true,"href":"https:\/\/manskin.ethos-dev.ch\/fr\/wp-json\/wp\/v2\/product_cat?post=16300"},{"taxonomy":"product_tag","embeddable":true,"href":"https:\/\/manskin.ethos-dev.ch\/fr\/wp-json\/wp\/v2\/product_tag?post=16300"}],"curies":[{"name":"wp","href":"https:\/\/api.w.org\/{rel}","templated":true}]}}