{"id":16410,"date":"2022-01-08T13:03:23","date_gmt":"2022-01-08T12:03:23","guid":{"rendered":"https:\/\/manskin.ethos-dev.ch\/produkt\/baxter-of-california-gel-douche-citrus-herbal-musk\/"},"modified":"2024-12-05T19:24:29","modified_gmt":"2024-12-05T18:24:29","slug":"baxter-of-california-gel-douche-citrus-herbal-musk","status":"publish","type":"product","link":"https:\/\/manskin.ethos-dev.ch\/fr\/produkt\/baxter-of-california-gel-douche-citrus-herbal-musk\/","title":{"rendered":"Baxter of California &#8211; Gel douche Citrus &amp; Herbal Musk"},"content":{"rendered":"<h2>Baxter of California &#8211;\u00a0Gel douche Citrus &#038; Herbal Musk<\/h2>\n<ul>\n<li>C&#8217;est un gel douche rafra\u00eechissant\u00a0et hydratant\u00a0pour tous les types de peau \u00e0 usage quotidien, aux agrumes et aux essences de musc.<\/li>\n<li>Il nettoie le corps sans dess\u00e9cher la peau.<\/li>\n<li>Une combinaison de nettoyant doux \u00e0 base de noix de coco avec du gel d&#8217;aloe vera, de l&#8217;huile de jojoba et de la vitamine C.<\/li>\n<li>Sans sulfates et parab\u00e8nes.<\/li>\n<\/ul>\n<p>Contenu 236 ml.<\/p>\n","protected":false},"excerpt":{"rendered":"<p>Baxter of California &#8211;\u00a0Gel douche Citrus &#038; Herbal Musk C&#8217;est un gel douche rafra\u00eechissant\u00a0et hydratant\u00a0pour tous les types de peau \u00e0 usage quotidien, aux agrumes et aux essences de musc. Il nettoie le corps sans dess\u00e9cher la peau. Une combinaison de nettoyant doux \u00e0 base de noix de coco avec du gel d&#8217;aloe vera, de &#8230; <a title=\"Baxter of California &#8211; Gel douche Citrus &amp; Herbal Musk\" class=\"read-more\" href=\"https:\/\/manskin.ethos-dev.ch\/fr\/produkt\/baxter-of-california-gel-douche-citrus-herbal-musk\/\" aria-label=\"En savoir plus sur Baxter of California &#8211; Gel douche Citrus &amp; Herbal Musk\">Lire la suite<\/a><\/p>\n","protected":false},"featured_media":28740,"comment_status":"closed","ping_status":"closed","template":"","meta":{"_acf_changed":false},"pwb-brand":[2753],"product_brand":[],"product_cat":[2905,2357],"product_tag":[],"class_list":{"0":"post-16410","1":"product","2":"type-product","3":"status-publish","4":"has-post-thumbnail","6":"pwb-brand-baxter-of-california","7":"product_cat-baxter-of-california-fr","8":"product_cat-nettoyant-corps","9":"product_shipping_class-standard-fr","10":"pa_hersteller-baxter-of-california-fr-2","11":"sales-flash-overlay","12":"woocommerce-text-align-center","13":"woocommerce-image-align-center","14":"do-quantity-buttons","15":"has-subscription-plans","17":"first","18":"instock","19":"purchasable","20":"product-type-simple"},"acf":[],"yoast_head":"<!-- This site is optimized with the Yoast SEO Premium plugin v24.8 (Yoast SEO v25.4) - https:\/\/yoast.com\/wordpress\/plugins\/seo\/ -->\n<title>Baxter of California - Gel douche Citrus &amp; Herbal Musk | Manskin.ch<\/title>\n<meta name=\"description\" content=\"Baxter of California - Gel douche Citrus &amp; Herbal Musk\" \/>\n<meta name=\"robots\" content=\"noindex, follow, max-snippet:-1, max-image-preview:large, max-video-preview:-1\" \/>\n<meta property=\"og:locale\" content=\"fr_FR\" \/>\n<meta property=\"og:type\" content=\"article\" \/>\n<meta property=\"og:title\" content=\"Baxter of California - Gel douche Citrus &amp; Herbal Musk\" \/>\n<meta property=\"og:description\" content=\"Baxter of California - Gel douche Citrus &amp; Herbal Musk\" \/>\n<meta property=\"og:url\" content=\"https:\/\/manskin.ethos-dev.ch\/fr\/produkt\/baxter-of-california-gel-douche-citrus-herbal-musk\/\" \/>\n<meta property=\"og:site_name\" content=\"Manskin.ch\" \/>\n<meta property=\"article:publisher\" content=\"https:\/\/www.facebook.com\/manskin.ch\" \/>\n<meta property=\"article:modified_time\" content=\"2024-12-05T18:24:29+00:00\" \/>\n<meta property=\"og:image\" content=\"https:\/\/manskin.ethos-dev.ch\/wp-content\/uploads\/2022\/01\/Benton-Snail-Bee-Toner-copy-High-Quality.jpg\" \/>\n\t<meta property=\"og:image:width\" content=\"800\" \/>\n\t<meta property=\"og:image:height\" content=\"800\" \/>\n\t<meta property=\"og:image:type\" content=\"image\/jpeg\" \/>\n<meta name=\"twitter:card\" content=\"summary_large_image\" \/>\n<meta name=\"twitter:label1\" content=\"Prix\" \/>\n\t<meta name=\"twitter:data1\" content=\"23.50&#067;&#072;&#070;\" \/>\n\t<meta name=\"twitter:label2\" content=\"Disponibilit\u00e9\" \/>\n\t<meta name=\"twitter:data2\" content=\"En stock\" \/>\n<script type=\"application\/ld+json\" class=\"yoast-schema-graph\">{\"@context\":\"https:\/\/schema.org\",\"@graph\":[{\"@type\":\"WebPage\",\"@id\":\"https:\/\/manskin.ethos-dev.ch\/fr\/produkt\/baxter-of-california-gel-douche-citrus-herbal-musk\/\",\"url\":\"https:\/\/manskin.ethos-dev.ch\/fr\/produkt\/baxter-of-california-gel-douche-citrus-herbal-musk\/\",\"name\":\"Baxter of California - Gel douche Citrus &amp; Herbal Musk | Manskin.ch\",\"isPartOf\":{\"@id\":\"https:\/\/manskin.ethos-dev.ch\/#website\"},\"primaryImageOfPage\":{\"@id\":\"https:\/\/manskin.ethos-dev.ch\/fr\/produkt\/baxter-of-california-gel-douche-citrus-herbal-musk\/#primaryimage\"},\"image\":{\"@id\":\"https:\/\/manskin.ethos-dev.ch\/fr\/produkt\/baxter-of-california-gel-douche-citrus-herbal-musk\/#primaryimage\"},\"thumbnailUrl\":\"https:\/\/manskin.ethos-dev.ch\/wp-content\/uploads\/2022\/01\/Benton-Snail-Bee-Toner-copy-High-Quality.jpg\",\"datePublished\":\"2022-01-08T12:03:23+00:00\",\"dateModified\":\"2024-12-05T18:24:29+00:00\",\"description\":\"Baxter of California - Gel douche Citrus &amp; Herbal Musk\",\"breadcrumb\":{\"@id\":\"https:\/\/manskin.ethos-dev.ch\/fr\/produkt\/baxter-of-california-gel-douche-citrus-herbal-musk\/#breadcrumb\"},\"inLanguage\":\"fr-FR\",\"potentialAction\":[{\"@type\":\"ReadAction\",\"target\":[\"https:\/\/manskin.ethos-dev.ch\/fr\/produkt\/baxter-of-california-gel-douche-citrus-herbal-musk\/\"]}]},{\"@type\":\"ImageObject\",\"inLanguage\":\"fr-FR\",\"@id\":\"https:\/\/manskin.ethos-dev.ch\/fr\/produkt\/baxter-of-california-gel-douche-citrus-herbal-musk\/#primaryimage\",\"url\":\"https:\/\/manskin.ethos-dev.ch\/wp-content\/uploads\/2022\/01\/Benton-Snail-Bee-Toner-copy-High-Quality.jpg\",\"contentUrl\":\"https:\/\/manskin.ethos-dev.ch\/wp-content\/uploads\/2022\/01\/Benton-Snail-Bee-Toner-copy-High-Quality.jpg\",\"width\":800,\"height\":800},{\"@type\":\"BreadcrumbList\",\"@id\":\"https:\/\/manskin.ethos-dev.ch\/fr\/produkt\/baxter-of-california-gel-douche-citrus-herbal-musk\/#breadcrumb\",\"itemListElement\":[{\"@type\":\"ListItem\",\"position\":1,\"name\":\"Startseite\",\"item\":\"https:\/\/manskin.ethos-dev.ch\/fr\/\"},{\"@type\":\"ListItem\",\"position\":2,\"name\":\"Shop\",\"item\":\"https:\/\/manskin.ethos-dev.ch\/shop\/\"},{\"@type\":\"ListItem\",\"position\":3,\"name\":\"Baxter of California &#8211; Gel douche Citrus &amp; Herbal Musk\"}]},{\"@type\":\"WebSite\",\"@id\":\"https:\/\/manskin.ethos-dev.ch\/#website\",\"url\":\"https:\/\/manskin.ethos-dev.ch\/\",\"name\":\"Manskin.ch\",\"description\":\"Tous les produits de beaut\u00e9 pour les hommes les plus exigeants\",\"publisher\":{\"@id\":\"https:\/\/manskin.ethos-dev.ch\/#organization\"},\"potentialAction\":[{\"@type\":\"SearchAction\",\"target\":{\"@type\":\"EntryPoint\",\"urlTemplate\":\"https:\/\/manskin.ethos-dev.ch\/?s={search_term_string}\"},\"query-input\":{\"@type\":\"PropertyValueSpecification\",\"valueRequired\":true,\"valueName\":\"search_term_string\"}}],\"inLanguage\":\"fr-FR\"},{\"@type\":\"Organization\",\"@id\":\"https:\/\/manskin.ethos-dev.ch\/#organization\",\"name\":\"Manskin.ch - der Schweizer Onlineshop f\u00fcr qualit\u00e4tsstarke M\u00e4nnerpflege\",\"url\":\"https:\/\/manskin.ethos-dev.ch\/\",\"logo\":{\"@type\":\"ImageObject\",\"inLanguage\":\"fr-FR\",\"@id\":\"https:\/\/manskin.ethos-dev.ch\/#\/schema\/logo\/image\/\",\"url\":\"https:\/\/manskin.ethos-dev.ch\/wp-content\/uploads\/2021\/04\/cropped-logo_head.png\",\"contentUrl\":\"https:\/\/manskin.ethos-dev.ch\/wp-content\/uploads\/2021\/04\/cropped-logo_head.png\",\"width\":235,\"height\":75,\"caption\":\"Manskin.ch - der Schweizer Onlineshop f\u00fcr qualit\u00e4tsstarke M\u00e4nnerpflege\"},\"image\":{\"@id\":\"https:\/\/manskin.ethos-dev.ch\/#\/schema\/logo\/image\/\"},\"sameAs\":[\"https:\/\/www.facebook.com\/manskin.ch\",\"https:\/\/www.instagram.com\/manskin.ch\/\"]}]}<\/script>\n<meta property=\"product:price:amount\" content=\"23.50\" \/>\n<meta property=\"product:price:currency\" content=\"CHF\" \/>\n<meta property=\"og:availability\" content=\"instock\" \/>\n<meta property=\"product:availability\" content=\"instock\" \/>\n<meta property=\"product:retailer_item_id\" content=\"12364\" \/>\n<meta property=\"product:condition\" content=\"new\" \/>\n<!-- \/ Yoast SEO Premium plugin. -->","yoast_head_json":{"title":"Baxter of California - Gel douche Citrus &amp; Herbal Musk | Manskin.ch","description":"Baxter of California - Gel douche Citrus &amp; Herbal Musk","robots":{"index":"noindex","follow":"follow","max-snippet":"max-snippet:-1","max-image-preview":"max-image-preview:large","max-video-preview":"max-video-preview:-1"},"og_locale":"fr_FR","og_type":"article","og_title":"Baxter of California - Gel douche Citrus &amp; Herbal Musk","og_description":"Baxter of California - Gel douche Citrus &amp; Herbal Musk","og_url":"https:\/\/manskin.ethos-dev.ch\/fr\/produkt\/baxter-of-california-gel-douche-citrus-herbal-musk\/","og_site_name":"Manskin.ch","article_publisher":"https:\/\/www.facebook.com\/manskin.ch","article_modified_time":"2024-12-05T18:24:29+00:00","og_image":[{"width":800,"height":800,"url":"https:\/\/manskin.ethos-dev.ch\/wp-content\/uploads\/2022\/01\/Benton-Snail-Bee-Toner-copy-High-Quality.jpg","type":"image\/jpeg"}],"twitter_card":"summary_large_image","twitter_misc":{"Prix":"23.50&#67;&#72;&#70;","Disponibilit\u00e9":"En stock"},"schema":{"@context":"https:\/\/schema.org","@graph":[{"@type":"WebPage","@id":"https:\/\/manskin.ethos-dev.ch\/fr\/produkt\/baxter-of-california-gel-douche-citrus-herbal-musk\/","url":"https:\/\/manskin.ethos-dev.ch\/fr\/produkt\/baxter-of-california-gel-douche-citrus-herbal-musk\/","name":"Baxter of California - Gel douche Citrus &amp; Herbal Musk | Manskin.ch","isPartOf":{"@id":"https:\/\/manskin.ethos-dev.ch\/#website"},"primaryImageOfPage":{"@id":"https:\/\/manskin.ethos-dev.ch\/fr\/produkt\/baxter-of-california-gel-douche-citrus-herbal-musk\/#primaryimage"},"image":{"@id":"https:\/\/manskin.ethos-dev.ch\/fr\/produkt\/baxter-of-california-gel-douche-citrus-herbal-musk\/#primaryimage"},"thumbnailUrl":"https:\/\/manskin.ethos-dev.ch\/wp-content\/uploads\/2022\/01\/Benton-Snail-Bee-Toner-copy-High-Quality.jpg","datePublished":"2022-01-08T12:03:23+00:00","dateModified":"2024-12-05T18:24:29+00:00","description":"Baxter of California - Gel douche Citrus &amp; Herbal Musk","breadcrumb":{"@id":"https:\/\/manskin.ethos-dev.ch\/fr\/produkt\/baxter-of-california-gel-douche-citrus-herbal-musk\/#breadcrumb"},"inLanguage":"fr-FR","potentialAction":[{"@type":"ReadAction","target":["https:\/\/manskin.ethos-dev.ch\/fr\/produkt\/baxter-of-california-gel-douche-citrus-herbal-musk\/"]}]},{"@type":"ImageObject","inLanguage":"fr-FR","@id":"https:\/\/manskin.ethos-dev.ch\/fr\/produkt\/baxter-of-california-gel-douche-citrus-herbal-musk\/#primaryimage","url":"https:\/\/manskin.ethos-dev.ch\/wp-content\/uploads\/2022\/01\/Benton-Snail-Bee-Toner-copy-High-Quality.jpg","contentUrl":"https:\/\/manskin.ethos-dev.ch\/wp-content\/uploads\/2022\/01\/Benton-Snail-Bee-Toner-copy-High-Quality.jpg","width":800,"height":800},{"@type":"BreadcrumbList","@id":"https:\/\/manskin.ethos-dev.ch\/fr\/produkt\/baxter-of-california-gel-douche-citrus-herbal-musk\/#breadcrumb","itemListElement":[{"@type":"ListItem","position":1,"name":"Startseite","item":"https:\/\/manskin.ethos-dev.ch\/fr\/"},{"@type":"ListItem","position":2,"name":"Shop","item":"https:\/\/manskin.ethos-dev.ch\/shop\/"},{"@type":"ListItem","position":3,"name":"Baxter of California &#8211; Gel douche Citrus &amp; Herbal Musk"}]},{"@type":"WebSite","@id":"https:\/\/manskin.ethos-dev.ch\/#website","url":"https:\/\/manskin.ethos-dev.ch\/","name":"Manskin.ch","description":"Tous les produits de beaut\u00e9 pour les hommes les plus exigeants","publisher":{"@id":"https:\/\/manskin.ethos-dev.ch\/#organization"},"potentialAction":[{"@type":"SearchAction","target":{"@type":"EntryPoint","urlTemplate":"https:\/\/manskin.ethos-dev.ch\/?s={search_term_string}"},"query-input":{"@type":"PropertyValueSpecification","valueRequired":true,"valueName":"search_term_string"}}],"inLanguage":"fr-FR"},{"@type":"Organization","@id":"https:\/\/manskin.ethos-dev.ch\/#organization","name":"Manskin.ch - der Schweizer Onlineshop f\u00fcr qualit\u00e4tsstarke M\u00e4nnerpflege","url":"https:\/\/manskin.ethos-dev.ch\/","logo":{"@type":"ImageObject","inLanguage":"fr-FR","@id":"https:\/\/manskin.ethos-dev.ch\/#\/schema\/logo\/image\/","url":"https:\/\/manskin.ethos-dev.ch\/wp-content\/uploads\/2021\/04\/cropped-logo_head.png","contentUrl":"https:\/\/manskin.ethos-dev.ch\/wp-content\/uploads\/2021\/04\/cropped-logo_head.png","width":235,"height":75,"caption":"Manskin.ch - der Schweizer Onlineshop f\u00fcr qualit\u00e4tsstarke M\u00e4nnerpflege"},"image":{"@id":"https:\/\/manskin.ethos-dev.ch\/#\/schema\/logo\/image\/"},"sameAs":["https:\/\/www.facebook.com\/manskin.ch","https:\/\/www.instagram.com\/manskin.ch\/"]}]},"product_price_amount":"23.50","product_price_currency":"CHF","og_availability":"instock","product_availability":"instock","product_retailer_item_id":"12364","product_condition":"new"},"brands":[{"id":2753,"name":"Baxter of California","slug":"baxter-of-california"}],"_links":{"self":[{"href":"https:\/\/manskin.ethos-dev.ch\/fr\/wp-json\/wp\/v2\/product\/16410","targetHints":{"allow":["GET"]}}],"collection":[{"href":"https:\/\/manskin.ethos-dev.ch\/fr\/wp-json\/wp\/v2\/product"}],"about":[{"href":"https:\/\/manskin.ethos-dev.ch\/fr\/wp-json\/wp\/v2\/types\/product"}],"replies":[{"embeddable":true,"href":"https:\/\/manskin.ethos-dev.ch\/fr\/wp-json\/wp\/v2\/comments?post=16410"}],"wp:featuredmedia":[{"embeddable":true,"href":"https:\/\/manskin.ethos-dev.ch\/fr\/wp-json\/wp\/v2\/media\/28740"}],"wp:attachment":[{"href":"https:\/\/manskin.ethos-dev.ch\/fr\/wp-json\/wp\/v2\/media?parent=16410"}],"wp:term":[{"taxonomy":"pwb-brand","embeddable":true,"href":"https:\/\/manskin.ethos-dev.ch\/fr\/wp-json\/wp\/v2\/pwb-brand?post=16410"},{"taxonomy":"product_brand","embeddable":true,"href":"https:\/\/manskin.ethos-dev.ch\/fr\/wp-json\/wp\/v2\/product_brand?post=16410"},{"taxonomy":"product_cat","embeddable":true,"href":"https:\/\/manskin.ethos-dev.ch\/fr\/wp-json\/wp\/v2\/product_cat?post=16410"},{"taxonomy":"product_tag","embeddable":true,"href":"https:\/\/manskin.ethos-dev.ch\/fr\/wp-json\/wp\/v2\/product_tag?post=16410"}],"curies":[{"name":"wp","href":"https:\/\/api.w.org\/{rel}","templated":true}]}}