{"id":16626,"date":"2022-01-08T12:53:41","date_gmt":"2022-01-08T11:53:41","guid":{"rendered":"https:\/\/manskin.ethos-dev.ch\/produkt\/doers-of-london-bodylotion-300-ml\/"},"modified":"2025-04-07T09:56:37","modified_gmt":"2025-04-07T07:56:37","slug":"doers-of-london-bodylotion","status":"publish","type":"product","link":"https:\/\/manskin.ethos-dev.ch\/fr\/produkt\/doers-of-london-bodylotion\/","title":{"rendered":"Doers of London &#8211; Bodylotion 300 ml"},"content":{"rendered":"<h2>Doers of London\u00a0 -Bodylotion 300 ml<\/h2>\n<ul>\n<li>L\u2019effet calmant de la lotion pour le corps est bas\u00e9 sur un m\u00e9lange de plantes anti-inflammatoires hautement efficaces.<\/li>\n<li>La peau est prot\u00e9g\u00e9e, nourrie et d\u00e9tendue.<\/li>\n<li>Extrait d\u2019arnica biologique: contient de l\u2019h\u00e9l\u00e9naline, qui soulage les douleurs musculaires et la raideur corporelle<\/li>\n<li>Extrait de souci biologique: poss\u00e8de de fortes propri\u00e9t\u00e9s anti-inflammatoires qui apaisent la peau et am\u00e9liorent la production de collag\u00e8ne.<\/li>\n<li>Extrait de m\u00e9lisse bio: riche en tanins, un astringent naturel et antioxydant qui \u00e9quilibre la peau.<\/li>\n<li>Beurre de karit\u00e9 et de cacao: contient des niveaux \u00e9lev\u00e9s d\u2019acides gras et de vitamines qui nourrissent la peau et am\u00e9liorent l\u2019hydratation.<\/li>\n<\/ul>\n<p>Contenu 300 ml.<\/p>\n","protected":false},"excerpt":{"rendered":"<p>Doers of London\u00a0 -Bodylotion 300 ml L\u2019effet calmant de la lotion pour le corps est bas\u00e9 sur un m\u00e9lange de plantes anti-inflammatoires hautement efficaces. La peau est prot\u00e9g\u00e9e, nourrie et d\u00e9tendue. Extrait d\u2019arnica biologique: contient de l\u2019h\u00e9l\u00e9naline, qui soulage les douleurs musculaires et la raideur corporelle Extrait de souci biologique: poss\u00e8de de fortes propri\u00e9t\u00e9s anti-inflammatoires &#8230; <a title=\"Doers of London &#8211; Bodylotion 300 ml\" class=\"read-more\" href=\"https:\/\/manskin.ethos-dev.ch\/fr\/produkt\/doers-of-london-bodylotion\/\" aria-label=\"En savoir plus sur Doers of London &#8211; Bodylotion 300 ml\">Lire la suite<\/a><\/p>\n","protected":false},"featured_media":13571,"comment_status":"closed","ping_status":"closed","template":"","meta":{"_acf_changed":false},"pwb-brand":[2757],"product_brand":[],"product_cat":[2356,2373,2414],"product_tag":[],"class_list":{"0":"post-16626","1":"product","2":"type-product","3":"status-publish","4":"has-post-thumbnail","6":"pwb-brand-doers-of-london","7":"product_cat-lotion-corps","8":"product_cat-doers-of-london-fr","9":"product_cat-cosmetique-naturelle","10":"product_shipping_class-standard-fr","11":"pa_hersteller-doers-of-london-fr-2","12":"sales-flash-overlay","13":"woocommerce-text-align-center","14":"woocommerce-image-align-center","15":"do-quantity-buttons","16":"has-subscription-plans","18":"first","19":"instock","20":"purchasable","21":"product-type-simple"},"acf":[],"yoast_head":"<!-- This site is optimized with the Yoast SEO Premium plugin v24.8 (Yoast SEO v25.4) - https:\/\/yoast.com\/wordpress\/plugins\/seo\/ -->\n<title>Lotion pour le corps Doers of London \u00e0 l&#039;arnica et au calendula bio<\/title>\n<meta name=\"description\" content=\"Des plantes anti-inflammatoires telles que l&#039;arnica, le calendula, la m\u00e9lisse citronn\u00e9e et le beurre de cacao prot\u00e8gent et nourrissent efficacement la peau,\" \/>\n<meta name=\"robots\" content=\"noindex, follow, max-snippet:-1, max-image-preview:large, max-video-preview:-1\" \/>\n<meta property=\"og:locale\" content=\"fr_FR\" \/>\n<meta property=\"og:type\" content=\"article\" \/>\n<meta property=\"og:title\" content=\"Doers of London - Bodylotion 300 ml\" \/>\n<meta property=\"og:description\" content=\"Des plantes anti-inflammatoires telles que l&#039;arnica, le calendula, la m\u00e9lisse citronn\u00e9e et le beurre de cacao prot\u00e8gent et nourrissent efficacement la peau,\" \/>\n<meta property=\"og:url\" content=\"https:\/\/manskin.ethos-dev.ch\/fr\/produkt\/doers-of-london-bodylotion\/\" \/>\n<meta property=\"og:site_name\" content=\"Manskin.ch\" \/>\n<meta property=\"article:publisher\" content=\"https:\/\/www.facebook.com\/manskin.ch\" \/>\n<meta property=\"article:modified_time\" content=\"2025-04-07T07:56:37+00:00\" \/>\n<meta property=\"og:image\" content=\"https:\/\/manskin.ethos-dev.ch\/wp-content\/uploads\/2022\/01\/bodylotion-1.jpg\" \/>\n\t<meta property=\"og:image:width\" content=\"554\" \/>\n\t<meta property=\"og:image:height\" content=\"800\" \/>\n\t<meta property=\"og:image:type\" content=\"image\/jpeg\" \/>\n<meta name=\"twitter:card\" content=\"summary_large_image\" \/>\n<meta name=\"twitter:label1\" content=\"Prix\" \/>\n\t<meta name=\"twitter:data1\" content=\"26.00&#067;&#072;&#070;\" \/>\n\t<meta name=\"twitter:label2\" content=\"Disponibilit\u00e9\" \/>\n\t<meta name=\"twitter:data2\" content=\"En stock\" \/>\n<script type=\"application\/ld+json\" class=\"yoast-schema-graph\">{\"@context\":\"https:\/\/schema.org\",\"@graph\":[{\"@type\":\"WebPage\",\"@id\":\"https:\/\/manskin.ethos-dev.ch\/fr\/produkt\/doers-of-london-bodylotion\/\",\"url\":\"https:\/\/manskin.ethos-dev.ch\/fr\/produkt\/doers-of-london-bodylotion\/\",\"name\":\"Lotion pour le corps Doers of London \u00e0 l'arnica et au calendula bio\",\"isPartOf\":{\"@id\":\"https:\/\/manskin.ethos-dev.ch\/#website\"},\"primaryImageOfPage\":{\"@id\":\"https:\/\/manskin.ethos-dev.ch\/fr\/produkt\/doers-of-london-bodylotion\/#primaryimage\"},\"image\":{\"@id\":\"https:\/\/manskin.ethos-dev.ch\/fr\/produkt\/doers-of-london-bodylotion\/#primaryimage\"},\"thumbnailUrl\":\"https:\/\/manskin.ethos-dev.ch\/wp-content\/uploads\/2022\/01\/bodylotion-1.jpg\",\"datePublished\":\"2022-01-08T11:53:41+00:00\",\"dateModified\":\"2025-04-07T07:56:37+00:00\",\"description\":\"Des plantes anti-inflammatoires telles que l'arnica, le calendula, la m\u00e9lisse citronn\u00e9e et le beurre de cacao prot\u00e8gent et nourrissent efficacement la peau,\",\"breadcrumb\":{\"@id\":\"https:\/\/manskin.ethos-dev.ch\/fr\/produkt\/doers-of-london-bodylotion\/#breadcrumb\"},\"inLanguage\":\"fr-FR\",\"potentialAction\":[{\"@type\":\"ReadAction\",\"target\":[\"https:\/\/manskin.ethos-dev.ch\/fr\/produkt\/doers-of-london-bodylotion\/\"]}]},{\"@type\":\"ImageObject\",\"inLanguage\":\"fr-FR\",\"@id\":\"https:\/\/manskin.ethos-dev.ch\/fr\/produkt\/doers-of-london-bodylotion\/#primaryimage\",\"url\":\"https:\/\/manskin.ethos-dev.ch\/wp-content\/uploads\/2022\/01\/bodylotion-1.jpg\",\"contentUrl\":\"https:\/\/manskin.ethos-dev.ch\/wp-content\/uploads\/2022\/01\/bodylotion-1.jpg\",\"width\":554,\"height\":800},{\"@type\":\"BreadcrumbList\",\"@id\":\"https:\/\/manskin.ethos-dev.ch\/fr\/produkt\/doers-of-london-bodylotion\/#breadcrumb\",\"itemListElement\":[{\"@type\":\"ListItem\",\"position\":1,\"name\":\"Startseite\",\"item\":\"https:\/\/manskin.ethos-dev.ch\/fr\/\"},{\"@type\":\"ListItem\",\"position\":2,\"name\":\"Shop\",\"item\":\"https:\/\/manskin.ethos-dev.ch\/shop\/\"},{\"@type\":\"ListItem\",\"position\":3,\"name\":\"Doers of London &#8211; Bodylotion 300 ml\"}]},{\"@type\":\"WebSite\",\"@id\":\"https:\/\/manskin.ethos-dev.ch\/#website\",\"url\":\"https:\/\/manskin.ethos-dev.ch\/\",\"name\":\"Manskin.ch\",\"description\":\"Tous les produits de beaut\u00e9 pour les hommes les plus exigeants\",\"publisher\":{\"@id\":\"https:\/\/manskin.ethos-dev.ch\/#organization\"},\"potentialAction\":[{\"@type\":\"SearchAction\",\"target\":{\"@type\":\"EntryPoint\",\"urlTemplate\":\"https:\/\/manskin.ethos-dev.ch\/?s={search_term_string}\"},\"query-input\":{\"@type\":\"PropertyValueSpecification\",\"valueRequired\":true,\"valueName\":\"search_term_string\"}}],\"inLanguage\":\"fr-FR\"},{\"@type\":\"Organization\",\"@id\":\"https:\/\/manskin.ethos-dev.ch\/#organization\",\"name\":\"Manskin.ch - der Schweizer Onlineshop f\u00fcr qualit\u00e4tsstarke M\u00e4nnerpflege\",\"url\":\"https:\/\/manskin.ethos-dev.ch\/\",\"logo\":{\"@type\":\"ImageObject\",\"inLanguage\":\"fr-FR\",\"@id\":\"https:\/\/manskin.ethos-dev.ch\/#\/schema\/logo\/image\/\",\"url\":\"https:\/\/manskin.ethos-dev.ch\/wp-content\/uploads\/2021\/04\/cropped-logo_head.png\",\"contentUrl\":\"https:\/\/manskin.ethos-dev.ch\/wp-content\/uploads\/2021\/04\/cropped-logo_head.png\",\"width\":235,\"height\":75,\"caption\":\"Manskin.ch - der Schweizer Onlineshop f\u00fcr qualit\u00e4tsstarke M\u00e4nnerpflege\"},\"image\":{\"@id\":\"https:\/\/manskin.ethos-dev.ch\/#\/schema\/logo\/image\/\"},\"sameAs\":[\"https:\/\/www.facebook.com\/manskin.ch\",\"https:\/\/www.instagram.com\/manskin.ch\/\"]}]}<\/script>\n<meta property=\"product:price:amount\" content=\"26.00\" \/>\n<meta property=\"product:price:currency\" content=\"CHF\" \/>\n<meta property=\"og:availability\" content=\"instock\" \/>\n<meta property=\"product:availability\" content=\"instock\" \/>\n<meta property=\"product:retailer_item_id\" content=\"12655\" \/>\n<meta property=\"product:condition\" content=\"new\" \/>\n<!-- \/ Yoast SEO Premium plugin. -->","yoast_head_json":{"title":"Lotion pour le corps Doers of London \u00e0 l'arnica et au calendula bio","description":"Des plantes anti-inflammatoires telles que l'arnica, le calendula, la m\u00e9lisse citronn\u00e9e et le beurre de cacao prot\u00e8gent et nourrissent efficacement la peau,","robots":{"index":"noindex","follow":"follow","max-snippet":"max-snippet:-1","max-image-preview":"max-image-preview:large","max-video-preview":"max-video-preview:-1"},"og_locale":"fr_FR","og_type":"article","og_title":"Doers of London - Bodylotion 300 ml","og_description":"Des plantes anti-inflammatoires telles que l'arnica, le calendula, la m\u00e9lisse citronn\u00e9e et le beurre de cacao prot\u00e8gent et nourrissent efficacement la peau,","og_url":"https:\/\/manskin.ethos-dev.ch\/fr\/produkt\/doers-of-london-bodylotion\/","og_site_name":"Manskin.ch","article_publisher":"https:\/\/www.facebook.com\/manskin.ch","article_modified_time":"2025-04-07T07:56:37+00:00","og_image":[{"width":554,"height":800,"url":"https:\/\/manskin.ethos-dev.ch\/wp-content\/uploads\/2022\/01\/bodylotion-1.jpg","type":"image\/jpeg"}],"twitter_card":"summary_large_image","twitter_misc":{"Prix":"26.00&#67;&#72;&#70;","Disponibilit\u00e9":"En stock"},"schema":{"@context":"https:\/\/schema.org","@graph":[{"@type":"WebPage","@id":"https:\/\/manskin.ethos-dev.ch\/fr\/produkt\/doers-of-london-bodylotion\/","url":"https:\/\/manskin.ethos-dev.ch\/fr\/produkt\/doers-of-london-bodylotion\/","name":"Lotion pour le corps Doers of London \u00e0 l'arnica et au calendula bio","isPartOf":{"@id":"https:\/\/manskin.ethos-dev.ch\/#website"},"primaryImageOfPage":{"@id":"https:\/\/manskin.ethos-dev.ch\/fr\/produkt\/doers-of-london-bodylotion\/#primaryimage"},"image":{"@id":"https:\/\/manskin.ethos-dev.ch\/fr\/produkt\/doers-of-london-bodylotion\/#primaryimage"},"thumbnailUrl":"https:\/\/manskin.ethos-dev.ch\/wp-content\/uploads\/2022\/01\/bodylotion-1.jpg","datePublished":"2022-01-08T11:53:41+00:00","dateModified":"2025-04-07T07:56:37+00:00","description":"Des plantes anti-inflammatoires telles que l'arnica, le calendula, la m\u00e9lisse citronn\u00e9e et le beurre de cacao prot\u00e8gent et nourrissent efficacement la peau,","breadcrumb":{"@id":"https:\/\/manskin.ethos-dev.ch\/fr\/produkt\/doers-of-london-bodylotion\/#breadcrumb"},"inLanguage":"fr-FR","potentialAction":[{"@type":"ReadAction","target":["https:\/\/manskin.ethos-dev.ch\/fr\/produkt\/doers-of-london-bodylotion\/"]}]},{"@type":"ImageObject","inLanguage":"fr-FR","@id":"https:\/\/manskin.ethos-dev.ch\/fr\/produkt\/doers-of-london-bodylotion\/#primaryimage","url":"https:\/\/manskin.ethos-dev.ch\/wp-content\/uploads\/2022\/01\/bodylotion-1.jpg","contentUrl":"https:\/\/manskin.ethos-dev.ch\/wp-content\/uploads\/2022\/01\/bodylotion-1.jpg","width":554,"height":800},{"@type":"BreadcrumbList","@id":"https:\/\/manskin.ethos-dev.ch\/fr\/produkt\/doers-of-london-bodylotion\/#breadcrumb","itemListElement":[{"@type":"ListItem","position":1,"name":"Startseite","item":"https:\/\/manskin.ethos-dev.ch\/fr\/"},{"@type":"ListItem","position":2,"name":"Shop","item":"https:\/\/manskin.ethos-dev.ch\/shop\/"},{"@type":"ListItem","position":3,"name":"Doers of London &#8211; Bodylotion 300 ml"}]},{"@type":"WebSite","@id":"https:\/\/manskin.ethos-dev.ch\/#website","url":"https:\/\/manskin.ethos-dev.ch\/","name":"Manskin.ch","description":"Tous les produits de beaut\u00e9 pour les hommes les plus exigeants","publisher":{"@id":"https:\/\/manskin.ethos-dev.ch\/#organization"},"potentialAction":[{"@type":"SearchAction","target":{"@type":"EntryPoint","urlTemplate":"https:\/\/manskin.ethos-dev.ch\/?s={search_term_string}"},"query-input":{"@type":"PropertyValueSpecification","valueRequired":true,"valueName":"search_term_string"}}],"inLanguage":"fr-FR"},{"@type":"Organization","@id":"https:\/\/manskin.ethos-dev.ch\/#organization","name":"Manskin.ch - der Schweizer Onlineshop f\u00fcr qualit\u00e4tsstarke M\u00e4nnerpflege","url":"https:\/\/manskin.ethos-dev.ch\/","logo":{"@type":"ImageObject","inLanguage":"fr-FR","@id":"https:\/\/manskin.ethos-dev.ch\/#\/schema\/logo\/image\/","url":"https:\/\/manskin.ethos-dev.ch\/wp-content\/uploads\/2021\/04\/cropped-logo_head.png","contentUrl":"https:\/\/manskin.ethos-dev.ch\/wp-content\/uploads\/2021\/04\/cropped-logo_head.png","width":235,"height":75,"caption":"Manskin.ch - der Schweizer Onlineshop f\u00fcr qualit\u00e4tsstarke M\u00e4nnerpflege"},"image":{"@id":"https:\/\/manskin.ethos-dev.ch\/#\/schema\/logo\/image\/"},"sameAs":["https:\/\/www.facebook.com\/manskin.ch","https:\/\/www.instagram.com\/manskin.ch\/"]}]},"product_price_amount":"26.00","product_price_currency":"CHF","og_availability":"instock","product_availability":"instock","product_retailer_item_id":"12655","product_condition":"new"},"brands":[{"id":2757,"name":"Doers of London","slug":"doers-of-london"}],"_links":{"self":[{"href":"https:\/\/manskin.ethos-dev.ch\/fr\/wp-json\/wp\/v2\/product\/16626","targetHints":{"allow":["GET"]}}],"collection":[{"href":"https:\/\/manskin.ethos-dev.ch\/fr\/wp-json\/wp\/v2\/product"}],"about":[{"href":"https:\/\/manskin.ethos-dev.ch\/fr\/wp-json\/wp\/v2\/types\/product"}],"replies":[{"embeddable":true,"href":"https:\/\/manskin.ethos-dev.ch\/fr\/wp-json\/wp\/v2\/comments?post=16626"}],"wp:featuredmedia":[{"embeddable":true,"href":"https:\/\/manskin.ethos-dev.ch\/fr\/wp-json\/wp\/v2\/media\/13571"}],"wp:attachment":[{"href":"https:\/\/manskin.ethos-dev.ch\/fr\/wp-json\/wp\/v2\/media?parent=16626"}],"wp:term":[{"taxonomy":"pwb-brand","embeddable":true,"href":"https:\/\/manskin.ethos-dev.ch\/fr\/wp-json\/wp\/v2\/pwb-brand?post=16626"},{"taxonomy":"product_brand","embeddable":true,"href":"https:\/\/manskin.ethos-dev.ch\/fr\/wp-json\/wp\/v2\/product_brand?post=16626"},{"taxonomy":"product_cat","embeddable":true,"href":"https:\/\/manskin.ethos-dev.ch\/fr\/wp-json\/wp\/v2\/product_cat?post=16626"},{"taxonomy":"product_tag","embeddable":true,"href":"https:\/\/manskin.ethos-dev.ch\/fr\/wp-json\/wp\/v2\/product_tag?post=16626"}],"curies":[{"name":"wp","href":"https:\/\/api.w.org\/{rel}","templated":true}]}}