{"id":16632,"date":"2022-01-08T13:32:26","date_gmt":"2022-01-08T12:32:26","guid":{"rendered":"https:\/\/manskin.ethos-dev.ch\/produkt\/doers-of-london-shave-cream-creme-a-raser\/"},"modified":"2025-05-19T08:39:51","modified_gmt":"2025-05-19T06:39:51","slug":"doers-of-london-shave-cream","status":"publish","type":"product","link":"https:\/\/manskin.ethos-dev.ch\/fr\/produkt\/doers-of-london-shave-cream\/","title":{"rendered":"Doers of London &#8211; Shave Cream Cr\u00e8me \u00e0 raser"},"content":{"rendered":"<h2>Doers of London &#8211; Shave Cream Cr\u00e8me de rasage<\/h2>\n<ul>\n<li>Lors du rasage, la peau est fortement sollicit\u00e9e par la lame. La cr\u00e8me de rasage facilite le processus de rasage par son glissement particuli\u00e8rement facile et soulage le stress de la peau.<\/li>\n<li>La cr\u00e8me de rasage cr\u00e9meuse et non moussante est appliqu\u00e9e directement sur le visage avec vos mains ou un pinceau.<\/li>\n<li>Extrait organique de bouleau: poss\u00e8de des propri\u00e9t\u00e9s d\u00e9congestionnantes et astringentes qui peuvent aider \u00e0 soulager l&#8217;inflammation et les rougeurs.<\/li>\n<li>Huile de p\u00e9pins de raisin biologique: contient des polyph\u00e9nols et du resv\u00e9ratrol, des antioxydants remarquables, ainsi que de l&#8217;acide linol\u00e9ique om\u00e9ga-6, qui permet de restaurer les barri\u00e8res cutan\u00e9es tout en am\u00e9liorant le pouvoir lubrifiant.<\/li>\n<li>Le beurre de karit\u00e9: riche en acides gras essentiels et en vitamines, adoucit, hydrate et r\u00e9g\u00e9n\u00e8re la peau.<\/li>\n<li>Huile de v\u00e9tiver et de myrrhe: poss\u00e8de des propri\u00e9t\u00e9s calmantes et antiseptiques qui peuvent aider rapidement la gu\u00e9rison de la peau pendant et apr\u00e8s le rasage.<\/li>\n<li>Test\u00e9 dermatologiquement.<\/li>\n<li>Certifi\u00e9 par la Vegan Society.<\/li>\n<\/ul>\n<p>Contenu 100 ml.<\/p>\n","protected":false},"excerpt":{"rendered":"<p>Doers of London &#8211; Shave Cream Cr\u00e8me de rasage Lors du rasage, la peau est fortement sollicit\u00e9e par la lame. La cr\u00e8me de rasage facilite le processus de rasage par son glissement particuli\u00e8rement facile et soulage le stress de la peau. La cr\u00e8me de rasage cr\u00e9meuse et non moussante est appliqu\u00e9e directement sur le visage &#8230; <a title=\"Doers of London &#8211; Shave Cream Cr\u00e8me \u00e0 raser\" class=\"read-more\" href=\"https:\/\/manskin.ethos-dev.ch\/fr\/produkt\/doers-of-london-shave-cream\/\" aria-label=\"En savoir plus sur Doers of London &#8211; Shave Cream Cr\u00e8me \u00e0 raser\">Lire la suite<\/a><\/p>\n","protected":false},"featured_media":3732,"comment_status":"closed","ping_status":"closed","template":"","meta":{"_acf_changed":false},"pwb-brand":[2757],"product_brand":[],"product_cat":[2373,2414,2311],"product_tag":[],"class_list":{"0":"post-16632","1":"product","2":"type-product","3":"status-publish","4":"has-post-thumbnail","6":"pwb-brand-doers-of-london","7":"product_cat-doers-of-london-fr","8":"product_cat-cosmetique-naturelle","9":"product_cat-creme-a-raser","10":"product_shipping_class-standard-fr","11":"pa_hersteller-doers-of-london-fr-2","12":"sales-flash-overlay","13":"woocommerce-text-align-center","14":"woocommerce-image-align-center","15":"do-quantity-buttons","16":"wc-has-gallery","17":"has-subscription-plans","19":"first","20":"instock","21":"purchasable","22":"product-type-simple"},"acf":[],"yoast_head":"<!-- This site is optimized with the Yoast SEO Premium plugin v24.8 (Yoast SEO v25.4) - https:\/\/yoast.com\/wordpress\/plugins\/seo\/ -->\n<title>Cr\u00e8me \u00e0 raser Vegan Doers of London pour tous les types de peau<\/title>\n<meta name=\"description\" content=\"La cr\u00e8me \u00e0 raser Doers of London facilite le processus de rasage gr\u00e2ce \u00e0 une glisse particuli\u00e8rement ais\u00e9e et soulage le stress de la peau. A commander d\u00e8s maintenant chez Manskin.ch.\" \/>\n<meta name=\"robots\" content=\"noindex, follow, max-snippet:-1, max-image-preview:large, max-video-preview:-1\" \/>\n<meta property=\"og:locale\" content=\"fr_FR\" \/>\n<meta property=\"og:type\" content=\"article\" \/>\n<meta property=\"og:title\" content=\"Doers of London - Shave Cream Cr\u00e8me \u00e0 raser\" \/>\n<meta property=\"og:description\" content=\"La cr\u00e8me \u00e0 raser Doers of London facilite le processus de rasage gr\u00e2ce \u00e0 une glisse particuli\u00e8rement ais\u00e9e et soulage le stress de la peau. A commander d\u00e8s maintenant chez Manskin.ch.\" \/>\n<meta property=\"og:url\" content=\"https:\/\/manskin.ethos-dev.ch\/fr\/produkt\/doers-of-london-shave-cream\/\" \/>\n<meta property=\"og:site_name\" content=\"Manskin.ch\" \/>\n<meta property=\"article:publisher\" content=\"https:\/\/www.facebook.com\/manskin.ch\" \/>\n<meta property=\"article:modified_time\" content=\"2025-05-19T06:39:51+00:00\" \/>\n<meta property=\"og:image\" content=\"https:\/\/manskin.ethos-dev.ch\/wp-content\/uploads\/2022\/01\/1144_0.jpg\" \/>\n\t<meta property=\"og:image:width\" content=\"800\" \/>\n\t<meta property=\"og:image:height\" content=\"800\" \/>\n\t<meta property=\"og:image:type\" content=\"image\/jpeg\" \/>\n<meta name=\"twitter:card\" content=\"summary_large_image\" \/>\n<meta name=\"twitter:label1\" content=\"Prix\" \/>\n\t<meta name=\"twitter:data1\" content=\"22.90&#067;&#072;&#070;\" \/>\n\t<meta name=\"twitter:label2\" content=\"Disponibilit\u00e9\" \/>\n\t<meta name=\"twitter:data2\" content=\"En stock\" \/>\n<script type=\"application\/ld+json\" class=\"yoast-schema-graph\">{\"@context\":\"https:\/\/schema.org\",\"@graph\":[{\"@type\":\"WebPage\",\"@id\":\"https:\/\/manskin.ethos-dev.ch\/fr\/produkt\/doers-of-london-shave-cream\/\",\"url\":\"https:\/\/manskin.ethos-dev.ch\/fr\/produkt\/doers-of-london-shave-cream\/\",\"name\":\"Cr\u00e8me \u00e0 raser Vegan Doers of London pour tous les types de peau\",\"isPartOf\":{\"@id\":\"https:\/\/manskin.ethos-dev.ch\/#website\"},\"primaryImageOfPage\":{\"@id\":\"https:\/\/manskin.ethos-dev.ch\/fr\/produkt\/doers-of-london-shave-cream\/#primaryimage\"},\"image\":{\"@id\":\"https:\/\/manskin.ethos-dev.ch\/fr\/produkt\/doers-of-london-shave-cream\/#primaryimage\"},\"thumbnailUrl\":\"https:\/\/manskin.ethos-dev.ch\/wp-content\/uploads\/2022\/01\/1144_0.jpg\",\"datePublished\":\"2022-01-08T12:32:26+00:00\",\"dateModified\":\"2025-05-19T06:39:51+00:00\",\"description\":\"La cr\u00e8me \u00e0 raser Doers of London facilite le processus de rasage gr\u00e2ce \u00e0 une glisse particuli\u00e8rement ais\u00e9e et soulage le stress de la peau. A commander d\u00e8s maintenant chez Manskin.ch.\",\"breadcrumb\":{\"@id\":\"https:\/\/manskin.ethos-dev.ch\/fr\/produkt\/doers-of-london-shave-cream\/#breadcrumb\"},\"inLanguage\":\"fr-FR\",\"potentialAction\":[{\"@type\":\"ReadAction\",\"target\":[\"https:\/\/manskin.ethos-dev.ch\/fr\/produkt\/doers-of-london-shave-cream\/\"]}]},{\"@type\":\"ImageObject\",\"inLanguage\":\"fr-FR\",\"@id\":\"https:\/\/manskin.ethos-dev.ch\/fr\/produkt\/doers-of-london-shave-cream\/#primaryimage\",\"url\":\"https:\/\/manskin.ethos-dev.ch\/wp-content\/uploads\/2022\/01\/1144_0.jpg\",\"contentUrl\":\"https:\/\/manskin.ethos-dev.ch\/wp-content\/uploads\/2022\/01\/1144_0.jpg\",\"width\":800,\"height\":800},{\"@type\":\"BreadcrumbList\",\"@id\":\"https:\/\/manskin.ethos-dev.ch\/fr\/produkt\/doers-of-london-shave-cream\/#breadcrumb\",\"itemListElement\":[{\"@type\":\"ListItem\",\"position\":1,\"name\":\"Startseite\",\"item\":\"https:\/\/manskin.ethos-dev.ch\/fr\/\"},{\"@type\":\"ListItem\",\"position\":2,\"name\":\"Shop\",\"item\":\"https:\/\/manskin.ethos-dev.ch\/shop\/\"},{\"@type\":\"ListItem\",\"position\":3,\"name\":\"Doers of London &#8211; Shave Cream Cr\u00e8me \u00e0 raser\"}]},{\"@type\":\"WebSite\",\"@id\":\"https:\/\/manskin.ethos-dev.ch\/#website\",\"url\":\"https:\/\/manskin.ethos-dev.ch\/\",\"name\":\"Manskin.ch\",\"description\":\"Tous les produits de beaut\u00e9 pour les hommes les plus exigeants\",\"publisher\":{\"@id\":\"https:\/\/manskin.ethos-dev.ch\/#organization\"},\"potentialAction\":[{\"@type\":\"SearchAction\",\"target\":{\"@type\":\"EntryPoint\",\"urlTemplate\":\"https:\/\/manskin.ethos-dev.ch\/?s={search_term_string}\"},\"query-input\":{\"@type\":\"PropertyValueSpecification\",\"valueRequired\":true,\"valueName\":\"search_term_string\"}}],\"inLanguage\":\"fr-FR\"},{\"@type\":\"Organization\",\"@id\":\"https:\/\/manskin.ethos-dev.ch\/#organization\",\"name\":\"Manskin.ch - der Schweizer Onlineshop f\u00fcr qualit\u00e4tsstarke M\u00e4nnerpflege\",\"url\":\"https:\/\/manskin.ethos-dev.ch\/\",\"logo\":{\"@type\":\"ImageObject\",\"inLanguage\":\"fr-FR\",\"@id\":\"https:\/\/manskin.ethos-dev.ch\/#\/schema\/logo\/image\/\",\"url\":\"https:\/\/manskin.ethos-dev.ch\/wp-content\/uploads\/2021\/04\/cropped-logo_head.png\",\"contentUrl\":\"https:\/\/manskin.ethos-dev.ch\/wp-content\/uploads\/2021\/04\/cropped-logo_head.png\",\"width\":235,\"height\":75,\"caption\":\"Manskin.ch - der Schweizer Onlineshop f\u00fcr qualit\u00e4tsstarke M\u00e4nnerpflege\"},\"image\":{\"@id\":\"https:\/\/manskin.ethos-dev.ch\/#\/schema\/logo\/image\/\"},\"sameAs\":[\"https:\/\/www.facebook.com\/manskin.ch\",\"https:\/\/www.instagram.com\/manskin.ch\/\"]}]}<\/script>\n<meta property=\"product:price:amount\" content=\"22.90\" \/>\n<meta property=\"product:price:currency\" content=\"CHF\" \/>\n<meta property=\"og:availability\" content=\"instock\" \/>\n<meta property=\"product:availability\" content=\"instock\" \/>\n<meta property=\"product:retailer_item_id\" content=\"12652\" \/>\n<meta property=\"product:condition\" content=\"new\" \/>\n<!-- \/ Yoast SEO Premium plugin. -->","yoast_head_json":{"title":"Cr\u00e8me \u00e0 raser Vegan Doers of London pour tous les types de peau","description":"La cr\u00e8me \u00e0 raser Doers of London facilite le processus de rasage gr\u00e2ce \u00e0 une glisse particuli\u00e8rement ais\u00e9e et soulage le stress de la peau. A commander d\u00e8s maintenant chez Manskin.ch.","robots":{"index":"noindex","follow":"follow","max-snippet":"max-snippet:-1","max-image-preview":"max-image-preview:large","max-video-preview":"max-video-preview:-1"},"og_locale":"fr_FR","og_type":"article","og_title":"Doers of London - Shave Cream Cr\u00e8me \u00e0 raser","og_description":"La cr\u00e8me \u00e0 raser Doers of London facilite le processus de rasage gr\u00e2ce \u00e0 une glisse particuli\u00e8rement ais\u00e9e et soulage le stress de la peau. A commander d\u00e8s maintenant chez Manskin.ch.","og_url":"https:\/\/manskin.ethos-dev.ch\/fr\/produkt\/doers-of-london-shave-cream\/","og_site_name":"Manskin.ch","article_publisher":"https:\/\/www.facebook.com\/manskin.ch","article_modified_time":"2025-05-19T06:39:51+00:00","og_image":[{"width":800,"height":800,"url":"https:\/\/manskin.ethos-dev.ch\/wp-content\/uploads\/2022\/01\/1144_0.jpg","type":"image\/jpeg"}],"twitter_card":"summary_large_image","twitter_misc":{"Prix":"22.90&#67;&#72;&#70;","Disponibilit\u00e9":"En stock"},"schema":{"@context":"https:\/\/schema.org","@graph":[{"@type":"WebPage","@id":"https:\/\/manskin.ethos-dev.ch\/fr\/produkt\/doers-of-london-shave-cream\/","url":"https:\/\/manskin.ethos-dev.ch\/fr\/produkt\/doers-of-london-shave-cream\/","name":"Cr\u00e8me \u00e0 raser Vegan Doers of London pour tous les types de peau","isPartOf":{"@id":"https:\/\/manskin.ethos-dev.ch\/#website"},"primaryImageOfPage":{"@id":"https:\/\/manskin.ethos-dev.ch\/fr\/produkt\/doers-of-london-shave-cream\/#primaryimage"},"image":{"@id":"https:\/\/manskin.ethos-dev.ch\/fr\/produkt\/doers-of-london-shave-cream\/#primaryimage"},"thumbnailUrl":"https:\/\/manskin.ethos-dev.ch\/wp-content\/uploads\/2022\/01\/1144_0.jpg","datePublished":"2022-01-08T12:32:26+00:00","dateModified":"2025-05-19T06:39:51+00:00","description":"La cr\u00e8me \u00e0 raser Doers of London facilite le processus de rasage gr\u00e2ce \u00e0 une glisse particuli\u00e8rement ais\u00e9e et soulage le stress de la peau. A commander d\u00e8s maintenant chez Manskin.ch.","breadcrumb":{"@id":"https:\/\/manskin.ethos-dev.ch\/fr\/produkt\/doers-of-london-shave-cream\/#breadcrumb"},"inLanguage":"fr-FR","potentialAction":[{"@type":"ReadAction","target":["https:\/\/manskin.ethos-dev.ch\/fr\/produkt\/doers-of-london-shave-cream\/"]}]},{"@type":"ImageObject","inLanguage":"fr-FR","@id":"https:\/\/manskin.ethos-dev.ch\/fr\/produkt\/doers-of-london-shave-cream\/#primaryimage","url":"https:\/\/manskin.ethos-dev.ch\/wp-content\/uploads\/2022\/01\/1144_0.jpg","contentUrl":"https:\/\/manskin.ethos-dev.ch\/wp-content\/uploads\/2022\/01\/1144_0.jpg","width":800,"height":800},{"@type":"BreadcrumbList","@id":"https:\/\/manskin.ethos-dev.ch\/fr\/produkt\/doers-of-london-shave-cream\/#breadcrumb","itemListElement":[{"@type":"ListItem","position":1,"name":"Startseite","item":"https:\/\/manskin.ethos-dev.ch\/fr\/"},{"@type":"ListItem","position":2,"name":"Shop","item":"https:\/\/manskin.ethos-dev.ch\/shop\/"},{"@type":"ListItem","position":3,"name":"Doers of London &#8211; Shave Cream Cr\u00e8me \u00e0 raser"}]},{"@type":"WebSite","@id":"https:\/\/manskin.ethos-dev.ch\/#website","url":"https:\/\/manskin.ethos-dev.ch\/","name":"Manskin.ch","description":"Tous les produits de beaut\u00e9 pour les hommes les plus exigeants","publisher":{"@id":"https:\/\/manskin.ethos-dev.ch\/#organization"},"potentialAction":[{"@type":"SearchAction","target":{"@type":"EntryPoint","urlTemplate":"https:\/\/manskin.ethos-dev.ch\/?s={search_term_string}"},"query-input":{"@type":"PropertyValueSpecification","valueRequired":true,"valueName":"search_term_string"}}],"inLanguage":"fr-FR"},{"@type":"Organization","@id":"https:\/\/manskin.ethos-dev.ch\/#organization","name":"Manskin.ch - der Schweizer Onlineshop f\u00fcr qualit\u00e4tsstarke M\u00e4nnerpflege","url":"https:\/\/manskin.ethos-dev.ch\/","logo":{"@type":"ImageObject","inLanguage":"fr-FR","@id":"https:\/\/manskin.ethos-dev.ch\/#\/schema\/logo\/image\/","url":"https:\/\/manskin.ethos-dev.ch\/wp-content\/uploads\/2021\/04\/cropped-logo_head.png","contentUrl":"https:\/\/manskin.ethos-dev.ch\/wp-content\/uploads\/2021\/04\/cropped-logo_head.png","width":235,"height":75,"caption":"Manskin.ch - der Schweizer Onlineshop f\u00fcr qualit\u00e4tsstarke M\u00e4nnerpflege"},"image":{"@id":"https:\/\/manskin.ethos-dev.ch\/#\/schema\/logo\/image\/"},"sameAs":["https:\/\/www.facebook.com\/manskin.ch","https:\/\/www.instagram.com\/manskin.ch\/"]}]},"product_price_amount":"22.90","product_price_currency":"CHF","og_availability":"instock","product_availability":"instock","product_retailer_item_id":"12652","product_condition":"new"},"brands":[{"id":2757,"name":"Doers of London","slug":"doers-of-london"}],"_links":{"self":[{"href":"https:\/\/manskin.ethos-dev.ch\/fr\/wp-json\/wp\/v2\/product\/16632","targetHints":{"allow":["GET"]}}],"collection":[{"href":"https:\/\/manskin.ethos-dev.ch\/fr\/wp-json\/wp\/v2\/product"}],"about":[{"href":"https:\/\/manskin.ethos-dev.ch\/fr\/wp-json\/wp\/v2\/types\/product"}],"replies":[{"embeddable":true,"href":"https:\/\/manskin.ethos-dev.ch\/fr\/wp-json\/wp\/v2\/comments?post=16632"}],"wp:featuredmedia":[{"embeddable":true,"href":"https:\/\/manskin.ethos-dev.ch\/fr\/wp-json\/wp\/v2\/media\/3732"}],"wp:attachment":[{"href":"https:\/\/manskin.ethos-dev.ch\/fr\/wp-json\/wp\/v2\/media?parent=16632"}],"wp:term":[{"taxonomy":"pwb-brand","embeddable":true,"href":"https:\/\/manskin.ethos-dev.ch\/fr\/wp-json\/wp\/v2\/pwb-brand?post=16632"},{"taxonomy":"product_brand","embeddable":true,"href":"https:\/\/manskin.ethos-dev.ch\/fr\/wp-json\/wp\/v2\/product_brand?post=16632"},{"taxonomy":"product_cat","embeddable":true,"href":"https:\/\/manskin.ethos-dev.ch\/fr\/wp-json\/wp\/v2\/product_cat?post=16632"},{"taxonomy":"product_tag","embeddable":true,"href":"https:\/\/manskin.ethos-dev.ch\/fr\/wp-json\/wp\/v2\/product_tag?post=16632"}],"curies":[{"name":"wp","href":"https:\/\/api.w.org\/{rel}","templated":true}]}}