{"id":16636,"date":"2022-01-08T12:54:33","date_gmt":"2022-01-08T11:54:33","guid":{"rendered":"https:\/\/manskin.ethos-dev.ch\/produkt\/doers-of-london-facial-cleanser-300-ml-2\/"},"modified":"2025-05-24T20:40:30","modified_gmt":"2025-05-24T18:40:30","slug":"doers-of-london-facial-cleanser","status":"publish","type":"product","link":"https:\/\/manskin.ethos-dev.ch\/fr\/produkt\/doers-of-london-facial-cleanser\/","title":{"rendered":"Doers of London &#8211; Facial Cleanser 300 ml"},"content":{"rendered":"<h2>Doers of London &#8211; Facial Cleanser 200 ml<\/h2>\n<ul>\n<li>Avec le nettoyant pour le visage de Doers of London, on obtient un teint en bonne sant\u00e9, un rasage parfait ou une barbe brillante.<\/li>\n<li>La peau est d\u00e9barrass\u00e9e des bact\u00e9ries, des impuret\u00e9s et des irritations et se d\u00e9toxifie.<\/li>\n<li>La production de s\u00e9bum est \u00e9quilibr\u00e9e et la peau (ainsi que la barbe) soign\u00e9.<\/li>\n<li>La lotion procure une mousse douce lors du nettoyage et ne dess\u00e9che pas.<\/li>\n<li>Extrait de concombre biologique: riche en polysaccharides, aux propri\u00e9t\u00e9s anti-inflammatoires et astringentes, aide \u00e0 \u00e9quilibrer la peau grasse et \u00e0 affiner les pores.<\/li>\n<li>Extrait de th\u00e9 vert biologique: contient des polyph\u00e9nols aux propri\u00e9t\u00e9s antioxydantes et antibact\u00e9riennes.<\/li>\n<li>Huile de jojoba: un ingr\u00e9dient tr\u00e8s similaire aux lipides de la peau et renfor\u00e7ant ainsi la barri\u00e8re cutan\u00e9e. Les acides gras facilement absorb\u00e9s permettent un meilleur rasage et favorisent une croissance saine de la barbe.<\/li>\n<li>Huile de citron et de citron vert: procure un peeling doux.<\/li>\n<li>Test\u00e9 dermatologiquement.<\/li>\n<li>Certifi\u00e9 par la Vegan Society.<\/li>\n<\/ul>\n<p>Contenu 300 ml.<\/p>\n","protected":false},"excerpt":{"rendered":"<p>Nettoyant pour visage et barbe<\/p>\n","protected":false},"featured_media":2860,"comment_status":"closed","ping_status":"closed","template":"","meta":{"_acf_changed":false},"pwb-brand":[2757],"product_brand":[],"product_cat":[2279,2333,2373,2414],"product_tag":[],"class_list":{"0":"post-16636","1":"product","2":"type-product","3":"status-publish","4":"has-post-thumbnail","6":"pwb-brand-doers-of-london","7":"product_cat-shampoing-pour-barbe-fr","8":"product_cat-nettoyants-visage","9":"product_cat-doers-of-london-fr","10":"product_cat-cosmetique-naturelle","11":"product_shipping_class-standard-fr","12":"pa_hersteller-doers-of-london-fr-2","13":"sales-flash-overlay","14":"woocommerce-text-align-center","15":"woocommerce-image-align-center","16":"do-quantity-buttons","17":"has-subscription-plans","19":"first","20":"instock","21":"purchasable","22":"product-type-simple"},"acf":[],"yoast_head":"<!-- This site is optimized with the Yoast SEO Premium plugin v24.8 (Yoast SEO v25.4) - https:\/\/yoast.com\/wordpress\/plugins\/seo\/ -->\n<title>Doers of London Nettoyage bio du visage pour la peau et la barbe<\/title>\n<meta name=\"description\" content=\"Des extraits de plantes bio pour un nettoyage rafra\u00eechissant de ta peau et de ta barbe. Obtiens le teint sain et la barbe brillante que tu m\u00e9rites !\" \/>\n<meta name=\"robots\" content=\"noindex, follow, max-snippet:-1, max-image-preview:large, max-video-preview:-1\" \/>\n<meta property=\"og:locale\" content=\"fr_FR\" \/>\n<meta property=\"og:type\" content=\"article\" \/>\n<meta property=\"og:title\" content=\"Doers of London - Facial Cleanser 300 ml\" \/>\n<meta property=\"og:description\" content=\"Des extraits de plantes bio pour un nettoyage rafra\u00eechissant de ta peau et de ta barbe. Obtiens le teint sain et la barbe brillante que tu m\u00e9rites !\" \/>\n<meta property=\"og:url\" content=\"https:\/\/manskin.ethos-dev.ch\/fr\/produkt\/doers-of-london-facial-cleanser\/\" \/>\n<meta property=\"og:site_name\" content=\"Manskin.ch\" \/>\n<meta property=\"article:publisher\" content=\"https:\/\/www.facebook.com\/manskin.ch\" \/>\n<meta property=\"article:modified_time\" content=\"2025-05-24T18:40:30+00:00\" \/>\n<meta property=\"og:image\" content=\"https:\/\/manskin.ethos-dev.ch\/wp-content\/uploads\/2022\/01\/1143_0.jpg\" \/>\n\t<meta property=\"og:image:width\" content=\"554\" \/>\n\t<meta property=\"og:image:height\" content=\"800\" \/>\n\t<meta property=\"og:image:type\" content=\"image\/jpeg\" \/>\n<meta name=\"twitter:card\" content=\"summary_large_image\" \/>\n<meta name=\"twitter:label1\" content=\"Prix\" \/>\n\t<meta name=\"twitter:data1\" content=\"24.00&#067;&#072;&#070;\" \/>\n\t<meta name=\"twitter:label2\" content=\"Disponibilit\u00e9\" \/>\n\t<meta name=\"twitter:data2\" content=\"En stock\" \/>\n<script type=\"application\/ld+json\" class=\"yoast-schema-graph\">{\"@context\":\"https:\/\/schema.org\",\"@graph\":[{\"@type\":\"WebPage\",\"@id\":\"https:\/\/manskin.ethos-dev.ch\/fr\/produkt\/doers-of-london-facial-cleanser\/\",\"url\":\"https:\/\/manskin.ethos-dev.ch\/fr\/produkt\/doers-of-london-facial-cleanser\/\",\"name\":\"Doers of London Nettoyage bio du visage pour la peau et la barbe\",\"isPartOf\":{\"@id\":\"https:\/\/manskin.ethos-dev.ch\/#website\"},\"primaryImageOfPage\":{\"@id\":\"https:\/\/manskin.ethos-dev.ch\/fr\/produkt\/doers-of-london-facial-cleanser\/#primaryimage\"},\"image\":{\"@id\":\"https:\/\/manskin.ethos-dev.ch\/fr\/produkt\/doers-of-london-facial-cleanser\/#primaryimage\"},\"thumbnailUrl\":\"https:\/\/manskin.ethos-dev.ch\/wp-content\/uploads\/2022\/01\/1143_0.jpg\",\"datePublished\":\"2022-01-08T11:54:33+00:00\",\"dateModified\":\"2025-05-24T18:40:30+00:00\",\"description\":\"Des extraits de plantes bio pour un nettoyage rafra\u00eechissant de ta peau et de ta barbe. Obtiens le teint sain et la barbe brillante que tu m\u00e9rites !\",\"breadcrumb\":{\"@id\":\"https:\/\/manskin.ethos-dev.ch\/fr\/produkt\/doers-of-london-facial-cleanser\/#breadcrumb\"},\"inLanguage\":\"fr-FR\",\"potentialAction\":[{\"@type\":\"ReadAction\",\"target\":[\"https:\/\/manskin.ethos-dev.ch\/fr\/produkt\/doers-of-london-facial-cleanser\/\"]}]},{\"@type\":\"ImageObject\",\"inLanguage\":\"fr-FR\",\"@id\":\"https:\/\/manskin.ethos-dev.ch\/fr\/produkt\/doers-of-london-facial-cleanser\/#primaryimage\",\"url\":\"https:\/\/manskin.ethos-dev.ch\/wp-content\/uploads\/2022\/01\/1143_0.jpg\",\"contentUrl\":\"https:\/\/manskin.ethos-dev.ch\/wp-content\/uploads\/2022\/01\/1143_0.jpg\",\"width\":554,\"height\":800},{\"@type\":\"BreadcrumbList\",\"@id\":\"https:\/\/manskin.ethos-dev.ch\/fr\/produkt\/doers-of-london-facial-cleanser\/#breadcrumb\",\"itemListElement\":[{\"@type\":\"ListItem\",\"position\":1,\"name\":\"Startseite\",\"item\":\"https:\/\/manskin.ethos-dev.ch\/fr\/\"},{\"@type\":\"ListItem\",\"position\":2,\"name\":\"Shop\",\"item\":\"https:\/\/manskin.ethos-dev.ch\/shop\/\"},{\"@type\":\"ListItem\",\"position\":3,\"name\":\"Doers of London &#8211; Facial Cleanser 300 ml\"}]},{\"@type\":\"WebSite\",\"@id\":\"https:\/\/manskin.ethos-dev.ch\/#website\",\"url\":\"https:\/\/manskin.ethos-dev.ch\/\",\"name\":\"Manskin.ch\",\"description\":\"Tous les produits de beaut\u00e9 pour les hommes les plus exigeants\",\"publisher\":{\"@id\":\"https:\/\/manskin.ethos-dev.ch\/#organization\"},\"potentialAction\":[{\"@type\":\"SearchAction\",\"target\":{\"@type\":\"EntryPoint\",\"urlTemplate\":\"https:\/\/manskin.ethos-dev.ch\/?s={search_term_string}\"},\"query-input\":{\"@type\":\"PropertyValueSpecification\",\"valueRequired\":true,\"valueName\":\"search_term_string\"}}],\"inLanguage\":\"fr-FR\"},{\"@type\":\"Organization\",\"@id\":\"https:\/\/manskin.ethos-dev.ch\/#organization\",\"name\":\"Manskin.ch - der Schweizer Onlineshop f\u00fcr qualit\u00e4tsstarke M\u00e4nnerpflege\",\"url\":\"https:\/\/manskin.ethos-dev.ch\/\",\"logo\":{\"@type\":\"ImageObject\",\"inLanguage\":\"fr-FR\",\"@id\":\"https:\/\/manskin.ethos-dev.ch\/#\/schema\/logo\/image\/\",\"url\":\"https:\/\/manskin.ethos-dev.ch\/wp-content\/uploads\/2021\/04\/cropped-logo_head.png\",\"contentUrl\":\"https:\/\/manskin.ethos-dev.ch\/wp-content\/uploads\/2021\/04\/cropped-logo_head.png\",\"width\":235,\"height\":75,\"caption\":\"Manskin.ch - der Schweizer Onlineshop f\u00fcr qualit\u00e4tsstarke M\u00e4nnerpflege\"},\"image\":{\"@id\":\"https:\/\/manskin.ethos-dev.ch\/#\/schema\/logo\/image\/\"},\"sameAs\":[\"https:\/\/www.facebook.com\/manskin.ch\",\"https:\/\/www.instagram.com\/manskin.ch\/\"]}]}<\/script>\n<meta property=\"product:price:amount\" content=\"24.00\" \/>\n<meta property=\"product:price:currency\" content=\"CHF\" \/>\n<meta property=\"og:availability\" content=\"instock\" \/>\n<meta property=\"product:availability\" content=\"instock\" \/>\n<meta property=\"product:retailer_item_id\" content=\"12651\" \/>\n<meta property=\"product:condition\" content=\"new\" \/>\n<!-- \/ Yoast SEO Premium plugin. -->","yoast_head_json":{"title":"Doers of London Nettoyage bio du visage pour la peau et la barbe","description":"Des extraits de plantes bio pour un nettoyage rafra\u00eechissant de ta peau et de ta barbe. Obtiens le teint sain et la barbe brillante que tu m\u00e9rites !","robots":{"index":"noindex","follow":"follow","max-snippet":"max-snippet:-1","max-image-preview":"max-image-preview:large","max-video-preview":"max-video-preview:-1"},"og_locale":"fr_FR","og_type":"article","og_title":"Doers of London - Facial Cleanser 300 ml","og_description":"Des extraits de plantes bio pour un nettoyage rafra\u00eechissant de ta peau et de ta barbe. Obtiens le teint sain et la barbe brillante que tu m\u00e9rites !","og_url":"https:\/\/manskin.ethos-dev.ch\/fr\/produkt\/doers-of-london-facial-cleanser\/","og_site_name":"Manskin.ch","article_publisher":"https:\/\/www.facebook.com\/manskin.ch","article_modified_time":"2025-05-24T18:40:30+00:00","og_image":[{"width":554,"height":800,"url":"https:\/\/manskin.ethos-dev.ch\/wp-content\/uploads\/2022\/01\/1143_0.jpg","type":"image\/jpeg"}],"twitter_card":"summary_large_image","twitter_misc":{"Prix":"24.00&#67;&#72;&#70;","Disponibilit\u00e9":"En stock"},"schema":{"@context":"https:\/\/schema.org","@graph":[{"@type":"WebPage","@id":"https:\/\/manskin.ethos-dev.ch\/fr\/produkt\/doers-of-london-facial-cleanser\/","url":"https:\/\/manskin.ethos-dev.ch\/fr\/produkt\/doers-of-london-facial-cleanser\/","name":"Doers of London Nettoyage bio du visage pour la peau et la barbe","isPartOf":{"@id":"https:\/\/manskin.ethos-dev.ch\/#website"},"primaryImageOfPage":{"@id":"https:\/\/manskin.ethos-dev.ch\/fr\/produkt\/doers-of-london-facial-cleanser\/#primaryimage"},"image":{"@id":"https:\/\/manskin.ethos-dev.ch\/fr\/produkt\/doers-of-london-facial-cleanser\/#primaryimage"},"thumbnailUrl":"https:\/\/manskin.ethos-dev.ch\/wp-content\/uploads\/2022\/01\/1143_0.jpg","datePublished":"2022-01-08T11:54:33+00:00","dateModified":"2025-05-24T18:40:30+00:00","description":"Des extraits de plantes bio pour un nettoyage rafra\u00eechissant de ta peau et de ta barbe. Obtiens le teint sain et la barbe brillante que tu m\u00e9rites !","breadcrumb":{"@id":"https:\/\/manskin.ethos-dev.ch\/fr\/produkt\/doers-of-london-facial-cleanser\/#breadcrumb"},"inLanguage":"fr-FR","potentialAction":[{"@type":"ReadAction","target":["https:\/\/manskin.ethos-dev.ch\/fr\/produkt\/doers-of-london-facial-cleanser\/"]}]},{"@type":"ImageObject","inLanguage":"fr-FR","@id":"https:\/\/manskin.ethos-dev.ch\/fr\/produkt\/doers-of-london-facial-cleanser\/#primaryimage","url":"https:\/\/manskin.ethos-dev.ch\/wp-content\/uploads\/2022\/01\/1143_0.jpg","contentUrl":"https:\/\/manskin.ethos-dev.ch\/wp-content\/uploads\/2022\/01\/1143_0.jpg","width":554,"height":800},{"@type":"BreadcrumbList","@id":"https:\/\/manskin.ethos-dev.ch\/fr\/produkt\/doers-of-london-facial-cleanser\/#breadcrumb","itemListElement":[{"@type":"ListItem","position":1,"name":"Startseite","item":"https:\/\/manskin.ethos-dev.ch\/fr\/"},{"@type":"ListItem","position":2,"name":"Shop","item":"https:\/\/manskin.ethos-dev.ch\/shop\/"},{"@type":"ListItem","position":3,"name":"Doers of London &#8211; Facial Cleanser 300 ml"}]},{"@type":"WebSite","@id":"https:\/\/manskin.ethos-dev.ch\/#website","url":"https:\/\/manskin.ethos-dev.ch\/","name":"Manskin.ch","description":"Tous les produits de beaut\u00e9 pour les hommes les plus exigeants","publisher":{"@id":"https:\/\/manskin.ethos-dev.ch\/#organization"},"potentialAction":[{"@type":"SearchAction","target":{"@type":"EntryPoint","urlTemplate":"https:\/\/manskin.ethos-dev.ch\/?s={search_term_string}"},"query-input":{"@type":"PropertyValueSpecification","valueRequired":true,"valueName":"search_term_string"}}],"inLanguage":"fr-FR"},{"@type":"Organization","@id":"https:\/\/manskin.ethos-dev.ch\/#organization","name":"Manskin.ch - der Schweizer Onlineshop f\u00fcr qualit\u00e4tsstarke M\u00e4nnerpflege","url":"https:\/\/manskin.ethos-dev.ch\/","logo":{"@type":"ImageObject","inLanguage":"fr-FR","@id":"https:\/\/manskin.ethos-dev.ch\/#\/schema\/logo\/image\/","url":"https:\/\/manskin.ethos-dev.ch\/wp-content\/uploads\/2021\/04\/cropped-logo_head.png","contentUrl":"https:\/\/manskin.ethos-dev.ch\/wp-content\/uploads\/2021\/04\/cropped-logo_head.png","width":235,"height":75,"caption":"Manskin.ch - der Schweizer Onlineshop f\u00fcr qualit\u00e4tsstarke M\u00e4nnerpflege"},"image":{"@id":"https:\/\/manskin.ethos-dev.ch\/#\/schema\/logo\/image\/"},"sameAs":["https:\/\/www.facebook.com\/manskin.ch","https:\/\/www.instagram.com\/manskin.ch\/"]}]},"product_price_amount":"24.00","product_price_currency":"CHF","og_availability":"instock","product_availability":"instock","product_retailer_item_id":"12651","product_condition":"new"},"brands":[{"id":2757,"name":"Doers of London","slug":"doers-of-london"}],"_links":{"self":[{"href":"https:\/\/manskin.ethos-dev.ch\/fr\/wp-json\/wp\/v2\/product\/16636","targetHints":{"allow":["GET"]}}],"collection":[{"href":"https:\/\/manskin.ethos-dev.ch\/fr\/wp-json\/wp\/v2\/product"}],"about":[{"href":"https:\/\/manskin.ethos-dev.ch\/fr\/wp-json\/wp\/v2\/types\/product"}],"replies":[{"embeddable":true,"href":"https:\/\/manskin.ethos-dev.ch\/fr\/wp-json\/wp\/v2\/comments?post=16636"}],"wp:featuredmedia":[{"embeddable":true,"href":"https:\/\/manskin.ethos-dev.ch\/fr\/wp-json\/wp\/v2\/media\/2860"}],"wp:attachment":[{"href":"https:\/\/manskin.ethos-dev.ch\/fr\/wp-json\/wp\/v2\/media?parent=16636"}],"wp:term":[{"taxonomy":"pwb-brand","embeddable":true,"href":"https:\/\/manskin.ethos-dev.ch\/fr\/wp-json\/wp\/v2\/pwb-brand?post=16636"},{"taxonomy":"product_brand","embeddable":true,"href":"https:\/\/manskin.ethos-dev.ch\/fr\/wp-json\/wp\/v2\/product_brand?post=16636"},{"taxonomy":"product_cat","embeddable":true,"href":"https:\/\/manskin.ethos-dev.ch\/fr\/wp-json\/wp\/v2\/product_cat?post=16636"},{"taxonomy":"product_tag","embeddable":true,"href":"https:\/\/manskin.ethos-dev.ch\/fr\/wp-json\/wp\/v2\/product_tag?post=16636"}],"curies":[{"name":"wp","href":"https:\/\/api.w.org\/{rel}","templated":true}]}}