{"id":16717,"date":"2022-01-08T14:09:43","date_gmt":"2022-01-08T13:09:43","guid":{"rendered":"https:\/\/manskin.ethos-dev.ch\/produkt\/exfoliant-pour-le-corps-blue-sea-kelp-body-scrub\/"},"modified":"2025-05-19T15:32:25","modified_gmt":"2025-05-19T13:32:25","slug":"anthony-blue-sea-kelp-body-scrub","status":"publish","type":"product","link":"https:\/\/manskin.ethos-dev.ch\/fr\/produkt\/anthony-blue-sea-kelp-body-scrub\/","title":{"rendered":"Anthony &#8211; Exfoliant pour le corps Blue Sea Kelp Body Scrub"},"content":{"rendered":"<h2>Anthony \u2013 Blue Sea Kelp Body Scrub \u2013 Exfoliant pour le corps<\/h2>\n<ul>\n<li>Hydratant et nourrissant, le gommage d\u2019Anthony Skincare impressionne par sa formule efficace de nettoyage en profondeur qui rajeunit la peau et la pr\u00e9pare parfaitement \u00e0 recevoir une\u00a0cr\u00e8me hydratante.<\/li>\n<li>Ce gommage contient les ingr\u00e9dients exfoliants n\u00e9cessaires pour \u00e9liminer les impuret\u00e9s et les cellules mortes de la peau, pour un fini lisse et apaisant.<\/li>\n<li>Gr\u00e2ce \u00e0 l\u2019extrait d\u2019algues qui nourrit votre peau et au gel d\u2019aloe vera qui l\u2019apaise et la rafra\u00eechit, cette formule apaisante mais puissante \u00e9limine les zones rugueuses et squameuses\u00a0et polit votre peau pour lui donner un nouvel \u00e9tat de fra\u00eecheur.<\/li>\n<li>Pour de meilleurs r\u00e9sultats, utiliser r\u00e9guli\u00e8rement.<\/li>\n<\/ul>\n<p>Application :<br \/>\nApplique g\u00e9n\u00e9reusement sur la peau en effectuant des mouvements circulaires. Exfoliez particuli\u00e8rement bien les zones gerc\u00e9es des mains, des coudes, des genoux, des chevilles et des pieds. Rince bien et applique une cr\u00e8me hydratante.<\/p>\n<p>Contenu 355 ml.<\/p>\n","protected":false},"excerpt":{"rendered":"<p>Exfoliant nourrissant pour le corps<\/p>\n","protected":false},"featured_media":4570,"comment_status":"closed","ping_status":"closed","template":"","meta":{"_acf_changed":false},"pwb-brand":[2751],"product_brand":[],"product_cat":[2357,2316],"product_tag":[],"class_list":{"0":"post-16717","1":"product","2":"type-product","3":"status-publish","4":"has-post-thumbnail","6":"pwb-brand-anthony","7":"product_cat-nettoyant-corps","8":"product_cat-anthony","9":"product_shipping_class-standard-fr","10":"pa_hersteller-anthony-fr-2","11":"sales-flash-overlay","12":"woocommerce-text-align-center","13":"woocommerce-image-align-center","14":"do-quantity-buttons","15":"has-subscription-plans","17":"first","18":"instock","19":"purchasable","20":"product-type-simple"},"acf":[],"yoast_head":"<!-- This site is optimized with the Yoast SEO Premium plugin v24.8 (Yoast SEO v25.4) - https:\/\/yoast.com\/wordpress\/plugins\/seo\/ -->\n<title>Anthony - Exfoliant pour le corps Blue Sea Kelp Body Scrub | Manskin.ch<\/title>\n<meta name=\"description\" content=\"Profite d\u00dfune peau profond\u00e9ment nettoy\u00e9e et rajeunie gr\u00b4`ace au Anthony - Exfoliant pour le corps Blue Sea Kelp Body Scrub . Commandez maintenant chez Manskin.ch.\" \/>\n<meta name=\"robots\" content=\"noindex, follow, max-snippet:-1, max-image-preview:large, max-video-preview:-1\" \/>\n<meta property=\"og:locale\" content=\"fr_FR\" \/>\n<meta property=\"og:type\" content=\"article\" \/>\n<meta property=\"og:title\" content=\"Anthony - Exfoliant pour le corps Blue Sea Kelp Body Scrub\" \/>\n<meta property=\"og:description\" content=\"Profite d\u00dfune peau profond\u00e9ment nettoy\u00e9e et rajeunie gr\u00b4`ace au Anthony - Exfoliant pour le corps Blue Sea Kelp Body Scrub . Commandez maintenant chez Manskin.ch.\" \/>\n<meta property=\"og:url\" content=\"https:\/\/manskin.ethos-dev.ch\/fr\/produkt\/anthony-blue-sea-kelp-body-scrub\/\" \/>\n<meta property=\"og:site_name\" content=\"Manskin.ch\" \/>\n<meta property=\"article:publisher\" content=\"https:\/\/www.facebook.com\/manskin.ch\" \/>\n<meta property=\"article:modified_time\" content=\"2025-05-19T13:32:25+00:00\" \/>\n<meta property=\"og:image\" content=\"https:\/\/manskin.ethos-dev.ch\/wp-content\/uploads\/2022\/01\/1412_0.jpg\" \/>\n\t<meta property=\"og:image:width\" content=\"800\" \/>\n\t<meta property=\"og:image:height\" content=\"800\" \/>\n\t<meta property=\"og:image:type\" content=\"image\/jpeg\" \/>\n<meta name=\"twitter:card\" content=\"summary_large_image\" \/>\n<meta name=\"twitter:label1\" content=\"Prix\" \/>\n\t<meta name=\"twitter:data1\" content=\"39.00&#067;&#072;&#070;\" \/>\n\t<meta name=\"twitter:label2\" content=\"Disponibilit\u00e9\" \/>\n\t<meta name=\"twitter:data2\" content=\"En stock\" \/>\n<script type=\"application\/ld+json\" class=\"yoast-schema-graph\">{\"@context\":\"https:\/\/schema.org\",\"@graph\":[{\"@type\":\"WebPage\",\"@id\":\"https:\/\/manskin.ethos-dev.ch\/fr\/produkt\/anthony-blue-sea-kelp-body-scrub\/\",\"url\":\"https:\/\/manskin.ethos-dev.ch\/fr\/produkt\/anthony-blue-sea-kelp-body-scrub\/\",\"name\":\"Anthony - Exfoliant pour le corps Blue Sea Kelp Body Scrub | Manskin.ch\",\"isPartOf\":{\"@id\":\"https:\/\/manskin.ethos-dev.ch\/#website\"},\"primaryImageOfPage\":{\"@id\":\"https:\/\/manskin.ethos-dev.ch\/fr\/produkt\/anthony-blue-sea-kelp-body-scrub\/#primaryimage\"},\"image\":{\"@id\":\"https:\/\/manskin.ethos-dev.ch\/fr\/produkt\/anthony-blue-sea-kelp-body-scrub\/#primaryimage\"},\"thumbnailUrl\":\"https:\/\/manskin.ethos-dev.ch\/wp-content\/uploads\/2022\/01\/1412_0.jpg\",\"datePublished\":\"2022-01-08T13:09:43+00:00\",\"dateModified\":\"2025-05-19T13:32:25+00:00\",\"description\":\"Profite d\u00dfune peau profond\u00e9ment nettoy\u00e9e et rajeunie gr\u00b4`ace au Anthony - Exfoliant pour le corps Blue Sea Kelp Body Scrub . Commandez maintenant chez Manskin.ch.\",\"breadcrumb\":{\"@id\":\"https:\/\/manskin.ethos-dev.ch\/fr\/produkt\/anthony-blue-sea-kelp-body-scrub\/#breadcrumb\"},\"inLanguage\":\"fr-FR\",\"potentialAction\":[{\"@type\":\"ReadAction\",\"target\":[\"https:\/\/manskin.ethos-dev.ch\/fr\/produkt\/anthony-blue-sea-kelp-body-scrub\/\"]}]},{\"@type\":\"ImageObject\",\"inLanguage\":\"fr-FR\",\"@id\":\"https:\/\/manskin.ethos-dev.ch\/fr\/produkt\/anthony-blue-sea-kelp-body-scrub\/#primaryimage\",\"url\":\"https:\/\/manskin.ethos-dev.ch\/wp-content\/uploads\/2022\/01\/1412_0.jpg\",\"contentUrl\":\"https:\/\/manskin.ethos-dev.ch\/wp-content\/uploads\/2022\/01\/1412_0.jpg\",\"width\":800,\"height\":800},{\"@type\":\"BreadcrumbList\",\"@id\":\"https:\/\/manskin.ethos-dev.ch\/fr\/produkt\/anthony-blue-sea-kelp-body-scrub\/#breadcrumb\",\"itemListElement\":[{\"@type\":\"ListItem\",\"position\":1,\"name\":\"Startseite\",\"item\":\"https:\/\/manskin.ethos-dev.ch\/fr\/\"},{\"@type\":\"ListItem\",\"position\":2,\"name\":\"Shop\",\"item\":\"https:\/\/manskin.ethos-dev.ch\/shop\/\"},{\"@type\":\"ListItem\",\"position\":3,\"name\":\"Anthony &#8211; Exfoliant pour le corps Blue Sea Kelp Body Scrub\"}]},{\"@type\":\"WebSite\",\"@id\":\"https:\/\/manskin.ethos-dev.ch\/#website\",\"url\":\"https:\/\/manskin.ethos-dev.ch\/\",\"name\":\"Manskin.ch\",\"description\":\"Tous les produits de beaut\u00e9 pour les hommes les plus exigeants\",\"publisher\":{\"@id\":\"https:\/\/manskin.ethos-dev.ch\/#organization\"},\"potentialAction\":[{\"@type\":\"SearchAction\",\"target\":{\"@type\":\"EntryPoint\",\"urlTemplate\":\"https:\/\/manskin.ethos-dev.ch\/?s={search_term_string}\"},\"query-input\":{\"@type\":\"PropertyValueSpecification\",\"valueRequired\":true,\"valueName\":\"search_term_string\"}}],\"inLanguage\":\"fr-FR\"},{\"@type\":\"Organization\",\"@id\":\"https:\/\/manskin.ethos-dev.ch\/#organization\",\"name\":\"Manskin.ch - der Schweizer Onlineshop f\u00fcr qualit\u00e4tsstarke M\u00e4nnerpflege\",\"url\":\"https:\/\/manskin.ethos-dev.ch\/\",\"logo\":{\"@type\":\"ImageObject\",\"inLanguage\":\"fr-FR\",\"@id\":\"https:\/\/manskin.ethos-dev.ch\/#\/schema\/logo\/image\/\",\"url\":\"https:\/\/manskin.ethos-dev.ch\/wp-content\/uploads\/2021\/04\/cropped-logo_head.png\",\"contentUrl\":\"https:\/\/manskin.ethos-dev.ch\/wp-content\/uploads\/2021\/04\/cropped-logo_head.png\",\"width\":235,\"height\":75,\"caption\":\"Manskin.ch - der Schweizer Onlineshop f\u00fcr qualit\u00e4tsstarke M\u00e4nnerpflege\"},\"image\":{\"@id\":\"https:\/\/manskin.ethos-dev.ch\/#\/schema\/logo\/image\/\"},\"sameAs\":[\"https:\/\/www.facebook.com\/manskin.ch\",\"https:\/\/www.instagram.com\/manskin.ch\/\"]}]}<\/script>\n<meta property=\"product:price:amount\" content=\"39.00\" \/>\n<meta property=\"product:price:currency\" content=\"CHF\" \/>\n<meta property=\"og:availability\" content=\"instock\" \/>\n<meta property=\"product:availability\" content=\"instock\" \/>\n<meta property=\"product:retailer_item_id\" content=\"12939\" \/>\n<meta property=\"product:condition\" content=\"new\" \/>\n<!-- \/ Yoast SEO Premium plugin. -->","yoast_head_json":{"title":"Anthony - Exfoliant pour le corps Blue Sea Kelp Body Scrub | Manskin.ch","description":"Profite d\u00dfune peau profond\u00e9ment nettoy\u00e9e et rajeunie gr\u00b4`ace au Anthony - Exfoliant pour le corps Blue Sea Kelp Body Scrub . Commandez maintenant chez Manskin.ch.","robots":{"index":"noindex","follow":"follow","max-snippet":"max-snippet:-1","max-image-preview":"max-image-preview:large","max-video-preview":"max-video-preview:-1"},"og_locale":"fr_FR","og_type":"article","og_title":"Anthony - Exfoliant pour le corps Blue Sea Kelp Body Scrub","og_description":"Profite d\u00dfune peau profond\u00e9ment nettoy\u00e9e et rajeunie gr\u00b4`ace au Anthony - Exfoliant pour le corps Blue Sea Kelp Body Scrub . Commandez maintenant chez Manskin.ch.","og_url":"https:\/\/manskin.ethos-dev.ch\/fr\/produkt\/anthony-blue-sea-kelp-body-scrub\/","og_site_name":"Manskin.ch","article_publisher":"https:\/\/www.facebook.com\/manskin.ch","article_modified_time":"2025-05-19T13:32:25+00:00","og_image":[{"width":800,"height":800,"url":"https:\/\/manskin.ethos-dev.ch\/wp-content\/uploads\/2022\/01\/1412_0.jpg","type":"image\/jpeg"}],"twitter_card":"summary_large_image","twitter_misc":{"Prix":"39.00&#67;&#72;&#70;","Disponibilit\u00e9":"En stock"},"schema":{"@context":"https:\/\/schema.org","@graph":[{"@type":"WebPage","@id":"https:\/\/manskin.ethos-dev.ch\/fr\/produkt\/anthony-blue-sea-kelp-body-scrub\/","url":"https:\/\/manskin.ethos-dev.ch\/fr\/produkt\/anthony-blue-sea-kelp-body-scrub\/","name":"Anthony - Exfoliant pour le corps Blue Sea Kelp Body Scrub | Manskin.ch","isPartOf":{"@id":"https:\/\/manskin.ethos-dev.ch\/#website"},"primaryImageOfPage":{"@id":"https:\/\/manskin.ethos-dev.ch\/fr\/produkt\/anthony-blue-sea-kelp-body-scrub\/#primaryimage"},"image":{"@id":"https:\/\/manskin.ethos-dev.ch\/fr\/produkt\/anthony-blue-sea-kelp-body-scrub\/#primaryimage"},"thumbnailUrl":"https:\/\/manskin.ethos-dev.ch\/wp-content\/uploads\/2022\/01\/1412_0.jpg","datePublished":"2022-01-08T13:09:43+00:00","dateModified":"2025-05-19T13:32:25+00:00","description":"Profite d\u00dfune peau profond\u00e9ment nettoy\u00e9e et rajeunie gr\u00b4`ace au Anthony - Exfoliant pour le corps Blue Sea Kelp Body Scrub . Commandez maintenant chez Manskin.ch.","breadcrumb":{"@id":"https:\/\/manskin.ethos-dev.ch\/fr\/produkt\/anthony-blue-sea-kelp-body-scrub\/#breadcrumb"},"inLanguage":"fr-FR","potentialAction":[{"@type":"ReadAction","target":["https:\/\/manskin.ethos-dev.ch\/fr\/produkt\/anthony-blue-sea-kelp-body-scrub\/"]}]},{"@type":"ImageObject","inLanguage":"fr-FR","@id":"https:\/\/manskin.ethos-dev.ch\/fr\/produkt\/anthony-blue-sea-kelp-body-scrub\/#primaryimage","url":"https:\/\/manskin.ethos-dev.ch\/wp-content\/uploads\/2022\/01\/1412_0.jpg","contentUrl":"https:\/\/manskin.ethos-dev.ch\/wp-content\/uploads\/2022\/01\/1412_0.jpg","width":800,"height":800},{"@type":"BreadcrumbList","@id":"https:\/\/manskin.ethos-dev.ch\/fr\/produkt\/anthony-blue-sea-kelp-body-scrub\/#breadcrumb","itemListElement":[{"@type":"ListItem","position":1,"name":"Startseite","item":"https:\/\/manskin.ethos-dev.ch\/fr\/"},{"@type":"ListItem","position":2,"name":"Shop","item":"https:\/\/manskin.ethos-dev.ch\/shop\/"},{"@type":"ListItem","position":3,"name":"Anthony &#8211; Exfoliant pour le corps Blue Sea Kelp Body Scrub"}]},{"@type":"WebSite","@id":"https:\/\/manskin.ethos-dev.ch\/#website","url":"https:\/\/manskin.ethos-dev.ch\/","name":"Manskin.ch","description":"Tous les produits de beaut\u00e9 pour les hommes les plus exigeants","publisher":{"@id":"https:\/\/manskin.ethos-dev.ch\/#organization"},"potentialAction":[{"@type":"SearchAction","target":{"@type":"EntryPoint","urlTemplate":"https:\/\/manskin.ethos-dev.ch\/?s={search_term_string}"},"query-input":{"@type":"PropertyValueSpecification","valueRequired":true,"valueName":"search_term_string"}}],"inLanguage":"fr-FR"},{"@type":"Organization","@id":"https:\/\/manskin.ethos-dev.ch\/#organization","name":"Manskin.ch - der Schweizer Onlineshop f\u00fcr qualit\u00e4tsstarke M\u00e4nnerpflege","url":"https:\/\/manskin.ethos-dev.ch\/","logo":{"@type":"ImageObject","inLanguage":"fr-FR","@id":"https:\/\/manskin.ethos-dev.ch\/#\/schema\/logo\/image\/","url":"https:\/\/manskin.ethos-dev.ch\/wp-content\/uploads\/2021\/04\/cropped-logo_head.png","contentUrl":"https:\/\/manskin.ethos-dev.ch\/wp-content\/uploads\/2021\/04\/cropped-logo_head.png","width":235,"height":75,"caption":"Manskin.ch - der Schweizer Onlineshop f\u00fcr qualit\u00e4tsstarke M\u00e4nnerpflege"},"image":{"@id":"https:\/\/manskin.ethos-dev.ch\/#\/schema\/logo\/image\/"},"sameAs":["https:\/\/www.facebook.com\/manskin.ch","https:\/\/www.instagram.com\/manskin.ch\/"]}]},"product_price_amount":"39.00","product_price_currency":"CHF","og_availability":"instock","product_availability":"instock","product_retailer_item_id":"12939","product_condition":"new"},"brands":[{"id":2751,"name":"Anthony","slug":"anthony"}],"_links":{"self":[{"href":"https:\/\/manskin.ethos-dev.ch\/fr\/wp-json\/wp\/v2\/product\/16717","targetHints":{"allow":["GET"]}}],"collection":[{"href":"https:\/\/manskin.ethos-dev.ch\/fr\/wp-json\/wp\/v2\/product"}],"about":[{"href":"https:\/\/manskin.ethos-dev.ch\/fr\/wp-json\/wp\/v2\/types\/product"}],"replies":[{"embeddable":true,"href":"https:\/\/manskin.ethos-dev.ch\/fr\/wp-json\/wp\/v2\/comments?post=16717"}],"wp:featuredmedia":[{"embeddable":true,"href":"https:\/\/manskin.ethos-dev.ch\/fr\/wp-json\/wp\/v2\/media\/4570"}],"wp:attachment":[{"href":"https:\/\/manskin.ethos-dev.ch\/fr\/wp-json\/wp\/v2\/media?parent=16717"}],"wp:term":[{"taxonomy":"pwb-brand","embeddable":true,"href":"https:\/\/manskin.ethos-dev.ch\/fr\/wp-json\/wp\/v2\/pwb-brand?post=16717"},{"taxonomy":"product_brand","embeddable":true,"href":"https:\/\/manskin.ethos-dev.ch\/fr\/wp-json\/wp\/v2\/product_brand?post=16717"},{"taxonomy":"product_cat","embeddable":true,"href":"https:\/\/manskin.ethos-dev.ch\/fr\/wp-json\/wp\/v2\/product_cat?post=16717"},{"taxonomy":"product_tag","embeddable":true,"href":"https:\/\/manskin.ethos-dev.ch\/fr\/wp-json\/wp\/v2\/product_tag?post=16717"}],"curies":[{"name":"wp","href":"https:\/\/api.w.org\/{rel}","templated":true}]}}