{"id":17341,"date":"2022-01-08T12:40:14","date_gmt":"2022-01-08T11:40:14","guid":{"rendered":"https:\/\/manskin.ethos-dev.ch\/produkt\/men-ue-ultimate-shave-facial-set-mini-tubes\/"},"modified":"2025-03-30T16:09:36","modified_gmt":"2025-03-30T14:09:36","slug":"men-ue-ultimate-shave-facial-set-mini-tubes","status":"publish","type":"product","link":"https:\/\/manskin.ethos-dev.ch\/fr\/produkt\/men-ue-ultimate-shave-facial-set-mini-tubes\/","title":{"rendered":"men-\u00fc &#8211; Ultimate Shave &amp;\u00a0Facial Set 3x 15 ml"},"content":{"rendered":"<h2><span style=\"font-size: x-large;\">men-\u00fc &#8211; Ultimate Shave &#038;\u00a0Facial Set mini tubes 15 ml<\/span><\/h2>\n<p>Ce set contient 3 mini tubes pour le rasage et le soin du visage:<br \/>\n<span style=\"color: #ff9900;\"><strong><span style=\"font-size: medium;\">Shave Cream 15 ml:<\/span><\/strong><\/span><\/p>\n<ul>\n<li>La cr\u00e8me \u00e0 raser ultraconcentr\u00e9cfacilite le passage du rasoir. Tu es ras\u00e9 de plus pr\u00e8s et ta peau est moins irrit\u00e9e. Sa texture particuli\u00e8re te permet de voir o\u00f9 tu te rases.<\/li>\n<li>R\u00e9duction des irritations et tiraillements.<\/li>\n<li>Sa texture compos\u00e9 de lubrifiants et de silicone permet une glisse parfaite de la lame de rasoir.<\/li>\n<li>Permet jusqu&#8217;\u00e0 20 utilisations gr\u00e2ce \u00e0 sa formule ultra-concentr\u00e9e!<\/li>\n<\/ul>\n<p><span style=\"font-size: medium; color: #ff9900;\"><strong>Healthy Facial Wash 15 ml:<\/strong><\/span><\/p>\n<ul>\n<li>Ce gel nettoyant visage en tube miniature est ultra concentr\u00e9 et dure jusqu&#8217;\u00e0 3 semaines.<\/li>\n<li>Il est de Ph neutre et concentr\u00e9 en huile de th\u00e9ier qui est un antiseptique et un antibact\u00e9rien naturel.<\/li>\n<li>Il contient \u00e9galement de l\u2019hamam\u00e9lis reconnue pour ses propri\u00e9t\u00e9s apaisantes et r\u00e9paratrices.<\/li>\n<li>L &#8216;Aloe vera et la vitamine B5 hydratent votre peau.<\/li>\n<li>Permet jusqu&#8217;\u00e0 20 utilisations gr\u00e2ce \u00e0 sa formule ultra-concentr\u00e9e!<\/li>\n<\/ul>\n<p><span style=\"color: #ff9900;\"><strong><span style=\"font-size: medium;\">Facial Moisturiser Lift 15 ml:<\/span><\/strong><\/span><\/p>\n<ul>\n<li>Le rasage peut enlever jusqu\u2019\u00e0 deux couches de peau! Il est donc important d\u2019utiliser un hydratant de bonne qualit\u00e9 apr\u00e8s le rasage.<\/li>\n<li>men-\u00fc Facial Moisturiser Lift n\u2019est pas gras et contient de la menthe pour rafra\u00eechir la peau.<\/li>\n<li>C\u2019est agr\u00e9able de se sentir bien d\u00e8s le matin! Une minute apr\u00e8s utilisation, votre peau sera douce.<\/li>\n<li>Ce n\u2019est pas uniquement pour une utilisation apr\u00e8s le rasage mais \u00e9galement apr\u00e8s la douche ou le nettoyage de visage.<\/li>\n<li>Suffit pour env. 20 applications gr\u00e2ce \u00e0 ses actifs ultraconcentr\u00e9s.<\/li>\n<\/ul>\n","protected":false},"excerpt":{"rendered":"<p>Minitubes cr\u00e8me de rasage, nettoyage, cr\u00e8me hydratante<\/p>\n","protected":false},"featured_media":66621,"comment_status":"closed","ping_status":"closed","template":"","meta":{"_acf_changed":false},"pwb-brand":[2766],"product_brand":[],"product_cat":[2911,2333,2332,2444,2311],"product_tag":[],"class_list":{"0":"post-17341","1":"product","2":"type-product","3":"status-publish","4":"has-post-thumbnail","6":"pwb-brand-men-ue","7":"product_cat-travel-sport","8":"product_cat-nettoyants-visage","9":"product_cat-set-de-visage","10":"product_cat-men-ue-fr","11":"product_cat-creme-a-raser","12":"product_shipping_class-standard-fr","13":"pa_hersteller-men-ue-fr-2","14":"sales-flash-overlay","15":"woocommerce-text-align-center","16":"woocommerce-image-align-center","17":"do-quantity-buttons","18":"has-subscription-plans","20":"first","21":"instock","22":"purchasable","23":"product-type-simple"},"acf":[],"yoast_head":"<!-- This site is optimized with the Yoast SEO Premium plugin v24.8 (Yoast SEO v25.4) - https:\/\/yoast.com\/wordpress\/plugins\/seo\/ -->\n<title>men-\u00fc - Ultimate Shave &amp;\u00a0Facial Set 3x 15 ml | Manskin.ch<\/title>\n<meta name=\"description\" content=\"men-\u00fc - Ultimate Shave &amp;\u00a0Facial Set 3x 15 ml\" \/>\n<meta name=\"robots\" content=\"noindex, follow, max-snippet:-1, max-image-preview:large, max-video-preview:-1\" \/>\n<meta property=\"og:locale\" content=\"fr_FR\" \/>\n<meta property=\"og:type\" content=\"article\" \/>\n<meta property=\"og:title\" content=\"men-\u00fc - Ultimate Shave &amp;\u00a0Facial Set 3x 15 ml\" \/>\n<meta property=\"og:description\" content=\"men-\u00fc - Ultimate Shave &amp;\u00a0Facial Set 3x 15 ml\" \/>\n<meta property=\"og:url\" content=\"https:\/\/manskin.ethos-dev.ch\/fr\/produkt\/men-ue-ultimate-shave-facial-set-mini-tubes\/\" \/>\n<meta property=\"og:site_name\" content=\"Manskin.ch\" \/>\n<meta property=\"article:publisher\" content=\"https:\/\/www.facebook.com\/manskin.ch\" \/>\n<meta property=\"article:modified_time\" content=\"2025-03-30T14:09:36+00:00\" \/>\n<meta property=\"og:image\" content=\"https:\/\/manskin.ethos-dev.ch\/wp-content\/uploads\/2022\/01\/Ultimate-Shave-Set-High-Quality.jpg\" \/>\n\t<meta property=\"og:image:width\" content=\"1000\" \/>\n\t<meta property=\"og:image:height\" content=\"1000\" \/>\n\t<meta property=\"og:image:type\" content=\"image\/jpeg\" \/>\n<meta name=\"twitter:card\" content=\"summary_large_image\" \/>\n<meta name=\"twitter:label1\" content=\"Prix\" \/>\n\t<meta name=\"twitter:data1\" content=\"12.00&#067;&#072;&#070;\" \/>\n\t<meta name=\"twitter:label2\" content=\"Disponibilit\u00e9\" \/>\n\t<meta name=\"twitter:data2\" content=\"En stock\" \/>\n<script type=\"application\/ld+json\" class=\"yoast-schema-graph\">{\"@context\":\"https:\/\/schema.org\",\"@graph\":[{\"@type\":\"WebPage\",\"@id\":\"https:\/\/manskin.ethos-dev.ch\/fr\/produkt\/men-ue-ultimate-shave-facial-set-mini-tubes\/\",\"url\":\"https:\/\/manskin.ethos-dev.ch\/fr\/produkt\/men-ue-ultimate-shave-facial-set-mini-tubes\/\",\"name\":\"men-\u00fc - Ultimate Shave &amp;\u00a0Facial Set 3x 15 ml | Manskin.ch\",\"isPartOf\":{\"@id\":\"https:\/\/manskin.ethos-dev.ch\/#website\"},\"primaryImageOfPage\":{\"@id\":\"https:\/\/manskin.ethos-dev.ch\/fr\/produkt\/men-ue-ultimate-shave-facial-set-mini-tubes\/#primaryimage\"},\"image\":{\"@id\":\"https:\/\/manskin.ethos-dev.ch\/fr\/produkt\/men-ue-ultimate-shave-facial-set-mini-tubes\/#primaryimage\"},\"thumbnailUrl\":\"https:\/\/manskin.ethos-dev.ch\/wp-content\/uploads\/2022\/01\/Ultimate-Shave-Set-High-Quality.jpg\",\"datePublished\":\"2022-01-08T11:40:14+00:00\",\"dateModified\":\"2025-03-30T14:09:36+00:00\",\"description\":\"men-\u00fc - Ultimate Shave &amp;\u00a0Facial Set 3x 15 ml\",\"breadcrumb\":{\"@id\":\"https:\/\/manskin.ethos-dev.ch\/fr\/produkt\/men-ue-ultimate-shave-facial-set-mini-tubes\/#breadcrumb\"},\"inLanguage\":\"fr-FR\",\"potentialAction\":[{\"@type\":\"ReadAction\",\"target\":[\"https:\/\/manskin.ethos-dev.ch\/fr\/produkt\/men-ue-ultimate-shave-facial-set-mini-tubes\/\"]}]},{\"@type\":\"ImageObject\",\"inLanguage\":\"fr-FR\",\"@id\":\"https:\/\/manskin.ethos-dev.ch\/fr\/produkt\/men-ue-ultimate-shave-facial-set-mini-tubes\/#primaryimage\",\"url\":\"https:\/\/manskin.ethos-dev.ch\/wp-content\/uploads\/2022\/01\/Ultimate-Shave-Set-High-Quality.jpg\",\"contentUrl\":\"https:\/\/manskin.ethos-dev.ch\/wp-content\/uploads\/2022\/01\/Ultimate-Shave-Set-High-Quality.jpg\",\"width\":1000,\"height\":1000},{\"@type\":\"BreadcrumbList\",\"@id\":\"https:\/\/manskin.ethos-dev.ch\/fr\/produkt\/men-ue-ultimate-shave-facial-set-mini-tubes\/#breadcrumb\",\"itemListElement\":[{\"@type\":\"ListItem\",\"position\":1,\"name\":\"Startseite\",\"item\":\"https:\/\/manskin.ethos-dev.ch\/fr\/\"},{\"@type\":\"ListItem\",\"position\":2,\"name\":\"Shop\",\"item\":\"https:\/\/manskin.ethos-dev.ch\/shop\/\"},{\"@type\":\"ListItem\",\"position\":3,\"name\":\"men-\u00fc &#8211; Ultimate Shave &amp;\u00a0Facial Set 3x 15 ml\"}]},{\"@type\":\"WebSite\",\"@id\":\"https:\/\/manskin.ethos-dev.ch\/#website\",\"url\":\"https:\/\/manskin.ethos-dev.ch\/\",\"name\":\"Manskin.ch\",\"description\":\"Tous les produits de beaut\u00e9 pour les hommes les plus exigeants\",\"publisher\":{\"@id\":\"https:\/\/manskin.ethos-dev.ch\/#organization\"},\"potentialAction\":[{\"@type\":\"SearchAction\",\"target\":{\"@type\":\"EntryPoint\",\"urlTemplate\":\"https:\/\/manskin.ethos-dev.ch\/?s={search_term_string}\"},\"query-input\":{\"@type\":\"PropertyValueSpecification\",\"valueRequired\":true,\"valueName\":\"search_term_string\"}}],\"inLanguage\":\"fr-FR\"},{\"@type\":\"Organization\",\"@id\":\"https:\/\/manskin.ethos-dev.ch\/#organization\",\"name\":\"Manskin.ch - der Schweizer Onlineshop f\u00fcr qualit\u00e4tsstarke M\u00e4nnerpflege\",\"url\":\"https:\/\/manskin.ethos-dev.ch\/\",\"logo\":{\"@type\":\"ImageObject\",\"inLanguage\":\"fr-FR\",\"@id\":\"https:\/\/manskin.ethos-dev.ch\/#\/schema\/logo\/image\/\",\"url\":\"https:\/\/manskin.ethos-dev.ch\/wp-content\/uploads\/2021\/04\/cropped-logo_head.png\",\"contentUrl\":\"https:\/\/manskin.ethos-dev.ch\/wp-content\/uploads\/2021\/04\/cropped-logo_head.png\",\"width\":235,\"height\":75,\"caption\":\"Manskin.ch - der Schweizer Onlineshop f\u00fcr qualit\u00e4tsstarke M\u00e4nnerpflege\"},\"image\":{\"@id\":\"https:\/\/manskin.ethos-dev.ch\/#\/schema\/logo\/image\/\"},\"sameAs\":[\"https:\/\/www.facebook.com\/manskin.ch\",\"https:\/\/www.instagram.com\/manskin.ch\/\"]}]}<\/script>\n<meta property=\"product:price:amount\" content=\"12.00\" \/>\n<meta property=\"product:price:currency\" content=\"CHF\" \/>\n<meta property=\"og:availability\" content=\"instock\" \/>\n<meta property=\"product:availability\" content=\"instock\" \/>\n<meta property=\"product:retailer_item_id\" content=\"12235\" \/>\n<meta property=\"product:condition\" content=\"new\" \/>\n<!-- \/ Yoast SEO Premium plugin. -->","yoast_head_json":{"title":"men-\u00fc - Ultimate Shave &amp;\u00a0Facial Set 3x 15 ml | Manskin.ch","description":"men-\u00fc - Ultimate Shave &amp;\u00a0Facial Set 3x 15 ml","robots":{"index":"noindex","follow":"follow","max-snippet":"max-snippet:-1","max-image-preview":"max-image-preview:large","max-video-preview":"max-video-preview:-1"},"og_locale":"fr_FR","og_type":"article","og_title":"men-\u00fc - Ultimate Shave &amp;\u00a0Facial Set 3x 15 ml","og_description":"men-\u00fc - Ultimate Shave &amp;\u00a0Facial Set 3x 15 ml","og_url":"https:\/\/manskin.ethos-dev.ch\/fr\/produkt\/men-ue-ultimate-shave-facial-set-mini-tubes\/","og_site_name":"Manskin.ch","article_publisher":"https:\/\/www.facebook.com\/manskin.ch","article_modified_time":"2025-03-30T14:09:36+00:00","og_image":[{"width":1000,"height":1000,"url":"https:\/\/manskin.ethos-dev.ch\/wp-content\/uploads\/2022\/01\/Ultimate-Shave-Set-High-Quality.jpg","type":"image\/jpeg"}],"twitter_card":"summary_large_image","twitter_misc":{"Prix":"12.00&#67;&#72;&#70;","Disponibilit\u00e9":"En stock"},"schema":{"@context":"https:\/\/schema.org","@graph":[{"@type":"WebPage","@id":"https:\/\/manskin.ethos-dev.ch\/fr\/produkt\/men-ue-ultimate-shave-facial-set-mini-tubes\/","url":"https:\/\/manskin.ethos-dev.ch\/fr\/produkt\/men-ue-ultimate-shave-facial-set-mini-tubes\/","name":"men-\u00fc - Ultimate Shave &amp;\u00a0Facial Set 3x 15 ml | Manskin.ch","isPartOf":{"@id":"https:\/\/manskin.ethos-dev.ch\/#website"},"primaryImageOfPage":{"@id":"https:\/\/manskin.ethos-dev.ch\/fr\/produkt\/men-ue-ultimate-shave-facial-set-mini-tubes\/#primaryimage"},"image":{"@id":"https:\/\/manskin.ethos-dev.ch\/fr\/produkt\/men-ue-ultimate-shave-facial-set-mini-tubes\/#primaryimage"},"thumbnailUrl":"https:\/\/manskin.ethos-dev.ch\/wp-content\/uploads\/2022\/01\/Ultimate-Shave-Set-High-Quality.jpg","datePublished":"2022-01-08T11:40:14+00:00","dateModified":"2025-03-30T14:09:36+00:00","description":"men-\u00fc - Ultimate Shave &amp;\u00a0Facial Set 3x 15 ml","breadcrumb":{"@id":"https:\/\/manskin.ethos-dev.ch\/fr\/produkt\/men-ue-ultimate-shave-facial-set-mini-tubes\/#breadcrumb"},"inLanguage":"fr-FR","potentialAction":[{"@type":"ReadAction","target":["https:\/\/manskin.ethos-dev.ch\/fr\/produkt\/men-ue-ultimate-shave-facial-set-mini-tubes\/"]}]},{"@type":"ImageObject","inLanguage":"fr-FR","@id":"https:\/\/manskin.ethos-dev.ch\/fr\/produkt\/men-ue-ultimate-shave-facial-set-mini-tubes\/#primaryimage","url":"https:\/\/manskin.ethos-dev.ch\/wp-content\/uploads\/2022\/01\/Ultimate-Shave-Set-High-Quality.jpg","contentUrl":"https:\/\/manskin.ethos-dev.ch\/wp-content\/uploads\/2022\/01\/Ultimate-Shave-Set-High-Quality.jpg","width":1000,"height":1000},{"@type":"BreadcrumbList","@id":"https:\/\/manskin.ethos-dev.ch\/fr\/produkt\/men-ue-ultimate-shave-facial-set-mini-tubes\/#breadcrumb","itemListElement":[{"@type":"ListItem","position":1,"name":"Startseite","item":"https:\/\/manskin.ethos-dev.ch\/fr\/"},{"@type":"ListItem","position":2,"name":"Shop","item":"https:\/\/manskin.ethos-dev.ch\/shop\/"},{"@type":"ListItem","position":3,"name":"men-\u00fc &#8211; Ultimate Shave &amp;\u00a0Facial Set 3x 15 ml"}]},{"@type":"WebSite","@id":"https:\/\/manskin.ethos-dev.ch\/#website","url":"https:\/\/manskin.ethos-dev.ch\/","name":"Manskin.ch","description":"Tous les produits de beaut\u00e9 pour les hommes les plus exigeants","publisher":{"@id":"https:\/\/manskin.ethos-dev.ch\/#organization"},"potentialAction":[{"@type":"SearchAction","target":{"@type":"EntryPoint","urlTemplate":"https:\/\/manskin.ethos-dev.ch\/?s={search_term_string}"},"query-input":{"@type":"PropertyValueSpecification","valueRequired":true,"valueName":"search_term_string"}}],"inLanguage":"fr-FR"},{"@type":"Organization","@id":"https:\/\/manskin.ethos-dev.ch\/#organization","name":"Manskin.ch - der Schweizer Onlineshop f\u00fcr qualit\u00e4tsstarke M\u00e4nnerpflege","url":"https:\/\/manskin.ethos-dev.ch\/","logo":{"@type":"ImageObject","inLanguage":"fr-FR","@id":"https:\/\/manskin.ethos-dev.ch\/#\/schema\/logo\/image\/","url":"https:\/\/manskin.ethos-dev.ch\/wp-content\/uploads\/2021\/04\/cropped-logo_head.png","contentUrl":"https:\/\/manskin.ethos-dev.ch\/wp-content\/uploads\/2021\/04\/cropped-logo_head.png","width":235,"height":75,"caption":"Manskin.ch - der Schweizer Onlineshop f\u00fcr qualit\u00e4tsstarke M\u00e4nnerpflege"},"image":{"@id":"https:\/\/manskin.ethos-dev.ch\/#\/schema\/logo\/image\/"},"sameAs":["https:\/\/www.facebook.com\/manskin.ch","https:\/\/www.instagram.com\/manskin.ch\/"]}]},"product_price_amount":"12.00","product_price_currency":"CHF","og_availability":"instock","product_availability":"instock","product_retailer_item_id":"12235","product_condition":"new"},"brands":[{"id":2766,"name":"men-\u00fc","slug":"men-ue"}],"_links":{"self":[{"href":"https:\/\/manskin.ethos-dev.ch\/fr\/wp-json\/wp\/v2\/product\/17341","targetHints":{"allow":["GET"]}}],"collection":[{"href":"https:\/\/manskin.ethos-dev.ch\/fr\/wp-json\/wp\/v2\/product"}],"about":[{"href":"https:\/\/manskin.ethos-dev.ch\/fr\/wp-json\/wp\/v2\/types\/product"}],"replies":[{"embeddable":true,"href":"https:\/\/manskin.ethos-dev.ch\/fr\/wp-json\/wp\/v2\/comments?post=17341"}],"wp:featuredmedia":[{"embeddable":true,"href":"https:\/\/manskin.ethos-dev.ch\/fr\/wp-json\/wp\/v2\/media\/66621"}],"wp:attachment":[{"href":"https:\/\/manskin.ethos-dev.ch\/fr\/wp-json\/wp\/v2\/media?parent=17341"}],"wp:term":[{"taxonomy":"pwb-brand","embeddable":true,"href":"https:\/\/manskin.ethos-dev.ch\/fr\/wp-json\/wp\/v2\/pwb-brand?post=17341"},{"taxonomy":"product_brand","embeddable":true,"href":"https:\/\/manskin.ethos-dev.ch\/fr\/wp-json\/wp\/v2\/product_brand?post=17341"},{"taxonomy":"product_cat","embeddable":true,"href":"https:\/\/manskin.ethos-dev.ch\/fr\/wp-json\/wp\/v2\/product_cat?post=17341"},{"taxonomy":"product_tag","embeddable":true,"href":"https:\/\/manskin.ethos-dev.ch\/fr\/wp-json\/wp\/v2\/product_tag?post=17341"}],"curies":[{"name":"wp","href":"https:\/\/api.w.org\/{rel}","templated":true}]}}