{"id":17548,"date":"2022-01-08T13:39:08","date_gmt":"2022-01-08T12:39:08","guid":{"rendered":"https:\/\/manskin.ethos-dev.ch\/produkt\/soap-on-a-rope-black-edition\/"},"modified":"2025-05-28T18:14:18","modified_gmt":"2025-05-28T16:14:18","slug":"musgo-real-soap-on-a-rope-black-edition","status":"publish","type":"product","link":"https:\/\/manskin.ethos-dev.ch\/fr\/produkt\/musgo-real-soap-on-a-rope-black-edition\/","title":{"rendered":"Musgo Real &#8211; Soap on a Rope Black Edition"},"content":{"rendered":"<h2>Musgo Real &#8211; Soap on a Rope Black Edition<\/h2>\n<ul>\n<li>Le c\u00e9l\u00e8bre savon avec cordon s\u2019habille en noir et transforme le bain en une nouvelle exp\u00e9rience.<\/li>\n<li>Le savon avec cordon Musgo Real Black Edition combine les propri\u00e9t\u00e9s purifiantes du charbon de bambou avec la capacit\u00e9 nutritive et hydratante de l\u2019huile organique de graine de raisin de la r\u00e9gion vinicole de la vall\u00e9e du Douro.<\/li>\n<li>Avec de la poudre de charbon v\u00e9g\u00e9tal, connu pour ses propri\u00e9t\u00e9s purificatrices et de l\u2019huile organique de graine de raisin pour adoucir la peau, ce savon sera la cl\u00e9 pour une \u00ab d\u00e9tox \u00bb quotidienne, rajeunissante et stimulante.<\/li>\n<li>Ce savon, emball\u00e9 \u00e0 la main, est muni du cordon en coton embl\u00e9matique de Musgo Real, mais maintenant de couleur noire.<\/li>\n<\/ul>\n<p>Notes de t\u00eate: Bergamote, Citron et Baies de Geni\u00e8vre.<br \/>\nNotes de coeur: Cacao, Noix Muscade et Cardamome.<br \/>\nNotes de fond: V\u00e9tiver, Patchouli, C\u00e8dre et F\u00e8ve Tonka.<\/p>\n<p>Contenu 190 gr.<\/p>\n","protected":false},"excerpt":{"rendered":"<p>Savon \u00e9l\u00e9gant noir avec de l&#8217;huile bio de p\u00e9pins de raisin<\/p>\n","protected":false},"featured_media":3905,"comment_status":"closed","ping_status":"closed","template":"","meta":{"_acf_changed":false},"pwb-brand":[2770],"product_brand":[],"product_cat":[2357,2495,2382],"product_tag":[],"class_list":{"0":"post-17548","1":"product","2":"type-product","3":"status-publish","4":"has-post-thumbnail","6":"pwb-brand-musgo-real","7":"product_cat-nettoyant-corps","8":"product_cat-savon-pour-le-corps","9":"product_cat-musgo-real-fr","10":"product_shipping_class-standard-fr","11":"pa_hersteller-musgo-real-fr-2","12":"sales-flash-overlay","13":"woocommerce-text-align-center","14":"woocommerce-image-align-center","15":"do-quantity-buttons","16":"wc-has-gallery","17":"has-subscription-plans","19":"first","20":"instock","21":"purchasable","22":"product-type-simple"},"acf":[],"yoast_head":"<!-- This site is optimized with the Yoast SEO Premium plugin v24.8 (Yoast SEO v25.4) - https:\/\/yoast.com\/wordpress\/plugins\/seo\/ -->\n<title>Musgo Real - Soap on a Rope Black Edition | Manskin.ch<\/title>\n<meta name=\"description\" content=\"Musgo Real - Soap on a Rope Black Edition\" \/>\n<meta name=\"robots\" content=\"noindex, follow, max-snippet:-1, max-image-preview:large, max-video-preview:-1\" \/>\n<meta property=\"og:locale\" content=\"fr_FR\" \/>\n<meta property=\"og:type\" content=\"article\" \/>\n<meta property=\"og:title\" content=\"Musgo Real - Soap on a Rope Black Edition\" \/>\n<meta property=\"og:description\" content=\"Musgo Real - Soap on a Rope Black Edition\" \/>\n<meta property=\"og:url\" content=\"https:\/\/manskin.ethos-dev.ch\/fr\/produkt\/musgo-real-soap-on-a-rope-black-edition\/\" \/>\n<meta property=\"og:site_name\" content=\"Manskin.ch\" \/>\n<meta property=\"article:publisher\" content=\"https:\/\/www.facebook.com\/manskin.ch\" \/>\n<meta property=\"article:modified_time\" content=\"2025-05-28T16:14:18+00:00\" \/>\n<meta property=\"og:image\" content=\"https:\/\/manskin.ethos-dev.ch\/wp-content\/uploads\/2022\/01\/1211_0.jpg\" \/>\n\t<meta property=\"og:image:width\" content=\"470\" \/>\n\t<meta property=\"og:image:height\" content=\"510\" \/>\n\t<meta property=\"og:image:type\" content=\"image\/jpeg\" \/>\n<meta name=\"twitter:card\" content=\"summary_large_image\" \/>\n<meta name=\"twitter:label1\" content=\"Prix\" \/>\n\t<meta name=\"twitter:data1\" content=\"25.00&#067;&#072;&#070;\" \/>\n\t<meta name=\"twitter:label2\" content=\"Disponibilit\u00e9\" \/>\n\t<meta name=\"twitter:data2\" content=\"En stock\" \/>\n<script type=\"application\/ld+json\" class=\"yoast-schema-graph\">{\"@context\":\"https:\/\/schema.org\",\"@graph\":[{\"@type\":\"WebPage\",\"@id\":\"https:\/\/manskin.ethos-dev.ch\/fr\/produkt\/musgo-real-soap-on-a-rope-black-edition\/\",\"url\":\"https:\/\/manskin.ethos-dev.ch\/fr\/produkt\/musgo-real-soap-on-a-rope-black-edition\/\",\"name\":\"Musgo Real - Soap on a Rope Black Edition | Manskin.ch\",\"isPartOf\":{\"@id\":\"https:\/\/manskin.ethos-dev.ch\/#website\"},\"primaryImageOfPage\":{\"@id\":\"https:\/\/manskin.ethos-dev.ch\/fr\/produkt\/musgo-real-soap-on-a-rope-black-edition\/#primaryimage\"},\"image\":{\"@id\":\"https:\/\/manskin.ethos-dev.ch\/fr\/produkt\/musgo-real-soap-on-a-rope-black-edition\/#primaryimage\"},\"thumbnailUrl\":\"https:\/\/manskin.ethos-dev.ch\/wp-content\/uploads\/2022\/01\/1211_0.jpg\",\"datePublished\":\"2022-01-08T12:39:08+00:00\",\"dateModified\":\"2025-05-28T16:14:18+00:00\",\"description\":\"Musgo Real - Soap on a Rope Black Edition\",\"breadcrumb\":{\"@id\":\"https:\/\/manskin.ethos-dev.ch\/fr\/produkt\/musgo-real-soap-on-a-rope-black-edition\/#breadcrumb\"},\"inLanguage\":\"fr-FR\",\"potentialAction\":[{\"@type\":\"ReadAction\",\"target\":[\"https:\/\/manskin.ethos-dev.ch\/fr\/produkt\/musgo-real-soap-on-a-rope-black-edition\/\"]}]},{\"@type\":\"ImageObject\",\"inLanguage\":\"fr-FR\",\"@id\":\"https:\/\/manskin.ethos-dev.ch\/fr\/produkt\/musgo-real-soap-on-a-rope-black-edition\/#primaryimage\",\"url\":\"https:\/\/manskin.ethos-dev.ch\/wp-content\/uploads\/2022\/01\/1211_0.jpg\",\"contentUrl\":\"https:\/\/manskin.ethos-dev.ch\/wp-content\/uploads\/2022\/01\/1211_0.jpg\",\"width\":470,\"height\":510},{\"@type\":\"BreadcrumbList\",\"@id\":\"https:\/\/manskin.ethos-dev.ch\/fr\/produkt\/musgo-real-soap-on-a-rope-black-edition\/#breadcrumb\",\"itemListElement\":[{\"@type\":\"ListItem\",\"position\":1,\"name\":\"Startseite\",\"item\":\"https:\/\/manskin.ethos-dev.ch\/fr\/\"},{\"@type\":\"ListItem\",\"position\":2,\"name\":\"Shop\",\"item\":\"https:\/\/manskin.ethos-dev.ch\/shop\/\"},{\"@type\":\"ListItem\",\"position\":3,\"name\":\"Musgo Real &#8211; Soap on a Rope Black Edition\"}]},{\"@type\":\"WebSite\",\"@id\":\"https:\/\/manskin.ethos-dev.ch\/#website\",\"url\":\"https:\/\/manskin.ethos-dev.ch\/\",\"name\":\"Manskin.ch\",\"description\":\"Tous les produits de beaut\u00e9 pour les hommes les plus exigeants\",\"publisher\":{\"@id\":\"https:\/\/manskin.ethos-dev.ch\/#organization\"},\"potentialAction\":[{\"@type\":\"SearchAction\",\"target\":{\"@type\":\"EntryPoint\",\"urlTemplate\":\"https:\/\/manskin.ethos-dev.ch\/?s={search_term_string}\"},\"query-input\":{\"@type\":\"PropertyValueSpecification\",\"valueRequired\":true,\"valueName\":\"search_term_string\"}}],\"inLanguage\":\"fr-FR\"},{\"@type\":\"Organization\",\"@id\":\"https:\/\/manskin.ethos-dev.ch\/#organization\",\"name\":\"Manskin.ch - der Schweizer Onlineshop f\u00fcr qualit\u00e4tsstarke M\u00e4nnerpflege\",\"url\":\"https:\/\/manskin.ethos-dev.ch\/\",\"logo\":{\"@type\":\"ImageObject\",\"inLanguage\":\"fr-FR\",\"@id\":\"https:\/\/manskin.ethos-dev.ch\/#\/schema\/logo\/image\/\",\"url\":\"https:\/\/manskin.ethos-dev.ch\/wp-content\/uploads\/2021\/04\/cropped-logo_head.png\",\"contentUrl\":\"https:\/\/manskin.ethos-dev.ch\/wp-content\/uploads\/2021\/04\/cropped-logo_head.png\",\"width\":235,\"height\":75,\"caption\":\"Manskin.ch - der Schweizer Onlineshop f\u00fcr qualit\u00e4tsstarke M\u00e4nnerpflege\"},\"image\":{\"@id\":\"https:\/\/manskin.ethos-dev.ch\/#\/schema\/logo\/image\/\"},\"sameAs\":[\"https:\/\/www.facebook.com\/manskin.ch\",\"https:\/\/www.instagram.com\/manskin.ch\/\"]}]}<\/script>\n<meta property=\"product:price:amount\" content=\"25.00\" \/>\n<meta property=\"product:price:currency\" content=\"CHF\" \/>\n<meta property=\"og:availability\" content=\"instock\" \/>\n<meta property=\"product:availability\" content=\"instock\" \/>\n<meta property=\"product:retailer_item_id\" content=\"13288\" \/>\n<meta property=\"product:condition\" content=\"new\" \/>\n<!-- \/ Yoast SEO Premium plugin. -->","yoast_head_json":{"title":"Musgo Real - Soap on a Rope Black Edition | Manskin.ch","description":"Musgo Real - Soap on a Rope Black Edition","robots":{"index":"noindex","follow":"follow","max-snippet":"max-snippet:-1","max-image-preview":"max-image-preview:large","max-video-preview":"max-video-preview:-1"},"og_locale":"fr_FR","og_type":"article","og_title":"Musgo Real - Soap on a Rope Black Edition","og_description":"Musgo Real - Soap on a Rope Black Edition","og_url":"https:\/\/manskin.ethos-dev.ch\/fr\/produkt\/musgo-real-soap-on-a-rope-black-edition\/","og_site_name":"Manskin.ch","article_publisher":"https:\/\/www.facebook.com\/manskin.ch","article_modified_time":"2025-05-28T16:14:18+00:00","og_image":[{"width":470,"height":510,"url":"https:\/\/manskin.ethos-dev.ch\/wp-content\/uploads\/2022\/01\/1211_0.jpg","type":"image\/jpeg"}],"twitter_card":"summary_large_image","twitter_misc":{"Prix":"25.00&#67;&#72;&#70;","Disponibilit\u00e9":"En stock"},"schema":{"@context":"https:\/\/schema.org","@graph":[{"@type":"WebPage","@id":"https:\/\/manskin.ethos-dev.ch\/fr\/produkt\/musgo-real-soap-on-a-rope-black-edition\/","url":"https:\/\/manskin.ethos-dev.ch\/fr\/produkt\/musgo-real-soap-on-a-rope-black-edition\/","name":"Musgo Real - Soap on a Rope Black Edition | Manskin.ch","isPartOf":{"@id":"https:\/\/manskin.ethos-dev.ch\/#website"},"primaryImageOfPage":{"@id":"https:\/\/manskin.ethos-dev.ch\/fr\/produkt\/musgo-real-soap-on-a-rope-black-edition\/#primaryimage"},"image":{"@id":"https:\/\/manskin.ethos-dev.ch\/fr\/produkt\/musgo-real-soap-on-a-rope-black-edition\/#primaryimage"},"thumbnailUrl":"https:\/\/manskin.ethos-dev.ch\/wp-content\/uploads\/2022\/01\/1211_0.jpg","datePublished":"2022-01-08T12:39:08+00:00","dateModified":"2025-05-28T16:14:18+00:00","description":"Musgo Real - Soap on a Rope Black Edition","breadcrumb":{"@id":"https:\/\/manskin.ethos-dev.ch\/fr\/produkt\/musgo-real-soap-on-a-rope-black-edition\/#breadcrumb"},"inLanguage":"fr-FR","potentialAction":[{"@type":"ReadAction","target":["https:\/\/manskin.ethos-dev.ch\/fr\/produkt\/musgo-real-soap-on-a-rope-black-edition\/"]}]},{"@type":"ImageObject","inLanguage":"fr-FR","@id":"https:\/\/manskin.ethos-dev.ch\/fr\/produkt\/musgo-real-soap-on-a-rope-black-edition\/#primaryimage","url":"https:\/\/manskin.ethos-dev.ch\/wp-content\/uploads\/2022\/01\/1211_0.jpg","contentUrl":"https:\/\/manskin.ethos-dev.ch\/wp-content\/uploads\/2022\/01\/1211_0.jpg","width":470,"height":510},{"@type":"BreadcrumbList","@id":"https:\/\/manskin.ethos-dev.ch\/fr\/produkt\/musgo-real-soap-on-a-rope-black-edition\/#breadcrumb","itemListElement":[{"@type":"ListItem","position":1,"name":"Startseite","item":"https:\/\/manskin.ethos-dev.ch\/fr\/"},{"@type":"ListItem","position":2,"name":"Shop","item":"https:\/\/manskin.ethos-dev.ch\/shop\/"},{"@type":"ListItem","position":3,"name":"Musgo Real &#8211; Soap on a Rope Black Edition"}]},{"@type":"WebSite","@id":"https:\/\/manskin.ethos-dev.ch\/#website","url":"https:\/\/manskin.ethos-dev.ch\/","name":"Manskin.ch","description":"Tous les produits de beaut\u00e9 pour les hommes les plus exigeants","publisher":{"@id":"https:\/\/manskin.ethos-dev.ch\/#organization"},"potentialAction":[{"@type":"SearchAction","target":{"@type":"EntryPoint","urlTemplate":"https:\/\/manskin.ethos-dev.ch\/?s={search_term_string}"},"query-input":{"@type":"PropertyValueSpecification","valueRequired":true,"valueName":"search_term_string"}}],"inLanguage":"fr-FR"},{"@type":"Organization","@id":"https:\/\/manskin.ethos-dev.ch\/#organization","name":"Manskin.ch - der Schweizer Onlineshop f\u00fcr qualit\u00e4tsstarke M\u00e4nnerpflege","url":"https:\/\/manskin.ethos-dev.ch\/","logo":{"@type":"ImageObject","inLanguage":"fr-FR","@id":"https:\/\/manskin.ethos-dev.ch\/#\/schema\/logo\/image\/","url":"https:\/\/manskin.ethos-dev.ch\/wp-content\/uploads\/2021\/04\/cropped-logo_head.png","contentUrl":"https:\/\/manskin.ethos-dev.ch\/wp-content\/uploads\/2021\/04\/cropped-logo_head.png","width":235,"height":75,"caption":"Manskin.ch - der Schweizer Onlineshop f\u00fcr qualit\u00e4tsstarke M\u00e4nnerpflege"},"image":{"@id":"https:\/\/manskin.ethos-dev.ch\/#\/schema\/logo\/image\/"},"sameAs":["https:\/\/www.facebook.com\/manskin.ch","https:\/\/www.instagram.com\/manskin.ch\/"]}]},"product_price_amount":"25.00","product_price_currency":"CHF","og_availability":"instock","product_availability":"instock","product_retailer_item_id":"13288","product_condition":"new"},"brands":[{"id":2770,"name":"Musgo Real","slug":"musgo-real"}],"_links":{"self":[{"href":"https:\/\/manskin.ethos-dev.ch\/fr\/wp-json\/wp\/v2\/product\/17548","targetHints":{"allow":["GET"]}}],"collection":[{"href":"https:\/\/manskin.ethos-dev.ch\/fr\/wp-json\/wp\/v2\/product"}],"about":[{"href":"https:\/\/manskin.ethos-dev.ch\/fr\/wp-json\/wp\/v2\/types\/product"}],"replies":[{"embeddable":true,"href":"https:\/\/manskin.ethos-dev.ch\/fr\/wp-json\/wp\/v2\/comments?post=17548"}],"wp:featuredmedia":[{"embeddable":true,"href":"https:\/\/manskin.ethos-dev.ch\/fr\/wp-json\/wp\/v2\/media\/3905"}],"wp:attachment":[{"href":"https:\/\/manskin.ethos-dev.ch\/fr\/wp-json\/wp\/v2\/media?parent=17548"}],"wp:term":[{"taxonomy":"pwb-brand","embeddable":true,"href":"https:\/\/manskin.ethos-dev.ch\/fr\/wp-json\/wp\/v2\/pwb-brand?post=17548"},{"taxonomy":"product_brand","embeddable":true,"href":"https:\/\/manskin.ethos-dev.ch\/fr\/wp-json\/wp\/v2\/product_brand?post=17548"},{"taxonomy":"product_cat","embeddable":true,"href":"https:\/\/manskin.ethos-dev.ch\/fr\/wp-json\/wp\/v2\/product_cat?post=17548"},{"taxonomy":"product_tag","embeddable":true,"href":"https:\/\/manskin.ethos-dev.ch\/fr\/wp-json\/wp\/v2\/product_tag?post=17548"}],"curies":[{"name":"wp","href":"https:\/\/api.w.org\/{rel}","templated":true}]}}