{"id":17561,"date":"2022-01-08T13:41:26","date_gmt":"2022-01-08T12:41:26","guid":{"rendered":"https:\/\/manskin.ethos-dev.ch\/produkt\/pinceau-silvertip-fibre\/"},"modified":"2025-05-26T11:50:10","modified_gmt":"2025-05-26T09:50:10","slug":"musgo-real-pinceau-silvertip-fibre","status":"publish","type":"product","link":"https:\/\/manskin.ethos-dev.ch\/fr\/produkt\/musgo-real-pinceau-silvertip-fibre\/","title":{"rendered":"Musgo Real &#8211; Blaireau Silvertip Fibre"},"content":{"rendered":"<h2>Musgo Real &#8211; Blaireau Silvertip Fibre<\/h2>\n<ul>\n<li>Ce blaireau est l&#8217;accessoire id\u00e9al pour profiter chez vous de l&#8217;exp\u00e9rience Musgo Real. Il est compos\u00e9 d\u2019une poign\u00e9e en bois et en m\u00e9tal et de fibres synth\u00e9tiques Silvertip Fibre\u00ae. Ces poils pr\u00e9miums sont plus performantes que les traditionnels poils des blaireaux plut\u00f4t communs.<\/li>\n<li>La surface de la brosse est extr\u00eamement douce, alors que la partie centrale est renforc\u00e9e, afin d\u2019assurer la fermet\u00e9 n\u00e9cessaire \u00e0 un rasage parfait.<\/li>\n<li>Les soies Silvertip Fibre\u00ae s\u00e8chent plus rapidement et sont plus r\u00e9sistantes que celles d\u2019origine animale. Celles-ci produisent une mousse cr\u00e9meuse et \u00e9paisse avec une petite quantit\u00e9 de cr\u00e8me \u00e0 raser.<\/li>\n<\/ul>\n<p>Utilisation:<br \/>\nAvant la premi\u00e8re utilisation, les soies doivent \u00eatre soigneusement lav\u00e9es \u00e0 l&#8217;eau ti\u00e8de et au savon. Ne laissez pas la brosse pleine de mousse apr\u00e8s usage. Vous devez bien la rincer \u00e0 l\u2019eau courante, en \u00e9vitant que des surplus de savon ou de la cr\u00e8me n\u2019ab\u00eement pas les soies. S\u00e9chez la brosse en secouant l\u2019eau et suspendez le blaireau dans le support ayant la t\u00eate en bas. Ne nettoyez pas la brosse avec des produits chimiques.<\/p>\n","protected":false},"excerpt":{"rendered":"<p>Musgo Real &#8211; Blaireau Silvertip Fibre Ce blaireau est l&#8217;accessoire id\u00e9al pour profiter chez vous de l&#8217;exp\u00e9rience Musgo Real. Il est compos\u00e9 d\u2019une poign\u00e9e en bois et en m\u00e9tal et de fibres synth\u00e9tiques Silvertip Fibre\u00ae. Ces poils pr\u00e9miums sont plus performantes que les traditionnels poils des blaireaux plut\u00f4t communs. La surface de la brosse est &#8230; <a title=\"Musgo Real &#8211; Blaireau Silvertip Fibre\" class=\"read-more\" href=\"https:\/\/manskin.ethos-dev.ch\/fr\/produkt\/musgo-real-pinceau-silvertip-fibre\/\" aria-label=\"En savoir plus sur Musgo Real &#8211; Blaireau Silvertip Fibre\">Lire la suite<\/a><\/p>\n","protected":false},"featured_media":3968,"comment_status":"closed","ping_status":"closed","template":"","meta":{"_acf_changed":false},"pwb-brand":[2770],"product_brand":[],"product_cat":[2382,2425,2433],"product_tag":[],"class_list":{"0":"post-17561","1":"product","2":"type-product","3":"status-publish","4":"has-post-thumbnail","6":"pwb-brand-musgo-real","7":"product_cat-musgo-real-fr","8":"product_cat-blaireau-new","9":"product_cat-sales-fr","10":"product_shipping_class-standard-fr","11":"pa_hersteller-musgo-real-fr-2","12":"sales-flash-overlay","13":"woocommerce-text-align-center","14":"woocommerce-image-align-center","15":"do-quantity-buttons","16":"wc-has-gallery","17":"has-subscription-plans","19":"first","20":"instock","21":"purchasable","22":"product-type-simple"},"acf":[],"yoast_head":"<!-- This site is optimized with the Yoast SEO Premium plugin v24.8 (Yoast SEO v25.4) - https:\/\/yoast.com\/wordpress\/plugins\/seo\/ -->\n<title>Musgo Real - Blaireau Silvertip Fibre | Manskin.ch<\/title>\n<meta name=\"description\" content=\"Musgo Real - Blaireau Silvertip Fibre\" \/>\n<meta name=\"robots\" content=\"noindex, follow, max-snippet:-1, max-image-preview:large, max-video-preview:-1\" \/>\n<meta property=\"og:locale\" content=\"fr_FR\" \/>\n<meta property=\"og:type\" content=\"article\" \/>\n<meta property=\"og:title\" content=\"Musgo Real - Blaireau Silvertip Fibre\" \/>\n<meta property=\"og:description\" content=\"Musgo Real - Blaireau Silvertip Fibre\" \/>\n<meta property=\"og:url\" content=\"https:\/\/manskin.ethos-dev.ch\/fr\/produkt\/musgo-real-pinceau-silvertip-fibre\/\" \/>\n<meta property=\"og:site_name\" content=\"Manskin.ch\" \/>\n<meta property=\"article:publisher\" content=\"https:\/\/www.facebook.com\/manskin.ch\" \/>\n<meta property=\"article:modified_time\" content=\"2025-05-26T09:50:10+00:00\" \/>\n<meta property=\"og:image\" content=\"https:\/\/manskin.ethos-dev.ch\/wp-content\/uploads\/2022\/01\/1213_0.jpg\" \/>\n\t<meta property=\"og:image:width\" content=\"470\" \/>\n\t<meta property=\"og:image:height\" content=\"510\" \/>\n\t<meta property=\"og:image:type\" content=\"image\/jpeg\" \/>\n<meta name=\"twitter:card\" content=\"summary_large_image\" \/>\n<meta name=\"twitter:label1\" content=\"Prix\" \/>\n\t<meta name=\"twitter:data1\" content=\"49.00&#067;&#072;&#070;\" \/>\n\t<meta name=\"twitter:label2\" content=\"Disponibilit\u00e9\" \/>\n\t<meta name=\"twitter:data2\" content=\"En stock\" \/>\n<script type=\"application\/ld+json\" class=\"yoast-schema-graph\">{\"@context\":\"https:\/\/schema.org\",\"@graph\":[{\"@type\":\"WebPage\",\"@id\":\"https:\/\/manskin.ethos-dev.ch\/fr\/produkt\/musgo-real-pinceau-silvertip-fibre\/\",\"url\":\"https:\/\/manskin.ethos-dev.ch\/fr\/produkt\/musgo-real-pinceau-silvertip-fibre\/\",\"name\":\"Musgo Real - Blaireau Silvertip Fibre | Manskin.ch\",\"isPartOf\":{\"@id\":\"https:\/\/manskin.ethos-dev.ch\/#website\"},\"primaryImageOfPage\":{\"@id\":\"https:\/\/manskin.ethos-dev.ch\/fr\/produkt\/musgo-real-pinceau-silvertip-fibre\/#primaryimage\"},\"image\":{\"@id\":\"https:\/\/manskin.ethos-dev.ch\/fr\/produkt\/musgo-real-pinceau-silvertip-fibre\/#primaryimage\"},\"thumbnailUrl\":\"https:\/\/manskin.ethos-dev.ch\/wp-content\/uploads\/2022\/01\/1213_0.jpg\",\"datePublished\":\"2022-01-08T12:41:26+00:00\",\"dateModified\":\"2025-05-26T09:50:10+00:00\",\"description\":\"Musgo Real - Blaireau Silvertip Fibre\",\"breadcrumb\":{\"@id\":\"https:\/\/manskin.ethos-dev.ch\/fr\/produkt\/musgo-real-pinceau-silvertip-fibre\/#breadcrumb\"},\"inLanguage\":\"fr-FR\",\"potentialAction\":[{\"@type\":\"ReadAction\",\"target\":[\"https:\/\/manskin.ethos-dev.ch\/fr\/produkt\/musgo-real-pinceau-silvertip-fibre\/\"]}]},{\"@type\":\"ImageObject\",\"inLanguage\":\"fr-FR\",\"@id\":\"https:\/\/manskin.ethos-dev.ch\/fr\/produkt\/musgo-real-pinceau-silvertip-fibre\/#primaryimage\",\"url\":\"https:\/\/manskin.ethos-dev.ch\/wp-content\/uploads\/2022\/01\/1213_0.jpg\",\"contentUrl\":\"https:\/\/manskin.ethos-dev.ch\/wp-content\/uploads\/2022\/01\/1213_0.jpg\",\"width\":470,\"height\":510},{\"@type\":\"BreadcrumbList\",\"@id\":\"https:\/\/manskin.ethos-dev.ch\/fr\/produkt\/musgo-real-pinceau-silvertip-fibre\/#breadcrumb\",\"itemListElement\":[{\"@type\":\"ListItem\",\"position\":1,\"name\":\"Startseite\",\"item\":\"https:\/\/manskin.ethos-dev.ch\/fr\/\"},{\"@type\":\"ListItem\",\"position\":2,\"name\":\"Shop\",\"item\":\"https:\/\/manskin.ethos-dev.ch\/shop\/\"},{\"@type\":\"ListItem\",\"position\":3,\"name\":\"Musgo Real &#8211; Blaireau Silvertip Fibre\"}]},{\"@type\":\"WebSite\",\"@id\":\"https:\/\/manskin.ethos-dev.ch\/#website\",\"url\":\"https:\/\/manskin.ethos-dev.ch\/\",\"name\":\"Manskin.ch\",\"description\":\"Tous les produits de beaut\u00e9 pour les hommes les plus exigeants\",\"publisher\":{\"@id\":\"https:\/\/manskin.ethos-dev.ch\/#organization\"},\"potentialAction\":[{\"@type\":\"SearchAction\",\"target\":{\"@type\":\"EntryPoint\",\"urlTemplate\":\"https:\/\/manskin.ethos-dev.ch\/?s={search_term_string}\"},\"query-input\":{\"@type\":\"PropertyValueSpecification\",\"valueRequired\":true,\"valueName\":\"search_term_string\"}}],\"inLanguage\":\"fr-FR\"},{\"@type\":\"Organization\",\"@id\":\"https:\/\/manskin.ethos-dev.ch\/#organization\",\"name\":\"Manskin.ch - der Schweizer Onlineshop f\u00fcr qualit\u00e4tsstarke M\u00e4nnerpflege\",\"url\":\"https:\/\/manskin.ethos-dev.ch\/\",\"logo\":{\"@type\":\"ImageObject\",\"inLanguage\":\"fr-FR\",\"@id\":\"https:\/\/manskin.ethos-dev.ch\/#\/schema\/logo\/image\/\",\"url\":\"https:\/\/manskin.ethos-dev.ch\/wp-content\/uploads\/2021\/04\/cropped-logo_head.png\",\"contentUrl\":\"https:\/\/manskin.ethos-dev.ch\/wp-content\/uploads\/2021\/04\/cropped-logo_head.png\",\"width\":235,\"height\":75,\"caption\":\"Manskin.ch - der Schweizer Onlineshop f\u00fcr qualit\u00e4tsstarke M\u00e4nnerpflege\"},\"image\":{\"@id\":\"https:\/\/manskin.ethos-dev.ch\/#\/schema\/logo\/image\/\"},\"sameAs\":[\"https:\/\/www.facebook.com\/manskin.ch\",\"https:\/\/www.instagram.com\/manskin.ch\/\"]}]}<\/script>\n<meta property=\"product:price:amount\" content=\"49.00\" \/>\n<meta property=\"product:price:currency\" content=\"CHF\" \/>\n<meta property=\"og:availability\" content=\"instock\" \/>\n<meta property=\"product:availability\" content=\"instock\" \/>\n<meta property=\"product:retailer_item_id\" content=\"12713\" \/>\n<meta property=\"product:condition\" content=\"new\" \/>\n<!-- \/ Yoast SEO Premium plugin. -->","yoast_head_json":{"title":"Musgo Real - Blaireau Silvertip Fibre | Manskin.ch","description":"Musgo Real - Blaireau Silvertip Fibre","robots":{"index":"noindex","follow":"follow","max-snippet":"max-snippet:-1","max-image-preview":"max-image-preview:large","max-video-preview":"max-video-preview:-1"},"og_locale":"fr_FR","og_type":"article","og_title":"Musgo Real - Blaireau Silvertip Fibre","og_description":"Musgo Real - Blaireau Silvertip Fibre","og_url":"https:\/\/manskin.ethos-dev.ch\/fr\/produkt\/musgo-real-pinceau-silvertip-fibre\/","og_site_name":"Manskin.ch","article_publisher":"https:\/\/www.facebook.com\/manskin.ch","article_modified_time":"2025-05-26T09:50:10+00:00","og_image":[{"width":470,"height":510,"url":"https:\/\/manskin.ethos-dev.ch\/wp-content\/uploads\/2022\/01\/1213_0.jpg","type":"image\/jpeg"}],"twitter_card":"summary_large_image","twitter_misc":{"Prix":"49.00&#67;&#72;&#70;","Disponibilit\u00e9":"En stock"},"schema":{"@context":"https:\/\/schema.org","@graph":[{"@type":"WebPage","@id":"https:\/\/manskin.ethos-dev.ch\/fr\/produkt\/musgo-real-pinceau-silvertip-fibre\/","url":"https:\/\/manskin.ethos-dev.ch\/fr\/produkt\/musgo-real-pinceau-silvertip-fibre\/","name":"Musgo Real - Blaireau Silvertip Fibre | Manskin.ch","isPartOf":{"@id":"https:\/\/manskin.ethos-dev.ch\/#website"},"primaryImageOfPage":{"@id":"https:\/\/manskin.ethos-dev.ch\/fr\/produkt\/musgo-real-pinceau-silvertip-fibre\/#primaryimage"},"image":{"@id":"https:\/\/manskin.ethos-dev.ch\/fr\/produkt\/musgo-real-pinceau-silvertip-fibre\/#primaryimage"},"thumbnailUrl":"https:\/\/manskin.ethos-dev.ch\/wp-content\/uploads\/2022\/01\/1213_0.jpg","datePublished":"2022-01-08T12:41:26+00:00","dateModified":"2025-05-26T09:50:10+00:00","description":"Musgo Real - Blaireau Silvertip Fibre","breadcrumb":{"@id":"https:\/\/manskin.ethos-dev.ch\/fr\/produkt\/musgo-real-pinceau-silvertip-fibre\/#breadcrumb"},"inLanguage":"fr-FR","potentialAction":[{"@type":"ReadAction","target":["https:\/\/manskin.ethos-dev.ch\/fr\/produkt\/musgo-real-pinceau-silvertip-fibre\/"]}]},{"@type":"ImageObject","inLanguage":"fr-FR","@id":"https:\/\/manskin.ethos-dev.ch\/fr\/produkt\/musgo-real-pinceau-silvertip-fibre\/#primaryimage","url":"https:\/\/manskin.ethos-dev.ch\/wp-content\/uploads\/2022\/01\/1213_0.jpg","contentUrl":"https:\/\/manskin.ethos-dev.ch\/wp-content\/uploads\/2022\/01\/1213_0.jpg","width":470,"height":510},{"@type":"BreadcrumbList","@id":"https:\/\/manskin.ethos-dev.ch\/fr\/produkt\/musgo-real-pinceau-silvertip-fibre\/#breadcrumb","itemListElement":[{"@type":"ListItem","position":1,"name":"Startseite","item":"https:\/\/manskin.ethos-dev.ch\/fr\/"},{"@type":"ListItem","position":2,"name":"Shop","item":"https:\/\/manskin.ethos-dev.ch\/shop\/"},{"@type":"ListItem","position":3,"name":"Musgo Real &#8211; Blaireau Silvertip Fibre"}]},{"@type":"WebSite","@id":"https:\/\/manskin.ethos-dev.ch\/#website","url":"https:\/\/manskin.ethos-dev.ch\/","name":"Manskin.ch","description":"Tous les produits de beaut\u00e9 pour les hommes les plus exigeants","publisher":{"@id":"https:\/\/manskin.ethos-dev.ch\/#organization"},"potentialAction":[{"@type":"SearchAction","target":{"@type":"EntryPoint","urlTemplate":"https:\/\/manskin.ethos-dev.ch\/?s={search_term_string}"},"query-input":{"@type":"PropertyValueSpecification","valueRequired":true,"valueName":"search_term_string"}}],"inLanguage":"fr-FR"},{"@type":"Organization","@id":"https:\/\/manskin.ethos-dev.ch\/#organization","name":"Manskin.ch - der Schweizer Onlineshop f\u00fcr qualit\u00e4tsstarke M\u00e4nnerpflege","url":"https:\/\/manskin.ethos-dev.ch\/","logo":{"@type":"ImageObject","inLanguage":"fr-FR","@id":"https:\/\/manskin.ethos-dev.ch\/#\/schema\/logo\/image\/","url":"https:\/\/manskin.ethos-dev.ch\/wp-content\/uploads\/2021\/04\/cropped-logo_head.png","contentUrl":"https:\/\/manskin.ethos-dev.ch\/wp-content\/uploads\/2021\/04\/cropped-logo_head.png","width":235,"height":75,"caption":"Manskin.ch - der Schweizer Onlineshop f\u00fcr qualit\u00e4tsstarke M\u00e4nnerpflege"},"image":{"@id":"https:\/\/manskin.ethos-dev.ch\/#\/schema\/logo\/image\/"},"sameAs":["https:\/\/www.facebook.com\/manskin.ch","https:\/\/www.instagram.com\/manskin.ch\/"]}]},"product_price_amount":"49.00","product_price_currency":"CHF","og_availability":"instock","product_availability":"instock","product_retailer_item_id":"12713","product_condition":"new"},"brands":[{"id":2770,"name":"Musgo Real","slug":"musgo-real"}],"_links":{"self":[{"href":"https:\/\/manskin.ethos-dev.ch\/fr\/wp-json\/wp\/v2\/product\/17561","targetHints":{"allow":["GET"]}}],"collection":[{"href":"https:\/\/manskin.ethos-dev.ch\/fr\/wp-json\/wp\/v2\/product"}],"about":[{"href":"https:\/\/manskin.ethos-dev.ch\/fr\/wp-json\/wp\/v2\/types\/product"}],"replies":[{"embeddable":true,"href":"https:\/\/manskin.ethos-dev.ch\/fr\/wp-json\/wp\/v2\/comments?post=17561"}],"wp:featuredmedia":[{"embeddable":true,"href":"https:\/\/manskin.ethos-dev.ch\/fr\/wp-json\/wp\/v2\/media\/3968"}],"wp:attachment":[{"href":"https:\/\/manskin.ethos-dev.ch\/fr\/wp-json\/wp\/v2\/media?parent=17561"}],"wp:term":[{"taxonomy":"pwb-brand","embeddable":true,"href":"https:\/\/manskin.ethos-dev.ch\/fr\/wp-json\/wp\/v2\/pwb-brand?post=17561"},{"taxonomy":"product_brand","embeddable":true,"href":"https:\/\/manskin.ethos-dev.ch\/fr\/wp-json\/wp\/v2\/product_brand?post=17561"},{"taxonomy":"product_cat","embeddable":true,"href":"https:\/\/manskin.ethos-dev.ch\/fr\/wp-json\/wp\/v2\/product_cat?post=17561"},{"taxonomy":"product_tag","embeddable":true,"href":"https:\/\/manskin.ethos-dev.ch\/fr\/wp-json\/wp\/v2\/product_tag?post=17561"}],"curies":[{"name":"wp","href":"https:\/\/api.w.org\/{rel}","templated":true}]}}