{"id":18260,"date":"2022-01-08T14:17:54","date_gmt":"2022-01-08T13:17:54","guid":{"rendered":"https:\/\/manskin.ethos-dev.ch\/?post_type=product&#038;p=18260"},"modified":"2024-12-21T18:03:01","modified_gmt":"2024-12-21T17:03:01","slug":"benton-snail-bee-ultimate-eye-cream","status":"publish","type":"product","link":"https:\/\/manskin.ethos-dev.ch\/fr\/produkt\/benton-snail-bee-ultimate-eye-cream\/","title":{"rendered":"Benton &#8211; Snail Bee Ultimate Eye Cream"},"content":{"rendered":"<h2>Benton &#8211; Snail Bee Ultimate Eye Cream<\/h2>\n<ul>\n<li>La Snail Bee Ultimate Eye Cream de Benton est une cr\u00e8me multifonctions\u00a0pour les yeux contenant du filtrat de ferment de bave d&#8217;escargot, des peptides, de l&#8217;acide hyaluronique et du venin d&#8217;abeille.<\/li>\n<li>La cr\u00e8me pour les yeux aide \u00e0 lisser et \u00e0 revitaliser le contour des yeux.<\/li>\n<\/ul>\n<p>Qu&#8217;apporte \u00e0 votre peau la cr\u00e8me ultime pour les yeux?<\/p>\n<ul>\n<li>Nutriments: la cr\u00e8me pour les yeux contient de la levure et du filtrat de mucus d&#8217;escargot ferment\u00e9, ainsi que deux autres ingr\u00e9dients ferment\u00e9s de qualit\u00e9 sup\u00e9rieure. Ils sont absorb\u00e9s en douceur par la peau pour lui redonner \u00e9lasticit\u00e9 et \u00e9clat.<\/li>\n<li>Protection: Les peptides, 17 types diff\u00e9rents d&#8217;acides amin\u00e9s et les c\u00e9ramides renforcent la barri\u00e8re cutan\u00e9e pour prot\u00e9ger la zone d\u00e9licate du contour des yeux contre les influences n\u00e9fastes et la perte d&#8217;hydratation.<\/li>\n<li>Fonctionnalit\u00e9: Les niacinamides et les ad\u00e9nosines nourrissent la peau, augmentent son \u00e9lasticit\u00e9 et donnent au contour des yeux un aspect clair et \u00e9clatant.<\/li>\n<\/ul>\n<p>Application: appliquez une petite quantit\u00e9 de cr\u00e8me pour les yeux sur le contour des yeux et faites-la p\u00e9n\u00e9trer dans la peau en tapotant doucement avec votre annulaire.<br \/>\nConseil: la cr\u00e8me peut \u00eatre utilis\u00e9e non seulement autour des yeux, mais partout o\u00f9 la peau manque d&#8217;\u00e9lasticit\u00e9.<\/p>\n","protected":false},"excerpt":{"rendered":"<p>Benton &#8211; Snail Bee Ultimate Eye Cream La Snail Bee Ultimate Eye Cream de Benton est une cr\u00e8me multifonctions\u00a0pour les yeux contenant du filtrat de ferment de bave d&#8217;escargot, des peptides, de l&#8217;acide hyaluronique et du venin d&#8217;abeille. La cr\u00e8me pour les yeux aide \u00e0 lisser et \u00e0 revitaliser le contour des yeux. Qu&#8217;apporte \u00e0 &#8230; <a title=\"Benton &#8211; Snail Bee Ultimate Eye Cream\" class=\"read-more\" href=\"https:\/\/manskin.ethos-dev.ch\/fr\/produkt\/benton-snail-bee-ultimate-eye-cream\/\" aria-label=\"En savoir plus sur Benton &#8211; Snail Bee Ultimate Eye Cream\">Lire la suite<\/a><\/p>\n","protected":false},"featured_media":4793,"comment_status":"closed","ping_status":"closed","template":"","meta":{"_acf_changed":false},"pwb-brand":[2754],"product_brand":[],"product_cat":[2329,2328,2343,2802],"product_tag":[],"class_list":{"0":"post-18260","1":"product","2":"type-product","3":"status-publish","4":"has-post-thumbnail","6":"pwb-brand-benton","7":"product_cat-hydratants","8":"product_cat-contour-de-loeil","9":"product_cat-cernes","10":"product_cat-benton-fr","11":"product_shipping_class-standard-fr","12":"pa_hersteller-benton-fr-2","13":"sales-flash-overlay","14":"woocommerce-text-align-center","15":"woocommerce-image-align-center","16":"do-quantity-buttons","17":"has-subscription-plans","19":"first","20":"instock","21":"purchasable","22":"product-type-simple"},"acf":[],"yoast_head":"<!-- This site is optimized with the Yoast SEO Premium plugin v24.8 (Yoast SEO v25.4) - https:\/\/yoast.com\/wordpress\/plugins\/seo\/ -->\n<title>Benton - Snail Bee Ultimate Eye Cream | Manskin.ch<\/title>\n<meta name=\"description\" content=\"Benton - Snail Bee Ultimate Eye Cream\" \/>\n<meta name=\"robots\" content=\"noindex, follow, max-snippet:-1, max-image-preview:large, max-video-preview:-1\" \/>\n<meta property=\"og:locale\" content=\"fr_FR\" \/>\n<meta property=\"og:type\" content=\"article\" \/>\n<meta property=\"og:title\" content=\"Benton - Snail Bee Ultimate Eye Cream\" \/>\n<meta property=\"og:description\" content=\"Benton - Snail Bee Ultimate Eye Cream\" \/>\n<meta property=\"og:url\" content=\"https:\/\/manskin.ethos-dev.ch\/fr\/produkt\/benton-snail-bee-ultimate-eye-cream\/\" \/>\n<meta property=\"og:site_name\" content=\"Manskin.ch\" \/>\n<meta property=\"article:publisher\" content=\"https:\/\/www.facebook.com\/manskin.ch\" \/>\n<meta property=\"article:modified_time\" content=\"2024-12-21T17:03:01+00:00\" \/>\n<meta property=\"og:image\" content=\"https:\/\/manskin.ethos-dev.ch\/wp-content\/uploads\/2022\/01\/1473_0.jpg\" \/>\n\t<meta property=\"og:image:width\" content=\"522\" \/>\n\t<meta property=\"og:image:height\" content=\"522\" \/>\n\t<meta property=\"og:image:type\" content=\"image\/jpeg\" \/>\n<meta name=\"twitter:card\" content=\"summary_large_image\" \/>\n<meta name=\"twitter:label1\" content=\"Prix\" \/>\n\t<meta name=\"twitter:data1\" content=\"30.50&#067;&#072;&#070;\" \/>\n\t<meta name=\"twitter:label2\" content=\"Disponibilit\u00e9\" \/>\n\t<meta name=\"twitter:data2\" content=\"En stock\" \/>\n<script type=\"application\/ld+json\" class=\"yoast-schema-graph\">{\"@context\":\"https:\/\/schema.org\",\"@graph\":[{\"@type\":\"WebPage\",\"@id\":\"https:\/\/manskin.ethos-dev.ch\/fr\/produkt\/benton-snail-bee-ultimate-eye-cream\/\",\"url\":\"https:\/\/manskin.ethos-dev.ch\/fr\/produkt\/benton-snail-bee-ultimate-eye-cream\/\",\"name\":\"Benton - Snail Bee Ultimate Eye Cream | Manskin.ch\",\"isPartOf\":{\"@id\":\"https:\/\/manskin.ethos-dev.ch\/#website\"},\"primaryImageOfPage\":{\"@id\":\"https:\/\/manskin.ethos-dev.ch\/fr\/produkt\/benton-snail-bee-ultimate-eye-cream\/#primaryimage\"},\"image\":{\"@id\":\"https:\/\/manskin.ethos-dev.ch\/fr\/produkt\/benton-snail-bee-ultimate-eye-cream\/#primaryimage\"},\"thumbnailUrl\":\"https:\/\/manskin.ethos-dev.ch\/wp-content\/uploads\/2022\/01\/1473_0.jpg\",\"datePublished\":\"2022-01-08T13:17:54+00:00\",\"dateModified\":\"2024-12-21T17:03:01+00:00\",\"description\":\"Benton - Snail Bee Ultimate Eye Cream\",\"breadcrumb\":{\"@id\":\"https:\/\/manskin.ethos-dev.ch\/fr\/produkt\/benton-snail-bee-ultimate-eye-cream\/#breadcrumb\"},\"inLanguage\":\"fr-FR\",\"potentialAction\":[{\"@type\":\"ReadAction\",\"target\":[\"https:\/\/manskin.ethos-dev.ch\/fr\/produkt\/benton-snail-bee-ultimate-eye-cream\/\"]}]},{\"@type\":\"ImageObject\",\"inLanguage\":\"fr-FR\",\"@id\":\"https:\/\/manskin.ethos-dev.ch\/fr\/produkt\/benton-snail-bee-ultimate-eye-cream\/#primaryimage\",\"url\":\"https:\/\/manskin.ethos-dev.ch\/wp-content\/uploads\/2022\/01\/1473_0.jpg\",\"contentUrl\":\"https:\/\/manskin.ethos-dev.ch\/wp-content\/uploads\/2022\/01\/1473_0.jpg\",\"width\":522,\"height\":522},{\"@type\":\"BreadcrumbList\",\"@id\":\"https:\/\/manskin.ethos-dev.ch\/fr\/produkt\/benton-snail-bee-ultimate-eye-cream\/#breadcrumb\",\"itemListElement\":[{\"@type\":\"ListItem\",\"position\":1,\"name\":\"Startseite\",\"item\":\"https:\/\/manskin.ethos-dev.ch\/fr\/\"},{\"@type\":\"ListItem\",\"position\":2,\"name\":\"Shop\",\"item\":\"https:\/\/manskin.ethos-dev.ch\/shop\/\"},{\"@type\":\"ListItem\",\"position\":3,\"name\":\"Benton &#8211; Snail Bee Ultimate Eye Cream\"}]},{\"@type\":\"WebSite\",\"@id\":\"https:\/\/manskin.ethos-dev.ch\/#website\",\"url\":\"https:\/\/manskin.ethos-dev.ch\/\",\"name\":\"Manskin.ch\",\"description\":\"Tous les produits de beaut\u00e9 pour les hommes les plus exigeants\",\"publisher\":{\"@id\":\"https:\/\/manskin.ethos-dev.ch\/#organization\"},\"potentialAction\":[{\"@type\":\"SearchAction\",\"target\":{\"@type\":\"EntryPoint\",\"urlTemplate\":\"https:\/\/manskin.ethos-dev.ch\/?s={search_term_string}\"},\"query-input\":{\"@type\":\"PropertyValueSpecification\",\"valueRequired\":true,\"valueName\":\"search_term_string\"}}],\"inLanguage\":\"fr-FR\"},{\"@type\":\"Organization\",\"@id\":\"https:\/\/manskin.ethos-dev.ch\/#organization\",\"name\":\"Manskin.ch - der Schweizer Onlineshop f\u00fcr qualit\u00e4tsstarke M\u00e4nnerpflege\",\"url\":\"https:\/\/manskin.ethos-dev.ch\/\",\"logo\":{\"@type\":\"ImageObject\",\"inLanguage\":\"fr-FR\",\"@id\":\"https:\/\/manskin.ethos-dev.ch\/#\/schema\/logo\/image\/\",\"url\":\"https:\/\/manskin.ethos-dev.ch\/wp-content\/uploads\/2021\/04\/cropped-logo_head.png\",\"contentUrl\":\"https:\/\/manskin.ethos-dev.ch\/wp-content\/uploads\/2021\/04\/cropped-logo_head.png\",\"width\":235,\"height\":75,\"caption\":\"Manskin.ch - der Schweizer Onlineshop f\u00fcr qualit\u00e4tsstarke M\u00e4nnerpflege\"},\"image\":{\"@id\":\"https:\/\/manskin.ethos-dev.ch\/#\/schema\/logo\/image\/\"},\"sameAs\":[\"https:\/\/www.facebook.com\/manskin.ch\",\"https:\/\/www.instagram.com\/manskin.ch\/\"]}]}<\/script>\n<meta property=\"product:price:amount\" content=\"30.50\" \/>\n<meta property=\"product:price:currency\" content=\"CHF\" \/>\n<meta property=\"og:availability\" content=\"instock\" \/>\n<meta property=\"product:availability\" content=\"instock\" \/>\n<meta property=\"product:retailer_item_id\" content=\"12994\" \/>\n<meta property=\"product:condition\" content=\"new\" \/>\n<!-- \/ Yoast SEO Premium plugin. -->","yoast_head_json":{"title":"Benton - Snail Bee Ultimate Eye Cream | Manskin.ch","description":"Benton - Snail Bee Ultimate Eye Cream","robots":{"index":"noindex","follow":"follow","max-snippet":"max-snippet:-1","max-image-preview":"max-image-preview:large","max-video-preview":"max-video-preview:-1"},"og_locale":"fr_FR","og_type":"article","og_title":"Benton - Snail Bee Ultimate Eye Cream","og_description":"Benton - Snail Bee Ultimate Eye Cream","og_url":"https:\/\/manskin.ethos-dev.ch\/fr\/produkt\/benton-snail-bee-ultimate-eye-cream\/","og_site_name":"Manskin.ch","article_publisher":"https:\/\/www.facebook.com\/manskin.ch","article_modified_time":"2024-12-21T17:03:01+00:00","og_image":[{"width":522,"height":522,"url":"https:\/\/manskin.ethos-dev.ch\/wp-content\/uploads\/2022\/01\/1473_0.jpg","type":"image\/jpeg"}],"twitter_card":"summary_large_image","twitter_misc":{"Prix":"30.50&#67;&#72;&#70;","Disponibilit\u00e9":"En stock"},"schema":{"@context":"https:\/\/schema.org","@graph":[{"@type":"WebPage","@id":"https:\/\/manskin.ethos-dev.ch\/fr\/produkt\/benton-snail-bee-ultimate-eye-cream\/","url":"https:\/\/manskin.ethos-dev.ch\/fr\/produkt\/benton-snail-bee-ultimate-eye-cream\/","name":"Benton - Snail Bee Ultimate Eye Cream | Manskin.ch","isPartOf":{"@id":"https:\/\/manskin.ethos-dev.ch\/#website"},"primaryImageOfPage":{"@id":"https:\/\/manskin.ethos-dev.ch\/fr\/produkt\/benton-snail-bee-ultimate-eye-cream\/#primaryimage"},"image":{"@id":"https:\/\/manskin.ethos-dev.ch\/fr\/produkt\/benton-snail-bee-ultimate-eye-cream\/#primaryimage"},"thumbnailUrl":"https:\/\/manskin.ethos-dev.ch\/wp-content\/uploads\/2022\/01\/1473_0.jpg","datePublished":"2022-01-08T13:17:54+00:00","dateModified":"2024-12-21T17:03:01+00:00","description":"Benton - Snail Bee Ultimate Eye Cream","breadcrumb":{"@id":"https:\/\/manskin.ethos-dev.ch\/fr\/produkt\/benton-snail-bee-ultimate-eye-cream\/#breadcrumb"},"inLanguage":"fr-FR","potentialAction":[{"@type":"ReadAction","target":["https:\/\/manskin.ethos-dev.ch\/fr\/produkt\/benton-snail-bee-ultimate-eye-cream\/"]}]},{"@type":"ImageObject","inLanguage":"fr-FR","@id":"https:\/\/manskin.ethos-dev.ch\/fr\/produkt\/benton-snail-bee-ultimate-eye-cream\/#primaryimage","url":"https:\/\/manskin.ethos-dev.ch\/wp-content\/uploads\/2022\/01\/1473_0.jpg","contentUrl":"https:\/\/manskin.ethos-dev.ch\/wp-content\/uploads\/2022\/01\/1473_0.jpg","width":522,"height":522},{"@type":"BreadcrumbList","@id":"https:\/\/manskin.ethos-dev.ch\/fr\/produkt\/benton-snail-bee-ultimate-eye-cream\/#breadcrumb","itemListElement":[{"@type":"ListItem","position":1,"name":"Startseite","item":"https:\/\/manskin.ethos-dev.ch\/fr\/"},{"@type":"ListItem","position":2,"name":"Shop","item":"https:\/\/manskin.ethos-dev.ch\/shop\/"},{"@type":"ListItem","position":3,"name":"Benton &#8211; Snail Bee Ultimate Eye Cream"}]},{"@type":"WebSite","@id":"https:\/\/manskin.ethos-dev.ch\/#website","url":"https:\/\/manskin.ethos-dev.ch\/","name":"Manskin.ch","description":"Tous les produits de beaut\u00e9 pour les hommes les plus exigeants","publisher":{"@id":"https:\/\/manskin.ethos-dev.ch\/#organization"},"potentialAction":[{"@type":"SearchAction","target":{"@type":"EntryPoint","urlTemplate":"https:\/\/manskin.ethos-dev.ch\/?s={search_term_string}"},"query-input":{"@type":"PropertyValueSpecification","valueRequired":true,"valueName":"search_term_string"}}],"inLanguage":"fr-FR"},{"@type":"Organization","@id":"https:\/\/manskin.ethos-dev.ch\/#organization","name":"Manskin.ch - der Schweizer Onlineshop f\u00fcr qualit\u00e4tsstarke M\u00e4nnerpflege","url":"https:\/\/manskin.ethos-dev.ch\/","logo":{"@type":"ImageObject","inLanguage":"fr-FR","@id":"https:\/\/manskin.ethos-dev.ch\/#\/schema\/logo\/image\/","url":"https:\/\/manskin.ethos-dev.ch\/wp-content\/uploads\/2021\/04\/cropped-logo_head.png","contentUrl":"https:\/\/manskin.ethos-dev.ch\/wp-content\/uploads\/2021\/04\/cropped-logo_head.png","width":235,"height":75,"caption":"Manskin.ch - der Schweizer Onlineshop f\u00fcr qualit\u00e4tsstarke M\u00e4nnerpflege"},"image":{"@id":"https:\/\/manskin.ethos-dev.ch\/#\/schema\/logo\/image\/"},"sameAs":["https:\/\/www.facebook.com\/manskin.ch","https:\/\/www.instagram.com\/manskin.ch\/"]}]},"product_price_amount":"30.50","product_price_currency":"CHF","og_availability":"instock","product_availability":"instock","product_retailer_item_id":"12994","product_condition":"new"},"brands":[{"id":2754,"name":"Benton","slug":"benton"}],"_links":{"self":[{"href":"https:\/\/manskin.ethos-dev.ch\/fr\/wp-json\/wp\/v2\/product\/18260","targetHints":{"allow":["GET"]}}],"collection":[{"href":"https:\/\/manskin.ethos-dev.ch\/fr\/wp-json\/wp\/v2\/product"}],"about":[{"href":"https:\/\/manskin.ethos-dev.ch\/fr\/wp-json\/wp\/v2\/types\/product"}],"replies":[{"embeddable":true,"href":"https:\/\/manskin.ethos-dev.ch\/fr\/wp-json\/wp\/v2\/comments?post=18260"}],"wp:featuredmedia":[{"embeddable":true,"href":"https:\/\/manskin.ethos-dev.ch\/fr\/wp-json\/wp\/v2\/media\/4793"}],"wp:attachment":[{"href":"https:\/\/manskin.ethos-dev.ch\/fr\/wp-json\/wp\/v2\/media?parent=18260"}],"wp:term":[{"taxonomy":"pwb-brand","embeddable":true,"href":"https:\/\/manskin.ethos-dev.ch\/fr\/wp-json\/wp\/v2\/pwb-brand?post=18260"},{"taxonomy":"product_brand","embeddable":true,"href":"https:\/\/manskin.ethos-dev.ch\/fr\/wp-json\/wp\/v2\/product_brand?post=18260"},{"taxonomy":"product_cat","embeddable":true,"href":"https:\/\/manskin.ethos-dev.ch\/fr\/wp-json\/wp\/v2\/product_cat?post=18260"},{"taxonomy":"product_tag","embeddable":true,"href":"https:\/\/manskin.ethos-dev.ch\/fr\/wp-json\/wp\/v2\/product_tag?post=18260"}],"curies":[{"name":"wp","href":"https:\/\/api.w.org\/{rel}","templated":true}]}}