{"id":18549,"date":"2022-01-08T13:32:26","date_gmt":"2022-01-08T12:32:26","guid":{"rendered":"https:\/\/manskin.ethos-dev.ch\/produkt\/men-ue-shave-facial-trio\/"},"modified":"2024-11-26T11:24:25","modified_gmt":"2024-11-26T10:24:25","slug":"men-ue-shave-facial-trio","status":"publish","type":"product","link":"https:\/\/manskin.ethos-dev.ch\/fr\/produkt\/men-ue-shave-facial-trio\/","title":{"rendered":"men-\u00fc &#8211; Shave Facial Trio 3x 100 ml"},"content":{"rendered":"<h2>men-&uuml; &#8211; Face &amp; Shave Trio &#8211; Cr&egrave;me &agrave; raser, gel nettoyant pour le visage, cr&egrave;me hydratante<\/h2>\n<ul>\n<li>Le Shave Trio contient 3 produits essentiels pour un rasage soign&eacute; : gel nettoyant, cr&egrave;me de rasage, cr&egrave;me hydratante\/apr&egrave;s-rasage.<\/li>\n<\/ul>\n<h3><span style=\"color: rgb(255, 153, 0);\">Healthy Facial Wash<\/span><\/h3>\n<ul>\n<li>Ce gel nettoyant pour le visage ultra-concentr&eacute; permet un nettoyage en profondeur sans savon et au pH neutre.<\/li>\n<li>Il contient une forte concentration d&#39;huile d&#39;arbre &agrave; th&eacute;, qui poss&egrave;de des propri&eacute;t&eacute;s antibact&eacute;riennes et anti-inflammatoires.<\/li>\n<li>C&#39;est pourquoi ce gel nettoyant est tr&egrave;s recommand&eacute; apr&egrave;s le rasage pour apaiser la peau.<\/li>\n<li>Il contient &eacute;galement des extraits de noisette apaisants, de l&#39;aloe vera et de la pro vitamine B5, qui assurent une hydratation optimale de la peau. Suffit pour environ 265 utilisations gr&acirc;ce aux substances actives ultraconcentr&eacute;es !<br \/>\n<h3><span style=\"color: rgb(255, 153, 0);\">Cr&egrave;me de rasage<\/span><\/h3>\n<\/li>\n<li>La cr&egrave;me &agrave; raser ultraconcentr&eacute;e &agrave; la menthe convient aussi bien pour un rasage avec ou sans blaireau.<\/li>\n<li>Elle permet au rasoir de glisser en douceur sur votre peau.<\/li>\n<li>Contrairement &agrave; de nombreux gels de rasage conventionnels qui moussent beaucoup et obstruent donc souvent la lame du rasoir, seuls les ingr&eacute;dients vraiment importants sont n&eacute;cessaires ici.<\/li>\n<li>Avec une bonne cr&egrave;me &agrave; raser, vous ne devez pas non plus changer de lame de rasoir aussi souvent !<\/li>\n<li>Gr&acirc;ce &agrave; sa formule ultraconcentr&eacute;e, elle suffit pour environ 165 utilisations.<br \/>\n<h3><span style=\"color: rgb(255, 153, 0);\">Hydratant pour le visage Lift<\/span><\/h3>\n<\/li>\n<li>Cette cr&egrave;me hydratante n&#39;est pas grasse et contient de la menthe et du menthol pour rafra&icirc;chir la peau.<\/li>\n<li>Une minute apr&egrave;s l&#39;application, la peau est douce et lisse au toucher.<\/li>\n<li>La cr&egrave;me convient aussi bien comme cr&egrave;me hydratante que comme baume apr&egrave;s-rasage.<\/li>\n<li>Elle peut &eacute;galement &ecirc;tre appliqu&eacute;e apr&egrave;s une douche ou un nettoyage du visage, soit le matin (la menthe &quot;r&eacute;veille&quot; la peau) et\/ou le soir, pour se rafra&icirc;chir avant de sortir.<\/li>\n<\/ul>\n<p>Contenu 3 x 100 ml.<\/p>\n","protected":false},"excerpt":{"rendered":"<p>Gel nettoyant, cr\u00e8me \u00e0 raser, cr\u00e8me hydratante<\/p>\n","protected":false},"featured_media":66635,"comment_status":"closed","ping_status":"closed","template":"","meta":{"_acf_changed":false},"pwb-brand":[2766],"product_brand":[],"product_cat":[2333,2329,2332,2444,2311],"product_tag":[],"class_list":{"0":"post-18549","1":"product","2":"type-product","3":"status-publish","4":"has-post-thumbnail","6":"pwb-brand-men-ue","7":"product_cat-nettoyants-visage","8":"product_cat-hydratants","9":"product_cat-set-de-visage","10":"product_cat-men-ue-fr","11":"product_cat-creme-a-raser","12":"product_shipping_class-standard-fr","13":"pa_hersteller-men-ue-fr-2","14":"sales-flash-overlay","15":"woocommerce-text-align-center","16":"woocommerce-image-align-center","17":"do-quantity-buttons","18":"has-subscription-plans","20":"first","21":"instock","22":"sale","23":"purchasable","24":"product-type-simple"},"acf":[],"yoast_head":"<!-- This site is optimized with the Yoast SEO Premium plugin v24.8 (Yoast SEO v25.4) - https:\/\/yoast.com\/wordpress\/plugins\/seo\/ -->\n<title>men-\u00fc - Shave Facial Trio 3x 100 ml | Manskin.ch<\/title>\n<meta name=\"description\" content=\"men-\u00fc - Shave Facial Trio 3x 100 ml\" \/>\n<meta name=\"robots\" content=\"noindex, follow, max-snippet:-1, max-image-preview:large, max-video-preview:-1\" \/>\n<meta property=\"og:locale\" content=\"fr_FR\" \/>\n<meta property=\"og:type\" content=\"article\" \/>\n<meta property=\"og:title\" content=\"men-\u00fc - Shave Facial Trio 3x 100 ml\" \/>\n<meta property=\"og:description\" content=\"men-\u00fc - Shave Facial Trio 3x 100 ml\" \/>\n<meta property=\"og:url\" content=\"https:\/\/manskin.ethos-dev.ch\/fr\/produkt\/men-ue-shave-facial-trio\/\" \/>\n<meta property=\"og:site_name\" content=\"Manskin.ch\" \/>\n<meta property=\"article:publisher\" content=\"https:\/\/www.facebook.com\/manskin.ch\" \/>\n<meta property=\"article:modified_time\" content=\"2024-11-26T10:24:25+00:00\" \/>\n<meta property=\"og:image\" content=\"https:\/\/manskin.ethos-dev.ch\/wp-content\/uploads\/2022\/01\/Matt-Pack-High-Quality-Kopie.jpg\" \/>\n\t<meta property=\"og:image:width\" content=\"1000\" \/>\n\t<meta property=\"og:image:height\" content=\"1000\" \/>\n\t<meta property=\"og:image:type\" content=\"image\/jpeg\" \/>\n<meta name=\"twitter:card\" content=\"summary_large_image\" \/>\n<meta name=\"twitter:label1\" content=\"Prix\" \/>\n\t<meta name=\"twitter:data1\" content=\"35.00&#067;&#072;&#070;\" \/>\n\t<meta name=\"twitter:label2\" content=\"Disponibilit\u00e9\" \/>\n\t<meta name=\"twitter:data2\" content=\"En stock\" \/>\n<script type=\"application\/ld+json\" class=\"yoast-schema-graph\">{\"@context\":\"https:\/\/schema.org\",\"@graph\":[{\"@type\":\"WebPage\",\"@id\":\"https:\/\/manskin.ethos-dev.ch\/fr\/produkt\/men-ue-shave-facial-trio\/\",\"url\":\"https:\/\/manskin.ethos-dev.ch\/fr\/produkt\/men-ue-shave-facial-trio\/\",\"name\":\"men-\u00fc - Shave Facial Trio 3x 100 ml | Manskin.ch\",\"isPartOf\":{\"@id\":\"https:\/\/manskin.ethos-dev.ch\/#website\"},\"primaryImageOfPage\":{\"@id\":\"https:\/\/manskin.ethos-dev.ch\/fr\/produkt\/men-ue-shave-facial-trio\/#primaryimage\"},\"image\":{\"@id\":\"https:\/\/manskin.ethos-dev.ch\/fr\/produkt\/men-ue-shave-facial-trio\/#primaryimage\"},\"thumbnailUrl\":\"https:\/\/manskin.ethos-dev.ch\/wp-content\/uploads\/2022\/01\/Matt-Pack-High-Quality-Kopie.jpg\",\"datePublished\":\"2022-01-08T12:32:26+00:00\",\"dateModified\":\"2024-11-26T10:24:25+00:00\",\"description\":\"men-\u00fc - Shave Facial Trio 3x 100 ml\",\"breadcrumb\":{\"@id\":\"https:\/\/manskin.ethos-dev.ch\/fr\/produkt\/men-ue-shave-facial-trio\/#breadcrumb\"},\"inLanguage\":\"fr-FR\",\"potentialAction\":[{\"@type\":\"ReadAction\",\"target\":[\"https:\/\/manskin.ethos-dev.ch\/fr\/produkt\/men-ue-shave-facial-trio\/\"]}]},{\"@type\":\"ImageObject\",\"inLanguage\":\"fr-FR\",\"@id\":\"https:\/\/manskin.ethos-dev.ch\/fr\/produkt\/men-ue-shave-facial-trio\/#primaryimage\",\"url\":\"https:\/\/manskin.ethos-dev.ch\/wp-content\/uploads\/2022\/01\/Matt-Pack-High-Quality-Kopie.jpg\",\"contentUrl\":\"https:\/\/manskin.ethos-dev.ch\/wp-content\/uploads\/2022\/01\/Matt-Pack-High-Quality-Kopie.jpg\",\"width\":1000,\"height\":1000},{\"@type\":\"BreadcrumbList\",\"@id\":\"https:\/\/manskin.ethos-dev.ch\/fr\/produkt\/men-ue-shave-facial-trio\/#breadcrumb\",\"itemListElement\":[{\"@type\":\"ListItem\",\"position\":1,\"name\":\"Startseite\",\"item\":\"https:\/\/manskin.ethos-dev.ch\/fr\/\"},{\"@type\":\"ListItem\",\"position\":2,\"name\":\"Shop\",\"item\":\"https:\/\/manskin.ethos-dev.ch\/shop\/\"},{\"@type\":\"ListItem\",\"position\":3,\"name\":\"men-\u00fc &#8211; Shave Facial Trio 3x 100 ml\"}]},{\"@type\":\"WebSite\",\"@id\":\"https:\/\/manskin.ethos-dev.ch\/#website\",\"url\":\"https:\/\/manskin.ethos-dev.ch\/\",\"name\":\"Manskin.ch\",\"description\":\"Tous les produits de beaut\u00e9 pour les hommes les plus exigeants\",\"publisher\":{\"@id\":\"https:\/\/manskin.ethos-dev.ch\/#organization\"},\"potentialAction\":[{\"@type\":\"SearchAction\",\"target\":{\"@type\":\"EntryPoint\",\"urlTemplate\":\"https:\/\/manskin.ethos-dev.ch\/?s={search_term_string}\"},\"query-input\":{\"@type\":\"PropertyValueSpecification\",\"valueRequired\":true,\"valueName\":\"search_term_string\"}}],\"inLanguage\":\"fr-FR\"},{\"@type\":\"Organization\",\"@id\":\"https:\/\/manskin.ethos-dev.ch\/#organization\",\"name\":\"Manskin.ch - der Schweizer Onlineshop f\u00fcr qualit\u00e4tsstarke M\u00e4nnerpflege\",\"url\":\"https:\/\/manskin.ethos-dev.ch\/\",\"logo\":{\"@type\":\"ImageObject\",\"inLanguage\":\"fr-FR\",\"@id\":\"https:\/\/manskin.ethos-dev.ch\/#\/schema\/logo\/image\/\",\"url\":\"https:\/\/manskin.ethos-dev.ch\/wp-content\/uploads\/2021\/04\/cropped-logo_head.png\",\"contentUrl\":\"https:\/\/manskin.ethos-dev.ch\/wp-content\/uploads\/2021\/04\/cropped-logo_head.png\",\"width\":235,\"height\":75,\"caption\":\"Manskin.ch - der Schweizer Onlineshop f\u00fcr qualit\u00e4tsstarke M\u00e4nnerpflege\"},\"image\":{\"@id\":\"https:\/\/manskin.ethos-dev.ch\/#\/schema\/logo\/image\/\"},\"sameAs\":[\"https:\/\/www.facebook.com\/manskin.ch\",\"https:\/\/www.instagram.com\/manskin.ch\/\"]}]}<\/script>\n<meta property=\"product:price:amount\" content=\"35.00\" \/>\n<meta property=\"product:price:currency\" content=\"CHF\" \/>\n<meta property=\"og:availability\" content=\"instock\" \/>\n<meta property=\"product:availability\" content=\"instock\" \/>\n<meta property=\"product:retailer_item_id\" content=\"12663\" \/>\n<meta property=\"product:condition\" content=\"new\" \/>\n<!-- \/ Yoast SEO Premium plugin. -->","yoast_head_json":{"title":"men-\u00fc - Shave Facial Trio 3x 100 ml | Manskin.ch","description":"men-\u00fc - Shave Facial Trio 3x 100 ml","robots":{"index":"noindex","follow":"follow","max-snippet":"max-snippet:-1","max-image-preview":"max-image-preview:large","max-video-preview":"max-video-preview:-1"},"og_locale":"fr_FR","og_type":"article","og_title":"men-\u00fc - Shave Facial Trio 3x 100 ml","og_description":"men-\u00fc - Shave Facial Trio 3x 100 ml","og_url":"https:\/\/manskin.ethos-dev.ch\/fr\/produkt\/men-ue-shave-facial-trio\/","og_site_name":"Manskin.ch","article_publisher":"https:\/\/www.facebook.com\/manskin.ch","article_modified_time":"2024-11-26T10:24:25+00:00","og_image":[{"width":1000,"height":1000,"url":"https:\/\/manskin.ethos-dev.ch\/wp-content\/uploads\/2022\/01\/Matt-Pack-High-Quality-Kopie.jpg","type":"image\/jpeg"}],"twitter_card":"summary_large_image","twitter_misc":{"Prix":"35.00&#67;&#72;&#70;","Disponibilit\u00e9":"En stock"},"schema":{"@context":"https:\/\/schema.org","@graph":[{"@type":"WebPage","@id":"https:\/\/manskin.ethos-dev.ch\/fr\/produkt\/men-ue-shave-facial-trio\/","url":"https:\/\/manskin.ethos-dev.ch\/fr\/produkt\/men-ue-shave-facial-trio\/","name":"men-\u00fc - Shave Facial Trio 3x 100 ml | Manskin.ch","isPartOf":{"@id":"https:\/\/manskin.ethos-dev.ch\/#website"},"primaryImageOfPage":{"@id":"https:\/\/manskin.ethos-dev.ch\/fr\/produkt\/men-ue-shave-facial-trio\/#primaryimage"},"image":{"@id":"https:\/\/manskin.ethos-dev.ch\/fr\/produkt\/men-ue-shave-facial-trio\/#primaryimage"},"thumbnailUrl":"https:\/\/manskin.ethos-dev.ch\/wp-content\/uploads\/2022\/01\/Matt-Pack-High-Quality-Kopie.jpg","datePublished":"2022-01-08T12:32:26+00:00","dateModified":"2024-11-26T10:24:25+00:00","description":"men-\u00fc - Shave Facial Trio 3x 100 ml","breadcrumb":{"@id":"https:\/\/manskin.ethos-dev.ch\/fr\/produkt\/men-ue-shave-facial-trio\/#breadcrumb"},"inLanguage":"fr-FR","potentialAction":[{"@type":"ReadAction","target":["https:\/\/manskin.ethos-dev.ch\/fr\/produkt\/men-ue-shave-facial-trio\/"]}]},{"@type":"ImageObject","inLanguage":"fr-FR","@id":"https:\/\/manskin.ethos-dev.ch\/fr\/produkt\/men-ue-shave-facial-trio\/#primaryimage","url":"https:\/\/manskin.ethos-dev.ch\/wp-content\/uploads\/2022\/01\/Matt-Pack-High-Quality-Kopie.jpg","contentUrl":"https:\/\/manskin.ethos-dev.ch\/wp-content\/uploads\/2022\/01\/Matt-Pack-High-Quality-Kopie.jpg","width":1000,"height":1000},{"@type":"BreadcrumbList","@id":"https:\/\/manskin.ethos-dev.ch\/fr\/produkt\/men-ue-shave-facial-trio\/#breadcrumb","itemListElement":[{"@type":"ListItem","position":1,"name":"Startseite","item":"https:\/\/manskin.ethos-dev.ch\/fr\/"},{"@type":"ListItem","position":2,"name":"Shop","item":"https:\/\/manskin.ethos-dev.ch\/shop\/"},{"@type":"ListItem","position":3,"name":"men-\u00fc &#8211; Shave Facial Trio 3x 100 ml"}]},{"@type":"WebSite","@id":"https:\/\/manskin.ethos-dev.ch\/#website","url":"https:\/\/manskin.ethos-dev.ch\/","name":"Manskin.ch","description":"Tous les produits de beaut\u00e9 pour les hommes les plus exigeants","publisher":{"@id":"https:\/\/manskin.ethos-dev.ch\/#organization"},"potentialAction":[{"@type":"SearchAction","target":{"@type":"EntryPoint","urlTemplate":"https:\/\/manskin.ethos-dev.ch\/?s={search_term_string}"},"query-input":{"@type":"PropertyValueSpecification","valueRequired":true,"valueName":"search_term_string"}}],"inLanguage":"fr-FR"},{"@type":"Organization","@id":"https:\/\/manskin.ethos-dev.ch\/#organization","name":"Manskin.ch - der Schweizer Onlineshop f\u00fcr qualit\u00e4tsstarke M\u00e4nnerpflege","url":"https:\/\/manskin.ethos-dev.ch\/","logo":{"@type":"ImageObject","inLanguage":"fr-FR","@id":"https:\/\/manskin.ethos-dev.ch\/#\/schema\/logo\/image\/","url":"https:\/\/manskin.ethos-dev.ch\/wp-content\/uploads\/2021\/04\/cropped-logo_head.png","contentUrl":"https:\/\/manskin.ethos-dev.ch\/wp-content\/uploads\/2021\/04\/cropped-logo_head.png","width":235,"height":75,"caption":"Manskin.ch - der Schweizer Onlineshop f\u00fcr qualit\u00e4tsstarke M\u00e4nnerpflege"},"image":{"@id":"https:\/\/manskin.ethos-dev.ch\/#\/schema\/logo\/image\/"},"sameAs":["https:\/\/www.facebook.com\/manskin.ch","https:\/\/www.instagram.com\/manskin.ch\/"]}]},"product_price_amount":"35.00","product_price_currency":"CHF","og_availability":"instock","product_availability":"instock","product_retailer_item_id":"12663","product_condition":"new"},"brands":[{"id":2766,"name":"men-\u00fc","slug":"men-ue"}],"_links":{"self":[{"href":"https:\/\/manskin.ethos-dev.ch\/fr\/wp-json\/wp\/v2\/product\/18549","targetHints":{"allow":["GET"]}}],"collection":[{"href":"https:\/\/manskin.ethos-dev.ch\/fr\/wp-json\/wp\/v2\/product"}],"about":[{"href":"https:\/\/manskin.ethos-dev.ch\/fr\/wp-json\/wp\/v2\/types\/product"}],"replies":[{"embeddable":true,"href":"https:\/\/manskin.ethos-dev.ch\/fr\/wp-json\/wp\/v2\/comments?post=18549"}],"wp:featuredmedia":[{"embeddable":true,"href":"https:\/\/manskin.ethos-dev.ch\/fr\/wp-json\/wp\/v2\/media\/66635"}],"wp:attachment":[{"href":"https:\/\/manskin.ethos-dev.ch\/fr\/wp-json\/wp\/v2\/media?parent=18549"}],"wp:term":[{"taxonomy":"pwb-brand","embeddable":true,"href":"https:\/\/manskin.ethos-dev.ch\/fr\/wp-json\/wp\/v2\/pwb-brand?post=18549"},{"taxonomy":"product_brand","embeddable":true,"href":"https:\/\/manskin.ethos-dev.ch\/fr\/wp-json\/wp\/v2\/product_brand?post=18549"},{"taxonomy":"product_cat","embeddable":true,"href":"https:\/\/manskin.ethos-dev.ch\/fr\/wp-json\/wp\/v2\/product_cat?post=18549"},{"taxonomy":"product_tag","embeddable":true,"href":"https:\/\/manskin.ethos-dev.ch\/fr\/wp-json\/wp\/v2\/product_tag?post=18549"}],"curies":[{"name":"wp","href":"https:\/\/api.w.org\/{rel}","templated":true}]}}