{"id":18834,"date":"2022-01-08T12:34:36","date_gmt":"2022-01-08T11:34:36","guid":{"rendered":"https:\/\/manskin.ethos-dev.ch\/produkt\/triumph-and-disaster-ritual-face-cleanser\/"},"modified":"2025-03-13T18:33:55","modified_gmt":"2025-03-13T17:33:55","slug":"triumph-and-disaster-ritual-face-cleanser","status":"publish","type":"product","link":"https:\/\/manskin.ethos-dev.ch\/fr\/produkt\/triumph-and-disaster-ritual-face-cleanser\/","title":{"rendered":"Triumph &amp; Disaster &#8211; Ritual Face Cleanser"},"content":{"rendered":"<h2>Triumph &#038; Disaster &#8211; Ritual Face Cleanser Nettoyant Visage<\/h2>\n<ul>\n<li>Le nettoyage avec du savon normal prive la peau de ses huiles naturelles et de ses propri\u00e9t\u00e9s protectrices, la laissant s\u00e8che et sans protection.<\/li>\n<li>Ritual Face Cleanser a \u00e9t\u00e9 con\u00e7u pour \u00e9viter le dess\u00e8chement et l&#8217;irritation en utilisant les bienfaits naturels de l&#8217;huile de tamanu, de l&#8217;huile de menthe poivr\u00e9e, de l&#8217;extrait d&#8217;\u00e9corce de saule et de l&#8217;argile bentonite.<\/li>\n<li>Le nettoyant ne dess\u00e8che pas la peau et n&#8217;irrite m\u00eame pas les peaux les plus sensibles.<\/li>\n<li>Les avantages naturels de l&#8217;huile de Tamanu, huile de menthe poivr\u00e9e, l&#8217;extrait d&#8217;\u00e9corce de saule et de l&#8217;argile bentonite aident \u00e0 \u00e9viter le dess\u00e8chement et les irritations.<\/li>\n<li>Con\u00e7u pour un usage quotidien, le Ritual Face Cleanser \u00e9limine en douceur la salet\u00e9 de la peau et resserre les pores.<\/li>\n<li>Convient \u00e9galement pour les peaux sensibles.<\/li>\n<\/ul>\n<div><\/div>\n<div>Ingr\u00e9dients actifs:<\/div>\n<ul>\n<li>L&#8217;huile de Tamanu a \u00e9t\u00e9 utilis\u00e9 pendant des si\u00e8cles \u00e0 Tahiti: avant le bain, avant la guerre, avant les comp\u00e9titions.\u00a0Aujourd&#8217;hui l&#8217;huile de Tamanu est consid\u00e9r\u00e9e comme une plante miracle moderne qui est connu pour ses propri\u00e9t\u00e9s antibact\u00e9riennes et cicatrisantes et qui fournit une peau saine et tonifi\u00e9.<\/li>\n<li>L&#8217;huile de menthe poivr\u00e9e contient des min\u00e9raux et des nutriments tels que le magn\u00e9sium, le fer, le calcium ou le cuivre. Elle contient des om\u00e9ga 3, des acides gras, la vitamine A et la vitamine C. Un ingr\u00e9dient ultra qui stimule et gu\u00e9rit naturellement.<\/li>\n<\/ul>\n<div>\u00a0Contenu 150 ml.<\/div>\n","protected":false},"excerpt":{"rendered":"<p>Pour le rituel du nettoyage quotidien<\/p>\n","protected":false},"featured_media":2421,"comment_status":"closed","ping_status":"closed","template":"","meta":{"_acf_changed":false},"pwb-brand":[2789],"product_brand":[],"product_cat":[2333,2703],"product_tag":[],"class_list":{"0":"post-18834","1":"product","2":"type-product","3":"status-publish","4":"has-post-thumbnail","6":"pwb-brand-triumph-disaster","7":"product_cat-nettoyants-visage","8":"product_cat-triumph-disaster-fr","9":"product_shipping_class-standard-fr","10":"pa_hersteller-triumph-disaster-fr-2","11":"sales-flash-overlay","12":"woocommerce-text-align-center","13":"woocommerce-image-align-center","14":"do-quantity-buttons","15":"has-subscription-plans","17":"first","18":"instock","19":"purchasable","20":"product-type-simple"},"acf":[],"yoast_head":"<!-- This site is optimized with the Yoast SEO Premium plugin v24.8 (Yoast SEO v25.4) - https:\/\/yoast.com\/wordpress\/plugins\/seo\/ -->\n<title>Triumph &amp; Disaster - Ritual Face Cleanser | Manskin.ch<\/title>\n<meta name=\"description\" content=\"Triumph &amp; Disaster - Ritual Face Cleanser\" \/>\n<meta name=\"robots\" content=\"noindex, follow, max-snippet:-1, max-image-preview:large, max-video-preview:-1\" \/>\n<meta property=\"og:locale\" content=\"fr_FR\" \/>\n<meta property=\"og:type\" content=\"article\" \/>\n<meta property=\"og:title\" content=\"Triumph &amp; Disaster - Ritual Face Cleanser\" \/>\n<meta property=\"og:description\" content=\"Triumph &amp; Disaster - Ritual Face Cleanser\" \/>\n<meta property=\"og:url\" content=\"https:\/\/manskin.ethos-dev.ch\/fr\/produkt\/triumph-and-disaster-ritual-face-cleanser\/\" \/>\n<meta property=\"og:site_name\" content=\"Manskin.ch\" \/>\n<meta property=\"article:publisher\" content=\"https:\/\/www.facebook.com\/manskin.ch\" \/>\n<meta property=\"article:modified_time\" content=\"2025-03-13T17:33:55+00:00\" \/>\n<meta property=\"og:image\" content=\"https:\/\/manskin.ethos-dev.ch\/wp-content\/uploads\/2022\/01\/733_0.jpg\" \/>\n\t<meta property=\"og:image:width\" content=\"800\" \/>\n\t<meta property=\"og:image:height\" content=\"800\" \/>\n\t<meta property=\"og:image:type\" content=\"image\/jpeg\" \/>\n<meta name=\"twitter:card\" content=\"summary_large_image\" \/>\n<meta name=\"twitter:label1\" content=\"Prix\" \/>\n\t<meta name=\"twitter:data1\" content=\"28.00&#067;&#072;&#070;\" \/>\n\t<meta name=\"twitter:label2\" content=\"Disponibilit\u00e9\" \/>\n\t<meta name=\"twitter:data2\" content=\"En stock\" \/>\n<script type=\"application\/ld+json\" class=\"yoast-schema-graph\">{\"@context\":\"https:\/\/schema.org\",\"@graph\":[{\"@type\":\"WebPage\",\"@id\":\"https:\/\/manskin.ethos-dev.ch\/fr\/produkt\/triumph-and-disaster-ritual-face-cleanser\/\",\"url\":\"https:\/\/manskin.ethos-dev.ch\/fr\/produkt\/triumph-and-disaster-ritual-face-cleanser\/\",\"name\":\"Triumph &amp; Disaster - Ritual Face Cleanser | Manskin.ch\",\"isPartOf\":{\"@id\":\"https:\/\/manskin.ethos-dev.ch\/#website\"},\"primaryImageOfPage\":{\"@id\":\"https:\/\/manskin.ethos-dev.ch\/fr\/produkt\/triumph-and-disaster-ritual-face-cleanser\/#primaryimage\"},\"image\":{\"@id\":\"https:\/\/manskin.ethos-dev.ch\/fr\/produkt\/triumph-and-disaster-ritual-face-cleanser\/#primaryimage\"},\"thumbnailUrl\":\"https:\/\/manskin.ethos-dev.ch\/wp-content\/uploads\/2022\/01\/733_0.jpg\",\"datePublished\":\"2022-01-08T11:34:36+00:00\",\"dateModified\":\"2025-03-13T17:33:55+00:00\",\"description\":\"Triumph &amp; Disaster - Ritual Face Cleanser\",\"breadcrumb\":{\"@id\":\"https:\/\/manskin.ethos-dev.ch\/fr\/produkt\/triumph-and-disaster-ritual-face-cleanser\/#breadcrumb\"},\"inLanguage\":\"fr-FR\",\"potentialAction\":[{\"@type\":\"ReadAction\",\"target\":[\"https:\/\/manskin.ethos-dev.ch\/fr\/produkt\/triumph-and-disaster-ritual-face-cleanser\/\"]}]},{\"@type\":\"ImageObject\",\"inLanguage\":\"fr-FR\",\"@id\":\"https:\/\/manskin.ethos-dev.ch\/fr\/produkt\/triumph-and-disaster-ritual-face-cleanser\/#primaryimage\",\"url\":\"https:\/\/manskin.ethos-dev.ch\/wp-content\/uploads\/2022\/01\/733_0.jpg\",\"contentUrl\":\"https:\/\/manskin.ethos-dev.ch\/wp-content\/uploads\/2022\/01\/733_0.jpg\",\"width\":800,\"height\":800},{\"@type\":\"BreadcrumbList\",\"@id\":\"https:\/\/manskin.ethos-dev.ch\/fr\/produkt\/triumph-and-disaster-ritual-face-cleanser\/#breadcrumb\",\"itemListElement\":[{\"@type\":\"ListItem\",\"position\":1,\"name\":\"Startseite\",\"item\":\"https:\/\/manskin.ethos-dev.ch\/fr\/\"},{\"@type\":\"ListItem\",\"position\":2,\"name\":\"Shop\",\"item\":\"https:\/\/manskin.ethos-dev.ch\/shop\/\"},{\"@type\":\"ListItem\",\"position\":3,\"name\":\"Triumph &amp; Disaster &#8211; Ritual Face Cleanser\"}]},{\"@type\":\"WebSite\",\"@id\":\"https:\/\/manskin.ethos-dev.ch\/#website\",\"url\":\"https:\/\/manskin.ethos-dev.ch\/\",\"name\":\"Manskin.ch\",\"description\":\"Tous les produits de beaut\u00e9 pour les hommes les plus exigeants\",\"publisher\":{\"@id\":\"https:\/\/manskin.ethos-dev.ch\/#organization\"},\"potentialAction\":[{\"@type\":\"SearchAction\",\"target\":{\"@type\":\"EntryPoint\",\"urlTemplate\":\"https:\/\/manskin.ethos-dev.ch\/?s={search_term_string}\"},\"query-input\":{\"@type\":\"PropertyValueSpecification\",\"valueRequired\":true,\"valueName\":\"search_term_string\"}}],\"inLanguage\":\"fr-FR\"},{\"@type\":\"Organization\",\"@id\":\"https:\/\/manskin.ethos-dev.ch\/#organization\",\"name\":\"Manskin.ch - der Schweizer Onlineshop f\u00fcr qualit\u00e4tsstarke M\u00e4nnerpflege\",\"url\":\"https:\/\/manskin.ethos-dev.ch\/\",\"logo\":{\"@type\":\"ImageObject\",\"inLanguage\":\"fr-FR\",\"@id\":\"https:\/\/manskin.ethos-dev.ch\/#\/schema\/logo\/image\/\",\"url\":\"https:\/\/manskin.ethos-dev.ch\/wp-content\/uploads\/2021\/04\/cropped-logo_head.png\",\"contentUrl\":\"https:\/\/manskin.ethos-dev.ch\/wp-content\/uploads\/2021\/04\/cropped-logo_head.png\",\"width\":235,\"height\":75,\"caption\":\"Manskin.ch - der Schweizer Onlineshop f\u00fcr qualit\u00e4tsstarke M\u00e4nnerpflege\"},\"image\":{\"@id\":\"https:\/\/manskin.ethos-dev.ch\/#\/schema\/logo\/image\/\"},\"sameAs\":[\"https:\/\/www.facebook.com\/manskin.ch\",\"https:\/\/www.instagram.com\/manskin.ch\/\"]}]}<\/script>\n<meta property=\"product:price:amount\" content=\"28.00\" \/>\n<meta property=\"product:price:currency\" content=\"CHF\" \/>\n<meta property=\"og:availability\" content=\"instock\" \/>\n<meta property=\"product:availability\" content=\"instock\" \/>\n<meta property=\"product:retailer_item_id\" content=\"12192\" \/>\n<meta property=\"product:condition\" content=\"new\" \/>\n<!-- \/ Yoast SEO Premium plugin. -->","yoast_head_json":{"title":"Triumph &amp; Disaster - Ritual Face Cleanser | Manskin.ch","description":"Triumph &amp; Disaster - Ritual Face Cleanser","robots":{"index":"noindex","follow":"follow","max-snippet":"max-snippet:-1","max-image-preview":"max-image-preview:large","max-video-preview":"max-video-preview:-1"},"og_locale":"fr_FR","og_type":"article","og_title":"Triumph &amp; Disaster - Ritual Face Cleanser","og_description":"Triumph &amp; Disaster - Ritual Face Cleanser","og_url":"https:\/\/manskin.ethos-dev.ch\/fr\/produkt\/triumph-and-disaster-ritual-face-cleanser\/","og_site_name":"Manskin.ch","article_publisher":"https:\/\/www.facebook.com\/manskin.ch","article_modified_time":"2025-03-13T17:33:55+00:00","og_image":[{"width":800,"height":800,"url":"https:\/\/manskin.ethos-dev.ch\/wp-content\/uploads\/2022\/01\/733_0.jpg","type":"image\/jpeg"}],"twitter_card":"summary_large_image","twitter_misc":{"Prix":"28.00&#67;&#72;&#70;","Disponibilit\u00e9":"En stock"},"schema":{"@context":"https:\/\/schema.org","@graph":[{"@type":"WebPage","@id":"https:\/\/manskin.ethos-dev.ch\/fr\/produkt\/triumph-and-disaster-ritual-face-cleanser\/","url":"https:\/\/manskin.ethos-dev.ch\/fr\/produkt\/triumph-and-disaster-ritual-face-cleanser\/","name":"Triumph &amp; Disaster - Ritual Face Cleanser | Manskin.ch","isPartOf":{"@id":"https:\/\/manskin.ethos-dev.ch\/#website"},"primaryImageOfPage":{"@id":"https:\/\/manskin.ethos-dev.ch\/fr\/produkt\/triumph-and-disaster-ritual-face-cleanser\/#primaryimage"},"image":{"@id":"https:\/\/manskin.ethos-dev.ch\/fr\/produkt\/triumph-and-disaster-ritual-face-cleanser\/#primaryimage"},"thumbnailUrl":"https:\/\/manskin.ethos-dev.ch\/wp-content\/uploads\/2022\/01\/733_0.jpg","datePublished":"2022-01-08T11:34:36+00:00","dateModified":"2025-03-13T17:33:55+00:00","description":"Triumph &amp; Disaster - Ritual Face Cleanser","breadcrumb":{"@id":"https:\/\/manskin.ethos-dev.ch\/fr\/produkt\/triumph-and-disaster-ritual-face-cleanser\/#breadcrumb"},"inLanguage":"fr-FR","potentialAction":[{"@type":"ReadAction","target":["https:\/\/manskin.ethos-dev.ch\/fr\/produkt\/triumph-and-disaster-ritual-face-cleanser\/"]}]},{"@type":"ImageObject","inLanguage":"fr-FR","@id":"https:\/\/manskin.ethos-dev.ch\/fr\/produkt\/triumph-and-disaster-ritual-face-cleanser\/#primaryimage","url":"https:\/\/manskin.ethos-dev.ch\/wp-content\/uploads\/2022\/01\/733_0.jpg","contentUrl":"https:\/\/manskin.ethos-dev.ch\/wp-content\/uploads\/2022\/01\/733_0.jpg","width":800,"height":800},{"@type":"BreadcrumbList","@id":"https:\/\/manskin.ethos-dev.ch\/fr\/produkt\/triumph-and-disaster-ritual-face-cleanser\/#breadcrumb","itemListElement":[{"@type":"ListItem","position":1,"name":"Startseite","item":"https:\/\/manskin.ethos-dev.ch\/fr\/"},{"@type":"ListItem","position":2,"name":"Shop","item":"https:\/\/manskin.ethos-dev.ch\/shop\/"},{"@type":"ListItem","position":3,"name":"Triumph &amp; Disaster &#8211; Ritual Face Cleanser"}]},{"@type":"WebSite","@id":"https:\/\/manskin.ethos-dev.ch\/#website","url":"https:\/\/manskin.ethos-dev.ch\/","name":"Manskin.ch","description":"Tous les produits de beaut\u00e9 pour les hommes les plus exigeants","publisher":{"@id":"https:\/\/manskin.ethos-dev.ch\/#organization"},"potentialAction":[{"@type":"SearchAction","target":{"@type":"EntryPoint","urlTemplate":"https:\/\/manskin.ethos-dev.ch\/?s={search_term_string}"},"query-input":{"@type":"PropertyValueSpecification","valueRequired":true,"valueName":"search_term_string"}}],"inLanguage":"fr-FR"},{"@type":"Organization","@id":"https:\/\/manskin.ethos-dev.ch\/#organization","name":"Manskin.ch - der Schweizer Onlineshop f\u00fcr qualit\u00e4tsstarke M\u00e4nnerpflege","url":"https:\/\/manskin.ethos-dev.ch\/","logo":{"@type":"ImageObject","inLanguage":"fr-FR","@id":"https:\/\/manskin.ethos-dev.ch\/#\/schema\/logo\/image\/","url":"https:\/\/manskin.ethos-dev.ch\/wp-content\/uploads\/2021\/04\/cropped-logo_head.png","contentUrl":"https:\/\/manskin.ethos-dev.ch\/wp-content\/uploads\/2021\/04\/cropped-logo_head.png","width":235,"height":75,"caption":"Manskin.ch - der Schweizer Onlineshop f\u00fcr qualit\u00e4tsstarke M\u00e4nnerpflege"},"image":{"@id":"https:\/\/manskin.ethos-dev.ch\/#\/schema\/logo\/image\/"},"sameAs":["https:\/\/www.facebook.com\/manskin.ch","https:\/\/www.instagram.com\/manskin.ch\/"]}]},"product_price_amount":"28.00","product_price_currency":"CHF","og_availability":"instock","product_availability":"instock","product_retailer_item_id":"12192","product_condition":"new"},"brands":[{"id":2789,"name":"Triumph &amp; Disaster","slug":"triumph-disaster"}],"_links":{"self":[{"href":"https:\/\/manskin.ethos-dev.ch\/fr\/wp-json\/wp\/v2\/product\/18834","targetHints":{"allow":["GET"]}}],"collection":[{"href":"https:\/\/manskin.ethos-dev.ch\/fr\/wp-json\/wp\/v2\/product"}],"about":[{"href":"https:\/\/manskin.ethos-dev.ch\/fr\/wp-json\/wp\/v2\/types\/product"}],"replies":[{"embeddable":true,"href":"https:\/\/manskin.ethos-dev.ch\/fr\/wp-json\/wp\/v2\/comments?post=18834"}],"wp:featuredmedia":[{"embeddable":true,"href":"https:\/\/manskin.ethos-dev.ch\/fr\/wp-json\/wp\/v2\/media\/2421"}],"wp:attachment":[{"href":"https:\/\/manskin.ethos-dev.ch\/fr\/wp-json\/wp\/v2\/media?parent=18834"}],"wp:term":[{"taxonomy":"pwb-brand","embeddable":true,"href":"https:\/\/manskin.ethos-dev.ch\/fr\/wp-json\/wp\/v2\/pwb-brand?post=18834"},{"taxonomy":"product_brand","embeddable":true,"href":"https:\/\/manskin.ethos-dev.ch\/fr\/wp-json\/wp\/v2\/product_brand?post=18834"},{"taxonomy":"product_cat","embeddable":true,"href":"https:\/\/manskin.ethos-dev.ch\/fr\/wp-json\/wp\/v2\/product_cat?post=18834"},{"taxonomy":"product_tag","embeddable":true,"href":"https:\/\/manskin.ethos-dev.ch\/fr\/wp-json\/wp\/v2\/product_tag?post=18834"}],"curies":[{"name":"wp","href":"https:\/\/api.w.org\/{rel}","templated":true}]}}