{"id":19135,"date":"2022-01-08T14:07:21","date_gmt":"2022-01-08T13:07:21","guid":{"rendered":"https:\/\/manskin.ethos-dev.ch\/produkt\/skin-republic-vitamin-c-serum\/"},"modified":"2025-02-25T08:02:48","modified_gmt":"2025-02-25T07:02:48","slug":"skin-republic-vitamin-c-serum","status":"publish","type":"product","link":"https:\/\/manskin.ethos-dev.ch\/fr\/produkt\/skin-republic-vitamin-c-serum\/","title":{"rendered":"Skin Republic &#8211; Vitamin C 6% Serum"},"content":{"rendered":"<h2>Skin Republic &#8211; Vitamin C 6% Serum<\/h2>\n<ul>\n<li>S\u00e9rum fruit\u00e9 enrichi de 6% de vitamine C.<\/li>\n<li>R\u00e9duit les taches brunes, les taches de rousseur et les imperfections.<\/li>\n<li>La formule \u00e9claircissante att\u00e9nue l&#8217;hyperpigmentation et donne \u00e0 la peau un \u00e9clat naturel.<\/li>\n<li>Le s\u00e9rum peut \u00eatre utilis\u00e9 comme un soin de nuit ou en compl\u00e9ment d&#8217;une cr\u00e8me hydratante.<\/li>\n<\/ul>\n<p>Ingr\u00e9dients principaux:<\/p>\n<p><span style=\"color: #ff9900;\"><strong>6% de vitamine C:<\/strong><\/span><br \/>\nLa vitamine C est un antioxydant qui r\u00e9duit l&#8217;incidence des dommages caus\u00e9s par les radicaux libres sur la peau par des facteurs environnementaux tels que le soleil, la pollution et l&#8217;oxyg\u00e8ne. Le traitement superficiel \u00e0 la vitamine C r\u00e9duit les taches brunes et les dommages caus\u00e9s \u00e0 la peau par l&#8217;exposition au soleil. Il favorise la production de collag\u00e8ne dans la peau et r\u00e9duit l&#8217;inflammation.<\/p>\n<p><span style=\"color: #ff9900;\"><strong>Alpha-Arbutin:<\/strong><\/span><br \/>\nL&#8217;alpha-arbutine, d\u00e9riv\u00e9e de plantes telles que la busserole, la myrtille et la canneberge, est un ingr\u00e9dient \u00e9claircissant pour la peau qui inhibe l&#8217;enzyme tyrosinase pour contrer la pigmentation. L&#8217;alpha-arbutine att\u00e9nue les cicatrices, les taches sombres et la pigmentation dues \u00e0 l&#8217;acn\u00e9 et aux dommages caus\u00e9s par le soleil.<\/p>\n<p>Application :<br \/>\nNettoyez la peau du visage. Hydratez l\u00e9g\u00e8rement la peau du visage. Appliquez quelques gouttes du s\u00e9rum sur le visage et le cou. Attendez une minute pour que le s\u00e9rum soit absorb\u00e9 par la peau. Vous pouvez ensuite appliquer votre cr\u00e8me hydratante habituelle.<\/p>\n<p>Contenu 30 ml.<\/p>\n","protected":false},"excerpt":{"rendered":"<p>Donne \u00e0 la peau un \u00e9clat naturel<\/p>\n","protected":false},"featured_media":15274,"comment_status":"closed","ping_status":"closed","template":"","meta":{"_acf_changed":false},"pwb-brand":[2781],"product_brand":[],"product_cat":[2329,2334,2393],"product_tag":[],"class_list":{"0":"post-19135","1":"product","2":"type-product","3":"status-publish","4":"has-post-thumbnail","6":"pwb-brand-skin-republic","7":"product_cat-hydratants","8":"product_cat-serum-visage","9":"product_cat-skin-republic-fr","10":"product_shipping_class-standard-fr","11":"pa_hersteller-skin-republic-fr-2","12":"sales-flash-overlay","13":"woocommerce-text-align-center","14":"woocommerce-image-align-center","15":"do-quantity-buttons","16":"has-subscription-plans","18":"first","19":"instock","20":"purchasable","21":"product-type-simple"},"acf":[],"yoast_head":"<!-- This site is optimized with the Yoast SEO Premium plugin v24.8 (Yoast SEO v25.4) - https:\/\/yoast.com\/wordpress\/plugins\/seo\/ -->\n<title>Skin Republic - Vitamin C 6% Serum | Manskin.ch<\/title>\n<meta name=\"description\" content=\"Skin Republic - Vitamin C 6% Serum\" \/>\n<meta name=\"robots\" content=\"noindex, follow, max-snippet:-1, max-image-preview:large, max-video-preview:-1\" \/>\n<meta property=\"og:locale\" content=\"fr_FR\" \/>\n<meta property=\"og:type\" content=\"article\" \/>\n<meta property=\"og:title\" content=\"Skin Republic - Vitamin C 6% Serum\" \/>\n<meta property=\"og:description\" content=\"Skin Republic - Vitamin C 6% Serum\" \/>\n<meta property=\"og:url\" content=\"https:\/\/manskin.ethos-dev.ch\/fr\/produkt\/skin-republic-vitamin-c-serum\/\" \/>\n<meta property=\"og:site_name\" content=\"Manskin.ch\" \/>\n<meta property=\"article:publisher\" content=\"https:\/\/www.facebook.com\/manskin.ch\" \/>\n<meta property=\"article:modified_time\" content=\"2025-02-25T07:02:48+00:00\" \/>\n<meta property=\"og:image\" content=\"https:\/\/manskin.ethos-dev.ch\/wp-content\/uploads\/2022\/01\/Untitled-design-Max-Quality-67.jpg\" \/>\n\t<meta property=\"og:image:width\" content=\"800\" \/>\n\t<meta property=\"og:image:height\" content=\"800\" \/>\n\t<meta property=\"og:image:type\" content=\"image\/jpeg\" \/>\n<meta name=\"twitter:card\" content=\"summary_large_image\" \/>\n<meta name=\"twitter:label1\" content=\"Prix\" \/>\n\t<meta name=\"twitter:data1\" content=\"17.95&#067;&#072;&#070;\" \/>\n\t<meta name=\"twitter:label2\" content=\"Disponibilit\u00e9\" \/>\n\t<meta name=\"twitter:data2\" content=\"En stock\" \/>\n<script type=\"application\/ld+json\" class=\"yoast-schema-graph\">{\"@context\":\"https:\/\/schema.org\",\"@graph\":[{\"@type\":\"WebPage\",\"@id\":\"https:\/\/manskin.ethos-dev.ch\/fr\/produkt\/skin-republic-vitamin-c-serum\/\",\"url\":\"https:\/\/manskin.ethos-dev.ch\/fr\/produkt\/skin-republic-vitamin-c-serum\/\",\"name\":\"Skin Republic - Vitamin C 6% Serum | Manskin.ch\",\"isPartOf\":{\"@id\":\"https:\/\/manskin.ethos-dev.ch\/#website\"},\"primaryImageOfPage\":{\"@id\":\"https:\/\/manskin.ethos-dev.ch\/fr\/produkt\/skin-republic-vitamin-c-serum\/#primaryimage\"},\"image\":{\"@id\":\"https:\/\/manskin.ethos-dev.ch\/fr\/produkt\/skin-republic-vitamin-c-serum\/#primaryimage\"},\"thumbnailUrl\":\"https:\/\/manskin.ethos-dev.ch\/wp-content\/uploads\/2022\/01\/Untitled-design-Max-Quality-67.jpg\",\"datePublished\":\"2022-01-08T13:07:21+00:00\",\"dateModified\":\"2025-02-25T07:02:48+00:00\",\"description\":\"Skin Republic - Vitamin C 6% Serum\",\"breadcrumb\":{\"@id\":\"https:\/\/manskin.ethos-dev.ch\/fr\/produkt\/skin-republic-vitamin-c-serum\/#breadcrumb\"},\"inLanguage\":\"fr-FR\",\"potentialAction\":[{\"@type\":\"ReadAction\",\"target\":[\"https:\/\/manskin.ethos-dev.ch\/fr\/produkt\/skin-republic-vitamin-c-serum\/\"]}]},{\"@type\":\"ImageObject\",\"inLanguage\":\"fr-FR\",\"@id\":\"https:\/\/manskin.ethos-dev.ch\/fr\/produkt\/skin-republic-vitamin-c-serum\/#primaryimage\",\"url\":\"https:\/\/manskin.ethos-dev.ch\/wp-content\/uploads\/2022\/01\/Untitled-design-Max-Quality-67.jpg\",\"contentUrl\":\"https:\/\/manskin.ethos-dev.ch\/wp-content\/uploads\/2022\/01\/Untitled-design-Max-Quality-67.jpg\",\"width\":800,\"height\":800},{\"@type\":\"BreadcrumbList\",\"@id\":\"https:\/\/manskin.ethos-dev.ch\/fr\/produkt\/skin-republic-vitamin-c-serum\/#breadcrumb\",\"itemListElement\":[{\"@type\":\"ListItem\",\"position\":1,\"name\":\"Startseite\",\"item\":\"https:\/\/manskin.ethos-dev.ch\/fr\/\"},{\"@type\":\"ListItem\",\"position\":2,\"name\":\"Shop\",\"item\":\"https:\/\/manskin.ethos-dev.ch\/shop\/\"},{\"@type\":\"ListItem\",\"position\":3,\"name\":\"Skin Republic &#8211; Vitamin C 6% Serum\"}]},{\"@type\":\"WebSite\",\"@id\":\"https:\/\/manskin.ethos-dev.ch\/#website\",\"url\":\"https:\/\/manskin.ethos-dev.ch\/\",\"name\":\"Manskin.ch\",\"description\":\"Tous les produits de beaut\u00e9 pour les hommes les plus exigeants\",\"publisher\":{\"@id\":\"https:\/\/manskin.ethos-dev.ch\/#organization\"},\"potentialAction\":[{\"@type\":\"SearchAction\",\"target\":{\"@type\":\"EntryPoint\",\"urlTemplate\":\"https:\/\/manskin.ethos-dev.ch\/?s={search_term_string}\"},\"query-input\":{\"@type\":\"PropertyValueSpecification\",\"valueRequired\":true,\"valueName\":\"search_term_string\"}}],\"inLanguage\":\"fr-FR\"},{\"@type\":\"Organization\",\"@id\":\"https:\/\/manskin.ethos-dev.ch\/#organization\",\"name\":\"Manskin.ch - der Schweizer Onlineshop f\u00fcr qualit\u00e4tsstarke M\u00e4nnerpflege\",\"url\":\"https:\/\/manskin.ethos-dev.ch\/\",\"logo\":{\"@type\":\"ImageObject\",\"inLanguage\":\"fr-FR\",\"@id\":\"https:\/\/manskin.ethos-dev.ch\/#\/schema\/logo\/image\/\",\"url\":\"https:\/\/manskin.ethos-dev.ch\/wp-content\/uploads\/2021\/04\/cropped-logo_head.png\",\"contentUrl\":\"https:\/\/manskin.ethos-dev.ch\/wp-content\/uploads\/2021\/04\/cropped-logo_head.png\",\"width\":235,\"height\":75,\"caption\":\"Manskin.ch - der Schweizer Onlineshop f\u00fcr qualit\u00e4tsstarke M\u00e4nnerpflege\"},\"image\":{\"@id\":\"https:\/\/manskin.ethos-dev.ch\/#\/schema\/logo\/image\/\"},\"sameAs\":[\"https:\/\/www.facebook.com\/manskin.ch\",\"https:\/\/www.instagram.com\/manskin.ch\/\"]}]}<\/script>\n<meta property=\"product:price:amount\" content=\"17.95\" \/>\n<meta property=\"product:price:currency\" content=\"CHF\" \/>\n<meta property=\"og:availability\" content=\"instock\" \/>\n<meta property=\"product:availability\" content=\"instock\" \/>\n<meta property=\"product:retailer_item_id\" content=\"12920\" \/>\n<meta property=\"product:condition\" content=\"new\" \/>\n<!-- \/ Yoast SEO Premium plugin. -->","yoast_head_json":{"title":"Skin Republic - Vitamin C 6% Serum | Manskin.ch","description":"Skin Republic - Vitamin C 6% Serum","robots":{"index":"noindex","follow":"follow","max-snippet":"max-snippet:-1","max-image-preview":"max-image-preview:large","max-video-preview":"max-video-preview:-1"},"og_locale":"fr_FR","og_type":"article","og_title":"Skin Republic - Vitamin C 6% Serum","og_description":"Skin Republic - Vitamin C 6% Serum","og_url":"https:\/\/manskin.ethos-dev.ch\/fr\/produkt\/skin-republic-vitamin-c-serum\/","og_site_name":"Manskin.ch","article_publisher":"https:\/\/www.facebook.com\/manskin.ch","article_modified_time":"2025-02-25T07:02:48+00:00","og_image":[{"width":800,"height":800,"url":"https:\/\/manskin.ethos-dev.ch\/wp-content\/uploads\/2022\/01\/Untitled-design-Max-Quality-67.jpg","type":"image\/jpeg"}],"twitter_card":"summary_large_image","twitter_misc":{"Prix":"17.95&#67;&#72;&#70;","Disponibilit\u00e9":"En stock"},"schema":{"@context":"https:\/\/schema.org","@graph":[{"@type":"WebPage","@id":"https:\/\/manskin.ethos-dev.ch\/fr\/produkt\/skin-republic-vitamin-c-serum\/","url":"https:\/\/manskin.ethos-dev.ch\/fr\/produkt\/skin-republic-vitamin-c-serum\/","name":"Skin Republic - Vitamin C 6% Serum | Manskin.ch","isPartOf":{"@id":"https:\/\/manskin.ethos-dev.ch\/#website"},"primaryImageOfPage":{"@id":"https:\/\/manskin.ethos-dev.ch\/fr\/produkt\/skin-republic-vitamin-c-serum\/#primaryimage"},"image":{"@id":"https:\/\/manskin.ethos-dev.ch\/fr\/produkt\/skin-republic-vitamin-c-serum\/#primaryimage"},"thumbnailUrl":"https:\/\/manskin.ethos-dev.ch\/wp-content\/uploads\/2022\/01\/Untitled-design-Max-Quality-67.jpg","datePublished":"2022-01-08T13:07:21+00:00","dateModified":"2025-02-25T07:02:48+00:00","description":"Skin Republic - Vitamin C 6% Serum","breadcrumb":{"@id":"https:\/\/manskin.ethos-dev.ch\/fr\/produkt\/skin-republic-vitamin-c-serum\/#breadcrumb"},"inLanguage":"fr-FR","potentialAction":[{"@type":"ReadAction","target":["https:\/\/manskin.ethos-dev.ch\/fr\/produkt\/skin-republic-vitamin-c-serum\/"]}]},{"@type":"ImageObject","inLanguage":"fr-FR","@id":"https:\/\/manskin.ethos-dev.ch\/fr\/produkt\/skin-republic-vitamin-c-serum\/#primaryimage","url":"https:\/\/manskin.ethos-dev.ch\/wp-content\/uploads\/2022\/01\/Untitled-design-Max-Quality-67.jpg","contentUrl":"https:\/\/manskin.ethos-dev.ch\/wp-content\/uploads\/2022\/01\/Untitled-design-Max-Quality-67.jpg","width":800,"height":800},{"@type":"BreadcrumbList","@id":"https:\/\/manskin.ethos-dev.ch\/fr\/produkt\/skin-republic-vitamin-c-serum\/#breadcrumb","itemListElement":[{"@type":"ListItem","position":1,"name":"Startseite","item":"https:\/\/manskin.ethos-dev.ch\/fr\/"},{"@type":"ListItem","position":2,"name":"Shop","item":"https:\/\/manskin.ethos-dev.ch\/shop\/"},{"@type":"ListItem","position":3,"name":"Skin Republic &#8211; Vitamin C 6% Serum"}]},{"@type":"WebSite","@id":"https:\/\/manskin.ethos-dev.ch\/#website","url":"https:\/\/manskin.ethos-dev.ch\/","name":"Manskin.ch","description":"Tous les produits de beaut\u00e9 pour les hommes les plus exigeants","publisher":{"@id":"https:\/\/manskin.ethos-dev.ch\/#organization"},"potentialAction":[{"@type":"SearchAction","target":{"@type":"EntryPoint","urlTemplate":"https:\/\/manskin.ethos-dev.ch\/?s={search_term_string}"},"query-input":{"@type":"PropertyValueSpecification","valueRequired":true,"valueName":"search_term_string"}}],"inLanguage":"fr-FR"},{"@type":"Organization","@id":"https:\/\/manskin.ethos-dev.ch\/#organization","name":"Manskin.ch - der Schweizer Onlineshop f\u00fcr qualit\u00e4tsstarke M\u00e4nnerpflege","url":"https:\/\/manskin.ethos-dev.ch\/","logo":{"@type":"ImageObject","inLanguage":"fr-FR","@id":"https:\/\/manskin.ethos-dev.ch\/#\/schema\/logo\/image\/","url":"https:\/\/manskin.ethos-dev.ch\/wp-content\/uploads\/2021\/04\/cropped-logo_head.png","contentUrl":"https:\/\/manskin.ethos-dev.ch\/wp-content\/uploads\/2021\/04\/cropped-logo_head.png","width":235,"height":75,"caption":"Manskin.ch - der Schweizer Onlineshop f\u00fcr qualit\u00e4tsstarke M\u00e4nnerpflege"},"image":{"@id":"https:\/\/manskin.ethos-dev.ch\/#\/schema\/logo\/image\/"},"sameAs":["https:\/\/www.facebook.com\/manskin.ch","https:\/\/www.instagram.com\/manskin.ch\/"]}]},"product_price_amount":"17.95","product_price_currency":"CHF","og_availability":"instock","product_availability":"instock","product_retailer_item_id":"12920","product_condition":"new"},"brands":[{"id":2781,"name":"Skin Republic","slug":"skin-republic"}],"_links":{"self":[{"href":"https:\/\/manskin.ethos-dev.ch\/fr\/wp-json\/wp\/v2\/product\/19135","targetHints":{"allow":["GET"]}}],"collection":[{"href":"https:\/\/manskin.ethos-dev.ch\/fr\/wp-json\/wp\/v2\/product"}],"about":[{"href":"https:\/\/manskin.ethos-dev.ch\/fr\/wp-json\/wp\/v2\/types\/product"}],"replies":[{"embeddable":true,"href":"https:\/\/manskin.ethos-dev.ch\/fr\/wp-json\/wp\/v2\/comments?post=19135"}],"wp:featuredmedia":[{"embeddable":true,"href":"https:\/\/manskin.ethos-dev.ch\/fr\/wp-json\/wp\/v2\/media\/15274"}],"wp:attachment":[{"href":"https:\/\/manskin.ethos-dev.ch\/fr\/wp-json\/wp\/v2\/media?parent=19135"}],"wp:term":[{"taxonomy":"pwb-brand","embeddable":true,"href":"https:\/\/manskin.ethos-dev.ch\/fr\/wp-json\/wp\/v2\/pwb-brand?post=19135"},{"taxonomy":"product_brand","embeddable":true,"href":"https:\/\/manskin.ethos-dev.ch\/fr\/wp-json\/wp\/v2\/product_brand?post=19135"},{"taxonomy":"product_cat","embeddable":true,"href":"https:\/\/manskin.ethos-dev.ch\/fr\/wp-json\/wp\/v2\/product_cat?post=19135"},{"taxonomy":"product_tag","embeddable":true,"href":"https:\/\/manskin.ethos-dev.ch\/fr\/wp-json\/wp\/v2\/product_tag?post=19135"}],"curies":[{"name":"wp","href":"https:\/\/api.w.org\/{rel}","templated":true}]}}