{"id":19148,"date":"2022-01-08T14:01:02","date_gmt":"2022-01-08T13:01:02","guid":{"rendered":"https:\/\/manskin.ethos-dev.ch\/produkt\/skin-republic-mens-energising-face-mask-sheet-2\/"},"modified":"2025-02-25T08:03:14","modified_gmt":"2025-02-25T07:03:14","slug":"skin-republic-mens-energising-face-mask-sheet-2","status":"publish","type":"product","link":"https:\/\/manskin.ethos-dev.ch\/fr\/produkt\/skin-republic-mens-energising-face-mask-sheet-2\/","title":{"rendered":"Skin Republic &#8211; Men&#8217;s Energising Face Mask Sheet"},"content":{"rendered":"<h2>Skin Republic &#8211; Men&#8217;s Energising Face Mask Sheet &#8211; Masque facial \u00e9nergisant pour hommes<\/h2>\n<ul>\n<li>Ce masque revitalisant en feuille imbib\u00e9e de s\u00e9rum a \u00e9t\u00e9 sp\u00e9cialement con\u00e7u pour la peau des hommes. Elle combat efficacement les rides et ridules et prot\u00e8ge contre la perte d&#8217;\u00e9lasticit\u00e9 et de fermet\u00e9. La peau semble plus lisse et plus jeune.<\/li>\n<li>Le masque en tissu\u00a0hydratant donne \u00e0 la peau s\u00e8che et fatigu\u00e9e un regain d&#8217;\u00e9nergie. Les principes actifs coenzyme Q10, vitamine C et vitamine E aident \u00e0 r\u00e9duire les signes visibles du vieillissement. Les ridules sont visiblement liss\u00e9es et la peau semble ferme et saine.<\/li>\n<li>Un coup de pouce \u00e9nerg\u00e9tique instantan\u00e9 pour les peaux s\u00e8ches et fatigu\u00e9es.<\/li>\n<li>La peau semble rafra\u00eechie et revitalis\u00e9e.<\/li>\n<li>Une hydratation de longue dur\u00e9e.<\/li>\n<\/ul>\n<p><strong><span style=\"color: #ffa500;\">Principaux ingr\u00e9dients<br \/>\nCoenzyme Q10<\/span><\/strong><\/p>\n<ul>\n<li>Enzyme naturelle pr\u00e9sente dans toutes les cellules vivantes du corps. Il est essentiel pour la sant\u00e9 et joue un r\u00f4le particuli\u00e8rement important dans le maintien d&#8217;une peau \u00e9clatante et d&#8217;apparence jeune. En vieillissant, notre taux de CoQ10 diminue, ce qui acc\u00e9l\u00e8re le processus de vieillissement de la peau. Il a \u00e9t\u00e9 d\u00e9montr\u00e9 qu&#8217;une application superficielle de Coenzyme Q10 peut maintenir les niveaux de cette importante enzyme dans notre peau, r\u00e9duisant ainsi les signes du vieillissement.<\/li>\n<\/ul>\n<p><strong><span style=\"color: #ffa500;\">Acide hyaluronique<\/span><\/strong><\/p>\n<ul>\n<li>Les mol\u00e9cules d&#8217;acide hyaluronique ont la capacit\u00e9 unique d&#8217;absorber des milliers de fois leur propre poids en eau, plus que toute autre substance biologique. Cela permet d&#8217;am\u00e9liorer le taux d&#8217;hydratation de la peau tout en renfor\u00e7ant la barri\u00e8re cutan\u00e9e. Votre peau semble visiblement et concr\u00e8tement plus douce, plus lisse et plus rebondie.<\/li>\n<\/ul>\n<p><strong><span style=\"color: #ffa500;\">Vitamine E<\/span><\/strong><\/p>\n<ul>\n<li>Un puissant antioxydant aux propri\u00e9t\u00e9s anti-\u00e2ge qui aide \u00e0 r\u00e9duire les dommages caus\u00e9s \u00e0 la peau par le soleil. La vitamine E hydrate intens\u00e9ment la peau. Elle est connue pour r\u00e9duire l&#8217;inflammation de la peau, augmenter sa fermet\u00e9 et am\u00e9liorer le teint et la texture de la peau.<\/li>\n<\/ul>\n<p>Utilisation:<br \/>\nNettoyer la peau. Retirez le masque de l&#8217;emballage. Le masque se compose de deux parties. Parfait pour les hommes barbus. D\u00e9pliez les parties et placez-les sur le visage. Si vous portez une barbe, vous pouvez laisser la moiti\u00e9 inf\u00e9rieure de votre barbe de c\u00f4t\u00e9. Laissez agir pendant 15-20 minutes, retirez le masque, ne rincez pas. L&#8217;exc\u00e8s de s\u00e9rum peut se r\u00e9pandre sur le cou et les mains.<\/p>\n","protected":false},"excerpt":{"rendered":"<p>Skin Republic &#8211; Men&#8217;s Energising Face Mask Sheet &#8211; Masque facial \u00e9nergisant pour hommes Ce masque revitalisant en feuille imbib\u00e9e de s\u00e9rum a \u00e9t\u00e9 sp\u00e9cialement con\u00e7u pour la peau des hommes. Elle combat efficacement les rides et ridules et prot\u00e8ge contre la perte d&#8217;\u00e9lasticit\u00e9 et de fermet\u00e9. La peau semble plus lisse et plus jeune. &#8230; <a title=\"Skin Republic &#8211; Men&#8217;s Energising Face Mask Sheet\" class=\"read-more\" href=\"https:\/\/manskin.ethos-dev.ch\/fr\/produkt\/skin-republic-mens-energising-face-mask-sheet-2\/\" aria-label=\"En savoir plus sur Skin Republic &#8211; Men&#8217;s Energising Face Mask Sheet\">Lire la suite<\/a><\/p>\n","protected":false},"featured_media":4396,"comment_status":"closed","ping_status":"closed","template":"","meta":{"_acf_changed":false},"pwb-brand":[2781],"product_brand":[],"product_cat":[2864,2331,1930,2393],"product_tag":[],"class_list":{"0":"post-19148","1":"product","2":"type-product","3":"status-publish","4":"has-post-thumbnail","6":"pwb-brand-skin-republic","7":"product_cat-masques-hydratants","8":"product_cat-exfoliants-visage","9":"product_cat-anti-age","10":"product_cat-skin-republic-fr","11":"product_shipping_class-standard-fr","12":"pa_hersteller-skin-republic-fr-2","13":"sales-flash-overlay","14":"woocommerce-text-align-center","15":"woocommerce-image-align-center","16":"do-quantity-buttons","17":"has-subscription-plans","19":"first","20":"instock","21":"purchasable","22":"product-type-simple"},"acf":[],"yoast_head":"<!-- This site is optimized with the Yoast SEO Premium plugin v24.8 (Yoast SEO v25.4) - https:\/\/yoast.com\/wordpress\/plugins\/seo\/ -->\n<title>Skin Republic - Men&#039;s Energising Face Mask Sheet | Manskin.ch<\/title>\n<meta name=\"description\" content=\"Skin Republic - Men&#039;s Energising Face Mask Sheet\" \/>\n<meta name=\"robots\" content=\"noindex, follow, max-snippet:-1, max-image-preview:large, max-video-preview:-1\" \/>\n<meta property=\"og:locale\" content=\"fr_FR\" \/>\n<meta property=\"og:type\" content=\"article\" \/>\n<meta property=\"og:title\" content=\"Skin Republic - Men&#039;s Energising Face Mask Sheet\" \/>\n<meta property=\"og:description\" content=\"Skin Republic - Men&#039;s Energising Face Mask Sheet\" \/>\n<meta property=\"og:url\" content=\"https:\/\/manskin.ethos-dev.ch\/fr\/produkt\/skin-republic-mens-energising-face-mask-sheet-2\/\" \/>\n<meta property=\"og:site_name\" content=\"Manskin.ch\" \/>\n<meta property=\"article:publisher\" content=\"https:\/\/www.facebook.com\/manskin.ch\" \/>\n<meta property=\"article:modified_time\" content=\"2025-02-25T07:03:14+00:00\" \/>\n<meta property=\"og:image\" content=\"https:\/\/manskin.ethos-dev.ch\/wp-content\/uploads\/2022\/01\/1357_0.jpg\" \/>\n\t<meta property=\"og:image:width\" content=\"800\" \/>\n\t<meta property=\"og:image:height\" content=\"800\" \/>\n\t<meta property=\"og:image:type\" content=\"image\/jpeg\" \/>\n<meta name=\"twitter:card\" content=\"summary_large_image\" \/>\n<meta name=\"twitter:label1\" content=\"Prix\" \/>\n\t<meta name=\"twitter:data1\" content=\"5.90&#067;&#072;&#070;\" \/>\n\t<meta name=\"twitter:label2\" content=\"Disponibilit\u00e9\" \/>\n\t<meta name=\"twitter:data2\" content=\"En stock\" \/>\n<script type=\"application\/ld+json\" class=\"yoast-schema-graph\">{\"@context\":\"https:\/\/schema.org\",\"@graph\":[{\"@type\":\"WebPage\",\"@id\":\"https:\/\/manskin.ethos-dev.ch\/fr\/produkt\/skin-republic-mens-energising-face-mask-sheet-2\/\",\"url\":\"https:\/\/manskin.ethos-dev.ch\/fr\/produkt\/skin-republic-mens-energising-face-mask-sheet-2\/\",\"name\":\"Skin Republic - Men's Energising Face Mask Sheet | Manskin.ch\",\"isPartOf\":{\"@id\":\"https:\/\/manskin.ethos-dev.ch\/#website\"},\"primaryImageOfPage\":{\"@id\":\"https:\/\/manskin.ethos-dev.ch\/fr\/produkt\/skin-republic-mens-energising-face-mask-sheet-2\/#primaryimage\"},\"image\":{\"@id\":\"https:\/\/manskin.ethos-dev.ch\/fr\/produkt\/skin-republic-mens-energising-face-mask-sheet-2\/#primaryimage\"},\"thumbnailUrl\":\"https:\/\/manskin.ethos-dev.ch\/wp-content\/uploads\/2022\/01\/1357_0.jpg\",\"datePublished\":\"2022-01-08T13:01:02+00:00\",\"dateModified\":\"2025-02-25T07:03:14+00:00\",\"description\":\"Skin Republic - Men's Energising Face Mask Sheet\",\"breadcrumb\":{\"@id\":\"https:\/\/manskin.ethos-dev.ch\/fr\/produkt\/skin-republic-mens-energising-face-mask-sheet-2\/#breadcrumb\"},\"inLanguage\":\"fr-FR\",\"potentialAction\":[{\"@type\":\"ReadAction\",\"target\":[\"https:\/\/manskin.ethos-dev.ch\/fr\/produkt\/skin-republic-mens-energising-face-mask-sheet-2\/\"]}]},{\"@type\":\"ImageObject\",\"inLanguage\":\"fr-FR\",\"@id\":\"https:\/\/manskin.ethos-dev.ch\/fr\/produkt\/skin-republic-mens-energising-face-mask-sheet-2\/#primaryimage\",\"url\":\"https:\/\/manskin.ethos-dev.ch\/wp-content\/uploads\/2022\/01\/1357_0.jpg\",\"contentUrl\":\"https:\/\/manskin.ethos-dev.ch\/wp-content\/uploads\/2022\/01\/1357_0.jpg\",\"width\":800,\"height\":800},{\"@type\":\"BreadcrumbList\",\"@id\":\"https:\/\/manskin.ethos-dev.ch\/fr\/produkt\/skin-republic-mens-energising-face-mask-sheet-2\/#breadcrumb\",\"itemListElement\":[{\"@type\":\"ListItem\",\"position\":1,\"name\":\"Startseite\",\"item\":\"https:\/\/manskin.ethos-dev.ch\/fr\/\"},{\"@type\":\"ListItem\",\"position\":2,\"name\":\"Shop\",\"item\":\"https:\/\/manskin.ethos-dev.ch\/shop\/\"},{\"@type\":\"ListItem\",\"position\":3,\"name\":\"Skin Republic &#8211; Men&#8217;s Energising Face Mask Sheet\"}]},{\"@type\":\"WebSite\",\"@id\":\"https:\/\/manskin.ethos-dev.ch\/#website\",\"url\":\"https:\/\/manskin.ethos-dev.ch\/\",\"name\":\"Manskin.ch\",\"description\":\"Tous les produits de beaut\u00e9 pour les hommes les plus exigeants\",\"publisher\":{\"@id\":\"https:\/\/manskin.ethos-dev.ch\/#organization\"},\"potentialAction\":[{\"@type\":\"SearchAction\",\"target\":{\"@type\":\"EntryPoint\",\"urlTemplate\":\"https:\/\/manskin.ethos-dev.ch\/?s={search_term_string}\"},\"query-input\":{\"@type\":\"PropertyValueSpecification\",\"valueRequired\":true,\"valueName\":\"search_term_string\"}}],\"inLanguage\":\"fr-FR\"},{\"@type\":\"Organization\",\"@id\":\"https:\/\/manskin.ethos-dev.ch\/#organization\",\"name\":\"Manskin.ch - der Schweizer Onlineshop f\u00fcr qualit\u00e4tsstarke M\u00e4nnerpflege\",\"url\":\"https:\/\/manskin.ethos-dev.ch\/\",\"logo\":{\"@type\":\"ImageObject\",\"inLanguage\":\"fr-FR\",\"@id\":\"https:\/\/manskin.ethos-dev.ch\/#\/schema\/logo\/image\/\",\"url\":\"https:\/\/manskin.ethos-dev.ch\/wp-content\/uploads\/2021\/04\/cropped-logo_head.png\",\"contentUrl\":\"https:\/\/manskin.ethos-dev.ch\/wp-content\/uploads\/2021\/04\/cropped-logo_head.png\",\"width\":235,\"height\":75,\"caption\":\"Manskin.ch - der Schweizer Onlineshop f\u00fcr qualit\u00e4tsstarke M\u00e4nnerpflege\"},\"image\":{\"@id\":\"https:\/\/manskin.ethos-dev.ch\/#\/schema\/logo\/image\/\"},\"sameAs\":[\"https:\/\/www.facebook.com\/manskin.ch\",\"https:\/\/www.instagram.com\/manskin.ch\/\"]}]}<\/script>\n<meta property=\"product:price:amount\" content=\"5.90\" \/>\n<meta property=\"product:price:currency\" content=\"CHF\" \/>\n<meta property=\"og:availability\" content=\"instock\" \/>\n<meta property=\"product:availability\" content=\"instock\" \/>\n<meta property=\"product:retailer_item_id\" content=\"12882\" \/>\n<meta property=\"product:condition\" content=\"new\" \/>\n<!-- \/ Yoast SEO Premium plugin. -->","yoast_head_json":{"title":"Skin Republic - Men's Energising Face Mask Sheet | Manskin.ch","description":"Skin Republic - Men's Energising Face Mask Sheet","robots":{"index":"noindex","follow":"follow","max-snippet":"max-snippet:-1","max-image-preview":"max-image-preview:large","max-video-preview":"max-video-preview:-1"},"og_locale":"fr_FR","og_type":"article","og_title":"Skin Republic - Men's Energising Face Mask Sheet","og_description":"Skin Republic - Men's Energising Face Mask Sheet","og_url":"https:\/\/manskin.ethos-dev.ch\/fr\/produkt\/skin-republic-mens-energising-face-mask-sheet-2\/","og_site_name":"Manskin.ch","article_publisher":"https:\/\/www.facebook.com\/manskin.ch","article_modified_time":"2025-02-25T07:03:14+00:00","og_image":[{"width":800,"height":800,"url":"https:\/\/manskin.ethos-dev.ch\/wp-content\/uploads\/2022\/01\/1357_0.jpg","type":"image\/jpeg"}],"twitter_card":"summary_large_image","twitter_misc":{"Prix":"5.90&#67;&#72;&#70;","Disponibilit\u00e9":"En stock"},"schema":{"@context":"https:\/\/schema.org","@graph":[{"@type":"WebPage","@id":"https:\/\/manskin.ethos-dev.ch\/fr\/produkt\/skin-republic-mens-energising-face-mask-sheet-2\/","url":"https:\/\/manskin.ethos-dev.ch\/fr\/produkt\/skin-republic-mens-energising-face-mask-sheet-2\/","name":"Skin Republic - Men's Energising Face Mask Sheet | Manskin.ch","isPartOf":{"@id":"https:\/\/manskin.ethos-dev.ch\/#website"},"primaryImageOfPage":{"@id":"https:\/\/manskin.ethos-dev.ch\/fr\/produkt\/skin-republic-mens-energising-face-mask-sheet-2\/#primaryimage"},"image":{"@id":"https:\/\/manskin.ethos-dev.ch\/fr\/produkt\/skin-republic-mens-energising-face-mask-sheet-2\/#primaryimage"},"thumbnailUrl":"https:\/\/manskin.ethos-dev.ch\/wp-content\/uploads\/2022\/01\/1357_0.jpg","datePublished":"2022-01-08T13:01:02+00:00","dateModified":"2025-02-25T07:03:14+00:00","description":"Skin Republic - Men's Energising Face Mask Sheet","breadcrumb":{"@id":"https:\/\/manskin.ethos-dev.ch\/fr\/produkt\/skin-republic-mens-energising-face-mask-sheet-2\/#breadcrumb"},"inLanguage":"fr-FR","potentialAction":[{"@type":"ReadAction","target":["https:\/\/manskin.ethos-dev.ch\/fr\/produkt\/skin-republic-mens-energising-face-mask-sheet-2\/"]}]},{"@type":"ImageObject","inLanguage":"fr-FR","@id":"https:\/\/manskin.ethos-dev.ch\/fr\/produkt\/skin-republic-mens-energising-face-mask-sheet-2\/#primaryimage","url":"https:\/\/manskin.ethos-dev.ch\/wp-content\/uploads\/2022\/01\/1357_0.jpg","contentUrl":"https:\/\/manskin.ethos-dev.ch\/wp-content\/uploads\/2022\/01\/1357_0.jpg","width":800,"height":800},{"@type":"BreadcrumbList","@id":"https:\/\/manskin.ethos-dev.ch\/fr\/produkt\/skin-republic-mens-energising-face-mask-sheet-2\/#breadcrumb","itemListElement":[{"@type":"ListItem","position":1,"name":"Startseite","item":"https:\/\/manskin.ethos-dev.ch\/fr\/"},{"@type":"ListItem","position":2,"name":"Shop","item":"https:\/\/manskin.ethos-dev.ch\/shop\/"},{"@type":"ListItem","position":3,"name":"Skin Republic &#8211; Men&#8217;s Energising Face Mask Sheet"}]},{"@type":"WebSite","@id":"https:\/\/manskin.ethos-dev.ch\/#website","url":"https:\/\/manskin.ethos-dev.ch\/","name":"Manskin.ch","description":"Tous les produits de beaut\u00e9 pour les hommes les plus exigeants","publisher":{"@id":"https:\/\/manskin.ethos-dev.ch\/#organization"},"potentialAction":[{"@type":"SearchAction","target":{"@type":"EntryPoint","urlTemplate":"https:\/\/manskin.ethos-dev.ch\/?s={search_term_string}"},"query-input":{"@type":"PropertyValueSpecification","valueRequired":true,"valueName":"search_term_string"}}],"inLanguage":"fr-FR"},{"@type":"Organization","@id":"https:\/\/manskin.ethos-dev.ch\/#organization","name":"Manskin.ch - der Schweizer Onlineshop f\u00fcr qualit\u00e4tsstarke M\u00e4nnerpflege","url":"https:\/\/manskin.ethos-dev.ch\/","logo":{"@type":"ImageObject","inLanguage":"fr-FR","@id":"https:\/\/manskin.ethos-dev.ch\/#\/schema\/logo\/image\/","url":"https:\/\/manskin.ethos-dev.ch\/wp-content\/uploads\/2021\/04\/cropped-logo_head.png","contentUrl":"https:\/\/manskin.ethos-dev.ch\/wp-content\/uploads\/2021\/04\/cropped-logo_head.png","width":235,"height":75,"caption":"Manskin.ch - der Schweizer Onlineshop f\u00fcr qualit\u00e4tsstarke M\u00e4nnerpflege"},"image":{"@id":"https:\/\/manskin.ethos-dev.ch\/#\/schema\/logo\/image\/"},"sameAs":["https:\/\/www.facebook.com\/manskin.ch","https:\/\/www.instagram.com\/manskin.ch\/"]}]},"product_price_amount":"5.90","product_price_currency":"CHF","og_availability":"instock","product_availability":"instock","product_retailer_item_id":"12882","product_condition":"new"},"brands":[{"id":2781,"name":"Skin Republic","slug":"skin-republic"}],"_links":{"self":[{"href":"https:\/\/manskin.ethos-dev.ch\/fr\/wp-json\/wp\/v2\/product\/19148","targetHints":{"allow":["GET"]}}],"collection":[{"href":"https:\/\/manskin.ethos-dev.ch\/fr\/wp-json\/wp\/v2\/product"}],"about":[{"href":"https:\/\/manskin.ethos-dev.ch\/fr\/wp-json\/wp\/v2\/types\/product"}],"replies":[{"embeddable":true,"href":"https:\/\/manskin.ethos-dev.ch\/fr\/wp-json\/wp\/v2\/comments?post=19148"}],"wp:featuredmedia":[{"embeddable":true,"href":"https:\/\/manskin.ethos-dev.ch\/fr\/wp-json\/wp\/v2\/media\/4396"}],"wp:attachment":[{"href":"https:\/\/manskin.ethos-dev.ch\/fr\/wp-json\/wp\/v2\/media?parent=19148"}],"wp:term":[{"taxonomy":"pwb-brand","embeddable":true,"href":"https:\/\/manskin.ethos-dev.ch\/fr\/wp-json\/wp\/v2\/pwb-brand?post=19148"},{"taxonomy":"product_brand","embeddable":true,"href":"https:\/\/manskin.ethos-dev.ch\/fr\/wp-json\/wp\/v2\/product_brand?post=19148"},{"taxonomy":"product_cat","embeddable":true,"href":"https:\/\/manskin.ethos-dev.ch\/fr\/wp-json\/wp\/v2\/product_cat?post=19148"},{"taxonomy":"product_tag","embeddable":true,"href":"https:\/\/manskin.ethos-dev.ch\/fr\/wp-json\/wp\/v2\/product_tag?post=19148"}],"curies":[{"name":"wp","href":"https:\/\/api.w.org\/{rel}","templated":true}]}}