{"id":19403,"date":"2022-01-08T13:05:10","date_gmt":"2022-01-08T12:05:10","guid":{"rendered":"https:\/\/manskin.ethos-dev.ch\/produkt\/benton-fermentation-essence\/"},"modified":"2025-05-26T08:41:51","modified_gmt":"2025-05-26T06:41:51","slug":"benton-fermentation-essence","status":"publish","type":"product","link":"https:\/\/manskin.ethos-dev.ch\/fr\/produkt\/benton-fermentation-essence\/","title":{"rendered":"Benton &#8211; Fermentation Essence"},"content":{"rendered":"<h2>Benton &#8211; Fermentation Essence<\/h2>\n<ul>\n<li>Fermentation Essence rajeunit ta peau gr\u00e2ce \u00e0 des bact\u00e9ries lactiques naturelles et des c\u00e9ramides.<\/li>\n<li>Elle apaise les irritations et les imperfections dues au stress et prot\u00e8ge la peau contre d&#8217;autres dommages.<\/li>\n<li>L&#8217;Essence dispose d&#8217;ingr\u00e9dients ferment\u00e9s hautement concentr\u00e9s.<\/li>\n<li>La fermentation signifie la production d&#8217;une substance naturelle \u00e0 l&#8217;aide de micro-organismes et de leurs enzymes.<\/li>\n<li>Elle contient de l&#8217;acide hyaluronique pour hydrater la peau et lui apporter des nutriments.<\/li>\n<li>Les pores dilat\u00e9s sont soign\u00e9s, affin\u00e9s et r\u00e9duits. Gr\u00e2ce \u00e0 la formule de soin efficace, la barri\u00e8re cutan\u00e9e est prot\u00e9g\u00e9e et la texture de la peau est affin\u00e9e. La formule active contre les rides en fait \u00e9galement partie.<\/li>\n<li>L&#8217;Essence Ferment\u00e9e est donc un excellent compl\u00e9ment \u00e0 votre soin anti-\u00e2ge pour le visage.<\/li>\n<\/ul>\n<p>Ingr\u00e9dients essentiels:<\/p>\n<ul>\n<li style=\"list-style-type: none;\">\n<ul>\n<li style=\"list-style-type: none;\">\n<ul>\n<li>Galactomyces Ferment Filtrate : humidit\u00e9<\/li>\n<li>Bifida Ferment Lysate : active la r\u00e9paration cellulaire propre \u00e0 la peau<\/li>\n<li>C\u00e9ramides : excellentes sources et r\u00e9servoirs d&#8217;hydratation<\/li>\n<li>RH-Oligopeptide-1 (EGF) : facteur de croissance \u00e9pidermique &#8211; stimule la croissance cellulaire<\/li>\n<\/ul>\n<\/li>\n<\/ul>\n<\/li>\n<\/ul>\n<p>Gr\u00e2ce \u00e0 la formulation naturelle du produit de Benton et \u00e0 l&#8217;absence de colorants et de parfums artificiels, les irritations cutan\u00e9es sont r\u00e9duites au minimum. Ce produit convient donc \u00e0 tous les types de peau.<\/p>\n<p>Application :<br \/>\nPompe 1 \u00e0 2 fois et r\u00e9partis uniform\u00e9ment l&#8217;Essence sur ton visage. Tapote ensuite l\u00e9g\u00e8rement pour optimiser l&#8217;absorption. Tu peux ensuite appliquer ta cr\u00e8me habituelle pour le visage.<\/p>\n<p>Contenu 100 ml.<\/p>\n","protected":false},"excerpt":{"rendered":"<p>Essence r\u00e9g\u00e9n\u00e9ratrice anti-\u00e2ge<\/p>\n","protected":false},"featured_media":3081,"comment_status":"closed","ping_status":"closed","template":"","meta":{"_acf_changed":false},"pwb-brand":[2754],"product_brand":[],"product_cat":[2329,2802],"product_tag":[],"class_list":{"0":"post-19403","1":"product","2":"type-product","3":"status-publish","4":"has-post-thumbnail","6":"pwb-brand-benton","7":"product_cat-hydratants","8":"product_cat-benton-fr","9":"product_shipping_class-standard-fr","10":"pa_hersteller-benton-fr-2","11":"sales-flash-overlay","12":"woocommerce-text-align-center","13":"woocommerce-image-align-center","14":"do-quantity-buttons","15":"has-subscription-plans","17":"first","18":"instock","19":"purchasable","20":"product-type-simple"},"acf":[],"yoast_head":"<!-- This site is optimized with the Yoast SEO Premium plugin v24.8 (Yoast SEO v25.4) - https:\/\/yoast.com\/wordpress\/plugins\/seo\/ -->\n<title>Benton - Fermentation Essence | Manskin.ch<\/title>\n<meta name=\"description\" content=\"Benton - Fermentation Essence\" \/>\n<meta name=\"robots\" content=\"noindex, follow, max-snippet:-1, max-image-preview:large, max-video-preview:-1\" \/>\n<meta property=\"og:locale\" content=\"fr_FR\" \/>\n<meta property=\"og:type\" content=\"article\" \/>\n<meta property=\"og:title\" content=\"Benton - Fermentation Essence\" \/>\n<meta property=\"og:description\" content=\"Benton - Fermentation Essence\" \/>\n<meta property=\"og:url\" content=\"https:\/\/manskin.ethos-dev.ch\/fr\/produkt\/benton-fermentation-essence\/\" \/>\n<meta property=\"og:site_name\" content=\"Manskin.ch\" \/>\n<meta property=\"article:publisher\" content=\"https:\/\/www.facebook.com\/manskin.ch\" \/>\n<meta property=\"article:modified_time\" content=\"2025-05-26T06:41:51+00:00\" \/>\n<meta property=\"og:image\" content=\"https:\/\/manskin.ethos-dev.ch\/wp-content\/uploads\/2022\/01\/1141_0.jpg\" \/>\n\t<meta property=\"og:image:width\" content=\"300\" \/>\n\t<meta property=\"og:image:height\" content=\"300\" \/>\n\t<meta property=\"og:image:type\" content=\"image\/jpeg\" \/>\n<meta name=\"twitter:card\" content=\"summary_large_image\" \/>\n<meta name=\"twitter:label1\" content=\"Prix\" \/>\n\t<meta name=\"twitter:data1\" content=\"35.20&#067;&#072;&#070;\" \/>\n\t<meta name=\"twitter:label2\" content=\"Disponibilit\u00e9\" \/>\n\t<meta name=\"twitter:data2\" content=\"En stock\" \/>\n<script type=\"application\/ld+json\" class=\"yoast-schema-graph\">{\"@context\":\"https:\/\/schema.org\",\"@graph\":[{\"@type\":\"WebPage\",\"@id\":\"https:\/\/manskin.ethos-dev.ch\/fr\/produkt\/benton-fermentation-essence\/\",\"url\":\"https:\/\/manskin.ethos-dev.ch\/fr\/produkt\/benton-fermentation-essence\/\",\"name\":\"Benton - Fermentation Essence | Manskin.ch\",\"isPartOf\":{\"@id\":\"https:\/\/manskin.ethos-dev.ch\/#website\"},\"primaryImageOfPage\":{\"@id\":\"https:\/\/manskin.ethos-dev.ch\/fr\/produkt\/benton-fermentation-essence\/#primaryimage\"},\"image\":{\"@id\":\"https:\/\/manskin.ethos-dev.ch\/fr\/produkt\/benton-fermentation-essence\/#primaryimage\"},\"thumbnailUrl\":\"https:\/\/manskin.ethos-dev.ch\/wp-content\/uploads\/2022\/01\/1141_0.jpg\",\"datePublished\":\"2022-01-08T12:05:10+00:00\",\"dateModified\":\"2025-05-26T06:41:51+00:00\",\"description\":\"Benton - Fermentation Essence\",\"breadcrumb\":{\"@id\":\"https:\/\/manskin.ethos-dev.ch\/fr\/produkt\/benton-fermentation-essence\/#breadcrumb\"},\"inLanguage\":\"fr-FR\",\"potentialAction\":[{\"@type\":\"ReadAction\",\"target\":[\"https:\/\/manskin.ethos-dev.ch\/fr\/produkt\/benton-fermentation-essence\/\"]}]},{\"@type\":\"ImageObject\",\"inLanguage\":\"fr-FR\",\"@id\":\"https:\/\/manskin.ethos-dev.ch\/fr\/produkt\/benton-fermentation-essence\/#primaryimage\",\"url\":\"https:\/\/manskin.ethos-dev.ch\/wp-content\/uploads\/2022\/01\/1141_0.jpg\",\"contentUrl\":\"https:\/\/manskin.ethos-dev.ch\/wp-content\/uploads\/2022\/01\/1141_0.jpg\",\"width\":300,\"height\":300},{\"@type\":\"BreadcrumbList\",\"@id\":\"https:\/\/manskin.ethos-dev.ch\/fr\/produkt\/benton-fermentation-essence\/#breadcrumb\",\"itemListElement\":[{\"@type\":\"ListItem\",\"position\":1,\"name\":\"Startseite\",\"item\":\"https:\/\/manskin.ethos-dev.ch\/fr\/\"},{\"@type\":\"ListItem\",\"position\":2,\"name\":\"Shop\",\"item\":\"https:\/\/manskin.ethos-dev.ch\/shop\/\"},{\"@type\":\"ListItem\",\"position\":3,\"name\":\"Benton &#8211; Fermentation Essence\"}]},{\"@type\":\"WebSite\",\"@id\":\"https:\/\/manskin.ethos-dev.ch\/#website\",\"url\":\"https:\/\/manskin.ethos-dev.ch\/\",\"name\":\"Manskin.ch\",\"description\":\"Tous les produits de beaut\u00e9 pour les hommes les plus exigeants\",\"publisher\":{\"@id\":\"https:\/\/manskin.ethos-dev.ch\/#organization\"},\"potentialAction\":[{\"@type\":\"SearchAction\",\"target\":{\"@type\":\"EntryPoint\",\"urlTemplate\":\"https:\/\/manskin.ethos-dev.ch\/?s={search_term_string}\"},\"query-input\":{\"@type\":\"PropertyValueSpecification\",\"valueRequired\":true,\"valueName\":\"search_term_string\"}}],\"inLanguage\":\"fr-FR\"},{\"@type\":\"Organization\",\"@id\":\"https:\/\/manskin.ethos-dev.ch\/#organization\",\"name\":\"Manskin.ch - der Schweizer Onlineshop f\u00fcr qualit\u00e4tsstarke M\u00e4nnerpflege\",\"url\":\"https:\/\/manskin.ethos-dev.ch\/\",\"logo\":{\"@type\":\"ImageObject\",\"inLanguage\":\"fr-FR\",\"@id\":\"https:\/\/manskin.ethos-dev.ch\/#\/schema\/logo\/image\/\",\"url\":\"https:\/\/manskin.ethos-dev.ch\/wp-content\/uploads\/2021\/04\/cropped-logo_head.png\",\"contentUrl\":\"https:\/\/manskin.ethos-dev.ch\/wp-content\/uploads\/2021\/04\/cropped-logo_head.png\",\"width\":235,\"height\":75,\"caption\":\"Manskin.ch - der Schweizer Onlineshop f\u00fcr qualit\u00e4tsstarke M\u00e4nnerpflege\"},\"image\":{\"@id\":\"https:\/\/manskin.ethos-dev.ch\/#\/schema\/logo\/image\/\"},\"sameAs\":[\"https:\/\/www.facebook.com\/manskin.ch\",\"https:\/\/www.instagram.com\/manskin.ch\/\"]}]}<\/script>\n<meta property=\"product:price:amount\" content=\"35.20\" \/>\n<meta property=\"product:price:currency\" content=\"CHF\" \/>\n<meta property=\"og:availability\" content=\"instock\" \/>\n<meta property=\"product:availability\" content=\"instock\" \/>\n<meta property=\"product:retailer_item_id\" content=\"12580\" \/>\n<meta property=\"product:condition\" content=\"new\" \/>\n<!-- \/ Yoast SEO Premium plugin. -->","yoast_head_json":{"title":"Benton - Fermentation Essence | Manskin.ch","description":"Benton - Fermentation Essence","robots":{"index":"noindex","follow":"follow","max-snippet":"max-snippet:-1","max-image-preview":"max-image-preview:large","max-video-preview":"max-video-preview:-1"},"og_locale":"fr_FR","og_type":"article","og_title":"Benton - Fermentation Essence","og_description":"Benton - Fermentation Essence","og_url":"https:\/\/manskin.ethos-dev.ch\/fr\/produkt\/benton-fermentation-essence\/","og_site_name":"Manskin.ch","article_publisher":"https:\/\/www.facebook.com\/manskin.ch","article_modified_time":"2025-05-26T06:41:51+00:00","og_image":[{"width":300,"height":300,"url":"https:\/\/manskin.ethos-dev.ch\/wp-content\/uploads\/2022\/01\/1141_0.jpg","type":"image\/jpeg"}],"twitter_card":"summary_large_image","twitter_misc":{"Prix":"35.20&#67;&#72;&#70;","Disponibilit\u00e9":"En stock"},"schema":{"@context":"https:\/\/schema.org","@graph":[{"@type":"WebPage","@id":"https:\/\/manskin.ethos-dev.ch\/fr\/produkt\/benton-fermentation-essence\/","url":"https:\/\/manskin.ethos-dev.ch\/fr\/produkt\/benton-fermentation-essence\/","name":"Benton - Fermentation Essence | Manskin.ch","isPartOf":{"@id":"https:\/\/manskin.ethos-dev.ch\/#website"},"primaryImageOfPage":{"@id":"https:\/\/manskin.ethos-dev.ch\/fr\/produkt\/benton-fermentation-essence\/#primaryimage"},"image":{"@id":"https:\/\/manskin.ethos-dev.ch\/fr\/produkt\/benton-fermentation-essence\/#primaryimage"},"thumbnailUrl":"https:\/\/manskin.ethos-dev.ch\/wp-content\/uploads\/2022\/01\/1141_0.jpg","datePublished":"2022-01-08T12:05:10+00:00","dateModified":"2025-05-26T06:41:51+00:00","description":"Benton - Fermentation Essence","breadcrumb":{"@id":"https:\/\/manskin.ethos-dev.ch\/fr\/produkt\/benton-fermentation-essence\/#breadcrumb"},"inLanguage":"fr-FR","potentialAction":[{"@type":"ReadAction","target":["https:\/\/manskin.ethos-dev.ch\/fr\/produkt\/benton-fermentation-essence\/"]}]},{"@type":"ImageObject","inLanguage":"fr-FR","@id":"https:\/\/manskin.ethos-dev.ch\/fr\/produkt\/benton-fermentation-essence\/#primaryimage","url":"https:\/\/manskin.ethos-dev.ch\/wp-content\/uploads\/2022\/01\/1141_0.jpg","contentUrl":"https:\/\/manskin.ethos-dev.ch\/wp-content\/uploads\/2022\/01\/1141_0.jpg","width":300,"height":300},{"@type":"BreadcrumbList","@id":"https:\/\/manskin.ethos-dev.ch\/fr\/produkt\/benton-fermentation-essence\/#breadcrumb","itemListElement":[{"@type":"ListItem","position":1,"name":"Startseite","item":"https:\/\/manskin.ethos-dev.ch\/fr\/"},{"@type":"ListItem","position":2,"name":"Shop","item":"https:\/\/manskin.ethos-dev.ch\/shop\/"},{"@type":"ListItem","position":3,"name":"Benton &#8211; Fermentation Essence"}]},{"@type":"WebSite","@id":"https:\/\/manskin.ethos-dev.ch\/#website","url":"https:\/\/manskin.ethos-dev.ch\/","name":"Manskin.ch","description":"Tous les produits de beaut\u00e9 pour les hommes les plus exigeants","publisher":{"@id":"https:\/\/manskin.ethos-dev.ch\/#organization"},"potentialAction":[{"@type":"SearchAction","target":{"@type":"EntryPoint","urlTemplate":"https:\/\/manskin.ethos-dev.ch\/?s={search_term_string}"},"query-input":{"@type":"PropertyValueSpecification","valueRequired":true,"valueName":"search_term_string"}}],"inLanguage":"fr-FR"},{"@type":"Organization","@id":"https:\/\/manskin.ethos-dev.ch\/#organization","name":"Manskin.ch - der Schweizer Onlineshop f\u00fcr qualit\u00e4tsstarke M\u00e4nnerpflege","url":"https:\/\/manskin.ethos-dev.ch\/","logo":{"@type":"ImageObject","inLanguage":"fr-FR","@id":"https:\/\/manskin.ethos-dev.ch\/#\/schema\/logo\/image\/","url":"https:\/\/manskin.ethos-dev.ch\/wp-content\/uploads\/2021\/04\/cropped-logo_head.png","contentUrl":"https:\/\/manskin.ethos-dev.ch\/wp-content\/uploads\/2021\/04\/cropped-logo_head.png","width":235,"height":75,"caption":"Manskin.ch - der Schweizer Onlineshop f\u00fcr qualit\u00e4tsstarke M\u00e4nnerpflege"},"image":{"@id":"https:\/\/manskin.ethos-dev.ch\/#\/schema\/logo\/image\/"},"sameAs":["https:\/\/www.facebook.com\/manskin.ch","https:\/\/www.instagram.com\/manskin.ch\/"]}]},"product_price_amount":"35.20","product_price_currency":"CHF","og_availability":"instock","product_availability":"instock","product_retailer_item_id":"12580","product_condition":"new"},"brands":[{"id":2754,"name":"Benton","slug":"benton"}],"_links":{"self":[{"href":"https:\/\/manskin.ethos-dev.ch\/fr\/wp-json\/wp\/v2\/product\/19403","targetHints":{"allow":["GET"]}}],"collection":[{"href":"https:\/\/manskin.ethos-dev.ch\/fr\/wp-json\/wp\/v2\/product"}],"about":[{"href":"https:\/\/manskin.ethos-dev.ch\/fr\/wp-json\/wp\/v2\/types\/product"}],"replies":[{"embeddable":true,"href":"https:\/\/manskin.ethos-dev.ch\/fr\/wp-json\/wp\/v2\/comments?post=19403"}],"wp:featuredmedia":[{"embeddable":true,"href":"https:\/\/manskin.ethos-dev.ch\/fr\/wp-json\/wp\/v2\/media\/3081"}],"wp:attachment":[{"href":"https:\/\/manskin.ethos-dev.ch\/fr\/wp-json\/wp\/v2\/media?parent=19403"}],"wp:term":[{"taxonomy":"pwb-brand","embeddable":true,"href":"https:\/\/manskin.ethos-dev.ch\/fr\/wp-json\/wp\/v2\/pwb-brand?post=19403"},{"taxonomy":"product_brand","embeddable":true,"href":"https:\/\/manskin.ethos-dev.ch\/fr\/wp-json\/wp\/v2\/product_brand?post=19403"},{"taxonomy":"product_cat","embeddable":true,"href":"https:\/\/manskin.ethos-dev.ch\/fr\/wp-json\/wp\/v2\/product_cat?post=19403"},{"taxonomy":"product_tag","embeddable":true,"href":"https:\/\/manskin.ethos-dev.ch\/fr\/wp-json\/wp\/v2\/product_tag?post=19403"}],"curies":[{"name":"wp","href":"https:\/\/api.w.org\/{rel}","templated":true}]}}