{"id":19456,"date":"2022-01-08T11:46:37","date_gmt":"2022-01-08T10:46:37","guid":{"rendered":"https:\/\/manskin.ethos-dev.ch\/produkt\/panier-des-sens-deodorant-naturel-a-lhuile-dolive-biologique\/"},"modified":"2025-04-06T22:45:03","modified_gmt":"2025-04-06T20:45:03","slug":"panier-des-sens-deodorant-naturel-a-lhuile-dolive-biologique","status":"publish","type":"product","link":"https:\/\/manskin.ethos-dev.ch\/fr\/produkt\/panier-des-sens-deodorant-naturel-a-lhuile-dolive-biologique\/","title":{"rendered":"Panier des Sens &#8211; D\u00e9odorant naturel"},"content":{"rendered":"<h2>Panier des Sens &#8211; D\u00e9odorant naturel \u00e0 l&#8217;huile d&#8217;olive biologique<\/h2>\n<ul>\n<li>Ce d\u00e9odorant sans alcool compos\u00e9 d&#8217;ingr\u00e9dients 100% naturels absorbe l&#8217;humidit\u00e9 et combat les odeurs.<\/li>\n<li>Offre une protection de 24 heures.<\/li>\n<li>Ne laisse pas de traces blanches.<\/li>\n<li>Principaux ingr\u00e9dients actifs :\n<ul>\n<li>Huile d&#8217;olive biologique de Provence (nourrit et prot\u00e8ge)<\/li>\n<li>Figue de Barbarie biologique (apporte vitalit\u00e9 et \u00e9nergie)<\/li>\n<li>Poudre de bambou (absorbant naturel)<\/li>\n<li>Bisabolol (calmant et apaisant)<\/li>\n<\/ul>\n<\/li>\n<\/ul>\n<p>Les produits de Panier des Sens sont riches en principes actifs et en huiles essentielles et garantis sans :<br \/>\n&#8211; Paraben<br \/>\n&#8211; ph\u00e9noxy\u00e9thanol<br \/>\n&#8211; aluminium<br \/>\n&#8211; \u00e9thanolamines<br \/>\n&#8211; silicones<br \/>\n&#8211; Non test\u00e9 sur les animaux.<\/p>\n<p>Contenu 50 ml.<\/p>\n<p>Panier des Sens est un soin du corps biologique de haut niveau avec le charme du Sud de la France.<\/p>\n","protected":false},"excerpt":{"rendered":"<p>Avec de l&#8217;huile d&#8217;olive biologique<\/p>\n","protected":false},"featured_media":22793,"comment_status":"closed","ping_status":"closed","template":"","meta":{"_acf_changed":false},"pwb-brand":[2771],"product_brand":[],"product_cat":[2358,2388],"product_tag":[],"class_list":{"0":"post-19456","1":"product","2":"type-product","3":"status-publish","4":"has-post-thumbnail","6":"pwb-brand-panier-des-sens","7":"product_cat-edt-deo","8":"product_cat-panier-des-sens-fr","9":"product_shipping_class-standard-fr","10":"pa_ean-3760062889971-fr-2","11":"pa_hersteller-panier-des-sens-fr-2","12":"sales-flash-overlay","13":"woocommerce-text-align-center","14":"woocommerce-image-align-center","15":"do-quantity-buttons","16":"has-subscription-plans","18":"first","19":"instock","20":"sale","21":"purchasable","22":"product-type-simple"},"acf":[],"yoast_head":"<!-- This site is optimized with the Yoast SEO Premium plugin v24.8 (Yoast SEO v25.4) - https:\/\/yoast.com\/wordpress\/plugins\/seo\/ -->\n<title>Panier des Sens - D\u00e9odorant naturel | Manskin.ch<\/title>\n<meta name=\"description\" content=\"Panier des Sens - D\u00e9odorant naturel\" \/>\n<meta name=\"robots\" content=\"noindex, follow, max-snippet:-1, max-image-preview:large, max-video-preview:-1\" \/>\n<meta property=\"og:locale\" content=\"fr_FR\" \/>\n<meta property=\"og:type\" content=\"article\" \/>\n<meta property=\"og:title\" content=\"Panier des Sens - D\u00e9odorant naturel\" \/>\n<meta property=\"og:description\" content=\"Panier des Sens - D\u00e9odorant naturel\" \/>\n<meta property=\"og:url\" content=\"https:\/\/manskin.ethos-dev.ch\/fr\/produkt\/panier-des-sens-deodorant-naturel-a-lhuile-dolive-biologique\/\" \/>\n<meta property=\"og:site_name\" content=\"Manskin.ch\" \/>\n<meta property=\"article:publisher\" content=\"https:\/\/www.facebook.com\/manskin.ch\" \/>\n<meta property=\"article:modified_time\" content=\"2025-04-06T20:45:03+00:00\" \/>\n<meta property=\"og:image\" content=\"https:\/\/manskin.ethos-dev.ch\/wp-content\/uploads\/2022\/01\/Panier-des-Sens-Face-Gel-High-Quality-1.jpg\" \/>\n\t<meta property=\"og:image:width\" content=\"800\" \/>\n\t<meta property=\"og:image:height\" content=\"800\" \/>\n\t<meta property=\"og:image:type\" content=\"image\/jpeg\" \/>\n<meta name=\"twitter:card\" content=\"summary_large_image\" \/>\n<meta name=\"twitter:label1\" content=\"Prix\" \/>\n\t<meta name=\"twitter:data1\" content=\"8.90&#067;&#072;&#070;\" \/>\n\t<meta name=\"twitter:label2\" content=\"Disponibilit\u00e9\" \/>\n\t<meta name=\"twitter:data2\" content=\"En stock\" \/>\n<script type=\"application\/ld+json\" class=\"yoast-schema-graph\">{\"@context\":\"https:\/\/schema.org\",\"@graph\":[{\"@type\":\"WebPage\",\"@id\":\"https:\/\/manskin.ethos-dev.ch\/fr\/produkt\/panier-des-sens-deodorant-naturel-a-lhuile-dolive-biologique\/\",\"url\":\"https:\/\/manskin.ethos-dev.ch\/fr\/produkt\/panier-des-sens-deodorant-naturel-a-lhuile-dolive-biologique\/\",\"name\":\"Panier des Sens - D\u00e9odorant naturel | Manskin.ch\",\"isPartOf\":{\"@id\":\"https:\/\/manskin.ethos-dev.ch\/#website\"},\"primaryImageOfPage\":{\"@id\":\"https:\/\/manskin.ethos-dev.ch\/fr\/produkt\/panier-des-sens-deodorant-naturel-a-lhuile-dolive-biologique\/#primaryimage\"},\"image\":{\"@id\":\"https:\/\/manskin.ethos-dev.ch\/fr\/produkt\/panier-des-sens-deodorant-naturel-a-lhuile-dolive-biologique\/#primaryimage\"},\"thumbnailUrl\":\"https:\/\/manskin.ethos-dev.ch\/wp-content\/uploads\/2022\/01\/Panier-des-Sens-Face-Gel-High-Quality-1.jpg\",\"datePublished\":\"2022-01-08T10:46:37+00:00\",\"dateModified\":\"2025-04-06T20:45:03+00:00\",\"description\":\"Panier des Sens - D\u00e9odorant naturel\",\"breadcrumb\":{\"@id\":\"https:\/\/manskin.ethos-dev.ch\/fr\/produkt\/panier-des-sens-deodorant-naturel-a-lhuile-dolive-biologique\/#breadcrumb\"},\"inLanguage\":\"fr-FR\",\"potentialAction\":[{\"@type\":\"ReadAction\",\"target\":[\"https:\/\/manskin.ethos-dev.ch\/fr\/produkt\/panier-des-sens-deodorant-naturel-a-lhuile-dolive-biologique\/\"]}]},{\"@type\":\"ImageObject\",\"inLanguage\":\"fr-FR\",\"@id\":\"https:\/\/manskin.ethos-dev.ch\/fr\/produkt\/panier-des-sens-deodorant-naturel-a-lhuile-dolive-biologique\/#primaryimage\",\"url\":\"https:\/\/manskin.ethos-dev.ch\/wp-content\/uploads\/2022\/01\/Panier-des-Sens-Face-Gel-High-Quality-1.jpg\",\"contentUrl\":\"https:\/\/manskin.ethos-dev.ch\/wp-content\/uploads\/2022\/01\/Panier-des-Sens-Face-Gel-High-Quality-1.jpg\",\"width\":800,\"height\":800},{\"@type\":\"BreadcrumbList\",\"@id\":\"https:\/\/manskin.ethos-dev.ch\/fr\/produkt\/panier-des-sens-deodorant-naturel-a-lhuile-dolive-biologique\/#breadcrumb\",\"itemListElement\":[{\"@type\":\"ListItem\",\"position\":1,\"name\":\"Startseite\",\"item\":\"https:\/\/manskin.ethos-dev.ch\/fr\/\"},{\"@type\":\"ListItem\",\"position\":2,\"name\":\"Shop\",\"item\":\"https:\/\/manskin.ethos-dev.ch\/shop\/\"},{\"@type\":\"ListItem\",\"position\":3,\"name\":\"Panier des Sens &#8211; D\u00e9odorant naturel\"}]},{\"@type\":\"WebSite\",\"@id\":\"https:\/\/manskin.ethos-dev.ch\/#website\",\"url\":\"https:\/\/manskin.ethos-dev.ch\/\",\"name\":\"Manskin.ch\",\"description\":\"Tous les produits de beaut\u00e9 pour les hommes les plus exigeants\",\"publisher\":{\"@id\":\"https:\/\/manskin.ethos-dev.ch\/#organization\"},\"potentialAction\":[{\"@type\":\"SearchAction\",\"target\":{\"@type\":\"EntryPoint\",\"urlTemplate\":\"https:\/\/manskin.ethos-dev.ch\/?s={search_term_string}\"},\"query-input\":{\"@type\":\"PropertyValueSpecification\",\"valueRequired\":true,\"valueName\":\"search_term_string\"}}],\"inLanguage\":\"fr-FR\"},{\"@type\":\"Organization\",\"@id\":\"https:\/\/manskin.ethos-dev.ch\/#organization\",\"name\":\"Manskin.ch - der Schweizer Onlineshop f\u00fcr qualit\u00e4tsstarke M\u00e4nnerpflege\",\"url\":\"https:\/\/manskin.ethos-dev.ch\/\",\"logo\":{\"@type\":\"ImageObject\",\"inLanguage\":\"fr-FR\",\"@id\":\"https:\/\/manskin.ethos-dev.ch\/#\/schema\/logo\/image\/\",\"url\":\"https:\/\/manskin.ethos-dev.ch\/wp-content\/uploads\/2021\/04\/cropped-logo_head.png\",\"contentUrl\":\"https:\/\/manskin.ethos-dev.ch\/wp-content\/uploads\/2021\/04\/cropped-logo_head.png\",\"width\":235,\"height\":75,\"caption\":\"Manskin.ch - der Schweizer Onlineshop f\u00fcr qualit\u00e4tsstarke M\u00e4nnerpflege\"},\"image\":{\"@id\":\"https:\/\/manskin.ethos-dev.ch\/#\/schema\/logo\/image\/\"},\"sameAs\":[\"https:\/\/www.facebook.com\/manskin.ch\",\"https:\/\/www.instagram.com\/manskin.ch\/\"]}]}<\/script>\n<meta property=\"product:price:amount\" content=\"8.90\" \/>\n<meta property=\"product:price:currency\" content=\"CHF\" \/>\n<meta property=\"og:availability\" content=\"instock\" \/>\n<meta property=\"product:availability\" content=\"instock\" \/>\n<meta property=\"product:retailer_item_id\" content=\"12950\" \/>\n<meta property=\"product:condition\" content=\"new\" \/>\n<!-- \/ Yoast SEO Premium plugin. -->","yoast_head_json":{"title":"Panier des Sens - D\u00e9odorant naturel | Manskin.ch","description":"Panier des Sens - D\u00e9odorant naturel","robots":{"index":"noindex","follow":"follow","max-snippet":"max-snippet:-1","max-image-preview":"max-image-preview:large","max-video-preview":"max-video-preview:-1"},"og_locale":"fr_FR","og_type":"article","og_title":"Panier des Sens - D\u00e9odorant naturel","og_description":"Panier des Sens - D\u00e9odorant naturel","og_url":"https:\/\/manskin.ethos-dev.ch\/fr\/produkt\/panier-des-sens-deodorant-naturel-a-lhuile-dolive-biologique\/","og_site_name":"Manskin.ch","article_publisher":"https:\/\/www.facebook.com\/manskin.ch","article_modified_time":"2025-04-06T20:45:03+00:00","og_image":[{"width":800,"height":800,"url":"https:\/\/manskin.ethos-dev.ch\/wp-content\/uploads\/2022\/01\/Panier-des-Sens-Face-Gel-High-Quality-1.jpg","type":"image\/jpeg"}],"twitter_card":"summary_large_image","twitter_misc":{"Prix":"8.90&#67;&#72;&#70;","Disponibilit\u00e9":"En stock"},"schema":{"@context":"https:\/\/schema.org","@graph":[{"@type":"WebPage","@id":"https:\/\/manskin.ethos-dev.ch\/fr\/produkt\/panier-des-sens-deodorant-naturel-a-lhuile-dolive-biologique\/","url":"https:\/\/manskin.ethos-dev.ch\/fr\/produkt\/panier-des-sens-deodorant-naturel-a-lhuile-dolive-biologique\/","name":"Panier des Sens - D\u00e9odorant naturel | Manskin.ch","isPartOf":{"@id":"https:\/\/manskin.ethos-dev.ch\/#website"},"primaryImageOfPage":{"@id":"https:\/\/manskin.ethos-dev.ch\/fr\/produkt\/panier-des-sens-deodorant-naturel-a-lhuile-dolive-biologique\/#primaryimage"},"image":{"@id":"https:\/\/manskin.ethos-dev.ch\/fr\/produkt\/panier-des-sens-deodorant-naturel-a-lhuile-dolive-biologique\/#primaryimage"},"thumbnailUrl":"https:\/\/manskin.ethos-dev.ch\/wp-content\/uploads\/2022\/01\/Panier-des-Sens-Face-Gel-High-Quality-1.jpg","datePublished":"2022-01-08T10:46:37+00:00","dateModified":"2025-04-06T20:45:03+00:00","description":"Panier des Sens - D\u00e9odorant naturel","breadcrumb":{"@id":"https:\/\/manskin.ethos-dev.ch\/fr\/produkt\/panier-des-sens-deodorant-naturel-a-lhuile-dolive-biologique\/#breadcrumb"},"inLanguage":"fr-FR","potentialAction":[{"@type":"ReadAction","target":["https:\/\/manskin.ethos-dev.ch\/fr\/produkt\/panier-des-sens-deodorant-naturel-a-lhuile-dolive-biologique\/"]}]},{"@type":"ImageObject","inLanguage":"fr-FR","@id":"https:\/\/manskin.ethos-dev.ch\/fr\/produkt\/panier-des-sens-deodorant-naturel-a-lhuile-dolive-biologique\/#primaryimage","url":"https:\/\/manskin.ethos-dev.ch\/wp-content\/uploads\/2022\/01\/Panier-des-Sens-Face-Gel-High-Quality-1.jpg","contentUrl":"https:\/\/manskin.ethos-dev.ch\/wp-content\/uploads\/2022\/01\/Panier-des-Sens-Face-Gel-High-Quality-1.jpg","width":800,"height":800},{"@type":"BreadcrumbList","@id":"https:\/\/manskin.ethos-dev.ch\/fr\/produkt\/panier-des-sens-deodorant-naturel-a-lhuile-dolive-biologique\/#breadcrumb","itemListElement":[{"@type":"ListItem","position":1,"name":"Startseite","item":"https:\/\/manskin.ethos-dev.ch\/fr\/"},{"@type":"ListItem","position":2,"name":"Shop","item":"https:\/\/manskin.ethos-dev.ch\/shop\/"},{"@type":"ListItem","position":3,"name":"Panier des Sens &#8211; D\u00e9odorant naturel"}]},{"@type":"WebSite","@id":"https:\/\/manskin.ethos-dev.ch\/#website","url":"https:\/\/manskin.ethos-dev.ch\/","name":"Manskin.ch","description":"Tous les produits de beaut\u00e9 pour les hommes les plus exigeants","publisher":{"@id":"https:\/\/manskin.ethos-dev.ch\/#organization"},"potentialAction":[{"@type":"SearchAction","target":{"@type":"EntryPoint","urlTemplate":"https:\/\/manskin.ethos-dev.ch\/?s={search_term_string}"},"query-input":{"@type":"PropertyValueSpecification","valueRequired":true,"valueName":"search_term_string"}}],"inLanguage":"fr-FR"},{"@type":"Organization","@id":"https:\/\/manskin.ethos-dev.ch\/#organization","name":"Manskin.ch - der Schweizer Onlineshop f\u00fcr qualit\u00e4tsstarke M\u00e4nnerpflege","url":"https:\/\/manskin.ethos-dev.ch\/","logo":{"@type":"ImageObject","inLanguage":"fr-FR","@id":"https:\/\/manskin.ethos-dev.ch\/#\/schema\/logo\/image\/","url":"https:\/\/manskin.ethos-dev.ch\/wp-content\/uploads\/2021\/04\/cropped-logo_head.png","contentUrl":"https:\/\/manskin.ethos-dev.ch\/wp-content\/uploads\/2021\/04\/cropped-logo_head.png","width":235,"height":75,"caption":"Manskin.ch - der Schweizer Onlineshop f\u00fcr qualit\u00e4tsstarke M\u00e4nnerpflege"},"image":{"@id":"https:\/\/manskin.ethos-dev.ch\/#\/schema\/logo\/image\/"},"sameAs":["https:\/\/www.facebook.com\/manskin.ch","https:\/\/www.instagram.com\/manskin.ch\/"]}]},"product_price_amount":"8.90","product_price_currency":"CHF","og_availability":"instock","product_availability":"instock","product_retailer_item_id":"12950","product_condition":"new"},"brands":[{"id":2771,"name":"Panier des Sens","slug":"panier-des-sens"}],"_links":{"self":[{"href":"https:\/\/manskin.ethos-dev.ch\/fr\/wp-json\/wp\/v2\/product\/19456","targetHints":{"allow":["GET"]}}],"collection":[{"href":"https:\/\/manskin.ethos-dev.ch\/fr\/wp-json\/wp\/v2\/product"}],"about":[{"href":"https:\/\/manskin.ethos-dev.ch\/fr\/wp-json\/wp\/v2\/types\/product"}],"replies":[{"embeddable":true,"href":"https:\/\/manskin.ethos-dev.ch\/fr\/wp-json\/wp\/v2\/comments?post=19456"}],"wp:featuredmedia":[{"embeddable":true,"href":"https:\/\/manskin.ethos-dev.ch\/fr\/wp-json\/wp\/v2\/media\/22793"}],"wp:attachment":[{"href":"https:\/\/manskin.ethos-dev.ch\/fr\/wp-json\/wp\/v2\/media?parent=19456"}],"wp:term":[{"taxonomy":"pwb-brand","embeddable":true,"href":"https:\/\/manskin.ethos-dev.ch\/fr\/wp-json\/wp\/v2\/pwb-brand?post=19456"},{"taxonomy":"product_brand","embeddable":true,"href":"https:\/\/manskin.ethos-dev.ch\/fr\/wp-json\/wp\/v2\/product_brand?post=19456"},{"taxonomy":"product_cat","embeddable":true,"href":"https:\/\/manskin.ethos-dev.ch\/fr\/wp-json\/wp\/v2\/product_cat?post=19456"},{"taxonomy":"product_tag","embeddable":true,"href":"https:\/\/manskin.ethos-dev.ch\/fr\/wp-json\/wp\/v2\/product_tag?post=19456"}],"curies":[{"name":"wp","href":"https:\/\/api.w.org\/{rel}","templated":true}]}}