{"id":19890,"date":"2022-11-17T17:38:56","date_gmt":"2022-11-17T16:38:56","guid":{"rendered":"https:\/\/manskin.ethos-dev.ch\/?post_type=product&#038;p=19890"},"modified":"2024-10-23T00:43:51","modified_gmt":"2024-10-22T22:43:51","slug":"rasoir-rocca-r95-en-acier-ecorce-de-bouleau","status":"publish","type":"product","link":"https:\/\/manskin.ethos-dev.ch\/fr\/produkt\/rasoir-rocca-r95-en-acier-ecorce-de-bouleau\/","title":{"rendered":"M\u00dcHLE &#8211; Rasoir ROCCA R95 en acier &amp; \u00e9corce de bouleau"},"content":{"rendered":"<div class=\"woocommerce-tabs wc-tabs-wrapper\">\n<div aria-labelledby=\"tab-title-description\" class=\"woocommerce-Tabs-panel woocommerce-Tabs-panel--description panel entry-content wc-tab\" id=\"tab-description\" role=\"tabpanel\">\n<h2>M&Uuml;HLE &ndash; Rasoir de s&eacute;curit&eacute; ROCCA R95 en acier inoxydable &amp; &eacute;corce de bouleau<\/h2>\n<ul>\n<li>Rasoir de s&eacute;curit&eacute; peigne ferm&eacute;.<\/li>\n<li>Manche en acier inoxydable et en &eacute;corce de bouleau.<\/li>\n<li>Tout simplement beaux, mais particuli&egrave;rement masculins: ce sont les produits de la ligne ROCCA. Le nom ROCCA (de l&rsquo;italien pour ch&acirc;teau ou forteresse) fait r&eacute;f&eacute;rence au meilleur mat&eacute;riau et &agrave; une tr&egrave;s longue dur&eacute;e de vie.<\/li>\n<li>Gr&acirc;ce &agrave; la forme ergonomique et &agrave; la structure de surface de la poign&eacute;e, le rasoir tient parfaitement dans la main. Cela transforme un rituel quotidien en une petite exp&eacute;rience design&nbsp;pour tous les jours.<\/li>\n<li>Pendant des mill&eacute;naires, l&#39;&eacute;corce de bouleau a eu une importance technique similaire &agrave; celle des mati&egrave;res plastiques de nos jours. Outre sa texture vari&eacute;e, l&#39;&eacute;corce impressionne par son toucher agr&eacute;able, chaud et velout&eacute;.<\/li>\n<li>Le mat&eacute;riau est extr&ecirc;mement durable, tr&egrave;s maniable m&ecirc;me lorsqu&#39;il est mouill&eacute; et particuli&egrave;rement facile &agrave; entretenir.<\/li>\n<\/ul>\n<p>Dimensions: 41 mm x 105 mm Poids: 80 g<\/p>\n<p>Utilisation:<\/p>\n<p>Se raser avec un rasoir de s&eacute;curit&eacute; demande un peu de pratique. La peau a &eacute;galement besoin de temps pour s&rsquo;habituer au rasage. Il est plus facile de commencer avec les conseils suivants: humidifiez la zone de la barbe avec de l&rsquo;eau ti&egrave;de et faites-la bien mousser avec un pinceau. Plus vous faites mousser la barbe, plus il est facile et doux de couper les poils. Si possible, utilisez une cr&egrave;me &agrave; raser ou un savon fortement hydratant, car il facilite le glissement de la lame sur la peau. Assurez-vous que la t&ecirc;te et la poign&eacute;e du rasoir sont fermement attach&eacute;es l&rsquo;une &agrave; l&rsquo;autre. Maintenant, commencez &agrave; vous raser. Placer le rasoir de s&eacute;curit&eacute; sur la peau aussi plat que possible (environ 30&deg;).<\/p>\n<\/div>\n<\/div>\n","protected":false},"excerpt":{"rendered":"<p>Rasoir design avec peigne ferm\u00e9<\/p>\n","protected":false},"featured_media":19894,"comment_status":"closed","ping_status":"closed","template":"","meta":{"_acf_changed":false},"pwb-brand":[2769],"product_brand":[],"product_cat":[2412,2422],"product_tag":[],"class_list":{"0":"post-19890","1":"product","2":"type-product","3":"status-publish","4":"has-post-thumbnail","6":"pwb-brand-muehle","7":"product_cat-muehle-fr","8":"product_cat-rasoir-de-suretee","9":"product_shipping_class-standard-fr","10":"pa_hersteller-muehle-fr-2","11":"sales-flash-overlay","12":"woocommerce-text-align-center","13":"woocommerce-image-align-center","14":"do-quantity-buttons","15":"has-subscription-plans","17":"first","18":"instock","19":"purchasable","20":"product-type-simple"},"acf":[],"yoast_head":"<!-- This site is optimized with the Yoast SEO Premium plugin v24.8 (Yoast SEO v25.4) - https:\/\/yoast.com\/wordpress\/plugins\/seo\/ -->\n<title>M\u00dcHLE - Rasoir ROCCA R95 en acier &amp; \u00e9corce de bouleau | Manskin.ch<\/title>\n<meta name=\"description\" content=\"M\u00dcHLE - Rasoir ROCCA R95 en acier &amp; \u00e9corce de bouleau\" \/>\n<meta name=\"robots\" content=\"noindex, follow, max-snippet:-1, max-image-preview:large, max-video-preview:-1\" \/>\n<meta property=\"og:locale\" content=\"fr_FR\" \/>\n<meta property=\"og:type\" content=\"article\" \/>\n<meta property=\"og:title\" content=\"M\u00dcHLE - Rasoir ROCCA R95 en acier &amp; \u00e9corce de bouleau\" \/>\n<meta property=\"og:description\" content=\"M\u00dcHLE - Rasoir ROCCA R95 en acier &amp; \u00e9corce de bouleau\" \/>\n<meta property=\"og:url\" content=\"https:\/\/manskin.ethos-dev.ch\/fr\/produkt\/rasoir-rocca-r95-en-acier-ecorce-de-bouleau\/\" \/>\n<meta property=\"og:site_name\" content=\"Manskin.ch\" \/>\n<meta property=\"article:publisher\" content=\"https:\/\/www.facebook.com\/manskin.ch\" \/>\n<meta property=\"article:modified_time\" content=\"2024-10-22T22:43:51+00:00\" \/>\n<meta property=\"og:image\" content=\"https:\/\/manskin.ethos-dev.ch\/wp-content\/uploads\/2022\/11\/Rocca_r95.jpeg\" \/>\n\t<meta property=\"og:image:width\" content=\"800\" \/>\n\t<meta property=\"og:image:height\" content=\"800\" \/>\n\t<meta property=\"og:image:type\" content=\"image\/jpeg\" \/>\n<meta name=\"twitter:card\" content=\"summary_large_image\" \/>\n<meta name=\"twitter:label1\" content=\"Prix\" \/>\n\t<meta name=\"twitter:data1\" content=\"109.00&#067;&#072;&#070;\" \/>\n\t<meta name=\"twitter:label2\" content=\"Disponibilit\u00e9\" \/>\n\t<meta name=\"twitter:data2\" content=\"En stock\" \/>\n<script type=\"application\/ld+json\" class=\"yoast-schema-graph\">{\"@context\":\"https:\/\/schema.org\",\"@graph\":[{\"@type\":\"WebPage\",\"@id\":\"https:\/\/manskin.ethos-dev.ch\/fr\/produkt\/rasoir-rocca-r95-en-acier-ecorce-de-bouleau\/\",\"url\":\"https:\/\/manskin.ethos-dev.ch\/fr\/produkt\/rasoir-rocca-r95-en-acier-ecorce-de-bouleau\/\",\"name\":\"M\u00dcHLE - Rasoir ROCCA R95 en acier &amp; \u00e9corce de bouleau | Manskin.ch\",\"isPartOf\":{\"@id\":\"https:\/\/manskin.ethos-dev.ch\/#website\"},\"primaryImageOfPage\":{\"@id\":\"https:\/\/manskin.ethos-dev.ch\/fr\/produkt\/rasoir-rocca-r95-en-acier-ecorce-de-bouleau\/#primaryimage\"},\"image\":{\"@id\":\"https:\/\/manskin.ethos-dev.ch\/fr\/produkt\/rasoir-rocca-r95-en-acier-ecorce-de-bouleau\/#primaryimage\"},\"thumbnailUrl\":\"https:\/\/manskin.ethos-dev.ch\/wp-content\/uploads\/2022\/11\/Rocca_r95.jpeg\",\"datePublished\":\"2022-11-17T16:38:56+00:00\",\"dateModified\":\"2024-10-22T22:43:51+00:00\",\"description\":\"M\u00dcHLE - Rasoir ROCCA R95 en acier &amp; \u00e9corce de bouleau\",\"breadcrumb\":{\"@id\":\"https:\/\/manskin.ethos-dev.ch\/fr\/produkt\/rasoir-rocca-r95-en-acier-ecorce-de-bouleau\/#breadcrumb\"},\"inLanguage\":\"fr-FR\",\"potentialAction\":[{\"@type\":\"ReadAction\",\"target\":[\"https:\/\/manskin.ethos-dev.ch\/fr\/produkt\/rasoir-rocca-r95-en-acier-ecorce-de-bouleau\/\"]}]},{\"@type\":\"ImageObject\",\"inLanguage\":\"fr-FR\",\"@id\":\"https:\/\/manskin.ethos-dev.ch\/fr\/produkt\/rasoir-rocca-r95-en-acier-ecorce-de-bouleau\/#primaryimage\",\"url\":\"https:\/\/manskin.ethos-dev.ch\/wp-content\/uploads\/2022\/11\/Rocca_r95.jpeg\",\"contentUrl\":\"https:\/\/manskin.ethos-dev.ch\/wp-content\/uploads\/2022\/11\/Rocca_r95.jpeg\",\"width\":800,\"height\":800},{\"@type\":\"BreadcrumbList\",\"@id\":\"https:\/\/manskin.ethos-dev.ch\/fr\/produkt\/rasoir-rocca-r95-en-acier-ecorce-de-bouleau\/#breadcrumb\",\"itemListElement\":[{\"@type\":\"ListItem\",\"position\":1,\"name\":\"Startseite\",\"item\":\"https:\/\/manskin.ethos-dev.ch\/fr\/\"},{\"@type\":\"ListItem\",\"position\":2,\"name\":\"Shop\",\"item\":\"https:\/\/manskin.ethos-dev.ch\/shop\/\"},{\"@type\":\"ListItem\",\"position\":3,\"name\":\"M\u00dcHLE &#8211; Rasoir ROCCA R95 en acier &amp; \u00e9corce de bouleau\"}]},{\"@type\":\"WebSite\",\"@id\":\"https:\/\/manskin.ethos-dev.ch\/#website\",\"url\":\"https:\/\/manskin.ethos-dev.ch\/\",\"name\":\"Manskin.ch\",\"description\":\"Tous les produits de beaut\u00e9 pour les hommes les plus exigeants\",\"publisher\":{\"@id\":\"https:\/\/manskin.ethos-dev.ch\/#organization\"},\"potentialAction\":[{\"@type\":\"SearchAction\",\"target\":{\"@type\":\"EntryPoint\",\"urlTemplate\":\"https:\/\/manskin.ethos-dev.ch\/?s={search_term_string}\"},\"query-input\":{\"@type\":\"PropertyValueSpecification\",\"valueRequired\":true,\"valueName\":\"search_term_string\"}}],\"inLanguage\":\"fr-FR\"},{\"@type\":\"Organization\",\"@id\":\"https:\/\/manskin.ethos-dev.ch\/#organization\",\"name\":\"Manskin.ch - der Schweizer Onlineshop f\u00fcr qualit\u00e4tsstarke M\u00e4nnerpflege\",\"url\":\"https:\/\/manskin.ethos-dev.ch\/\",\"logo\":{\"@type\":\"ImageObject\",\"inLanguage\":\"fr-FR\",\"@id\":\"https:\/\/manskin.ethos-dev.ch\/#\/schema\/logo\/image\/\",\"url\":\"https:\/\/manskin.ethos-dev.ch\/wp-content\/uploads\/2021\/04\/cropped-logo_head.png\",\"contentUrl\":\"https:\/\/manskin.ethos-dev.ch\/wp-content\/uploads\/2021\/04\/cropped-logo_head.png\",\"width\":235,\"height\":75,\"caption\":\"Manskin.ch - der Schweizer Onlineshop f\u00fcr qualit\u00e4tsstarke M\u00e4nnerpflege\"},\"image\":{\"@id\":\"https:\/\/manskin.ethos-dev.ch\/#\/schema\/logo\/image\/\"},\"sameAs\":[\"https:\/\/www.facebook.com\/manskin.ch\",\"https:\/\/www.instagram.com\/manskin.ch\/\"]}]}<\/script>\n<meta property=\"product:price:amount\" content=\"109.00\" \/>\n<meta property=\"product:price:currency\" content=\"CHF\" \/>\n<meta property=\"og:availability\" content=\"instock\" \/>\n<meta property=\"product:availability\" content=\"instock\" \/>\n<meta property=\"product:retailer_item_id\" content=\"13152\" \/>\n<meta property=\"product:condition\" content=\"new\" \/>\n<!-- \/ Yoast SEO Premium plugin. -->","yoast_head_json":{"title":"M\u00dcHLE - Rasoir ROCCA R95 en acier &amp; \u00e9corce de bouleau | Manskin.ch","description":"M\u00dcHLE - Rasoir ROCCA R95 en acier &amp; \u00e9corce de bouleau","robots":{"index":"noindex","follow":"follow","max-snippet":"max-snippet:-1","max-image-preview":"max-image-preview:large","max-video-preview":"max-video-preview:-1"},"og_locale":"fr_FR","og_type":"article","og_title":"M\u00dcHLE - Rasoir ROCCA R95 en acier &amp; \u00e9corce de bouleau","og_description":"M\u00dcHLE - Rasoir ROCCA R95 en acier &amp; \u00e9corce de bouleau","og_url":"https:\/\/manskin.ethos-dev.ch\/fr\/produkt\/rasoir-rocca-r95-en-acier-ecorce-de-bouleau\/","og_site_name":"Manskin.ch","article_publisher":"https:\/\/www.facebook.com\/manskin.ch","article_modified_time":"2024-10-22T22:43:51+00:00","og_image":[{"width":800,"height":800,"url":"https:\/\/manskin.ethos-dev.ch\/wp-content\/uploads\/2022\/11\/Rocca_r95.jpeg","type":"image\/jpeg"}],"twitter_card":"summary_large_image","twitter_misc":{"Prix":"109.00&#67;&#72;&#70;","Disponibilit\u00e9":"En stock"},"schema":{"@context":"https:\/\/schema.org","@graph":[{"@type":"WebPage","@id":"https:\/\/manskin.ethos-dev.ch\/fr\/produkt\/rasoir-rocca-r95-en-acier-ecorce-de-bouleau\/","url":"https:\/\/manskin.ethos-dev.ch\/fr\/produkt\/rasoir-rocca-r95-en-acier-ecorce-de-bouleau\/","name":"M\u00dcHLE - Rasoir ROCCA R95 en acier &amp; \u00e9corce de bouleau | Manskin.ch","isPartOf":{"@id":"https:\/\/manskin.ethos-dev.ch\/#website"},"primaryImageOfPage":{"@id":"https:\/\/manskin.ethos-dev.ch\/fr\/produkt\/rasoir-rocca-r95-en-acier-ecorce-de-bouleau\/#primaryimage"},"image":{"@id":"https:\/\/manskin.ethos-dev.ch\/fr\/produkt\/rasoir-rocca-r95-en-acier-ecorce-de-bouleau\/#primaryimage"},"thumbnailUrl":"https:\/\/manskin.ethos-dev.ch\/wp-content\/uploads\/2022\/11\/Rocca_r95.jpeg","datePublished":"2022-11-17T16:38:56+00:00","dateModified":"2024-10-22T22:43:51+00:00","description":"M\u00dcHLE - Rasoir ROCCA R95 en acier &amp; \u00e9corce de bouleau","breadcrumb":{"@id":"https:\/\/manskin.ethos-dev.ch\/fr\/produkt\/rasoir-rocca-r95-en-acier-ecorce-de-bouleau\/#breadcrumb"},"inLanguage":"fr-FR","potentialAction":[{"@type":"ReadAction","target":["https:\/\/manskin.ethos-dev.ch\/fr\/produkt\/rasoir-rocca-r95-en-acier-ecorce-de-bouleau\/"]}]},{"@type":"ImageObject","inLanguage":"fr-FR","@id":"https:\/\/manskin.ethos-dev.ch\/fr\/produkt\/rasoir-rocca-r95-en-acier-ecorce-de-bouleau\/#primaryimage","url":"https:\/\/manskin.ethos-dev.ch\/wp-content\/uploads\/2022\/11\/Rocca_r95.jpeg","contentUrl":"https:\/\/manskin.ethos-dev.ch\/wp-content\/uploads\/2022\/11\/Rocca_r95.jpeg","width":800,"height":800},{"@type":"BreadcrumbList","@id":"https:\/\/manskin.ethos-dev.ch\/fr\/produkt\/rasoir-rocca-r95-en-acier-ecorce-de-bouleau\/#breadcrumb","itemListElement":[{"@type":"ListItem","position":1,"name":"Startseite","item":"https:\/\/manskin.ethos-dev.ch\/fr\/"},{"@type":"ListItem","position":2,"name":"Shop","item":"https:\/\/manskin.ethos-dev.ch\/shop\/"},{"@type":"ListItem","position":3,"name":"M\u00dcHLE &#8211; Rasoir ROCCA R95 en acier &amp; \u00e9corce de bouleau"}]},{"@type":"WebSite","@id":"https:\/\/manskin.ethos-dev.ch\/#website","url":"https:\/\/manskin.ethos-dev.ch\/","name":"Manskin.ch","description":"Tous les produits de beaut\u00e9 pour les hommes les plus exigeants","publisher":{"@id":"https:\/\/manskin.ethos-dev.ch\/#organization"},"potentialAction":[{"@type":"SearchAction","target":{"@type":"EntryPoint","urlTemplate":"https:\/\/manskin.ethos-dev.ch\/?s={search_term_string}"},"query-input":{"@type":"PropertyValueSpecification","valueRequired":true,"valueName":"search_term_string"}}],"inLanguage":"fr-FR"},{"@type":"Organization","@id":"https:\/\/manskin.ethos-dev.ch\/#organization","name":"Manskin.ch - der Schweizer Onlineshop f\u00fcr qualit\u00e4tsstarke M\u00e4nnerpflege","url":"https:\/\/manskin.ethos-dev.ch\/","logo":{"@type":"ImageObject","inLanguage":"fr-FR","@id":"https:\/\/manskin.ethos-dev.ch\/#\/schema\/logo\/image\/","url":"https:\/\/manskin.ethos-dev.ch\/wp-content\/uploads\/2021\/04\/cropped-logo_head.png","contentUrl":"https:\/\/manskin.ethos-dev.ch\/wp-content\/uploads\/2021\/04\/cropped-logo_head.png","width":235,"height":75,"caption":"Manskin.ch - der Schweizer Onlineshop f\u00fcr qualit\u00e4tsstarke M\u00e4nnerpflege"},"image":{"@id":"https:\/\/manskin.ethos-dev.ch\/#\/schema\/logo\/image\/"},"sameAs":["https:\/\/www.facebook.com\/manskin.ch","https:\/\/www.instagram.com\/manskin.ch\/"]}]},"product_price_amount":"109.00","product_price_currency":"CHF","og_availability":"instock","product_availability":"instock","product_retailer_item_id":"13152","product_condition":"new"},"brands":[{"id":2769,"name":"M\u00dcHLE","slug":"muehle"}],"_links":{"self":[{"href":"https:\/\/manskin.ethos-dev.ch\/fr\/wp-json\/wp\/v2\/product\/19890","targetHints":{"allow":["GET"]}}],"collection":[{"href":"https:\/\/manskin.ethos-dev.ch\/fr\/wp-json\/wp\/v2\/product"}],"about":[{"href":"https:\/\/manskin.ethos-dev.ch\/fr\/wp-json\/wp\/v2\/types\/product"}],"replies":[{"embeddable":true,"href":"https:\/\/manskin.ethos-dev.ch\/fr\/wp-json\/wp\/v2\/comments?post=19890"}],"wp:featuredmedia":[{"embeddable":true,"href":"https:\/\/manskin.ethos-dev.ch\/fr\/wp-json\/wp\/v2\/media\/19894"}],"wp:attachment":[{"href":"https:\/\/manskin.ethos-dev.ch\/fr\/wp-json\/wp\/v2\/media?parent=19890"}],"wp:term":[{"taxonomy":"pwb-brand","embeddable":true,"href":"https:\/\/manskin.ethos-dev.ch\/fr\/wp-json\/wp\/v2\/pwb-brand?post=19890"},{"taxonomy":"product_brand","embeddable":true,"href":"https:\/\/manskin.ethos-dev.ch\/fr\/wp-json\/wp\/v2\/product_brand?post=19890"},{"taxonomy":"product_cat","embeddable":true,"href":"https:\/\/manskin.ethos-dev.ch\/fr\/wp-json\/wp\/v2\/product_cat?post=19890"},{"taxonomy":"product_tag","embeddable":true,"href":"https:\/\/manskin.ethos-dev.ch\/fr\/wp-json\/wp\/v2\/product_tag?post=19890"}],"curies":[{"name":"wp","href":"https:\/\/api.w.org\/{rel}","templated":true}]}}