{"id":20158,"date":"2022-12-14T18:06:05","date_gmt":"2022-12-14T17:06:05","guid":{"rendered":"https:\/\/manskin.ethos-dev.ch\/?post_type=product&#038;p=20158"},"modified":"2025-05-21T18:35:42","modified_gmt":"2025-05-21T16:35:42","slug":"the-scientist-coffret-cadeau-gamme-complete","status":"publish","type":"product","link":"https:\/\/manskin.ethos-dev.ch\/fr\/produkt\/the-scientist-coffret-cadeau-gamme-complete\/","title":{"rendered":"The Scientist &#8211; Coffret cadeau avec la gamme compl\u00e8te"},"content":{"rendered":"<h2>Coffret cadeau avec la gamme compl\u00e8te de soins pour hommes<\/h2>\n<p>Ce kit contient les 7 produits de soin pour hommes de The Scientist.<\/p>\n<h3><span style=\"color: #ff9900;\">S\u00e9rum anti-rides:\u00a0<\/span><\/h3>\n<ul>\n<li>Hautement concentr\u00e9 en principes actifs antioxydants, le s\u00e9rum anti-rides d&#8217;active combat le vieillissement de la peau, nourrit et r\u00e9pare l&#8217;\u00e9piderme.<\/li>\n<li>Id\u00e9al en d\u00e9but de journ\u00e9e, il donne \u00e0 ta peau un \u00e9clat sain et la fait rayonner.<\/li>\n<\/ul>\n<p>Application: Matin et soir, apr\u00e8s le gel contour des yeux de The Scientist, appliquer le s\u00e9rum sur la peau nettoy\u00e9e. Appliquer le soin sur l&#8217;ensemble du visage et du cou. Laisser agir quelques secondes, puis appliquer la cr\u00e8me de jour et de nuit.<\/p>\n<p>Principes actifs : aloe vera, beurre de cupua\u00e7u, hamam\u00e9lis, extraits d&#8217;algues et d&#8217;algues marines, huiles de tournesol, d&#8217;amande douce et de houblon, D-panth\u00e9nol, bisabolol, l\u00e9cithine v\u00e9g\u00e9tale, vitamines E &#038; C.<\/p>\n<h3><span style=\"color: #ff9900;\">Gel contour des yeux:\u00a0<\/span><\/h3>\n<ul>\n<li>Le gel contour des yeux de The Scientist a \u00e9t\u00e9 sp\u00e9cialement con\u00e7u pour la zone sensible du contour des yeux et lutte contre les signes de vieillissement en rendant la peau plus ferme et plus lumineuse.<\/li>\n<li>De plus, gr\u00e2ce \u00e0 son action raffermissante et anti-cernes, les yeux sont \u00e9clatants et repos\u00e9s.<\/li>\n<\/ul>\n<p>Application: appliquer le gel contour des yeux matin et soir avant le soin quotidien en tapotant l\u00e9g\u00e8rement. Pour un effet anti-fatigue imm\u00e9diat, place le produit au r\u00e9frig\u00e9rateur pour obtenir une texture encore plus fra\u00eeche.<\/p>\n<p>Principes actifs\u00a0 aloe vera, acide hyaluronique, gomme de caroube, extraits de cynorrhodon, hamam\u00e9lis, extraits de sauge, D-panth\u00e9nol.<\/p>\n<h3><span style=\"color: #ff9900;\">Cr\u00e8me de jour et de nuit:\u00a0<\/span><\/h3>\n<ul>\n<li>La cr\u00e8me de jour et de nuit lutte contre les rides et la perte de fermet\u00e9.<\/li>\n<li>Le matin, elle hydrate et prot\u00e8ge la peau contre les agressions ext\u00e9rieures telles que la pollution et les toxines.<\/li>\n<li>Le soir, elle nourrit et r\u00e9g\u00e9n\u00e8re le tissu cutan\u00e9 en profondeur.<\/li>\n<\/ul>\n<p>Applique la cr\u00e8me matin et soir apr\u00e8s avoir utilis\u00e9 le s\u00e9rum anti-rides ou le Q10 Shot. Applique la cr\u00e8me sur l&#8217;ensemble du visage jusqu&#8217;au cou en \u00e9vitant le contour des yeux.<\/p>\n<p>Principes actifs: aloe vera, beurre de karit\u00e9, acide hyaluronique, coenzyme Q10, huiles d&#8217;amande douce, d&#8217;abricot, de houblon, de tournesol et de ma\u00efs, cire d&#8217;abeille, l\u00e9cithine v\u00e9g\u00e9tale, D-panth\u00e9nol, vitamines A, C &#038; E.<\/p>\n<h3><span style=\"color: #ff9900;\">Shot de Q10 :\u00a0<\/span><\/h3>\n<ul>\n<li>Hautement concentr\u00e9 en Q10, un antioxydant connu pour lutter contre les radicaux libres responsables du vieillissement de la peau, le Q10 Shot rem\u00e9die au d\u00e9clin naturel de la production de Q10 par l&#8217;organisme pour lutter intens\u00e9ment contre les signes du temps.<\/li>\n<li>Il soutient \u00e0 la fois les m\u00e9canismes de d\u00e9fense naturels de l&#8217;\u00e9piderme et le m\u00e9tabolisme \u00e9nerg\u00e9tique des cellules.<\/li>\n<li>Un v\u00e9ritable must-have pour revitaliser ta peau.<\/li>\n<\/ul>\n<p>Application: applique le Q10 Shot le soir, 2 \u00e0 4 fois par semaine, \u00e0 la place du s\u00e9rum anti-rides de The Scientist. Il peut \u00eatre appliqu\u00e9 localement sur les rides profondes ou sur l&#8217;ensemble du visage. Applique ensuite la cr\u00e8me de jour et de nuit.<\/p>\n<p>Principes actifs: coenzyme Q10, l\u00e9cithine v\u00e9g\u00e9tale, vitamines C &#038; E.<\/p>\n<h3><span style=\"color: #ff9900;\">Exfoliant pour le visage:\u00a0<\/span><\/h3>\n<ul>\n<li>Gr\u00e2ce \u00e0 ses perles de cire de jojoba, l&#8217;exfoliant pour le visage nettoie ta peau et \u00e9limine les impuret\u00e9s en profondeur.<\/li>\n<li>La texture de ta peau est affin\u00e9e et les pores sont resserr\u00e9s, ce qui rend ta peau plus fra\u00eeche et plus lisse.<\/li>\n<\/ul>\n<p>Applique le gommage sur la peau nettoy\u00e9e et pr\u00e9alablement humidifi\u00e9e, en \u00e9vitant le contour des yeux. Masse en effectuant des mouvements circulaires, rince et s\u00e8che. Utilise ensuite le masque pour le visage (Face Mask).<\/p>\n<p>Pour les peaux s\u00e8ches et sensibles: 1 fois par semaine.\u00a0 Pour les peaux mixtes ou grasses : 2-3 fois par semaine.<\/p>\n<p>Principes actifs: perles de cire de jojoba, beurre de karit\u00e9, huiles d&#8217;amande douce et de tournesol, extraits de camomille, prot\u00e9ines de bl\u00e9, l\u00e9cithine v\u00e9g\u00e9tale.<\/p>\n<h3><span style=\"color: #ff9900;\">Masque pour le visage:\u00a0<\/span><\/h3>\n<ul>\n<li>Enrichi en acide hyaluronique et en vitamine E, le masque pour le visage de The Scientist assure une hydratation profonde et am\u00e9liore l&#8217;\u00e9lasticit\u00e9 de ta peau.<\/li>\n<li>D\u00e8s la premi\u00e8re application, ta peau est embellie. Il donne \u00e0 ton visage un v\u00e9ritable coup de fouet.<\/li>\n<\/ul>\n<p>Application: applique le masque sur tout le visage apr\u00e8s avoir utilis\u00e9 le gommage pour le visage (Face Scrub), en \u00e9vitant le contour des yeux. Laisse agir pendant 10 minutes, puis rince ou \u00e9limine l&#8217;exc\u00e9dent avec un coton. Pour obtenir de meilleurs r\u00e9sultats, utilise le masque le soir et laisse-le agir toute la nuit.<\/p>\n<p>Utiliser 2 \u00e0 3 fois par semaine.<\/p>\n<p>Principes actifs: Acide hyaluronique, beurre de karit\u00e9, huile d&#8217;amande douce et de tournesol, squalane v\u00e9g\u00e9tal, cire d&#8217;abeille, vitamine E.<\/p>\n<h3><span style=\"color: #ff9900;\">Gel douche:<\/span><\/h3>\n<ul>\n<li>Avec son parfum sensuel et irr\u00e9sistible, le gel douche apporte de l&#8217;\u00e9nergie et procure une sensation de fra\u00eecheur durable.<\/li>\n<li>Sa texture douce et l\u00e9g\u00e8re hydrate et tonifie ta peau tout en \u00e9vitant le dess\u00e8chement.<\/li>\n<\/ul>\n<p>Application: Id\u00e9al pour bien commencer la journ\u00e9e et apr\u00e8s le sport.<\/p>\n<p>Principes actifs : extraits de noix de coco, prot\u00e9ines de bl\u00e9, D-panth\u00e9nol.<\/p>\n","protected":false},"excerpt":{"rendered":"<p>Tous les produits pour une peau masculine fra\u00eeche et soign\u00e9e<\/p>\n","protected":false},"featured_media":20161,"comment_status":"closed","ping_status":"closed","template":"","meta":{"_acf_changed":false},"pwb-brand":[2788],"product_brand":[],"product_cat":[2326,1930,2332,2572],"product_tag":[],"class_list":{"0":"post-20158","1":"product","2":"type-product","3":"status-publish","4":"has-post-thumbnail","6":"pwb-brand-the-scientist","7":"product_cat-cadeaux","8":"product_cat-anti-age","9":"product_cat-set-de-visage","10":"product_cat-the-scientist-fr","11":"product_shipping_class-standard-fr","12":"sales-flash-overlay","13":"woocommerce-text-align-center","14":"woocommerce-image-align-center","15":"do-quantity-buttons","16":"wc-has-gallery","17":"has-subscription-plans","19":"first","20":"instock","21":"taxable","22":"shipping-taxable","23":"purchasable","24":"product-type-simple"},"acf":[],"yoast_head":"<!-- This site is optimized with the Yoast SEO Premium plugin v24.8 (Yoast SEO v25.4) - https:\/\/yoast.com\/wordpress\/plugins\/seo\/ -->\n<title>Le s\u00e9rum anti-\u00e2ge The Scientist lutte contre le vieillissement de la peau, Manskin.ch<\/title>\n<meta name=\"description\" content=\"Hochkonzentriert an antioxidativen Wirkstoffen, bek\u00e4mpft das Anti-Falten Serum von The Scientist aktiv die Hautalterung\" \/>\n<meta name=\"robots\" content=\"noindex, follow, max-snippet:-1, max-image-preview:large, max-video-preview:-1\" \/>\n<meta property=\"og:locale\" content=\"fr_FR\" \/>\n<meta property=\"og:type\" content=\"article\" \/>\n<meta property=\"og:title\" content=\"The Scientist - Coffret cadeau avec la gamme compl\u00e8te\" \/>\n<meta property=\"og:description\" content=\"Hochkonzentriert an antioxidativen Wirkstoffen, bek\u00e4mpft das Anti-Falten Serum von The Scientist aktiv die Hautalterung\" \/>\n<meta property=\"og:url\" content=\"https:\/\/manskin.ethos-dev.ch\/fr\/produkt\/the-scientist-coffret-cadeau-gamme-complete\/\" \/>\n<meta property=\"og:site_name\" content=\"Manskin.ch\" \/>\n<meta property=\"article:publisher\" content=\"https:\/\/www.facebook.com\/manskin.ch\" \/>\n<meta property=\"article:modified_time\" content=\"2025-05-21T16:35:42+00:00\" \/>\n<meta property=\"og:image\" content=\"https:\/\/manskin.ethos-dev.ch\/wp-content\/uploads\/2022\/12\/scientist_group_box.jpg\" \/>\n\t<meta property=\"og:image:width\" content=\"800\" \/>\n\t<meta property=\"og:image:height\" content=\"800\" \/>\n\t<meta property=\"og:image:type\" content=\"image\/jpeg\" \/>\n<meta name=\"twitter:card\" content=\"summary_large_image\" \/>\n<meta name=\"twitter:label1\" content=\"Prix\" \/>\n\t<meta name=\"twitter:data1\" content=\"194.90&#067;&#072;&#070;\" \/>\n\t<meta name=\"twitter:label2\" content=\"Disponibilit\u00e9\" \/>\n\t<meta name=\"twitter:data2\" content=\"En stock\" \/>\n<script type=\"application\/ld+json\" class=\"yoast-schema-graph\">{\"@context\":\"https:\/\/schema.org\",\"@graph\":[{\"@type\":\"WebPage\",\"@id\":\"https:\/\/manskin.ethos-dev.ch\/fr\/produkt\/the-scientist-coffret-cadeau-gamme-complete\/\",\"url\":\"https:\/\/manskin.ethos-dev.ch\/fr\/produkt\/the-scientist-coffret-cadeau-gamme-complete\/\",\"name\":\"Le s\u00e9rum anti-\u00e2ge The Scientist lutte contre le vieillissement de la peau, Manskin.ch\",\"isPartOf\":{\"@id\":\"https:\/\/manskin.ethos-dev.ch\/#website\"},\"primaryImageOfPage\":{\"@id\":\"https:\/\/manskin.ethos-dev.ch\/fr\/produkt\/the-scientist-coffret-cadeau-gamme-complete\/#primaryimage\"},\"image\":{\"@id\":\"https:\/\/manskin.ethos-dev.ch\/fr\/produkt\/the-scientist-coffret-cadeau-gamme-complete\/#primaryimage\"},\"thumbnailUrl\":\"https:\/\/manskin.ethos-dev.ch\/wp-content\/uploads\/2022\/12\/scientist_group_box.jpg\",\"datePublished\":\"2022-12-14T17:06:05+00:00\",\"dateModified\":\"2025-05-21T16:35:42+00:00\",\"description\":\"Hochkonzentriert an antioxidativen Wirkstoffen, bek\u00e4mpft das Anti-Falten Serum von The Scientist aktiv die Hautalterung\",\"breadcrumb\":{\"@id\":\"https:\/\/manskin.ethos-dev.ch\/fr\/produkt\/the-scientist-coffret-cadeau-gamme-complete\/#breadcrumb\"},\"inLanguage\":\"fr-FR\",\"potentialAction\":[{\"@type\":\"ReadAction\",\"target\":[\"https:\/\/manskin.ethos-dev.ch\/fr\/produkt\/the-scientist-coffret-cadeau-gamme-complete\/\"]}]},{\"@type\":\"ImageObject\",\"inLanguage\":\"fr-FR\",\"@id\":\"https:\/\/manskin.ethos-dev.ch\/fr\/produkt\/the-scientist-coffret-cadeau-gamme-complete\/#primaryimage\",\"url\":\"https:\/\/manskin.ethos-dev.ch\/wp-content\/uploads\/2022\/12\/scientist_group_box.jpg\",\"contentUrl\":\"https:\/\/manskin.ethos-dev.ch\/wp-content\/uploads\/2022\/12\/scientist_group_box.jpg\",\"width\":800,\"height\":800},{\"@type\":\"BreadcrumbList\",\"@id\":\"https:\/\/manskin.ethos-dev.ch\/fr\/produkt\/the-scientist-coffret-cadeau-gamme-complete\/#breadcrumb\",\"itemListElement\":[{\"@type\":\"ListItem\",\"position\":1,\"name\":\"Startseite\",\"item\":\"https:\/\/manskin.ethos-dev.ch\/fr\/\"},{\"@type\":\"ListItem\",\"position\":2,\"name\":\"Shop\",\"item\":\"https:\/\/manskin.ethos-dev.ch\/shop\/\"},{\"@type\":\"ListItem\",\"position\":3,\"name\":\"The Scientist &#8211; Coffret cadeau avec la gamme compl\u00e8te\"}]},{\"@type\":\"WebSite\",\"@id\":\"https:\/\/manskin.ethos-dev.ch\/#website\",\"url\":\"https:\/\/manskin.ethos-dev.ch\/\",\"name\":\"Manskin.ch\",\"description\":\"Tous les produits de beaut\u00e9 pour les hommes les plus exigeants\",\"publisher\":{\"@id\":\"https:\/\/manskin.ethos-dev.ch\/#organization\"},\"potentialAction\":[{\"@type\":\"SearchAction\",\"target\":{\"@type\":\"EntryPoint\",\"urlTemplate\":\"https:\/\/manskin.ethos-dev.ch\/?s={search_term_string}\"},\"query-input\":{\"@type\":\"PropertyValueSpecification\",\"valueRequired\":true,\"valueName\":\"search_term_string\"}}],\"inLanguage\":\"fr-FR\"},{\"@type\":\"Organization\",\"@id\":\"https:\/\/manskin.ethos-dev.ch\/#organization\",\"name\":\"Manskin.ch - der Schweizer Onlineshop f\u00fcr qualit\u00e4tsstarke M\u00e4nnerpflege\",\"url\":\"https:\/\/manskin.ethos-dev.ch\/\",\"logo\":{\"@type\":\"ImageObject\",\"inLanguage\":\"fr-FR\",\"@id\":\"https:\/\/manskin.ethos-dev.ch\/#\/schema\/logo\/image\/\",\"url\":\"https:\/\/manskin.ethos-dev.ch\/wp-content\/uploads\/2021\/04\/cropped-logo_head.png\",\"contentUrl\":\"https:\/\/manskin.ethos-dev.ch\/wp-content\/uploads\/2021\/04\/cropped-logo_head.png\",\"width\":235,\"height\":75,\"caption\":\"Manskin.ch - der Schweizer Onlineshop f\u00fcr qualit\u00e4tsstarke M\u00e4nnerpflege\"},\"image\":{\"@id\":\"https:\/\/manskin.ethos-dev.ch\/#\/schema\/logo\/image\/\"},\"sameAs\":[\"https:\/\/www.facebook.com\/manskin.ch\",\"https:\/\/www.instagram.com\/manskin.ch\/\"]}]}<\/script>\n<meta property=\"product:price:amount\" content=\"194.90\" \/>\n<meta property=\"product:price:currency\" content=\"CHF\" \/>\n<meta property=\"og:availability\" content=\"instock\" \/>\n<meta property=\"product:availability\" content=\"instock\" \/>\n<meta property=\"product:retailer_item_id\" content=\"13161\" \/>\n<meta property=\"product:condition\" content=\"new\" \/>\n<!-- \/ Yoast SEO Premium plugin. -->","yoast_head_json":{"title":"Le s\u00e9rum anti-\u00e2ge The Scientist lutte contre le vieillissement de la peau, Manskin.ch","description":"Hochkonzentriert an antioxidativen Wirkstoffen, bek\u00e4mpft das Anti-Falten Serum von The Scientist aktiv die Hautalterung","robots":{"index":"noindex","follow":"follow","max-snippet":"max-snippet:-1","max-image-preview":"max-image-preview:large","max-video-preview":"max-video-preview:-1"},"og_locale":"fr_FR","og_type":"article","og_title":"The Scientist - Coffret cadeau avec la gamme compl\u00e8te","og_description":"Hochkonzentriert an antioxidativen Wirkstoffen, bek\u00e4mpft das Anti-Falten Serum von The Scientist aktiv die Hautalterung","og_url":"https:\/\/manskin.ethos-dev.ch\/fr\/produkt\/the-scientist-coffret-cadeau-gamme-complete\/","og_site_name":"Manskin.ch","article_publisher":"https:\/\/www.facebook.com\/manskin.ch","article_modified_time":"2025-05-21T16:35:42+00:00","og_image":[{"width":800,"height":800,"url":"https:\/\/manskin.ethos-dev.ch\/wp-content\/uploads\/2022\/12\/scientist_group_box.jpg","type":"image\/jpeg"}],"twitter_card":"summary_large_image","twitter_misc":{"Prix":"194.90&#67;&#72;&#70;","Disponibilit\u00e9":"En stock"},"schema":{"@context":"https:\/\/schema.org","@graph":[{"@type":"WebPage","@id":"https:\/\/manskin.ethos-dev.ch\/fr\/produkt\/the-scientist-coffret-cadeau-gamme-complete\/","url":"https:\/\/manskin.ethos-dev.ch\/fr\/produkt\/the-scientist-coffret-cadeau-gamme-complete\/","name":"Le s\u00e9rum anti-\u00e2ge The Scientist lutte contre le vieillissement de la peau, Manskin.ch","isPartOf":{"@id":"https:\/\/manskin.ethos-dev.ch\/#website"},"primaryImageOfPage":{"@id":"https:\/\/manskin.ethos-dev.ch\/fr\/produkt\/the-scientist-coffret-cadeau-gamme-complete\/#primaryimage"},"image":{"@id":"https:\/\/manskin.ethos-dev.ch\/fr\/produkt\/the-scientist-coffret-cadeau-gamme-complete\/#primaryimage"},"thumbnailUrl":"https:\/\/manskin.ethos-dev.ch\/wp-content\/uploads\/2022\/12\/scientist_group_box.jpg","datePublished":"2022-12-14T17:06:05+00:00","dateModified":"2025-05-21T16:35:42+00:00","description":"Hochkonzentriert an antioxidativen Wirkstoffen, bek\u00e4mpft das Anti-Falten Serum von The Scientist aktiv die Hautalterung","breadcrumb":{"@id":"https:\/\/manskin.ethos-dev.ch\/fr\/produkt\/the-scientist-coffret-cadeau-gamme-complete\/#breadcrumb"},"inLanguage":"fr-FR","potentialAction":[{"@type":"ReadAction","target":["https:\/\/manskin.ethos-dev.ch\/fr\/produkt\/the-scientist-coffret-cadeau-gamme-complete\/"]}]},{"@type":"ImageObject","inLanguage":"fr-FR","@id":"https:\/\/manskin.ethos-dev.ch\/fr\/produkt\/the-scientist-coffret-cadeau-gamme-complete\/#primaryimage","url":"https:\/\/manskin.ethos-dev.ch\/wp-content\/uploads\/2022\/12\/scientist_group_box.jpg","contentUrl":"https:\/\/manskin.ethos-dev.ch\/wp-content\/uploads\/2022\/12\/scientist_group_box.jpg","width":800,"height":800},{"@type":"BreadcrumbList","@id":"https:\/\/manskin.ethos-dev.ch\/fr\/produkt\/the-scientist-coffret-cadeau-gamme-complete\/#breadcrumb","itemListElement":[{"@type":"ListItem","position":1,"name":"Startseite","item":"https:\/\/manskin.ethos-dev.ch\/fr\/"},{"@type":"ListItem","position":2,"name":"Shop","item":"https:\/\/manskin.ethos-dev.ch\/shop\/"},{"@type":"ListItem","position":3,"name":"The Scientist &#8211; Coffret cadeau avec la gamme compl\u00e8te"}]},{"@type":"WebSite","@id":"https:\/\/manskin.ethos-dev.ch\/#website","url":"https:\/\/manskin.ethos-dev.ch\/","name":"Manskin.ch","description":"Tous les produits de beaut\u00e9 pour les hommes les plus exigeants","publisher":{"@id":"https:\/\/manskin.ethos-dev.ch\/#organization"},"potentialAction":[{"@type":"SearchAction","target":{"@type":"EntryPoint","urlTemplate":"https:\/\/manskin.ethos-dev.ch\/?s={search_term_string}"},"query-input":{"@type":"PropertyValueSpecification","valueRequired":true,"valueName":"search_term_string"}}],"inLanguage":"fr-FR"},{"@type":"Organization","@id":"https:\/\/manskin.ethos-dev.ch\/#organization","name":"Manskin.ch - der Schweizer Onlineshop f\u00fcr qualit\u00e4tsstarke M\u00e4nnerpflege","url":"https:\/\/manskin.ethos-dev.ch\/","logo":{"@type":"ImageObject","inLanguage":"fr-FR","@id":"https:\/\/manskin.ethos-dev.ch\/#\/schema\/logo\/image\/","url":"https:\/\/manskin.ethos-dev.ch\/wp-content\/uploads\/2021\/04\/cropped-logo_head.png","contentUrl":"https:\/\/manskin.ethos-dev.ch\/wp-content\/uploads\/2021\/04\/cropped-logo_head.png","width":235,"height":75,"caption":"Manskin.ch - der Schweizer Onlineshop f\u00fcr qualit\u00e4tsstarke M\u00e4nnerpflege"},"image":{"@id":"https:\/\/manskin.ethos-dev.ch\/#\/schema\/logo\/image\/"},"sameAs":["https:\/\/www.facebook.com\/manskin.ch","https:\/\/www.instagram.com\/manskin.ch\/"]}]},"product_price_amount":"194.90","product_price_currency":"CHF","og_availability":"instock","product_availability":"instock","product_retailer_item_id":"13161","product_condition":"new"},"brands":[{"id":2788,"name":"The Scientist","slug":"the-scientist"}],"_links":{"self":[{"href":"https:\/\/manskin.ethos-dev.ch\/fr\/wp-json\/wp\/v2\/product\/20158","targetHints":{"allow":["GET"]}}],"collection":[{"href":"https:\/\/manskin.ethos-dev.ch\/fr\/wp-json\/wp\/v2\/product"}],"about":[{"href":"https:\/\/manskin.ethos-dev.ch\/fr\/wp-json\/wp\/v2\/types\/product"}],"replies":[{"embeddable":true,"href":"https:\/\/manskin.ethos-dev.ch\/fr\/wp-json\/wp\/v2\/comments?post=20158"}],"wp:featuredmedia":[{"embeddable":true,"href":"https:\/\/manskin.ethos-dev.ch\/fr\/wp-json\/wp\/v2\/media\/20161"}],"wp:attachment":[{"href":"https:\/\/manskin.ethos-dev.ch\/fr\/wp-json\/wp\/v2\/media?parent=20158"}],"wp:term":[{"taxonomy":"pwb-brand","embeddable":true,"href":"https:\/\/manskin.ethos-dev.ch\/fr\/wp-json\/wp\/v2\/pwb-brand?post=20158"},{"taxonomy":"product_brand","embeddable":true,"href":"https:\/\/manskin.ethos-dev.ch\/fr\/wp-json\/wp\/v2\/product_brand?post=20158"},{"taxonomy":"product_cat","embeddable":true,"href":"https:\/\/manskin.ethos-dev.ch\/fr\/wp-json\/wp\/v2\/product_cat?post=20158"},{"taxonomy":"product_tag","embeddable":true,"href":"https:\/\/manskin.ethos-dev.ch\/fr\/wp-json\/wp\/v2\/product_tag?post=20158"}],"curies":[{"name":"wp","href":"https:\/\/api.w.org\/{rel}","templated":true}]}}