{"id":20169,"date":"2022-12-14T21:37:59","date_gmt":"2022-12-14T20:37:59","guid":{"rendered":"https:\/\/manskin.ethos-dev.ch\/?post_type=product&#038;p=20169"},"modified":"2025-02-25T08:15:13","modified_gmt":"2025-02-25T07:15:13","slug":"scientist-ant-aging-essential-set","status":"publish","type":"product","link":"https:\/\/manskin.ethos-dev.ch\/fr\/produkt\/scientist-ant-aging-essential-set\/","title":{"rendered":"The Scientist &#8211; Essential Anti-Aging Set"},"content":{"rendered":"<h2>Coffret cadeau avec la gamme compl\u00e8te de soins pour hommes<\/h2>\n<p>Ce kit contient les 7 produits de soin pour hommes de The Scientist.<\/p>\n<h3><span style=\"color: #ff9900;\">S\u00e9rum anti-rides:\u00a0<\/span><\/h3>\n<ul>\n<li>Hautement concentr\u00e9 en principes actifs antioxydants, le s\u00e9rum anti-rides d&#8217;active combat le vieillissement de la peau, nourrit et r\u00e9pare l&#8217;\u00e9piderme.<\/li>\n<li>Id\u00e9al en d\u00e9but de journ\u00e9e, il donne \u00e0 ta peau un \u00e9clat sain et la fait rayonner.<\/li>\n<li>Contenu 50 ml.<\/li>\n<\/ul>\n<p>Application: Matin et soir, apr\u00e8s le gel contour des yeux de The Scientist, appliquer le s\u00e9rum sur la peau nettoy\u00e9e. Appliquer le soin sur l&#8217;ensemble du visage et du cou. Laisser agir quelques secondes, puis appliquer la cr\u00e8me de jour et de nuit.<\/p>\n<p>Principes actifs : aloe vera, beurre de cupua\u00e7u, hamam\u00e9lis, extraits d&#8217;algues et d&#8217;algues marines, huiles de tournesol, d&#8217;amande douce et de houblon, D-panth\u00e9nol, bisabolol, l\u00e9cithine v\u00e9g\u00e9tale, vitamines E &#038; C.<\/p>\n<h2><span style=\"color: #ff9900;\">Gel contour des yeux:\u00a0<\/span><\/h2>\n<ul>\n<li>Le gel contour des yeux de The Scientist a \u00e9t\u00e9 sp\u00e9cialement con\u00e7u pour la zone sensible du contour des yeux et lutte contre les signes de vieillissement en rendant la peau plus ferme et plus lumineuse.<\/li>\n<li>De plus, gr\u00e2ce \u00e0 son action raffermissante et anti-cernes, les yeux sont \u00e9clatants et repos\u00e9s.<\/li>\n<li>Contenu 30 ml.<\/li>\n<\/ul>\n<p>Application: appliquer le gel contour des yeux matin et soir avant le soin quotidien en tapotant l\u00e9g\u00e8rement. Pour un effet anti-fatigue imm\u00e9diat, place le produit au r\u00e9frig\u00e9rateur pour obtenir une texture encore plus fra\u00eeche.<\/p>\n<p>Principes actifs\u00a0 aloe vera, acide hyaluronique, gomme de caroube, extraits de cynorrhodon, hamam\u00e9lis, extraits de sauge, D-panth\u00e9nol.<\/p>\n<h3><span style=\"color: #ff9900;\">Cr\u00e8me de jour et de nuit:\u00a0<\/span><\/h3>\n<ul>\n<li>La cr\u00e8me de jour et de nuit lutte contre les rides et la perte de fermet\u00e9.<\/li>\n<li>Le matin, elle hydrate et prot\u00e8ge la peau contre les agressions ext\u00e9rieures telles que la pollution et les toxines.<\/li>\n<li>Le soir, elle nourrit et r\u00e9g\u00e9n\u00e8re le tissu cutan\u00e9 en profondeur.<\/li>\n<li>Contenu 50 ml.<\/li>\n<\/ul>\n<p>Applique la cr\u00e8me matin et soir apr\u00e8s avoir utilis\u00e9 le s\u00e9rum anti-rides ou le Q10 Shot. Applique la cr\u00e8me sur l&#8217;ensemble du visage jusqu&#8217;au cou en \u00e9vitant le contour des yeux.<\/p>\n<p>Principes actifs: aloe vera, beurre de karit\u00e9, acide hyaluronique, coenzyme Q10, huiles d&#8217;amande douce, d&#8217;abricot, de houblon, de tournesol et de ma\u00efs, cire d&#8217;abeille, l\u00e9cithine v\u00e9g\u00e9tale, D-panth\u00e9nol, vitamines A, C &#038; E.<\/p>\n<p>\u00a0<\/p>\n","protected":false},"excerpt":{"rendered":"<p>Tous les produits pour une peau masculine fra\u00eeche et soign\u00e9e<\/p>\n","protected":false},"featured_media":20172,"comment_status":"closed","ping_status":"closed","template":"","meta":{"_acf_changed":false},"pwb-brand":[2788],"product_brand":[],"product_cat":[2334,2328,1930,2332,2343,2345,2349,2351,2352,2572],"product_tag":[],"class_list":{"0":"post-20169","1":"product","2":"type-product","3":"status-publish","4":"has-post-thumbnail","6":"pwb-brand-the-scientist","7":"product_cat-serum-visage","8":"product_cat-contour-de-loeil","9":"product_cat-anti-age","10":"product_cat-set-de-visage","11":"product_cat-cernes","12":"product_cat-fines-lignes-rides","13":"product_cat-peau-fatiguee","14":"product_cat-peau-flasque","15":"product_cat-peau-seche","16":"product_cat-the-scientist-fr","17":"product_shipping_class-standard-fr","18":"sales-flash-overlay","19":"woocommerce-text-align-center","20":"woocommerce-image-align-center","21":"do-quantity-buttons","22":"has-subscription-plans","24":"first","25":"instock","26":"sale","27":"taxable","28":"shipping-taxable","29":"purchasable","30":"product-type-simple"},"acf":[],"yoast_head":"<!-- This site is optimized with the Yoast SEO Premium plugin v24.8 (Yoast SEO v25.4) - https:\/\/yoast.com\/wordpress\/plugins\/seo\/ -->\n<title>Le s\u00e9rum anti-\u00e2ge The Scientist lutte contre le vieillissement de la peau, Manskin.ch<\/title>\n<meta name=\"description\" content=\"Hochkonzentriert an antioxidativen Wirkstoffen, bek\u00e4mpft das Anti-Falten Serum von The Scientist aktiv die Hautalterung\" \/>\n<meta name=\"robots\" content=\"noindex, follow, max-snippet:-1, max-image-preview:large, max-video-preview:-1\" \/>\n<meta property=\"og:locale\" content=\"fr_FR\" \/>\n<meta property=\"og:type\" content=\"article\" \/>\n<meta property=\"og:title\" content=\"The Scientist - Essential Anti-Aging Set\" \/>\n<meta property=\"og:description\" content=\"Hochkonzentriert an antioxidativen Wirkstoffen, bek\u00e4mpft das Anti-Falten Serum von The Scientist aktiv die Hautalterung\" \/>\n<meta property=\"og:url\" content=\"https:\/\/manskin.ethos-dev.ch\/fr\/produkt\/scientist-ant-aging-essential-set\/\" \/>\n<meta property=\"og:site_name\" content=\"Manskin.ch\" \/>\n<meta property=\"article:publisher\" content=\"https:\/\/www.facebook.com\/manskin.ch\" \/>\n<meta property=\"article:modified_time\" content=\"2025-02-25T07:15:13+00:00\" \/>\n<meta property=\"og:image\" content=\"https:\/\/manskin.ethos-dev.ch\/wp-content\/uploads\/2022\/12\/scientist_essentials.jpeg\" \/>\n\t<meta property=\"og:image:width\" content=\"800\" \/>\n\t<meta property=\"og:image:height\" content=\"800\" \/>\n\t<meta property=\"og:image:type\" content=\"image\/jpeg\" \/>\n<meta name=\"twitter:card\" content=\"summary_large_image\" \/>\n<meta name=\"twitter:label1\" content=\"Prix\" \/>\n\t<meta name=\"twitter:data1\" content=\"149.90&#067;&#072;&#070;\" \/>\n\t<meta name=\"twitter:label2\" content=\"Disponibilit\u00e9\" \/>\n\t<meta name=\"twitter:data2\" content=\"En stock\" \/>\n<script type=\"application\/ld+json\" class=\"yoast-schema-graph\">{\"@context\":\"https:\/\/schema.org\",\"@graph\":[{\"@type\":\"WebPage\",\"@id\":\"https:\/\/manskin.ethos-dev.ch\/fr\/produkt\/scientist-ant-aging-essential-set\/\",\"url\":\"https:\/\/manskin.ethos-dev.ch\/fr\/produkt\/scientist-ant-aging-essential-set\/\",\"name\":\"Le s\u00e9rum anti-\u00e2ge The Scientist lutte contre le vieillissement de la peau, Manskin.ch\",\"isPartOf\":{\"@id\":\"https:\/\/manskin.ethos-dev.ch\/#website\"},\"primaryImageOfPage\":{\"@id\":\"https:\/\/manskin.ethos-dev.ch\/fr\/produkt\/scientist-ant-aging-essential-set\/#primaryimage\"},\"image\":{\"@id\":\"https:\/\/manskin.ethos-dev.ch\/fr\/produkt\/scientist-ant-aging-essential-set\/#primaryimage\"},\"thumbnailUrl\":\"https:\/\/manskin.ethos-dev.ch\/wp-content\/uploads\/2022\/12\/scientist_essentials.jpeg\",\"datePublished\":\"2022-12-14T20:37:59+00:00\",\"dateModified\":\"2025-02-25T07:15:13+00:00\",\"description\":\"Hochkonzentriert an antioxidativen Wirkstoffen, bek\u00e4mpft das Anti-Falten Serum von The Scientist aktiv die Hautalterung\",\"breadcrumb\":{\"@id\":\"https:\/\/manskin.ethos-dev.ch\/fr\/produkt\/scientist-ant-aging-essential-set\/#breadcrumb\"},\"inLanguage\":\"fr-FR\",\"potentialAction\":[{\"@type\":\"ReadAction\",\"target\":[\"https:\/\/manskin.ethos-dev.ch\/fr\/produkt\/scientist-ant-aging-essential-set\/\"]}]},{\"@type\":\"ImageObject\",\"inLanguage\":\"fr-FR\",\"@id\":\"https:\/\/manskin.ethos-dev.ch\/fr\/produkt\/scientist-ant-aging-essential-set\/#primaryimage\",\"url\":\"https:\/\/manskin.ethos-dev.ch\/wp-content\/uploads\/2022\/12\/scientist_essentials.jpeg\",\"contentUrl\":\"https:\/\/manskin.ethos-dev.ch\/wp-content\/uploads\/2022\/12\/scientist_essentials.jpeg\",\"width\":800,\"height\":800},{\"@type\":\"BreadcrumbList\",\"@id\":\"https:\/\/manskin.ethos-dev.ch\/fr\/produkt\/scientist-ant-aging-essential-set\/#breadcrumb\",\"itemListElement\":[{\"@type\":\"ListItem\",\"position\":1,\"name\":\"Startseite\",\"item\":\"https:\/\/manskin.ethos-dev.ch\/fr\/\"},{\"@type\":\"ListItem\",\"position\":2,\"name\":\"Shop\",\"item\":\"https:\/\/manskin.ethos-dev.ch\/shop\/\"},{\"@type\":\"ListItem\",\"position\":3,\"name\":\"The Scientist &#8211; Essential Anti-Aging Set\"}]},{\"@type\":\"WebSite\",\"@id\":\"https:\/\/manskin.ethos-dev.ch\/#website\",\"url\":\"https:\/\/manskin.ethos-dev.ch\/\",\"name\":\"Manskin.ch\",\"description\":\"Tous les produits de beaut\u00e9 pour les hommes les plus exigeants\",\"publisher\":{\"@id\":\"https:\/\/manskin.ethos-dev.ch\/#organization\"},\"potentialAction\":[{\"@type\":\"SearchAction\",\"target\":{\"@type\":\"EntryPoint\",\"urlTemplate\":\"https:\/\/manskin.ethos-dev.ch\/?s={search_term_string}\"},\"query-input\":{\"@type\":\"PropertyValueSpecification\",\"valueRequired\":true,\"valueName\":\"search_term_string\"}}],\"inLanguage\":\"fr-FR\"},{\"@type\":\"Organization\",\"@id\":\"https:\/\/manskin.ethos-dev.ch\/#organization\",\"name\":\"Manskin.ch - der Schweizer Onlineshop f\u00fcr qualit\u00e4tsstarke M\u00e4nnerpflege\",\"url\":\"https:\/\/manskin.ethos-dev.ch\/\",\"logo\":{\"@type\":\"ImageObject\",\"inLanguage\":\"fr-FR\",\"@id\":\"https:\/\/manskin.ethos-dev.ch\/#\/schema\/logo\/image\/\",\"url\":\"https:\/\/manskin.ethos-dev.ch\/wp-content\/uploads\/2021\/04\/cropped-logo_head.png\",\"contentUrl\":\"https:\/\/manskin.ethos-dev.ch\/wp-content\/uploads\/2021\/04\/cropped-logo_head.png\",\"width\":235,\"height\":75,\"caption\":\"Manskin.ch - der Schweizer Onlineshop f\u00fcr qualit\u00e4tsstarke M\u00e4nnerpflege\"},\"image\":{\"@id\":\"https:\/\/manskin.ethos-dev.ch\/#\/schema\/logo\/image\/\"},\"sameAs\":[\"https:\/\/www.facebook.com\/manskin.ch\",\"https:\/\/www.instagram.com\/manskin.ch\/\"]}]}<\/script>\n<meta property=\"product:price:amount\" content=\"149.90\" \/>\n<meta property=\"product:price:currency\" content=\"CHF\" \/>\n<meta property=\"og:availability\" content=\"instock\" \/>\n<meta property=\"product:availability\" content=\"instock\" \/>\n<meta property=\"product:retailer_item_id\" content=\"13162\" \/>\n<meta property=\"product:condition\" content=\"new\" \/>\n<!-- \/ Yoast SEO Premium plugin. -->","yoast_head_json":{"title":"Le s\u00e9rum anti-\u00e2ge The Scientist lutte contre le vieillissement de la peau, Manskin.ch","description":"Hochkonzentriert an antioxidativen Wirkstoffen, bek\u00e4mpft das Anti-Falten Serum von The Scientist aktiv die Hautalterung","robots":{"index":"noindex","follow":"follow","max-snippet":"max-snippet:-1","max-image-preview":"max-image-preview:large","max-video-preview":"max-video-preview:-1"},"og_locale":"fr_FR","og_type":"article","og_title":"The Scientist - Essential Anti-Aging Set","og_description":"Hochkonzentriert an antioxidativen Wirkstoffen, bek\u00e4mpft das Anti-Falten Serum von The Scientist aktiv die Hautalterung","og_url":"https:\/\/manskin.ethos-dev.ch\/fr\/produkt\/scientist-ant-aging-essential-set\/","og_site_name":"Manskin.ch","article_publisher":"https:\/\/www.facebook.com\/manskin.ch","article_modified_time":"2025-02-25T07:15:13+00:00","og_image":[{"width":800,"height":800,"url":"https:\/\/manskin.ethos-dev.ch\/wp-content\/uploads\/2022\/12\/scientist_essentials.jpeg","type":"image\/jpeg"}],"twitter_card":"summary_large_image","twitter_misc":{"Prix":"149.90&#67;&#72;&#70;","Disponibilit\u00e9":"En stock"},"schema":{"@context":"https:\/\/schema.org","@graph":[{"@type":"WebPage","@id":"https:\/\/manskin.ethos-dev.ch\/fr\/produkt\/scientist-ant-aging-essential-set\/","url":"https:\/\/manskin.ethos-dev.ch\/fr\/produkt\/scientist-ant-aging-essential-set\/","name":"Le s\u00e9rum anti-\u00e2ge The Scientist lutte contre le vieillissement de la peau, Manskin.ch","isPartOf":{"@id":"https:\/\/manskin.ethos-dev.ch\/#website"},"primaryImageOfPage":{"@id":"https:\/\/manskin.ethos-dev.ch\/fr\/produkt\/scientist-ant-aging-essential-set\/#primaryimage"},"image":{"@id":"https:\/\/manskin.ethos-dev.ch\/fr\/produkt\/scientist-ant-aging-essential-set\/#primaryimage"},"thumbnailUrl":"https:\/\/manskin.ethos-dev.ch\/wp-content\/uploads\/2022\/12\/scientist_essentials.jpeg","datePublished":"2022-12-14T20:37:59+00:00","dateModified":"2025-02-25T07:15:13+00:00","description":"Hochkonzentriert an antioxidativen Wirkstoffen, bek\u00e4mpft das Anti-Falten Serum von The Scientist aktiv die Hautalterung","breadcrumb":{"@id":"https:\/\/manskin.ethos-dev.ch\/fr\/produkt\/scientist-ant-aging-essential-set\/#breadcrumb"},"inLanguage":"fr-FR","potentialAction":[{"@type":"ReadAction","target":["https:\/\/manskin.ethos-dev.ch\/fr\/produkt\/scientist-ant-aging-essential-set\/"]}]},{"@type":"ImageObject","inLanguage":"fr-FR","@id":"https:\/\/manskin.ethos-dev.ch\/fr\/produkt\/scientist-ant-aging-essential-set\/#primaryimage","url":"https:\/\/manskin.ethos-dev.ch\/wp-content\/uploads\/2022\/12\/scientist_essentials.jpeg","contentUrl":"https:\/\/manskin.ethos-dev.ch\/wp-content\/uploads\/2022\/12\/scientist_essentials.jpeg","width":800,"height":800},{"@type":"BreadcrumbList","@id":"https:\/\/manskin.ethos-dev.ch\/fr\/produkt\/scientist-ant-aging-essential-set\/#breadcrumb","itemListElement":[{"@type":"ListItem","position":1,"name":"Startseite","item":"https:\/\/manskin.ethos-dev.ch\/fr\/"},{"@type":"ListItem","position":2,"name":"Shop","item":"https:\/\/manskin.ethos-dev.ch\/shop\/"},{"@type":"ListItem","position":3,"name":"The Scientist &#8211; Essential Anti-Aging Set"}]},{"@type":"WebSite","@id":"https:\/\/manskin.ethos-dev.ch\/#website","url":"https:\/\/manskin.ethos-dev.ch\/","name":"Manskin.ch","description":"Tous les produits de beaut\u00e9 pour les hommes les plus exigeants","publisher":{"@id":"https:\/\/manskin.ethos-dev.ch\/#organization"},"potentialAction":[{"@type":"SearchAction","target":{"@type":"EntryPoint","urlTemplate":"https:\/\/manskin.ethos-dev.ch\/?s={search_term_string}"},"query-input":{"@type":"PropertyValueSpecification","valueRequired":true,"valueName":"search_term_string"}}],"inLanguage":"fr-FR"},{"@type":"Organization","@id":"https:\/\/manskin.ethos-dev.ch\/#organization","name":"Manskin.ch - der Schweizer Onlineshop f\u00fcr qualit\u00e4tsstarke M\u00e4nnerpflege","url":"https:\/\/manskin.ethos-dev.ch\/","logo":{"@type":"ImageObject","inLanguage":"fr-FR","@id":"https:\/\/manskin.ethos-dev.ch\/#\/schema\/logo\/image\/","url":"https:\/\/manskin.ethos-dev.ch\/wp-content\/uploads\/2021\/04\/cropped-logo_head.png","contentUrl":"https:\/\/manskin.ethos-dev.ch\/wp-content\/uploads\/2021\/04\/cropped-logo_head.png","width":235,"height":75,"caption":"Manskin.ch - der Schweizer Onlineshop f\u00fcr qualit\u00e4tsstarke M\u00e4nnerpflege"},"image":{"@id":"https:\/\/manskin.ethos-dev.ch\/#\/schema\/logo\/image\/"},"sameAs":["https:\/\/www.facebook.com\/manskin.ch","https:\/\/www.instagram.com\/manskin.ch\/"]}]},"product_price_amount":"149.90","product_price_currency":"CHF","og_availability":"instock","product_availability":"instock","product_retailer_item_id":"13162","product_condition":"new"},"brands":[{"id":2788,"name":"The Scientist","slug":"the-scientist"}],"_links":{"self":[{"href":"https:\/\/manskin.ethos-dev.ch\/fr\/wp-json\/wp\/v2\/product\/20169","targetHints":{"allow":["GET"]}}],"collection":[{"href":"https:\/\/manskin.ethos-dev.ch\/fr\/wp-json\/wp\/v2\/product"}],"about":[{"href":"https:\/\/manskin.ethos-dev.ch\/fr\/wp-json\/wp\/v2\/types\/product"}],"replies":[{"embeddable":true,"href":"https:\/\/manskin.ethos-dev.ch\/fr\/wp-json\/wp\/v2\/comments?post=20169"}],"wp:featuredmedia":[{"embeddable":true,"href":"https:\/\/manskin.ethos-dev.ch\/fr\/wp-json\/wp\/v2\/media\/20172"}],"wp:attachment":[{"href":"https:\/\/manskin.ethos-dev.ch\/fr\/wp-json\/wp\/v2\/media?parent=20169"}],"wp:term":[{"taxonomy":"pwb-brand","embeddable":true,"href":"https:\/\/manskin.ethos-dev.ch\/fr\/wp-json\/wp\/v2\/pwb-brand?post=20169"},{"taxonomy":"product_brand","embeddable":true,"href":"https:\/\/manskin.ethos-dev.ch\/fr\/wp-json\/wp\/v2\/product_brand?post=20169"},{"taxonomy":"product_cat","embeddable":true,"href":"https:\/\/manskin.ethos-dev.ch\/fr\/wp-json\/wp\/v2\/product_cat?post=20169"},{"taxonomy":"product_tag","embeddable":true,"href":"https:\/\/manskin.ethos-dev.ch\/fr\/wp-json\/wp\/v2\/product_tag?post=20169"}],"curies":[{"name":"wp","href":"https:\/\/api.w.org\/{rel}","templated":true}]}}