{"id":20177,"date":"2022-12-14T22:34:57","date_gmt":"2022-12-14T21:34:57","guid":{"rendered":"https:\/\/manskin.ethos-dev.ch\/?post_type=product&#038;p=20177"},"modified":"2025-02-25T08:15:25","modified_gmt":"2025-02-25T07:15:25","slug":"scientist-set-duo-creme-visage-gel-douche","status":"publish","type":"product","link":"https:\/\/manskin.ethos-dev.ch\/fr\/produkt\/scientist-set-duo-creme-visage-gel-douche\/","title":{"rendered":"The Scientist &#8211; Set Duo Cr\u00e8me Visage &amp; Gel Douche"},"content":{"rendered":"<h2>The Scientist &#8211; Set Duo Cr\u00e8me Visage &#038; Gel Douche<\/h2>\n<p>Ce kit contient la cr\u00e8me de jour et de nuit pour le visage ainsi que le gel douche.<\/p>\n<p>\u00a0<\/p>\n<h3><span style=\"color: #ff9900;\">Cr\u00e8me de jour et de nuit:\u00a0<\/span><\/h3>\n<ul>\n<li>La cr\u00e8me de jour et de nuit lutte contre les rides et la perte de fermet\u00e9.<\/li>\n<li>Le matin, elle hydrate et prot\u00e8ge la peau contre les agressions ext\u00e9rieures telles que la pollution et les toxines.<\/li>\n<li>Le soir, elle nourrit et r\u00e9g\u00e9n\u00e8re le tissu cutan\u00e9 en profondeur.<\/li>\n<li>Contenu 50 ml.<\/li>\n<\/ul>\n<p>Applique la cr\u00e8me matin et soir. Applique la cr\u00e8me sur l&#8217;ensemble du visage jusqu&#8217;au cou en \u00e9vitant le contour des yeux.<\/p>\n<p>Principes actifs: aloe vera, beurre de karit\u00e9, acide hyaluronique, coenzyme Q10, huiles d&#8217;amande douce, d&#8217;abricot, de houblon, de tournesol et de ma\u00efs, cire d&#8217;abeille, l\u00e9cithine v\u00e9g\u00e9tale, D-panth\u00e9nol, vitamines A, C &#038; E.<\/p>\n<h3><span style=\"color: #ff9900;\">Gel douche:<\/span><\/h3>\n<ul>\n<li>Avec son parfum sensuel et irr\u00e9sistible, le gel douche apporte de l&#8217;\u00e9nergie et procure une sensation de fra\u00eecheur durable.<\/li>\n<li>Sa texture douce et l\u00e9g\u00e8re hydrate et tonifie ta peau tout en \u00e9vitant le dess\u00e8chement.<\/li>\n<li>Contenu 200 ml.<\/li>\n<\/ul>\n<p>Application: Id\u00e9al pour bien commencer la journ\u00e9e et apr\u00e8s le sport.<\/p>\n<p>Principes actifs : extraits de noix de coco, prot\u00e9ines de bl\u00e9, D-panth\u00e9nol.<\/p>\n","protected":false},"excerpt":{"rendered":"<p>The Scientist &#8211; Set Duo Cr\u00e8me Visage &#038; Gel Douche Ce kit contient la cr\u00e8me de jour et de nuit pour le visage ainsi que le gel douche. \u00a0 Cr\u00e8me de jour et de nuit:\u00a0 La cr\u00e8me de jour et de nuit lutte contre les rides et la perte de fermet\u00e9. Le matin, elle hydrate &#8230; <a title=\"The Scientist &#8211; Set Duo Cr\u00e8me Visage &amp; Gel Douche\" class=\"read-more\" href=\"https:\/\/manskin.ethos-dev.ch\/fr\/produkt\/scientist-set-duo-creme-visage-gel-douche\/\" aria-label=\"En savoir plus sur The Scientist &#8211; Set Duo Cr\u00e8me Visage &amp; Gel Douche\">Lire la suite<\/a><\/p>\n","protected":false},"featured_media":20180,"comment_status":"closed","ping_status":"closed","template":"","meta":{"_acf_changed":false},"pwb-brand":[2788],"product_brand":[],"product_cat":[1930,2332,2345,2349,2351,2352,2357,2572],"product_tag":[],"class_list":{"0":"post-20177","1":"product","2":"type-product","3":"status-publish","4":"has-post-thumbnail","6":"pwb-brand-the-scientist","7":"product_cat-anti-age","8":"product_cat-set-de-visage","9":"product_cat-fines-lignes-rides","10":"product_cat-peau-fatiguee","11":"product_cat-peau-flasque","12":"product_cat-peau-seche","13":"product_cat-nettoyant-corps","14":"product_cat-the-scientist-fr","15":"product_shipping_class-standard-fr","16":"sales-flash-overlay","17":"woocommerce-text-align-center","18":"woocommerce-image-align-center","19":"do-quantity-buttons","20":"has-subscription-plans","22":"first","23":"instock","24":"sale","25":"taxable","26":"shipping-taxable","27":"purchasable","28":"product-type-simple"},"acf":[],"yoast_head":"<!-- This site is optimized with the Yoast SEO Premium plugin v24.8 (Yoast SEO v25.4) - https:\/\/yoast.com\/wordpress\/plugins\/seo\/ -->\n<title>Le s\u00e9rum anti-\u00e2ge The Scientist lutte contre le vieillissement de la peau, Manskin.ch<\/title>\n<meta name=\"description\" content=\"Hochkonzentriert an antioxidativen Wirkstoffen, bek\u00e4mpft das Anti-Falten Serum von The Scientist aktiv die Hautalterung\" \/>\n<meta name=\"robots\" content=\"noindex, follow, max-snippet:-1, max-image-preview:large, max-video-preview:-1\" \/>\n<meta property=\"og:locale\" content=\"fr_FR\" \/>\n<meta property=\"og:type\" content=\"article\" \/>\n<meta property=\"og:title\" content=\"The Scientist - Set Duo Cr\u00e8me Visage &amp; Gel Douche\" \/>\n<meta property=\"og:description\" content=\"Hochkonzentriert an antioxidativen Wirkstoffen, bek\u00e4mpft das Anti-Falten Serum von The Scientist aktiv die Hautalterung\" \/>\n<meta property=\"og:url\" content=\"https:\/\/manskin.ethos-dev.ch\/fr\/produkt\/scientist-set-duo-creme-visage-gel-douche\/\" \/>\n<meta property=\"og:site_name\" content=\"Manskin.ch\" \/>\n<meta property=\"article:publisher\" content=\"https:\/\/www.facebook.com\/manskin.ch\" \/>\n<meta property=\"article:modified_time\" content=\"2025-02-25T07:15:25+00:00\" \/>\n<meta property=\"og:image\" content=\"https:\/\/manskin.ethos-dev.ch\/wp-content\/uploads\/2022\/12\/scientist_duo_1.jpg\" \/>\n\t<meta property=\"og:image:width\" content=\"220\" \/>\n\t<meta property=\"og:image:height\" content=\"220\" \/>\n\t<meta property=\"og:image:type\" content=\"image\/jpeg\" \/>\n<meta name=\"twitter:card\" content=\"summary_large_image\" \/>\n<meta name=\"twitter:label1\" content=\"Prix\" \/>\n\t<meta name=\"twitter:data1\" content=\"59.20&#067;&#072;&#070;\" \/>\n\t<meta name=\"twitter:label2\" content=\"Disponibilit\u00e9\" \/>\n\t<meta name=\"twitter:data2\" content=\"En stock\" \/>\n<script type=\"application\/ld+json\" class=\"yoast-schema-graph\">{\"@context\":\"https:\/\/schema.org\",\"@graph\":[{\"@type\":\"WebPage\",\"@id\":\"https:\/\/manskin.ethos-dev.ch\/fr\/produkt\/scientist-set-duo-creme-visage-gel-douche\/\",\"url\":\"https:\/\/manskin.ethos-dev.ch\/fr\/produkt\/scientist-set-duo-creme-visage-gel-douche\/\",\"name\":\"Le s\u00e9rum anti-\u00e2ge The Scientist lutte contre le vieillissement de la peau, Manskin.ch\",\"isPartOf\":{\"@id\":\"https:\/\/manskin.ethos-dev.ch\/#website\"},\"primaryImageOfPage\":{\"@id\":\"https:\/\/manskin.ethos-dev.ch\/fr\/produkt\/scientist-set-duo-creme-visage-gel-douche\/#primaryimage\"},\"image\":{\"@id\":\"https:\/\/manskin.ethos-dev.ch\/fr\/produkt\/scientist-set-duo-creme-visage-gel-douche\/#primaryimage\"},\"thumbnailUrl\":\"https:\/\/manskin.ethos-dev.ch\/wp-content\/uploads\/2022\/12\/scientist_duo_1.jpg\",\"datePublished\":\"2022-12-14T21:34:57+00:00\",\"dateModified\":\"2025-02-25T07:15:25+00:00\",\"description\":\"Hochkonzentriert an antioxidativen Wirkstoffen, bek\u00e4mpft das Anti-Falten Serum von The Scientist aktiv die Hautalterung\",\"breadcrumb\":{\"@id\":\"https:\/\/manskin.ethos-dev.ch\/fr\/produkt\/scientist-set-duo-creme-visage-gel-douche\/#breadcrumb\"},\"inLanguage\":\"fr-FR\",\"potentialAction\":[{\"@type\":\"ReadAction\",\"target\":[\"https:\/\/manskin.ethos-dev.ch\/fr\/produkt\/scientist-set-duo-creme-visage-gel-douche\/\"]}]},{\"@type\":\"ImageObject\",\"inLanguage\":\"fr-FR\",\"@id\":\"https:\/\/manskin.ethos-dev.ch\/fr\/produkt\/scientist-set-duo-creme-visage-gel-douche\/#primaryimage\",\"url\":\"https:\/\/manskin.ethos-dev.ch\/wp-content\/uploads\/2022\/12\/scientist_duo_1.jpg\",\"contentUrl\":\"https:\/\/manskin.ethos-dev.ch\/wp-content\/uploads\/2022\/12\/scientist_duo_1.jpg\",\"width\":220,\"height\":220},{\"@type\":\"BreadcrumbList\",\"@id\":\"https:\/\/manskin.ethos-dev.ch\/fr\/produkt\/scientist-set-duo-creme-visage-gel-douche\/#breadcrumb\",\"itemListElement\":[{\"@type\":\"ListItem\",\"position\":1,\"name\":\"Startseite\",\"item\":\"https:\/\/manskin.ethos-dev.ch\/fr\/\"},{\"@type\":\"ListItem\",\"position\":2,\"name\":\"Shop\",\"item\":\"https:\/\/manskin.ethos-dev.ch\/shop\/\"},{\"@type\":\"ListItem\",\"position\":3,\"name\":\"The Scientist &#8211; Set Duo Cr\u00e8me Visage &amp; Gel Douche\"}]},{\"@type\":\"WebSite\",\"@id\":\"https:\/\/manskin.ethos-dev.ch\/#website\",\"url\":\"https:\/\/manskin.ethos-dev.ch\/\",\"name\":\"Manskin.ch\",\"description\":\"Tous les produits de beaut\u00e9 pour les hommes les plus exigeants\",\"publisher\":{\"@id\":\"https:\/\/manskin.ethos-dev.ch\/#organization\"},\"potentialAction\":[{\"@type\":\"SearchAction\",\"target\":{\"@type\":\"EntryPoint\",\"urlTemplate\":\"https:\/\/manskin.ethos-dev.ch\/?s={search_term_string}\"},\"query-input\":{\"@type\":\"PropertyValueSpecification\",\"valueRequired\":true,\"valueName\":\"search_term_string\"}}],\"inLanguage\":\"fr-FR\"},{\"@type\":\"Organization\",\"@id\":\"https:\/\/manskin.ethos-dev.ch\/#organization\",\"name\":\"Manskin.ch - der Schweizer Onlineshop f\u00fcr qualit\u00e4tsstarke M\u00e4nnerpflege\",\"url\":\"https:\/\/manskin.ethos-dev.ch\/\",\"logo\":{\"@type\":\"ImageObject\",\"inLanguage\":\"fr-FR\",\"@id\":\"https:\/\/manskin.ethos-dev.ch\/#\/schema\/logo\/image\/\",\"url\":\"https:\/\/manskin.ethos-dev.ch\/wp-content\/uploads\/2021\/04\/cropped-logo_head.png\",\"contentUrl\":\"https:\/\/manskin.ethos-dev.ch\/wp-content\/uploads\/2021\/04\/cropped-logo_head.png\",\"width\":235,\"height\":75,\"caption\":\"Manskin.ch - der Schweizer Onlineshop f\u00fcr qualit\u00e4tsstarke M\u00e4nnerpflege\"},\"image\":{\"@id\":\"https:\/\/manskin.ethos-dev.ch\/#\/schema\/logo\/image\/\"},\"sameAs\":[\"https:\/\/www.facebook.com\/manskin.ch\",\"https:\/\/www.instagram.com\/manskin.ch\/\"]}]}<\/script>\n<meta property=\"product:price:amount\" content=\"59.20\" \/>\n<meta property=\"product:price:currency\" content=\"CHF\" \/>\n<meta property=\"og:availability\" content=\"instock\" \/>\n<meta property=\"product:availability\" content=\"instock\" \/>\n<meta property=\"product:retailer_item_id\" content=\"13163\" \/>\n<meta property=\"product:condition\" content=\"new\" \/>\n<!-- \/ Yoast SEO Premium plugin. -->","yoast_head_json":{"title":"Le s\u00e9rum anti-\u00e2ge The Scientist lutte contre le vieillissement de la peau, Manskin.ch","description":"Hochkonzentriert an antioxidativen Wirkstoffen, bek\u00e4mpft das Anti-Falten Serum von The Scientist aktiv die Hautalterung","robots":{"index":"noindex","follow":"follow","max-snippet":"max-snippet:-1","max-image-preview":"max-image-preview:large","max-video-preview":"max-video-preview:-1"},"og_locale":"fr_FR","og_type":"article","og_title":"The Scientist - Set Duo Cr\u00e8me Visage &amp; Gel Douche","og_description":"Hochkonzentriert an antioxidativen Wirkstoffen, bek\u00e4mpft das Anti-Falten Serum von The Scientist aktiv die Hautalterung","og_url":"https:\/\/manskin.ethos-dev.ch\/fr\/produkt\/scientist-set-duo-creme-visage-gel-douche\/","og_site_name":"Manskin.ch","article_publisher":"https:\/\/www.facebook.com\/manskin.ch","article_modified_time":"2025-02-25T07:15:25+00:00","og_image":[{"width":220,"height":220,"url":"https:\/\/manskin.ethos-dev.ch\/wp-content\/uploads\/2022\/12\/scientist_duo_1.jpg","type":"image\/jpeg"}],"twitter_card":"summary_large_image","twitter_misc":{"Prix":"59.20&#67;&#72;&#70;","Disponibilit\u00e9":"En stock"},"schema":{"@context":"https:\/\/schema.org","@graph":[{"@type":"WebPage","@id":"https:\/\/manskin.ethos-dev.ch\/fr\/produkt\/scientist-set-duo-creme-visage-gel-douche\/","url":"https:\/\/manskin.ethos-dev.ch\/fr\/produkt\/scientist-set-duo-creme-visage-gel-douche\/","name":"Le s\u00e9rum anti-\u00e2ge The Scientist lutte contre le vieillissement de la peau, Manskin.ch","isPartOf":{"@id":"https:\/\/manskin.ethos-dev.ch\/#website"},"primaryImageOfPage":{"@id":"https:\/\/manskin.ethos-dev.ch\/fr\/produkt\/scientist-set-duo-creme-visage-gel-douche\/#primaryimage"},"image":{"@id":"https:\/\/manskin.ethos-dev.ch\/fr\/produkt\/scientist-set-duo-creme-visage-gel-douche\/#primaryimage"},"thumbnailUrl":"https:\/\/manskin.ethos-dev.ch\/wp-content\/uploads\/2022\/12\/scientist_duo_1.jpg","datePublished":"2022-12-14T21:34:57+00:00","dateModified":"2025-02-25T07:15:25+00:00","description":"Hochkonzentriert an antioxidativen Wirkstoffen, bek\u00e4mpft das Anti-Falten Serum von The Scientist aktiv die Hautalterung","breadcrumb":{"@id":"https:\/\/manskin.ethos-dev.ch\/fr\/produkt\/scientist-set-duo-creme-visage-gel-douche\/#breadcrumb"},"inLanguage":"fr-FR","potentialAction":[{"@type":"ReadAction","target":["https:\/\/manskin.ethos-dev.ch\/fr\/produkt\/scientist-set-duo-creme-visage-gel-douche\/"]}]},{"@type":"ImageObject","inLanguage":"fr-FR","@id":"https:\/\/manskin.ethos-dev.ch\/fr\/produkt\/scientist-set-duo-creme-visage-gel-douche\/#primaryimage","url":"https:\/\/manskin.ethos-dev.ch\/wp-content\/uploads\/2022\/12\/scientist_duo_1.jpg","contentUrl":"https:\/\/manskin.ethos-dev.ch\/wp-content\/uploads\/2022\/12\/scientist_duo_1.jpg","width":220,"height":220},{"@type":"BreadcrumbList","@id":"https:\/\/manskin.ethos-dev.ch\/fr\/produkt\/scientist-set-duo-creme-visage-gel-douche\/#breadcrumb","itemListElement":[{"@type":"ListItem","position":1,"name":"Startseite","item":"https:\/\/manskin.ethos-dev.ch\/fr\/"},{"@type":"ListItem","position":2,"name":"Shop","item":"https:\/\/manskin.ethos-dev.ch\/shop\/"},{"@type":"ListItem","position":3,"name":"The Scientist &#8211; Set Duo Cr\u00e8me Visage &amp; Gel Douche"}]},{"@type":"WebSite","@id":"https:\/\/manskin.ethos-dev.ch\/#website","url":"https:\/\/manskin.ethos-dev.ch\/","name":"Manskin.ch","description":"Tous les produits de beaut\u00e9 pour les hommes les plus exigeants","publisher":{"@id":"https:\/\/manskin.ethos-dev.ch\/#organization"},"potentialAction":[{"@type":"SearchAction","target":{"@type":"EntryPoint","urlTemplate":"https:\/\/manskin.ethos-dev.ch\/?s={search_term_string}"},"query-input":{"@type":"PropertyValueSpecification","valueRequired":true,"valueName":"search_term_string"}}],"inLanguage":"fr-FR"},{"@type":"Organization","@id":"https:\/\/manskin.ethos-dev.ch\/#organization","name":"Manskin.ch - der Schweizer Onlineshop f\u00fcr qualit\u00e4tsstarke M\u00e4nnerpflege","url":"https:\/\/manskin.ethos-dev.ch\/","logo":{"@type":"ImageObject","inLanguage":"fr-FR","@id":"https:\/\/manskin.ethos-dev.ch\/#\/schema\/logo\/image\/","url":"https:\/\/manskin.ethos-dev.ch\/wp-content\/uploads\/2021\/04\/cropped-logo_head.png","contentUrl":"https:\/\/manskin.ethos-dev.ch\/wp-content\/uploads\/2021\/04\/cropped-logo_head.png","width":235,"height":75,"caption":"Manskin.ch - der Schweizer Onlineshop f\u00fcr qualit\u00e4tsstarke M\u00e4nnerpflege"},"image":{"@id":"https:\/\/manskin.ethos-dev.ch\/#\/schema\/logo\/image\/"},"sameAs":["https:\/\/www.facebook.com\/manskin.ch","https:\/\/www.instagram.com\/manskin.ch\/"]}]},"product_price_amount":"59.20","product_price_currency":"CHF","og_availability":"instock","product_availability":"instock","product_retailer_item_id":"13163","product_condition":"new"},"brands":[{"id":2788,"name":"The Scientist","slug":"the-scientist"}],"_links":{"self":[{"href":"https:\/\/manskin.ethos-dev.ch\/fr\/wp-json\/wp\/v2\/product\/20177","targetHints":{"allow":["GET"]}}],"collection":[{"href":"https:\/\/manskin.ethos-dev.ch\/fr\/wp-json\/wp\/v2\/product"}],"about":[{"href":"https:\/\/manskin.ethos-dev.ch\/fr\/wp-json\/wp\/v2\/types\/product"}],"replies":[{"embeddable":true,"href":"https:\/\/manskin.ethos-dev.ch\/fr\/wp-json\/wp\/v2\/comments?post=20177"}],"wp:featuredmedia":[{"embeddable":true,"href":"https:\/\/manskin.ethos-dev.ch\/fr\/wp-json\/wp\/v2\/media\/20180"}],"wp:attachment":[{"href":"https:\/\/manskin.ethos-dev.ch\/fr\/wp-json\/wp\/v2\/media?parent=20177"}],"wp:term":[{"taxonomy":"pwb-brand","embeddable":true,"href":"https:\/\/manskin.ethos-dev.ch\/fr\/wp-json\/wp\/v2\/pwb-brand?post=20177"},{"taxonomy":"product_brand","embeddable":true,"href":"https:\/\/manskin.ethos-dev.ch\/fr\/wp-json\/wp\/v2\/product_brand?post=20177"},{"taxonomy":"product_cat","embeddable":true,"href":"https:\/\/manskin.ethos-dev.ch\/fr\/wp-json\/wp\/v2\/product_cat?post=20177"},{"taxonomy":"product_tag","embeddable":true,"href":"https:\/\/manskin.ethos-dev.ch\/fr\/wp-json\/wp\/v2\/product_tag?post=20177"}],"curies":[{"name":"wp","href":"https:\/\/api.w.org\/{rel}","templated":true}]}}