{"id":20195,"date":"2022-12-16T11:02:20","date_gmt":"2022-12-16T10:02:20","guid":{"rendered":"https:\/\/manskin.ethos-dev.ch\/?post_type=product&#038;p=20195"},"modified":"2025-04-16T08:22:14","modified_gmt":"2025-04-16T06:22:14","slug":"2-en-1-baume-apres-rasage-et-creme-visage","status":"publish","type":"product","link":"https:\/\/manskin.ethos-dev.ch\/fr\/produkt\/2-en-1-baume-apres-rasage-et-creme-visage\/","title":{"rendered":"Better Be Bold &#8211; 2-en-1 Baume apr\u00e8s-rasage &amp; cr\u00e8me pour le visage"},"content":{"rendered":"<h2>Better Be Bold &#8211; 2-in-1 Baume apr\u00e8s-rasage &#038; cr\u00e8me pour le visage<\/h2>\n<ul>\n<li>Sp\u00e9cialement con\u00e7u pour r\u00e9pondre aux besoins de la peau masculine apr\u00e8s le rasage &#038; pour le visage : haute performance de soin, p\u00e9n\u00e9tration rapide dans la peau, pr\u00e9vention des boutons de rasage ou des irritations de la peau apr\u00e8s le rasage.<\/li>\n<li>L&#8217;huile d&#8217;amande &#038; l&#8217;huile de jojoba assurent un soin hydratant pour tous les types de peau.<\/li>\n<li>L&#8217;extrait de magnolia &#038; l&#8217;extrait de romarin apaisent la peau apr\u00e8s le rasage.<\/li>\n<li>P\u00e9n\u00e8tre rapidement et a un effet matifiant.<\/li>\n<li>L&#8217;hyaluron pr\u00e9vient la formation de rides et assure un effet anti-\u00e2ge.<\/li>\n<li>Convient \u00e0 tous les types de peau et laisse une sensation velout\u00e9e sur la peau.<\/li>\n<li>Houblon: non seulement dans la bi\u00e8re, mais aussi dans cette cr\u00e8me, l&#8217;extrait de houblon fait des merveilles, car il a un effet apaisant sur la peau &#8211; parfait pour un baume apr\u00e8s-rasage.<\/li>\n<li>Contient des ingr\u00e9dients doux, de sorte qu&#8217;elle est tr\u00e8s bien tol\u00e9r\u00e9e par les types de peau tr\u00e8s sensibles.<\/li>\n<li>Soin naturel : 99% d&#8217;ingr\u00e9dients naturels conform\u00e9ment \u00e0 la norme ISO 16128.<\/li>\n<li>La qualit\u00e9 BOLD :<br \/>\n&#8211; Naturel &#038; V\u00e9g\u00e9talien<br \/>\n&#8211; Pas de microplastique<br \/>\n&#8211; Verre &#038; PET recycl\u00e9 &#8211; Emballage durable.<br \/>\n&#8211; Fabriqu\u00e9 en Allemagne<\/li>\n<\/ul>\n<p>Contenu 50 gr.<\/p>\n","protected":false},"excerpt":{"rendered":"<p>Soin visage naturel avec effet matifiant<\/p>\n","protected":false},"featured_media":21916,"comment_status":"closed","ping_status":"closed","template":"","meta":{"_acf_changed":false},"pwb-brand":[2775],"product_brand":[],"product_cat":[2329,2346,2548,2418],"product_tag":[],"class_list":{"0":"post-20195","1":"product","2":"type-product","3":"status-publish","4":"has-post-thumbnail","6":"pwb-brand-better-be-bold","7":"product_cat-hydratants","8":"product_cat-peau-grasse","9":"product_cat-better-be-bold-fr","10":"product_cat-apres-rasage","11":"product_shipping_class-standard-fr","12":"sales-flash-overlay","13":"woocommerce-text-align-center","14":"woocommerce-image-align-center","15":"do-quantity-buttons","16":"has-subscription-plans","18":"first","19":"instock","20":"taxable","21":"shipping-taxable","22":"purchasable","23":"product-type-simple"},"acf":[],"yoast_head":"<!-- This site is optimized with the Yoast SEO Premium plugin v24.8 (Yoast SEO v25.4) - https:\/\/yoast.com\/wordpress\/plugins\/seo\/ -->\n<title>Better Be Bold Soin de visage naturel avec effet matifiant.<\/title>\n<meta name=\"description\" content=\"Better Be Bold soin hydratant pour tous les types de peau gr\u00e2ce \u00e0 l&#039;huile d&#039;amande, huile de chanvre, Q10 et de l&#039;hyaluron.\" \/>\n<meta name=\"robots\" content=\"noindex, follow, max-snippet:-1, max-image-preview:large, max-video-preview:-1\" \/>\n<meta property=\"og:locale\" content=\"fr_FR\" \/>\n<meta property=\"og:type\" content=\"article\" \/>\n<meta property=\"og:title\" content=\"Better Be Bold - 2-en-1 Baume apr\u00e8s-rasage &amp; cr\u00e8me pour le visage\" \/>\n<meta property=\"og:description\" content=\"Better Be Bold soin hydratant pour tous les types de peau gr\u00e2ce \u00e0 l&#039;huile d&#039;amande, huile de chanvre, Q10 et de l&#039;hyaluron.\" \/>\n<meta property=\"og:url\" content=\"https:\/\/manskin.ethos-dev.ch\/fr\/produkt\/2-en-1-baume-apres-rasage-et-creme-visage\/\" \/>\n<meta property=\"og:site_name\" content=\"Manskin.ch\" \/>\n<meta property=\"article:publisher\" content=\"https:\/\/www.facebook.com\/manskin.ch\" \/>\n<meta property=\"article:modified_time\" content=\"2025-04-16T06:22:14+00:00\" \/>\n<meta property=\"og:image\" content=\"https:\/\/manskin.ethos-dev.ch\/wp-content\/uploads\/2022\/12\/better_be_bold_aftershave-1.jpg\" \/>\n\t<meta property=\"og:image:width\" content=\"800\" \/>\n\t<meta property=\"og:image:height\" content=\"800\" \/>\n\t<meta property=\"og:image:type\" content=\"image\/jpeg\" \/>\n<meta name=\"twitter:card\" content=\"summary_large_image\" \/>\n<meta name=\"twitter:label1\" content=\"Prix\" \/>\n\t<meta name=\"twitter:data1\" content=\"24.90&#067;&#072;&#070;\" \/>\n\t<meta name=\"twitter:label2\" content=\"Disponibilit\u00e9\" \/>\n\t<meta name=\"twitter:data2\" content=\"En stock\" \/>\n<script type=\"application\/ld+json\" class=\"yoast-schema-graph\">{\"@context\":\"https:\/\/schema.org\",\"@graph\":[{\"@type\":\"WebPage\",\"@id\":\"https:\/\/manskin.ethos-dev.ch\/fr\/produkt\/2-en-1-baume-apres-rasage-et-creme-visage\/\",\"url\":\"https:\/\/manskin.ethos-dev.ch\/fr\/produkt\/2-en-1-baume-apres-rasage-et-creme-visage\/\",\"name\":\"Better Be Bold Soin de visage naturel avec effet matifiant.\",\"isPartOf\":{\"@id\":\"https:\/\/manskin.ethos-dev.ch\/#website\"},\"primaryImageOfPage\":{\"@id\":\"https:\/\/manskin.ethos-dev.ch\/fr\/produkt\/2-en-1-baume-apres-rasage-et-creme-visage\/#primaryimage\"},\"image\":{\"@id\":\"https:\/\/manskin.ethos-dev.ch\/fr\/produkt\/2-en-1-baume-apres-rasage-et-creme-visage\/#primaryimage\"},\"thumbnailUrl\":\"https:\/\/manskin.ethos-dev.ch\/wp-content\/uploads\/2022\/12\/better_be_bold_aftershave-1.jpg\",\"datePublished\":\"2022-12-16T10:02:20+00:00\",\"dateModified\":\"2025-04-16T06:22:14+00:00\",\"description\":\"Better Be Bold soin hydratant pour tous les types de peau gr\u00e2ce \u00e0 l'huile d'amande, huile de chanvre, Q10 et de l'hyaluron.\",\"breadcrumb\":{\"@id\":\"https:\/\/manskin.ethos-dev.ch\/fr\/produkt\/2-en-1-baume-apres-rasage-et-creme-visage\/#breadcrumb\"},\"inLanguage\":\"fr-FR\",\"potentialAction\":[{\"@type\":\"ReadAction\",\"target\":[\"https:\/\/manskin.ethos-dev.ch\/fr\/produkt\/2-en-1-baume-apres-rasage-et-creme-visage\/\"]}]},{\"@type\":\"ImageObject\",\"inLanguage\":\"fr-FR\",\"@id\":\"https:\/\/manskin.ethos-dev.ch\/fr\/produkt\/2-en-1-baume-apres-rasage-et-creme-visage\/#primaryimage\",\"url\":\"https:\/\/manskin.ethos-dev.ch\/wp-content\/uploads\/2022\/12\/better_be_bold_aftershave-1.jpg\",\"contentUrl\":\"https:\/\/manskin.ethos-dev.ch\/wp-content\/uploads\/2022\/12\/better_be_bold_aftershave-1.jpg\",\"width\":800,\"height\":800},{\"@type\":\"BreadcrumbList\",\"@id\":\"https:\/\/manskin.ethos-dev.ch\/fr\/produkt\/2-en-1-baume-apres-rasage-et-creme-visage\/#breadcrumb\",\"itemListElement\":[{\"@type\":\"ListItem\",\"position\":1,\"name\":\"Startseite\",\"item\":\"https:\/\/manskin.ethos-dev.ch\/fr\/\"},{\"@type\":\"ListItem\",\"position\":2,\"name\":\"Shop\",\"item\":\"https:\/\/manskin.ethos-dev.ch\/shop\/\"},{\"@type\":\"ListItem\",\"position\":3,\"name\":\"Better Be Bold &#8211; 2-en-1 Baume apr\u00e8s-rasage &amp; cr\u00e8me pour le visage\"}]},{\"@type\":\"WebSite\",\"@id\":\"https:\/\/manskin.ethos-dev.ch\/#website\",\"url\":\"https:\/\/manskin.ethos-dev.ch\/\",\"name\":\"Manskin.ch\",\"description\":\"Tous les produits de beaut\u00e9 pour les hommes les plus exigeants\",\"publisher\":{\"@id\":\"https:\/\/manskin.ethos-dev.ch\/#organization\"},\"potentialAction\":[{\"@type\":\"SearchAction\",\"target\":{\"@type\":\"EntryPoint\",\"urlTemplate\":\"https:\/\/manskin.ethos-dev.ch\/?s={search_term_string}\"},\"query-input\":{\"@type\":\"PropertyValueSpecification\",\"valueRequired\":true,\"valueName\":\"search_term_string\"}}],\"inLanguage\":\"fr-FR\"},{\"@type\":\"Organization\",\"@id\":\"https:\/\/manskin.ethos-dev.ch\/#organization\",\"name\":\"Manskin.ch - der Schweizer Onlineshop f\u00fcr qualit\u00e4tsstarke M\u00e4nnerpflege\",\"url\":\"https:\/\/manskin.ethos-dev.ch\/\",\"logo\":{\"@type\":\"ImageObject\",\"inLanguage\":\"fr-FR\",\"@id\":\"https:\/\/manskin.ethos-dev.ch\/#\/schema\/logo\/image\/\",\"url\":\"https:\/\/manskin.ethos-dev.ch\/wp-content\/uploads\/2021\/04\/cropped-logo_head.png\",\"contentUrl\":\"https:\/\/manskin.ethos-dev.ch\/wp-content\/uploads\/2021\/04\/cropped-logo_head.png\",\"width\":235,\"height\":75,\"caption\":\"Manskin.ch - der Schweizer Onlineshop f\u00fcr qualit\u00e4tsstarke M\u00e4nnerpflege\"},\"image\":{\"@id\":\"https:\/\/manskin.ethos-dev.ch\/#\/schema\/logo\/image\/\"},\"sameAs\":[\"https:\/\/www.facebook.com\/manskin.ch\",\"https:\/\/www.instagram.com\/manskin.ch\/\"]}]}<\/script>\n<meta property=\"product:price:amount\" content=\"24.90\" \/>\n<meta property=\"product:price:currency\" content=\"CHF\" \/>\n<meta property=\"og:availability\" content=\"instock\" \/>\n<meta property=\"product:availability\" content=\"instock\" \/>\n<meta property=\"product:retailer_item_id\" content=\"13165\" \/>\n<meta property=\"product:condition\" content=\"new\" \/>\n<!-- \/ Yoast SEO Premium plugin. -->","yoast_head_json":{"title":"Better Be Bold Soin de visage naturel avec effet matifiant.","description":"Better Be Bold soin hydratant pour tous les types de peau gr\u00e2ce \u00e0 l'huile d'amande, huile de chanvre, Q10 et de l'hyaluron.","robots":{"index":"noindex","follow":"follow","max-snippet":"max-snippet:-1","max-image-preview":"max-image-preview:large","max-video-preview":"max-video-preview:-1"},"og_locale":"fr_FR","og_type":"article","og_title":"Better Be Bold - 2-en-1 Baume apr\u00e8s-rasage &amp; cr\u00e8me pour le visage","og_description":"Better Be Bold soin hydratant pour tous les types de peau gr\u00e2ce \u00e0 l'huile d'amande, huile de chanvre, Q10 et de l'hyaluron.","og_url":"https:\/\/manskin.ethos-dev.ch\/fr\/produkt\/2-en-1-baume-apres-rasage-et-creme-visage\/","og_site_name":"Manskin.ch","article_publisher":"https:\/\/www.facebook.com\/manskin.ch","article_modified_time":"2025-04-16T06:22:14+00:00","og_image":[{"width":800,"height":800,"url":"https:\/\/manskin.ethos-dev.ch\/wp-content\/uploads\/2022\/12\/better_be_bold_aftershave-1.jpg","type":"image\/jpeg"}],"twitter_card":"summary_large_image","twitter_misc":{"Prix":"24.90&#67;&#72;&#70;","Disponibilit\u00e9":"En stock"},"schema":{"@context":"https:\/\/schema.org","@graph":[{"@type":"WebPage","@id":"https:\/\/manskin.ethos-dev.ch\/fr\/produkt\/2-en-1-baume-apres-rasage-et-creme-visage\/","url":"https:\/\/manskin.ethos-dev.ch\/fr\/produkt\/2-en-1-baume-apres-rasage-et-creme-visage\/","name":"Better Be Bold Soin de visage naturel avec effet matifiant.","isPartOf":{"@id":"https:\/\/manskin.ethos-dev.ch\/#website"},"primaryImageOfPage":{"@id":"https:\/\/manskin.ethos-dev.ch\/fr\/produkt\/2-en-1-baume-apres-rasage-et-creme-visage\/#primaryimage"},"image":{"@id":"https:\/\/manskin.ethos-dev.ch\/fr\/produkt\/2-en-1-baume-apres-rasage-et-creme-visage\/#primaryimage"},"thumbnailUrl":"https:\/\/manskin.ethos-dev.ch\/wp-content\/uploads\/2022\/12\/better_be_bold_aftershave-1.jpg","datePublished":"2022-12-16T10:02:20+00:00","dateModified":"2025-04-16T06:22:14+00:00","description":"Better Be Bold soin hydratant pour tous les types de peau gr\u00e2ce \u00e0 l'huile d'amande, huile de chanvre, Q10 et de l'hyaluron.","breadcrumb":{"@id":"https:\/\/manskin.ethos-dev.ch\/fr\/produkt\/2-en-1-baume-apres-rasage-et-creme-visage\/#breadcrumb"},"inLanguage":"fr-FR","potentialAction":[{"@type":"ReadAction","target":["https:\/\/manskin.ethos-dev.ch\/fr\/produkt\/2-en-1-baume-apres-rasage-et-creme-visage\/"]}]},{"@type":"ImageObject","inLanguage":"fr-FR","@id":"https:\/\/manskin.ethos-dev.ch\/fr\/produkt\/2-en-1-baume-apres-rasage-et-creme-visage\/#primaryimage","url":"https:\/\/manskin.ethos-dev.ch\/wp-content\/uploads\/2022\/12\/better_be_bold_aftershave-1.jpg","contentUrl":"https:\/\/manskin.ethos-dev.ch\/wp-content\/uploads\/2022\/12\/better_be_bold_aftershave-1.jpg","width":800,"height":800},{"@type":"BreadcrumbList","@id":"https:\/\/manskin.ethos-dev.ch\/fr\/produkt\/2-en-1-baume-apres-rasage-et-creme-visage\/#breadcrumb","itemListElement":[{"@type":"ListItem","position":1,"name":"Startseite","item":"https:\/\/manskin.ethos-dev.ch\/fr\/"},{"@type":"ListItem","position":2,"name":"Shop","item":"https:\/\/manskin.ethos-dev.ch\/shop\/"},{"@type":"ListItem","position":3,"name":"Better Be Bold &#8211; 2-en-1 Baume apr\u00e8s-rasage &amp; cr\u00e8me pour le visage"}]},{"@type":"WebSite","@id":"https:\/\/manskin.ethos-dev.ch\/#website","url":"https:\/\/manskin.ethos-dev.ch\/","name":"Manskin.ch","description":"Tous les produits de beaut\u00e9 pour les hommes les plus exigeants","publisher":{"@id":"https:\/\/manskin.ethos-dev.ch\/#organization"},"potentialAction":[{"@type":"SearchAction","target":{"@type":"EntryPoint","urlTemplate":"https:\/\/manskin.ethos-dev.ch\/?s={search_term_string}"},"query-input":{"@type":"PropertyValueSpecification","valueRequired":true,"valueName":"search_term_string"}}],"inLanguage":"fr-FR"},{"@type":"Organization","@id":"https:\/\/manskin.ethos-dev.ch\/#organization","name":"Manskin.ch - der Schweizer Onlineshop f\u00fcr qualit\u00e4tsstarke M\u00e4nnerpflege","url":"https:\/\/manskin.ethos-dev.ch\/","logo":{"@type":"ImageObject","inLanguage":"fr-FR","@id":"https:\/\/manskin.ethos-dev.ch\/#\/schema\/logo\/image\/","url":"https:\/\/manskin.ethos-dev.ch\/wp-content\/uploads\/2021\/04\/cropped-logo_head.png","contentUrl":"https:\/\/manskin.ethos-dev.ch\/wp-content\/uploads\/2021\/04\/cropped-logo_head.png","width":235,"height":75,"caption":"Manskin.ch - der Schweizer Onlineshop f\u00fcr qualit\u00e4tsstarke M\u00e4nnerpflege"},"image":{"@id":"https:\/\/manskin.ethos-dev.ch\/#\/schema\/logo\/image\/"},"sameAs":["https:\/\/www.facebook.com\/manskin.ch","https:\/\/www.instagram.com\/manskin.ch\/"]}]},"product_price_amount":"24.90","product_price_currency":"CHF","og_availability":"instock","product_availability":"instock","product_retailer_item_id":"13165","product_condition":"new"},"brands":[{"id":2775,"name":"Better Be Bold","slug":"better-be-bold"}],"_links":{"self":[{"href":"https:\/\/manskin.ethos-dev.ch\/fr\/wp-json\/wp\/v2\/product\/20195","targetHints":{"allow":["GET"]}}],"collection":[{"href":"https:\/\/manskin.ethos-dev.ch\/fr\/wp-json\/wp\/v2\/product"}],"about":[{"href":"https:\/\/manskin.ethos-dev.ch\/fr\/wp-json\/wp\/v2\/types\/product"}],"replies":[{"embeddable":true,"href":"https:\/\/manskin.ethos-dev.ch\/fr\/wp-json\/wp\/v2\/comments?post=20195"}],"wp:featuredmedia":[{"embeddable":true,"href":"https:\/\/manskin.ethos-dev.ch\/fr\/wp-json\/wp\/v2\/media\/21916"}],"wp:attachment":[{"href":"https:\/\/manskin.ethos-dev.ch\/fr\/wp-json\/wp\/v2\/media?parent=20195"}],"wp:term":[{"taxonomy":"pwb-brand","embeddable":true,"href":"https:\/\/manskin.ethos-dev.ch\/fr\/wp-json\/wp\/v2\/pwb-brand?post=20195"},{"taxonomy":"product_brand","embeddable":true,"href":"https:\/\/manskin.ethos-dev.ch\/fr\/wp-json\/wp\/v2\/product_brand?post=20195"},{"taxonomy":"product_cat","embeddable":true,"href":"https:\/\/manskin.ethos-dev.ch\/fr\/wp-json\/wp\/v2\/product_cat?post=20195"},{"taxonomy":"product_tag","embeddable":true,"href":"https:\/\/manskin.ethos-dev.ch\/fr\/wp-json\/wp\/v2\/product_tag?post=20195"}],"curies":[{"name":"wp","href":"https:\/\/api.w.org\/{rel}","templated":true}]}}