{"id":20416,"date":"2023-01-18T08:38:33","date_gmt":"2023-01-18T07:38:33","guid":{"rendered":"https:\/\/manskin.ethos-dev.ch\/?post_type=product&#038;p=20416"},"modified":"2025-04-20T17:43:01","modified_gmt":"2025-04-20T15:43:01","slug":"savon-de-rasage-a-largousier-bol-bois","status":"publish","type":"product","link":"https:\/\/manskin.ethos-dev.ch\/fr\/produkt\/savon-de-rasage-a-largousier-bol-bois\/","title":{"rendered":"M\u00dcHLE &#8211; Savon de rasage \u00e0 l&#8217;argousier dans bol en bois"},"content":{"rendered":"<h2>M\u00dcHLE &#8211; Savon de rasage \u00e0 l&#8217;argousier, dans bol en bois<\/h2>\n<ul>\n<li>Depuis le 18\u00e8me si\u00e8cle, les savons de rasage se sont impos\u00e9s comme produit de soin pour le rasage humide. Au contact du pinceau, le savon procure une mousse de rasage l\u00e9g\u00e8re et dense qui peut \u00eatre ensuite appliqu\u00e9e sur la peau b\u00e9n\u00e9ficiant ainsi d&#8217;un massage d\u00e9licat.<\/li>\n<li>Tous les savons M\u00dcHLE sont r\u00e9alis\u00e9s \u00e0 partir de recettes tr\u00e8s \u00e9labor\u00e9es qui pr\u00e9parent parfaitement la peau ainsi que la barbe \u00e0 un rasage particuli\u00e8rement soign\u00e9 et non agressif. Un plaisir bienfaiteur!<\/li>\n<\/ul>\n<h3><strong><span style=\"color: #ffa500;\">L\u2018argousier \u2013 naturel et rafraichissant \u2013 bol en\u00a0bois de fr\u00eane<\/span><\/strong><\/h3>\n<ul>\n<li>Parfaitement adapt\u00e9 \u00e0 tous les types de peau.<\/li>\n<li>Les mati\u00e8res premi\u00e8res qui sont utilis\u00e9s dans les recettes, sont issues de plantes poussant dans les haies de la c\u00f4te baltique.<\/li>\n<li>L&#8217;argousier est une plante particuli\u00e8rement riche en vitamine C, en \u00e9l\u00e9ments trace et en min\u00e9raux. La r\u00e9g\u00e9n\u00e9ration de la structure cellulaire est renforc\u00e9e et vitalis\u00e9e.<\/li>\n<li>La peau est \u00e9galement prot\u00e9g\u00e9e contre les agressions ext\u00e9rieures.<\/li>\n<li>Composition rafraichissante fruit\u00e9e aux accents l\u00e9gers de citron et d\u2018orange<\/li>\n<\/ul>\n<p>Dimension:<\/p>\n<p>\u00d8 60 mm, 65 g en bol de porcelaine<\/p>\n","protected":false},"excerpt":{"rendered":"<p>Pour tous types de peau. Composition fruit\u00e9e.<\/p>\n","protected":false},"featured_media":20419,"comment_status":"closed","ping_status":"closed","template":"","meta":{"_acf_changed":false},"pwb-brand":[2769],"product_brand":[],"product_cat":[2412,2043,2427],"product_tag":[],"class_list":{"0":"post-20416","1":"product","2":"type-product","3":"status-publish","4":"has-post-thumbnail","6":"pwb-brand-muehle","7":"product_cat-muehle-fr","8":"product_cat-savon-a-raser","9":"product_cat-bol-de-rasage","10":"product_shipping_class-standard-fr","11":"pa_hersteller-muehle-fr-2","12":"sales-flash-overlay","13":"woocommerce-text-align-center","14":"woocommerce-image-align-center","15":"do-quantity-buttons","16":"wc-has-gallery","17":"has-subscription-plans","19":"first","20":"instock","21":"purchasable","22":"product-type-simple"},"acf":[],"yoast_head":"<!-- This site is optimized with the Yoast SEO Premium plugin v24.8 (Yoast SEO v25.4) - https:\/\/yoast.com\/wordpress\/plugins\/seo\/ -->\n<title>M\u00dcHLE - Savon de rasage \u00e0 l&#039;argousier dans bol en bois | Manskin.ch<\/title>\n<meta name=\"description\" content=\"M\u00dcHLE - Savon de rasage \u00e0 l&#039;argousier dans bol en bois\" \/>\n<meta name=\"robots\" content=\"noindex, follow, max-snippet:-1, max-image-preview:large, max-video-preview:-1\" \/>\n<meta property=\"og:locale\" content=\"fr_FR\" \/>\n<meta property=\"og:type\" content=\"article\" \/>\n<meta property=\"og:title\" content=\"M\u00dcHLE - Savon de rasage \u00e0 l&#039;argousier dans bol en bois\" \/>\n<meta property=\"og:description\" content=\"M\u00dcHLE - Savon de rasage \u00e0 l&#039;argousier dans bol en bois\" \/>\n<meta property=\"og:url\" content=\"https:\/\/manskin.ethos-dev.ch\/fr\/produkt\/savon-de-rasage-a-largousier-bol-bois\/\" \/>\n<meta property=\"og:site_name\" content=\"Manskin.ch\" \/>\n<meta property=\"article:publisher\" content=\"https:\/\/www.facebook.com\/manskin.ch\" \/>\n<meta property=\"article:modified_time\" content=\"2025-04-20T15:43:01+00:00\" \/>\n<meta property=\"og:image\" content=\"https:\/\/manskin.ethos-dev.ch\/wp-content\/uploads\/2023\/01\/rasierseife_sanddorn_holz2.png\" \/>\n\t<meta property=\"og:image:width\" content=\"800\" \/>\n\t<meta property=\"og:image:height\" content=\"800\" \/>\n\t<meta property=\"og:image:type\" content=\"image\/png\" \/>\n<meta name=\"twitter:card\" content=\"summary_large_image\" \/>\n<meta name=\"twitter:label1\" content=\"Prix\" \/>\n\t<meta name=\"twitter:data1\" content=\"36.00&#067;&#072;&#070;\" \/>\n\t<meta name=\"twitter:label2\" content=\"Disponibilit\u00e9\" \/>\n\t<meta name=\"twitter:data2\" content=\"En stock\" \/>\n<script type=\"application\/ld+json\" class=\"yoast-schema-graph\">{\"@context\":\"https:\/\/schema.org\",\"@graph\":[{\"@type\":\"WebPage\",\"@id\":\"https:\/\/manskin.ethos-dev.ch\/fr\/produkt\/savon-de-rasage-a-largousier-bol-bois\/\",\"url\":\"https:\/\/manskin.ethos-dev.ch\/fr\/produkt\/savon-de-rasage-a-largousier-bol-bois\/\",\"name\":\"M\u00dcHLE - Savon de rasage \u00e0 l'argousier dans bol en bois | Manskin.ch\",\"isPartOf\":{\"@id\":\"https:\/\/manskin.ethos-dev.ch\/#website\"},\"primaryImageOfPage\":{\"@id\":\"https:\/\/manskin.ethos-dev.ch\/fr\/produkt\/savon-de-rasage-a-largousier-bol-bois\/#primaryimage\"},\"image\":{\"@id\":\"https:\/\/manskin.ethos-dev.ch\/fr\/produkt\/savon-de-rasage-a-largousier-bol-bois\/#primaryimage\"},\"thumbnailUrl\":\"https:\/\/manskin.ethos-dev.ch\/wp-content\/uploads\/2023\/01\/rasierseife_sanddorn_holz2.png\",\"datePublished\":\"2023-01-18T07:38:33+00:00\",\"dateModified\":\"2025-04-20T15:43:01+00:00\",\"description\":\"M\u00dcHLE - Savon de rasage \u00e0 l'argousier dans bol en bois\",\"breadcrumb\":{\"@id\":\"https:\/\/manskin.ethos-dev.ch\/fr\/produkt\/savon-de-rasage-a-largousier-bol-bois\/#breadcrumb\"},\"inLanguage\":\"fr-FR\",\"potentialAction\":[{\"@type\":\"ReadAction\",\"target\":[\"https:\/\/manskin.ethos-dev.ch\/fr\/produkt\/savon-de-rasage-a-largousier-bol-bois\/\"]}]},{\"@type\":\"ImageObject\",\"inLanguage\":\"fr-FR\",\"@id\":\"https:\/\/manskin.ethos-dev.ch\/fr\/produkt\/savon-de-rasage-a-largousier-bol-bois\/#primaryimage\",\"url\":\"https:\/\/manskin.ethos-dev.ch\/wp-content\/uploads\/2023\/01\/rasierseife_sanddorn_holz2.png\",\"contentUrl\":\"https:\/\/manskin.ethos-dev.ch\/wp-content\/uploads\/2023\/01\/rasierseife_sanddorn_holz2.png\",\"width\":800,\"height\":800},{\"@type\":\"BreadcrumbList\",\"@id\":\"https:\/\/manskin.ethos-dev.ch\/fr\/produkt\/savon-de-rasage-a-largousier-bol-bois\/#breadcrumb\",\"itemListElement\":[{\"@type\":\"ListItem\",\"position\":1,\"name\":\"Startseite\",\"item\":\"https:\/\/manskin.ethos-dev.ch\/fr\/\"},{\"@type\":\"ListItem\",\"position\":2,\"name\":\"Shop\",\"item\":\"https:\/\/manskin.ethos-dev.ch\/shop\/\"},{\"@type\":\"ListItem\",\"position\":3,\"name\":\"M\u00dcHLE &#8211; Savon de rasage \u00e0 l&#8217;argousier dans bol en bois\"}]},{\"@type\":\"WebSite\",\"@id\":\"https:\/\/manskin.ethos-dev.ch\/#website\",\"url\":\"https:\/\/manskin.ethos-dev.ch\/\",\"name\":\"Manskin.ch\",\"description\":\"Tous les produits de beaut\u00e9 pour les hommes les plus exigeants\",\"publisher\":{\"@id\":\"https:\/\/manskin.ethos-dev.ch\/#organization\"},\"potentialAction\":[{\"@type\":\"SearchAction\",\"target\":{\"@type\":\"EntryPoint\",\"urlTemplate\":\"https:\/\/manskin.ethos-dev.ch\/?s={search_term_string}\"},\"query-input\":{\"@type\":\"PropertyValueSpecification\",\"valueRequired\":true,\"valueName\":\"search_term_string\"}}],\"inLanguage\":\"fr-FR\"},{\"@type\":\"Organization\",\"@id\":\"https:\/\/manskin.ethos-dev.ch\/#organization\",\"name\":\"Manskin.ch - der Schweizer Onlineshop f\u00fcr qualit\u00e4tsstarke M\u00e4nnerpflege\",\"url\":\"https:\/\/manskin.ethos-dev.ch\/\",\"logo\":{\"@type\":\"ImageObject\",\"inLanguage\":\"fr-FR\",\"@id\":\"https:\/\/manskin.ethos-dev.ch\/#\/schema\/logo\/image\/\",\"url\":\"https:\/\/manskin.ethos-dev.ch\/wp-content\/uploads\/2021\/04\/cropped-logo_head.png\",\"contentUrl\":\"https:\/\/manskin.ethos-dev.ch\/wp-content\/uploads\/2021\/04\/cropped-logo_head.png\",\"width\":235,\"height\":75,\"caption\":\"Manskin.ch - der Schweizer Onlineshop f\u00fcr qualit\u00e4tsstarke M\u00e4nnerpflege\"},\"image\":{\"@id\":\"https:\/\/manskin.ethos-dev.ch\/#\/schema\/logo\/image\/\"},\"sameAs\":[\"https:\/\/www.facebook.com\/manskin.ch\",\"https:\/\/www.instagram.com\/manskin.ch\/\"]}]}<\/script>\n<meta property=\"product:price:amount\" content=\"36.00\" \/>\n<meta property=\"product:price:currency\" content=\"CHF\" \/>\n<meta property=\"og:availability\" content=\"instock\" \/>\n<meta property=\"product:availability\" content=\"instock\" \/>\n<meta property=\"product:retailer_item_id\" content=\"13170\" \/>\n<meta property=\"product:condition\" content=\"new\" \/>\n<!-- \/ Yoast SEO Premium plugin. -->","yoast_head_json":{"title":"M\u00dcHLE - Savon de rasage \u00e0 l'argousier dans bol en bois | Manskin.ch","description":"M\u00dcHLE - Savon de rasage \u00e0 l'argousier dans bol en bois","robots":{"index":"noindex","follow":"follow","max-snippet":"max-snippet:-1","max-image-preview":"max-image-preview:large","max-video-preview":"max-video-preview:-1"},"og_locale":"fr_FR","og_type":"article","og_title":"M\u00dcHLE - Savon de rasage \u00e0 l'argousier dans bol en bois","og_description":"M\u00dcHLE - Savon de rasage \u00e0 l'argousier dans bol en bois","og_url":"https:\/\/manskin.ethos-dev.ch\/fr\/produkt\/savon-de-rasage-a-largousier-bol-bois\/","og_site_name":"Manskin.ch","article_publisher":"https:\/\/www.facebook.com\/manskin.ch","article_modified_time":"2025-04-20T15:43:01+00:00","og_image":[{"width":800,"height":800,"url":"https:\/\/manskin.ethos-dev.ch\/wp-content\/uploads\/2023\/01\/rasierseife_sanddorn_holz2.png","type":"image\/png"}],"twitter_card":"summary_large_image","twitter_misc":{"Prix":"36.00&#67;&#72;&#70;","Disponibilit\u00e9":"En stock"},"schema":{"@context":"https:\/\/schema.org","@graph":[{"@type":"WebPage","@id":"https:\/\/manskin.ethos-dev.ch\/fr\/produkt\/savon-de-rasage-a-largousier-bol-bois\/","url":"https:\/\/manskin.ethos-dev.ch\/fr\/produkt\/savon-de-rasage-a-largousier-bol-bois\/","name":"M\u00dcHLE - Savon de rasage \u00e0 l'argousier dans bol en bois | Manskin.ch","isPartOf":{"@id":"https:\/\/manskin.ethos-dev.ch\/#website"},"primaryImageOfPage":{"@id":"https:\/\/manskin.ethos-dev.ch\/fr\/produkt\/savon-de-rasage-a-largousier-bol-bois\/#primaryimage"},"image":{"@id":"https:\/\/manskin.ethos-dev.ch\/fr\/produkt\/savon-de-rasage-a-largousier-bol-bois\/#primaryimage"},"thumbnailUrl":"https:\/\/manskin.ethos-dev.ch\/wp-content\/uploads\/2023\/01\/rasierseife_sanddorn_holz2.png","datePublished":"2023-01-18T07:38:33+00:00","dateModified":"2025-04-20T15:43:01+00:00","description":"M\u00dcHLE - Savon de rasage \u00e0 l'argousier dans bol en bois","breadcrumb":{"@id":"https:\/\/manskin.ethos-dev.ch\/fr\/produkt\/savon-de-rasage-a-largousier-bol-bois\/#breadcrumb"},"inLanguage":"fr-FR","potentialAction":[{"@type":"ReadAction","target":["https:\/\/manskin.ethos-dev.ch\/fr\/produkt\/savon-de-rasage-a-largousier-bol-bois\/"]}]},{"@type":"ImageObject","inLanguage":"fr-FR","@id":"https:\/\/manskin.ethos-dev.ch\/fr\/produkt\/savon-de-rasage-a-largousier-bol-bois\/#primaryimage","url":"https:\/\/manskin.ethos-dev.ch\/wp-content\/uploads\/2023\/01\/rasierseife_sanddorn_holz2.png","contentUrl":"https:\/\/manskin.ethos-dev.ch\/wp-content\/uploads\/2023\/01\/rasierseife_sanddorn_holz2.png","width":800,"height":800},{"@type":"BreadcrumbList","@id":"https:\/\/manskin.ethos-dev.ch\/fr\/produkt\/savon-de-rasage-a-largousier-bol-bois\/#breadcrumb","itemListElement":[{"@type":"ListItem","position":1,"name":"Startseite","item":"https:\/\/manskin.ethos-dev.ch\/fr\/"},{"@type":"ListItem","position":2,"name":"Shop","item":"https:\/\/manskin.ethos-dev.ch\/shop\/"},{"@type":"ListItem","position":3,"name":"M\u00dcHLE &#8211; Savon de rasage \u00e0 l&#8217;argousier dans bol en bois"}]},{"@type":"WebSite","@id":"https:\/\/manskin.ethos-dev.ch\/#website","url":"https:\/\/manskin.ethos-dev.ch\/","name":"Manskin.ch","description":"Tous les produits de beaut\u00e9 pour les hommes les plus exigeants","publisher":{"@id":"https:\/\/manskin.ethos-dev.ch\/#organization"},"potentialAction":[{"@type":"SearchAction","target":{"@type":"EntryPoint","urlTemplate":"https:\/\/manskin.ethos-dev.ch\/?s={search_term_string}"},"query-input":{"@type":"PropertyValueSpecification","valueRequired":true,"valueName":"search_term_string"}}],"inLanguage":"fr-FR"},{"@type":"Organization","@id":"https:\/\/manskin.ethos-dev.ch\/#organization","name":"Manskin.ch - der Schweizer Onlineshop f\u00fcr qualit\u00e4tsstarke M\u00e4nnerpflege","url":"https:\/\/manskin.ethos-dev.ch\/","logo":{"@type":"ImageObject","inLanguage":"fr-FR","@id":"https:\/\/manskin.ethos-dev.ch\/#\/schema\/logo\/image\/","url":"https:\/\/manskin.ethos-dev.ch\/wp-content\/uploads\/2021\/04\/cropped-logo_head.png","contentUrl":"https:\/\/manskin.ethos-dev.ch\/wp-content\/uploads\/2021\/04\/cropped-logo_head.png","width":235,"height":75,"caption":"Manskin.ch - der Schweizer Onlineshop f\u00fcr qualit\u00e4tsstarke M\u00e4nnerpflege"},"image":{"@id":"https:\/\/manskin.ethos-dev.ch\/#\/schema\/logo\/image\/"},"sameAs":["https:\/\/www.facebook.com\/manskin.ch","https:\/\/www.instagram.com\/manskin.ch\/"]}]},"product_price_amount":"36.00","product_price_currency":"CHF","og_availability":"instock","product_availability":"instock","product_retailer_item_id":"13170","product_condition":"new"},"brands":[{"id":2769,"name":"M\u00dcHLE","slug":"muehle"}],"_links":{"self":[{"href":"https:\/\/manskin.ethos-dev.ch\/fr\/wp-json\/wp\/v2\/product\/20416","targetHints":{"allow":["GET"]}}],"collection":[{"href":"https:\/\/manskin.ethos-dev.ch\/fr\/wp-json\/wp\/v2\/product"}],"about":[{"href":"https:\/\/manskin.ethos-dev.ch\/fr\/wp-json\/wp\/v2\/types\/product"}],"replies":[{"embeddable":true,"href":"https:\/\/manskin.ethos-dev.ch\/fr\/wp-json\/wp\/v2\/comments?post=20416"}],"wp:featuredmedia":[{"embeddable":true,"href":"https:\/\/manskin.ethos-dev.ch\/fr\/wp-json\/wp\/v2\/media\/20419"}],"wp:attachment":[{"href":"https:\/\/manskin.ethos-dev.ch\/fr\/wp-json\/wp\/v2\/media?parent=20416"}],"wp:term":[{"taxonomy":"pwb-brand","embeddable":true,"href":"https:\/\/manskin.ethos-dev.ch\/fr\/wp-json\/wp\/v2\/pwb-brand?post=20416"},{"taxonomy":"product_brand","embeddable":true,"href":"https:\/\/manskin.ethos-dev.ch\/fr\/wp-json\/wp\/v2\/product_brand?post=20416"},{"taxonomy":"product_cat","embeddable":true,"href":"https:\/\/manskin.ethos-dev.ch\/fr\/wp-json\/wp\/v2\/product_cat?post=20416"},{"taxonomy":"product_tag","embeddable":true,"href":"https:\/\/manskin.ethos-dev.ch\/fr\/wp-json\/wp\/v2\/product_tag?post=20416"}],"curies":[{"name":"wp","href":"https:\/\/api.w.org\/{rel}","templated":true}]}}