{"id":21004,"date":"2023-04-05T19:49:26","date_gmt":"2023-04-05T17:49:26","guid":{"rendered":"https:\/\/manskin.ethos-dev.ch\/?post_type=product&#038;p=21004"},"modified":"2024-11-22T21:13:23","modified_gmt":"2024-11-22T20:13:23","slug":"set-cadeau-de-rasage-sandalwood","status":"publish","type":"product","link":"https:\/\/manskin.ethos-dev.ch\/fr\/produkt\/set-cadeau-de-rasage-sandalwood\/","title":{"rendered":"D.R.Harris &#8211; Set cadeau de rasage Sandalwood"},"content":{"rendered":"<h2>D.R. Harris &#8211; Set cadeau de rasage Sandalwood<\/h2>\n<ul>\n<li>Ce luxueux cadeau pour le rasage humide contient un bol \u00e0 raser traditionnel en bois de h\u00eatre tourn\u00e9 \u00e0 la main, associ\u00e9 \u00e0 un blaireau de rasage de haute qualit\u00e9, con\u00e7u exclusivement pour D. R. Harris, con\u00e7u et fabriqu\u00e9 par l&#8217;un des meilleurs fabricants de blaireaux britanniques.<\/li>\n<li>Le savon \u00e0 barbe massif au parfum de bois de santal est de la plus haute qualit\u00e9 et a \u00e9t\u00e9 moulu trois fois pour rendre la mousse encore plus riche et luxueuse.<\/li>\n<li>Chaque savon est incroyablement \u00e9conomique et suffit pour plusieurs mois.<br \/>\nDes recharges de savon sont disponibles et les coques en bois sont trait\u00e9es de mani\u00e8re \u00e0 durer de nombreuses ann\u00e9es et \u00e0 conserver leur propre caract\u00e8re.<\/li>\n<li>Poids du savon \u00e0 barbe 100 gr.<\/li>\n<\/ul>\n","protected":false},"excerpt":{"rendered":"<p>Set cadeau avec savon \u00e0 barbe, blaireau et bol de rasage<\/p>\n","protected":false},"featured_media":21007,"comment_status":"closed","ping_status":"closed","template":"","meta":{"_acf_changed":false},"pwb-brand":[2760],"product_brand":[],"product_cat":[2326,2371,2425,2043],"product_tag":[],"class_list":{"0":"post-21004","1":"product","2":"type-product","3":"status-publish","4":"has-post-thumbnail","6":"pwb-brand-d-r-harris","7":"product_cat-cadeaux","8":"product_cat-d-r-harris-fr","9":"product_cat-blaireau-new","10":"product_cat-savon-a-raser","11":"product_shipping_class-standard-fr","12":"pa_hersteller-d-r-harris-fr-2","13":"sales-flash-overlay","14":"woocommerce-text-align-center","15":"woocommerce-image-align-center","16":"do-quantity-buttons","17":"has-subscription-plans","19":"first","20":"instock","21":"purchasable","22":"product-type-simple"},"acf":[],"yoast_head":"<!-- This site is optimized with the Yoast SEO Premium plugin v24.8 (Yoast SEO v25.4) - https:\/\/yoast.com\/wordpress\/plugins\/seo\/ -->\n<title>D.R.Harris - Set cadeau de rasage Sandalwood | Manskin.ch<\/title>\n<meta name=\"description\" content=\"D.R.Harris - Set cadeau de rasage Sandalwood\" \/>\n<meta name=\"robots\" content=\"noindex, follow, max-snippet:-1, max-image-preview:large, max-video-preview:-1\" \/>\n<meta property=\"og:locale\" content=\"fr_FR\" \/>\n<meta property=\"og:type\" content=\"article\" \/>\n<meta property=\"og:title\" content=\"D.R.Harris - Set cadeau de rasage Sandalwood\" \/>\n<meta property=\"og:description\" content=\"D.R.Harris - Set cadeau de rasage Sandalwood\" \/>\n<meta property=\"og:url\" content=\"https:\/\/manskin.ethos-dev.ch\/fr\/produkt\/set-cadeau-de-rasage-sandalwood\/\" \/>\n<meta property=\"og:site_name\" content=\"Manskin.ch\" \/>\n<meta property=\"article:publisher\" content=\"https:\/\/www.facebook.com\/manskin.ch\" \/>\n<meta property=\"article:modified_time\" content=\"2024-11-22T20:13:23+00:00\" \/>\n<meta property=\"og:image\" content=\"https:\/\/manskin.ethos-dev.ch\/wp-content\/uploads\/2023\/04\/Rasiergeschenkset_Sandalwood.jpg\" \/>\n\t<meta property=\"og:image:width\" content=\"943\" \/>\n\t<meta property=\"og:image:height\" content=\"800\" \/>\n\t<meta property=\"og:image:type\" content=\"image\/jpeg\" \/>\n<meta name=\"twitter:card\" content=\"summary_large_image\" \/>\n<meta name=\"twitter:label1\" content=\"Prix\" \/>\n\t<meta name=\"twitter:data1\" content=\"85.00&#067;&#072;&#070;\" \/>\n\t<meta name=\"twitter:label2\" content=\"Disponibilit\u00e9\" \/>\n\t<meta name=\"twitter:data2\" content=\"En stock\" \/>\n<script type=\"application\/ld+json\" class=\"yoast-schema-graph\">{\"@context\":\"https:\/\/schema.org\",\"@graph\":[{\"@type\":\"WebPage\",\"@id\":\"https:\/\/manskin.ethos-dev.ch\/fr\/produkt\/set-cadeau-de-rasage-sandalwood\/\",\"url\":\"https:\/\/manskin.ethos-dev.ch\/fr\/produkt\/set-cadeau-de-rasage-sandalwood\/\",\"name\":\"D.R.Harris - Set cadeau de rasage Sandalwood | Manskin.ch\",\"isPartOf\":{\"@id\":\"https:\/\/manskin.ethos-dev.ch\/#website\"},\"primaryImageOfPage\":{\"@id\":\"https:\/\/manskin.ethos-dev.ch\/fr\/produkt\/set-cadeau-de-rasage-sandalwood\/#primaryimage\"},\"image\":{\"@id\":\"https:\/\/manskin.ethos-dev.ch\/fr\/produkt\/set-cadeau-de-rasage-sandalwood\/#primaryimage\"},\"thumbnailUrl\":\"https:\/\/manskin.ethos-dev.ch\/wp-content\/uploads\/2023\/04\/Rasiergeschenkset_Sandalwood.jpg\",\"datePublished\":\"2023-04-05T17:49:26+00:00\",\"dateModified\":\"2024-11-22T20:13:23+00:00\",\"description\":\"D.R.Harris - Set cadeau de rasage Sandalwood\",\"breadcrumb\":{\"@id\":\"https:\/\/manskin.ethos-dev.ch\/fr\/produkt\/set-cadeau-de-rasage-sandalwood\/#breadcrumb\"},\"inLanguage\":\"fr-FR\",\"potentialAction\":[{\"@type\":\"ReadAction\",\"target\":[\"https:\/\/manskin.ethos-dev.ch\/fr\/produkt\/set-cadeau-de-rasage-sandalwood\/\"]}]},{\"@type\":\"ImageObject\",\"inLanguage\":\"fr-FR\",\"@id\":\"https:\/\/manskin.ethos-dev.ch\/fr\/produkt\/set-cadeau-de-rasage-sandalwood\/#primaryimage\",\"url\":\"https:\/\/manskin.ethos-dev.ch\/wp-content\/uploads\/2023\/04\/Rasiergeschenkset_Sandalwood.jpg\",\"contentUrl\":\"https:\/\/manskin.ethos-dev.ch\/wp-content\/uploads\/2023\/04\/Rasiergeschenkset_Sandalwood.jpg\",\"width\":943,\"height\":800},{\"@type\":\"BreadcrumbList\",\"@id\":\"https:\/\/manskin.ethos-dev.ch\/fr\/produkt\/set-cadeau-de-rasage-sandalwood\/#breadcrumb\",\"itemListElement\":[{\"@type\":\"ListItem\",\"position\":1,\"name\":\"Startseite\",\"item\":\"https:\/\/manskin.ethos-dev.ch\/fr\/\"},{\"@type\":\"ListItem\",\"position\":2,\"name\":\"Shop\",\"item\":\"https:\/\/manskin.ethos-dev.ch\/shop\/\"},{\"@type\":\"ListItem\",\"position\":3,\"name\":\"D.R.Harris &#8211; Set cadeau de rasage Sandalwood\"}]},{\"@type\":\"WebSite\",\"@id\":\"https:\/\/manskin.ethos-dev.ch\/#website\",\"url\":\"https:\/\/manskin.ethos-dev.ch\/\",\"name\":\"Manskin.ch\",\"description\":\"Tous les produits de beaut\u00e9 pour les hommes les plus exigeants\",\"publisher\":{\"@id\":\"https:\/\/manskin.ethos-dev.ch\/#organization\"},\"potentialAction\":[{\"@type\":\"SearchAction\",\"target\":{\"@type\":\"EntryPoint\",\"urlTemplate\":\"https:\/\/manskin.ethos-dev.ch\/?s={search_term_string}\"},\"query-input\":{\"@type\":\"PropertyValueSpecification\",\"valueRequired\":true,\"valueName\":\"search_term_string\"}}],\"inLanguage\":\"fr-FR\"},{\"@type\":\"Organization\",\"@id\":\"https:\/\/manskin.ethos-dev.ch\/#organization\",\"name\":\"Manskin.ch - der Schweizer Onlineshop f\u00fcr qualit\u00e4tsstarke M\u00e4nnerpflege\",\"url\":\"https:\/\/manskin.ethos-dev.ch\/\",\"logo\":{\"@type\":\"ImageObject\",\"inLanguage\":\"fr-FR\",\"@id\":\"https:\/\/manskin.ethos-dev.ch\/#\/schema\/logo\/image\/\",\"url\":\"https:\/\/manskin.ethos-dev.ch\/wp-content\/uploads\/2021\/04\/cropped-logo_head.png\",\"contentUrl\":\"https:\/\/manskin.ethos-dev.ch\/wp-content\/uploads\/2021\/04\/cropped-logo_head.png\",\"width\":235,\"height\":75,\"caption\":\"Manskin.ch - der Schweizer Onlineshop f\u00fcr qualit\u00e4tsstarke M\u00e4nnerpflege\"},\"image\":{\"@id\":\"https:\/\/manskin.ethos-dev.ch\/#\/schema\/logo\/image\/\"},\"sameAs\":[\"https:\/\/www.facebook.com\/manskin.ch\",\"https:\/\/www.instagram.com\/manskin.ch\/\"]}]}<\/script>\n<meta property=\"product:price:amount\" content=\"85.00\" \/>\n<meta property=\"product:price:currency\" content=\"CHF\" \/>\n<meta property=\"og:availability\" content=\"instock\" \/>\n<meta property=\"product:availability\" content=\"instock\" \/>\n<meta property=\"product:retailer_item_id\" content=\"13202\" \/>\n<meta property=\"product:condition\" content=\"new\" \/>\n<!-- \/ Yoast SEO Premium plugin. -->","yoast_head_json":{"title":"D.R.Harris - Set cadeau de rasage Sandalwood | Manskin.ch","description":"D.R.Harris - Set cadeau de rasage Sandalwood","robots":{"index":"noindex","follow":"follow","max-snippet":"max-snippet:-1","max-image-preview":"max-image-preview:large","max-video-preview":"max-video-preview:-1"},"og_locale":"fr_FR","og_type":"article","og_title":"D.R.Harris - Set cadeau de rasage Sandalwood","og_description":"D.R.Harris - Set cadeau de rasage Sandalwood","og_url":"https:\/\/manskin.ethos-dev.ch\/fr\/produkt\/set-cadeau-de-rasage-sandalwood\/","og_site_name":"Manskin.ch","article_publisher":"https:\/\/www.facebook.com\/manskin.ch","article_modified_time":"2024-11-22T20:13:23+00:00","og_image":[{"width":943,"height":800,"url":"https:\/\/manskin.ethos-dev.ch\/wp-content\/uploads\/2023\/04\/Rasiergeschenkset_Sandalwood.jpg","type":"image\/jpeg"}],"twitter_card":"summary_large_image","twitter_misc":{"Prix":"85.00&#67;&#72;&#70;","Disponibilit\u00e9":"En stock"},"schema":{"@context":"https:\/\/schema.org","@graph":[{"@type":"WebPage","@id":"https:\/\/manskin.ethos-dev.ch\/fr\/produkt\/set-cadeau-de-rasage-sandalwood\/","url":"https:\/\/manskin.ethos-dev.ch\/fr\/produkt\/set-cadeau-de-rasage-sandalwood\/","name":"D.R.Harris - Set cadeau de rasage Sandalwood | Manskin.ch","isPartOf":{"@id":"https:\/\/manskin.ethos-dev.ch\/#website"},"primaryImageOfPage":{"@id":"https:\/\/manskin.ethos-dev.ch\/fr\/produkt\/set-cadeau-de-rasage-sandalwood\/#primaryimage"},"image":{"@id":"https:\/\/manskin.ethos-dev.ch\/fr\/produkt\/set-cadeau-de-rasage-sandalwood\/#primaryimage"},"thumbnailUrl":"https:\/\/manskin.ethos-dev.ch\/wp-content\/uploads\/2023\/04\/Rasiergeschenkset_Sandalwood.jpg","datePublished":"2023-04-05T17:49:26+00:00","dateModified":"2024-11-22T20:13:23+00:00","description":"D.R.Harris - Set cadeau de rasage Sandalwood","breadcrumb":{"@id":"https:\/\/manskin.ethos-dev.ch\/fr\/produkt\/set-cadeau-de-rasage-sandalwood\/#breadcrumb"},"inLanguage":"fr-FR","potentialAction":[{"@type":"ReadAction","target":["https:\/\/manskin.ethos-dev.ch\/fr\/produkt\/set-cadeau-de-rasage-sandalwood\/"]}]},{"@type":"ImageObject","inLanguage":"fr-FR","@id":"https:\/\/manskin.ethos-dev.ch\/fr\/produkt\/set-cadeau-de-rasage-sandalwood\/#primaryimage","url":"https:\/\/manskin.ethos-dev.ch\/wp-content\/uploads\/2023\/04\/Rasiergeschenkset_Sandalwood.jpg","contentUrl":"https:\/\/manskin.ethos-dev.ch\/wp-content\/uploads\/2023\/04\/Rasiergeschenkset_Sandalwood.jpg","width":943,"height":800},{"@type":"BreadcrumbList","@id":"https:\/\/manskin.ethos-dev.ch\/fr\/produkt\/set-cadeau-de-rasage-sandalwood\/#breadcrumb","itemListElement":[{"@type":"ListItem","position":1,"name":"Startseite","item":"https:\/\/manskin.ethos-dev.ch\/fr\/"},{"@type":"ListItem","position":2,"name":"Shop","item":"https:\/\/manskin.ethos-dev.ch\/shop\/"},{"@type":"ListItem","position":3,"name":"D.R.Harris &#8211; Set cadeau de rasage Sandalwood"}]},{"@type":"WebSite","@id":"https:\/\/manskin.ethos-dev.ch\/#website","url":"https:\/\/manskin.ethos-dev.ch\/","name":"Manskin.ch","description":"Tous les produits de beaut\u00e9 pour les hommes les plus exigeants","publisher":{"@id":"https:\/\/manskin.ethos-dev.ch\/#organization"},"potentialAction":[{"@type":"SearchAction","target":{"@type":"EntryPoint","urlTemplate":"https:\/\/manskin.ethos-dev.ch\/?s={search_term_string}"},"query-input":{"@type":"PropertyValueSpecification","valueRequired":true,"valueName":"search_term_string"}}],"inLanguage":"fr-FR"},{"@type":"Organization","@id":"https:\/\/manskin.ethos-dev.ch\/#organization","name":"Manskin.ch - der Schweizer Onlineshop f\u00fcr qualit\u00e4tsstarke M\u00e4nnerpflege","url":"https:\/\/manskin.ethos-dev.ch\/","logo":{"@type":"ImageObject","inLanguage":"fr-FR","@id":"https:\/\/manskin.ethos-dev.ch\/#\/schema\/logo\/image\/","url":"https:\/\/manskin.ethos-dev.ch\/wp-content\/uploads\/2021\/04\/cropped-logo_head.png","contentUrl":"https:\/\/manskin.ethos-dev.ch\/wp-content\/uploads\/2021\/04\/cropped-logo_head.png","width":235,"height":75,"caption":"Manskin.ch - der Schweizer Onlineshop f\u00fcr qualit\u00e4tsstarke M\u00e4nnerpflege"},"image":{"@id":"https:\/\/manskin.ethos-dev.ch\/#\/schema\/logo\/image\/"},"sameAs":["https:\/\/www.facebook.com\/manskin.ch","https:\/\/www.instagram.com\/manskin.ch\/"]}]},"product_price_amount":"85.00","product_price_currency":"CHF","og_availability":"instock","product_availability":"instock","product_retailer_item_id":"13202","product_condition":"new"},"brands":[{"id":2760,"name":"D.R. Harris","slug":"d-r-harris"}],"_links":{"self":[{"href":"https:\/\/manskin.ethos-dev.ch\/fr\/wp-json\/wp\/v2\/product\/21004","targetHints":{"allow":["GET"]}}],"collection":[{"href":"https:\/\/manskin.ethos-dev.ch\/fr\/wp-json\/wp\/v2\/product"}],"about":[{"href":"https:\/\/manskin.ethos-dev.ch\/fr\/wp-json\/wp\/v2\/types\/product"}],"replies":[{"embeddable":true,"href":"https:\/\/manskin.ethos-dev.ch\/fr\/wp-json\/wp\/v2\/comments?post=21004"}],"wp:featuredmedia":[{"embeddable":true,"href":"https:\/\/manskin.ethos-dev.ch\/fr\/wp-json\/wp\/v2\/media\/21007"}],"wp:attachment":[{"href":"https:\/\/manskin.ethos-dev.ch\/fr\/wp-json\/wp\/v2\/media?parent=21004"}],"wp:term":[{"taxonomy":"pwb-brand","embeddable":true,"href":"https:\/\/manskin.ethos-dev.ch\/fr\/wp-json\/wp\/v2\/pwb-brand?post=21004"},{"taxonomy":"product_brand","embeddable":true,"href":"https:\/\/manskin.ethos-dev.ch\/fr\/wp-json\/wp\/v2\/product_brand?post=21004"},{"taxonomy":"product_cat","embeddable":true,"href":"https:\/\/manskin.ethos-dev.ch\/fr\/wp-json\/wp\/v2\/product_cat?post=21004"},{"taxonomy":"product_tag","embeddable":true,"href":"https:\/\/manskin.ethos-dev.ch\/fr\/wp-json\/wp\/v2\/product_tag?post=21004"}],"curies":[{"name":"wp","href":"https:\/\/api.w.org\/{rel}","templated":true}]}}