{"id":21889,"date":"2023-06-11T17:13:55","date_gmt":"2023-06-11T15:13:55","guid":{"rendered":"https:\/\/manskin.ethos-dev.ch\/?post_type=product&#038;p=21889"},"modified":"2025-03-28T14:13:21","modified_gmt":"2025-03-28T13:13:21","slug":"d-r-harris-creme-a-raser-a-la-lavande-2","status":"publish","type":"product","link":"https:\/\/manskin.ethos-dev.ch\/fr\/produkt\/d-r-harris-creme-a-raser-a-la-lavande-2\/","title":{"rendered":"D.R.Harris &#8211; Cr\u00e8me \u00e0 raser \u00e0 la Lavande"},"content":{"rendered":"<h2>D.R. Harris &#8211; Shaving Cream Lavendel Tube &#8211; Cr\u00e8me \u00e0 raser \u00e0 la lavande en tube<\/h2>\n<ul>\n<li>D. R. Harris Lavender Shaving Cream est un produit de rasage humide traditionnel de luxe pour hommes qui produit la meilleure mousse possible.<\/li>\n<li>Le parfum apaisant de la lavande s&#8217;associe \u00e0 cette cr\u00e8me de qualit\u00e9 sup\u00e9rieure, richement concentr\u00e9e et de couleur mauve, qui contient une forte proportion de glyc\u00e9rine pour un rasage particuli\u00e8rement apaisant et hydratant.<\/li>\n<li>Applique la cr\u00e8me sur le visage humide et fais mousser \u00e0 l&#8217;aide d&#8217;un blaireau de rasage de qualit\u00e9 tremp\u00e9 dans de l&#8217;eau chaude ou applique la cr\u00e8me avec les mains.<\/li>\n<li>Lorsqu&#8217;elle est appliqu\u00e9e, la cr\u00e8me produit une mousse riche qui adoucit la barbe et rend le rasage plus agr\u00e9able et plus pr\u00e9cis.La mousse adoucit les poils de la barbe tout en choyant les sens.\n<p>Contenu 150 gr.<\/li>\n<\/ul>\n","protected":false},"excerpt":{"rendered":"<p>Avec un d\u00e9licat parfum de lavande de Norfolk<\/p>\n","protected":false},"featured_media":21892,"comment_status":"closed","ping_status":"closed","template":"","meta":{"_acf_changed":false},"pwb-brand":[2760],"product_brand":[],"product_cat":[2371,2311],"product_tag":[],"class_list":{"0":"post-21889","1":"product","2":"type-product","3":"status-publish","4":"has-post-thumbnail","6":"pwb-brand-d-r-harris","7":"product_cat-d-r-harris-fr","8":"product_cat-creme-a-raser","9":"product_shipping_class-standard-fr","10":"pa_hersteller-d-r-harris-fr-2","11":"sales-flash-overlay","12":"woocommerce-text-align-center","13":"woocommerce-image-align-center","14":"do-quantity-buttons","15":"has-subscription-plans","17":"first","18":"instock","19":"purchasable","20":"product-type-simple"},"acf":[],"yoast_head":"<!-- This site is optimized with the Yoast SEO Premium plugin v24.8 (Yoast SEO v25.4) - https:\/\/yoast.com\/wordpress\/plugins\/seo\/ -->\n<title>D.R.Harris - Cr\u00e8me \u00e0 raser \u00e0 la Lavande | Manskin.ch<\/title>\n<meta name=\"description\" content=\"D.R.Harris - Cr\u00e8me \u00e0 raser \u00e0 la Lavande\" \/>\n<meta name=\"robots\" content=\"noindex, follow, max-snippet:-1, max-image-preview:large, max-video-preview:-1\" \/>\n<meta property=\"og:locale\" content=\"fr_FR\" \/>\n<meta property=\"og:type\" content=\"article\" \/>\n<meta property=\"og:title\" content=\"D.R.Harris - Cr\u00e8me \u00e0 raser \u00e0 la Lavande\" \/>\n<meta property=\"og:description\" content=\"D.R.Harris - Cr\u00e8me \u00e0 raser \u00e0 la Lavande\" \/>\n<meta property=\"og:url\" content=\"https:\/\/manskin.ethos-dev.ch\/fr\/produkt\/d-r-harris-creme-a-raser-a-la-lavande-2\/\" \/>\n<meta property=\"og:site_name\" content=\"Manskin.ch\" \/>\n<meta property=\"article:publisher\" content=\"https:\/\/www.facebook.com\/manskin.ch\" \/>\n<meta property=\"article:modified_time\" content=\"2025-03-28T13:13:21+00:00\" \/>\n<meta property=\"og:image\" content=\"https:\/\/manskin.ethos-dev.ch\/wp-content\/uploads\/2023\/06\/lavender-shaving-cream-tub-JPEG.jpg\" \/>\n\t<meta property=\"og:image:width\" content=\"937\" \/>\n\t<meta property=\"og:image:height\" content=\"800\" \/>\n\t<meta property=\"og:image:type\" content=\"image\/jpeg\" \/>\n<meta name=\"twitter:card\" content=\"summary_large_image\" \/>\n<meta name=\"twitter:label1\" content=\"Prix\" \/>\n\t<meta name=\"twitter:data1\" content=\"33.00&#067;&#072;&#070;\" \/>\n\t<meta name=\"twitter:label2\" content=\"Disponibilit\u00e9\" \/>\n\t<meta name=\"twitter:data2\" content=\"En stock\" \/>\n<script type=\"application\/ld+json\" class=\"yoast-schema-graph\">{\"@context\":\"https:\/\/schema.org\",\"@graph\":[{\"@type\":\"WebPage\",\"@id\":\"https:\/\/manskin.ethos-dev.ch\/fr\/produkt\/d-r-harris-creme-a-raser-a-la-lavande-2\/\",\"url\":\"https:\/\/manskin.ethos-dev.ch\/fr\/produkt\/d-r-harris-creme-a-raser-a-la-lavande-2\/\",\"name\":\"D.R.Harris - Cr\u00e8me \u00e0 raser \u00e0 la Lavande | Manskin.ch\",\"isPartOf\":{\"@id\":\"https:\/\/manskin.ethos-dev.ch\/#website\"},\"primaryImageOfPage\":{\"@id\":\"https:\/\/manskin.ethos-dev.ch\/fr\/produkt\/d-r-harris-creme-a-raser-a-la-lavande-2\/#primaryimage\"},\"image\":{\"@id\":\"https:\/\/manskin.ethos-dev.ch\/fr\/produkt\/d-r-harris-creme-a-raser-a-la-lavande-2\/#primaryimage\"},\"thumbnailUrl\":\"https:\/\/manskin.ethos-dev.ch\/wp-content\/uploads\/2023\/06\/lavender-shaving-cream-tub-JPEG.jpg\",\"datePublished\":\"2023-06-11T15:13:55+00:00\",\"dateModified\":\"2025-03-28T13:13:21+00:00\",\"description\":\"D.R.Harris - Cr\u00e8me \u00e0 raser \u00e0 la Lavande\",\"breadcrumb\":{\"@id\":\"https:\/\/manskin.ethos-dev.ch\/fr\/produkt\/d-r-harris-creme-a-raser-a-la-lavande-2\/#breadcrumb\"},\"inLanguage\":\"fr-FR\",\"potentialAction\":[{\"@type\":\"ReadAction\",\"target\":[\"https:\/\/manskin.ethos-dev.ch\/fr\/produkt\/d-r-harris-creme-a-raser-a-la-lavande-2\/\"]}]},{\"@type\":\"ImageObject\",\"inLanguage\":\"fr-FR\",\"@id\":\"https:\/\/manskin.ethos-dev.ch\/fr\/produkt\/d-r-harris-creme-a-raser-a-la-lavande-2\/#primaryimage\",\"url\":\"https:\/\/manskin.ethos-dev.ch\/wp-content\/uploads\/2023\/06\/lavender-shaving-cream-tub-JPEG.jpg\",\"contentUrl\":\"https:\/\/manskin.ethos-dev.ch\/wp-content\/uploads\/2023\/06\/lavender-shaving-cream-tub-JPEG.jpg\",\"width\":937,\"height\":800},{\"@type\":\"BreadcrumbList\",\"@id\":\"https:\/\/manskin.ethos-dev.ch\/fr\/produkt\/d-r-harris-creme-a-raser-a-la-lavande-2\/#breadcrumb\",\"itemListElement\":[{\"@type\":\"ListItem\",\"position\":1,\"name\":\"Startseite\",\"item\":\"https:\/\/manskin.ethos-dev.ch\/fr\/\"},{\"@type\":\"ListItem\",\"position\":2,\"name\":\"Shop\",\"item\":\"https:\/\/manskin.ethos-dev.ch\/shop\/\"},{\"@type\":\"ListItem\",\"position\":3,\"name\":\"D.R.Harris &#8211; Cr\u00e8me \u00e0 raser \u00e0 la Lavande\"}]},{\"@type\":\"WebSite\",\"@id\":\"https:\/\/manskin.ethos-dev.ch\/#website\",\"url\":\"https:\/\/manskin.ethos-dev.ch\/\",\"name\":\"Manskin.ch\",\"description\":\"Tous les produits de beaut\u00e9 pour les hommes les plus exigeants\",\"publisher\":{\"@id\":\"https:\/\/manskin.ethos-dev.ch\/#organization\"},\"potentialAction\":[{\"@type\":\"SearchAction\",\"target\":{\"@type\":\"EntryPoint\",\"urlTemplate\":\"https:\/\/manskin.ethos-dev.ch\/?s={search_term_string}\"},\"query-input\":{\"@type\":\"PropertyValueSpecification\",\"valueRequired\":true,\"valueName\":\"search_term_string\"}}],\"inLanguage\":\"fr-FR\"},{\"@type\":\"Organization\",\"@id\":\"https:\/\/manskin.ethos-dev.ch\/#organization\",\"name\":\"Manskin.ch - der Schweizer Onlineshop f\u00fcr qualit\u00e4tsstarke M\u00e4nnerpflege\",\"url\":\"https:\/\/manskin.ethos-dev.ch\/\",\"logo\":{\"@type\":\"ImageObject\",\"inLanguage\":\"fr-FR\",\"@id\":\"https:\/\/manskin.ethos-dev.ch\/#\/schema\/logo\/image\/\",\"url\":\"https:\/\/manskin.ethos-dev.ch\/wp-content\/uploads\/2021\/04\/cropped-logo_head.png\",\"contentUrl\":\"https:\/\/manskin.ethos-dev.ch\/wp-content\/uploads\/2021\/04\/cropped-logo_head.png\",\"width\":235,\"height\":75,\"caption\":\"Manskin.ch - der Schweizer Onlineshop f\u00fcr qualit\u00e4tsstarke M\u00e4nnerpflege\"},\"image\":{\"@id\":\"https:\/\/manskin.ethos-dev.ch\/#\/schema\/logo\/image\/\"},\"sameAs\":[\"https:\/\/www.facebook.com\/manskin.ch\",\"https:\/\/www.instagram.com\/manskin.ch\/\"]}]}<\/script>\n<meta property=\"product:price:amount\" content=\"33.00\" \/>\n<meta property=\"product:price:currency\" content=\"CHF\" \/>\n<meta property=\"og:availability\" content=\"instock\" \/>\n<meta property=\"product:availability\" content=\"instock\" \/>\n<meta property=\"product:retailer_item_id\" content=\"13251\" \/>\n<meta property=\"product:condition\" content=\"new\" \/>\n<!-- \/ Yoast SEO Premium plugin. -->","yoast_head_json":{"title":"D.R.Harris - Cr\u00e8me \u00e0 raser \u00e0 la Lavande | Manskin.ch","description":"D.R.Harris - Cr\u00e8me \u00e0 raser \u00e0 la Lavande","robots":{"index":"noindex","follow":"follow","max-snippet":"max-snippet:-1","max-image-preview":"max-image-preview:large","max-video-preview":"max-video-preview:-1"},"og_locale":"fr_FR","og_type":"article","og_title":"D.R.Harris - Cr\u00e8me \u00e0 raser \u00e0 la Lavande","og_description":"D.R.Harris - Cr\u00e8me \u00e0 raser \u00e0 la Lavande","og_url":"https:\/\/manskin.ethos-dev.ch\/fr\/produkt\/d-r-harris-creme-a-raser-a-la-lavande-2\/","og_site_name":"Manskin.ch","article_publisher":"https:\/\/www.facebook.com\/manskin.ch","article_modified_time":"2025-03-28T13:13:21+00:00","og_image":[{"width":937,"height":800,"url":"https:\/\/manskin.ethos-dev.ch\/wp-content\/uploads\/2023\/06\/lavender-shaving-cream-tub-JPEG.jpg","type":"image\/jpeg"}],"twitter_card":"summary_large_image","twitter_misc":{"Prix":"33.00&#67;&#72;&#70;","Disponibilit\u00e9":"En stock"},"schema":{"@context":"https:\/\/schema.org","@graph":[{"@type":"WebPage","@id":"https:\/\/manskin.ethos-dev.ch\/fr\/produkt\/d-r-harris-creme-a-raser-a-la-lavande-2\/","url":"https:\/\/manskin.ethos-dev.ch\/fr\/produkt\/d-r-harris-creme-a-raser-a-la-lavande-2\/","name":"D.R.Harris - Cr\u00e8me \u00e0 raser \u00e0 la Lavande | Manskin.ch","isPartOf":{"@id":"https:\/\/manskin.ethos-dev.ch\/#website"},"primaryImageOfPage":{"@id":"https:\/\/manskin.ethos-dev.ch\/fr\/produkt\/d-r-harris-creme-a-raser-a-la-lavande-2\/#primaryimage"},"image":{"@id":"https:\/\/manskin.ethos-dev.ch\/fr\/produkt\/d-r-harris-creme-a-raser-a-la-lavande-2\/#primaryimage"},"thumbnailUrl":"https:\/\/manskin.ethos-dev.ch\/wp-content\/uploads\/2023\/06\/lavender-shaving-cream-tub-JPEG.jpg","datePublished":"2023-06-11T15:13:55+00:00","dateModified":"2025-03-28T13:13:21+00:00","description":"D.R.Harris - Cr\u00e8me \u00e0 raser \u00e0 la Lavande","breadcrumb":{"@id":"https:\/\/manskin.ethos-dev.ch\/fr\/produkt\/d-r-harris-creme-a-raser-a-la-lavande-2\/#breadcrumb"},"inLanguage":"fr-FR","potentialAction":[{"@type":"ReadAction","target":["https:\/\/manskin.ethos-dev.ch\/fr\/produkt\/d-r-harris-creme-a-raser-a-la-lavande-2\/"]}]},{"@type":"ImageObject","inLanguage":"fr-FR","@id":"https:\/\/manskin.ethos-dev.ch\/fr\/produkt\/d-r-harris-creme-a-raser-a-la-lavande-2\/#primaryimage","url":"https:\/\/manskin.ethos-dev.ch\/wp-content\/uploads\/2023\/06\/lavender-shaving-cream-tub-JPEG.jpg","contentUrl":"https:\/\/manskin.ethos-dev.ch\/wp-content\/uploads\/2023\/06\/lavender-shaving-cream-tub-JPEG.jpg","width":937,"height":800},{"@type":"BreadcrumbList","@id":"https:\/\/manskin.ethos-dev.ch\/fr\/produkt\/d-r-harris-creme-a-raser-a-la-lavande-2\/#breadcrumb","itemListElement":[{"@type":"ListItem","position":1,"name":"Startseite","item":"https:\/\/manskin.ethos-dev.ch\/fr\/"},{"@type":"ListItem","position":2,"name":"Shop","item":"https:\/\/manskin.ethos-dev.ch\/shop\/"},{"@type":"ListItem","position":3,"name":"D.R.Harris &#8211; Cr\u00e8me \u00e0 raser \u00e0 la Lavande"}]},{"@type":"WebSite","@id":"https:\/\/manskin.ethos-dev.ch\/#website","url":"https:\/\/manskin.ethos-dev.ch\/","name":"Manskin.ch","description":"Tous les produits de beaut\u00e9 pour les hommes les plus exigeants","publisher":{"@id":"https:\/\/manskin.ethos-dev.ch\/#organization"},"potentialAction":[{"@type":"SearchAction","target":{"@type":"EntryPoint","urlTemplate":"https:\/\/manskin.ethos-dev.ch\/?s={search_term_string}"},"query-input":{"@type":"PropertyValueSpecification","valueRequired":true,"valueName":"search_term_string"}}],"inLanguage":"fr-FR"},{"@type":"Organization","@id":"https:\/\/manskin.ethos-dev.ch\/#organization","name":"Manskin.ch - der Schweizer Onlineshop f\u00fcr qualit\u00e4tsstarke M\u00e4nnerpflege","url":"https:\/\/manskin.ethos-dev.ch\/","logo":{"@type":"ImageObject","inLanguage":"fr-FR","@id":"https:\/\/manskin.ethos-dev.ch\/#\/schema\/logo\/image\/","url":"https:\/\/manskin.ethos-dev.ch\/wp-content\/uploads\/2021\/04\/cropped-logo_head.png","contentUrl":"https:\/\/manskin.ethos-dev.ch\/wp-content\/uploads\/2021\/04\/cropped-logo_head.png","width":235,"height":75,"caption":"Manskin.ch - der Schweizer Onlineshop f\u00fcr qualit\u00e4tsstarke M\u00e4nnerpflege"},"image":{"@id":"https:\/\/manskin.ethos-dev.ch\/#\/schema\/logo\/image\/"},"sameAs":["https:\/\/www.facebook.com\/manskin.ch","https:\/\/www.instagram.com\/manskin.ch\/"]}]},"product_price_amount":"33.00","product_price_currency":"CHF","og_availability":"instock","product_availability":"instock","product_retailer_item_id":"13251","product_condition":"new"},"brands":[{"id":2760,"name":"D.R. Harris","slug":"d-r-harris"}],"_links":{"self":[{"href":"https:\/\/manskin.ethos-dev.ch\/fr\/wp-json\/wp\/v2\/product\/21889","targetHints":{"allow":["GET"]}}],"collection":[{"href":"https:\/\/manskin.ethos-dev.ch\/fr\/wp-json\/wp\/v2\/product"}],"about":[{"href":"https:\/\/manskin.ethos-dev.ch\/fr\/wp-json\/wp\/v2\/types\/product"}],"replies":[{"embeddable":true,"href":"https:\/\/manskin.ethos-dev.ch\/fr\/wp-json\/wp\/v2\/comments?post=21889"}],"wp:featuredmedia":[{"embeddable":true,"href":"https:\/\/manskin.ethos-dev.ch\/fr\/wp-json\/wp\/v2\/media\/21892"}],"wp:attachment":[{"href":"https:\/\/manskin.ethos-dev.ch\/fr\/wp-json\/wp\/v2\/media?parent=21889"}],"wp:term":[{"taxonomy":"pwb-brand","embeddable":true,"href":"https:\/\/manskin.ethos-dev.ch\/fr\/wp-json\/wp\/v2\/pwb-brand?post=21889"},{"taxonomy":"product_brand","embeddable":true,"href":"https:\/\/manskin.ethos-dev.ch\/fr\/wp-json\/wp\/v2\/product_brand?post=21889"},{"taxonomy":"product_cat","embeddable":true,"href":"https:\/\/manskin.ethos-dev.ch\/fr\/wp-json\/wp\/v2\/product_cat?post=21889"},{"taxonomy":"product_tag","embeddable":true,"href":"https:\/\/manskin.ethos-dev.ch\/fr\/wp-json\/wp\/v2\/product_tag?post=21889"}],"curies":[{"name":"wp","href":"https:\/\/api.w.org\/{rel}","templated":true}]}}