{"id":22137,"date":"2023-08-05T17:49:59","date_gmt":"2023-08-05T15:49:59","guid":{"rendered":"https:\/\/manskin.ethos-dev.ch\/?post_type=product&#038;p=22137"},"modified":"2025-05-13T11:38:57","modified_gmt":"2025-05-13T09:38:57","slug":"musgo-real-savon-luxueux-alto-mar","status":"publish","type":"product","link":"https:\/\/manskin.ethos-dev.ch\/fr\/produkt\/musgo-real-savon-luxueux-alto-mar\/","title":{"rendered":"Musgo Real &#8211; Savon Luxueux Alto Mar avec cordon"},"content":{"rendered":"<h2>Musgo Real &#8211; Soap on a Rope Alto Mar &#8211; Savon luxueux pour le corps<\/h2>\n<ul>\n<li>Alto Mar Soap on a Rope est unique et sp\u00e9cial. Il contient la force de l&#8217;oc\u00e9an Atlantique sous la forme d&#8217;un extrait de macro-algues riche en nutriments et provenant d&#8217;une source durable.<\/li>\n<li>Ce savon est fabriqu\u00e9 \u00e0 partir d&#8217;une base nettoyante 100% v\u00e9g\u00e9tale et est enrichi d&#8217;extrait de fucus de l&#8217;Atlantique et d&#8217;huile de soja pour une mousse riche, souple et extra-cr\u00e9meuse.<\/li>\n<li>La peau est propre, hydrat\u00e9e et confortable.<\/li>\n<li>Fabriqu\u00e9 \u00e0 partir d&#8217;huiles v\u00e9g\u00e9tales, il transforme ta douche quotidienne en une exp\u00e9rience vivifiante. Chaque savon \u00e0 la corde est emball\u00e9 avec la ficelle caract\u00e9ristique en pur coton, ins\u00e9r\u00e9e \u00e0 la main, selon la tradition de Claus Porto.<\/li>\n<li>Le parfum du Musgo Real Alto Mar s&#8217;ouvre sur la l\u00e9g\u00e8ret\u00e9 du calone et de la menthe, combin\u00e9e \u00e0 un soup\u00e7on d&#8217;anis.<\/li>\n<li>Par la suite, le c\u0153ur r\u00e9v\u00e8le la force de l&#8217;association aromatique du romarin et de l&#8217;absinthe avec le jasmin.<\/li>\n<li>La note de fond associe des bois aux senteurs exquises &#8211; bois de santal et bois de cachemire &#8211; \u00e0 la douceur de la tonka et \u00e0 la force du v\u00e9tiver.\n<p>Notes de t\u00eate : Calone, Menthe, Anis<br \/>\nNotes de c\u0153ur : Absinthe, Jasmin, Romarin<br \/>\nNotes de fond : Bois de cachemire, Tonka, V\u00e9tiver<\/p>\n<p>Id\u00e9al pour<br \/>\n&#8211; Les personnes qui aiment la mer et son \u00e9nergie.<br \/>\n&#8211; Les personnes qui recherchent des senteurs vivifiantes et \u00e9nergisantes.<br \/>\n&#8211; Les personnes int\u00e9ress\u00e9es par la recherche de solutions durables pour leurs soins corporels.<\/p>\n<p>Musgo Real produit des savons au Portugal depuis 1887.<\/li>\n<\/ul>\n","protected":false},"excerpt":{"rendered":"<p>Musgo Real &#8211; Soap on a Rope Alto Mar &#8211; Savon luxueux pour le corps Alto Mar Soap on a Rope est unique et sp\u00e9cial. Il contient la force de l&#8217;oc\u00e9an Atlantique sous la forme d&#8217;un extrait de macro-algues riche en nutriments et provenant d&#8217;une source durable. Ce savon est fabriqu\u00e9 \u00e0 partir d&#8217;une base &#8230; <a title=\"Musgo Real &#8211; Savon Luxueux Alto Mar avec cordon\" class=\"read-more\" href=\"https:\/\/manskin.ethos-dev.ch\/fr\/produkt\/musgo-real-savon-luxueux-alto-mar\/\" aria-label=\"En savoir plus sur Musgo Real &#8211; Savon Luxueux Alto Mar avec cordon\">Lire la suite<\/a><\/p>\n","protected":false},"featured_media":83986,"comment_status":"closed","ping_status":"closed","template":"","meta":{"_acf_changed":false},"pwb-brand":[2770],"product_brand":[],"product_cat":[2357,2495,2382],"product_tag":[],"class_list":{"0":"post-22137","1":"product","2":"type-product","3":"status-publish","4":"has-post-thumbnail","6":"pwb-brand-musgo-real","7":"product_cat-nettoyant-corps","8":"product_cat-savon-pour-le-corps","9":"product_cat-musgo-real-fr","10":"product_shipping_class-standard-fr","11":"pa_hersteller-musgo-real-fr-2","12":"sales-flash-overlay","13":"woocommerce-text-align-center","14":"woocommerce-image-align-center","15":"do-quantity-buttons","16":"has-subscription-plans","18":"first","19":"instock","20":"purchasable","21":"product-type-simple"},"acf":[],"yoast_head":"<!-- This site is optimized with the Yoast SEO Premium plugin v24.8 (Yoast SEO v25.4) - https:\/\/yoast.com\/wordpress\/plugins\/seo\/ -->\n<title>Musgo Real - Savon Luxueux Alto Mar avec cordon | Manskin.ch<\/title>\n<meta name=\"description\" content=\"Musgo Real - Savon Luxueux Alto Mar avec cordon\" \/>\n<meta name=\"robots\" content=\"noindex, follow, max-snippet:-1, max-image-preview:large, max-video-preview:-1\" \/>\n<meta property=\"og:locale\" content=\"fr_FR\" \/>\n<meta property=\"og:type\" content=\"article\" \/>\n<meta property=\"og:title\" content=\"Musgo Real - Savon Luxueux Alto Mar avec cordon\" \/>\n<meta property=\"og:description\" content=\"Musgo Real - Savon Luxueux Alto Mar avec cordon\" \/>\n<meta property=\"og:url\" content=\"https:\/\/manskin.ethos-dev.ch\/fr\/produkt\/musgo-real-savon-luxueux-alto-mar\/\" \/>\n<meta property=\"og:site_name\" content=\"Manskin.ch\" \/>\n<meta property=\"article:publisher\" content=\"https:\/\/www.facebook.com\/manskin.ch\" \/>\n<meta property=\"article:modified_time\" content=\"2025-05-13T09:38:57+00:00\" \/>\n<meta property=\"og:image\" content=\"https:\/\/manskin.ethos-dev.ch\/wp-content\/uploads\/2023\/08\/Musgo-Real-Alto-Mar-Seife-Kordel-High-Quality.webp\" \/>\n\t<meta property=\"og:image:width\" content=\"1000\" \/>\n\t<meta property=\"og:image:height\" content=\"1000\" \/>\n\t<meta property=\"og:image:type\" content=\"image\/webp\" \/>\n<meta name=\"twitter:card\" content=\"summary_large_image\" \/>\n<meta name=\"twitter:label1\" content=\"Prix\" \/>\n\t<meta name=\"twitter:data1\" content=\"24.50&#067;&#072;&#070;\" \/>\n\t<meta name=\"twitter:label2\" content=\"Disponibilit\u00e9\" \/>\n\t<meta name=\"twitter:data2\" content=\"En stock\" \/>\n<script type=\"application\/ld+json\" class=\"yoast-schema-graph\">{\"@context\":\"https:\/\/schema.org\",\"@graph\":[{\"@type\":\"WebPage\",\"@id\":\"https:\/\/manskin.ethos-dev.ch\/fr\/produkt\/musgo-real-savon-luxueux-alto-mar\/\",\"url\":\"https:\/\/manskin.ethos-dev.ch\/fr\/produkt\/musgo-real-savon-luxueux-alto-mar\/\",\"name\":\"Musgo Real - Savon Luxueux Alto Mar avec cordon | Manskin.ch\",\"isPartOf\":{\"@id\":\"https:\/\/manskin.ethos-dev.ch\/#website\"},\"primaryImageOfPage\":{\"@id\":\"https:\/\/manskin.ethos-dev.ch\/fr\/produkt\/musgo-real-savon-luxueux-alto-mar\/#primaryimage\"},\"image\":{\"@id\":\"https:\/\/manskin.ethos-dev.ch\/fr\/produkt\/musgo-real-savon-luxueux-alto-mar\/#primaryimage\"},\"thumbnailUrl\":\"https:\/\/manskin.ethos-dev.ch\/wp-content\/uploads\/2023\/08\/Musgo-Real-Alto-Mar-Seife-Kordel-High-Quality.webp\",\"datePublished\":\"2023-08-05T15:49:59+00:00\",\"dateModified\":\"2025-05-13T09:38:57+00:00\",\"description\":\"Musgo Real - Savon Luxueux Alto Mar avec cordon\",\"breadcrumb\":{\"@id\":\"https:\/\/manskin.ethos-dev.ch\/fr\/produkt\/musgo-real-savon-luxueux-alto-mar\/#breadcrumb\"},\"inLanguage\":\"fr-FR\",\"potentialAction\":[{\"@type\":\"ReadAction\",\"target\":[\"https:\/\/manskin.ethos-dev.ch\/fr\/produkt\/musgo-real-savon-luxueux-alto-mar\/\"]}]},{\"@type\":\"ImageObject\",\"inLanguage\":\"fr-FR\",\"@id\":\"https:\/\/manskin.ethos-dev.ch\/fr\/produkt\/musgo-real-savon-luxueux-alto-mar\/#primaryimage\",\"url\":\"https:\/\/manskin.ethos-dev.ch\/wp-content\/uploads\/2023\/08\/Musgo-Real-Alto-Mar-Seife-Kordel-High-Quality.webp\",\"contentUrl\":\"https:\/\/manskin.ethos-dev.ch\/wp-content\/uploads\/2023\/08\/Musgo-Real-Alto-Mar-Seife-Kordel-High-Quality.webp\",\"width\":1000,\"height\":1000},{\"@type\":\"BreadcrumbList\",\"@id\":\"https:\/\/manskin.ethos-dev.ch\/fr\/produkt\/musgo-real-savon-luxueux-alto-mar\/#breadcrumb\",\"itemListElement\":[{\"@type\":\"ListItem\",\"position\":1,\"name\":\"Startseite\",\"item\":\"https:\/\/manskin.ethos-dev.ch\/fr\/\"},{\"@type\":\"ListItem\",\"position\":2,\"name\":\"Shop\",\"item\":\"https:\/\/manskin.ethos-dev.ch\/shop\/\"},{\"@type\":\"ListItem\",\"position\":3,\"name\":\"Musgo Real &#8211; Savon Luxueux Alto Mar avec cordon\"}]},{\"@type\":\"WebSite\",\"@id\":\"https:\/\/manskin.ethos-dev.ch\/#website\",\"url\":\"https:\/\/manskin.ethos-dev.ch\/\",\"name\":\"Manskin.ch\",\"description\":\"Tous les produits de beaut\u00e9 pour les hommes les plus exigeants\",\"publisher\":{\"@id\":\"https:\/\/manskin.ethos-dev.ch\/#organization\"},\"potentialAction\":[{\"@type\":\"SearchAction\",\"target\":{\"@type\":\"EntryPoint\",\"urlTemplate\":\"https:\/\/manskin.ethos-dev.ch\/?s={search_term_string}\"},\"query-input\":{\"@type\":\"PropertyValueSpecification\",\"valueRequired\":true,\"valueName\":\"search_term_string\"}}],\"inLanguage\":\"fr-FR\"},{\"@type\":\"Organization\",\"@id\":\"https:\/\/manskin.ethos-dev.ch\/#organization\",\"name\":\"Manskin.ch - der Schweizer Onlineshop f\u00fcr qualit\u00e4tsstarke M\u00e4nnerpflege\",\"url\":\"https:\/\/manskin.ethos-dev.ch\/\",\"logo\":{\"@type\":\"ImageObject\",\"inLanguage\":\"fr-FR\",\"@id\":\"https:\/\/manskin.ethos-dev.ch\/#\/schema\/logo\/image\/\",\"url\":\"https:\/\/manskin.ethos-dev.ch\/wp-content\/uploads\/2021\/04\/cropped-logo_head.png\",\"contentUrl\":\"https:\/\/manskin.ethos-dev.ch\/wp-content\/uploads\/2021\/04\/cropped-logo_head.png\",\"width\":235,\"height\":75,\"caption\":\"Manskin.ch - der Schweizer Onlineshop f\u00fcr qualit\u00e4tsstarke M\u00e4nnerpflege\"},\"image\":{\"@id\":\"https:\/\/manskin.ethos-dev.ch\/#\/schema\/logo\/image\/\"},\"sameAs\":[\"https:\/\/www.facebook.com\/manskin.ch\",\"https:\/\/www.instagram.com\/manskin.ch\/\"]}]}<\/script>\n<meta property=\"product:price:amount\" content=\"24.50\" \/>\n<meta property=\"product:price:currency\" content=\"CHF\" \/>\n<meta property=\"og:availability\" content=\"instock\" \/>\n<meta property=\"product:availability\" content=\"instock\" \/>\n<meta property=\"product:retailer_item_id\" content=\"13258\" \/>\n<meta property=\"product:condition\" content=\"new\" \/>\n<!-- \/ Yoast SEO Premium plugin. -->","yoast_head_json":{"title":"Musgo Real - Savon Luxueux Alto Mar avec cordon | Manskin.ch","description":"Musgo Real - Savon Luxueux Alto Mar avec cordon","robots":{"index":"noindex","follow":"follow","max-snippet":"max-snippet:-1","max-image-preview":"max-image-preview:large","max-video-preview":"max-video-preview:-1"},"og_locale":"fr_FR","og_type":"article","og_title":"Musgo Real - Savon Luxueux Alto Mar avec cordon","og_description":"Musgo Real - Savon Luxueux Alto Mar avec cordon","og_url":"https:\/\/manskin.ethos-dev.ch\/fr\/produkt\/musgo-real-savon-luxueux-alto-mar\/","og_site_name":"Manskin.ch","article_publisher":"https:\/\/www.facebook.com\/manskin.ch","article_modified_time":"2025-05-13T09:38:57+00:00","og_image":[{"width":1000,"height":1000,"url":"https:\/\/manskin.ethos-dev.ch\/wp-content\/uploads\/2023\/08\/Musgo-Real-Alto-Mar-Seife-Kordel-High-Quality.webp","type":"image\/webp"}],"twitter_card":"summary_large_image","twitter_misc":{"Prix":"24.50&#67;&#72;&#70;","Disponibilit\u00e9":"En stock"},"schema":{"@context":"https:\/\/schema.org","@graph":[{"@type":"WebPage","@id":"https:\/\/manskin.ethos-dev.ch\/fr\/produkt\/musgo-real-savon-luxueux-alto-mar\/","url":"https:\/\/manskin.ethos-dev.ch\/fr\/produkt\/musgo-real-savon-luxueux-alto-mar\/","name":"Musgo Real - Savon Luxueux Alto Mar avec cordon | Manskin.ch","isPartOf":{"@id":"https:\/\/manskin.ethos-dev.ch\/#website"},"primaryImageOfPage":{"@id":"https:\/\/manskin.ethos-dev.ch\/fr\/produkt\/musgo-real-savon-luxueux-alto-mar\/#primaryimage"},"image":{"@id":"https:\/\/manskin.ethos-dev.ch\/fr\/produkt\/musgo-real-savon-luxueux-alto-mar\/#primaryimage"},"thumbnailUrl":"https:\/\/manskin.ethos-dev.ch\/wp-content\/uploads\/2023\/08\/Musgo-Real-Alto-Mar-Seife-Kordel-High-Quality.webp","datePublished":"2023-08-05T15:49:59+00:00","dateModified":"2025-05-13T09:38:57+00:00","description":"Musgo Real - Savon Luxueux Alto Mar avec cordon","breadcrumb":{"@id":"https:\/\/manskin.ethos-dev.ch\/fr\/produkt\/musgo-real-savon-luxueux-alto-mar\/#breadcrumb"},"inLanguage":"fr-FR","potentialAction":[{"@type":"ReadAction","target":["https:\/\/manskin.ethos-dev.ch\/fr\/produkt\/musgo-real-savon-luxueux-alto-mar\/"]}]},{"@type":"ImageObject","inLanguage":"fr-FR","@id":"https:\/\/manskin.ethos-dev.ch\/fr\/produkt\/musgo-real-savon-luxueux-alto-mar\/#primaryimage","url":"https:\/\/manskin.ethos-dev.ch\/wp-content\/uploads\/2023\/08\/Musgo-Real-Alto-Mar-Seife-Kordel-High-Quality.webp","contentUrl":"https:\/\/manskin.ethos-dev.ch\/wp-content\/uploads\/2023\/08\/Musgo-Real-Alto-Mar-Seife-Kordel-High-Quality.webp","width":1000,"height":1000},{"@type":"BreadcrumbList","@id":"https:\/\/manskin.ethos-dev.ch\/fr\/produkt\/musgo-real-savon-luxueux-alto-mar\/#breadcrumb","itemListElement":[{"@type":"ListItem","position":1,"name":"Startseite","item":"https:\/\/manskin.ethos-dev.ch\/fr\/"},{"@type":"ListItem","position":2,"name":"Shop","item":"https:\/\/manskin.ethos-dev.ch\/shop\/"},{"@type":"ListItem","position":3,"name":"Musgo Real &#8211; Savon Luxueux Alto Mar avec cordon"}]},{"@type":"WebSite","@id":"https:\/\/manskin.ethos-dev.ch\/#website","url":"https:\/\/manskin.ethos-dev.ch\/","name":"Manskin.ch","description":"Tous les produits de beaut\u00e9 pour les hommes les plus exigeants","publisher":{"@id":"https:\/\/manskin.ethos-dev.ch\/#organization"},"potentialAction":[{"@type":"SearchAction","target":{"@type":"EntryPoint","urlTemplate":"https:\/\/manskin.ethos-dev.ch\/?s={search_term_string}"},"query-input":{"@type":"PropertyValueSpecification","valueRequired":true,"valueName":"search_term_string"}}],"inLanguage":"fr-FR"},{"@type":"Organization","@id":"https:\/\/manskin.ethos-dev.ch\/#organization","name":"Manskin.ch - der Schweizer Onlineshop f\u00fcr qualit\u00e4tsstarke M\u00e4nnerpflege","url":"https:\/\/manskin.ethos-dev.ch\/","logo":{"@type":"ImageObject","inLanguage":"fr-FR","@id":"https:\/\/manskin.ethos-dev.ch\/#\/schema\/logo\/image\/","url":"https:\/\/manskin.ethos-dev.ch\/wp-content\/uploads\/2021\/04\/cropped-logo_head.png","contentUrl":"https:\/\/manskin.ethos-dev.ch\/wp-content\/uploads\/2021\/04\/cropped-logo_head.png","width":235,"height":75,"caption":"Manskin.ch - der Schweizer Onlineshop f\u00fcr qualit\u00e4tsstarke M\u00e4nnerpflege"},"image":{"@id":"https:\/\/manskin.ethos-dev.ch\/#\/schema\/logo\/image\/"},"sameAs":["https:\/\/www.facebook.com\/manskin.ch","https:\/\/www.instagram.com\/manskin.ch\/"]}]},"product_price_amount":"24.50","product_price_currency":"CHF","og_availability":"instock","product_availability":"instock","product_retailer_item_id":"13258","product_condition":"new"},"brands":[{"id":2770,"name":"Musgo Real","slug":"musgo-real"}],"_links":{"self":[{"href":"https:\/\/manskin.ethos-dev.ch\/fr\/wp-json\/wp\/v2\/product\/22137","targetHints":{"allow":["GET"]}}],"collection":[{"href":"https:\/\/manskin.ethos-dev.ch\/fr\/wp-json\/wp\/v2\/product"}],"about":[{"href":"https:\/\/manskin.ethos-dev.ch\/fr\/wp-json\/wp\/v2\/types\/product"}],"replies":[{"embeddable":true,"href":"https:\/\/manskin.ethos-dev.ch\/fr\/wp-json\/wp\/v2\/comments?post=22137"}],"wp:featuredmedia":[{"embeddable":true,"href":"https:\/\/manskin.ethos-dev.ch\/fr\/wp-json\/wp\/v2\/media\/83986"}],"wp:attachment":[{"href":"https:\/\/manskin.ethos-dev.ch\/fr\/wp-json\/wp\/v2\/media?parent=22137"}],"wp:term":[{"taxonomy":"pwb-brand","embeddable":true,"href":"https:\/\/manskin.ethos-dev.ch\/fr\/wp-json\/wp\/v2\/pwb-brand?post=22137"},{"taxonomy":"product_brand","embeddable":true,"href":"https:\/\/manskin.ethos-dev.ch\/fr\/wp-json\/wp\/v2\/product_brand?post=22137"},{"taxonomy":"product_cat","embeddable":true,"href":"https:\/\/manskin.ethos-dev.ch\/fr\/wp-json\/wp\/v2\/product_cat?post=22137"},{"taxonomy":"product_tag","embeddable":true,"href":"https:\/\/manskin.ethos-dev.ch\/fr\/wp-json\/wp\/v2\/product_tag?post=22137"}],"curies":[{"name":"wp","href":"https:\/\/api.w.org\/{rel}","templated":true}]}}