{"id":22547,"date":"2023-09-21T17:27:50","date_gmt":"2023-09-21T15:27:50","guid":{"rendered":"https:\/\/manskin.ethos-dev.ch\/?post_type=product&#038;p=22547"},"modified":"2024-10-20T10:34:30","modified_gmt":"2024-10-20T08:34:30","slug":"deodorant-naturel-a-lhuile-dolive-biologique-kopie","status":"publish","type":"product","link":"https:\/\/manskin.ethos-dev.ch\/fr\/produkt\/deodorant-naturel-a-lhuile-dolive-biologique-kopie\/","title":{"rendered":"Panier des Sens &#8211; L&#8217;Eau de Parfum"},"content":{"rendered":"<h2>Panier des Sens &#8211; L&#8217;Eau de Parfum<\/h2>\n<ul>\n<li>L&#8217;Eau de Parfum de Panier des Sens de la collection masculine L&#8217;Olivier, a l&#8217;\u00e9l\u00e9gance d&#8217;un parfum intense et est un m\u00e9lange de bois chauds et de musc sensuel.<\/li>\n<li>Avec des notes marines m\u00e9diterran\u00e9ennes, il est rafra\u00eechissant et offre une composition contrast\u00e9e et une interpr\u00e9tation en clair-obscur du bois d&#8217;olivier.<\/li>\n<li>Le c\u0153ur comprend des notes parfum\u00e9es de bois, de patchouli, de c\u00e8dre et de feuilles d&#8217;olivier. Les fleurs blanches subtiles enveloppent la composition dans un fond musqu\u00e9 aux notes d&#8217;ambre fum\u00e9.<\/li>\n<li>Note de t\u00eate : accord marin<\/li>\n<li>Note de c\u0153ur : feuilles d&#8217;olivier<\/li>\n<li>Note de base : bois de c\u00e8dre<\/li>\n<\/ul>\n<p>Les produits de Panier des Sens sont riches en principes actifs et en huiles essentielles et garantis sans :<br \/>\n&#8211; parab\u00e8ne<br \/>\n&#8211; ph\u00e9noxy\u00e9thanol<br \/>\n&#8211; aluminium<br \/>\n&#8211; \u00e9thanolamines<br \/>\n&#8211; Silicones<br \/>\n&#8211; N&#8217;est pas test\u00e9 sur les animaux.<\/p>\n<p>Contenu 50 ml.<\/p>\n<p>Panier des Sens est une marque biologique de haut niveau au charme du sud de la France.<\/p>\n","protected":false},"excerpt":{"rendered":"<p>Panier des Sens &#8211; L&#8217;Eau de Parfum L&#8217;Eau de Parfum de Panier des Sens de la collection masculine L&#8217;Olivier, a l&#8217;\u00e9l\u00e9gance d&#8217;un parfum intense et est un m\u00e9lange de bois chauds et de musc sensuel. Avec des notes marines m\u00e9diterran\u00e9ennes, il est rafra\u00eechissant et offre une composition contrast\u00e9e et une interpr\u00e9tation en clair-obscur du bois &#8230; <a title=\"Panier des Sens &#8211; L&#8217;Eau de Parfum\" class=\"read-more\" href=\"https:\/\/manskin.ethos-dev.ch\/fr\/produkt\/deodorant-naturel-a-lhuile-dolive-biologique-kopie\/\" aria-label=\"En savoir plus sur Panier des Sens &#8211; L&#8217;Eau de Parfum\">Lire la suite<\/a><\/p>\n","protected":false},"featured_media":22550,"comment_status":"closed","ping_status":"closed","template":"","meta":{"_acf_changed":false},"pwb-brand":[2771],"product_brand":[],"product_cat":[2800,2388],"product_tag":[],"class_list":{"0":"post-22547","1":"product","2":"type-product","3":"status-publish","4":"has-post-thumbnail","6":"pwb-brand-panier-des-sens","7":"product_cat-parfum","8":"product_cat-panier-des-sens-fr","9":"product_shipping_class-standard-fr","10":"pa_ean-3760062889971-fr-2","11":"pa_hersteller-panier-des-sens-fr-2","12":"sales-flash-overlay","13":"woocommerce-text-align-center","14":"woocommerce-image-align-center","15":"do-quantity-buttons","16":"wc-has-gallery","17":"has-subscription-plans","19":"first","20":"instock","21":"purchasable","22":"product-type-simple"},"acf":[],"yoast_head":"<!-- This site is optimized with the Yoast SEO Premium plugin v24.8 (Yoast SEO v25.4) - https:\/\/yoast.com\/wordpress\/plugins\/seo\/ -->\n<title>Panier des Sens - L&#039;Eau de Parfum | Manskin.ch<\/title>\n<meta name=\"description\" content=\"Panier des Sens - L&#039;Eau de Parfum\" \/>\n<meta name=\"robots\" content=\"noindex, follow, max-snippet:-1, max-image-preview:large, max-video-preview:-1\" \/>\n<meta property=\"og:locale\" content=\"fr_FR\" \/>\n<meta property=\"og:type\" content=\"article\" \/>\n<meta property=\"og:title\" content=\"Panier des Sens - L&#039;Eau de Parfum\" \/>\n<meta property=\"og:description\" content=\"Panier des Sens - L&#039;Eau de Parfum\" \/>\n<meta property=\"og:url\" content=\"https:\/\/manskin.ethos-dev.ch\/fr\/produkt\/deodorant-naturel-a-lhuile-dolive-biologique-kopie\/\" \/>\n<meta property=\"og:site_name\" content=\"Manskin.ch\" \/>\n<meta property=\"article:publisher\" content=\"https:\/\/www.facebook.com\/manskin.ch\" \/>\n<meta property=\"article:modified_time\" content=\"2024-10-20T08:34:30+00:00\" \/>\n<meta property=\"og:image\" content=\"https:\/\/manskin.ethos-dev.ch\/wp-content\/uploads\/2023\/09\/Panier-des-Sens-Duft-High-Quality.jpg\" \/>\n\t<meta property=\"og:image:width\" content=\"800\" \/>\n\t<meta property=\"og:image:height\" content=\"800\" \/>\n\t<meta property=\"og:image:type\" content=\"image\/jpeg\" \/>\n<meta name=\"twitter:card\" content=\"summary_large_image\" \/>\n<meta name=\"twitter:label1\" content=\"Prix\" \/>\n\t<meta name=\"twitter:data1\" content=\"38.00&#067;&#072;&#070;\" \/>\n\t<meta name=\"twitter:label2\" content=\"Disponibilit\u00e9\" \/>\n\t<meta name=\"twitter:data2\" content=\"En stock\" \/>\n<script type=\"application\/ld+json\" class=\"yoast-schema-graph\">{\"@context\":\"https:\/\/schema.org\",\"@graph\":[{\"@type\":\"WebPage\",\"@id\":\"https:\/\/manskin.ethos-dev.ch\/fr\/produkt\/deodorant-naturel-a-lhuile-dolive-biologique-kopie\/\",\"url\":\"https:\/\/manskin.ethos-dev.ch\/fr\/produkt\/deodorant-naturel-a-lhuile-dolive-biologique-kopie\/\",\"name\":\"Panier des Sens - L'Eau de Parfum | Manskin.ch\",\"isPartOf\":{\"@id\":\"https:\/\/manskin.ethos-dev.ch\/#website\"},\"primaryImageOfPage\":{\"@id\":\"https:\/\/manskin.ethos-dev.ch\/fr\/produkt\/deodorant-naturel-a-lhuile-dolive-biologique-kopie\/#primaryimage\"},\"image\":{\"@id\":\"https:\/\/manskin.ethos-dev.ch\/fr\/produkt\/deodorant-naturel-a-lhuile-dolive-biologique-kopie\/#primaryimage\"},\"thumbnailUrl\":\"https:\/\/manskin.ethos-dev.ch\/wp-content\/uploads\/2023\/09\/Panier-des-Sens-Duft-High-Quality.jpg\",\"datePublished\":\"2023-09-21T15:27:50+00:00\",\"dateModified\":\"2024-10-20T08:34:30+00:00\",\"description\":\"Panier des Sens - L'Eau de Parfum\",\"breadcrumb\":{\"@id\":\"https:\/\/manskin.ethos-dev.ch\/fr\/produkt\/deodorant-naturel-a-lhuile-dolive-biologique-kopie\/#breadcrumb\"},\"inLanguage\":\"fr-FR\",\"potentialAction\":[{\"@type\":\"ReadAction\",\"target\":[\"https:\/\/manskin.ethos-dev.ch\/fr\/produkt\/deodorant-naturel-a-lhuile-dolive-biologique-kopie\/\"]}]},{\"@type\":\"ImageObject\",\"inLanguage\":\"fr-FR\",\"@id\":\"https:\/\/manskin.ethos-dev.ch\/fr\/produkt\/deodorant-naturel-a-lhuile-dolive-biologique-kopie\/#primaryimage\",\"url\":\"https:\/\/manskin.ethos-dev.ch\/wp-content\/uploads\/2023\/09\/Panier-des-Sens-Duft-High-Quality.jpg\",\"contentUrl\":\"https:\/\/manskin.ethos-dev.ch\/wp-content\/uploads\/2023\/09\/Panier-des-Sens-Duft-High-Quality.jpg\",\"width\":800,\"height\":800},{\"@type\":\"BreadcrumbList\",\"@id\":\"https:\/\/manskin.ethos-dev.ch\/fr\/produkt\/deodorant-naturel-a-lhuile-dolive-biologique-kopie\/#breadcrumb\",\"itemListElement\":[{\"@type\":\"ListItem\",\"position\":1,\"name\":\"Startseite\",\"item\":\"https:\/\/manskin.ethos-dev.ch\/fr\/\"},{\"@type\":\"ListItem\",\"position\":2,\"name\":\"Shop\",\"item\":\"https:\/\/manskin.ethos-dev.ch\/shop\/\"},{\"@type\":\"ListItem\",\"position\":3,\"name\":\"Panier des Sens &#8211; L&#8217;Eau de Parfum\"}]},{\"@type\":\"WebSite\",\"@id\":\"https:\/\/manskin.ethos-dev.ch\/#website\",\"url\":\"https:\/\/manskin.ethos-dev.ch\/\",\"name\":\"Manskin.ch\",\"description\":\"Tous les produits de beaut\u00e9 pour les hommes les plus exigeants\",\"publisher\":{\"@id\":\"https:\/\/manskin.ethos-dev.ch\/#organization\"},\"potentialAction\":[{\"@type\":\"SearchAction\",\"target\":{\"@type\":\"EntryPoint\",\"urlTemplate\":\"https:\/\/manskin.ethos-dev.ch\/?s={search_term_string}\"},\"query-input\":{\"@type\":\"PropertyValueSpecification\",\"valueRequired\":true,\"valueName\":\"search_term_string\"}}],\"inLanguage\":\"fr-FR\"},{\"@type\":\"Organization\",\"@id\":\"https:\/\/manskin.ethos-dev.ch\/#organization\",\"name\":\"Manskin.ch - der Schweizer Onlineshop f\u00fcr qualit\u00e4tsstarke M\u00e4nnerpflege\",\"url\":\"https:\/\/manskin.ethos-dev.ch\/\",\"logo\":{\"@type\":\"ImageObject\",\"inLanguage\":\"fr-FR\",\"@id\":\"https:\/\/manskin.ethos-dev.ch\/#\/schema\/logo\/image\/\",\"url\":\"https:\/\/manskin.ethos-dev.ch\/wp-content\/uploads\/2021\/04\/cropped-logo_head.png\",\"contentUrl\":\"https:\/\/manskin.ethos-dev.ch\/wp-content\/uploads\/2021\/04\/cropped-logo_head.png\",\"width\":235,\"height\":75,\"caption\":\"Manskin.ch - der Schweizer Onlineshop f\u00fcr qualit\u00e4tsstarke M\u00e4nnerpflege\"},\"image\":{\"@id\":\"https:\/\/manskin.ethos-dev.ch\/#\/schema\/logo\/image\/\"},\"sameAs\":[\"https:\/\/www.facebook.com\/manskin.ch\",\"https:\/\/www.instagram.com\/manskin.ch\/\"]}]}<\/script>\n<meta property=\"product:price:amount\" content=\"38.00\" \/>\n<meta property=\"product:price:currency\" content=\"CHF\" \/>\n<meta property=\"og:availability\" content=\"instock\" \/>\n<meta property=\"product:availability\" content=\"instock\" \/>\n<meta property=\"product:retailer_item_id\" content=\"12953\" \/>\n<meta property=\"product:condition\" content=\"new\" \/>\n<!-- \/ Yoast SEO Premium plugin. -->","yoast_head_json":{"title":"Panier des Sens - L'Eau de Parfum | Manskin.ch","description":"Panier des Sens - L'Eau de Parfum","robots":{"index":"noindex","follow":"follow","max-snippet":"max-snippet:-1","max-image-preview":"max-image-preview:large","max-video-preview":"max-video-preview:-1"},"og_locale":"fr_FR","og_type":"article","og_title":"Panier des Sens - L'Eau de Parfum","og_description":"Panier des Sens - L'Eau de Parfum","og_url":"https:\/\/manskin.ethos-dev.ch\/fr\/produkt\/deodorant-naturel-a-lhuile-dolive-biologique-kopie\/","og_site_name":"Manskin.ch","article_publisher":"https:\/\/www.facebook.com\/manskin.ch","article_modified_time":"2024-10-20T08:34:30+00:00","og_image":[{"width":800,"height":800,"url":"https:\/\/manskin.ethos-dev.ch\/wp-content\/uploads\/2023\/09\/Panier-des-Sens-Duft-High-Quality.jpg","type":"image\/jpeg"}],"twitter_card":"summary_large_image","twitter_misc":{"Prix":"38.00&#67;&#72;&#70;","Disponibilit\u00e9":"En stock"},"schema":{"@context":"https:\/\/schema.org","@graph":[{"@type":"WebPage","@id":"https:\/\/manskin.ethos-dev.ch\/fr\/produkt\/deodorant-naturel-a-lhuile-dolive-biologique-kopie\/","url":"https:\/\/manskin.ethos-dev.ch\/fr\/produkt\/deodorant-naturel-a-lhuile-dolive-biologique-kopie\/","name":"Panier des Sens - L'Eau de Parfum | Manskin.ch","isPartOf":{"@id":"https:\/\/manskin.ethos-dev.ch\/#website"},"primaryImageOfPage":{"@id":"https:\/\/manskin.ethos-dev.ch\/fr\/produkt\/deodorant-naturel-a-lhuile-dolive-biologique-kopie\/#primaryimage"},"image":{"@id":"https:\/\/manskin.ethos-dev.ch\/fr\/produkt\/deodorant-naturel-a-lhuile-dolive-biologique-kopie\/#primaryimage"},"thumbnailUrl":"https:\/\/manskin.ethos-dev.ch\/wp-content\/uploads\/2023\/09\/Panier-des-Sens-Duft-High-Quality.jpg","datePublished":"2023-09-21T15:27:50+00:00","dateModified":"2024-10-20T08:34:30+00:00","description":"Panier des Sens - L'Eau de Parfum","breadcrumb":{"@id":"https:\/\/manskin.ethos-dev.ch\/fr\/produkt\/deodorant-naturel-a-lhuile-dolive-biologique-kopie\/#breadcrumb"},"inLanguage":"fr-FR","potentialAction":[{"@type":"ReadAction","target":["https:\/\/manskin.ethos-dev.ch\/fr\/produkt\/deodorant-naturel-a-lhuile-dolive-biologique-kopie\/"]}]},{"@type":"ImageObject","inLanguage":"fr-FR","@id":"https:\/\/manskin.ethos-dev.ch\/fr\/produkt\/deodorant-naturel-a-lhuile-dolive-biologique-kopie\/#primaryimage","url":"https:\/\/manskin.ethos-dev.ch\/wp-content\/uploads\/2023\/09\/Panier-des-Sens-Duft-High-Quality.jpg","contentUrl":"https:\/\/manskin.ethos-dev.ch\/wp-content\/uploads\/2023\/09\/Panier-des-Sens-Duft-High-Quality.jpg","width":800,"height":800},{"@type":"BreadcrumbList","@id":"https:\/\/manskin.ethos-dev.ch\/fr\/produkt\/deodorant-naturel-a-lhuile-dolive-biologique-kopie\/#breadcrumb","itemListElement":[{"@type":"ListItem","position":1,"name":"Startseite","item":"https:\/\/manskin.ethos-dev.ch\/fr\/"},{"@type":"ListItem","position":2,"name":"Shop","item":"https:\/\/manskin.ethos-dev.ch\/shop\/"},{"@type":"ListItem","position":3,"name":"Panier des Sens &#8211; L&#8217;Eau de Parfum"}]},{"@type":"WebSite","@id":"https:\/\/manskin.ethos-dev.ch\/#website","url":"https:\/\/manskin.ethos-dev.ch\/","name":"Manskin.ch","description":"Tous les produits de beaut\u00e9 pour les hommes les plus exigeants","publisher":{"@id":"https:\/\/manskin.ethos-dev.ch\/#organization"},"potentialAction":[{"@type":"SearchAction","target":{"@type":"EntryPoint","urlTemplate":"https:\/\/manskin.ethos-dev.ch\/?s={search_term_string}"},"query-input":{"@type":"PropertyValueSpecification","valueRequired":true,"valueName":"search_term_string"}}],"inLanguage":"fr-FR"},{"@type":"Organization","@id":"https:\/\/manskin.ethos-dev.ch\/#organization","name":"Manskin.ch - der Schweizer Onlineshop f\u00fcr qualit\u00e4tsstarke M\u00e4nnerpflege","url":"https:\/\/manskin.ethos-dev.ch\/","logo":{"@type":"ImageObject","inLanguage":"fr-FR","@id":"https:\/\/manskin.ethos-dev.ch\/#\/schema\/logo\/image\/","url":"https:\/\/manskin.ethos-dev.ch\/wp-content\/uploads\/2021\/04\/cropped-logo_head.png","contentUrl":"https:\/\/manskin.ethos-dev.ch\/wp-content\/uploads\/2021\/04\/cropped-logo_head.png","width":235,"height":75,"caption":"Manskin.ch - der Schweizer Onlineshop f\u00fcr qualit\u00e4tsstarke M\u00e4nnerpflege"},"image":{"@id":"https:\/\/manskin.ethos-dev.ch\/#\/schema\/logo\/image\/"},"sameAs":["https:\/\/www.facebook.com\/manskin.ch","https:\/\/www.instagram.com\/manskin.ch\/"]}]},"product_price_amount":"38.00","product_price_currency":"CHF","og_availability":"instock","product_availability":"instock","product_retailer_item_id":"12953","product_condition":"new"},"brands":[{"id":2771,"name":"Panier des Sens","slug":"panier-des-sens"}],"_links":{"self":[{"href":"https:\/\/manskin.ethos-dev.ch\/fr\/wp-json\/wp\/v2\/product\/22547","targetHints":{"allow":["GET"]}}],"collection":[{"href":"https:\/\/manskin.ethos-dev.ch\/fr\/wp-json\/wp\/v2\/product"}],"about":[{"href":"https:\/\/manskin.ethos-dev.ch\/fr\/wp-json\/wp\/v2\/types\/product"}],"replies":[{"embeddable":true,"href":"https:\/\/manskin.ethos-dev.ch\/fr\/wp-json\/wp\/v2\/comments?post=22547"}],"wp:featuredmedia":[{"embeddable":true,"href":"https:\/\/manskin.ethos-dev.ch\/fr\/wp-json\/wp\/v2\/media\/22550"}],"wp:attachment":[{"href":"https:\/\/manskin.ethos-dev.ch\/fr\/wp-json\/wp\/v2\/media?parent=22547"}],"wp:term":[{"taxonomy":"pwb-brand","embeddable":true,"href":"https:\/\/manskin.ethos-dev.ch\/fr\/wp-json\/wp\/v2\/pwb-brand?post=22547"},{"taxonomy":"product_brand","embeddable":true,"href":"https:\/\/manskin.ethos-dev.ch\/fr\/wp-json\/wp\/v2\/product_brand?post=22547"},{"taxonomy":"product_cat","embeddable":true,"href":"https:\/\/manskin.ethos-dev.ch\/fr\/wp-json\/wp\/v2\/product_cat?post=22547"},{"taxonomy":"product_tag","embeddable":true,"href":"https:\/\/manskin.ethos-dev.ch\/fr\/wp-json\/wp\/v2\/product_tag?post=22547"}],"curies":[{"name":"wp","href":"https:\/\/api.w.org\/{rel}","templated":true}]}}