{"id":22578,"date":"2023-09-24T10:14:53","date_gmt":"2023-09-24T08:14:53","guid":{"rendered":"https:\/\/manskin.ethos-dev.ch\/?post_type=product&#038;p=22578"},"modified":"2025-05-21T18:30:19","modified_gmt":"2025-05-21T16:30:19","slug":"road-to-glory-francais","status":"publish","type":"product","link":"https:\/\/manskin.ethos-dev.ch\/fr\/produkt\/road-to-glory-francais\/","title":{"rendered":"Gaisbock &#8211; Road to Glory F"},"content":{"rendered":"<h2>Gaisbock &#8211; Set de soins Road to Glory (text sur bo&icirc;te en fran&ccedil;ais)<\/h2>\n<p>Le set Road to Glory donne un coup de fouet pour commencer la journ&eacute;e &#8211; et continuer ensuite. Quoi qu&#39;il arrive, ce kit te rendra tellement pr&ecirc;t. Le style Gaisbock complet: shampooing stimulant, d&eacute;odorant longue dur&eacute;e, cr&egrave;me visage rafra&icirc;chissante. Le roll-on donne un coup de frais &agrave; ton regard, les chaussettes &agrave; ton look.<\/p>\n<h3>Shampooing &agrave; la caf&eacute;ine<\/h3>\n<ul>\n<li>Laisse agir le shampooing pendant 30 secondes et d&eacute;couvre comment la caf&eacute;ine revitalise tes cheveux et leur donne un aspect plus volumineux.<\/li>\n<li>Autres ingr&eacute;dients naturels : Prot&eacute;ine de bl&eacute;, gentiane, edelweiss, feuilles de bouleau, aloe vera, pois de senteur et eau riche des glaciers.<br \/>\n<h3>D&eacute;odorant<\/h3>\n<\/li>\n<li>D&eacute;odorant aux probiotiques, &agrave; la gentiane et &agrave; l&#39;edelweiss.<\/li>\n<li>Apaise, nettoie et prot&egrave;ge les cellules de la peau. Pour une sensation de fra&icirc;cheur durable, m&ecirc;me lorsqu&#39;il fait chaud.<\/li>\n<li>Des substances actives 100% naturelles sur lesquelles tu peux compter.<\/li>\n<\/ul>\n<p>0% d&#39;aluminium probl&eacute;matique.<\/p>\n<h3>Cr&egrave;me pour le visage<\/h3>\n<ul>\n<li>Effet: hydrate, apaise, stimule le m&eacute;tabolisme de la peau, purifie, prot&egrave;ge les cellules de la peau (capteur id&eacute;al de radicaux libres)<\/li>\n<li>Effet anti-&acirc;ge (prouv&eacute; cliniquement).<\/li>\n<li>100 % naturelle.<\/li>\n<li>Fabriqu&eacute; en Suisse.<\/li>\n<li>Avec de l&#39;edelweiss bio, de la gentiane jaune et des probiotiques.<br \/>\n<h3>Roll-on pour les yeux<\/h3>\n<\/li>\n<li>La nuit derni&egrave;re ? Tes yeux ne trahissent rien. Le v&eacute;ritable quartz cristal contenu dans le roll-on rafra&icirc;chit le contour de tes yeux.<\/li>\n<li>Les substances naturelles de ce soin contour des yeux r&eacute;duisent les cernes et apaisent les gonflements.<\/li>\n<li>Avec des probiotiques et 100% naturel.<br \/>\n<h3>Chaussettes blanches taille 42-45<\/h3>\n<\/li>\n<li>Tu aimes &ccedil;a, tu le sens &#8211; les chaussettes confortables sont tout simplement ce qu&#39;il y a de mieux. Surtout quand elles sont de la meilleure qualit&eacute;.<\/li>\n<li>Plus pr&eacute;cis&eacute;ment : 73% coton, 18% polyester, 7% polyamide, 2% &eacute;lasthanne.<\/li>\n<li>Pour le stretch, le maintien et le confort.<\/li>\n<\/ul>\n<p>Contenu : 1x shampooing 250 ml 1x d&eacute;odorant 50 ml 1x cr&egrave;me pour le visage Face Cream 50 ml 1x Roll-on pour les yeux 10 ml 1x paire de chaussettes blanches<\/p>\n","protected":false},"excerpt":{"rendered":"<p>Shampooing, cr\u00e8me visage, soin yeux, d\u00e9odorant, chaussettes<\/p>\n","protected":false},"featured_media":22564,"comment_status":"closed","ping_status":"closed","template":"","meta":{"_acf_changed":false},"pwb-brand":[2842],"product_brand":[],"product_cat":[2326,2332,2843,2414],"product_tag":[],"class_list":{"0":"post-22578","1":"product","2":"type-product","3":"status-publish","4":"has-post-thumbnail","6":"pwb-brand-gaisbock","7":"product_cat-cadeaux","8":"product_cat-set-de-visage","9":"product_cat-gaisbock-fr","10":"product_cat-cosmetique-naturelle","11":"product_shipping_class-standard-fr","12":"sales-flash-overlay","13":"woocommerce-text-align-center","14":"woocommerce-image-align-center","15":"do-quantity-buttons","16":"has-subscription-plans","18":"first","19":"instock","20":"purchasable","21":"product-type-simple"},"acf":[],"yoast_head":"<!-- This site is optimized with the Yoast SEO Premium plugin v24.8 (Yoast SEO v25.4) - https:\/\/yoast.com\/wordpress\/plugins\/seo\/ -->\n<title>Gaisbock - Road to Glory F | Manskin.ch<\/title>\n<meta name=\"description\" content=\"Gaisbock - Road to Glory F\" \/>\n<meta name=\"robots\" content=\"noindex, follow, max-snippet:-1, max-image-preview:large, max-video-preview:-1\" \/>\n<meta property=\"og:locale\" content=\"fr_FR\" \/>\n<meta property=\"og:type\" content=\"article\" \/>\n<meta property=\"og:title\" content=\"Gaisbock - Road to Glory F\" \/>\n<meta property=\"og:description\" content=\"Gaisbock - Road to Glory F\" \/>\n<meta property=\"og:url\" content=\"https:\/\/manskin.ethos-dev.ch\/fr\/produkt\/road-to-glory-francais\/\" \/>\n<meta property=\"og:site_name\" content=\"Manskin.ch\" \/>\n<meta property=\"article:publisher\" content=\"https:\/\/www.facebook.com\/manskin.ch\" \/>\n<meta property=\"article:modified_time\" content=\"2025-05-21T16:30:19+00:00\" \/>\n<meta property=\"og:image\" content=\"https:\/\/manskin.ethos-dev.ch\/wp-content\/uploads\/2023\/09\/Road-to-glory-High-Quality.jpg\" \/>\n\t<meta property=\"og:image:width\" content=\"800\" \/>\n\t<meta property=\"og:image:height\" content=\"800\" \/>\n\t<meta property=\"og:image:type\" content=\"image\/jpeg\" \/>\n<meta name=\"twitter:card\" content=\"summary_large_image\" \/>\n<meta name=\"twitter:label1\" content=\"Prix\" \/>\n\t<meta name=\"twitter:data1\" content=\"58.00&#067;&#072;&#070;\" \/>\n\t<meta name=\"twitter:label2\" content=\"Disponibilit\u00e9\" \/>\n\t<meta name=\"twitter:data2\" content=\"En stock\" \/>\n<script type=\"application\/ld+json\" class=\"yoast-schema-graph\">{\"@context\":\"https:\/\/schema.org\",\"@graph\":[{\"@type\":\"WebPage\",\"@id\":\"https:\/\/manskin.ethos-dev.ch\/fr\/produkt\/road-to-glory-francais\/\",\"url\":\"https:\/\/manskin.ethos-dev.ch\/fr\/produkt\/road-to-glory-francais\/\",\"name\":\"Gaisbock - Road to Glory F | Manskin.ch\",\"isPartOf\":{\"@id\":\"https:\/\/manskin.ethos-dev.ch\/#website\"},\"primaryImageOfPage\":{\"@id\":\"https:\/\/manskin.ethos-dev.ch\/fr\/produkt\/road-to-glory-francais\/#primaryimage\"},\"image\":{\"@id\":\"https:\/\/manskin.ethos-dev.ch\/fr\/produkt\/road-to-glory-francais\/#primaryimage\"},\"thumbnailUrl\":\"https:\/\/manskin.ethos-dev.ch\/wp-content\/uploads\/2023\/09\/Road-to-glory-High-Quality.jpg\",\"datePublished\":\"2023-09-24T08:14:53+00:00\",\"dateModified\":\"2025-05-21T16:30:19+00:00\",\"description\":\"Gaisbock - Road to Glory F\",\"breadcrumb\":{\"@id\":\"https:\/\/manskin.ethos-dev.ch\/fr\/produkt\/road-to-glory-francais\/#breadcrumb\"},\"inLanguage\":\"fr-FR\",\"potentialAction\":[{\"@type\":\"ReadAction\",\"target\":[\"https:\/\/manskin.ethos-dev.ch\/fr\/produkt\/road-to-glory-francais\/\"]}]},{\"@type\":\"ImageObject\",\"inLanguage\":\"fr-FR\",\"@id\":\"https:\/\/manskin.ethos-dev.ch\/fr\/produkt\/road-to-glory-francais\/#primaryimage\",\"url\":\"https:\/\/manskin.ethos-dev.ch\/wp-content\/uploads\/2023\/09\/Road-to-glory-High-Quality.jpg\",\"contentUrl\":\"https:\/\/manskin.ethos-dev.ch\/wp-content\/uploads\/2023\/09\/Road-to-glory-High-Quality.jpg\",\"width\":800,\"height\":800},{\"@type\":\"BreadcrumbList\",\"@id\":\"https:\/\/manskin.ethos-dev.ch\/fr\/produkt\/road-to-glory-francais\/#breadcrumb\",\"itemListElement\":[{\"@type\":\"ListItem\",\"position\":1,\"name\":\"Startseite\",\"item\":\"https:\/\/manskin.ethos-dev.ch\/fr\/\"},{\"@type\":\"ListItem\",\"position\":2,\"name\":\"Shop\",\"item\":\"https:\/\/manskin.ethos-dev.ch\/shop\/\"},{\"@type\":\"ListItem\",\"position\":3,\"name\":\"Gaisbock &#8211; Road to Glory F\"}]},{\"@type\":\"WebSite\",\"@id\":\"https:\/\/manskin.ethos-dev.ch\/#website\",\"url\":\"https:\/\/manskin.ethos-dev.ch\/\",\"name\":\"Manskin.ch\",\"description\":\"Tous les produits de beaut\u00e9 pour les hommes les plus exigeants\",\"publisher\":{\"@id\":\"https:\/\/manskin.ethos-dev.ch\/#organization\"},\"potentialAction\":[{\"@type\":\"SearchAction\",\"target\":{\"@type\":\"EntryPoint\",\"urlTemplate\":\"https:\/\/manskin.ethos-dev.ch\/?s={search_term_string}\"},\"query-input\":{\"@type\":\"PropertyValueSpecification\",\"valueRequired\":true,\"valueName\":\"search_term_string\"}}],\"inLanguage\":\"fr-FR\"},{\"@type\":\"Organization\",\"@id\":\"https:\/\/manskin.ethos-dev.ch\/#organization\",\"name\":\"Manskin.ch - der Schweizer Onlineshop f\u00fcr qualit\u00e4tsstarke M\u00e4nnerpflege\",\"url\":\"https:\/\/manskin.ethos-dev.ch\/\",\"logo\":{\"@type\":\"ImageObject\",\"inLanguage\":\"fr-FR\",\"@id\":\"https:\/\/manskin.ethos-dev.ch\/#\/schema\/logo\/image\/\",\"url\":\"https:\/\/manskin.ethos-dev.ch\/wp-content\/uploads\/2021\/04\/cropped-logo_head.png\",\"contentUrl\":\"https:\/\/manskin.ethos-dev.ch\/wp-content\/uploads\/2021\/04\/cropped-logo_head.png\",\"width\":235,\"height\":75,\"caption\":\"Manskin.ch - der Schweizer Onlineshop f\u00fcr qualit\u00e4tsstarke M\u00e4nnerpflege\"},\"image\":{\"@id\":\"https:\/\/manskin.ethos-dev.ch\/#\/schema\/logo\/image\/\"},\"sameAs\":[\"https:\/\/www.facebook.com\/manskin.ch\",\"https:\/\/www.instagram.com\/manskin.ch\/\"]}]}<\/script>\n<meta property=\"product:price:amount\" content=\"58.00\" \/>\n<meta property=\"product:price:currency\" content=\"CHF\" \/>\n<meta property=\"og:availability\" content=\"instock\" \/>\n<meta property=\"product:availability\" content=\"instock\" \/>\n<meta property=\"product:retailer_item_id\" content=\"13277\" \/>\n<meta property=\"product:condition\" content=\"new\" \/>\n<!-- \/ Yoast SEO Premium plugin. -->","yoast_head_json":{"title":"Gaisbock - Road to Glory F | Manskin.ch","description":"Gaisbock - Road to Glory F","robots":{"index":"noindex","follow":"follow","max-snippet":"max-snippet:-1","max-image-preview":"max-image-preview:large","max-video-preview":"max-video-preview:-1"},"og_locale":"fr_FR","og_type":"article","og_title":"Gaisbock - Road to Glory F","og_description":"Gaisbock - Road to Glory F","og_url":"https:\/\/manskin.ethos-dev.ch\/fr\/produkt\/road-to-glory-francais\/","og_site_name":"Manskin.ch","article_publisher":"https:\/\/www.facebook.com\/manskin.ch","article_modified_time":"2025-05-21T16:30:19+00:00","og_image":[{"width":800,"height":800,"url":"https:\/\/manskin.ethos-dev.ch\/wp-content\/uploads\/2023\/09\/Road-to-glory-High-Quality.jpg","type":"image\/jpeg"}],"twitter_card":"summary_large_image","twitter_misc":{"Prix":"58.00&#67;&#72;&#70;","Disponibilit\u00e9":"En stock"},"schema":{"@context":"https:\/\/schema.org","@graph":[{"@type":"WebPage","@id":"https:\/\/manskin.ethos-dev.ch\/fr\/produkt\/road-to-glory-francais\/","url":"https:\/\/manskin.ethos-dev.ch\/fr\/produkt\/road-to-glory-francais\/","name":"Gaisbock - Road to Glory F | Manskin.ch","isPartOf":{"@id":"https:\/\/manskin.ethos-dev.ch\/#website"},"primaryImageOfPage":{"@id":"https:\/\/manskin.ethos-dev.ch\/fr\/produkt\/road-to-glory-francais\/#primaryimage"},"image":{"@id":"https:\/\/manskin.ethos-dev.ch\/fr\/produkt\/road-to-glory-francais\/#primaryimage"},"thumbnailUrl":"https:\/\/manskin.ethos-dev.ch\/wp-content\/uploads\/2023\/09\/Road-to-glory-High-Quality.jpg","datePublished":"2023-09-24T08:14:53+00:00","dateModified":"2025-05-21T16:30:19+00:00","description":"Gaisbock - Road to Glory F","breadcrumb":{"@id":"https:\/\/manskin.ethos-dev.ch\/fr\/produkt\/road-to-glory-francais\/#breadcrumb"},"inLanguage":"fr-FR","potentialAction":[{"@type":"ReadAction","target":["https:\/\/manskin.ethos-dev.ch\/fr\/produkt\/road-to-glory-francais\/"]}]},{"@type":"ImageObject","inLanguage":"fr-FR","@id":"https:\/\/manskin.ethos-dev.ch\/fr\/produkt\/road-to-glory-francais\/#primaryimage","url":"https:\/\/manskin.ethos-dev.ch\/wp-content\/uploads\/2023\/09\/Road-to-glory-High-Quality.jpg","contentUrl":"https:\/\/manskin.ethos-dev.ch\/wp-content\/uploads\/2023\/09\/Road-to-glory-High-Quality.jpg","width":800,"height":800},{"@type":"BreadcrumbList","@id":"https:\/\/manskin.ethos-dev.ch\/fr\/produkt\/road-to-glory-francais\/#breadcrumb","itemListElement":[{"@type":"ListItem","position":1,"name":"Startseite","item":"https:\/\/manskin.ethos-dev.ch\/fr\/"},{"@type":"ListItem","position":2,"name":"Shop","item":"https:\/\/manskin.ethos-dev.ch\/shop\/"},{"@type":"ListItem","position":3,"name":"Gaisbock &#8211; Road to Glory F"}]},{"@type":"WebSite","@id":"https:\/\/manskin.ethos-dev.ch\/#website","url":"https:\/\/manskin.ethos-dev.ch\/","name":"Manskin.ch","description":"Tous les produits de beaut\u00e9 pour les hommes les plus exigeants","publisher":{"@id":"https:\/\/manskin.ethos-dev.ch\/#organization"},"potentialAction":[{"@type":"SearchAction","target":{"@type":"EntryPoint","urlTemplate":"https:\/\/manskin.ethos-dev.ch\/?s={search_term_string}"},"query-input":{"@type":"PropertyValueSpecification","valueRequired":true,"valueName":"search_term_string"}}],"inLanguage":"fr-FR"},{"@type":"Organization","@id":"https:\/\/manskin.ethos-dev.ch\/#organization","name":"Manskin.ch - der Schweizer Onlineshop f\u00fcr qualit\u00e4tsstarke M\u00e4nnerpflege","url":"https:\/\/manskin.ethos-dev.ch\/","logo":{"@type":"ImageObject","inLanguage":"fr-FR","@id":"https:\/\/manskin.ethos-dev.ch\/#\/schema\/logo\/image\/","url":"https:\/\/manskin.ethos-dev.ch\/wp-content\/uploads\/2021\/04\/cropped-logo_head.png","contentUrl":"https:\/\/manskin.ethos-dev.ch\/wp-content\/uploads\/2021\/04\/cropped-logo_head.png","width":235,"height":75,"caption":"Manskin.ch - der Schweizer Onlineshop f\u00fcr qualit\u00e4tsstarke M\u00e4nnerpflege"},"image":{"@id":"https:\/\/manskin.ethos-dev.ch\/#\/schema\/logo\/image\/"},"sameAs":["https:\/\/www.facebook.com\/manskin.ch","https:\/\/www.instagram.com\/manskin.ch\/"]}]},"product_price_amount":"58.00","product_price_currency":"CHF","og_availability":"instock","product_availability":"instock","product_retailer_item_id":"13277","product_condition":"new"},"brands":[{"id":2842,"name":"Gaisbock","slug":"gaisbock"}],"_links":{"self":[{"href":"https:\/\/manskin.ethos-dev.ch\/fr\/wp-json\/wp\/v2\/product\/22578","targetHints":{"allow":["GET"]}}],"collection":[{"href":"https:\/\/manskin.ethos-dev.ch\/fr\/wp-json\/wp\/v2\/product"}],"about":[{"href":"https:\/\/manskin.ethos-dev.ch\/fr\/wp-json\/wp\/v2\/types\/product"}],"replies":[{"embeddable":true,"href":"https:\/\/manskin.ethos-dev.ch\/fr\/wp-json\/wp\/v2\/comments?post=22578"}],"wp:featuredmedia":[{"embeddable":true,"href":"https:\/\/manskin.ethos-dev.ch\/fr\/wp-json\/wp\/v2\/media\/22564"}],"wp:attachment":[{"href":"https:\/\/manskin.ethos-dev.ch\/fr\/wp-json\/wp\/v2\/media?parent=22578"}],"wp:term":[{"taxonomy":"pwb-brand","embeddable":true,"href":"https:\/\/manskin.ethos-dev.ch\/fr\/wp-json\/wp\/v2\/pwb-brand?post=22578"},{"taxonomy":"product_brand","embeddable":true,"href":"https:\/\/manskin.ethos-dev.ch\/fr\/wp-json\/wp\/v2\/product_brand?post=22578"},{"taxonomy":"product_cat","embeddable":true,"href":"https:\/\/manskin.ethos-dev.ch\/fr\/wp-json\/wp\/v2\/product_cat?post=22578"},{"taxonomy":"product_tag","embeddable":true,"href":"https:\/\/manskin.ethos-dev.ch\/fr\/wp-json\/wp\/v2\/product_tag?post=22578"}],"curies":[{"name":"wp","href":"https:\/\/api.w.org\/{rel}","templated":true}]}}