{"id":22645,"date":"2023-10-07T13:54:30","date_gmt":"2023-10-07T11:54:30","guid":{"rendered":"https:\/\/manskin.ethos-dev.ch\/?post_type=product&#038;p=22645"},"modified":"2025-04-24T15:14:24","modified_gmt":"2025-04-24T13:14:24","slug":"set-de-rasage-rytmo-frene-avec-blaireau-et-rasoir","status":"publish","type":"product","link":"https:\/\/manskin.ethos-dev.ch\/fr\/produkt\/set-de-rasage-rytmo-frene-avec-blaireau-et-rasoir\/","title":{"rendered":"M\u00dcHLE &#8211; Set de rasage Rytmo en fr\u00eane avec blaireau et rasoir"},"content":{"rendered":"<h2>M\u00dcHLE &#8211; Set de rasage Rytmo avec blaireau et rasoir de s\u00fbret\u00e9 en fr\u00eane<\/h2>\n<p>Set de rasage 3 pi\u00e8ces sans bol, manches en r\u00e9sine pr\u00e9cieuse avec accents en m\u00e9tal chrom\u00e9<\/p>\n<p>Le set de rasage Rytmo se compose de:<\/p>\n<ul>\n<li>Blaireau en pur poil de blaireau<\/li>\n<li>Rasoir \u00e0 lame classique (peigne ferm\u00e9)<\/li>\n<li>Support en m\u00e9tal chrom\u00e9<\/li>\n<li>Poign\u00e9es en fr\u00eane avec m\u00e9tal chrom\u00e9<\/li>\n<\/ul>\n<h3>Le mat\u00e9riau &#8211; le fr\u00eane<\/h3>\n<ul>\n<li>Le fr\u00eane est l&#8217;un des principaux bois feuillus indig\u00e8nes. On le trouve en Europe, en particulier dans les r\u00e9gions les plus septentrionales.<\/li>\n<li>Pour la production, le bois est chauff\u00e9 tr\u00e8s fortement pendant une courte p\u00e9riode. Ce proc\u00e9d\u00e9 permet d&#8217;obtenir une grande r\u00e9sistance \u00e0 l&#8217;eau, d&#8217;accentuer le veinage et de donner au bois sa coloration brune.<\/li>\n<li>Afin de pr\u00e9server le caract\u00e8re naturel de la surface, celle-ci est uniquement trait\u00e9e \u00e0 l&#8217;huile et non vernie.<\/li>\n<li>Le bois est ainsi parfaitement prot\u00e9g\u00e9 contre l&#8217;eau et donc particuli\u00e8rement durable.<\/li>\n<\/ul>\n<h3>La t\u00eate de blaireau &#8211; du pur blaireau<\/h3>\n<ul>\n<li>Le pur poil de blaireau est la qualit\u00e9 de base parmi les types de poils naturels.<\/li>\n<li>On le reconna\u00eet \u00e0 sa coloration relativement fonc\u00e9e.<\/li>\n<li>Les poils individuels sont un peu plus forts, mais n\u00e9anmoins souples et nettement plus flexibles que les soies.<\/li>\n<li>Si vous choisissez un pinceau en poils de blaireau et que vous souhaitez obtenir un effet de massage un peu plus fort, cette qualit\u00e9 vous conviendra parfaitement.<br \/>\n<h3>La t\u00eate de rasoir &#8211; lame de rasoir classique<\/h3>\n<\/li>\n<li>Depuis des g\u00e9n\u00e9rations, la t\u00eate de rasoir est consid\u00e9r\u00e9e comme un classique styl\u00e9 qui permet de raser m\u00eame les contours avec pr\u00e9cision. Pour beaucoup, il est le rasoir par excellence.<\/li>\n<li>M\u00eame si la lame demande d&#8217;abord un peu de respect: apr\u00e8s un court temps d&#8217;adaptation, guid\u00e9 d&#8217;une main calme, celui-ci permet un rasage tr\u00e8s pr\u00e9cis dont le r\u00e9sultat dure longtemps.<\/li>\n<li>Contrairement aux syst\u00e8mes de lames modernes, la t\u00eate du rasoir est immobile.<\/li>\n<li>Les lames se changent en d\u00e9vissant le couvercle.<\/li>\n<\/ul>\n","protected":false},"excerpt":{"rendered":"<p>Set de rasage avec peigne ferm\u00e9, id\u00e9al pour d\u00e9butants<\/p>\n","protected":false},"featured_media":22648,"comment_status":"closed","ping_status":"closed","template":"","meta":{"_acf_changed":false},"pwb-brand":[2769],"product_brand":[],"product_cat":[2326,2412,2422,2425],"product_tag":[],"class_list":{"0":"post-22645","1":"product","2":"type-product","3":"status-publish","4":"has-post-thumbnail","6":"pwb-brand-muehle","7":"product_cat-cadeaux","8":"product_cat-muehle-fr","9":"product_cat-rasoir-de-suretee","10":"product_cat-blaireau-new","11":"product_shipping_class-standard-fr","12":"pa_hersteller-muehle-fr-2","13":"sales-flash-overlay","14":"woocommerce-text-align-center","15":"woocommerce-image-align-center","16":"do-quantity-buttons","17":"has-subscription-plans","19":"first","20":"instock","21":"purchasable","22":"product-type-simple"},"acf":[],"yoast_head":"<!-- This site is optimized with the Yoast SEO Premium plugin v24.8 (Yoast SEO v25.4) - https:\/\/yoast.com\/wordpress\/plugins\/seo\/ -->\n<title>M\u00dcHLE - Set de rasage Rytmo en fr\u00eane avec blaireau et rasoir | Manskin.ch<\/title>\n<meta name=\"description\" content=\"M\u00dcHLE - Set de rasage Rytmo en fr\u00eane avec blaireau et rasoir\" \/>\n<meta name=\"robots\" content=\"noindex, follow, max-snippet:-1, max-image-preview:large, max-video-preview:-1\" \/>\n<meta property=\"og:locale\" content=\"fr_FR\" \/>\n<meta property=\"og:type\" content=\"article\" \/>\n<meta property=\"og:title\" content=\"M\u00dcHLE - Set de rasage Rytmo en fr\u00eane avec blaireau et rasoir\" \/>\n<meta property=\"og:description\" content=\"M\u00dcHLE - Set de rasage Rytmo en fr\u00eane avec blaireau et rasoir\" \/>\n<meta property=\"og:url\" content=\"https:\/\/manskin.ethos-dev.ch\/fr\/produkt\/set-de-rasage-rytmo-frene-avec-blaireau-et-rasoir\/\" \/>\n<meta property=\"og:site_name\" content=\"Manskin.ch\" \/>\n<meta property=\"article:publisher\" content=\"https:\/\/www.facebook.com\/manskin.ch\" \/>\n<meta property=\"article:modified_time\" content=\"2025-04-24T13:14:24+00:00\" \/>\n<meta property=\"og:image\" content=\"https:\/\/manskin.ethos-dev.ch\/wp-content\/uploads\/2023\/10\/muehle_rytmo_esche.jpg\" \/>\n\t<meta property=\"og:image:width\" content=\"800\" \/>\n\t<meta property=\"og:image:height\" content=\"800\" \/>\n\t<meta property=\"og:image:type\" content=\"image\/jpeg\" \/>\n<meta name=\"twitter:card\" content=\"summary_large_image\" \/>\n<meta name=\"twitter:label1\" content=\"Prix\" \/>\n\t<meta name=\"twitter:data1\" content=\"109.00&#067;&#072;&#070;\" \/>\n\t<meta name=\"twitter:label2\" content=\"Disponibilit\u00e9\" \/>\n\t<meta name=\"twitter:data2\" content=\"En stock\" \/>\n<script type=\"application\/ld+json\" class=\"yoast-schema-graph\">{\"@context\":\"https:\/\/schema.org\",\"@graph\":[{\"@type\":\"WebPage\",\"@id\":\"https:\/\/manskin.ethos-dev.ch\/fr\/produkt\/set-de-rasage-rytmo-frene-avec-blaireau-et-rasoir\/\",\"url\":\"https:\/\/manskin.ethos-dev.ch\/fr\/produkt\/set-de-rasage-rytmo-frene-avec-blaireau-et-rasoir\/\",\"name\":\"M\u00dcHLE - Set de rasage Rytmo en fr\u00eane avec blaireau et rasoir | Manskin.ch\",\"isPartOf\":{\"@id\":\"https:\/\/manskin.ethos-dev.ch\/#website\"},\"primaryImageOfPage\":{\"@id\":\"https:\/\/manskin.ethos-dev.ch\/fr\/produkt\/set-de-rasage-rytmo-frene-avec-blaireau-et-rasoir\/#primaryimage\"},\"image\":{\"@id\":\"https:\/\/manskin.ethos-dev.ch\/fr\/produkt\/set-de-rasage-rytmo-frene-avec-blaireau-et-rasoir\/#primaryimage\"},\"thumbnailUrl\":\"https:\/\/manskin.ethos-dev.ch\/wp-content\/uploads\/2023\/10\/muehle_rytmo_esche.jpg\",\"datePublished\":\"2023-10-07T11:54:30+00:00\",\"dateModified\":\"2025-04-24T13:14:24+00:00\",\"description\":\"M\u00dcHLE - Set de rasage Rytmo en fr\u00eane avec blaireau et rasoir\",\"breadcrumb\":{\"@id\":\"https:\/\/manskin.ethos-dev.ch\/fr\/produkt\/set-de-rasage-rytmo-frene-avec-blaireau-et-rasoir\/#breadcrumb\"},\"inLanguage\":\"fr-FR\",\"potentialAction\":[{\"@type\":\"ReadAction\",\"target\":[\"https:\/\/manskin.ethos-dev.ch\/fr\/produkt\/set-de-rasage-rytmo-frene-avec-blaireau-et-rasoir\/\"]}]},{\"@type\":\"ImageObject\",\"inLanguage\":\"fr-FR\",\"@id\":\"https:\/\/manskin.ethos-dev.ch\/fr\/produkt\/set-de-rasage-rytmo-frene-avec-blaireau-et-rasoir\/#primaryimage\",\"url\":\"https:\/\/manskin.ethos-dev.ch\/wp-content\/uploads\/2023\/10\/muehle_rytmo_esche.jpg\",\"contentUrl\":\"https:\/\/manskin.ethos-dev.ch\/wp-content\/uploads\/2023\/10\/muehle_rytmo_esche.jpg\",\"width\":800,\"height\":800,\"caption\":\"MUEHLE Rytmo\"},{\"@type\":\"BreadcrumbList\",\"@id\":\"https:\/\/manskin.ethos-dev.ch\/fr\/produkt\/set-de-rasage-rytmo-frene-avec-blaireau-et-rasoir\/#breadcrumb\",\"itemListElement\":[{\"@type\":\"ListItem\",\"position\":1,\"name\":\"Startseite\",\"item\":\"https:\/\/manskin.ethos-dev.ch\/fr\/\"},{\"@type\":\"ListItem\",\"position\":2,\"name\":\"Shop\",\"item\":\"https:\/\/manskin.ethos-dev.ch\/shop\/\"},{\"@type\":\"ListItem\",\"position\":3,\"name\":\"M\u00dcHLE &#8211; Set de rasage Rytmo en fr\u00eane avec blaireau et rasoir\"}]},{\"@type\":\"WebSite\",\"@id\":\"https:\/\/manskin.ethos-dev.ch\/#website\",\"url\":\"https:\/\/manskin.ethos-dev.ch\/\",\"name\":\"Manskin.ch\",\"description\":\"Tous les produits de beaut\u00e9 pour les hommes les plus exigeants\",\"publisher\":{\"@id\":\"https:\/\/manskin.ethos-dev.ch\/#organization\"},\"potentialAction\":[{\"@type\":\"SearchAction\",\"target\":{\"@type\":\"EntryPoint\",\"urlTemplate\":\"https:\/\/manskin.ethos-dev.ch\/?s={search_term_string}\"},\"query-input\":{\"@type\":\"PropertyValueSpecification\",\"valueRequired\":true,\"valueName\":\"search_term_string\"}}],\"inLanguage\":\"fr-FR\"},{\"@type\":\"Organization\",\"@id\":\"https:\/\/manskin.ethos-dev.ch\/#organization\",\"name\":\"Manskin.ch - der Schweizer Onlineshop f\u00fcr qualit\u00e4tsstarke M\u00e4nnerpflege\",\"url\":\"https:\/\/manskin.ethos-dev.ch\/\",\"logo\":{\"@type\":\"ImageObject\",\"inLanguage\":\"fr-FR\",\"@id\":\"https:\/\/manskin.ethos-dev.ch\/#\/schema\/logo\/image\/\",\"url\":\"https:\/\/manskin.ethos-dev.ch\/wp-content\/uploads\/2021\/04\/cropped-logo_head.png\",\"contentUrl\":\"https:\/\/manskin.ethos-dev.ch\/wp-content\/uploads\/2021\/04\/cropped-logo_head.png\",\"width\":235,\"height\":75,\"caption\":\"Manskin.ch - der Schweizer Onlineshop f\u00fcr qualit\u00e4tsstarke M\u00e4nnerpflege\"},\"image\":{\"@id\":\"https:\/\/manskin.ethos-dev.ch\/#\/schema\/logo\/image\/\"},\"sameAs\":[\"https:\/\/www.facebook.com\/manskin.ch\",\"https:\/\/www.instagram.com\/manskin.ch\/\"]}]}<\/script>\n<meta property=\"product:price:amount\" content=\"109.00\" \/>\n<meta property=\"product:price:currency\" content=\"CHF\" \/>\n<meta property=\"og:availability\" content=\"instock\" \/>\n<meta property=\"product:availability\" content=\"instock\" \/>\n<meta property=\"product:retailer_item_id\" content=\"13279\" \/>\n<meta property=\"product:condition\" content=\"new\" \/>\n<!-- \/ Yoast SEO Premium plugin. -->","yoast_head_json":{"title":"M\u00dcHLE - Set de rasage Rytmo en fr\u00eane avec blaireau et rasoir | Manskin.ch","description":"M\u00dcHLE - Set de rasage Rytmo en fr\u00eane avec blaireau et rasoir","robots":{"index":"noindex","follow":"follow","max-snippet":"max-snippet:-1","max-image-preview":"max-image-preview:large","max-video-preview":"max-video-preview:-1"},"og_locale":"fr_FR","og_type":"article","og_title":"M\u00dcHLE - Set de rasage Rytmo en fr\u00eane avec blaireau et rasoir","og_description":"M\u00dcHLE - Set de rasage Rytmo en fr\u00eane avec blaireau et rasoir","og_url":"https:\/\/manskin.ethos-dev.ch\/fr\/produkt\/set-de-rasage-rytmo-frene-avec-blaireau-et-rasoir\/","og_site_name":"Manskin.ch","article_publisher":"https:\/\/www.facebook.com\/manskin.ch","article_modified_time":"2025-04-24T13:14:24+00:00","og_image":[{"width":800,"height":800,"url":"https:\/\/manskin.ethos-dev.ch\/wp-content\/uploads\/2023\/10\/muehle_rytmo_esche.jpg","type":"image\/jpeg"}],"twitter_card":"summary_large_image","twitter_misc":{"Prix":"109.00&#67;&#72;&#70;","Disponibilit\u00e9":"En stock"},"schema":{"@context":"https:\/\/schema.org","@graph":[{"@type":"WebPage","@id":"https:\/\/manskin.ethos-dev.ch\/fr\/produkt\/set-de-rasage-rytmo-frene-avec-blaireau-et-rasoir\/","url":"https:\/\/manskin.ethos-dev.ch\/fr\/produkt\/set-de-rasage-rytmo-frene-avec-blaireau-et-rasoir\/","name":"M\u00dcHLE - Set de rasage Rytmo en fr\u00eane avec blaireau et rasoir | Manskin.ch","isPartOf":{"@id":"https:\/\/manskin.ethos-dev.ch\/#website"},"primaryImageOfPage":{"@id":"https:\/\/manskin.ethos-dev.ch\/fr\/produkt\/set-de-rasage-rytmo-frene-avec-blaireau-et-rasoir\/#primaryimage"},"image":{"@id":"https:\/\/manskin.ethos-dev.ch\/fr\/produkt\/set-de-rasage-rytmo-frene-avec-blaireau-et-rasoir\/#primaryimage"},"thumbnailUrl":"https:\/\/manskin.ethos-dev.ch\/wp-content\/uploads\/2023\/10\/muehle_rytmo_esche.jpg","datePublished":"2023-10-07T11:54:30+00:00","dateModified":"2025-04-24T13:14:24+00:00","description":"M\u00dcHLE - Set de rasage Rytmo en fr\u00eane avec blaireau et rasoir","breadcrumb":{"@id":"https:\/\/manskin.ethos-dev.ch\/fr\/produkt\/set-de-rasage-rytmo-frene-avec-blaireau-et-rasoir\/#breadcrumb"},"inLanguage":"fr-FR","potentialAction":[{"@type":"ReadAction","target":["https:\/\/manskin.ethos-dev.ch\/fr\/produkt\/set-de-rasage-rytmo-frene-avec-blaireau-et-rasoir\/"]}]},{"@type":"ImageObject","inLanguage":"fr-FR","@id":"https:\/\/manskin.ethos-dev.ch\/fr\/produkt\/set-de-rasage-rytmo-frene-avec-blaireau-et-rasoir\/#primaryimage","url":"https:\/\/manskin.ethos-dev.ch\/wp-content\/uploads\/2023\/10\/muehle_rytmo_esche.jpg","contentUrl":"https:\/\/manskin.ethos-dev.ch\/wp-content\/uploads\/2023\/10\/muehle_rytmo_esche.jpg","width":800,"height":800,"caption":"MUEHLE Rytmo"},{"@type":"BreadcrumbList","@id":"https:\/\/manskin.ethos-dev.ch\/fr\/produkt\/set-de-rasage-rytmo-frene-avec-blaireau-et-rasoir\/#breadcrumb","itemListElement":[{"@type":"ListItem","position":1,"name":"Startseite","item":"https:\/\/manskin.ethos-dev.ch\/fr\/"},{"@type":"ListItem","position":2,"name":"Shop","item":"https:\/\/manskin.ethos-dev.ch\/shop\/"},{"@type":"ListItem","position":3,"name":"M\u00dcHLE &#8211; Set de rasage Rytmo en fr\u00eane avec blaireau et rasoir"}]},{"@type":"WebSite","@id":"https:\/\/manskin.ethos-dev.ch\/#website","url":"https:\/\/manskin.ethos-dev.ch\/","name":"Manskin.ch","description":"Tous les produits de beaut\u00e9 pour les hommes les plus exigeants","publisher":{"@id":"https:\/\/manskin.ethos-dev.ch\/#organization"},"potentialAction":[{"@type":"SearchAction","target":{"@type":"EntryPoint","urlTemplate":"https:\/\/manskin.ethos-dev.ch\/?s={search_term_string}"},"query-input":{"@type":"PropertyValueSpecification","valueRequired":true,"valueName":"search_term_string"}}],"inLanguage":"fr-FR"},{"@type":"Organization","@id":"https:\/\/manskin.ethos-dev.ch\/#organization","name":"Manskin.ch - der Schweizer Onlineshop f\u00fcr qualit\u00e4tsstarke M\u00e4nnerpflege","url":"https:\/\/manskin.ethos-dev.ch\/","logo":{"@type":"ImageObject","inLanguage":"fr-FR","@id":"https:\/\/manskin.ethos-dev.ch\/#\/schema\/logo\/image\/","url":"https:\/\/manskin.ethos-dev.ch\/wp-content\/uploads\/2021\/04\/cropped-logo_head.png","contentUrl":"https:\/\/manskin.ethos-dev.ch\/wp-content\/uploads\/2021\/04\/cropped-logo_head.png","width":235,"height":75,"caption":"Manskin.ch - der Schweizer Onlineshop f\u00fcr qualit\u00e4tsstarke M\u00e4nnerpflege"},"image":{"@id":"https:\/\/manskin.ethos-dev.ch\/#\/schema\/logo\/image\/"},"sameAs":["https:\/\/www.facebook.com\/manskin.ch","https:\/\/www.instagram.com\/manskin.ch\/"]}]},"product_price_amount":"109.00","product_price_currency":"CHF","og_availability":"instock","product_availability":"instock","product_retailer_item_id":"13279","product_condition":"new"},"brands":[{"id":2769,"name":"M\u00dcHLE","slug":"muehle"}],"_links":{"self":[{"href":"https:\/\/manskin.ethos-dev.ch\/fr\/wp-json\/wp\/v2\/product\/22645","targetHints":{"allow":["GET"]}}],"collection":[{"href":"https:\/\/manskin.ethos-dev.ch\/fr\/wp-json\/wp\/v2\/product"}],"about":[{"href":"https:\/\/manskin.ethos-dev.ch\/fr\/wp-json\/wp\/v2\/types\/product"}],"replies":[{"embeddable":true,"href":"https:\/\/manskin.ethos-dev.ch\/fr\/wp-json\/wp\/v2\/comments?post=22645"}],"wp:featuredmedia":[{"embeddable":true,"href":"https:\/\/manskin.ethos-dev.ch\/fr\/wp-json\/wp\/v2\/media\/22648"}],"wp:attachment":[{"href":"https:\/\/manskin.ethos-dev.ch\/fr\/wp-json\/wp\/v2\/media?parent=22645"}],"wp:term":[{"taxonomy":"pwb-brand","embeddable":true,"href":"https:\/\/manskin.ethos-dev.ch\/fr\/wp-json\/wp\/v2\/pwb-brand?post=22645"},{"taxonomy":"product_brand","embeddable":true,"href":"https:\/\/manskin.ethos-dev.ch\/fr\/wp-json\/wp\/v2\/product_brand?post=22645"},{"taxonomy":"product_cat","embeddable":true,"href":"https:\/\/manskin.ethos-dev.ch\/fr\/wp-json\/wp\/v2\/product_cat?post=22645"},{"taxonomy":"product_tag","embeddable":true,"href":"https:\/\/manskin.ethos-dev.ch\/fr\/wp-json\/wp\/v2\/product_tag?post=22645"}],"curies":[{"name":"wp","href":"https:\/\/api.w.org\/{rel}","templated":true}]}}