{"id":22833,"date":"2023-10-25T15:24:55","date_gmt":"2023-10-25T13:24:55","guid":{"rendered":"https:\/\/manskin.ethos-dev.ch\/?post_type=product&#038;p=22833"},"modified":"2025-04-11T16:14:14","modified_gmt":"2025-04-11T14:14:14","slug":"super-natural-hair-bodywash","status":"publish","type":"product","link":"https:\/\/manskin.ethos-dev.ch\/fr\/produkt\/super-natural-hair-bodywash\/","title":{"rendered":"RAW Naturals &#8211; Super Natural Hair &amp; Bodywash"},"content":{"rendered":"<h2>RAW Naturals &#8211; Super Natural Hair &#038; Bodywash<\/h2>\n<ul>\n<li>Gr\u00e2ce \u00e0 sa formule hydratante, le gel douche et le shampooing naturels rafra\u00eechissants nettoient efficacement sans dess\u00e9cher ni tirailler ta peau.<\/li>\n<li>Il se transforme en une mousse a\u00e9rienne et se rince en douceur, de sorte que le corps et les cheveux sont nettoy\u00e9s en profondeur et parfaitement parfum\u00e9s.<\/li>\n<li>La formule est naturelle \u00e0 98%.<\/li>\n<li>Eucalyptus, xylitol et menthe poivr\u00e9e: rafra\u00eechissants et tonifiants.<\/li>\n<li>K\u00e9ratine naturelle: assure une microp\u00e9n\u00e9tration profonde pour des cheveux plus forts et une peau plus belle.<\/li>\n<li>Nettoyants naturels doux issus de la pomme: nettoie en profondeur sans irriter la peau.<\/li>\n<li>Extraits de houblon : nourrissants, apaisants et hydratants.<\/li>\n<li>D\u00e9velopp\u00e9 et fabriqu\u00e9 en Su\u00e8de, 100% v\u00e9g\u00e9talien, sans sulfates, silicones et parab\u00e8nes.<\/li>\n<\/ul>\n<p>Utilisation: transformer en une mousse riche et rincer.<\/p>\n<p>Contenu 200 ml.<\/p>\n<p>\u00a0<\/p>\n","protected":false},"excerpt":{"rendered":"<p>RAW Naturals &#8211; Super Natural Hair &#038; Bodywash Gr\u00e2ce \u00e0 sa formule hydratante, le gel douche et le shampooing naturels rafra\u00eechissants nettoient efficacement sans dess\u00e9cher ni tirailler ta peau. Il se transforme en une mousse a\u00e9rienne et se rince en douceur, de sorte que le corps et les cheveux sont nettoy\u00e9s en profondeur et parfaitement &#8230; <a title=\"RAW Naturals &#8211; Super Natural Hair &amp; Bodywash\" class=\"read-more\" href=\"https:\/\/manskin.ethos-dev.ch\/fr\/produkt\/super-natural-hair-bodywash\/\" aria-label=\"En savoir plus sur RAW Naturals &#8211; Super Natural Hair &amp; Bodywash\">Lire la suite<\/a><\/p>\n","protected":false},"featured_media":22836,"comment_status":"closed","ping_status":"closed","template":"","meta":{"_acf_changed":false},"pwb-brand":[2777],"product_brand":[],"product_cat":[1948,2357,2806],"product_tag":[],"class_list":{"0":"post-22833","1":"product","2":"type-product","3":"status-publish","4":"has-post-thumbnail","6":"pwb-brand-raw-naturals","7":"product_cat-shampoing-conditioner","8":"product_cat-nettoyant-corps","9":"product_cat-raw-naturals-fr","10":"product_shipping_class-standard-fr","11":"pa_hersteller-raw-naturals-fr-2","12":"sales-flash-overlay","13":"woocommerce-text-align-center","14":"woocommerce-image-align-center","15":"do-quantity-buttons","16":"has-subscription-plans","18":"first","19":"instock","20":"purchasable","21":"product-type-simple"},"acf":[],"yoast_head":"<!-- This site is optimized with the Yoast SEO Premium plugin v24.8 (Yoast SEO v25.4) - https:\/\/yoast.com\/wordpress\/plugins\/seo\/ -->\n<title>RAW Naturals Supernatural Hair &amp; Bodywash | Manskin.ch<\/title>\n<meta name=\"description\" content=\"Gel douche et shampooing naturel rafra\u00eechissant \u00e0 la k\u00e9ratine, \u00e0 l&#039;eucalyptus, \u00e0 l&#039;extrait de pomme et au houblon. Maintient la peau et les cheveux en bonne sant\u00e9. A commander en ligne d\u00e8s maintenant.\" \/>\n<meta name=\"robots\" content=\"noindex, follow, max-snippet:-1, max-image-preview:large, max-video-preview:-1\" \/>\n<meta property=\"og:locale\" content=\"fr_FR\" \/>\n<meta property=\"og:type\" content=\"article\" \/>\n<meta property=\"og:title\" content=\"RAW Naturals - Super Natural Hair &amp; Bodywash\" \/>\n<meta property=\"og:description\" content=\"Gel douche et shampooing naturel rafra\u00eechissant \u00e0 la k\u00e9ratine, \u00e0 l&#039;eucalyptus, \u00e0 l&#039;extrait de pomme et au houblon. Maintient la peau et les cheveux en bonne sant\u00e9. A commander en ligne d\u00e8s maintenant.\" \/>\n<meta property=\"og:url\" content=\"https:\/\/manskin.ethos-dev.ch\/fr\/produkt\/super-natural-hair-bodywash\/\" \/>\n<meta property=\"og:site_name\" content=\"Manskin.ch\" \/>\n<meta property=\"article:publisher\" content=\"https:\/\/www.facebook.com\/manskin.ch\" \/>\n<meta property=\"article:modified_time\" content=\"2025-04-11T14:14:14+00:00\" \/>\n<meta property=\"og:image\" content=\"https:\/\/manskin.ethos-dev.ch\/wp-content\/uploads\/2023\/10\/WebbRAWNaturalsSupernaturalHair_BodyWash200ml_1800x1800.jpg\" \/>\n\t<meta property=\"og:image:width\" content=\"800\" \/>\n\t<meta property=\"og:image:height\" content=\"800\" \/>\n\t<meta property=\"og:image:type\" content=\"image\/jpeg\" \/>\n<meta name=\"twitter:card\" content=\"summary_large_image\" \/>\n<meta name=\"twitter:label1\" content=\"Prix\" \/>\n\t<meta name=\"twitter:data1\" content=\"18.00&#067;&#072;&#070;\" \/>\n\t<meta name=\"twitter:label2\" content=\"Disponibilit\u00e9\" \/>\n\t<meta name=\"twitter:data2\" content=\"En stock\" \/>\n<script type=\"application\/ld+json\" class=\"yoast-schema-graph\">{\"@context\":\"https:\/\/schema.org\",\"@graph\":[{\"@type\":\"WebPage\",\"@id\":\"https:\/\/manskin.ethos-dev.ch\/fr\/produkt\/super-natural-hair-bodywash\/\",\"url\":\"https:\/\/manskin.ethos-dev.ch\/fr\/produkt\/super-natural-hair-bodywash\/\",\"name\":\"RAW Naturals Supernatural Hair & Bodywash | Manskin.ch\",\"isPartOf\":{\"@id\":\"https:\/\/manskin.ethos-dev.ch\/#website\"},\"primaryImageOfPage\":{\"@id\":\"https:\/\/manskin.ethos-dev.ch\/fr\/produkt\/super-natural-hair-bodywash\/#primaryimage\"},\"image\":{\"@id\":\"https:\/\/manskin.ethos-dev.ch\/fr\/produkt\/super-natural-hair-bodywash\/#primaryimage\"},\"thumbnailUrl\":\"https:\/\/manskin.ethos-dev.ch\/wp-content\/uploads\/2023\/10\/WebbRAWNaturalsSupernaturalHair_BodyWash200ml_1800x1800.jpg\",\"datePublished\":\"2023-10-25T13:24:55+00:00\",\"dateModified\":\"2025-04-11T14:14:14+00:00\",\"description\":\"Gel douche et shampooing naturel rafra\u00eechissant \u00e0 la k\u00e9ratine, \u00e0 l'eucalyptus, \u00e0 l'extrait de pomme et au houblon. Maintient la peau et les cheveux en bonne sant\u00e9. A commander en ligne d\u00e8s maintenant.\",\"breadcrumb\":{\"@id\":\"https:\/\/manskin.ethos-dev.ch\/fr\/produkt\/super-natural-hair-bodywash\/#breadcrumb\"},\"inLanguage\":\"fr-FR\",\"potentialAction\":[{\"@type\":\"ReadAction\",\"target\":[\"https:\/\/manskin.ethos-dev.ch\/fr\/produkt\/super-natural-hair-bodywash\/\"]}]},{\"@type\":\"ImageObject\",\"inLanguage\":\"fr-FR\",\"@id\":\"https:\/\/manskin.ethos-dev.ch\/fr\/produkt\/super-natural-hair-bodywash\/#primaryimage\",\"url\":\"https:\/\/manskin.ethos-dev.ch\/wp-content\/uploads\/2023\/10\/WebbRAWNaturalsSupernaturalHair_BodyWash200ml_1800x1800.jpg\",\"contentUrl\":\"https:\/\/manskin.ethos-dev.ch\/wp-content\/uploads\/2023\/10\/WebbRAWNaturalsSupernaturalHair_BodyWash200ml_1800x1800.jpg\",\"width\":800,\"height\":800},{\"@type\":\"BreadcrumbList\",\"@id\":\"https:\/\/manskin.ethos-dev.ch\/fr\/produkt\/super-natural-hair-bodywash\/#breadcrumb\",\"itemListElement\":[{\"@type\":\"ListItem\",\"position\":1,\"name\":\"Startseite\",\"item\":\"https:\/\/manskin.ethos-dev.ch\/fr\/\"},{\"@type\":\"ListItem\",\"position\":2,\"name\":\"Shop\",\"item\":\"https:\/\/manskin.ethos-dev.ch\/shop\/\"},{\"@type\":\"ListItem\",\"position\":3,\"name\":\"RAW Naturals &#8211; Super Natural Hair &amp; Bodywash\"}]},{\"@type\":\"WebSite\",\"@id\":\"https:\/\/manskin.ethos-dev.ch\/#website\",\"url\":\"https:\/\/manskin.ethos-dev.ch\/\",\"name\":\"Manskin.ch\",\"description\":\"Tous les produits de beaut\u00e9 pour les hommes les plus exigeants\",\"publisher\":{\"@id\":\"https:\/\/manskin.ethos-dev.ch\/#organization\"},\"potentialAction\":[{\"@type\":\"SearchAction\",\"target\":{\"@type\":\"EntryPoint\",\"urlTemplate\":\"https:\/\/manskin.ethos-dev.ch\/?s={search_term_string}\"},\"query-input\":{\"@type\":\"PropertyValueSpecification\",\"valueRequired\":true,\"valueName\":\"search_term_string\"}}],\"inLanguage\":\"fr-FR\"},{\"@type\":\"Organization\",\"@id\":\"https:\/\/manskin.ethos-dev.ch\/#organization\",\"name\":\"Manskin.ch - der Schweizer Onlineshop f\u00fcr qualit\u00e4tsstarke M\u00e4nnerpflege\",\"url\":\"https:\/\/manskin.ethos-dev.ch\/\",\"logo\":{\"@type\":\"ImageObject\",\"inLanguage\":\"fr-FR\",\"@id\":\"https:\/\/manskin.ethos-dev.ch\/#\/schema\/logo\/image\/\",\"url\":\"https:\/\/manskin.ethos-dev.ch\/wp-content\/uploads\/2021\/04\/cropped-logo_head.png\",\"contentUrl\":\"https:\/\/manskin.ethos-dev.ch\/wp-content\/uploads\/2021\/04\/cropped-logo_head.png\",\"width\":235,\"height\":75,\"caption\":\"Manskin.ch - der Schweizer Onlineshop f\u00fcr qualit\u00e4tsstarke M\u00e4nnerpflege\"},\"image\":{\"@id\":\"https:\/\/manskin.ethos-dev.ch\/#\/schema\/logo\/image\/\"},\"sameAs\":[\"https:\/\/www.facebook.com\/manskin.ch\",\"https:\/\/www.instagram.com\/manskin.ch\/\"]}]}<\/script>\n<meta property=\"product:price:amount\" content=\"18.00\" \/>\n<meta property=\"product:price:currency\" content=\"CHF\" \/>\n<meta property=\"og:availability\" content=\"instock\" \/>\n<meta property=\"product:availability\" content=\"instock\" \/>\n<meta property=\"product:retailer_item_id\" content=\"13291\" \/>\n<meta property=\"product:condition\" content=\"new\" \/>\n<!-- \/ Yoast SEO Premium plugin. -->","yoast_head_json":{"title":"RAW Naturals Supernatural Hair & Bodywash | Manskin.ch","description":"Gel douche et shampooing naturel rafra\u00eechissant \u00e0 la k\u00e9ratine, \u00e0 l'eucalyptus, \u00e0 l'extrait de pomme et au houblon. Maintient la peau et les cheveux en bonne sant\u00e9. A commander en ligne d\u00e8s maintenant.","robots":{"index":"noindex","follow":"follow","max-snippet":"max-snippet:-1","max-image-preview":"max-image-preview:large","max-video-preview":"max-video-preview:-1"},"og_locale":"fr_FR","og_type":"article","og_title":"RAW Naturals - Super Natural Hair &amp; Bodywash","og_description":"Gel douche et shampooing naturel rafra\u00eechissant \u00e0 la k\u00e9ratine, \u00e0 l'eucalyptus, \u00e0 l'extrait de pomme et au houblon. Maintient la peau et les cheveux en bonne sant\u00e9. A commander en ligne d\u00e8s maintenant.","og_url":"https:\/\/manskin.ethos-dev.ch\/fr\/produkt\/super-natural-hair-bodywash\/","og_site_name":"Manskin.ch","article_publisher":"https:\/\/www.facebook.com\/manskin.ch","article_modified_time":"2025-04-11T14:14:14+00:00","og_image":[{"width":800,"height":800,"url":"https:\/\/manskin.ethos-dev.ch\/wp-content\/uploads\/2023\/10\/WebbRAWNaturalsSupernaturalHair_BodyWash200ml_1800x1800.jpg","type":"image\/jpeg"}],"twitter_card":"summary_large_image","twitter_misc":{"Prix":"18.00&#67;&#72;&#70;","Disponibilit\u00e9":"En stock"},"schema":{"@context":"https:\/\/schema.org","@graph":[{"@type":"WebPage","@id":"https:\/\/manskin.ethos-dev.ch\/fr\/produkt\/super-natural-hair-bodywash\/","url":"https:\/\/manskin.ethos-dev.ch\/fr\/produkt\/super-natural-hair-bodywash\/","name":"RAW Naturals Supernatural Hair & Bodywash | Manskin.ch","isPartOf":{"@id":"https:\/\/manskin.ethos-dev.ch\/#website"},"primaryImageOfPage":{"@id":"https:\/\/manskin.ethos-dev.ch\/fr\/produkt\/super-natural-hair-bodywash\/#primaryimage"},"image":{"@id":"https:\/\/manskin.ethos-dev.ch\/fr\/produkt\/super-natural-hair-bodywash\/#primaryimage"},"thumbnailUrl":"https:\/\/manskin.ethos-dev.ch\/wp-content\/uploads\/2023\/10\/WebbRAWNaturalsSupernaturalHair_BodyWash200ml_1800x1800.jpg","datePublished":"2023-10-25T13:24:55+00:00","dateModified":"2025-04-11T14:14:14+00:00","description":"Gel douche et shampooing naturel rafra\u00eechissant \u00e0 la k\u00e9ratine, \u00e0 l'eucalyptus, \u00e0 l'extrait de pomme et au houblon. Maintient la peau et les cheveux en bonne sant\u00e9. A commander en ligne d\u00e8s maintenant.","breadcrumb":{"@id":"https:\/\/manskin.ethos-dev.ch\/fr\/produkt\/super-natural-hair-bodywash\/#breadcrumb"},"inLanguage":"fr-FR","potentialAction":[{"@type":"ReadAction","target":["https:\/\/manskin.ethos-dev.ch\/fr\/produkt\/super-natural-hair-bodywash\/"]}]},{"@type":"ImageObject","inLanguage":"fr-FR","@id":"https:\/\/manskin.ethos-dev.ch\/fr\/produkt\/super-natural-hair-bodywash\/#primaryimage","url":"https:\/\/manskin.ethos-dev.ch\/wp-content\/uploads\/2023\/10\/WebbRAWNaturalsSupernaturalHair_BodyWash200ml_1800x1800.jpg","contentUrl":"https:\/\/manskin.ethos-dev.ch\/wp-content\/uploads\/2023\/10\/WebbRAWNaturalsSupernaturalHair_BodyWash200ml_1800x1800.jpg","width":800,"height":800},{"@type":"BreadcrumbList","@id":"https:\/\/manskin.ethos-dev.ch\/fr\/produkt\/super-natural-hair-bodywash\/#breadcrumb","itemListElement":[{"@type":"ListItem","position":1,"name":"Startseite","item":"https:\/\/manskin.ethos-dev.ch\/fr\/"},{"@type":"ListItem","position":2,"name":"Shop","item":"https:\/\/manskin.ethos-dev.ch\/shop\/"},{"@type":"ListItem","position":3,"name":"RAW Naturals &#8211; Super Natural Hair &amp; Bodywash"}]},{"@type":"WebSite","@id":"https:\/\/manskin.ethos-dev.ch\/#website","url":"https:\/\/manskin.ethos-dev.ch\/","name":"Manskin.ch","description":"Tous les produits de beaut\u00e9 pour les hommes les plus exigeants","publisher":{"@id":"https:\/\/manskin.ethos-dev.ch\/#organization"},"potentialAction":[{"@type":"SearchAction","target":{"@type":"EntryPoint","urlTemplate":"https:\/\/manskin.ethos-dev.ch\/?s={search_term_string}"},"query-input":{"@type":"PropertyValueSpecification","valueRequired":true,"valueName":"search_term_string"}}],"inLanguage":"fr-FR"},{"@type":"Organization","@id":"https:\/\/manskin.ethos-dev.ch\/#organization","name":"Manskin.ch - der Schweizer Onlineshop f\u00fcr qualit\u00e4tsstarke M\u00e4nnerpflege","url":"https:\/\/manskin.ethos-dev.ch\/","logo":{"@type":"ImageObject","inLanguage":"fr-FR","@id":"https:\/\/manskin.ethos-dev.ch\/#\/schema\/logo\/image\/","url":"https:\/\/manskin.ethos-dev.ch\/wp-content\/uploads\/2021\/04\/cropped-logo_head.png","contentUrl":"https:\/\/manskin.ethos-dev.ch\/wp-content\/uploads\/2021\/04\/cropped-logo_head.png","width":235,"height":75,"caption":"Manskin.ch - der Schweizer Onlineshop f\u00fcr qualit\u00e4tsstarke M\u00e4nnerpflege"},"image":{"@id":"https:\/\/manskin.ethos-dev.ch\/#\/schema\/logo\/image\/"},"sameAs":["https:\/\/www.facebook.com\/manskin.ch","https:\/\/www.instagram.com\/manskin.ch\/"]}]},"product_price_amount":"18.00","product_price_currency":"CHF","og_availability":"instock","product_availability":"instock","product_retailer_item_id":"13291","product_condition":"new"},"brands":[{"id":2777,"name":"RAW Naturals","slug":"raw-naturals"}],"_links":{"self":[{"href":"https:\/\/manskin.ethos-dev.ch\/fr\/wp-json\/wp\/v2\/product\/22833","targetHints":{"allow":["GET"]}}],"collection":[{"href":"https:\/\/manskin.ethos-dev.ch\/fr\/wp-json\/wp\/v2\/product"}],"about":[{"href":"https:\/\/manskin.ethos-dev.ch\/fr\/wp-json\/wp\/v2\/types\/product"}],"replies":[{"embeddable":true,"href":"https:\/\/manskin.ethos-dev.ch\/fr\/wp-json\/wp\/v2\/comments?post=22833"}],"wp:featuredmedia":[{"embeddable":true,"href":"https:\/\/manskin.ethos-dev.ch\/fr\/wp-json\/wp\/v2\/media\/22836"}],"wp:attachment":[{"href":"https:\/\/manskin.ethos-dev.ch\/fr\/wp-json\/wp\/v2\/media?parent=22833"}],"wp:term":[{"taxonomy":"pwb-brand","embeddable":true,"href":"https:\/\/manskin.ethos-dev.ch\/fr\/wp-json\/wp\/v2\/pwb-brand?post=22833"},{"taxonomy":"product_brand","embeddable":true,"href":"https:\/\/manskin.ethos-dev.ch\/fr\/wp-json\/wp\/v2\/product_brand?post=22833"},{"taxonomy":"product_cat","embeddable":true,"href":"https:\/\/manskin.ethos-dev.ch\/fr\/wp-json\/wp\/v2\/product_cat?post=22833"},{"taxonomy":"product_tag","embeddable":true,"href":"https:\/\/manskin.ethos-dev.ch\/fr\/wp-json\/wp\/v2\/product_tag?post=22833"}],"curies":[{"name":"wp","href":"https:\/\/api.w.org\/{rel}","templated":true}]}}