{"id":22844,"date":"2023-10-25T15:39:43","date_gmt":"2023-10-25T13:39:43","guid":{"rendered":"https:\/\/manskin.ethos-dev.ch\/?post_type=product&#038;p=22844"},"modified":"2025-04-11T15:46:58","modified_gmt":"2025-04-11T13:46:58","slug":"apricot-face-beard-scrub","status":"publish","type":"product","link":"https:\/\/manskin.ethos-dev.ch\/fr\/produkt\/apricot-face-beard-scrub\/","title":{"rendered":"RAW Naturals &#8211; Apricot Face &amp; Beard Scrub"},"content":{"rendered":"<h2>RAW Naturals &#8211; Apricot Face &#038; Beard Scrub<\/h2>\n<ul>\n<li>Ce peeling nettoyant en profondeur \u00e9limine efficacement les vieilles cellules de la peau, l&#8217;exc\u00e8s de s\u00e9bum et les impuret\u00e9s sous la barbe ou \u00e0 d&#8217;autres endroits du visage.<\/li>\n<li>Laisse la peau nette et lisse.<\/li>\n<\/ul>\n<p>Formule exfoliante naturelle.<\/p>\n<p>Principaux ingr\u00e9dients :<\/p>\n<ul>\n<li>Pomme: nettoyant doux et naturel qui nettoie en profondeur.<\/li>\n<li>Huile de graines de chanvre: apaisante et nourrissante.<\/li>\n<li>Houblon: extrait qui soigne, apaise et hydrate.<\/li>\n<li>Grains exfoliants d&#8217;abricot: \u00e9limine les cellules mortes, la salet\u00e9 et les pellicules.\n<p>D\u00e9velopp\u00e9 et fabriqu\u00e9 en Su\u00e8de, 100% v\u00e9g\u00e9talien, sans silicone ni parab\u00e8ne. La formule est naturelle \u00e0 98%.<\/li>\n<\/ul>\n<p>Application: appliquer sur le visage et la barbe propres et humides. Masser doucement sur le visage et en profondeur dans la barbe. Rincer soigneusement \u00e0 l&#8217;eau ti\u00e8de. Appliquer ensuite une cr\u00e8me hydratante pour le visage. Utiliser 1 \u00e0 2 fois par semaine.<\/p>\n<p>Contenu 75 ml.<\/p>\n","protected":false},"excerpt":{"rendered":"<p>RAW Naturals &#8211; Apricot Face &#038; Beard Scrub Ce peeling nettoyant en profondeur \u00e9limine efficacement les vieilles cellules de la peau, l&#8217;exc\u00e8s de s\u00e9bum et les impuret\u00e9s sous la barbe ou \u00e0 d&#8217;autres endroits du visage. Laisse la peau nette et lisse. Formule exfoliante naturelle. Principaux ingr\u00e9dients : Pomme: nettoyant doux et naturel qui nettoie &#8230; <a title=\"RAW Naturals &#8211; Apricot Face &amp; Beard Scrub\" class=\"read-more\" href=\"https:\/\/manskin.ethos-dev.ch\/fr\/produkt\/apricot-face-beard-scrub\/\" aria-label=\"En savoir plus sur RAW Naturals &#8211; Apricot Face &amp; Beard Scrub\">Lire la suite<\/a><\/p>\n","protected":false},"featured_media":22847,"comment_status":"closed","ping_status":"closed","template":"","meta":{"_acf_changed":false},"pwb-brand":[2777],"product_brand":[],"product_cat":[2313,2333,2331,2806],"product_tag":[],"class_list":{"0":"post-22844","1":"product","2":"type-product","3":"status-publish","4":"has-post-thumbnail","6":"pwb-brand-raw-naturals","7":"product_cat-soin-special-pour-barbe","8":"product_cat-nettoyants-visage","9":"product_cat-exfoliants-visage","10":"product_cat-raw-naturals-fr","11":"product_shipping_class-standard-fr","12":"pa_hersteller-raw-naturals-fr-2","13":"sales-flash-overlay","14":"woocommerce-text-align-center","15":"woocommerce-image-align-center","16":"do-quantity-buttons","17":"has-subscription-plans","19":"first","20":"instock","21":"purchasable","22":"product-type-simple"},"acf":[],"yoast_head":"<!-- This site is optimized with the Yoast SEO Premium plugin v24.8 (Yoast SEO v25.4) - https:\/\/yoast.com\/wordpress\/plugins\/seo\/ -->\n<title>RAW Naturals Apricot Face &amp; Beard Scrub | Manskin.ch<\/title>\n<meta name=\"description\" content=\"Le gommage nettoyant en profondeur \u00e9limine les vieilles cellules de la peau et les impuret\u00e9s sous la barbe ou \u00e0 d&#039;autres endroits du visage. Commander maintenant en ligne.\" \/>\n<meta name=\"robots\" content=\"noindex, follow, max-snippet:-1, max-image-preview:large, max-video-preview:-1\" \/>\n<meta property=\"og:locale\" content=\"fr_FR\" \/>\n<meta property=\"og:type\" content=\"article\" \/>\n<meta property=\"og:title\" content=\"RAW Naturals - Apricot Face &amp; Beard Scrub\" \/>\n<meta property=\"og:description\" content=\"Le gommage nettoyant en profondeur \u00e9limine les vieilles cellules de la peau et les impuret\u00e9s sous la barbe ou \u00e0 d&#039;autres endroits du visage. Commander maintenant en ligne.\" \/>\n<meta property=\"og:url\" content=\"https:\/\/manskin.ethos-dev.ch\/fr\/produkt\/apricot-face-beard-scrub\/\" \/>\n<meta property=\"og:site_name\" content=\"Manskin.ch\" \/>\n<meta property=\"article:publisher\" content=\"https:\/\/www.facebook.com\/manskin.ch\" \/>\n<meta property=\"article:modified_time\" content=\"2025-04-11T13:46:58+00:00\" \/>\n<meta property=\"og:image\" content=\"https:\/\/manskin.ethos-dev.ch\/wp-content\/uploads\/2023\/10\/CrushedApricotFace_BeardScrub_1800x1800.jpg\" \/>\n\t<meta property=\"og:image:width\" content=\"800\" \/>\n\t<meta property=\"og:image:height\" content=\"800\" \/>\n\t<meta property=\"og:image:type\" content=\"image\/jpeg\" \/>\n<meta name=\"twitter:card\" content=\"summary_large_image\" \/>\n<meta name=\"twitter:label1\" content=\"Prix\" \/>\n\t<meta name=\"twitter:data1\" content=\"16.00&#067;&#072;&#070;\" \/>\n\t<meta name=\"twitter:label2\" content=\"Disponibilit\u00e9\" \/>\n\t<meta name=\"twitter:data2\" content=\"En stock\" \/>\n<script type=\"application\/ld+json\" class=\"yoast-schema-graph\">{\"@context\":\"https:\/\/schema.org\",\"@graph\":[{\"@type\":\"WebPage\",\"@id\":\"https:\/\/manskin.ethos-dev.ch\/fr\/produkt\/apricot-face-beard-scrub\/\",\"url\":\"https:\/\/manskin.ethos-dev.ch\/fr\/produkt\/apricot-face-beard-scrub\/\",\"name\":\"RAW Naturals Apricot Face & Beard Scrub | Manskin.ch\",\"isPartOf\":{\"@id\":\"https:\/\/manskin.ethos-dev.ch\/#website\"},\"primaryImageOfPage\":{\"@id\":\"https:\/\/manskin.ethos-dev.ch\/fr\/produkt\/apricot-face-beard-scrub\/#primaryimage\"},\"image\":{\"@id\":\"https:\/\/manskin.ethos-dev.ch\/fr\/produkt\/apricot-face-beard-scrub\/#primaryimage\"},\"thumbnailUrl\":\"https:\/\/manskin.ethos-dev.ch\/wp-content\/uploads\/2023\/10\/CrushedApricotFace_BeardScrub_1800x1800.jpg\",\"datePublished\":\"2023-10-25T13:39:43+00:00\",\"dateModified\":\"2025-04-11T13:46:58+00:00\",\"description\":\"Le gommage nettoyant en profondeur \u00e9limine les vieilles cellules de la peau et les impuret\u00e9s sous la barbe ou \u00e0 d'autres endroits du visage. Commander maintenant en ligne.\",\"breadcrumb\":{\"@id\":\"https:\/\/manskin.ethos-dev.ch\/fr\/produkt\/apricot-face-beard-scrub\/#breadcrumb\"},\"inLanguage\":\"fr-FR\",\"potentialAction\":[{\"@type\":\"ReadAction\",\"target\":[\"https:\/\/manskin.ethos-dev.ch\/fr\/produkt\/apricot-face-beard-scrub\/\"]}]},{\"@type\":\"ImageObject\",\"inLanguage\":\"fr-FR\",\"@id\":\"https:\/\/manskin.ethos-dev.ch\/fr\/produkt\/apricot-face-beard-scrub\/#primaryimage\",\"url\":\"https:\/\/manskin.ethos-dev.ch\/wp-content\/uploads\/2023\/10\/CrushedApricotFace_BeardScrub_1800x1800.jpg\",\"contentUrl\":\"https:\/\/manskin.ethos-dev.ch\/wp-content\/uploads\/2023\/10\/CrushedApricotFace_BeardScrub_1800x1800.jpg\",\"width\":800,\"height\":800},{\"@type\":\"BreadcrumbList\",\"@id\":\"https:\/\/manskin.ethos-dev.ch\/fr\/produkt\/apricot-face-beard-scrub\/#breadcrumb\",\"itemListElement\":[{\"@type\":\"ListItem\",\"position\":1,\"name\":\"Startseite\",\"item\":\"https:\/\/manskin.ethos-dev.ch\/fr\/\"},{\"@type\":\"ListItem\",\"position\":2,\"name\":\"Shop\",\"item\":\"https:\/\/manskin.ethos-dev.ch\/shop\/\"},{\"@type\":\"ListItem\",\"position\":3,\"name\":\"RAW Naturals &#8211; Apricot Face &amp; Beard Scrub\"}]},{\"@type\":\"WebSite\",\"@id\":\"https:\/\/manskin.ethos-dev.ch\/#website\",\"url\":\"https:\/\/manskin.ethos-dev.ch\/\",\"name\":\"Manskin.ch\",\"description\":\"Tous les produits de beaut\u00e9 pour les hommes les plus exigeants\",\"publisher\":{\"@id\":\"https:\/\/manskin.ethos-dev.ch\/#organization\"},\"potentialAction\":[{\"@type\":\"SearchAction\",\"target\":{\"@type\":\"EntryPoint\",\"urlTemplate\":\"https:\/\/manskin.ethos-dev.ch\/?s={search_term_string}\"},\"query-input\":{\"@type\":\"PropertyValueSpecification\",\"valueRequired\":true,\"valueName\":\"search_term_string\"}}],\"inLanguage\":\"fr-FR\"},{\"@type\":\"Organization\",\"@id\":\"https:\/\/manskin.ethos-dev.ch\/#organization\",\"name\":\"Manskin.ch - der Schweizer Onlineshop f\u00fcr qualit\u00e4tsstarke M\u00e4nnerpflege\",\"url\":\"https:\/\/manskin.ethos-dev.ch\/\",\"logo\":{\"@type\":\"ImageObject\",\"inLanguage\":\"fr-FR\",\"@id\":\"https:\/\/manskin.ethos-dev.ch\/#\/schema\/logo\/image\/\",\"url\":\"https:\/\/manskin.ethos-dev.ch\/wp-content\/uploads\/2021\/04\/cropped-logo_head.png\",\"contentUrl\":\"https:\/\/manskin.ethos-dev.ch\/wp-content\/uploads\/2021\/04\/cropped-logo_head.png\",\"width\":235,\"height\":75,\"caption\":\"Manskin.ch - der Schweizer Onlineshop f\u00fcr qualit\u00e4tsstarke M\u00e4nnerpflege\"},\"image\":{\"@id\":\"https:\/\/manskin.ethos-dev.ch\/#\/schema\/logo\/image\/\"},\"sameAs\":[\"https:\/\/www.facebook.com\/manskin.ch\",\"https:\/\/www.instagram.com\/manskin.ch\/\"]}]}<\/script>\n<meta property=\"product:price:amount\" content=\"16.00\" \/>\n<meta property=\"product:price:currency\" content=\"CHF\" \/>\n<meta property=\"og:availability\" content=\"instock\" \/>\n<meta property=\"product:availability\" content=\"instock\" \/>\n<meta property=\"product:retailer_item_id\" content=\"13292\" \/>\n<meta property=\"product:condition\" content=\"new\" \/>\n<!-- \/ Yoast SEO Premium plugin. -->","yoast_head_json":{"title":"RAW Naturals Apricot Face & Beard Scrub | Manskin.ch","description":"Le gommage nettoyant en profondeur \u00e9limine les vieilles cellules de la peau et les impuret\u00e9s sous la barbe ou \u00e0 d'autres endroits du visage. Commander maintenant en ligne.","robots":{"index":"noindex","follow":"follow","max-snippet":"max-snippet:-1","max-image-preview":"max-image-preview:large","max-video-preview":"max-video-preview:-1"},"og_locale":"fr_FR","og_type":"article","og_title":"RAW Naturals - Apricot Face &amp; Beard Scrub","og_description":"Le gommage nettoyant en profondeur \u00e9limine les vieilles cellules de la peau et les impuret\u00e9s sous la barbe ou \u00e0 d'autres endroits du visage. Commander maintenant en ligne.","og_url":"https:\/\/manskin.ethos-dev.ch\/fr\/produkt\/apricot-face-beard-scrub\/","og_site_name":"Manskin.ch","article_publisher":"https:\/\/www.facebook.com\/manskin.ch","article_modified_time":"2025-04-11T13:46:58+00:00","og_image":[{"width":800,"height":800,"url":"https:\/\/manskin.ethos-dev.ch\/wp-content\/uploads\/2023\/10\/CrushedApricotFace_BeardScrub_1800x1800.jpg","type":"image\/jpeg"}],"twitter_card":"summary_large_image","twitter_misc":{"Prix":"16.00&#67;&#72;&#70;","Disponibilit\u00e9":"En stock"},"schema":{"@context":"https:\/\/schema.org","@graph":[{"@type":"WebPage","@id":"https:\/\/manskin.ethos-dev.ch\/fr\/produkt\/apricot-face-beard-scrub\/","url":"https:\/\/manskin.ethos-dev.ch\/fr\/produkt\/apricot-face-beard-scrub\/","name":"RAW Naturals Apricot Face & Beard Scrub | Manskin.ch","isPartOf":{"@id":"https:\/\/manskin.ethos-dev.ch\/#website"},"primaryImageOfPage":{"@id":"https:\/\/manskin.ethos-dev.ch\/fr\/produkt\/apricot-face-beard-scrub\/#primaryimage"},"image":{"@id":"https:\/\/manskin.ethos-dev.ch\/fr\/produkt\/apricot-face-beard-scrub\/#primaryimage"},"thumbnailUrl":"https:\/\/manskin.ethos-dev.ch\/wp-content\/uploads\/2023\/10\/CrushedApricotFace_BeardScrub_1800x1800.jpg","datePublished":"2023-10-25T13:39:43+00:00","dateModified":"2025-04-11T13:46:58+00:00","description":"Le gommage nettoyant en profondeur \u00e9limine les vieilles cellules de la peau et les impuret\u00e9s sous la barbe ou \u00e0 d'autres endroits du visage. Commander maintenant en ligne.","breadcrumb":{"@id":"https:\/\/manskin.ethos-dev.ch\/fr\/produkt\/apricot-face-beard-scrub\/#breadcrumb"},"inLanguage":"fr-FR","potentialAction":[{"@type":"ReadAction","target":["https:\/\/manskin.ethos-dev.ch\/fr\/produkt\/apricot-face-beard-scrub\/"]}]},{"@type":"ImageObject","inLanguage":"fr-FR","@id":"https:\/\/manskin.ethos-dev.ch\/fr\/produkt\/apricot-face-beard-scrub\/#primaryimage","url":"https:\/\/manskin.ethos-dev.ch\/wp-content\/uploads\/2023\/10\/CrushedApricotFace_BeardScrub_1800x1800.jpg","contentUrl":"https:\/\/manskin.ethos-dev.ch\/wp-content\/uploads\/2023\/10\/CrushedApricotFace_BeardScrub_1800x1800.jpg","width":800,"height":800},{"@type":"BreadcrumbList","@id":"https:\/\/manskin.ethos-dev.ch\/fr\/produkt\/apricot-face-beard-scrub\/#breadcrumb","itemListElement":[{"@type":"ListItem","position":1,"name":"Startseite","item":"https:\/\/manskin.ethos-dev.ch\/fr\/"},{"@type":"ListItem","position":2,"name":"Shop","item":"https:\/\/manskin.ethos-dev.ch\/shop\/"},{"@type":"ListItem","position":3,"name":"RAW Naturals &#8211; Apricot Face &amp; Beard Scrub"}]},{"@type":"WebSite","@id":"https:\/\/manskin.ethos-dev.ch\/#website","url":"https:\/\/manskin.ethos-dev.ch\/","name":"Manskin.ch","description":"Tous les produits de beaut\u00e9 pour les hommes les plus exigeants","publisher":{"@id":"https:\/\/manskin.ethos-dev.ch\/#organization"},"potentialAction":[{"@type":"SearchAction","target":{"@type":"EntryPoint","urlTemplate":"https:\/\/manskin.ethos-dev.ch\/?s={search_term_string}"},"query-input":{"@type":"PropertyValueSpecification","valueRequired":true,"valueName":"search_term_string"}}],"inLanguage":"fr-FR"},{"@type":"Organization","@id":"https:\/\/manskin.ethos-dev.ch\/#organization","name":"Manskin.ch - der Schweizer Onlineshop f\u00fcr qualit\u00e4tsstarke M\u00e4nnerpflege","url":"https:\/\/manskin.ethos-dev.ch\/","logo":{"@type":"ImageObject","inLanguage":"fr-FR","@id":"https:\/\/manskin.ethos-dev.ch\/#\/schema\/logo\/image\/","url":"https:\/\/manskin.ethos-dev.ch\/wp-content\/uploads\/2021\/04\/cropped-logo_head.png","contentUrl":"https:\/\/manskin.ethos-dev.ch\/wp-content\/uploads\/2021\/04\/cropped-logo_head.png","width":235,"height":75,"caption":"Manskin.ch - der Schweizer Onlineshop f\u00fcr qualit\u00e4tsstarke M\u00e4nnerpflege"},"image":{"@id":"https:\/\/manskin.ethos-dev.ch\/#\/schema\/logo\/image\/"},"sameAs":["https:\/\/www.facebook.com\/manskin.ch","https:\/\/www.instagram.com\/manskin.ch\/"]}]},"product_price_amount":"16.00","product_price_currency":"CHF","og_availability":"instock","product_availability":"instock","product_retailer_item_id":"13292","product_condition":"new"},"brands":[{"id":2777,"name":"RAW Naturals","slug":"raw-naturals"}],"_links":{"self":[{"href":"https:\/\/manskin.ethos-dev.ch\/fr\/wp-json\/wp\/v2\/product\/22844","targetHints":{"allow":["GET"]}}],"collection":[{"href":"https:\/\/manskin.ethos-dev.ch\/fr\/wp-json\/wp\/v2\/product"}],"about":[{"href":"https:\/\/manskin.ethos-dev.ch\/fr\/wp-json\/wp\/v2\/types\/product"}],"replies":[{"embeddable":true,"href":"https:\/\/manskin.ethos-dev.ch\/fr\/wp-json\/wp\/v2\/comments?post=22844"}],"wp:featuredmedia":[{"embeddable":true,"href":"https:\/\/manskin.ethos-dev.ch\/fr\/wp-json\/wp\/v2\/media\/22847"}],"wp:attachment":[{"href":"https:\/\/manskin.ethos-dev.ch\/fr\/wp-json\/wp\/v2\/media?parent=22844"}],"wp:term":[{"taxonomy":"pwb-brand","embeddable":true,"href":"https:\/\/manskin.ethos-dev.ch\/fr\/wp-json\/wp\/v2\/pwb-brand?post=22844"},{"taxonomy":"product_brand","embeddable":true,"href":"https:\/\/manskin.ethos-dev.ch\/fr\/wp-json\/wp\/v2\/product_brand?post=22844"},{"taxonomy":"product_cat","embeddable":true,"href":"https:\/\/manskin.ethos-dev.ch\/fr\/wp-json\/wp\/v2\/product_cat?post=22844"},{"taxonomy":"product_tag","embeddable":true,"href":"https:\/\/manskin.ethos-dev.ch\/fr\/wp-json\/wp\/v2\/product_tag?post=22844"}],"curies":[{"name":"wp","href":"https:\/\/api.w.org\/{rel}","templated":true}]}}