{"id":23173,"date":"2023-10-30T08:15:26","date_gmt":"2023-10-30T07:15:26","guid":{"rendered":"https:\/\/manskin.ethos-dev.ch\/?post_type=product&#038;p=23173"},"modified":"2025-05-07T22:04:49","modified_gmt":"2025-05-07T20:04:49","slug":"coffret-cadeau-black-tea-collection","status":"publish","type":"product","link":"https:\/\/manskin.ethos-dev.ch\/fr\/produkt\/coffret-cadeau-black-tea-collection\/","title":{"rendered":"Murdock London &#8211; Coffret Cadeau King&#8217;s Road Black Tea Collection"},"content":{"rendered":"<h2>Murdock London &#8211; Coffret cadeau King&#8217;s Road Black Tea Collection<\/h2>\n<ul>\n<li>Coffret de soins corporels et de parfums avec 4 produits et un beau n\u00e9cessaire pour l&#8217;homme.\n<p>Le set contient :<\/li>\n<li>Black Tea Cologne, 10 ml<\/li>\n<li>Black Tea d\u00e9odorant, 75g<\/li>\n<li>Black Tea Body Wash, 50 ml<\/li>\n<li>Shampooing au th\u00e9 noir, 50 ml<\/li>\n<li>Black Tea Cologne : un m\u00e9lange \u00e9vocateur d&#8217;\u00e9pices, de bois de c\u00e8dre et d&#8217;ambre est la marque de fabrique de Murdock et la cologne la plus vendue. Satisfaisante, riche et intemporelle.<\/li>\n<li>D\u00e9odorant au th\u00e9 noir : protection sans aluminium pour toute la journ\u00e9e. La texture l\u00e9g\u00e8rement glissante ne laisse pas de r\u00e9sidus collants ou blancs. Le bois de c\u00e8dre, le patchouli et le citron neutralisent l&#8217;odeur. Appliquer quotidiennement sous les aisselles sur une peau propre et s\u00e8che.<\/li>\n<li>Black Tea Body Wash : nettoie la peau sans la salir, en laissant des notes d&#8217;\u00e9pices et de bois de l&#8217;inimitable parfum de th\u00e9 noir de Murdock. Masser sur la peau humide et rincer \u00e0 l&#8217;eau chaude.<\/li>\n<li>Shampooing au th\u00e9 noir : notre shampooing fortifiant au th\u00e9 noir contient de la caf\u00e9ine, qui favorise la croissance des cheveux et renforce les follicules pileux. Sa formule sans sulfate, enrichie en acides amin\u00e9s et en panth\u00e9nol, aide \u00e0 nourrir et \u00e0 prot\u00e9ger les cheveux et leur donne un aspect plus plein et plus dense.<\/li>\n<\/ul>\n","protected":false},"excerpt":{"rendered":"<p>Coffret cadeau avec 4 produits et n\u00e9cessaire<\/p>\n","protected":false},"featured_media":24724,"comment_status":"closed","ping_status":"closed","template":"","meta":{"_acf_changed":false},"pwb-brand":[2752],"product_brand":[],"product_cat":[2326,2358,2800,2357,2274,2433],"product_tag":[],"class_list":{"0":"post-23173","1":"product","2":"type-product","3":"status-publish","4":"has-post-thumbnail","6":"pwb-brand-murdock-london","7":"product_cat-cadeaux","8":"product_cat-edt-deo","9":"product_cat-parfum","10":"product_cat-nettoyant-corps","11":"product_cat-murdock-london-fr","12":"product_cat-sales-fr","13":"product_shipping_class-standard-fr","14":"sales-flash-overlay","15":"woocommerce-text-align-center","16":"woocommerce-image-align-center","17":"do-quantity-buttons","18":"has-subscription-plans","20":"first","21":"instock","22":"taxable","23":"shipping-taxable","24":"purchasable","25":"product-type-simple"},"acf":[],"yoast_head":"<!-- This site is optimized with the Yoast SEO Premium plugin v24.8 (Yoast SEO v25.4) - https:\/\/yoast.com\/wordpress\/plugins\/seo\/ -->\n<title>Murdock London - Coffret Cadeau King&#039;s Road Black Tea Collection | Manskin.ch<\/title>\n<meta name=\"description\" content=\"Coffret de soins corporels et de parfums avec 4 produits et un beau N\u00e9cessaire pour l&#039;homme. Black Tea Bodywash, Shampooing, D\u00e9odorant et Cologne.\" \/>\n<meta name=\"robots\" content=\"noindex, follow, max-snippet:-1, max-image-preview:large, max-video-preview:-1\" \/>\n<meta property=\"og:locale\" content=\"fr_FR\" \/>\n<meta property=\"og:type\" content=\"article\" \/>\n<meta property=\"og:title\" content=\"Murdock London - Coffret Cadeau King&#039;s Road Black Tea Collection\" \/>\n<meta property=\"og:description\" content=\"Coffret de soins corporels et de parfums avec 4 produits et un beau N\u00e9cessaire pour l&#039;homme. Black Tea Bodywash, Shampooing, D\u00e9odorant et Cologne.\" \/>\n<meta property=\"og:url\" content=\"https:\/\/manskin.ethos-dev.ch\/fr\/produkt\/coffret-cadeau-black-tea-collection\/\" \/>\n<meta property=\"og:site_name\" content=\"Manskin.ch\" \/>\n<meta property=\"article:publisher\" content=\"https:\/\/www.facebook.com\/manskin.ch\" \/>\n<meta property=\"article:modified_time\" content=\"2025-05-07T20:04:49+00:00\" \/>\n<meta property=\"og:image\" content=\"https:\/\/manskin.ethos-dev.ch\/wp-content\/uploads\/2023\/10\/Murdock-London-King_s-Road-Collection.jpg\" \/>\n\t<meta property=\"og:image:width\" content=\"600\" \/>\n\t<meta property=\"og:image:height\" content=\"600\" \/>\n\t<meta property=\"og:image:type\" content=\"image\/jpeg\" \/>\n<meta name=\"twitter:card\" content=\"summary_large_image\" \/>\n<meta name=\"twitter:label1\" content=\"Prix\" \/>\n\t<meta name=\"twitter:data1\" content=\"39.00&#067;&#072;&#070;\" \/>\n\t<meta name=\"twitter:label2\" content=\"Disponibilit\u00e9\" \/>\n\t<meta name=\"twitter:data2\" content=\"En stock\" \/>\n<script type=\"application\/ld+json\" class=\"yoast-schema-graph\">{\"@context\":\"https:\/\/schema.org\",\"@graph\":[{\"@type\":\"WebPage\",\"@id\":\"https:\/\/manskin.ethos-dev.ch\/fr\/produkt\/coffret-cadeau-black-tea-collection\/\",\"url\":\"https:\/\/manskin.ethos-dev.ch\/fr\/produkt\/coffret-cadeau-black-tea-collection\/\",\"name\":\"Murdock London - Coffret Cadeau King's Road Black Tea Collection | Manskin.ch\",\"isPartOf\":{\"@id\":\"https:\/\/manskin.ethos-dev.ch\/#website\"},\"primaryImageOfPage\":{\"@id\":\"https:\/\/manskin.ethos-dev.ch\/fr\/produkt\/coffret-cadeau-black-tea-collection\/#primaryimage\"},\"image\":{\"@id\":\"https:\/\/manskin.ethos-dev.ch\/fr\/produkt\/coffret-cadeau-black-tea-collection\/#primaryimage\"},\"thumbnailUrl\":\"https:\/\/manskin.ethos-dev.ch\/wp-content\/uploads\/2023\/10\/Murdock-London-King_s-Road-Collection.jpg\",\"datePublished\":\"2023-10-30T07:15:26+00:00\",\"dateModified\":\"2025-05-07T20:04:49+00:00\",\"description\":\"Coffret de soins corporels et de parfums avec 4 produits et un beau N\u00e9cessaire pour l'homme. Black Tea Bodywash, Shampooing, D\u00e9odorant et Cologne.\",\"breadcrumb\":{\"@id\":\"https:\/\/manskin.ethos-dev.ch\/fr\/produkt\/coffret-cadeau-black-tea-collection\/#breadcrumb\"},\"inLanguage\":\"fr-FR\",\"potentialAction\":[{\"@type\":\"ReadAction\",\"target\":[\"https:\/\/manskin.ethos-dev.ch\/fr\/produkt\/coffret-cadeau-black-tea-collection\/\"]}]},{\"@type\":\"ImageObject\",\"inLanguage\":\"fr-FR\",\"@id\":\"https:\/\/manskin.ethos-dev.ch\/fr\/produkt\/coffret-cadeau-black-tea-collection\/#primaryimage\",\"url\":\"https:\/\/manskin.ethos-dev.ch\/wp-content\/uploads\/2023\/10\/Murdock-London-King_s-Road-Collection.jpg\",\"contentUrl\":\"https:\/\/manskin.ethos-dev.ch\/wp-content\/uploads\/2023\/10\/Murdock-London-King_s-Road-Collection.jpg\",\"width\":600,\"height\":600},{\"@type\":\"BreadcrumbList\",\"@id\":\"https:\/\/manskin.ethos-dev.ch\/fr\/produkt\/coffret-cadeau-black-tea-collection\/#breadcrumb\",\"itemListElement\":[{\"@type\":\"ListItem\",\"position\":1,\"name\":\"Startseite\",\"item\":\"https:\/\/manskin.ethos-dev.ch\/fr\/\"},{\"@type\":\"ListItem\",\"position\":2,\"name\":\"Shop\",\"item\":\"https:\/\/manskin.ethos-dev.ch\/shop\/\"},{\"@type\":\"ListItem\",\"position\":3,\"name\":\"Murdock London &#8211; Coffret Cadeau King&#8217;s Road Black Tea Collection\"}]},{\"@type\":\"WebSite\",\"@id\":\"https:\/\/manskin.ethos-dev.ch\/#website\",\"url\":\"https:\/\/manskin.ethos-dev.ch\/\",\"name\":\"Manskin.ch\",\"description\":\"Tous les produits de beaut\u00e9 pour les hommes les plus exigeants\",\"publisher\":{\"@id\":\"https:\/\/manskin.ethos-dev.ch\/#organization\"},\"potentialAction\":[{\"@type\":\"SearchAction\",\"target\":{\"@type\":\"EntryPoint\",\"urlTemplate\":\"https:\/\/manskin.ethos-dev.ch\/?s={search_term_string}\"},\"query-input\":{\"@type\":\"PropertyValueSpecification\",\"valueRequired\":true,\"valueName\":\"search_term_string\"}}],\"inLanguage\":\"fr-FR\"},{\"@type\":\"Organization\",\"@id\":\"https:\/\/manskin.ethos-dev.ch\/#organization\",\"name\":\"Manskin.ch - der Schweizer Onlineshop f\u00fcr qualit\u00e4tsstarke M\u00e4nnerpflege\",\"url\":\"https:\/\/manskin.ethos-dev.ch\/\",\"logo\":{\"@type\":\"ImageObject\",\"inLanguage\":\"fr-FR\",\"@id\":\"https:\/\/manskin.ethos-dev.ch\/#\/schema\/logo\/image\/\",\"url\":\"https:\/\/manskin.ethos-dev.ch\/wp-content\/uploads\/2021\/04\/cropped-logo_head.png\",\"contentUrl\":\"https:\/\/manskin.ethos-dev.ch\/wp-content\/uploads\/2021\/04\/cropped-logo_head.png\",\"width\":235,\"height\":75,\"caption\":\"Manskin.ch - der Schweizer Onlineshop f\u00fcr qualit\u00e4tsstarke M\u00e4nnerpflege\"},\"image\":{\"@id\":\"https:\/\/manskin.ethos-dev.ch\/#\/schema\/logo\/image\/\"},\"sameAs\":[\"https:\/\/www.facebook.com\/manskin.ch\",\"https:\/\/www.instagram.com\/manskin.ch\/\"]}]}<\/script>\n<meta property=\"product:price:amount\" content=\"39.00\" \/>\n<meta property=\"product:price:currency\" content=\"CHF\" \/>\n<meta property=\"og:availability\" content=\"instock\" \/>\n<meta property=\"product:availability\" content=\"instock\" \/>\n<meta property=\"product:retailer_item_id\" content=\"13313\" \/>\n<meta property=\"product:condition\" content=\"new\" \/>\n<!-- \/ Yoast SEO Premium plugin. -->","yoast_head_json":{"title":"Murdock London - Coffret Cadeau King's Road Black Tea Collection | Manskin.ch","description":"Coffret de soins corporels et de parfums avec 4 produits et un beau N\u00e9cessaire pour l'homme. Black Tea Bodywash, Shampooing, D\u00e9odorant et Cologne.","robots":{"index":"noindex","follow":"follow","max-snippet":"max-snippet:-1","max-image-preview":"max-image-preview:large","max-video-preview":"max-video-preview:-1"},"og_locale":"fr_FR","og_type":"article","og_title":"Murdock London - Coffret Cadeau King's Road Black Tea Collection","og_description":"Coffret de soins corporels et de parfums avec 4 produits et un beau N\u00e9cessaire pour l'homme. Black Tea Bodywash, Shampooing, D\u00e9odorant et Cologne.","og_url":"https:\/\/manskin.ethos-dev.ch\/fr\/produkt\/coffret-cadeau-black-tea-collection\/","og_site_name":"Manskin.ch","article_publisher":"https:\/\/www.facebook.com\/manskin.ch","article_modified_time":"2025-05-07T20:04:49+00:00","og_image":[{"width":600,"height":600,"url":"https:\/\/manskin.ethos-dev.ch\/wp-content\/uploads\/2023\/10\/Murdock-London-King_s-Road-Collection.jpg","type":"image\/jpeg"}],"twitter_card":"summary_large_image","twitter_misc":{"Prix":"39.00&#67;&#72;&#70;","Disponibilit\u00e9":"En stock"},"schema":{"@context":"https:\/\/schema.org","@graph":[{"@type":"WebPage","@id":"https:\/\/manskin.ethos-dev.ch\/fr\/produkt\/coffret-cadeau-black-tea-collection\/","url":"https:\/\/manskin.ethos-dev.ch\/fr\/produkt\/coffret-cadeau-black-tea-collection\/","name":"Murdock London - Coffret Cadeau King's Road Black Tea Collection | Manskin.ch","isPartOf":{"@id":"https:\/\/manskin.ethos-dev.ch\/#website"},"primaryImageOfPage":{"@id":"https:\/\/manskin.ethos-dev.ch\/fr\/produkt\/coffret-cadeau-black-tea-collection\/#primaryimage"},"image":{"@id":"https:\/\/manskin.ethos-dev.ch\/fr\/produkt\/coffret-cadeau-black-tea-collection\/#primaryimage"},"thumbnailUrl":"https:\/\/manskin.ethos-dev.ch\/wp-content\/uploads\/2023\/10\/Murdock-London-King_s-Road-Collection.jpg","datePublished":"2023-10-30T07:15:26+00:00","dateModified":"2025-05-07T20:04:49+00:00","description":"Coffret de soins corporels et de parfums avec 4 produits et un beau N\u00e9cessaire pour l'homme. Black Tea Bodywash, Shampooing, D\u00e9odorant et Cologne.","breadcrumb":{"@id":"https:\/\/manskin.ethos-dev.ch\/fr\/produkt\/coffret-cadeau-black-tea-collection\/#breadcrumb"},"inLanguage":"fr-FR","potentialAction":[{"@type":"ReadAction","target":["https:\/\/manskin.ethos-dev.ch\/fr\/produkt\/coffret-cadeau-black-tea-collection\/"]}]},{"@type":"ImageObject","inLanguage":"fr-FR","@id":"https:\/\/manskin.ethos-dev.ch\/fr\/produkt\/coffret-cadeau-black-tea-collection\/#primaryimage","url":"https:\/\/manskin.ethos-dev.ch\/wp-content\/uploads\/2023\/10\/Murdock-London-King_s-Road-Collection.jpg","contentUrl":"https:\/\/manskin.ethos-dev.ch\/wp-content\/uploads\/2023\/10\/Murdock-London-King_s-Road-Collection.jpg","width":600,"height":600},{"@type":"BreadcrumbList","@id":"https:\/\/manskin.ethos-dev.ch\/fr\/produkt\/coffret-cadeau-black-tea-collection\/#breadcrumb","itemListElement":[{"@type":"ListItem","position":1,"name":"Startseite","item":"https:\/\/manskin.ethos-dev.ch\/fr\/"},{"@type":"ListItem","position":2,"name":"Shop","item":"https:\/\/manskin.ethos-dev.ch\/shop\/"},{"@type":"ListItem","position":3,"name":"Murdock London &#8211; Coffret Cadeau King&#8217;s Road Black Tea Collection"}]},{"@type":"WebSite","@id":"https:\/\/manskin.ethos-dev.ch\/#website","url":"https:\/\/manskin.ethos-dev.ch\/","name":"Manskin.ch","description":"Tous les produits de beaut\u00e9 pour les hommes les plus exigeants","publisher":{"@id":"https:\/\/manskin.ethos-dev.ch\/#organization"},"potentialAction":[{"@type":"SearchAction","target":{"@type":"EntryPoint","urlTemplate":"https:\/\/manskin.ethos-dev.ch\/?s={search_term_string}"},"query-input":{"@type":"PropertyValueSpecification","valueRequired":true,"valueName":"search_term_string"}}],"inLanguage":"fr-FR"},{"@type":"Organization","@id":"https:\/\/manskin.ethos-dev.ch\/#organization","name":"Manskin.ch - der Schweizer Onlineshop f\u00fcr qualit\u00e4tsstarke M\u00e4nnerpflege","url":"https:\/\/manskin.ethos-dev.ch\/","logo":{"@type":"ImageObject","inLanguage":"fr-FR","@id":"https:\/\/manskin.ethos-dev.ch\/#\/schema\/logo\/image\/","url":"https:\/\/manskin.ethos-dev.ch\/wp-content\/uploads\/2021\/04\/cropped-logo_head.png","contentUrl":"https:\/\/manskin.ethos-dev.ch\/wp-content\/uploads\/2021\/04\/cropped-logo_head.png","width":235,"height":75,"caption":"Manskin.ch - der Schweizer Onlineshop f\u00fcr qualit\u00e4tsstarke M\u00e4nnerpflege"},"image":{"@id":"https:\/\/manskin.ethos-dev.ch\/#\/schema\/logo\/image\/"},"sameAs":["https:\/\/www.facebook.com\/manskin.ch","https:\/\/www.instagram.com\/manskin.ch\/"]}]},"product_price_amount":"39.00","product_price_currency":"CHF","og_availability":"instock","product_availability":"instock","product_retailer_item_id":"13313","product_condition":"new"},"brands":[{"id":2752,"name":"Murdock London","slug":"murdock-london"}],"_links":{"self":[{"href":"https:\/\/manskin.ethos-dev.ch\/fr\/wp-json\/wp\/v2\/product\/23173","targetHints":{"allow":["GET"]}}],"collection":[{"href":"https:\/\/manskin.ethos-dev.ch\/fr\/wp-json\/wp\/v2\/product"}],"about":[{"href":"https:\/\/manskin.ethos-dev.ch\/fr\/wp-json\/wp\/v2\/types\/product"}],"replies":[{"embeddable":true,"href":"https:\/\/manskin.ethos-dev.ch\/fr\/wp-json\/wp\/v2\/comments?post=23173"}],"wp:featuredmedia":[{"embeddable":true,"href":"https:\/\/manskin.ethos-dev.ch\/fr\/wp-json\/wp\/v2\/media\/24724"}],"wp:attachment":[{"href":"https:\/\/manskin.ethos-dev.ch\/fr\/wp-json\/wp\/v2\/media?parent=23173"}],"wp:term":[{"taxonomy":"pwb-brand","embeddable":true,"href":"https:\/\/manskin.ethos-dev.ch\/fr\/wp-json\/wp\/v2\/pwb-brand?post=23173"},{"taxonomy":"product_brand","embeddable":true,"href":"https:\/\/manskin.ethos-dev.ch\/fr\/wp-json\/wp\/v2\/product_brand?post=23173"},{"taxonomy":"product_cat","embeddable":true,"href":"https:\/\/manskin.ethos-dev.ch\/fr\/wp-json\/wp\/v2\/product_cat?post=23173"},{"taxonomy":"product_tag","embeddable":true,"href":"https:\/\/manskin.ethos-dev.ch\/fr\/wp-json\/wp\/v2\/product_tag?post=23173"}],"curies":[{"name":"wp","href":"https:\/\/api.w.org\/{rel}","templated":true}]}}