{"id":23335,"date":"2023-11-02T10:34:06","date_gmt":"2023-11-02T09:34:06","guid":{"rendered":"https:\/\/manskin.ethos-dev.ch\/?post_type=product&#038;p=23335"},"modified":"2024-12-15T09:43:14","modified_gmt":"2024-12-15T08:43:14","slug":"shakeup-face-4ward-pro-youth-serum","status":"publish","type":"product","link":"https:\/\/manskin.ethos-dev.ch\/fr\/produkt\/shakeup-face-4ward-pro-youth-serum\/","title":{"rendered":"Shakeup &#8211; Face 4Ward Pro-Youth Serum"},"content":{"rendered":"<h2>Shakeup &#8211; Face 4Ward Pro-Youth Serum<\/h2>\n<ul>\n<li>Ce s\u00e9rum visage puissant et nourrissant pour hommes combat de nombreux signes de vieillissement, des ridules et des rides aux irritations et aux dommages caus\u00e9s par le soleil.<\/li>\n<li>Ce concentr\u00e9 de puissance multit\u00e2che a \u00e9t\u00e9 sp\u00e9cialement con\u00e7u pour traiter les probl\u00e8mes de peau des hommes : contre les ridules, les impuret\u00e9s cutan\u00e9es, les rides, la pigmentation in\u00e9gale, le teint terne, la s\u00e9cheresse et les irritations. Le tout dans un seul flacon!<\/li>\n<li>Contient des ingr\u00e9dients naturels actifs, dont l&#8217;herbe du tigre, qui am\u00e9liore consid\u00e9rablement l&#8217;apparence du vieillissement cutan\u00e9 et donne une peau plus lisse et plus \u00e9clatante.<\/li>\n<li>L&#8217;herbe du tigre r\u00e9duit l&#8217;apparence des rides et favorise un teint plus \u00e9clatant.<\/li>\n<li>Le squalane r\u00e9duit l&#8217;exc\u00e8s de s\u00e9bum, apaise les irritations et uniformise les tons de peau irr\u00e9guliers.<\/li>\n<li>L&#8217;acide hyaluronique et le niacinamide aident \u00e0 r\u00e9duire les ridules, \u00e0 am\u00e9liorer l&#8217;hydratation et \u00e0 resserrer les pores pour une peau saine et \u00e9clatante.<\/li>\n<li>La formule l\u00e9g\u00e8re et apaisante donne des r\u00e9sultats imm\u00e9diats tout en nourrissant la peau.<\/li>\n<li>Convient \u00e0 tous les types de peau, y compris les peaux sensibles.\n<p>Contenu 30 ml.<\/li>\n<\/ul>\n","protected":false},"excerpt":{"rendered":"<p>Shakeup &#8211; Face 4Ward Pro-Youth Serum Ce s\u00e9rum visage puissant et nourrissant pour hommes combat de nombreux signes de vieillissement, des ridules et des rides aux irritations et aux dommages caus\u00e9s par le soleil. Ce concentr\u00e9 de puissance multit\u00e2che a \u00e9t\u00e9 sp\u00e9cialement con\u00e7u pour traiter les probl\u00e8mes de peau des hommes : contre les ridules, &#8230; <a title=\"Shakeup &#8211; Face 4Ward Pro-Youth Serum\" class=\"read-more\" href=\"https:\/\/manskin.ethos-dev.ch\/fr\/produkt\/shakeup-face-4ward-pro-youth-serum\/\" aria-label=\"En savoir plus sur Shakeup &#8211; Face 4Ward Pro-Youth Serum\">Lire la suite<\/a><\/p>\n","protected":false},"featured_media":23340,"comment_status":"closed","ping_status":"closed","template":"","meta":{"_acf_changed":false},"pwb-brand":[2848],"product_brand":[],"product_cat":[2329,2334,1930,2344,2347,2349,2352,2850],"product_tag":[],"class_list":{"0":"post-23335","1":"product","2":"type-product","3":"status-publish","4":"has-post-thumbnail","6":"pwb-brand-shakeup","7":"product_cat-hydratants","8":"product_cat-serum-visage","9":"product_cat-anti-age","10":"product_cat-peau-sensible","11":"product_cat-peau-mixte","12":"product_cat-peau-fatiguee","13":"product_cat-peau-seche","14":"product_cat-shakeup-fr","15":"product_shipping_class-standard-fr","16":"pa_hersteller-baxter-of-california-fr-2","17":"sales-flash-overlay","18":"woocommerce-text-align-center","19":"woocommerce-image-align-center","20":"do-quantity-buttons","21":"wc-has-gallery","22":"has-subscription-plans","24":"first","25":"instock","26":"purchasable","27":"product-type-simple"},"acf":[],"yoast_head":"<!-- This site is optimized with the Yoast SEO Premium plugin v24.8 (Yoast SEO v25.4) - https:\/\/yoast.com\/wordpress\/plugins\/seo\/ -->\n<title>Shakeup - Face 4Ward Pro-Youth Serum | Manskin.ch<\/title>\n<meta name=\"description\" content=\"Ce s\u00e9rum visage puissant et nourrissant pour hommes lutte contre de nombreux signes de vieillissement. A commander maintenant chez Manskin.ch.\" \/>\n<meta name=\"robots\" content=\"noindex, follow, max-snippet:-1, max-image-preview:large, max-video-preview:-1\" \/>\n<meta property=\"og:locale\" content=\"fr_FR\" \/>\n<meta property=\"og:type\" content=\"article\" \/>\n<meta property=\"og:title\" content=\"Shakeup - Face 4Ward Pro-Youth Serum\" \/>\n<meta property=\"og:description\" content=\"Ce s\u00e9rum visage puissant et nourrissant pour hommes lutte contre de nombreux signes de vieillissement. A commander maintenant chez Manskin.ch.\" \/>\n<meta property=\"og:url\" content=\"https:\/\/manskin.ethos-dev.ch\/fr\/produkt\/shakeup-face-4ward-pro-youth-serum\/\" \/>\n<meta property=\"og:site_name\" content=\"Manskin.ch\" \/>\n<meta property=\"article:publisher\" content=\"https:\/\/www.facebook.com\/manskin.ch\" \/>\n<meta property=\"article:modified_time\" content=\"2024-12-15T08:43:14+00:00\" \/>\n<meta property=\"og:image\" content=\"https:\/\/manskin.ethos-dev.ch\/wp-content\/uploads\/2023\/11\/Face4ward-Serum.jpg\" \/>\n\t<meta property=\"og:image:width\" content=\"800\" \/>\n\t<meta property=\"og:image:height\" content=\"800\" \/>\n\t<meta property=\"og:image:type\" content=\"image\/jpeg\" \/>\n<meta name=\"twitter:card\" content=\"summary_large_image\" \/>\n<meta name=\"twitter:label1\" content=\"Prix\" \/>\n\t<meta name=\"twitter:data1\" content=\"49.00&#067;&#072;&#070;\" \/>\n\t<meta name=\"twitter:label2\" content=\"Disponibilit\u00e9\" \/>\n\t<meta name=\"twitter:data2\" content=\"En stock\" \/>\n<script type=\"application\/ld+json\" class=\"yoast-schema-graph\">{\"@context\":\"https:\/\/schema.org\",\"@graph\":[{\"@type\":\"WebPage\",\"@id\":\"https:\/\/manskin.ethos-dev.ch\/fr\/produkt\/shakeup-face-4ward-pro-youth-serum\/\",\"url\":\"https:\/\/manskin.ethos-dev.ch\/fr\/produkt\/shakeup-face-4ward-pro-youth-serum\/\",\"name\":\"Shakeup - Face 4Ward Pro-Youth Serum | Manskin.ch\",\"isPartOf\":{\"@id\":\"https:\/\/manskin.ethos-dev.ch\/#website\"},\"primaryImageOfPage\":{\"@id\":\"https:\/\/manskin.ethos-dev.ch\/fr\/produkt\/shakeup-face-4ward-pro-youth-serum\/#primaryimage\"},\"image\":{\"@id\":\"https:\/\/manskin.ethos-dev.ch\/fr\/produkt\/shakeup-face-4ward-pro-youth-serum\/#primaryimage\"},\"thumbnailUrl\":\"https:\/\/manskin.ethos-dev.ch\/wp-content\/uploads\/2023\/11\/Face4ward-Serum.jpg\",\"datePublished\":\"2023-11-02T09:34:06+00:00\",\"dateModified\":\"2024-12-15T08:43:14+00:00\",\"description\":\"Ce s\u00e9rum visage puissant et nourrissant pour hommes lutte contre de nombreux signes de vieillissement. A commander maintenant chez Manskin.ch.\",\"breadcrumb\":{\"@id\":\"https:\/\/manskin.ethos-dev.ch\/fr\/produkt\/shakeup-face-4ward-pro-youth-serum\/#breadcrumb\"},\"inLanguage\":\"fr-FR\",\"potentialAction\":[{\"@type\":\"ReadAction\",\"target\":[\"https:\/\/manskin.ethos-dev.ch\/fr\/produkt\/shakeup-face-4ward-pro-youth-serum\/\"]}]},{\"@type\":\"ImageObject\",\"inLanguage\":\"fr-FR\",\"@id\":\"https:\/\/manskin.ethos-dev.ch\/fr\/produkt\/shakeup-face-4ward-pro-youth-serum\/#primaryimage\",\"url\":\"https:\/\/manskin.ethos-dev.ch\/wp-content\/uploads\/2023\/11\/Face4ward-Serum.jpg\",\"contentUrl\":\"https:\/\/manskin.ethos-dev.ch\/wp-content\/uploads\/2023\/11\/Face4ward-Serum.jpg\",\"width\":800,\"height\":800},{\"@type\":\"BreadcrumbList\",\"@id\":\"https:\/\/manskin.ethos-dev.ch\/fr\/produkt\/shakeup-face-4ward-pro-youth-serum\/#breadcrumb\",\"itemListElement\":[{\"@type\":\"ListItem\",\"position\":1,\"name\":\"Startseite\",\"item\":\"https:\/\/manskin.ethos-dev.ch\/fr\/\"},{\"@type\":\"ListItem\",\"position\":2,\"name\":\"Shop\",\"item\":\"https:\/\/manskin.ethos-dev.ch\/shop\/\"},{\"@type\":\"ListItem\",\"position\":3,\"name\":\"Shakeup &#8211; Face 4Ward Pro-Youth Serum\"}]},{\"@type\":\"WebSite\",\"@id\":\"https:\/\/manskin.ethos-dev.ch\/#website\",\"url\":\"https:\/\/manskin.ethos-dev.ch\/\",\"name\":\"Manskin.ch\",\"description\":\"Tous les produits de beaut\u00e9 pour les hommes les plus exigeants\",\"publisher\":{\"@id\":\"https:\/\/manskin.ethos-dev.ch\/#organization\"},\"potentialAction\":[{\"@type\":\"SearchAction\",\"target\":{\"@type\":\"EntryPoint\",\"urlTemplate\":\"https:\/\/manskin.ethos-dev.ch\/?s={search_term_string}\"},\"query-input\":{\"@type\":\"PropertyValueSpecification\",\"valueRequired\":true,\"valueName\":\"search_term_string\"}}],\"inLanguage\":\"fr-FR\"},{\"@type\":\"Organization\",\"@id\":\"https:\/\/manskin.ethos-dev.ch\/#organization\",\"name\":\"Manskin.ch - der Schweizer Onlineshop f\u00fcr qualit\u00e4tsstarke M\u00e4nnerpflege\",\"url\":\"https:\/\/manskin.ethos-dev.ch\/\",\"logo\":{\"@type\":\"ImageObject\",\"inLanguage\":\"fr-FR\",\"@id\":\"https:\/\/manskin.ethos-dev.ch\/#\/schema\/logo\/image\/\",\"url\":\"https:\/\/manskin.ethos-dev.ch\/wp-content\/uploads\/2021\/04\/cropped-logo_head.png\",\"contentUrl\":\"https:\/\/manskin.ethos-dev.ch\/wp-content\/uploads\/2021\/04\/cropped-logo_head.png\",\"width\":235,\"height\":75,\"caption\":\"Manskin.ch - der Schweizer Onlineshop f\u00fcr qualit\u00e4tsstarke M\u00e4nnerpflege\"},\"image\":{\"@id\":\"https:\/\/manskin.ethos-dev.ch\/#\/schema\/logo\/image\/\"},\"sameAs\":[\"https:\/\/www.facebook.com\/manskin.ch\",\"https:\/\/www.instagram.com\/manskin.ch\/\"]}]}<\/script>\n<meta property=\"product:price:amount\" content=\"49.00\" \/>\n<meta property=\"product:price:currency\" content=\"CHF\" \/>\n<meta property=\"og:availability\" content=\"instock\" \/>\n<meta property=\"product:availability\" content=\"instock\" \/>\n<meta property=\"product:retailer_item_id\" content=\"13318\" \/>\n<meta property=\"product:condition\" content=\"new\" \/>\n<!-- \/ Yoast SEO Premium plugin. -->","yoast_head_json":{"title":"Shakeup - Face 4Ward Pro-Youth Serum | Manskin.ch","description":"Ce s\u00e9rum visage puissant et nourrissant pour hommes lutte contre de nombreux signes de vieillissement. A commander maintenant chez Manskin.ch.","robots":{"index":"noindex","follow":"follow","max-snippet":"max-snippet:-1","max-image-preview":"max-image-preview:large","max-video-preview":"max-video-preview:-1"},"og_locale":"fr_FR","og_type":"article","og_title":"Shakeup - Face 4Ward Pro-Youth Serum","og_description":"Ce s\u00e9rum visage puissant et nourrissant pour hommes lutte contre de nombreux signes de vieillissement. A commander maintenant chez Manskin.ch.","og_url":"https:\/\/manskin.ethos-dev.ch\/fr\/produkt\/shakeup-face-4ward-pro-youth-serum\/","og_site_name":"Manskin.ch","article_publisher":"https:\/\/www.facebook.com\/manskin.ch","article_modified_time":"2024-12-15T08:43:14+00:00","og_image":[{"width":800,"height":800,"url":"https:\/\/manskin.ethos-dev.ch\/wp-content\/uploads\/2023\/11\/Face4ward-Serum.jpg","type":"image\/jpeg"}],"twitter_card":"summary_large_image","twitter_misc":{"Prix":"49.00&#67;&#72;&#70;","Disponibilit\u00e9":"En stock"},"schema":{"@context":"https:\/\/schema.org","@graph":[{"@type":"WebPage","@id":"https:\/\/manskin.ethos-dev.ch\/fr\/produkt\/shakeup-face-4ward-pro-youth-serum\/","url":"https:\/\/manskin.ethos-dev.ch\/fr\/produkt\/shakeup-face-4ward-pro-youth-serum\/","name":"Shakeup - Face 4Ward Pro-Youth Serum | Manskin.ch","isPartOf":{"@id":"https:\/\/manskin.ethos-dev.ch\/#website"},"primaryImageOfPage":{"@id":"https:\/\/manskin.ethos-dev.ch\/fr\/produkt\/shakeup-face-4ward-pro-youth-serum\/#primaryimage"},"image":{"@id":"https:\/\/manskin.ethos-dev.ch\/fr\/produkt\/shakeup-face-4ward-pro-youth-serum\/#primaryimage"},"thumbnailUrl":"https:\/\/manskin.ethos-dev.ch\/wp-content\/uploads\/2023\/11\/Face4ward-Serum.jpg","datePublished":"2023-11-02T09:34:06+00:00","dateModified":"2024-12-15T08:43:14+00:00","description":"Ce s\u00e9rum visage puissant et nourrissant pour hommes lutte contre de nombreux signes de vieillissement. A commander maintenant chez Manskin.ch.","breadcrumb":{"@id":"https:\/\/manskin.ethos-dev.ch\/fr\/produkt\/shakeup-face-4ward-pro-youth-serum\/#breadcrumb"},"inLanguage":"fr-FR","potentialAction":[{"@type":"ReadAction","target":["https:\/\/manskin.ethos-dev.ch\/fr\/produkt\/shakeup-face-4ward-pro-youth-serum\/"]}]},{"@type":"ImageObject","inLanguage":"fr-FR","@id":"https:\/\/manskin.ethos-dev.ch\/fr\/produkt\/shakeup-face-4ward-pro-youth-serum\/#primaryimage","url":"https:\/\/manskin.ethos-dev.ch\/wp-content\/uploads\/2023\/11\/Face4ward-Serum.jpg","contentUrl":"https:\/\/manskin.ethos-dev.ch\/wp-content\/uploads\/2023\/11\/Face4ward-Serum.jpg","width":800,"height":800},{"@type":"BreadcrumbList","@id":"https:\/\/manskin.ethos-dev.ch\/fr\/produkt\/shakeup-face-4ward-pro-youth-serum\/#breadcrumb","itemListElement":[{"@type":"ListItem","position":1,"name":"Startseite","item":"https:\/\/manskin.ethos-dev.ch\/fr\/"},{"@type":"ListItem","position":2,"name":"Shop","item":"https:\/\/manskin.ethos-dev.ch\/shop\/"},{"@type":"ListItem","position":3,"name":"Shakeup &#8211; Face 4Ward Pro-Youth Serum"}]},{"@type":"WebSite","@id":"https:\/\/manskin.ethos-dev.ch\/#website","url":"https:\/\/manskin.ethos-dev.ch\/","name":"Manskin.ch","description":"Tous les produits de beaut\u00e9 pour les hommes les plus exigeants","publisher":{"@id":"https:\/\/manskin.ethos-dev.ch\/#organization"},"potentialAction":[{"@type":"SearchAction","target":{"@type":"EntryPoint","urlTemplate":"https:\/\/manskin.ethos-dev.ch\/?s={search_term_string}"},"query-input":{"@type":"PropertyValueSpecification","valueRequired":true,"valueName":"search_term_string"}}],"inLanguage":"fr-FR"},{"@type":"Organization","@id":"https:\/\/manskin.ethos-dev.ch\/#organization","name":"Manskin.ch - der Schweizer Onlineshop f\u00fcr qualit\u00e4tsstarke M\u00e4nnerpflege","url":"https:\/\/manskin.ethos-dev.ch\/","logo":{"@type":"ImageObject","inLanguage":"fr-FR","@id":"https:\/\/manskin.ethos-dev.ch\/#\/schema\/logo\/image\/","url":"https:\/\/manskin.ethos-dev.ch\/wp-content\/uploads\/2021\/04\/cropped-logo_head.png","contentUrl":"https:\/\/manskin.ethos-dev.ch\/wp-content\/uploads\/2021\/04\/cropped-logo_head.png","width":235,"height":75,"caption":"Manskin.ch - der Schweizer Onlineshop f\u00fcr qualit\u00e4tsstarke M\u00e4nnerpflege"},"image":{"@id":"https:\/\/manskin.ethos-dev.ch\/#\/schema\/logo\/image\/"},"sameAs":["https:\/\/www.facebook.com\/manskin.ch","https:\/\/www.instagram.com\/manskin.ch\/"]}]},"product_price_amount":"49.00","product_price_currency":"CHF","og_availability":"instock","product_availability":"instock","product_retailer_item_id":"13318","product_condition":"new"},"brands":[{"id":2848,"name":"Shakeup","slug":"shakeup"}],"_links":{"self":[{"href":"https:\/\/manskin.ethos-dev.ch\/fr\/wp-json\/wp\/v2\/product\/23335","targetHints":{"allow":["GET"]}}],"collection":[{"href":"https:\/\/manskin.ethos-dev.ch\/fr\/wp-json\/wp\/v2\/product"}],"about":[{"href":"https:\/\/manskin.ethos-dev.ch\/fr\/wp-json\/wp\/v2\/types\/product"}],"replies":[{"embeddable":true,"href":"https:\/\/manskin.ethos-dev.ch\/fr\/wp-json\/wp\/v2\/comments?post=23335"}],"wp:featuredmedia":[{"embeddable":true,"href":"https:\/\/manskin.ethos-dev.ch\/fr\/wp-json\/wp\/v2\/media\/23340"}],"wp:attachment":[{"href":"https:\/\/manskin.ethos-dev.ch\/fr\/wp-json\/wp\/v2\/media?parent=23335"}],"wp:term":[{"taxonomy":"pwb-brand","embeddable":true,"href":"https:\/\/manskin.ethos-dev.ch\/fr\/wp-json\/wp\/v2\/pwb-brand?post=23335"},{"taxonomy":"product_brand","embeddable":true,"href":"https:\/\/manskin.ethos-dev.ch\/fr\/wp-json\/wp\/v2\/product_brand?post=23335"},{"taxonomy":"product_cat","embeddable":true,"href":"https:\/\/manskin.ethos-dev.ch\/fr\/wp-json\/wp\/v2\/product_cat?post=23335"},{"taxonomy":"product_tag","embeddable":true,"href":"https:\/\/manskin.ethos-dev.ch\/fr\/wp-json\/wp\/v2\/product_tag?post=23335"}],"curies":[{"name":"wp","href":"https:\/\/api.w.org\/{rel}","templated":true}]}}