{"id":23490,"date":"2023-11-11T12:05:55","date_gmt":"2023-11-11T11:05:55","guid":{"rendered":"https:\/\/manskin.ethos-dev.ch\/?post_type=product&#038;p=23490"},"modified":"2025-02-25T15:07:13","modified_gmt":"2025-02-25T14:07:13","slug":"creme-pour-les-mains-black-rose-oud","status":"publish","type":"product","link":"https:\/\/manskin.ethos-dev.ch\/fr\/produkt\/creme-pour-les-mains-black-rose-oud\/","title":{"rendered":"Salt &amp; Stone &#8211; Cr\u00e8me pour les mains Black Rose &amp; Oud"},"content":{"rendered":"<h2>Salt &#038; Stone &#8211; Cr\u00e8me pour les mains Black Rose &#038; Oud<\/h2>\n<ul>\n<li><span style=\"font-size: 16px;\">La cr\u00e8me pour les mains de Salt &#038; Stone est une cr\u00e8me hydratante quotidienne \u00e0 absorption rapide pour les mains, contenant des substances v\u00e9g\u00e9tales d&#8217;origine marine, des antioxydants et des ingr\u00e9dients hydratants naturels.<\/span><\/li>\n<li><span style=\"font-size: 16px;\">Elle rend aux mains s\u00e8ches leur douceur et leur souplesse apr\u00e8s des lavages fr\u00e9quents et les agressions de l&#8217;environnement.<\/span><\/li>\n<li><span style=\"font-size: 16px;\">Cette cr\u00e8me tr\u00e8s hydratante apporte rapidement des ingr\u00e9dients nourrissants \u00e0 la peau.<br \/>\n<\/span><\/li>\n<\/ul>\n<p>Ingr\u00e9dients principaux :<\/p>\n<ul>\n<li>Squalane : cette huile extraite des olives, qui ressemble \u00e0 l&#8217;huile produite par la peau, emprisonne l&#8217;humidit\u00e9 et nourrit la peau.<\/li>\n<li>Champignon des neiges : un champignon riche en polysaccharides et en acides gras. Ces mol\u00e9cules sont connues pour aider la peau \u00e0 retenir l&#8217;eau et \u00e0 prolonger l&#8217;hydratation.<\/li>\n<li>Extraits d&#8217;algues marines : des plantes marines riches en antioxydants qui apaisent et r\u00e9g\u00e9n\u00e8rent les peaux irrit\u00e9es et expos\u00e9es aux \u00e9l\u00e9ments.<\/li>\n<li>Niacinamide : \u00e9galement connue sous le nom de vitamine B3, elle forme une barri\u00e8re cutan\u00e9e plus solide et saine et am\u00e9liore l&#8217;aspect de la peau.Notes olfactives :<br \/>\nNotes de t\u00eate &#8211; Rose noire, Muguet<br \/>\nC\u0153ur &#8211; Oud, Acajou<br \/>\nBase &#8211; V\u00e9tiver, Santal, Ambre<\/p>\n<p>Contenu 60 ml.<\/li>\n<\/ul>\n","protected":false},"excerpt":{"rendered":"<p>Avec des algues marins, squalan et champignons de neige<\/p>\n","protected":false},"featured_media":23493,"comment_status":"closed","ping_status":"closed","template":"","meta":{"_acf_changed":false},"pwb-brand":[2780],"product_brand":[],"product_cat":[2360,2392],"product_tag":[],"class_list":{"0":"post-23490","1":"product","2":"type-product","3":"status-publish","4":"has-post-thumbnail","6":"pwb-brand-salt-stone","7":"product_cat-soins-des-mains","8":"product_cat-salt-stone-fr","9":"product_shipping_class-standard-fr","10":"pa_hersteller-salt-stone-fr-2","11":"sales-flash-overlay","12":"woocommerce-text-align-center","13":"woocommerce-image-align-center","14":"do-quantity-buttons","15":"has-subscription-plans","17":"first","18":"instock","19":"purchasable","20":"product-type-simple"},"acf":[],"yoast_head":"<!-- This site is optimized with the Yoast SEO Premium plugin v24.8 (Yoast SEO v25.4) - https:\/\/yoast.com\/wordpress\/plugins\/seo\/ -->\n<title>Salt &amp; Stone - Cr\u00e8me pour les mains Black Rose &amp; Oud | Manskin.ch<\/title>\n<meta name=\"description\" content=\"Salt &amp; Stone - Cr\u00e8me pour les mains Black Rose &amp; Oud\" \/>\n<meta name=\"robots\" content=\"noindex, follow, max-snippet:-1, max-image-preview:large, max-video-preview:-1\" \/>\n<meta property=\"og:locale\" content=\"fr_FR\" \/>\n<meta property=\"og:type\" content=\"article\" \/>\n<meta property=\"og:title\" content=\"Salt &amp; Stone - Cr\u00e8me pour les mains Black Rose &amp; Oud\" \/>\n<meta property=\"og:description\" content=\"Salt &amp; Stone - Cr\u00e8me pour les mains Black Rose &amp; Oud\" \/>\n<meta property=\"og:url\" content=\"https:\/\/manskin.ethos-dev.ch\/fr\/produkt\/creme-pour-les-mains-black-rose-oud\/\" \/>\n<meta property=\"og:site_name\" content=\"Manskin.ch\" \/>\n<meta property=\"article:publisher\" content=\"https:\/\/www.facebook.com\/manskin.ch\" \/>\n<meta property=\"article:modified_time\" content=\"2025-02-25T14:07:13+00:00\" \/>\n<meta property=\"og:image\" content=\"https:\/\/manskin.ethos-dev.ch\/wp-content\/uploads\/2023\/11\/Salt-Stone-Handcream-Black-Rose.jpg\" \/>\n\t<meta property=\"og:image:width\" content=\"800\" \/>\n\t<meta property=\"og:image:height\" content=\"800\" \/>\n\t<meta property=\"og:image:type\" content=\"image\/jpeg\" \/>\n<meta name=\"twitter:card\" content=\"summary_large_image\" \/>\n<meta name=\"twitter:label1\" content=\"Prix\" \/>\n\t<meta name=\"twitter:data1\" content=\"24.90&#067;&#072;&#070;\" \/>\n\t<meta name=\"twitter:label2\" content=\"Disponibilit\u00e9\" \/>\n\t<meta name=\"twitter:data2\" content=\"En stock\" \/>\n<script type=\"application\/ld+json\" class=\"yoast-schema-graph\">{\"@context\":\"https:\/\/schema.org\",\"@graph\":[{\"@type\":\"WebPage\",\"@id\":\"https:\/\/manskin.ethos-dev.ch\/fr\/produkt\/creme-pour-les-mains-black-rose-oud\/\",\"url\":\"https:\/\/manskin.ethos-dev.ch\/fr\/produkt\/creme-pour-les-mains-black-rose-oud\/\",\"name\":\"Salt &amp; Stone - Cr\u00e8me pour les mains Black Rose &amp; Oud | Manskin.ch\",\"isPartOf\":{\"@id\":\"https:\/\/manskin.ethos-dev.ch\/#website\"},\"primaryImageOfPage\":{\"@id\":\"https:\/\/manskin.ethos-dev.ch\/fr\/produkt\/creme-pour-les-mains-black-rose-oud\/#primaryimage\"},\"image\":{\"@id\":\"https:\/\/manskin.ethos-dev.ch\/fr\/produkt\/creme-pour-les-mains-black-rose-oud\/#primaryimage\"},\"thumbnailUrl\":\"https:\/\/manskin.ethos-dev.ch\/wp-content\/uploads\/2023\/11\/Salt-Stone-Handcream-Black-Rose.jpg\",\"datePublished\":\"2023-11-11T11:05:55+00:00\",\"dateModified\":\"2025-02-25T14:07:13+00:00\",\"description\":\"Salt &amp; Stone - Cr\u00e8me pour les mains Black Rose &amp; Oud\",\"breadcrumb\":{\"@id\":\"https:\/\/manskin.ethos-dev.ch\/fr\/produkt\/creme-pour-les-mains-black-rose-oud\/#breadcrumb\"},\"inLanguage\":\"fr-FR\",\"potentialAction\":[{\"@type\":\"ReadAction\",\"target\":[\"https:\/\/manskin.ethos-dev.ch\/fr\/produkt\/creme-pour-les-mains-black-rose-oud\/\"]}]},{\"@type\":\"ImageObject\",\"inLanguage\":\"fr-FR\",\"@id\":\"https:\/\/manskin.ethos-dev.ch\/fr\/produkt\/creme-pour-les-mains-black-rose-oud\/#primaryimage\",\"url\":\"https:\/\/manskin.ethos-dev.ch\/wp-content\/uploads\/2023\/11\/Salt-Stone-Handcream-Black-Rose.jpg\",\"contentUrl\":\"https:\/\/manskin.ethos-dev.ch\/wp-content\/uploads\/2023\/11\/Salt-Stone-Handcream-Black-Rose.jpg\",\"width\":800,\"height\":800},{\"@type\":\"BreadcrumbList\",\"@id\":\"https:\/\/manskin.ethos-dev.ch\/fr\/produkt\/creme-pour-les-mains-black-rose-oud\/#breadcrumb\",\"itemListElement\":[{\"@type\":\"ListItem\",\"position\":1,\"name\":\"Startseite\",\"item\":\"https:\/\/manskin.ethos-dev.ch\/fr\/\"},{\"@type\":\"ListItem\",\"position\":2,\"name\":\"Shop\",\"item\":\"https:\/\/manskin.ethos-dev.ch\/shop\/\"},{\"@type\":\"ListItem\",\"position\":3,\"name\":\"Salt &amp; Stone &#8211; Cr\u00e8me pour les mains Black Rose &amp; Oud\"}]},{\"@type\":\"WebSite\",\"@id\":\"https:\/\/manskin.ethos-dev.ch\/#website\",\"url\":\"https:\/\/manskin.ethos-dev.ch\/\",\"name\":\"Manskin.ch\",\"description\":\"Tous les produits de beaut\u00e9 pour les hommes les plus exigeants\",\"publisher\":{\"@id\":\"https:\/\/manskin.ethos-dev.ch\/#organization\"},\"potentialAction\":[{\"@type\":\"SearchAction\",\"target\":{\"@type\":\"EntryPoint\",\"urlTemplate\":\"https:\/\/manskin.ethos-dev.ch\/?s={search_term_string}\"},\"query-input\":{\"@type\":\"PropertyValueSpecification\",\"valueRequired\":true,\"valueName\":\"search_term_string\"}}],\"inLanguage\":\"fr-FR\"},{\"@type\":\"Organization\",\"@id\":\"https:\/\/manskin.ethos-dev.ch\/#organization\",\"name\":\"Manskin.ch - der Schweizer Onlineshop f\u00fcr qualit\u00e4tsstarke M\u00e4nnerpflege\",\"url\":\"https:\/\/manskin.ethos-dev.ch\/\",\"logo\":{\"@type\":\"ImageObject\",\"inLanguage\":\"fr-FR\",\"@id\":\"https:\/\/manskin.ethos-dev.ch\/#\/schema\/logo\/image\/\",\"url\":\"https:\/\/manskin.ethos-dev.ch\/wp-content\/uploads\/2021\/04\/cropped-logo_head.png\",\"contentUrl\":\"https:\/\/manskin.ethos-dev.ch\/wp-content\/uploads\/2021\/04\/cropped-logo_head.png\",\"width\":235,\"height\":75,\"caption\":\"Manskin.ch - der Schweizer Onlineshop f\u00fcr qualit\u00e4tsstarke M\u00e4nnerpflege\"},\"image\":{\"@id\":\"https:\/\/manskin.ethos-dev.ch\/#\/schema\/logo\/image\/\"},\"sameAs\":[\"https:\/\/www.facebook.com\/manskin.ch\",\"https:\/\/www.instagram.com\/manskin.ch\/\"]}]}<\/script>\n<meta property=\"product:price:amount\" content=\"24.90\" \/>\n<meta property=\"product:price:currency\" content=\"CHF\" \/>\n<meta property=\"og:availability\" content=\"instock\" \/>\n<meta property=\"product:availability\" content=\"instock\" \/>\n<meta property=\"product:retailer_item_id\" content=\"13330\" \/>\n<meta property=\"product:condition\" content=\"new\" \/>\n<!-- \/ Yoast SEO Premium plugin. -->","yoast_head_json":{"title":"Salt &amp; Stone - Cr\u00e8me pour les mains Black Rose &amp; Oud | Manskin.ch","description":"Salt &amp; Stone - Cr\u00e8me pour les mains Black Rose &amp; Oud","robots":{"index":"noindex","follow":"follow","max-snippet":"max-snippet:-1","max-image-preview":"max-image-preview:large","max-video-preview":"max-video-preview:-1"},"og_locale":"fr_FR","og_type":"article","og_title":"Salt &amp; Stone - Cr\u00e8me pour les mains Black Rose &amp; Oud","og_description":"Salt &amp; Stone - Cr\u00e8me pour les mains Black Rose &amp; Oud","og_url":"https:\/\/manskin.ethos-dev.ch\/fr\/produkt\/creme-pour-les-mains-black-rose-oud\/","og_site_name":"Manskin.ch","article_publisher":"https:\/\/www.facebook.com\/manskin.ch","article_modified_time":"2025-02-25T14:07:13+00:00","og_image":[{"width":800,"height":800,"url":"https:\/\/manskin.ethos-dev.ch\/wp-content\/uploads\/2023\/11\/Salt-Stone-Handcream-Black-Rose.jpg","type":"image\/jpeg"}],"twitter_card":"summary_large_image","twitter_misc":{"Prix":"24.90&#67;&#72;&#70;","Disponibilit\u00e9":"En stock"},"schema":{"@context":"https:\/\/schema.org","@graph":[{"@type":"WebPage","@id":"https:\/\/manskin.ethos-dev.ch\/fr\/produkt\/creme-pour-les-mains-black-rose-oud\/","url":"https:\/\/manskin.ethos-dev.ch\/fr\/produkt\/creme-pour-les-mains-black-rose-oud\/","name":"Salt &amp; Stone - Cr\u00e8me pour les mains Black Rose &amp; Oud | Manskin.ch","isPartOf":{"@id":"https:\/\/manskin.ethos-dev.ch\/#website"},"primaryImageOfPage":{"@id":"https:\/\/manskin.ethos-dev.ch\/fr\/produkt\/creme-pour-les-mains-black-rose-oud\/#primaryimage"},"image":{"@id":"https:\/\/manskin.ethos-dev.ch\/fr\/produkt\/creme-pour-les-mains-black-rose-oud\/#primaryimage"},"thumbnailUrl":"https:\/\/manskin.ethos-dev.ch\/wp-content\/uploads\/2023\/11\/Salt-Stone-Handcream-Black-Rose.jpg","datePublished":"2023-11-11T11:05:55+00:00","dateModified":"2025-02-25T14:07:13+00:00","description":"Salt &amp; Stone - Cr\u00e8me pour les mains Black Rose &amp; Oud","breadcrumb":{"@id":"https:\/\/manskin.ethos-dev.ch\/fr\/produkt\/creme-pour-les-mains-black-rose-oud\/#breadcrumb"},"inLanguage":"fr-FR","potentialAction":[{"@type":"ReadAction","target":["https:\/\/manskin.ethos-dev.ch\/fr\/produkt\/creme-pour-les-mains-black-rose-oud\/"]}]},{"@type":"ImageObject","inLanguage":"fr-FR","@id":"https:\/\/manskin.ethos-dev.ch\/fr\/produkt\/creme-pour-les-mains-black-rose-oud\/#primaryimage","url":"https:\/\/manskin.ethos-dev.ch\/wp-content\/uploads\/2023\/11\/Salt-Stone-Handcream-Black-Rose.jpg","contentUrl":"https:\/\/manskin.ethos-dev.ch\/wp-content\/uploads\/2023\/11\/Salt-Stone-Handcream-Black-Rose.jpg","width":800,"height":800},{"@type":"BreadcrumbList","@id":"https:\/\/manskin.ethos-dev.ch\/fr\/produkt\/creme-pour-les-mains-black-rose-oud\/#breadcrumb","itemListElement":[{"@type":"ListItem","position":1,"name":"Startseite","item":"https:\/\/manskin.ethos-dev.ch\/fr\/"},{"@type":"ListItem","position":2,"name":"Shop","item":"https:\/\/manskin.ethos-dev.ch\/shop\/"},{"@type":"ListItem","position":3,"name":"Salt &amp; Stone &#8211; Cr\u00e8me pour les mains Black Rose &amp; Oud"}]},{"@type":"WebSite","@id":"https:\/\/manskin.ethos-dev.ch\/#website","url":"https:\/\/manskin.ethos-dev.ch\/","name":"Manskin.ch","description":"Tous les produits de beaut\u00e9 pour les hommes les plus exigeants","publisher":{"@id":"https:\/\/manskin.ethos-dev.ch\/#organization"},"potentialAction":[{"@type":"SearchAction","target":{"@type":"EntryPoint","urlTemplate":"https:\/\/manskin.ethos-dev.ch\/?s={search_term_string}"},"query-input":{"@type":"PropertyValueSpecification","valueRequired":true,"valueName":"search_term_string"}}],"inLanguage":"fr-FR"},{"@type":"Organization","@id":"https:\/\/manskin.ethos-dev.ch\/#organization","name":"Manskin.ch - der Schweizer Onlineshop f\u00fcr qualit\u00e4tsstarke M\u00e4nnerpflege","url":"https:\/\/manskin.ethos-dev.ch\/","logo":{"@type":"ImageObject","inLanguage":"fr-FR","@id":"https:\/\/manskin.ethos-dev.ch\/#\/schema\/logo\/image\/","url":"https:\/\/manskin.ethos-dev.ch\/wp-content\/uploads\/2021\/04\/cropped-logo_head.png","contentUrl":"https:\/\/manskin.ethos-dev.ch\/wp-content\/uploads\/2021\/04\/cropped-logo_head.png","width":235,"height":75,"caption":"Manskin.ch - der Schweizer Onlineshop f\u00fcr qualit\u00e4tsstarke M\u00e4nnerpflege"},"image":{"@id":"https:\/\/manskin.ethos-dev.ch\/#\/schema\/logo\/image\/"},"sameAs":["https:\/\/www.facebook.com\/manskin.ch","https:\/\/www.instagram.com\/manskin.ch\/"]}]},"product_price_amount":"24.90","product_price_currency":"CHF","og_availability":"instock","product_availability":"instock","product_retailer_item_id":"13330","product_condition":"new"},"brands":[{"id":2780,"name":"Salt &amp; Stone","slug":"salt-stone"}],"_links":{"self":[{"href":"https:\/\/manskin.ethos-dev.ch\/fr\/wp-json\/wp\/v2\/product\/23490","targetHints":{"allow":["GET"]}}],"collection":[{"href":"https:\/\/manskin.ethos-dev.ch\/fr\/wp-json\/wp\/v2\/product"}],"about":[{"href":"https:\/\/manskin.ethos-dev.ch\/fr\/wp-json\/wp\/v2\/types\/product"}],"replies":[{"embeddable":true,"href":"https:\/\/manskin.ethos-dev.ch\/fr\/wp-json\/wp\/v2\/comments?post=23490"}],"wp:featuredmedia":[{"embeddable":true,"href":"https:\/\/manskin.ethos-dev.ch\/fr\/wp-json\/wp\/v2\/media\/23493"}],"wp:attachment":[{"href":"https:\/\/manskin.ethos-dev.ch\/fr\/wp-json\/wp\/v2\/media?parent=23490"}],"wp:term":[{"taxonomy":"pwb-brand","embeddable":true,"href":"https:\/\/manskin.ethos-dev.ch\/fr\/wp-json\/wp\/v2\/pwb-brand?post=23490"},{"taxonomy":"product_brand","embeddable":true,"href":"https:\/\/manskin.ethos-dev.ch\/fr\/wp-json\/wp\/v2\/product_brand?post=23490"},{"taxonomy":"product_cat","embeddable":true,"href":"https:\/\/manskin.ethos-dev.ch\/fr\/wp-json\/wp\/v2\/product_cat?post=23490"},{"taxonomy":"product_tag","embeddable":true,"href":"https:\/\/manskin.ethos-dev.ch\/fr\/wp-json\/wp\/v2\/product_tag?post=23490"}],"curies":[{"name":"wp","href":"https:\/\/api.w.org\/{rel}","templated":true}]}}