{"id":23507,"date":"2023-11-11T12:42:48","date_gmt":"2023-11-11T11:42:48","guid":{"rendered":"https:\/\/manskin.ethos-dev.ch\/?post_type=product&#038;p=23507"},"modified":"2025-03-24T05:14:02","modified_gmt":"2025-03-24T04:14:02","slug":"set-creme-a-raser-apres-rasage-grapefruit-mint","status":"publish","type":"product","link":"https:\/\/manskin.ethos-dev.ch\/fr\/produkt\/set-creme-a-raser-apres-rasage-grapefruit-mint\/","title":{"rendered":"M\u00dcHLE &#8211; Set Cr\u00e8me \u00e0 raser &amp; Apr\u00e8s-rasage Grapefruit &amp; Mint"},"content":{"rendered":"<h2>M\u00dcHLE &#8211; Set Cr\u00e8me \u00e0 raser &#038; Apr\u00e8s-rasage Grapefruit &#038; Mint<\/h2>\n<ul>\n<li>La cr\u00e8me de rasage pr\u00e9pare la peau et les poils de barbe de mani\u00e8re optimale pour un rasage humide parfait et en douceur.<\/li>\n<li>La formule \u00e0 base de cire d&#8217;abeille v\u00e9ritable et de glyc\u00e9rine v\u00e9g\u00e9tale ne contient pas de conservateurs, mais des essences naturelles, des min\u00e9raux et des oligo-\u00e9l\u00e9ments.<\/li>\n<li>Le baume apr\u00e8s-rasage a un parfum particuli\u00e8rement subtil, mais qui n&#8217;est qu&#8217;un souffle. Il hydrate et rafra\u00eechit, apaise, soigne et fournit \u00e0 ta peau tout ce dont elle a besoin apr\u00e8s le rasage.<\/li>\n<li>Le set comprend :<br \/>\nM\u00dcHLE Cr\u00e8me \u00e0 raser \u00e0 Grapefruit &#038; Mint 75 ml<br \/>\nM\u00dcHLE After Shave Grapefruit &#038; Mint 100 ml<\/li>\n<\/ul>\n","protected":false},"excerpt":{"rendered":"<p>M\u00dcHLE &#8211; Set Cr\u00e8me \u00e0 raser &#038; Apr\u00e8s-rasage Grapefruit &#038; Mint La cr\u00e8me de rasage pr\u00e9pare la peau et les poils de barbe de mani\u00e8re optimale pour un rasage humide parfait et en douceur. La formule \u00e0 base de cire d&#8217;abeille v\u00e9ritable et de glyc\u00e9rine v\u00e9g\u00e9tale ne contient pas de conservateurs, mais des essences naturelles, &#8230; <a title=\"M\u00dcHLE &#8211; Set Cr\u00e8me \u00e0 raser &amp; Apr\u00e8s-rasage Grapefruit &amp; Mint\" class=\"read-more\" href=\"https:\/\/manskin.ethos-dev.ch\/fr\/produkt\/set-creme-a-raser-apres-rasage-grapefruit-mint\/\" aria-label=\"En savoir plus sur M\u00dcHLE &#8211; Set Cr\u00e8me \u00e0 raser &amp; Apr\u00e8s-rasage Grapefruit &amp; Mint\">Lire la suite<\/a><\/p>\n","protected":false},"featured_media":23510,"comment_status":"closed","ping_status":"closed","template":"","meta":{"_acf_changed":false},"pwb-brand":[2769],"product_brand":[],"product_cat":[2326,2412,2311,2424],"product_tag":[],"class_list":{"0":"post-23507","1":"product","2":"type-product","3":"status-publish","4":"has-post-thumbnail","6":"pwb-brand-muehle","7":"product_cat-cadeaux","8":"product_cat-muehle-fr","9":"product_cat-creme-a-raser","10":"product_cat-sets-de-rasage","11":"product_shipping_class-standard-fr","12":"pa_hersteller-muehle-fr-2","13":"sales-flash-overlay","14":"woocommerce-text-align-center","15":"woocommerce-image-align-center","16":"do-quantity-buttons","17":"has-subscription-plans","19":"first","20":"instock","21":"purchasable","22":"product-type-simple"},"acf":[],"yoast_head":"<!-- This site is optimized with the Yoast SEO Premium plugin v24.8 (Yoast SEO v25.4) - https:\/\/yoast.com\/wordpress\/plugins\/seo\/ -->\n<title>M\u00dcHLE - Set Cr\u00e8me \u00e0 raser &amp; Apr\u00e8s-rasage Grapefruit &amp; Mint | Manskin.ch<\/title>\n<meta name=\"description\" content=\"M\u00dcHLE - Set Cr\u00e8me \u00e0 raser &amp; Apr\u00e8s-rasage Grapefruit &amp; Mint\" \/>\n<meta name=\"robots\" content=\"noindex, follow, max-snippet:-1, max-image-preview:large, max-video-preview:-1\" \/>\n<meta property=\"og:locale\" content=\"fr_FR\" \/>\n<meta property=\"og:type\" content=\"article\" \/>\n<meta property=\"og:title\" content=\"M\u00dcHLE - Set Cr\u00e8me \u00e0 raser &amp; Apr\u00e8s-rasage Grapefruit &amp; Mint\" \/>\n<meta property=\"og:description\" content=\"M\u00dcHLE - Set Cr\u00e8me \u00e0 raser &amp; Apr\u00e8s-rasage Grapefruit &amp; Mint\" \/>\n<meta property=\"og:url\" content=\"https:\/\/manskin.ethos-dev.ch\/fr\/produkt\/set-creme-a-raser-apres-rasage-grapefruit-mint\/\" \/>\n<meta property=\"og:site_name\" content=\"Manskin.ch\" \/>\n<meta property=\"article:publisher\" content=\"https:\/\/www.facebook.com\/manskin.ch\" \/>\n<meta property=\"article:modified_time\" content=\"2025-03-24T04:14:02+00:00\" \/>\n<meta property=\"og:image\" content=\"https:\/\/manskin.ethos-dev.ch\/wp-content\/uploads\/2023\/11\/Muehle-Pflegeset-Grapefruit.jpg\" \/>\n\t<meta property=\"og:image:width\" content=\"800\" \/>\n\t<meta property=\"og:image:height\" content=\"800\" \/>\n\t<meta property=\"og:image:type\" content=\"image\/jpeg\" \/>\n<meta name=\"twitter:card\" content=\"summary_large_image\" \/>\n<meta name=\"twitter:label1\" content=\"Prix\" \/>\n\t<meta name=\"twitter:data1\" content=\"38.50&#067;&#072;&#070;\" \/>\n\t<meta name=\"twitter:label2\" content=\"Disponibilit\u00e9\" \/>\n\t<meta name=\"twitter:data2\" content=\"En stock\" \/>\n<script type=\"application\/ld+json\" class=\"yoast-schema-graph\">{\"@context\":\"https:\/\/schema.org\",\"@graph\":[{\"@type\":\"WebPage\",\"@id\":\"https:\/\/manskin.ethos-dev.ch\/fr\/produkt\/set-creme-a-raser-apres-rasage-grapefruit-mint\/\",\"url\":\"https:\/\/manskin.ethos-dev.ch\/fr\/produkt\/set-creme-a-raser-apres-rasage-grapefruit-mint\/\",\"name\":\"M\u00dcHLE - Set Cr\u00e8me \u00e0 raser &amp; Apr\u00e8s-rasage Grapefruit &amp; Mint | Manskin.ch\",\"isPartOf\":{\"@id\":\"https:\/\/manskin.ethos-dev.ch\/#website\"},\"primaryImageOfPage\":{\"@id\":\"https:\/\/manskin.ethos-dev.ch\/fr\/produkt\/set-creme-a-raser-apres-rasage-grapefruit-mint\/#primaryimage\"},\"image\":{\"@id\":\"https:\/\/manskin.ethos-dev.ch\/fr\/produkt\/set-creme-a-raser-apres-rasage-grapefruit-mint\/#primaryimage\"},\"thumbnailUrl\":\"https:\/\/manskin.ethos-dev.ch\/wp-content\/uploads\/2023\/11\/Muehle-Pflegeset-Grapefruit.jpg\",\"datePublished\":\"2023-11-11T11:42:48+00:00\",\"dateModified\":\"2025-03-24T04:14:02+00:00\",\"description\":\"M\u00dcHLE - Set Cr\u00e8me \u00e0 raser &amp; Apr\u00e8s-rasage Grapefruit &amp; Mint\",\"breadcrumb\":{\"@id\":\"https:\/\/manskin.ethos-dev.ch\/fr\/produkt\/set-creme-a-raser-apres-rasage-grapefruit-mint\/#breadcrumb\"},\"inLanguage\":\"fr-FR\",\"potentialAction\":[{\"@type\":\"ReadAction\",\"target\":[\"https:\/\/manskin.ethos-dev.ch\/fr\/produkt\/set-creme-a-raser-apres-rasage-grapefruit-mint\/\"]}]},{\"@type\":\"ImageObject\",\"inLanguage\":\"fr-FR\",\"@id\":\"https:\/\/manskin.ethos-dev.ch\/fr\/produkt\/set-creme-a-raser-apres-rasage-grapefruit-mint\/#primaryimage\",\"url\":\"https:\/\/manskin.ethos-dev.ch\/wp-content\/uploads\/2023\/11\/Muehle-Pflegeset-Grapefruit.jpg\",\"contentUrl\":\"https:\/\/manskin.ethos-dev.ch\/wp-content\/uploads\/2023\/11\/Muehle-Pflegeset-Grapefruit.jpg\",\"width\":800,\"height\":800},{\"@type\":\"BreadcrumbList\",\"@id\":\"https:\/\/manskin.ethos-dev.ch\/fr\/produkt\/set-creme-a-raser-apres-rasage-grapefruit-mint\/#breadcrumb\",\"itemListElement\":[{\"@type\":\"ListItem\",\"position\":1,\"name\":\"Startseite\",\"item\":\"https:\/\/manskin.ethos-dev.ch\/fr\/\"},{\"@type\":\"ListItem\",\"position\":2,\"name\":\"Shop\",\"item\":\"https:\/\/manskin.ethos-dev.ch\/shop\/\"},{\"@type\":\"ListItem\",\"position\":3,\"name\":\"M\u00dcHLE &#8211; Set Cr\u00e8me \u00e0 raser &amp; Apr\u00e8s-rasage Grapefruit &amp; Mint\"}]},{\"@type\":\"WebSite\",\"@id\":\"https:\/\/manskin.ethos-dev.ch\/#website\",\"url\":\"https:\/\/manskin.ethos-dev.ch\/\",\"name\":\"Manskin.ch\",\"description\":\"Tous les produits de beaut\u00e9 pour les hommes les plus exigeants\",\"publisher\":{\"@id\":\"https:\/\/manskin.ethos-dev.ch\/#organization\"},\"potentialAction\":[{\"@type\":\"SearchAction\",\"target\":{\"@type\":\"EntryPoint\",\"urlTemplate\":\"https:\/\/manskin.ethos-dev.ch\/?s={search_term_string}\"},\"query-input\":{\"@type\":\"PropertyValueSpecification\",\"valueRequired\":true,\"valueName\":\"search_term_string\"}}],\"inLanguage\":\"fr-FR\"},{\"@type\":\"Organization\",\"@id\":\"https:\/\/manskin.ethos-dev.ch\/#organization\",\"name\":\"Manskin.ch - der Schweizer Onlineshop f\u00fcr qualit\u00e4tsstarke M\u00e4nnerpflege\",\"url\":\"https:\/\/manskin.ethos-dev.ch\/\",\"logo\":{\"@type\":\"ImageObject\",\"inLanguage\":\"fr-FR\",\"@id\":\"https:\/\/manskin.ethos-dev.ch\/#\/schema\/logo\/image\/\",\"url\":\"https:\/\/manskin.ethos-dev.ch\/wp-content\/uploads\/2021\/04\/cropped-logo_head.png\",\"contentUrl\":\"https:\/\/manskin.ethos-dev.ch\/wp-content\/uploads\/2021\/04\/cropped-logo_head.png\",\"width\":235,\"height\":75,\"caption\":\"Manskin.ch - der Schweizer Onlineshop f\u00fcr qualit\u00e4tsstarke M\u00e4nnerpflege\"},\"image\":{\"@id\":\"https:\/\/manskin.ethos-dev.ch\/#\/schema\/logo\/image\/\"},\"sameAs\":[\"https:\/\/www.facebook.com\/manskin.ch\",\"https:\/\/www.instagram.com\/manskin.ch\/\"]}]}<\/script>\n<meta property=\"product:price:amount\" content=\"38.50\" \/>\n<meta property=\"product:price:currency\" content=\"CHF\" \/>\n<meta property=\"og:availability\" content=\"instock\" \/>\n<meta property=\"product:availability\" content=\"instock\" \/>\n<meta property=\"product:retailer_item_id\" content=\"13332\" \/>\n<meta property=\"product:condition\" content=\"new\" \/>\n<!-- \/ Yoast SEO Premium plugin. -->","yoast_head_json":{"title":"M\u00dcHLE - Set Cr\u00e8me \u00e0 raser &amp; Apr\u00e8s-rasage Grapefruit &amp; Mint | Manskin.ch","description":"M\u00dcHLE - Set Cr\u00e8me \u00e0 raser &amp; Apr\u00e8s-rasage Grapefruit &amp; Mint","robots":{"index":"noindex","follow":"follow","max-snippet":"max-snippet:-1","max-image-preview":"max-image-preview:large","max-video-preview":"max-video-preview:-1"},"og_locale":"fr_FR","og_type":"article","og_title":"M\u00dcHLE - Set Cr\u00e8me \u00e0 raser &amp; Apr\u00e8s-rasage Grapefruit &amp; Mint","og_description":"M\u00dcHLE - Set Cr\u00e8me \u00e0 raser &amp; Apr\u00e8s-rasage Grapefruit &amp; Mint","og_url":"https:\/\/manskin.ethos-dev.ch\/fr\/produkt\/set-creme-a-raser-apres-rasage-grapefruit-mint\/","og_site_name":"Manskin.ch","article_publisher":"https:\/\/www.facebook.com\/manskin.ch","article_modified_time":"2025-03-24T04:14:02+00:00","og_image":[{"width":800,"height":800,"url":"https:\/\/manskin.ethos-dev.ch\/wp-content\/uploads\/2023\/11\/Muehle-Pflegeset-Grapefruit.jpg","type":"image\/jpeg"}],"twitter_card":"summary_large_image","twitter_misc":{"Prix":"38.50&#67;&#72;&#70;","Disponibilit\u00e9":"En stock"},"schema":{"@context":"https:\/\/schema.org","@graph":[{"@type":"WebPage","@id":"https:\/\/manskin.ethos-dev.ch\/fr\/produkt\/set-creme-a-raser-apres-rasage-grapefruit-mint\/","url":"https:\/\/manskin.ethos-dev.ch\/fr\/produkt\/set-creme-a-raser-apres-rasage-grapefruit-mint\/","name":"M\u00dcHLE - Set Cr\u00e8me \u00e0 raser &amp; Apr\u00e8s-rasage Grapefruit &amp; Mint | Manskin.ch","isPartOf":{"@id":"https:\/\/manskin.ethos-dev.ch\/#website"},"primaryImageOfPage":{"@id":"https:\/\/manskin.ethos-dev.ch\/fr\/produkt\/set-creme-a-raser-apres-rasage-grapefruit-mint\/#primaryimage"},"image":{"@id":"https:\/\/manskin.ethos-dev.ch\/fr\/produkt\/set-creme-a-raser-apres-rasage-grapefruit-mint\/#primaryimage"},"thumbnailUrl":"https:\/\/manskin.ethos-dev.ch\/wp-content\/uploads\/2023\/11\/Muehle-Pflegeset-Grapefruit.jpg","datePublished":"2023-11-11T11:42:48+00:00","dateModified":"2025-03-24T04:14:02+00:00","description":"M\u00dcHLE - Set Cr\u00e8me \u00e0 raser &amp; Apr\u00e8s-rasage Grapefruit &amp; Mint","breadcrumb":{"@id":"https:\/\/manskin.ethos-dev.ch\/fr\/produkt\/set-creme-a-raser-apres-rasage-grapefruit-mint\/#breadcrumb"},"inLanguage":"fr-FR","potentialAction":[{"@type":"ReadAction","target":["https:\/\/manskin.ethos-dev.ch\/fr\/produkt\/set-creme-a-raser-apres-rasage-grapefruit-mint\/"]}]},{"@type":"ImageObject","inLanguage":"fr-FR","@id":"https:\/\/manskin.ethos-dev.ch\/fr\/produkt\/set-creme-a-raser-apres-rasage-grapefruit-mint\/#primaryimage","url":"https:\/\/manskin.ethos-dev.ch\/wp-content\/uploads\/2023\/11\/Muehle-Pflegeset-Grapefruit.jpg","contentUrl":"https:\/\/manskin.ethos-dev.ch\/wp-content\/uploads\/2023\/11\/Muehle-Pflegeset-Grapefruit.jpg","width":800,"height":800},{"@type":"BreadcrumbList","@id":"https:\/\/manskin.ethos-dev.ch\/fr\/produkt\/set-creme-a-raser-apres-rasage-grapefruit-mint\/#breadcrumb","itemListElement":[{"@type":"ListItem","position":1,"name":"Startseite","item":"https:\/\/manskin.ethos-dev.ch\/fr\/"},{"@type":"ListItem","position":2,"name":"Shop","item":"https:\/\/manskin.ethos-dev.ch\/shop\/"},{"@type":"ListItem","position":3,"name":"M\u00dcHLE &#8211; Set Cr\u00e8me \u00e0 raser &amp; Apr\u00e8s-rasage Grapefruit &amp; Mint"}]},{"@type":"WebSite","@id":"https:\/\/manskin.ethos-dev.ch\/#website","url":"https:\/\/manskin.ethos-dev.ch\/","name":"Manskin.ch","description":"Tous les produits de beaut\u00e9 pour les hommes les plus exigeants","publisher":{"@id":"https:\/\/manskin.ethos-dev.ch\/#organization"},"potentialAction":[{"@type":"SearchAction","target":{"@type":"EntryPoint","urlTemplate":"https:\/\/manskin.ethos-dev.ch\/?s={search_term_string}"},"query-input":{"@type":"PropertyValueSpecification","valueRequired":true,"valueName":"search_term_string"}}],"inLanguage":"fr-FR"},{"@type":"Organization","@id":"https:\/\/manskin.ethos-dev.ch\/#organization","name":"Manskin.ch - der Schweizer Onlineshop f\u00fcr qualit\u00e4tsstarke M\u00e4nnerpflege","url":"https:\/\/manskin.ethos-dev.ch\/","logo":{"@type":"ImageObject","inLanguage":"fr-FR","@id":"https:\/\/manskin.ethos-dev.ch\/#\/schema\/logo\/image\/","url":"https:\/\/manskin.ethos-dev.ch\/wp-content\/uploads\/2021\/04\/cropped-logo_head.png","contentUrl":"https:\/\/manskin.ethos-dev.ch\/wp-content\/uploads\/2021\/04\/cropped-logo_head.png","width":235,"height":75,"caption":"Manskin.ch - der Schweizer Onlineshop f\u00fcr qualit\u00e4tsstarke M\u00e4nnerpflege"},"image":{"@id":"https:\/\/manskin.ethos-dev.ch\/#\/schema\/logo\/image\/"},"sameAs":["https:\/\/www.facebook.com\/manskin.ch","https:\/\/www.instagram.com\/manskin.ch\/"]}]},"product_price_amount":"38.50","product_price_currency":"CHF","og_availability":"instock","product_availability":"instock","product_retailer_item_id":"13332","product_condition":"new"},"brands":[{"id":2769,"name":"M\u00dcHLE","slug":"muehle"}],"_links":{"self":[{"href":"https:\/\/manskin.ethos-dev.ch\/fr\/wp-json\/wp\/v2\/product\/23507","targetHints":{"allow":["GET"]}}],"collection":[{"href":"https:\/\/manskin.ethos-dev.ch\/fr\/wp-json\/wp\/v2\/product"}],"about":[{"href":"https:\/\/manskin.ethos-dev.ch\/fr\/wp-json\/wp\/v2\/types\/product"}],"replies":[{"embeddable":true,"href":"https:\/\/manskin.ethos-dev.ch\/fr\/wp-json\/wp\/v2\/comments?post=23507"}],"wp:featuredmedia":[{"embeddable":true,"href":"https:\/\/manskin.ethos-dev.ch\/fr\/wp-json\/wp\/v2\/media\/23510"}],"wp:attachment":[{"href":"https:\/\/manskin.ethos-dev.ch\/fr\/wp-json\/wp\/v2\/media?parent=23507"}],"wp:term":[{"taxonomy":"pwb-brand","embeddable":true,"href":"https:\/\/manskin.ethos-dev.ch\/fr\/wp-json\/wp\/v2\/pwb-brand?post=23507"},{"taxonomy":"product_brand","embeddable":true,"href":"https:\/\/manskin.ethos-dev.ch\/fr\/wp-json\/wp\/v2\/product_brand?post=23507"},{"taxonomy":"product_cat","embeddable":true,"href":"https:\/\/manskin.ethos-dev.ch\/fr\/wp-json\/wp\/v2\/product_cat?post=23507"},{"taxonomy":"product_tag","embeddable":true,"href":"https:\/\/manskin.ethos-dev.ch\/fr\/wp-json\/wp\/v2\/product_tag?post=23507"}],"curies":[{"name":"wp","href":"https:\/\/api.w.org\/{rel}","templated":true}]}}