{"id":23543,"date":"2023-11-12T13:06:38","date_gmt":"2023-11-12T12:06:38","guid":{"rendered":"https:\/\/manskin.ethos-dev.ch\/?post_type=product&#038;p=23543"},"modified":"2025-04-09T21:42:41","modified_gmt":"2025-04-09T19:42:41","slug":"pinceau-kosmo-avec-poils-vegane-chene-marais","status":"publish","type":"product","link":"https:\/\/manskin.ethos-dev.ch\/fr\/produkt\/pinceau-kosmo-avec-poils-vegane-chene-marais\/","title":{"rendered":"M\u00dcHLE &#8211; Pinceau KOSMO avec poils vegane et ch\u00eane des marais"},"content":{"rendered":"<h2>M\u00dcHLE &#8211; Pinceau KOSMO avec Silvertip Fibre et manche en ch\u00eane des marais<\/h2>\n<ul>\n<li>Blaireau de rasage avec Silvertip Fibre\u00ae.<\/li>\n<li>Poign\u00e9es en ch\u00eane des marais avec accents en m\u00e9tal chrom\u00e9<\/li>\n<li>Taille de l&#8217;anneau 21 mm<br \/>\n<h3><strong><span style=\"color: #ff9900;\">La t\u00eate de blaireau &#8211; Silvertip Fibre<\/span><\/strong><\/h3>\n<\/li>\n<li>Silvertip Fibre\u00ae &#8211; les fibres synth\u00e9tiques de haute qualit\u00e9 repr\u00e9sentent une innovation mondiale de M\u00dcHLE.<\/li>\n<li>Elle se compose d&#8217;une qualit\u00e9 premium produite synth\u00e9tiquement, dont les propri\u00e9t\u00e9s mat\u00e9rielles sont analogues \u00e0 celles du pr\u00e9cieux poil naturel pur argent\u00e9. La majorit\u00e9 des utilisateurs pensent m\u00eame que cette qualit\u00e9 offre des propri\u00e9t\u00e9s d&#8217;utilisation encore meilleures que le poil naturel.<\/li>\n<li>&#8220;Silvertip Fibre\u00ae&#8221; est tr\u00e8s doux au niveau des pointes fines, mais un peu plus stable que le poil naturel dans la zone m\u00e9diane.<\/li>\n<li>Ces propri\u00e9t\u00e9s procurent une agr\u00e9able sensation de douceur sur la peau lors du savonnage, tout en conservant la fermet\u00e9 du poil souhait\u00e9e lors du moussage.<\/li>\n<li>Au quotidien, les fibres, \u00e9galement trait\u00e9es manuellement, sont moins sensibles que les poils naturels, car elles s\u00e8chent plus rapidement et r\u00e9sistent aux savons et aux cr\u00e8mes de rasage.<\/li>\n<li>La fibre enti\u00e8rement v\u00e9g\u00e9talienne est en outre un peu plus facile \u00e0 utiliser que le poil naturel, car elle forme une mousse particuli\u00e8rement cr\u00e9meuse et abondante \u00e0 partir d&#8217;une petite quantit\u00e9 de savon ou de cr\u00e8me \u00e0 raser, ce qui permet de l&#8217;utiliser avec beaucoup d&#8217;\u00e9conomie.<br \/>\n<h3><span style=\"color: #ff9900;\">Le mat\u00e9riau ch\u00eane des marais<\/span><\/h3>\n<\/li>\n<li>Ce mat\u00e9riau rare n&#8217;est pas une esp\u00e8ce de bois en soi, mais il est issu de bois de ch\u00eane qui s&#8217;est enfonc\u00e9 dans les marais il y a plusieurs si\u00e8cles et a subi divers processus de transformation.<\/li>\n<li>Le bois est ainsi conserv\u00e9 de mani\u00e8re naturelle et durable. Sous l&#8217;influence des tanins pr\u00e9sents dans la tourbi\u00e8re, une coloration sombre et expressive appara\u00eet.<\/li>\n<li>Les troncs que l&#8217;on ne trouve plus que tr\u00e8s rarement font de ce mat\u00e9riau une v\u00e9ritable raret\u00e9.<\/li>\n<li>La coloration des bois varie entre le brun, le brun fonc\u00e9 et le brun noir. Dans les rares sections de troncs utilisables, on scie d&#8217;abord des bois \u00e9quarris qui sont ensuite tourn\u00e9s pour en faire des manches. Des processus de polissage avec des huiles fines scellent encore les surfaces et leur conf\u00e8rent un \u00e9clat mat et soyeux.<\/li>\n<li>Sans chrome, le monde perdrait beaucoup de son \u00e9clat. La surface est r\u00e9sistante \u00e0 la corrosion, particuli\u00e8rement durable et poss\u00e8de un \u00e9clat pr\u00e9cieux et s\u00e9duisant.<\/li>\n<li>En contraste, les couleurs et les formes d&#8217;autres mat\u00e9riaux de qualit\u00e9 sup\u00e9rieure sont particuli\u00e8rement bien mises en valeur.<\/li>\n<\/ul>\n<p>Poids 82 gr.<\/p>\n","protected":false},"excerpt":{"rendered":"<p>Manche en chrome et ch\u00eane des marais<\/p>\n","protected":false},"featured_media":23546,"comment_status":"closed","ping_status":"closed","template":"","meta":{"_acf_changed":false},"pwb-brand":[2769],"product_brand":[],"product_cat":[2412,2425],"product_tag":[],"class_list":{"0":"post-23543","1":"product","2":"type-product","3":"status-publish","4":"has-post-thumbnail","6":"pwb-brand-muehle","7":"product_cat-muehle-fr","8":"product_cat-blaireau-new","9":"product_shipping_class-standard-fr","10":"pa_hersteller-muehle-fr-2","11":"sales-flash-overlay","12":"woocommerce-text-align-center","13":"woocommerce-image-align-center","14":"do-quantity-buttons","15":"has-subscription-plans","17":"first","18":"instock","19":"purchasable","20":"product-type-simple"},"acf":[],"yoast_head":"<!-- This site is optimized with the Yoast SEO Premium plugin v24.8 (Yoast SEO v25.4) - https:\/\/yoast.com\/wordpress\/plugins\/seo\/ -->\n<title>M\u00dcHLE - Pinceau KOSMO avec poils vegane et ch\u00eane des marais | Manskin.ch<\/title>\n<meta name=\"description\" content=\"M\u00dcHLE - Pinceau KOSMO avec poils vegane et ch\u00eane des marais\" \/>\n<meta name=\"robots\" content=\"noindex, follow, max-snippet:-1, max-image-preview:large, max-video-preview:-1\" \/>\n<meta property=\"og:locale\" content=\"fr_FR\" \/>\n<meta property=\"og:type\" content=\"article\" \/>\n<meta property=\"og:title\" content=\"M\u00dcHLE - Pinceau KOSMO avec poils vegane et ch\u00eane des marais\" \/>\n<meta property=\"og:description\" content=\"M\u00dcHLE - Pinceau KOSMO avec poils vegane et ch\u00eane des marais\" \/>\n<meta property=\"og:url\" content=\"https:\/\/manskin.ethos-dev.ch\/fr\/produkt\/pinceau-kosmo-avec-poils-vegane-chene-marais\/\" \/>\n<meta property=\"og:site_name\" content=\"Manskin.ch\" \/>\n<meta property=\"article:publisher\" content=\"https:\/\/www.facebook.com\/manskin.ch\" \/>\n<meta property=\"article:modified_time\" content=\"2025-04-09T19:42:41+00:00\" \/>\n<meta property=\"og:image\" content=\"https:\/\/manskin.ethos-dev.ch\/wp-content\/uploads\/2023\/11\/MUeHLE-Rasierpinsel-Kosmo-Fibre.jpg\" \/>\n\t<meta property=\"og:image:width\" content=\"800\" \/>\n\t<meta property=\"og:image:height\" content=\"800\" \/>\n\t<meta property=\"og:image:type\" content=\"image\/jpeg\" \/>\n<meta name=\"twitter:card\" content=\"summary_large_image\" \/>\n<meta name=\"twitter:label1\" content=\"Prix\" \/>\n\t<meta name=\"twitter:data1\" content=\"79.00&#067;&#072;&#070;\" \/>\n\t<meta name=\"twitter:label2\" content=\"Disponibilit\u00e9\" \/>\n\t<meta name=\"twitter:data2\" content=\"En stock\" \/>\n<script type=\"application\/ld+json\" class=\"yoast-schema-graph\">{\"@context\":\"https:\/\/schema.org\",\"@graph\":[{\"@type\":\"WebPage\",\"@id\":\"https:\/\/manskin.ethos-dev.ch\/fr\/produkt\/pinceau-kosmo-avec-poils-vegane-chene-marais\/\",\"url\":\"https:\/\/manskin.ethos-dev.ch\/fr\/produkt\/pinceau-kosmo-avec-poils-vegane-chene-marais\/\",\"name\":\"M\u00dcHLE - Pinceau KOSMO avec poils vegane et ch\u00eane des marais | Manskin.ch\",\"isPartOf\":{\"@id\":\"https:\/\/manskin.ethos-dev.ch\/#website\"},\"primaryImageOfPage\":{\"@id\":\"https:\/\/manskin.ethos-dev.ch\/fr\/produkt\/pinceau-kosmo-avec-poils-vegane-chene-marais\/#primaryimage\"},\"image\":{\"@id\":\"https:\/\/manskin.ethos-dev.ch\/fr\/produkt\/pinceau-kosmo-avec-poils-vegane-chene-marais\/#primaryimage\"},\"thumbnailUrl\":\"https:\/\/manskin.ethos-dev.ch\/wp-content\/uploads\/2023\/11\/MUeHLE-Rasierpinsel-Kosmo-Fibre.jpg\",\"datePublished\":\"2023-11-12T12:06:38+00:00\",\"dateModified\":\"2025-04-09T19:42:41+00:00\",\"description\":\"M\u00dcHLE - Pinceau KOSMO avec poils vegane et ch\u00eane des marais\",\"breadcrumb\":{\"@id\":\"https:\/\/manskin.ethos-dev.ch\/fr\/produkt\/pinceau-kosmo-avec-poils-vegane-chene-marais\/#breadcrumb\"},\"inLanguage\":\"fr-FR\",\"potentialAction\":[{\"@type\":\"ReadAction\",\"target\":[\"https:\/\/manskin.ethos-dev.ch\/fr\/produkt\/pinceau-kosmo-avec-poils-vegane-chene-marais\/\"]}]},{\"@type\":\"ImageObject\",\"inLanguage\":\"fr-FR\",\"@id\":\"https:\/\/manskin.ethos-dev.ch\/fr\/produkt\/pinceau-kosmo-avec-poils-vegane-chene-marais\/#primaryimage\",\"url\":\"https:\/\/manskin.ethos-dev.ch\/wp-content\/uploads\/2023\/11\/MUeHLE-Rasierpinsel-Kosmo-Fibre.jpg\",\"contentUrl\":\"https:\/\/manskin.ethos-dev.ch\/wp-content\/uploads\/2023\/11\/MUeHLE-Rasierpinsel-Kosmo-Fibre.jpg\",\"width\":800,\"height\":800,\"caption\":\"MUEHLE shaving\"},{\"@type\":\"BreadcrumbList\",\"@id\":\"https:\/\/manskin.ethos-dev.ch\/fr\/produkt\/pinceau-kosmo-avec-poils-vegane-chene-marais\/#breadcrumb\",\"itemListElement\":[{\"@type\":\"ListItem\",\"position\":1,\"name\":\"Startseite\",\"item\":\"https:\/\/manskin.ethos-dev.ch\/fr\/\"},{\"@type\":\"ListItem\",\"position\":2,\"name\":\"Shop\",\"item\":\"https:\/\/manskin.ethos-dev.ch\/shop\/\"},{\"@type\":\"ListItem\",\"position\":3,\"name\":\"M\u00dcHLE &#8211; Pinceau KOSMO avec poils vegane et ch\u00eane des marais\"}]},{\"@type\":\"WebSite\",\"@id\":\"https:\/\/manskin.ethos-dev.ch\/#website\",\"url\":\"https:\/\/manskin.ethos-dev.ch\/\",\"name\":\"Manskin.ch\",\"description\":\"Tous les produits de beaut\u00e9 pour les hommes les plus exigeants\",\"publisher\":{\"@id\":\"https:\/\/manskin.ethos-dev.ch\/#organization\"},\"potentialAction\":[{\"@type\":\"SearchAction\",\"target\":{\"@type\":\"EntryPoint\",\"urlTemplate\":\"https:\/\/manskin.ethos-dev.ch\/?s={search_term_string}\"},\"query-input\":{\"@type\":\"PropertyValueSpecification\",\"valueRequired\":true,\"valueName\":\"search_term_string\"}}],\"inLanguage\":\"fr-FR\"},{\"@type\":\"Organization\",\"@id\":\"https:\/\/manskin.ethos-dev.ch\/#organization\",\"name\":\"Manskin.ch - der Schweizer Onlineshop f\u00fcr qualit\u00e4tsstarke M\u00e4nnerpflege\",\"url\":\"https:\/\/manskin.ethos-dev.ch\/\",\"logo\":{\"@type\":\"ImageObject\",\"inLanguage\":\"fr-FR\",\"@id\":\"https:\/\/manskin.ethos-dev.ch\/#\/schema\/logo\/image\/\",\"url\":\"https:\/\/manskin.ethos-dev.ch\/wp-content\/uploads\/2021\/04\/cropped-logo_head.png\",\"contentUrl\":\"https:\/\/manskin.ethos-dev.ch\/wp-content\/uploads\/2021\/04\/cropped-logo_head.png\",\"width\":235,\"height\":75,\"caption\":\"Manskin.ch - der Schweizer Onlineshop f\u00fcr qualit\u00e4tsstarke M\u00e4nnerpflege\"},\"image\":{\"@id\":\"https:\/\/manskin.ethos-dev.ch\/#\/schema\/logo\/image\/\"},\"sameAs\":[\"https:\/\/www.facebook.com\/manskin.ch\",\"https:\/\/www.instagram.com\/manskin.ch\/\"]}]}<\/script>\n<meta property=\"product:price:amount\" content=\"79.00\" \/>\n<meta property=\"product:price:currency\" content=\"CHF\" \/>\n<meta property=\"og:availability\" content=\"instock\" \/>\n<meta property=\"product:availability\" content=\"instock\" \/>\n<meta property=\"product:retailer_item_id\" content=\"13333\" \/>\n<meta property=\"product:condition\" content=\"new\" \/>\n<!-- \/ Yoast SEO Premium plugin. -->","yoast_head_json":{"title":"M\u00dcHLE - Pinceau KOSMO avec poils vegane et ch\u00eane des marais | Manskin.ch","description":"M\u00dcHLE - Pinceau KOSMO avec poils vegane et ch\u00eane des marais","robots":{"index":"noindex","follow":"follow","max-snippet":"max-snippet:-1","max-image-preview":"max-image-preview:large","max-video-preview":"max-video-preview:-1"},"og_locale":"fr_FR","og_type":"article","og_title":"M\u00dcHLE - Pinceau KOSMO avec poils vegane et ch\u00eane des marais","og_description":"M\u00dcHLE - Pinceau KOSMO avec poils vegane et ch\u00eane des marais","og_url":"https:\/\/manskin.ethos-dev.ch\/fr\/produkt\/pinceau-kosmo-avec-poils-vegane-chene-marais\/","og_site_name":"Manskin.ch","article_publisher":"https:\/\/www.facebook.com\/manskin.ch","article_modified_time":"2025-04-09T19:42:41+00:00","og_image":[{"width":800,"height":800,"url":"https:\/\/manskin.ethos-dev.ch\/wp-content\/uploads\/2023\/11\/MUeHLE-Rasierpinsel-Kosmo-Fibre.jpg","type":"image\/jpeg"}],"twitter_card":"summary_large_image","twitter_misc":{"Prix":"79.00&#67;&#72;&#70;","Disponibilit\u00e9":"En stock"},"schema":{"@context":"https:\/\/schema.org","@graph":[{"@type":"WebPage","@id":"https:\/\/manskin.ethos-dev.ch\/fr\/produkt\/pinceau-kosmo-avec-poils-vegane-chene-marais\/","url":"https:\/\/manskin.ethos-dev.ch\/fr\/produkt\/pinceau-kosmo-avec-poils-vegane-chene-marais\/","name":"M\u00dcHLE - Pinceau KOSMO avec poils vegane et ch\u00eane des marais | Manskin.ch","isPartOf":{"@id":"https:\/\/manskin.ethos-dev.ch\/#website"},"primaryImageOfPage":{"@id":"https:\/\/manskin.ethos-dev.ch\/fr\/produkt\/pinceau-kosmo-avec-poils-vegane-chene-marais\/#primaryimage"},"image":{"@id":"https:\/\/manskin.ethos-dev.ch\/fr\/produkt\/pinceau-kosmo-avec-poils-vegane-chene-marais\/#primaryimage"},"thumbnailUrl":"https:\/\/manskin.ethos-dev.ch\/wp-content\/uploads\/2023\/11\/MUeHLE-Rasierpinsel-Kosmo-Fibre.jpg","datePublished":"2023-11-12T12:06:38+00:00","dateModified":"2025-04-09T19:42:41+00:00","description":"M\u00dcHLE - Pinceau KOSMO avec poils vegane et ch\u00eane des marais","breadcrumb":{"@id":"https:\/\/manskin.ethos-dev.ch\/fr\/produkt\/pinceau-kosmo-avec-poils-vegane-chene-marais\/#breadcrumb"},"inLanguage":"fr-FR","potentialAction":[{"@type":"ReadAction","target":["https:\/\/manskin.ethos-dev.ch\/fr\/produkt\/pinceau-kosmo-avec-poils-vegane-chene-marais\/"]}]},{"@type":"ImageObject","inLanguage":"fr-FR","@id":"https:\/\/manskin.ethos-dev.ch\/fr\/produkt\/pinceau-kosmo-avec-poils-vegane-chene-marais\/#primaryimage","url":"https:\/\/manskin.ethos-dev.ch\/wp-content\/uploads\/2023\/11\/MUeHLE-Rasierpinsel-Kosmo-Fibre.jpg","contentUrl":"https:\/\/manskin.ethos-dev.ch\/wp-content\/uploads\/2023\/11\/MUeHLE-Rasierpinsel-Kosmo-Fibre.jpg","width":800,"height":800,"caption":"MUEHLE shaving"},{"@type":"BreadcrumbList","@id":"https:\/\/manskin.ethos-dev.ch\/fr\/produkt\/pinceau-kosmo-avec-poils-vegane-chene-marais\/#breadcrumb","itemListElement":[{"@type":"ListItem","position":1,"name":"Startseite","item":"https:\/\/manskin.ethos-dev.ch\/fr\/"},{"@type":"ListItem","position":2,"name":"Shop","item":"https:\/\/manskin.ethos-dev.ch\/shop\/"},{"@type":"ListItem","position":3,"name":"M\u00dcHLE &#8211; Pinceau KOSMO avec poils vegane et ch\u00eane des marais"}]},{"@type":"WebSite","@id":"https:\/\/manskin.ethos-dev.ch\/#website","url":"https:\/\/manskin.ethos-dev.ch\/","name":"Manskin.ch","description":"Tous les produits de beaut\u00e9 pour les hommes les plus exigeants","publisher":{"@id":"https:\/\/manskin.ethos-dev.ch\/#organization"},"potentialAction":[{"@type":"SearchAction","target":{"@type":"EntryPoint","urlTemplate":"https:\/\/manskin.ethos-dev.ch\/?s={search_term_string}"},"query-input":{"@type":"PropertyValueSpecification","valueRequired":true,"valueName":"search_term_string"}}],"inLanguage":"fr-FR"},{"@type":"Organization","@id":"https:\/\/manskin.ethos-dev.ch\/#organization","name":"Manskin.ch - der Schweizer Onlineshop f\u00fcr qualit\u00e4tsstarke M\u00e4nnerpflege","url":"https:\/\/manskin.ethos-dev.ch\/","logo":{"@type":"ImageObject","inLanguage":"fr-FR","@id":"https:\/\/manskin.ethos-dev.ch\/#\/schema\/logo\/image\/","url":"https:\/\/manskin.ethos-dev.ch\/wp-content\/uploads\/2021\/04\/cropped-logo_head.png","contentUrl":"https:\/\/manskin.ethos-dev.ch\/wp-content\/uploads\/2021\/04\/cropped-logo_head.png","width":235,"height":75,"caption":"Manskin.ch - der Schweizer Onlineshop f\u00fcr qualit\u00e4tsstarke M\u00e4nnerpflege"},"image":{"@id":"https:\/\/manskin.ethos-dev.ch\/#\/schema\/logo\/image\/"},"sameAs":["https:\/\/www.facebook.com\/manskin.ch","https:\/\/www.instagram.com\/manskin.ch\/"]}]},"product_price_amount":"79.00","product_price_currency":"CHF","og_availability":"instock","product_availability":"instock","product_retailer_item_id":"13333","product_condition":"new"},"brands":[{"id":2769,"name":"M\u00dcHLE","slug":"muehle"}],"_links":{"self":[{"href":"https:\/\/manskin.ethos-dev.ch\/fr\/wp-json\/wp\/v2\/product\/23543","targetHints":{"allow":["GET"]}}],"collection":[{"href":"https:\/\/manskin.ethos-dev.ch\/fr\/wp-json\/wp\/v2\/product"}],"about":[{"href":"https:\/\/manskin.ethos-dev.ch\/fr\/wp-json\/wp\/v2\/types\/product"}],"replies":[{"embeddable":true,"href":"https:\/\/manskin.ethos-dev.ch\/fr\/wp-json\/wp\/v2\/comments?post=23543"}],"wp:featuredmedia":[{"embeddable":true,"href":"https:\/\/manskin.ethos-dev.ch\/fr\/wp-json\/wp\/v2\/media\/23546"}],"wp:attachment":[{"href":"https:\/\/manskin.ethos-dev.ch\/fr\/wp-json\/wp\/v2\/media?parent=23543"}],"wp:term":[{"taxonomy":"pwb-brand","embeddable":true,"href":"https:\/\/manskin.ethos-dev.ch\/fr\/wp-json\/wp\/v2\/pwb-brand?post=23543"},{"taxonomy":"product_brand","embeddable":true,"href":"https:\/\/manskin.ethos-dev.ch\/fr\/wp-json\/wp\/v2\/product_brand?post=23543"},{"taxonomy":"product_cat","embeddable":true,"href":"https:\/\/manskin.ethos-dev.ch\/fr\/wp-json\/wp\/v2\/product_cat?post=23543"},{"taxonomy":"product_tag","embeddable":true,"href":"https:\/\/manskin.ethos-dev.ch\/fr\/wp-json\/wp\/v2\/product_tag?post=23543"}],"curies":[{"name":"wp","href":"https:\/\/api.w.org\/{rel}","templated":true}]}}