{"id":24773,"date":"2023-11-24T10:54:57","date_gmt":"2023-11-24T09:54:57","guid":{"rendered":"https:\/\/manskin.ethos-dev.ch\/produkt\/daily-face-kit\/"},"modified":"2025-03-09T00:00:03","modified_gmt":"2025-03-08T23:00:03","slug":"recipe-for-men-daily-face-kit","status":"publish","type":"product","link":"https:\/\/manskin.ethos-dev.ch\/fr\/produkt\/recipe-for-men-daily-face-kit\/","title":{"rendered":"Recipe for men &#8211; Daily Face Kit Nettoyant &amp; Cr\u00e8me Visage"},"content":{"rendered":"<h2>Recipe for men &#8211; Daily Face Kit Nettoyant &amp; Cr&egrave;me Visage<\/h2>\n<p>\nCe kit contient 2 produits de soin du visage pour un usage quotidien : un gel nettoyant pour le visage (Facial Cleanser) et une cr&egrave;me hydratante qui peut &eacute;galement &ecirc;tre utilis&eacute;e comme apr&egrave;s-rasage.<\/p>\n<h3>Facial Cleanser (nettoyant pour le visage)<\/h3>\n<p>&nbsp;<\/p>\n<ul>\n<li>Le gel nettoyant &agrave; la pimprenelle, &agrave; la cannelle et au gingembre nettoie la peau en profondeur et &eacute;limine l&#39;exc&egrave;s de s&eacute;bum.<\/li>\n<li>Il r&eacute;duit la taille des pores gr&acirc;ce &agrave; Recipe&#39;s for Men Sebustop&reg;.<\/li>\n<li>Le gel a une action antibact&eacute;rienne et convient &agrave; tous les types de peau gr&acirc;ce &agrave; sa formule douce et non dess&eacute;chante.<\/li>\n<li>Id&eacute;al pour les peaux sensibles.<\/li>\n<li>Contient 100 ml.<\/li>\n<\/ul>\n<h3>\nFacial Moisturiser (cr&egrave;me hydratante)<\/h3>\n<p>&nbsp;<\/p>\n<ul>\n<li>Une cr&egrave;me hydratante l&eacute;g&egrave;re et non grasse sp&eacute;cialement con&ccedil;ue pour la peau des hommes.<\/li>\n<li>Le complexe unique de vitamines, de min&eacute;raux et d&#39;herbes fournit des nutriments et de l&#39;&eacute;nergie.<\/li>\n<li>Une touche de caf&eacute;ine r&eacute;duit les gonflements et rafra&icirc;chit, l&#39;extrait d&#39;olive et les algues adoucissent la peau et l&#39;hydratent.<\/li>\n<li>Ingr&eacute;dients principaux : extrait d&#39;algues, th&eacute; noir, extrait d&#39;olive, beurre de karit&eacute;, vitamine E, concombre, calendula, Sebustop&reg;, Physiogenyl&trade;, venuceane.<\/li>\n<li>Application: Utiliser le Facial Moisturizer apr&egrave;s le rasage ou &agrave; chaque fois que votre peau est s&egrave;che ou stress&eacute;e. Appliquer sur le visage propre et sec.<\/li>\n<\/ul>\n<p>En cadeau, 2 mini-tubes d&#39;Anti-Shine Moisturiser (contre la brillance) et de Facial Moisturiser+ (pour la peau s&egrave;che et sensible).<\/p>\n","protected":false},"excerpt":{"rendered":"<p>Recipe for men &#8211; Daily Face Kit Nettoyant &amp; Cr&egrave;me Visage Ce kit contient 2 produits de soin du visage pour un usage quotidien : un gel nettoyant pour le visage (Facial Cleanser) et une cr&egrave;me hydratante qui peut &eacute;galement &ecirc;tre utilis&eacute;e comme apr&egrave;s-rasage. Facial Cleanser (nettoyant pour le visage) &nbsp; Le gel nettoyant &agrave; &#8230; <a title=\"Recipe for men &#8211; Daily Face Kit Nettoyant &amp; Cr\u00e8me Visage\" class=\"read-more\" href=\"https:\/\/manskin.ethos-dev.ch\/fr\/produkt\/recipe-for-men-daily-face-kit\/\" aria-label=\"En savoir plus sur Recipe for men &#8211; Daily Face Kit Nettoyant &amp; Cr\u00e8me Visage\">Lire la suite<\/a><\/p>\n","protected":false},"featured_media":24798,"comment_status":"closed","ping_status":"closed","template":"","meta":{"_acf_changed":false},"pwb-brand":[2778],"product_brand":[],"product_cat":[2326,2329,2344,2352,2391],"product_tag":[],"class_list":{"0":"post-24773","1":"product","2":"type-product","3":"status-publish","4":"has-post-thumbnail","6":"pwb-brand-recipe-for-men","7":"product_cat-cadeaux","8":"product_cat-hydratants","9":"product_cat-peau-sensible","10":"product_cat-peau-seche","11":"product_cat-recipe-for-men-fr","12":"product_shipping_class-standard-fr","13":"sales-flash-overlay","14":"woocommerce-text-align-center","15":"woocommerce-image-align-center","16":"do-quantity-buttons","17":"has-subscription-plans","19":"first","20":"instock","21":"taxable","22":"shipping-taxable","23":"purchasable","24":"product-type-simple"},"acf":[],"yoast_head":"<!-- This site is optimized with the Yoast SEO Premium plugin v24.8 (Yoast SEO v25.4) - https:\/\/yoast.com\/wordpress\/plugins\/seo\/ -->\n<title>Soin intensif du visage avec Recipe for men | \u00e0 commander maintenant chez Manskin.ch.<\/title>\n<meta name=\"description\" content=\"Avec ce set de Recipe for men, vous obtenez le soin du visage parfait \u00e0 la maison. Nettoyage et hydratation \u00e0 un prix pr\u00e9f\u00e9rentiel. Achetez maintenant*\" \/>\n<meta name=\"robots\" content=\"noindex, follow, max-snippet:-1, max-image-preview:large, max-video-preview:-1\" \/>\n<meta property=\"og:locale\" content=\"fr_FR\" \/>\n<meta property=\"og:type\" content=\"article\" \/>\n<meta property=\"og:title\" content=\"Recipe for men - Daily Face Kit Nettoyant &amp; Cr\u00e8me Visage\" \/>\n<meta property=\"og:description\" content=\"Avec ce set de Recipe for men, vous obtenez le soin du visage parfait \u00e0 la maison. Nettoyage et hydratation \u00e0 un prix pr\u00e9f\u00e9rentiel. Achetez maintenant*\" \/>\n<meta property=\"og:url\" content=\"https:\/\/manskin.ethos-dev.ch\/fr\/produkt\/recipe-for-men-daily-face-kit\/\" \/>\n<meta property=\"og:site_name\" content=\"Manskin.ch\" \/>\n<meta property=\"article:publisher\" content=\"https:\/\/www.facebook.com\/manskin.ch\" \/>\n<meta property=\"article:modified_time\" content=\"2025-03-08T23:00:03+00:00\" \/>\n<meta property=\"og:image\" content=\"https:\/\/manskin.ethos-dev.ch\/wp-content\/uploads\/2023\/11\/Recipe-Gift-High-Quality-2.jpg\" \/>\n\t<meta property=\"og:image:width\" content=\"800\" \/>\n\t<meta property=\"og:image:height\" content=\"800\" \/>\n\t<meta property=\"og:image:type\" content=\"image\/jpeg\" \/>\n<meta name=\"twitter:card\" content=\"summary_large_image\" \/>\n<meta name=\"twitter:label1\" content=\"Prix\" \/>\n\t<meta name=\"twitter:data1\" content=\"48.00&#067;&#072;&#070;\" \/>\n\t<meta name=\"twitter:label2\" content=\"Disponibilit\u00e9\" \/>\n\t<meta name=\"twitter:data2\" content=\"En stock\" \/>\n<script type=\"application\/ld+json\" class=\"yoast-schema-graph\">{\"@context\":\"https:\/\/schema.org\",\"@graph\":[{\"@type\":\"WebPage\",\"@id\":\"https:\/\/manskin.ethos-dev.ch\/fr\/produkt\/recipe-for-men-daily-face-kit\/\",\"url\":\"https:\/\/manskin.ethos-dev.ch\/fr\/produkt\/recipe-for-men-daily-face-kit\/\",\"name\":\"Soin intensif du visage avec Recipe for men | \u00e0 commander maintenant chez Manskin.ch.\",\"isPartOf\":{\"@id\":\"https:\/\/manskin.ethos-dev.ch\/#website\"},\"primaryImageOfPage\":{\"@id\":\"https:\/\/manskin.ethos-dev.ch\/fr\/produkt\/recipe-for-men-daily-face-kit\/#primaryimage\"},\"image\":{\"@id\":\"https:\/\/manskin.ethos-dev.ch\/fr\/produkt\/recipe-for-men-daily-face-kit\/#primaryimage\"},\"thumbnailUrl\":\"https:\/\/manskin.ethos-dev.ch\/wp-content\/uploads\/2023\/11\/Recipe-Gift-High-Quality-2.jpg\",\"datePublished\":\"2023-11-24T09:54:57+00:00\",\"dateModified\":\"2025-03-08T23:00:03+00:00\",\"description\":\"Avec ce set de Recipe for men, vous obtenez le soin du visage parfait \u00e0 la maison. Nettoyage et hydratation \u00e0 un prix pr\u00e9f\u00e9rentiel. Achetez maintenant*\",\"breadcrumb\":{\"@id\":\"https:\/\/manskin.ethos-dev.ch\/fr\/produkt\/recipe-for-men-daily-face-kit\/#breadcrumb\"},\"inLanguage\":\"fr-FR\",\"potentialAction\":[{\"@type\":\"ReadAction\",\"target\":[\"https:\/\/manskin.ethos-dev.ch\/fr\/produkt\/recipe-for-men-daily-face-kit\/\"]}]},{\"@type\":\"ImageObject\",\"inLanguage\":\"fr-FR\",\"@id\":\"https:\/\/manskin.ethos-dev.ch\/fr\/produkt\/recipe-for-men-daily-face-kit\/#primaryimage\",\"url\":\"https:\/\/manskin.ethos-dev.ch\/wp-content\/uploads\/2023\/11\/Recipe-Gift-High-Quality-2.jpg\",\"contentUrl\":\"https:\/\/manskin.ethos-dev.ch\/wp-content\/uploads\/2023\/11\/Recipe-Gift-High-Quality-2.jpg\",\"width\":800,\"height\":800},{\"@type\":\"BreadcrumbList\",\"@id\":\"https:\/\/manskin.ethos-dev.ch\/fr\/produkt\/recipe-for-men-daily-face-kit\/#breadcrumb\",\"itemListElement\":[{\"@type\":\"ListItem\",\"position\":1,\"name\":\"Startseite\",\"item\":\"https:\/\/manskin.ethos-dev.ch\/fr\/\"},{\"@type\":\"ListItem\",\"position\":2,\"name\":\"Shop\",\"item\":\"https:\/\/manskin.ethos-dev.ch\/shop\/\"},{\"@type\":\"ListItem\",\"position\":3,\"name\":\"Recipe for men &#8211; Daily Face Kit Nettoyant &amp; Cr\u00e8me Visage\"}]},{\"@type\":\"WebSite\",\"@id\":\"https:\/\/manskin.ethos-dev.ch\/#website\",\"url\":\"https:\/\/manskin.ethos-dev.ch\/\",\"name\":\"Manskin.ch\",\"description\":\"Tous les produits de beaut\u00e9 pour les hommes les plus exigeants\",\"publisher\":{\"@id\":\"https:\/\/manskin.ethos-dev.ch\/#organization\"},\"potentialAction\":[{\"@type\":\"SearchAction\",\"target\":{\"@type\":\"EntryPoint\",\"urlTemplate\":\"https:\/\/manskin.ethos-dev.ch\/?s={search_term_string}\"},\"query-input\":{\"@type\":\"PropertyValueSpecification\",\"valueRequired\":true,\"valueName\":\"search_term_string\"}}],\"inLanguage\":\"fr-FR\"},{\"@type\":\"Organization\",\"@id\":\"https:\/\/manskin.ethos-dev.ch\/#organization\",\"name\":\"Manskin.ch - der Schweizer Onlineshop f\u00fcr qualit\u00e4tsstarke M\u00e4nnerpflege\",\"url\":\"https:\/\/manskin.ethos-dev.ch\/\",\"logo\":{\"@type\":\"ImageObject\",\"inLanguage\":\"fr-FR\",\"@id\":\"https:\/\/manskin.ethos-dev.ch\/#\/schema\/logo\/image\/\",\"url\":\"https:\/\/manskin.ethos-dev.ch\/wp-content\/uploads\/2021\/04\/cropped-logo_head.png\",\"contentUrl\":\"https:\/\/manskin.ethos-dev.ch\/wp-content\/uploads\/2021\/04\/cropped-logo_head.png\",\"width\":235,\"height\":75,\"caption\":\"Manskin.ch - der Schweizer Onlineshop f\u00fcr qualit\u00e4tsstarke M\u00e4nnerpflege\"},\"image\":{\"@id\":\"https:\/\/manskin.ethos-dev.ch\/#\/schema\/logo\/image\/\"},\"sameAs\":[\"https:\/\/www.facebook.com\/manskin.ch\",\"https:\/\/www.instagram.com\/manskin.ch\/\"]}]}<\/script>\n<meta property=\"product:price:amount\" content=\"48.00\" \/>\n<meta property=\"product:price:currency\" content=\"CHF\" \/>\n<meta property=\"og:availability\" content=\"instock\" \/>\n<meta property=\"product:availability\" content=\"instock\" \/>\n<meta property=\"product:retailer_item_id\" content=\"14014\" \/>\n<meta property=\"product:condition\" content=\"new\" \/>\n<!-- \/ Yoast SEO Premium plugin. -->","yoast_head_json":{"title":"Soin intensif du visage avec Recipe for men | \u00e0 commander maintenant chez Manskin.ch.","description":"Avec ce set de Recipe for men, vous obtenez le soin du visage parfait \u00e0 la maison. Nettoyage et hydratation \u00e0 un prix pr\u00e9f\u00e9rentiel. Achetez maintenant*","robots":{"index":"noindex","follow":"follow","max-snippet":"max-snippet:-1","max-image-preview":"max-image-preview:large","max-video-preview":"max-video-preview:-1"},"og_locale":"fr_FR","og_type":"article","og_title":"Recipe for men - Daily Face Kit Nettoyant &amp; Cr\u00e8me Visage","og_description":"Avec ce set de Recipe for men, vous obtenez le soin du visage parfait \u00e0 la maison. Nettoyage et hydratation \u00e0 un prix pr\u00e9f\u00e9rentiel. Achetez maintenant*","og_url":"https:\/\/manskin.ethos-dev.ch\/fr\/produkt\/recipe-for-men-daily-face-kit\/","og_site_name":"Manskin.ch","article_publisher":"https:\/\/www.facebook.com\/manskin.ch","article_modified_time":"2025-03-08T23:00:03+00:00","og_image":[{"width":800,"height":800,"url":"https:\/\/manskin.ethos-dev.ch\/wp-content\/uploads\/2023\/11\/Recipe-Gift-High-Quality-2.jpg","type":"image\/jpeg"}],"twitter_card":"summary_large_image","twitter_misc":{"Prix":"48.00&#67;&#72;&#70;","Disponibilit\u00e9":"En stock"},"schema":{"@context":"https:\/\/schema.org","@graph":[{"@type":"WebPage","@id":"https:\/\/manskin.ethos-dev.ch\/fr\/produkt\/recipe-for-men-daily-face-kit\/","url":"https:\/\/manskin.ethos-dev.ch\/fr\/produkt\/recipe-for-men-daily-face-kit\/","name":"Soin intensif du visage avec Recipe for men | \u00e0 commander maintenant chez Manskin.ch.","isPartOf":{"@id":"https:\/\/manskin.ethos-dev.ch\/#website"},"primaryImageOfPage":{"@id":"https:\/\/manskin.ethos-dev.ch\/fr\/produkt\/recipe-for-men-daily-face-kit\/#primaryimage"},"image":{"@id":"https:\/\/manskin.ethos-dev.ch\/fr\/produkt\/recipe-for-men-daily-face-kit\/#primaryimage"},"thumbnailUrl":"https:\/\/manskin.ethos-dev.ch\/wp-content\/uploads\/2023\/11\/Recipe-Gift-High-Quality-2.jpg","datePublished":"2023-11-24T09:54:57+00:00","dateModified":"2025-03-08T23:00:03+00:00","description":"Avec ce set de Recipe for men, vous obtenez le soin du visage parfait \u00e0 la maison. Nettoyage et hydratation \u00e0 un prix pr\u00e9f\u00e9rentiel. Achetez maintenant*","breadcrumb":{"@id":"https:\/\/manskin.ethos-dev.ch\/fr\/produkt\/recipe-for-men-daily-face-kit\/#breadcrumb"},"inLanguage":"fr-FR","potentialAction":[{"@type":"ReadAction","target":["https:\/\/manskin.ethos-dev.ch\/fr\/produkt\/recipe-for-men-daily-face-kit\/"]}]},{"@type":"ImageObject","inLanguage":"fr-FR","@id":"https:\/\/manskin.ethos-dev.ch\/fr\/produkt\/recipe-for-men-daily-face-kit\/#primaryimage","url":"https:\/\/manskin.ethos-dev.ch\/wp-content\/uploads\/2023\/11\/Recipe-Gift-High-Quality-2.jpg","contentUrl":"https:\/\/manskin.ethos-dev.ch\/wp-content\/uploads\/2023\/11\/Recipe-Gift-High-Quality-2.jpg","width":800,"height":800},{"@type":"BreadcrumbList","@id":"https:\/\/manskin.ethos-dev.ch\/fr\/produkt\/recipe-for-men-daily-face-kit\/#breadcrumb","itemListElement":[{"@type":"ListItem","position":1,"name":"Startseite","item":"https:\/\/manskin.ethos-dev.ch\/fr\/"},{"@type":"ListItem","position":2,"name":"Shop","item":"https:\/\/manskin.ethos-dev.ch\/shop\/"},{"@type":"ListItem","position":3,"name":"Recipe for men &#8211; Daily Face Kit Nettoyant &amp; Cr\u00e8me Visage"}]},{"@type":"WebSite","@id":"https:\/\/manskin.ethos-dev.ch\/#website","url":"https:\/\/manskin.ethos-dev.ch\/","name":"Manskin.ch","description":"Tous les produits de beaut\u00e9 pour les hommes les plus exigeants","publisher":{"@id":"https:\/\/manskin.ethos-dev.ch\/#organization"},"potentialAction":[{"@type":"SearchAction","target":{"@type":"EntryPoint","urlTemplate":"https:\/\/manskin.ethos-dev.ch\/?s={search_term_string}"},"query-input":{"@type":"PropertyValueSpecification","valueRequired":true,"valueName":"search_term_string"}}],"inLanguage":"fr-FR"},{"@type":"Organization","@id":"https:\/\/manskin.ethos-dev.ch\/#organization","name":"Manskin.ch - der Schweizer Onlineshop f\u00fcr qualit\u00e4tsstarke M\u00e4nnerpflege","url":"https:\/\/manskin.ethos-dev.ch\/","logo":{"@type":"ImageObject","inLanguage":"fr-FR","@id":"https:\/\/manskin.ethos-dev.ch\/#\/schema\/logo\/image\/","url":"https:\/\/manskin.ethos-dev.ch\/wp-content\/uploads\/2021\/04\/cropped-logo_head.png","contentUrl":"https:\/\/manskin.ethos-dev.ch\/wp-content\/uploads\/2021\/04\/cropped-logo_head.png","width":235,"height":75,"caption":"Manskin.ch - der Schweizer Onlineshop f\u00fcr qualit\u00e4tsstarke M\u00e4nnerpflege"},"image":{"@id":"https:\/\/manskin.ethos-dev.ch\/#\/schema\/logo\/image\/"},"sameAs":["https:\/\/www.facebook.com\/manskin.ch","https:\/\/www.instagram.com\/manskin.ch\/"]}]},"product_price_amount":"48.00","product_price_currency":"CHF","og_availability":"instock","product_availability":"instock","product_retailer_item_id":"14014","product_condition":"new"},"brands":[{"id":2778,"name":"Recipe for men","slug":"recipe-for-men"}],"_links":{"self":[{"href":"https:\/\/manskin.ethos-dev.ch\/fr\/wp-json\/wp\/v2\/product\/24773","targetHints":{"allow":["GET"]}}],"collection":[{"href":"https:\/\/manskin.ethos-dev.ch\/fr\/wp-json\/wp\/v2\/product"}],"about":[{"href":"https:\/\/manskin.ethos-dev.ch\/fr\/wp-json\/wp\/v2\/types\/product"}],"replies":[{"embeddable":true,"href":"https:\/\/manskin.ethos-dev.ch\/fr\/wp-json\/wp\/v2\/comments?post=24773"}],"wp:featuredmedia":[{"embeddable":true,"href":"https:\/\/manskin.ethos-dev.ch\/fr\/wp-json\/wp\/v2\/media\/24798"}],"wp:attachment":[{"href":"https:\/\/manskin.ethos-dev.ch\/fr\/wp-json\/wp\/v2\/media?parent=24773"}],"wp:term":[{"taxonomy":"pwb-brand","embeddable":true,"href":"https:\/\/manskin.ethos-dev.ch\/fr\/wp-json\/wp\/v2\/pwb-brand?post=24773"},{"taxonomy":"product_brand","embeddable":true,"href":"https:\/\/manskin.ethos-dev.ch\/fr\/wp-json\/wp\/v2\/product_brand?post=24773"},{"taxonomy":"product_cat","embeddable":true,"href":"https:\/\/manskin.ethos-dev.ch\/fr\/wp-json\/wp\/v2\/product_cat?post=24773"},{"taxonomy":"product_tag","embeddable":true,"href":"https:\/\/manskin.ethos-dev.ch\/fr\/wp-json\/wp\/v2\/product_tag?post=24773"}],"curies":[{"name":"wp","href":"https:\/\/api.w.org\/{rel}","templated":true}]}}