{"id":24832,"date":"2023-11-25T10:38:43","date_gmt":"2023-11-25T09:38:43","guid":{"rendered":"https:\/\/manskin.ethos-dev.ch\/produkt\/better-be-bold-geschenkset-glatzencreme-sun-fluid-2\/"},"modified":"2025-05-06T20:13:25","modified_gmt":"2025-05-06T18:13:25","slug":"sun-fluid-kopie","status":"publish","type":"product","link":"https:\/\/manskin.ethos-dev.ch\/fr\/produkt\/sun-fluid-kopie\/","title":{"rendered":"Better Be Bold &#8211; Coffret Cadeau Cr\u00e8me pour la calvitie &amp; Sun Fluid"},"content":{"rendered":"<h2>Better Be Bold &#8211; Coffret Cadeau Cr&egrave;me pour la calvitie &amp; Sun Fluid<\/h2>\n<ul>\n<li>Le coffret cadeau attractif est un cadeau beau et pratique pour les porteurs de calvitie.<br \/>\n<h3>Cr&egrave;me de soin pour la calvitie<\/h3>\n<\/li>\n<li>Soin hydratant au beurre de karit&eacute; et &agrave; l&#39;huile de jojoba.<\/li>\n<li><span style=\"font-size: 16px;\">Effet apaisant et protecteur gr&acirc;ce &agrave; l&#39;extrait de magnolia et &agrave; l&#39;huile de chanvre.<\/span><\/li>\n<li>Effet anti-brillance naturel gr&acirc;ce au complexe matifiant.<\/li>\n<li>P&eacute;n&egrave;tre extr&ecirc;mement rapidement. Plus jamais de cuir chevelu brillant.<\/li>\n<li>La gamme No Hair. Full Care est un soin complet. Cr&egrave;me pour les chauves mise sur des ingr&eacute;dients v&eacute;g&eacute;taliens et 100 % naturels pour soigner richement ta calvitie et lui offrir un effet anti-shine optimal.<\/li>\n<\/ul>\n<h3>Sun Fluid:<\/h3>\n<ul>\n<li>Haute protection solaire SPF 50 avec filtres UVA et UVB pour la calvitie et le visage.<\/li>\n<li>Le Sun Fluid a &eacute;t&eacute; sp&eacute;cialement con&ccedil;u pour r&eacute;pondre aux besoins de la peau masculine sensible du cr&acirc;ne et du visage.<\/li>\n<li>Sa texture l&eacute;g&egrave;re assure un bel effet anti-shine.De plus, il est r&eacute;sistant &agrave; l&#39;eau et p&eacute;n&egrave;tre rapidement, de sorte que les peaux collantes et grasses ne sont pas un probl&egrave;me.<\/li>\n<li>Et comme la calvitie est particuli&egrave;rement expos&eacute;e au soleil, le fluide offre une protection solaire &eacute;lev&eacute;e avec un SPF 50 et des filtres UVA et UVB.<\/li>\n<li>Respectueux des coraux, sans parfum et v&eacute;g&eacute;talien.<\/li>\n<\/ul>\n<p>Contenu 2 x 50 gr.<\/p>\n","protected":false},"excerpt":{"rendered":"<p>Cr\u00e8me et protection solaire pour la calvitie<\/p>\n","protected":false},"featured_media":24825,"comment_status":"closed","ping_status":"closed","template":"","meta":{"_acf_changed":false},"pwb-brand":[2775],"product_brand":[],"product_cat":[2928,2326,2329,1943,2548],"product_tag":[],"class_list":{"0":"post-24832","1":"product","2":"type-product","3":"status-publish","4":"has-post-thumbnail","6":"pwb-brand-better-be-bold","7":"product_cat-calvitie","8":"product_cat-cadeaux","9":"product_cat-hydratants","10":"product_cat-protection-solaire","11":"product_cat-better-be-bold-fr","12":"product_shipping_class-standard-fr","13":"sales-flash-overlay","14":"woocommerce-text-align-center","15":"woocommerce-image-align-center","16":"do-quantity-buttons","17":"wc-has-gallery","18":"has-subscription-plans","20":"first","21":"instock","22":"taxable","23":"shipping-taxable","24":"purchasable","25":"product-type-simple"},"acf":[],"yoast_head":"<!-- This site is optimized with the Yoast SEO Premium plugin v24.8 (Yoast SEO v25.4) - https:\/\/yoast.com\/wordpress\/plugins\/seo\/ -->\n<title>Better Be Bold, effet anti-brillance, cr\u00e8me hydratante pour la calvitie<\/title>\n<meta name=\"description\" content=\"Effet anti-brillance naturel pour la calvitie gr\u00e2ce au complexe matifiant. Plus jamais de calvitie brillante.\" \/>\n<meta name=\"robots\" content=\"noindex, follow, max-snippet:-1, max-image-preview:large, max-video-preview:-1\" \/>\n<meta property=\"og:locale\" content=\"fr_FR\" \/>\n<meta property=\"og:type\" content=\"article\" \/>\n<meta property=\"og:title\" content=\"Better Be Bold - Coffret Cadeau Cr\u00e8me pour la calvitie &amp; Sun Fluid\" \/>\n<meta property=\"og:description\" content=\"Effet anti-brillance naturel pour la calvitie gr\u00e2ce au complexe matifiant. Plus jamais de calvitie brillante.\" \/>\n<meta property=\"og:url\" content=\"https:\/\/manskin.ethos-dev.ch\/fr\/produkt\/sun-fluid-kopie\/\" \/>\n<meta property=\"og:site_name\" content=\"Manskin.ch\" \/>\n<meta property=\"article:publisher\" content=\"https:\/\/www.facebook.com\/manskin.ch\" \/>\n<meta property=\"article:modified_time\" content=\"2025-05-06T18:13:25+00:00\" \/>\n<meta property=\"og:image\" content=\"https:\/\/manskin.ethos-dev.ch\/wp-content\/uploads\/2023\/11\/Better-be-bold-No-Burn-Out.jpg\" \/>\n\t<meta property=\"og:image:width\" content=\"800\" \/>\n\t<meta property=\"og:image:height\" content=\"800\" \/>\n\t<meta property=\"og:image:type\" content=\"image\/jpeg\" \/>\n<meta name=\"twitter:card\" content=\"summary_large_image\" \/>\n<meta name=\"twitter:label1\" content=\"Prix\" \/>\n\t<meta name=\"twitter:data1\" content=\"49.00&#067;&#072;&#070;\" \/>\n\t<meta name=\"twitter:label2\" content=\"Disponibilit\u00e9\" \/>\n\t<meta name=\"twitter:data2\" content=\"En stock\" \/>\n<script type=\"application\/ld+json\" class=\"yoast-schema-graph\">{\"@context\":\"https:\/\/schema.org\",\"@graph\":[{\"@type\":\"WebPage\",\"@id\":\"https:\/\/manskin.ethos-dev.ch\/fr\/produkt\/sun-fluid-kopie\/\",\"url\":\"https:\/\/manskin.ethos-dev.ch\/fr\/produkt\/sun-fluid-kopie\/\",\"name\":\"Better Be Bold, effet anti-brillance, cr\u00e8me hydratante pour la calvitie\",\"isPartOf\":{\"@id\":\"https:\/\/manskin.ethos-dev.ch\/#website\"},\"primaryImageOfPage\":{\"@id\":\"https:\/\/manskin.ethos-dev.ch\/fr\/produkt\/sun-fluid-kopie\/#primaryimage\"},\"image\":{\"@id\":\"https:\/\/manskin.ethos-dev.ch\/fr\/produkt\/sun-fluid-kopie\/#primaryimage\"},\"thumbnailUrl\":\"https:\/\/manskin.ethos-dev.ch\/wp-content\/uploads\/2023\/11\/Better-be-bold-No-Burn-Out.jpg\",\"datePublished\":\"2023-11-25T09:38:43+00:00\",\"dateModified\":\"2025-05-06T18:13:25+00:00\",\"description\":\"Effet anti-brillance naturel pour la calvitie gr\u00e2ce au complexe matifiant. Plus jamais de calvitie brillante.\",\"breadcrumb\":{\"@id\":\"https:\/\/manskin.ethos-dev.ch\/fr\/produkt\/sun-fluid-kopie\/#breadcrumb\"},\"inLanguage\":\"fr-FR\",\"potentialAction\":[{\"@type\":\"ReadAction\",\"target\":[\"https:\/\/manskin.ethos-dev.ch\/fr\/produkt\/sun-fluid-kopie\/\"]}]},{\"@type\":\"ImageObject\",\"inLanguage\":\"fr-FR\",\"@id\":\"https:\/\/manskin.ethos-dev.ch\/fr\/produkt\/sun-fluid-kopie\/#primaryimage\",\"url\":\"https:\/\/manskin.ethos-dev.ch\/wp-content\/uploads\/2023\/11\/Better-be-bold-No-Burn-Out.jpg\",\"contentUrl\":\"https:\/\/manskin.ethos-dev.ch\/wp-content\/uploads\/2023\/11\/Better-be-bold-No-Burn-Out.jpg\",\"width\":800,\"height\":800},{\"@type\":\"BreadcrumbList\",\"@id\":\"https:\/\/manskin.ethos-dev.ch\/fr\/produkt\/sun-fluid-kopie\/#breadcrumb\",\"itemListElement\":[{\"@type\":\"ListItem\",\"position\":1,\"name\":\"Startseite\",\"item\":\"https:\/\/manskin.ethos-dev.ch\/fr\/\"},{\"@type\":\"ListItem\",\"position\":2,\"name\":\"Shop\",\"item\":\"https:\/\/manskin.ethos-dev.ch\/shop\/\"},{\"@type\":\"ListItem\",\"position\":3,\"name\":\"Better Be Bold &#8211; Coffret Cadeau Cr\u00e8me pour la calvitie &amp; Sun Fluid\"}]},{\"@type\":\"WebSite\",\"@id\":\"https:\/\/manskin.ethos-dev.ch\/#website\",\"url\":\"https:\/\/manskin.ethos-dev.ch\/\",\"name\":\"Manskin.ch\",\"description\":\"Tous les produits de beaut\u00e9 pour les hommes les plus exigeants\",\"publisher\":{\"@id\":\"https:\/\/manskin.ethos-dev.ch\/#organization\"},\"potentialAction\":[{\"@type\":\"SearchAction\",\"target\":{\"@type\":\"EntryPoint\",\"urlTemplate\":\"https:\/\/manskin.ethos-dev.ch\/?s={search_term_string}\"},\"query-input\":{\"@type\":\"PropertyValueSpecification\",\"valueRequired\":true,\"valueName\":\"search_term_string\"}}],\"inLanguage\":\"fr-FR\"},{\"@type\":\"Organization\",\"@id\":\"https:\/\/manskin.ethos-dev.ch\/#organization\",\"name\":\"Manskin.ch - der Schweizer Onlineshop f\u00fcr qualit\u00e4tsstarke M\u00e4nnerpflege\",\"url\":\"https:\/\/manskin.ethos-dev.ch\/\",\"logo\":{\"@type\":\"ImageObject\",\"inLanguage\":\"fr-FR\",\"@id\":\"https:\/\/manskin.ethos-dev.ch\/#\/schema\/logo\/image\/\",\"url\":\"https:\/\/manskin.ethos-dev.ch\/wp-content\/uploads\/2021\/04\/cropped-logo_head.png\",\"contentUrl\":\"https:\/\/manskin.ethos-dev.ch\/wp-content\/uploads\/2021\/04\/cropped-logo_head.png\",\"width\":235,\"height\":75,\"caption\":\"Manskin.ch - der Schweizer Onlineshop f\u00fcr qualit\u00e4tsstarke M\u00e4nnerpflege\"},\"image\":{\"@id\":\"https:\/\/manskin.ethos-dev.ch\/#\/schema\/logo\/image\/\"},\"sameAs\":[\"https:\/\/www.facebook.com\/manskin.ch\",\"https:\/\/www.instagram.com\/manskin.ch\/\"]}]}<\/script>\n<meta property=\"product:price:amount\" content=\"49.00\" \/>\n<meta property=\"product:price:currency\" content=\"CHF\" \/>\n<meta property=\"og:availability\" content=\"instock\" \/>\n<meta property=\"product:availability\" content=\"instock\" \/>\n<meta property=\"product:retailer_item_id\" content=\"14016\" \/>\n<meta property=\"product:condition\" content=\"new\" \/>\n<!-- \/ Yoast SEO Premium plugin. -->","yoast_head_json":{"title":"Better Be Bold, effet anti-brillance, cr\u00e8me hydratante pour la calvitie","description":"Effet anti-brillance naturel pour la calvitie gr\u00e2ce au complexe matifiant. Plus jamais de calvitie brillante.","robots":{"index":"noindex","follow":"follow","max-snippet":"max-snippet:-1","max-image-preview":"max-image-preview:large","max-video-preview":"max-video-preview:-1"},"og_locale":"fr_FR","og_type":"article","og_title":"Better Be Bold - Coffret Cadeau Cr\u00e8me pour la calvitie &amp; Sun Fluid","og_description":"Effet anti-brillance naturel pour la calvitie gr\u00e2ce au complexe matifiant. Plus jamais de calvitie brillante.","og_url":"https:\/\/manskin.ethos-dev.ch\/fr\/produkt\/sun-fluid-kopie\/","og_site_name":"Manskin.ch","article_publisher":"https:\/\/www.facebook.com\/manskin.ch","article_modified_time":"2025-05-06T18:13:25+00:00","og_image":[{"width":800,"height":800,"url":"https:\/\/manskin.ethos-dev.ch\/wp-content\/uploads\/2023\/11\/Better-be-bold-No-Burn-Out.jpg","type":"image\/jpeg"}],"twitter_card":"summary_large_image","twitter_misc":{"Prix":"49.00&#67;&#72;&#70;","Disponibilit\u00e9":"En stock"},"schema":{"@context":"https:\/\/schema.org","@graph":[{"@type":"WebPage","@id":"https:\/\/manskin.ethos-dev.ch\/fr\/produkt\/sun-fluid-kopie\/","url":"https:\/\/manskin.ethos-dev.ch\/fr\/produkt\/sun-fluid-kopie\/","name":"Better Be Bold, effet anti-brillance, cr\u00e8me hydratante pour la calvitie","isPartOf":{"@id":"https:\/\/manskin.ethos-dev.ch\/#website"},"primaryImageOfPage":{"@id":"https:\/\/manskin.ethos-dev.ch\/fr\/produkt\/sun-fluid-kopie\/#primaryimage"},"image":{"@id":"https:\/\/manskin.ethos-dev.ch\/fr\/produkt\/sun-fluid-kopie\/#primaryimage"},"thumbnailUrl":"https:\/\/manskin.ethos-dev.ch\/wp-content\/uploads\/2023\/11\/Better-be-bold-No-Burn-Out.jpg","datePublished":"2023-11-25T09:38:43+00:00","dateModified":"2025-05-06T18:13:25+00:00","description":"Effet anti-brillance naturel pour la calvitie gr\u00e2ce au complexe matifiant. Plus jamais de calvitie brillante.","breadcrumb":{"@id":"https:\/\/manskin.ethos-dev.ch\/fr\/produkt\/sun-fluid-kopie\/#breadcrumb"},"inLanguage":"fr-FR","potentialAction":[{"@type":"ReadAction","target":["https:\/\/manskin.ethos-dev.ch\/fr\/produkt\/sun-fluid-kopie\/"]}]},{"@type":"ImageObject","inLanguage":"fr-FR","@id":"https:\/\/manskin.ethos-dev.ch\/fr\/produkt\/sun-fluid-kopie\/#primaryimage","url":"https:\/\/manskin.ethos-dev.ch\/wp-content\/uploads\/2023\/11\/Better-be-bold-No-Burn-Out.jpg","contentUrl":"https:\/\/manskin.ethos-dev.ch\/wp-content\/uploads\/2023\/11\/Better-be-bold-No-Burn-Out.jpg","width":800,"height":800},{"@type":"BreadcrumbList","@id":"https:\/\/manskin.ethos-dev.ch\/fr\/produkt\/sun-fluid-kopie\/#breadcrumb","itemListElement":[{"@type":"ListItem","position":1,"name":"Startseite","item":"https:\/\/manskin.ethos-dev.ch\/fr\/"},{"@type":"ListItem","position":2,"name":"Shop","item":"https:\/\/manskin.ethos-dev.ch\/shop\/"},{"@type":"ListItem","position":3,"name":"Better Be Bold &#8211; Coffret Cadeau Cr\u00e8me pour la calvitie &amp; Sun Fluid"}]},{"@type":"WebSite","@id":"https:\/\/manskin.ethos-dev.ch\/#website","url":"https:\/\/manskin.ethos-dev.ch\/","name":"Manskin.ch","description":"Tous les produits de beaut\u00e9 pour les hommes les plus exigeants","publisher":{"@id":"https:\/\/manskin.ethos-dev.ch\/#organization"},"potentialAction":[{"@type":"SearchAction","target":{"@type":"EntryPoint","urlTemplate":"https:\/\/manskin.ethos-dev.ch\/?s={search_term_string}"},"query-input":{"@type":"PropertyValueSpecification","valueRequired":true,"valueName":"search_term_string"}}],"inLanguage":"fr-FR"},{"@type":"Organization","@id":"https:\/\/manskin.ethos-dev.ch\/#organization","name":"Manskin.ch - der Schweizer Onlineshop f\u00fcr qualit\u00e4tsstarke M\u00e4nnerpflege","url":"https:\/\/manskin.ethos-dev.ch\/","logo":{"@type":"ImageObject","inLanguage":"fr-FR","@id":"https:\/\/manskin.ethos-dev.ch\/#\/schema\/logo\/image\/","url":"https:\/\/manskin.ethos-dev.ch\/wp-content\/uploads\/2021\/04\/cropped-logo_head.png","contentUrl":"https:\/\/manskin.ethos-dev.ch\/wp-content\/uploads\/2021\/04\/cropped-logo_head.png","width":235,"height":75,"caption":"Manskin.ch - der Schweizer Onlineshop f\u00fcr qualit\u00e4tsstarke M\u00e4nnerpflege"},"image":{"@id":"https:\/\/manskin.ethos-dev.ch\/#\/schema\/logo\/image\/"},"sameAs":["https:\/\/www.facebook.com\/manskin.ch","https:\/\/www.instagram.com\/manskin.ch\/"]}]},"product_price_amount":"49.00","product_price_currency":"CHF","og_availability":"instock","product_availability":"instock","product_retailer_item_id":"14016","product_condition":"new"},"brands":[{"id":2775,"name":"Better Be Bold","slug":"better-be-bold"}],"_links":{"self":[{"href":"https:\/\/manskin.ethos-dev.ch\/fr\/wp-json\/wp\/v2\/product\/24832","targetHints":{"allow":["GET"]}}],"collection":[{"href":"https:\/\/manskin.ethos-dev.ch\/fr\/wp-json\/wp\/v2\/product"}],"about":[{"href":"https:\/\/manskin.ethos-dev.ch\/fr\/wp-json\/wp\/v2\/types\/product"}],"replies":[{"embeddable":true,"href":"https:\/\/manskin.ethos-dev.ch\/fr\/wp-json\/wp\/v2\/comments?post=24832"}],"wp:featuredmedia":[{"embeddable":true,"href":"https:\/\/manskin.ethos-dev.ch\/fr\/wp-json\/wp\/v2\/media\/24825"}],"wp:attachment":[{"href":"https:\/\/manskin.ethos-dev.ch\/fr\/wp-json\/wp\/v2\/media?parent=24832"}],"wp:term":[{"taxonomy":"pwb-brand","embeddable":true,"href":"https:\/\/manskin.ethos-dev.ch\/fr\/wp-json\/wp\/v2\/pwb-brand?post=24832"},{"taxonomy":"product_brand","embeddable":true,"href":"https:\/\/manskin.ethos-dev.ch\/fr\/wp-json\/wp\/v2\/product_brand?post=24832"},{"taxonomy":"product_cat","embeddable":true,"href":"https:\/\/manskin.ethos-dev.ch\/fr\/wp-json\/wp\/v2\/product_cat?post=24832"},{"taxonomy":"product_tag","embeddable":true,"href":"https:\/\/manskin.ethos-dev.ch\/fr\/wp-json\/wp\/v2\/product_tag?post=24832"}],"curies":[{"name":"wp","href":"https:\/\/api.w.org\/{rel}","templated":true}]}}