{"id":27783,"date":"2023-12-13T07:54:22","date_gmt":"2023-12-13T06:54:22","guid":{"rendered":"https:\/\/manskin.ethos-dev.ch\/produkt\/set-de-rasage-traditional-noir\/"},"modified":"2025-01-30T16:14:02","modified_gmt":"2025-01-30T15:14:02","slug":"muehle-set-traditional-r89-2","status":"publish","type":"product","link":"https:\/\/manskin.ethos-dev.ch\/fr\/produkt\/muehle-set-traditional-r89-2\/","title":{"rendered":"M\u00dcHLE &#8211; Set Traditional R89 avec blaireau et rasoir"},"content":{"rendered":"<h2>M&Uuml;HLE &#8211; Set de rasage Traditional avec blaireau et rasoir R89<\/h2>\n<p>Le set de rasage 3 pi&egrave;ces Traditonal se compose de :<\/p>\n<ul>\n<li>Blaireau &agrave; pointe argent&eacute;e<\/li>\n<li>Rasoir (peigne ferm&eacute;) avec lame classique<\/li>\n<\/ul>\n<p>Support et poign&eacute;es en m&eacute;tal chrom&eacute;.<\/p>\n<h3>Le mat&eacute;riau &#8211; m&eacute;tal et chrome<\/h3>\n<ul>\n<li>La surface est r&eacute;sistante &agrave; la corrosion, particuli&egrave;rement durable et poss&egrave;de un &eacute;clat pr&eacute;cieux et s&eacute;duisant.<\/li>\n<\/ul>\n<h3>La t&ecirc;te de pinceau &#8211; pur argent&eacute;e<\/h3>\n<ul>\n<li>Les connaisseurs consid&egrave;rent le blaireau &agrave; pointe argent&eacute;e comme le summum : seuls les meilleurs poils de blaireau, soigneusement s&eacute;lectionn&eacute;s, sont utilis&eacute;s pour les blaireaux fabriqu&eacute;s enti&egrave;rement &agrave; la main.<\/li>\n<li>Ce pr&eacute;cieux mat&eacute;riau naturel est particuli&egrave;rement doux et flexible.<\/li>\n<li>Les poils fins et coniques ont la capacit&eacute; d&#39;absorber beaucoup d&#39;eau et produisent une mousse dense et cr&eacute;meuse.<\/li>\n<\/ul>\n<p>Ce produit haut de gamme est fabriqu&eacute; &agrave; l&#39;aide d&#39;outils historiques, selon un proc&eacute;d&eacute; artisanal que seuls quelques-uns ma&icirc;trisent encore dans le monde.<\/p>\n<h3>La t&ecirc;te de rasoir &#8211; une lame de rasoir classique<\/h3>\n<ul>\n<li>Depuis des g&eacute;n&eacute;rations, la t&ecirc;te de rasoir est consid&eacute;r&eacute;e comme un classique &eacute;l&eacute;gant qui permet de raser m&ecirc;me les contours avec pr&eacute;cision. Pour beaucoup, c&#39;est le rasoir par excellence.<\/li>\n<li>M&ecirc;me si la lame demande d&#39;abord un peu de respect: apr&egrave;s un court temps d&#39;adaptation, guid&eacute; d&#39;une main calme, celui-ci permet un rasage tr&egrave;s pr&eacute;cis dont le r&eacute;sultat dure longtemps.<\/li>\n<li>Contrairement aux syst&egrave;mes de lames modernes, la t&ecirc;te du rabot de rasage est immobile. Les lames se changent en d&eacute;vissant le couvercle.<\/li>\n<\/ul>\n","protected":false},"excerpt":{"rendered":"<p>Peigne ferm\u00e9, id\u00e9al pour d\u00e9butants<\/p>\n","protected":false},"featured_media":27781,"comment_status":"closed","ping_status":"closed","template":"","meta":{"_acf_changed":false},"pwb-brand":[2769],"product_brand":[],"product_cat":[2326,2412,2422,2425],"product_tag":[],"class_list":{"0":"post-27783","1":"product","2":"type-product","3":"status-publish","4":"has-post-thumbnail","6":"pwb-brand-muehle","7":"product_cat-cadeaux","8":"product_cat-muehle-fr","9":"product_cat-rasoir-de-suretee","10":"product_cat-blaireau-new","11":"product_shipping_class-standard-fr","12":"sales-flash-overlay","13":"woocommerce-text-align-center","14":"woocommerce-image-align-center","15":"do-quantity-buttons","16":"has-subscription-plans","18":"first","19":"instock","20":"taxable","21":"shipping-taxable","22":"purchasable","23":"product-type-simple"},"acf":[],"yoast_head":"<!-- This site is optimized with the Yoast SEO Premium plugin v24.8 (Yoast SEO v25.4) - https:\/\/yoast.com\/wordpress\/plugins\/seo\/ -->\n<title>M\u00dcHLE - Set Traditional R89 avec blaireau et rasoir | Manskin.ch<\/title>\n<meta name=\"description\" content=\"M\u00dcHLE - Set Traditional R89 avec blaireau et rasoir\" \/>\n<meta name=\"robots\" content=\"noindex, follow, max-snippet:-1, max-image-preview:large, max-video-preview:-1\" \/>\n<meta property=\"og:locale\" content=\"fr_FR\" \/>\n<meta property=\"og:type\" content=\"article\" \/>\n<meta property=\"og:title\" content=\"M\u00dcHLE - Set Traditional R89 avec blaireau et rasoir\" \/>\n<meta property=\"og:description\" content=\"M\u00dcHLE - Set Traditional R89 avec blaireau et rasoir\" \/>\n<meta property=\"og:url\" content=\"https:\/\/manskin.ethos-dev.ch\/fr\/produkt\/muehle-set-traditional-r89-2\/\" \/>\n<meta property=\"og:site_name\" content=\"Manskin.ch\" \/>\n<meta property=\"article:publisher\" content=\"https:\/\/www.facebook.com\/manskin.ch\" \/>\n<meta property=\"article:modified_time\" content=\"2025-01-30T15:14:02+00:00\" \/>\n<meta property=\"og:image\" content=\"https:\/\/manskin.ethos-dev.ch\/wp-content\/uploads\/2023\/12\/Coconut-Conditioner-copy-High-Quality.jpg\" \/>\n\t<meta property=\"og:image:width\" content=\"800\" \/>\n\t<meta property=\"og:image:height\" content=\"800\" \/>\n\t<meta property=\"og:image:type\" content=\"image\/jpeg\" \/>\n<meta name=\"twitter:card\" content=\"summary_large_image\" \/>\n<meta name=\"twitter:label1\" content=\"Prix\" \/>\n\t<meta name=\"twitter:data1\" content=\"182.00&#067;&#072;&#070;\" \/>\n\t<meta name=\"twitter:label2\" content=\"Disponibilit\u00e9\" \/>\n\t<meta name=\"twitter:data2\" content=\"En stock\" \/>\n<script type=\"application\/ld+json\" class=\"yoast-schema-graph\">{\"@context\":\"https:\/\/schema.org\",\"@graph\":[{\"@type\":\"WebPage\",\"@id\":\"https:\/\/manskin.ethos-dev.ch\/fr\/produkt\/muehle-set-traditional-r89-2\/\",\"url\":\"https:\/\/manskin.ethos-dev.ch\/fr\/produkt\/muehle-set-traditional-r89-2\/\",\"name\":\"M\u00dcHLE - Set Traditional R89 avec blaireau et rasoir | Manskin.ch\",\"isPartOf\":{\"@id\":\"https:\/\/manskin.ethos-dev.ch\/#website\"},\"primaryImageOfPage\":{\"@id\":\"https:\/\/manskin.ethos-dev.ch\/fr\/produkt\/muehle-set-traditional-r89-2\/#primaryimage\"},\"image\":{\"@id\":\"https:\/\/manskin.ethos-dev.ch\/fr\/produkt\/muehle-set-traditional-r89-2\/#primaryimage\"},\"thumbnailUrl\":\"https:\/\/manskin.ethos-dev.ch\/wp-content\/uploads\/2023\/12\/Coconut-Conditioner-copy-High-Quality.jpg\",\"datePublished\":\"2023-12-13T06:54:22+00:00\",\"dateModified\":\"2025-01-30T15:14:02+00:00\",\"description\":\"M\u00dcHLE - Set Traditional R89 avec blaireau et rasoir\",\"breadcrumb\":{\"@id\":\"https:\/\/manskin.ethos-dev.ch\/fr\/produkt\/muehle-set-traditional-r89-2\/#breadcrumb\"},\"inLanguage\":\"fr-FR\",\"potentialAction\":[{\"@type\":\"ReadAction\",\"target\":[\"https:\/\/manskin.ethos-dev.ch\/fr\/produkt\/muehle-set-traditional-r89-2\/\"]}]},{\"@type\":\"ImageObject\",\"inLanguage\":\"fr-FR\",\"@id\":\"https:\/\/manskin.ethos-dev.ch\/fr\/produkt\/muehle-set-traditional-r89-2\/#primaryimage\",\"url\":\"https:\/\/manskin.ethos-dev.ch\/wp-content\/uploads\/2023\/12\/Coconut-Conditioner-copy-High-Quality.jpg\",\"contentUrl\":\"https:\/\/manskin.ethos-dev.ch\/wp-content\/uploads\/2023\/12\/Coconut-Conditioner-copy-High-Quality.jpg\",\"width\":800,\"height\":800},{\"@type\":\"BreadcrumbList\",\"@id\":\"https:\/\/manskin.ethos-dev.ch\/fr\/produkt\/muehle-set-traditional-r89-2\/#breadcrumb\",\"itemListElement\":[{\"@type\":\"ListItem\",\"position\":1,\"name\":\"Startseite\",\"item\":\"https:\/\/manskin.ethos-dev.ch\/fr\/\"},{\"@type\":\"ListItem\",\"position\":2,\"name\":\"Shop\",\"item\":\"https:\/\/manskin.ethos-dev.ch\/shop\/\"},{\"@type\":\"ListItem\",\"position\":3,\"name\":\"M\u00dcHLE &#8211; Set Traditional R89 avec blaireau et rasoir\"}]},{\"@type\":\"WebSite\",\"@id\":\"https:\/\/manskin.ethos-dev.ch\/#website\",\"url\":\"https:\/\/manskin.ethos-dev.ch\/\",\"name\":\"Manskin.ch\",\"description\":\"Tous les produits de beaut\u00e9 pour les hommes les plus exigeants\",\"publisher\":{\"@id\":\"https:\/\/manskin.ethos-dev.ch\/#organization\"},\"potentialAction\":[{\"@type\":\"SearchAction\",\"target\":{\"@type\":\"EntryPoint\",\"urlTemplate\":\"https:\/\/manskin.ethos-dev.ch\/?s={search_term_string}\"},\"query-input\":{\"@type\":\"PropertyValueSpecification\",\"valueRequired\":true,\"valueName\":\"search_term_string\"}}],\"inLanguage\":\"fr-FR\"},{\"@type\":\"Organization\",\"@id\":\"https:\/\/manskin.ethos-dev.ch\/#organization\",\"name\":\"Manskin.ch - der Schweizer Onlineshop f\u00fcr qualit\u00e4tsstarke M\u00e4nnerpflege\",\"url\":\"https:\/\/manskin.ethos-dev.ch\/\",\"logo\":{\"@type\":\"ImageObject\",\"inLanguage\":\"fr-FR\",\"@id\":\"https:\/\/manskin.ethos-dev.ch\/#\/schema\/logo\/image\/\",\"url\":\"https:\/\/manskin.ethos-dev.ch\/wp-content\/uploads\/2021\/04\/cropped-logo_head.png\",\"contentUrl\":\"https:\/\/manskin.ethos-dev.ch\/wp-content\/uploads\/2021\/04\/cropped-logo_head.png\",\"width\":235,\"height\":75,\"caption\":\"Manskin.ch - der Schweizer Onlineshop f\u00fcr qualit\u00e4tsstarke M\u00e4nnerpflege\"},\"image\":{\"@id\":\"https:\/\/manskin.ethos-dev.ch\/#\/schema\/logo\/image\/\"},\"sameAs\":[\"https:\/\/www.facebook.com\/manskin.ch\",\"https:\/\/www.instagram.com\/manskin.ch\/\"]}]}<\/script>\n<meta property=\"product:price:amount\" content=\"182.00\" \/>\n<meta property=\"product:price:currency\" content=\"CHF\" \/>\n<meta property=\"og:availability\" content=\"instock\" \/>\n<meta property=\"product:availability\" content=\"instock\" \/>\n<meta property=\"product:retailer_item_id\" content=\"14027\" \/>\n<meta property=\"product:condition\" content=\"new\" \/>\n<!-- \/ Yoast SEO Premium plugin. -->","yoast_head_json":{"title":"M\u00dcHLE - Set Traditional R89 avec blaireau et rasoir | Manskin.ch","description":"M\u00dcHLE - Set Traditional R89 avec blaireau et rasoir","robots":{"index":"noindex","follow":"follow","max-snippet":"max-snippet:-1","max-image-preview":"max-image-preview:large","max-video-preview":"max-video-preview:-1"},"og_locale":"fr_FR","og_type":"article","og_title":"M\u00dcHLE - Set Traditional R89 avec blaireau et rasoir","og_description":"M\u00dcHLE - Set Traditional R89 avec blaireau et rasoir","og_url":"https:\/\/manskin.ethos-dev.ch\/fr\/produkt\/muehle-set-traditional-r89-2\/","og_site_name":"Manskin.ch","article_publisher":"https:\/\/www.facebook.com\/manskin.ch","article_modified_time":"2025-01-30T15:14:02+00:00","og_image":[{"width":800,"height":800,"url":"https:\/\/manskin.ethos-dev.ch\/wp-content\/uploads\/2023\/12\/Coconut-Conditioner-copy-High-Quality.jpg","type":"image\/jpeg"}],"twitter_card":"summary_large_image","twitter_misc":{"Prix":"182.00&#67;&#72;&#70;","Disponibilit\u00e9":"En stock"},"schema":{"@context":"https:\/\/schema.org","@graph":[{"@type":"WebPage","@id":"https:\/\/manskin.ethos-dev.ch\/fr\/produkt\/muehle-set-traditional-r89-2\/","url":"https:\/\/manskin.ethos-dev.ch\/fr\/produkt\/muehle-set-traditional-r89-2\/","name":"M\u00dcHLE - Set Traditional R89 avec blaireau et rasoir | Manskin.ch","isPartOf":{"@id":"https:\/\/manskin.ethos-dev.ch\/#website"},"primaryImageOfPage":{"@id":"https:\/\/manskin.ethos-dev.ch\/fr\/produkt\/muehle-set-traditional-r89-2\/#primaryimage"},"image":{"@id":"https:\/\/manskin.ethos-dev.ch\/fr\/produkt\/muehle-set-traditional-r89-2\/#primaryimage"},"thumbnailUrl":"https:\/\/manskin.ethos-dev.ch\/wp-content\/uploads\/2023\/12\/Coconut-Conditioner-copy-High-Quality.jpg","datePublished":"2023-12-13T06:54:22+00:00","dateModified":"2025-01-30T15:14:02+00:00","description":"M\u00dcHLE - Set Traditional R89 avec blaireau et rasoir","breadcrumb":{"@id":"https:\/\/manskin.ethos-dev.ch\/fr\/produkt\/muehle-set-traditional-r89-2\/#breadcrumb"},"inLanguage":"fr-FR","potentialAction":[{"@type":"ReadAction","target":["https:\/\/manskin.ethos-dev.ch\/fr\/produkt\/muehle-set-traditional-r89-2\/"]}]},{"@type":"ImageObject","inLanguage":"fr-FR","@id":"https:\/\/manskin.ethos-dev.ch\/fr\/produkt\/muehle-set-traditional-r89-2\/#primaryimage","url":"https:\/\/manskin.ethos-dev.ch\/wp-content\/uploads\/2023\/12\/Coconut-Conditioner-copy-High-Quality.jpg","contentUrl":"https:\/\/manskin.ethos-dev.ch\/wp-content\/uploads\/2023\/12\/Coconut-Conditioner-copy-High-Quality.jpg","width":800,"height":800},{"@type":"BreadcrumbList","@id":"https:\/\/manskin.ethos-dev.ch\/fr\/produkt\/muehle-set-traditional-r89-2\/#breadcrumb","itemListElement":[{"@type":"ListItem","position":1,"name":"Startseite","item":"https:\/\/manskin.ethos-dev.ch\/fr\/"},{"@type":"ListItem","position":2,"name":"Shop","item":"https:\/\/manskin.ethos-dev.ch\/shop\/"},{"@type":"ListItem","position":3,"name":"M\u00dcHLE &#8211; Set Traditional R89 avec blaireau et rasoir"}]},{"@type":"WebSite","@id":"https:\/\/manskin.ethos-dev.ch\/#website","url":"https:\/\/manskin.ethos-dev.ch\/","name":"Manskin.ch","description":"Tous les produits de beaut\u00e9 pour les hommes les plus exigeants","publisher":{"@id":"https:\/\/manskin.ethos-dev.ch\/#organization"},"potentialAction":[{"@type":"SearchAction","target":{"@type":"EntryPoint","urlTemplate":"https:\/\/manskin.ethos-dev.ch\/?s={search_term_string}"},"query-input":{"@type":"PropertyValueSpecification","valueRequired":true,"valueName":"search_term_string"}}],"inLanguage":"fr-FR"},{"@type":"Organization","@id":"https:\/\/manskin.ethos-dev.ch\/#organization","name":"Manskin.ch - der Schweizer Onlineshop f\u00fcr qualit\u00e4tsstarke M\u00e4nnerpflege","url":"https:\/\/manskin.ethos-dev.ch\/","logo":{"@type":"ImageObject","inLanguage":"fr-FR","@id":"https:\/\/manskin.ethos-dev.ch\/#\/schema\/logo\/image\/","url":"https:\/\/manskin.ethos-dev.ch\/wp-content\/uploads\/2021\/04\/cropped-logo_head.png","contentUrl":"https:\/\/manskin.ethos-dev.ch\/wp-content\/uploads\/2021\/04\/cropped-logo_head.png","width":235,"height":75,"caption":"Manskin.ch - der Schweizer Onlineshop f\u00fcr qualit\u00e4tsstarke M\u00e4nnerpflege"},"image":{"@id":"https:\/\/manskin.ethos-dev.ch\/#\/schema\/logo\/image\/"},"sameAs":["https:\/\/www.facebook.com\/manskin.ch","https:\/\/www.instagram.com\/manskin.ch\/"]}]},"product_price_amount":"182.00","product_price_currency":"CHF","og_availability":"instock","product_availability":"instock","product_retailer_item_id":"14027","product_condition":"new"},"brands":[{"id":2769,"name":"M\u00dcHLE","slug":"muehle"}],"_links":{"self":[{"href":"https:\/\/manskin.ethos-dev.ch\/fr\/wp-json\/wp\/v2\/product\/27783","targetHints":{"allow":["GET"]}}],"collection":[{"href":"https:\/\/manskin.ethos-dev.ch\/fr\/wp-json\/wp\/v2\/product"}],"about":[{"href":"https:\/\/manskin.ethos-dev.ch\/fr\/wp-json\/wp\/v2\/types\/product"}],"replies":[{"embeddable":true,"href":"https:\/\/manskin.ethos-dev.ch\/fr\/wp-json\/wp\/v2\/comments?post=27783"}],"wp:featuredmedia":[{"embeddable":true,"href":"https:\/\/manskin.ethos-dev.ch\/fr\/wp-json\/wp\/v2\/media\/27781"}],"wp:attachment":[{"href":"https:\/\/manskin.ethos-dev.ch\/fr\/wp-json\/wp\/v2\/media?parent=27783"}],"wp:term":[{"taxonomy":"pwb-brand","embeddable":true,"href":"https:\/\/manskin.ethos-dev.ch\/fr\/wp-json\/wp\/v2\/pwb-brand?post=27783"},{"taxonomy":"product_brand","embeddable":true,"href":"https:\/\/manskin.ethos-dev.ch\/fr\/wp-json\/wp\/v2\/product_brand?post=27783"},{"taxonomy":"product_cat","embeddable":true,"href":"https:\/\/manskin.ethos-dev.ch\/fr\/wp-json\/wp\/v2\/product_cat?post=27783"},{"taxonomy":"product_tag","embeddable":true,"href":"https:\/\/manskin.ethos-dev.ch\/fr\/wp-json\/wp\/v2\/product_tag?post=27783"}],"curies":[{"name":"wp","href":"https:\/\/api.w.org\/{rel}","templated":true}]}}