{"id":31784,"date":"2024-03-21T14:26:55","date_gmt":"2024-03-21T13:26:55","guid":{"rendered":"https:\/\/manskin.ethos-dev.ch\/produkt\/better-be-bold-blutstopper\/"},"modified":"2025-03-19T08:22:16","modified_gmt":"2025-03-19T07:22:16","slug":"better-be-bold-stoppeur-de-sang","status":"publish","type":"product","link":"https:\/\/manskin.ethos-dev.ch\/fr\/produkt\/better-be-bold-stoppeur-de-sang\/","title":{"rendered":"Better Be Bold &#8211; Stoppeur de sang"},"content":{"rendered":"<h2>Better Be Bold &#8211; Stoppeur de sang<\/h2>\n<ul>\n<li>Plus jamais de calvitie sanglante. En effet, les porteurs de calvitie sont particuli&egrave;rement expos&eacute;s aux blessures et aux irritations dues au rasage en raison de la sensibilit&eacute; et de la finesse de leur cuir chevelu.<\/li>\n<li>L&#39;h&eacute;mostatique est une v&eacute;ritable arme miracle qui r&eacute;sout les probl&egrave;mes des porteurs de calvitie.<\/li>\n<li>Arr&ecirc;te imm&eacute;diatement le saignement apr&egrave;s les coupures dues au rasage.<\/li>\n<li>Apaise le cuir chevelu et pr&eacute;vient le feu du rasoir et les irritations cutan&eacute;es.<\/li>\n<li>Antiseptique et antibact&eacute;rien.<\/li>\n<li>100% naturel selon la norme ISO 16128.<\/li>\n<li>Peut &eacute;galement &ecirc;tre utilis&eacute; comme d&eacute;odorant naturel contre la transpiration.<\/li>\n<li>Puret&eacute; maximale de la pierre d&#39;alun, fabriqu&eacute;e &agrave; la main en France.<\/li>\n<li>La qualit&eacute; extr&ecirc;mement &eacute;lev&eacute;e se reconna&icirc;t non seulement &agrave; la structure cristalline de la pierre et &agrave; ses &eacute;clairs et clignotements fascinants, mais aussi &agrave; son utilisation respectueuse de la peau.<br \/>\n\t&nbsp;<\/li>\n<\/ul>\n<p>Contenu&nbsp;47 gr.<\/p>\n","protected":false},"excerpt":{"rendered":"<p>Better Be Bold &#8211; Stoppeur de sang Plus jamais de calvitie sanglante. En effet, les porteurs de calvitie sont particuli&egrave;rement expos&eacute;s aux blessures et aux irritations dues au rasage en raison de la sensibilit&eacute; et de la finesse de leur cuir chevelu. L&#39;h&eacute;mostatique est une v&eacute;ritable arme miracle qui r&eacute;sout les probl&egrave;mes des porteurs de &#8230; <a title=\"Better Be Bold &#8211; Stoppeur de sang\" class=\"read-more\" href=\"https:\/\/manskin.ethos-dev.ch\/fr\/produkt\/better-be-bold-stoppeur-de-sang\/\" aria-label=\"En savoir plus sur Better Be Bold &#8211; Stoppeur de sang\">Lire la suite<\/a><\/p>\n","protected":false},"featured_media":31781,"comment_status":"closed","ping_status":"closed","template":"","meta":{"_acf_changed":false},"pwb-brand":[2775],"product_brand":[],"product_cat":[2928,2548,2526],"product_tag":[],"class_list":{"0":"post-31784","1":"product","2":"type-product","3":"status-publish","4":"has-post-thumbnail","6":"pwb-brand-better-be-bold","7":"product_cat-calvitie","8":"product_cat-better-be-bold-fr","9":"product_cat-stoppe-les-saignements","10":"product_shipping_class-standard-fr","11":"sales-flash-overlay","12":"woocommerce-text-align-center","13":"woocommerce-image-align-center","14":"do-quantity-buttons","15":"wc-has-gallery","16":"has-subscription-plans","18":"first","19":"instock","20":"taxable","21":"shipping-taxable","22":"purchasable","23":"product-type-simple"},"acf":[],"yoast_head":"<!-- This site is optimized with the Yoast SEO Premium plugin v24.8 (Yoast SEO v25.4) - https:\/\/yoast.com\/wordpress\/plugins\/seo\/ -->\n<title>Soin de la calvitie : arr\u00eate les saignements &amp; apaise le cuir chevelu<\/title>\n<meta name=\"description\" content=\"Fini les blessures dues au rasage et les irritations de la peau chez les chauves! L&#039;h\u00e9mostatique stoppe les saignements et apaise la peau. Essayez-le maintenant !\" \/>\n<meta name=\"robots\" content=\"noindex, follow, max-snippet:-1, max-image-preview:large, max-video-preview:-1\" \/>\n<meta property=\"og:locale\" content=\"fr_FR\" \/>\n<meta property=\"og:type\" content=\"article\" \/>\n<meta property=\"og:title\" content=\"Better Be Bold - Stoppeur de sang\" \/>\n<meta property=\"og:description\" content=\"Fini les blessures dues au rasage et les irritations de la peau chez les chauves! L&#039;h\u00e9mostatique stoppe les saignements et apaise la peau. Essayez-le maintenant !\" \/>\n<meta property=\"og:url\" content=\"https:\/\/manskin.ethos-dev.ch\/fr\/produkt\/better-be-bold-stoppeur-de-sang\/\" \/>\n<meta property=\"og:site_name\" content=\"Manskin.ch\" \/>\n<meta property=\"article:publisher\" content=\"https:\/\/www.facebook.com\/manskin.ch\" \/>\n<meta property=\"article:modified_time\" content=\"2025-03-19T07:22:16+00:00\" \/>\n<meta property=\"og:image\" content=\"https:\/\/manskin.ethos-dev.ch\/wp-content\/uploads\/2024\/03\/Blutstopper-High-Quality.jpg\" \/>\n\t<meta property=\"og:image:width\" content=\"800\" \/>\n\t<meta property=\"og:image:height\" content=\"800\" \/>\n\t<meta property=\"og:image:type\" content=\"image\/jpeg\" \/>\n<meta name=\"twitter:card\" content=\"summary_large_image\" \/>\n<meta name=\"twitter:label1\" content=\"Prix\" \/>\n\t<meta name=\"twitter:data1\" content=\"11.90&#067;&#072;&#070;\" \/>\n\t<meta name=\"twitter:label2\" content=\"Disponibilit\u00e9\" \/>\n\t<meta name=\"twitter:data2\" content=\"En stock\" \/>\n<script type=\"application\/ld+json\" class=\"yoast-schema-graph\">{\"@context\":\"https:\/\/schema.org\",\"@graph\":[{\"@type\":\"WebPage\",\"@id\":\"https:\/\/manskin.ethos-dev.ch\/fr\/produkt\/better-be-bold-stoppeur-de-sang\/\",\"url\":\"https:\/\/manskin.ethos-dev.ch\/fr\/produkt\/better-be-bold-stoppeur-de-sang\/\",\"name\":\"Soin de la calvitie : arr\u00eate les saignements & apaise le cuir chevelu\",\"isPartOf\":{\"@id\":\"https:\/\/manskin.ethos-dev.ch\/#website\"},\"primaryImageOfPage\":{\"@id\":\"https:\/\/manskin.ethos-dev.ch\/fr\/produkt\/better-be-bold-stoppeur-de-sang\/#primaryimage\"},\"image\":{\"@id\":\"https:\/\/manskin.ethos-dev.ch\/fr\/produkt\/better-be-bold-stoppeur-de-sang\/#primaryimage\"},\"thumbnailUrl\":\"https:\/\/manskin.ethos-dev.ch\/wp-content\/uploads\/2024\/03\/Blutstopper-High-Quality.jpg\",\"datePublished\":\"2024-03-21T13:26:55+00:00\",\"dateModified\":\"2025-03-19T07:22:16+00:00\",\"description\":\"Fini les blessures dues au rasage et les irritations de la peau chez les chauves! L'h\u00e9mostatique stoppe les saignements et apaise la peau. Essayez-le maintenant !\",\"breadcrumb\":{\"@id\":\"https:\/\/manskin.ethos-dev.ch\/fr\/produkt\/better-be-bold-stoppeur-de-sang\/#breadcrumb\"},\"inLanguage\":\"fr-FR\",\"potentialAction\":[{\"@type\":\"ReadAction\",\"target\":[\"https:\/\/manskin.ethos-dev.ch\/fr\/produkt\/better-be-bold-stoppeur-de-sang\/\"]}]},{\"@type\":\"ImageObject\",\"inLanguage\":\"fr-FR\",\"@id\":\"https:\/\/manskin.ethos-dev.ch\/fr\/produkt\/better-be-bold-stoppeur-de-sang\/#primaryimage\",\"url\":\"https:\/\/manskin.ethos-dev.ch\/wp-content\/uploads\/2024\/03\/Blutstopper-High-Quality.jpg\",\"contentUrl\":\"https:\/\/manskin.ethos-dev.ch\/wp-content\/uploads\/2024\/03\/Blutstopper-High-Quality.jpg\",\"width\":800,\"height\":800},{\"@type\":\"BreadcrumbList\",\"@id\":\"https:\/\/manskin.ethos-dev.ch\/fr\/produkt\/better-be-bold-stoppeur-de-sang\/#breadcrumb\",\"itemListElement\":[{\"@type\":\"ListItem\",\"position\":1,\"name\":\"Startseite\",\"item\":\"https:\/\/manskin.ethos-dev.ch\/fr\/\"},{\"@type\":\"ListItem\",\"position\":2,\"name\":\"Shop\",\"item\":\"https:\/\/manskin.ethos-dev.ch\/shop\/\"},{\"@type\":\"ListItem\",\"position\":3,\"name\":\"Better Be Bold &#8211; Stoppeur de sang\"}]},{\"@type\":\"WebSite\",\"@id\":\"https:\/\/manskin.ethos-dev.ch\/#website\",\"url\":\"https:\/\/manskin.ethos-dev.ch\/\",\"name\":\"Manskin.ch\",\"description\":\"Tous les produits de beaut\u00e9 pour les hommes les plus exigeants\",\"publisher\":{\"@id\":\"https:\/\/manskin.ethos-dev.ch\/#organization\"},\"potentialAction\":[{\"@type\":\"SearchAction\",\"target\":{\"@type\":\"EntryPoint\",\"urlTemplate\":\"https:\/\/manskin.ethos-dev.ch\/?s={search_term_string}\"},\"query-input\":{\"@type\":\"PropertyValueSpecification\",\"valueRequired\":true,\"valueName\":\"search_term_string\"}}],\"inLanguage\":\"fr-FR\"},{\"@type\":\"Organization\",\"@id\":\"https:\/\/manskin.ethos-dev.ch\/#organization\",\"name\":\"Manskin.ch - der Schweizer Onlineshop f\u00fcr qualit\u00e4tsstarke M\u00e4nnerpflege\",\"url\":\"https:\/\/manskin.ethos-dev.ch\/\",\"logo\":{\"@type\":\"ImageObject\",\"inLanguage\":\"fr-FR\",\"@id\":\"https:\/\/manskin.ethos-dev.ch\/#\/schema\/logo\/image\/\",\"url\":\"https:\/\/manskin.ethos-dev.ch\/wp-content\/uploads\/2021\/04\/cropped-logo_head.png\",\"contentUrl\":\"https:\/\/manskin.ethos-dev.ch\/wp-content\/uploads\/2021\/04\/cropped-logo_head.png\",\"width\":235,\"height\":75,\"caption\":\"Manskin.ch - der Schweizer Onlineshop f\u00fcr qualit\u00e4tsstarke M\u00e4nnerpflege\"},\"image\":{\"@id\":\"https:\/\/manskin.ethos-dev.ch\/#\/schema\/logo\/image\/\"},\"sameAs\":[\"https:\/\/www.facebook.com\/manskin.ch\",\"https:\/\/www.instagram.com\/manskin.ch\/\"]}]}<\/script>\n<meta property=\"product:price:amount\" content=\"11.90\" \/>\n<meta property=\"product:price:currency\" content=\"CHF\" \/>\n<meta property=\"og:availability\" content=\"instock\" \/>\n<meta property=\"product:availability\" content=\"instock\" \/>\n<meta property=\"product:retailer_item_id\" content=\"14074\" \/>\n<meta property=\"product:condition\" content=\"new\" \/>\n<!-- \/ Yoast SEO Premium plugin. -->","yoast_head_json":{"title":"Soin de la calvitie : arr\u00eate les saignements & apaise le cuir chevelu","description":"Fini les blessures dues au rasage et les irritations de la peau chez les chauves! L'h\u00e9mostatique stoppe les saignements et apaise la peau. Essayez-le maintenant !","robots":{"index":"noindex","follow":"follow","max-snippet":"max-snippet:-1","max-image-preview":"max-image-preview:large","max-video-preview":"max-video-preview:-1"},"og_locale":"fr_FR","og_type":"article","og_title":"Better Be Bold - Stoppeur de sang","og_description":"Fini les blessures dues au rasage et les irritations de la peau chez les chauves! L'h\u00e9mostatique stoppe les saignements et apaise la peau. Essayez-le maintenant !","og_url":"https:\/\/manskin.ethos-dev.ch\/fr\/produkt\/better-be-bold-stoppeur-de-sang\/","og_site_name":"Manskin.ch","article_publisher":"https:\/\/www.facebook.com\/manskin.ch","article_modified_time":"2025-03-19T07:22:16+00:00","og_image":[{"width":800,"height":800,"url":"https:\/\/manskin.ethos-dev.ch\/wp-content\/uploads\/2024\/03\/Blutstopper-High-Quality.jpg","type":"image\/jpeg"}],"twitter_card":"summary_large_image","twitter_misc":{"Prix":"11.90&#67;&#72;&#70;","Disponibilit\u00e9":"En stock"},"schema":{"@context":"https:\/\/schema.org","@graph":[{"@type":"WebPage","@id":"https:\/\/manskin.ethos-dev.ch\/fr\/produkt\/better-be-bold-stoppeur-de-sang\/","url":"https:\/\/manskin.ethos-dev.ch\/fr\/produkt\/better-be-bold-stoppeur-de-sang\/","name":"Soin de la calvitie : arr\u00eate les saignements & apaise le cuir chevelu","isPartOf":{"@id":"https:\/\/manskin.ethos-dev.ch\/#website"},"primaryImageOfPage":{"@id":"https:\/\/manskin.ethos-dev.ch\/fr\/produkt\/better-be-bold-stoppeur-de-sang\/#primaryimage"},"image":{"@id":"https:\/\/manskin.ethos-dev.ch\/fr\/produkt\/better-be-bold-stoppeur-de-sang\/#primaryimage"},"thumbnailUrl":"https:\/\/manskin.ethos-dev.ch\/wp-content\/uploads\/2024\/03\/Blutstopper-High-Quality.jpg","datePublished":"2024-03-21T13:26:55+00:00","dateModified":"2025-03-19T07:22:16+00:00","description":"Fini les blessures dues au rasage et les irritations de la peau chez les chauves! L'h\u00e9mostatique stoppe les saignements et apaise la peau. Essayez-le maintenant !","breadcrumb":{"@id":"https:\/\/manskin.ethos-dev.ch\/fr\/produkt\/better-be-bold-stoppeur-de-sang\/#breadcrumb"},"inLanguage":"fr-FR","potentialAction":[{"@type":"ReadAction","target":["https:\/\/manskin.ethos-dev.ch\/fr\/produkt\/better-be-bold-stoppeur-de-sang\/"]}]},{"@type":"ImageObject","inLanguage":"fr-FR","@id":"https:\/\/manskin.ethos-dev.ch\/fr\/produkt\/better-be-bold-stoppeur-de-sang\/#primaryimage","url":"https:\/\/manskin.ethos-dev.ch\/wp-content\/uploads\/2024\/03\/Blutstopper-High-Quality.jpg","contentUrl":"https:\/\/manskin.ethos-dev.ch\/wp-content\/uploads\/2024\/03\/Blutstopper-High-Quality.jpg","width":800,"height":800},{"@type":"BreadcrumbList","@id":"https:\/\/manskin.ethos-dev.ch\/fr\/produkt\/better-be-bold-stoppeur-de-sang\/#breadcrumb","itemListElement":[{"@type":"ListItem","position":1,"name":"Startseite","item":"https:\/\/manskin.ethos-dev.ch\/fr\/"},{"@type":"ListItem","position":2,"name":"Shop","item":"https:\/\/manskin.ethos-dev.ch\/shop\/"},{"@type":"ListItem","position":3,"name":"Better Be Bold &#8211; Stoppeur de sang"}]},{"@type":"WebSite","@id":"https:\/\/manskin.ethos-dev.ch\/#website","url":"https:\/\/manskin.ethos-dev.ch\/","name":"Manskin.ch","description":"Tous les produits de beaut\u00e9 pour les hommes les plus exigeants","publisher":{"@id":"https:\/\/manskin.ethos-dev.ch\/#organization"},"potentialAction":[{"@type":"SearchAction","target":{"@type":"EntryPoint","urlTemplate":"https:\/\/manskin.ethos-dev.ch\/?s={search_term_string}"},"query-input":{"@type":"PropertyValueSpecification","valueRequired":true,"valueName":"search_term_string"}}],"inLanguage":"fr-FR"},{"@type":"Organization","@id":"https:\/\/manskin.ethos-dev.ch\/#organization","name":"Manskin.ch - der Schweizer Onlineshop f\u00fcr qualit\u00e4tsstarke M\u00e4nnerpflege","url":"https:\/\/manskin.ethos-dev.ch\/","logo":{"@type":"ImageObject","inLanguage":"fr-FR","@id":"https:\/\/manskin.ethos-dev.ch\/#\/schema\/logo\/image\/","url":"https:\/\/manskin.ethos-dev.ch\/wp-content\/uploads\/2021\/04\/cropped-logo_head.png","contentUrl":"https:\/\/manskin.ethos-dev.ch\/wp-content\/uploads\/2021\/04\/cropped-logo_head.png","width":235,"height":75,"caption":"Manskin.ch - der Schweizer Onlineshop f\u00fcr qualit\u00e4tsstarke M\u00e4nnerpflege"},"image":{"@id":"https:\/\/manskin.ethos-dev.ch\/#\/schema\/logo\/image\/"},"sameAs":["https:\/\/www.facebook.com\/manskin.ch","https:\/\/www.instagram.com\/manskin.ch\/"]}]},"product_price_amount":"11.90","product_price_currency":"CHF","og_availability":"instock","product_availability":"instock","product_retailer_item_id":"14074","product_condition":"new"},"brands":[{"id":2775,"name":"Better Be Bold","slug":"better-be-bold"}],"_links":{"self":[{"href":"https:\/\/manskin.ethos-dev.ch\/fr\/wp-json\/wp\/v2\/product\/31784","targetHints":{"allow":["GET"]}}],"collection":[{"href":"https:\/\/manskin.ethos-dev.ch\/fr\/wp-json\/wp\/v2\/product"}],"about":[{"href":"https:\/\/manskin.ethos-dev.ch\/fr\/wp-json\/wp\/v2\/types\/product"}],"replies":[{"embeddable":true,"href":"https:\/\/manskin.ethos-dev.ch\/fr\/wp-json\/wp\/v2\/comments?post=31784"}],"wp:featuredmedia":[{"embeddable":true,"href":"https:\/\/manskin.ethos-dev.ch\/fr\/wp-json\/wp\/v2\/media\/31781"}],"wp:attachment":[{"href":"https:\/\/manskin.ethos-dev.ch\/fr\/wp-json\/wp\/v2\/media?parent=31784"}],"wp:term":[{"taxonomy":"pwb-brand","embeddable":true,"href":"https:\/\/manskin.ethos-dev.ch\/fr\/wp-json\/wp\/v2\/pwb-brand?post=31784"},{"taxonomy":"product_brand","embeddable":true,"href":"https:\/\/manskin.ethos-dev.ch\/fr\/wp-json\/wp\/v2\/product_brand?post=31784"},{"taxonomy":"product_cat","embeddable":true,"href":"https:\/\/manskin.ethos-dev.ch\/fr\/wp-json\/wp\/v2\/product_cat?post=31784"},{"taxonomy":"product_tag","embeddable":true,"href":"https:\/\/manskin.ethos-dev.ch\/fr\/wp-json\/wp\/v2\/product_tag?post=31784"}],"curies":[{"name":"wp","href":"https:\/\/api.w.org\/{rel}","templated":true}]}}