{"id":32278,"date":"2024-04-09T08:52:30","date_gmt":"2024-04-09T06:52:30","guid":{"rendered":"https:\/\/manskin.ethos-dev.ch\/produkt\/luxus-koerperseife-1887-mit-kordel\/"},"modified":"2025-05-26T20:11:40","modified_gmt":"2025-05-26T18:11:40","slug":"musgo-real-savon-1887-avec-cordon","status":"publish","type":"product","link":"https:\/\/manskin.ethos-dev.ch\/fr\/produkt\/musgo-real-savon-1887-avec-cordon\/","title":{"rendered":"Musgo Real &#8211; Savon Luxueux 1887 avec cordon"},"content":{"rendered":"<h2>Musgo Real &#8211; Savon de luxe pour le corps 1887 avec corde<\/h2>\n<ul>\n<li>Commence ta journ&eacute;e avec un petit luxe. Ce savon stimule les sens et laisse une sensation de fra&icirc;cheur et de tonicit&eacute;.<\/li>\n<li>Le savon Musgo Real 1887 est formul&eacute; avec des huiles v&eacute;g&eacute;tales et enrichi d&#39;huile de noix pour apaiser la peau tout en la nettoyant efficacement.<br \/>\n\t&nbsp;<\/li>\n<li>Notes de t&ecirc;te : citron, poivre rose, pamplemousse<\/li>\n<li>Notes de c&oelig;ur g&eacute;ranium, ciste, patchouli<\/li>\n<li>Notes de fond v&eacute;tiver, ambre, mousse de ch&ecirc;ne<br \/>\n\t&nbsp;<\/li>\n<li>Le parfum de ce savon commence par des notes claires de pamplemousse et de citron, combin&eacute;es au piquant du poivre rose.<\/li>\n<li>La note de c&oelig;ur puissante est compos&eacute;e de g&eacute;ranium et de patchouli, traditionnellement masculin, mais avec une touche de v&eacute;tiver, d&#39;ambre et de mousse de ch&ecirc;ne en note de fond.<\/li>\n<li>&Agrave; base de plantes et enrichi d&#39;huile de noix, ce savon apporte une touche de douceur &agrave; ta peau et la nettoie efficacement.<\/li>\n<li>Id&eacute;al pour : les personnes qui appr&eacute;cient le raffinement du petit luxe. Les personnes &agrave; la recherche de parfums uniques et captivants.<\/li>\n<\/ul>\n<p>Contenu 160 gr.<\/p>\n","protected":false},"excerpt":{"rendered":"<p>Musgo Real &#8211; Savon de luxe pour le corps 1887 avec corde Commence ta journ&eacute;e avec un petit luxe. Ce savon stimule les sens et laisse une sensation de fra&icirc;cheur et de tonicit&eacute;. Le savon Musgo Real 1887 est formul&eacute; avec des huiles v&eacute;g&eacute;tales et enrichi d&#39;huile de noix pour apaiser la peau tout en &#8230; <a title=\"Musgo Real &#8211; Savon Luxueux 1887 avec cordon\" class=\"read-more\" href=\"https:\/\/manskin.ethos-dev.ch\/fr\/produkt\/musgo-real-savon-1887-avec-cordon\/\" aria-label=\"En savoir plus sur Musgo Real &#8211; Savon Luxueux 1887 avec cordon\">Lire la suite<\/a><\/p>\n","protected":false},"featured_media":32266,"comment_status":"closed","ping_status":"closed","template":"","meta":{"_acf_changed":false},"pwb-brand":[2770],"product_brand":[],"product_cat":[2495,2382],"product_tag":[],"class_list":{"0":"post-32278","1":"product","2":"type-product","3":"status-publish","4":"has-post-thumbnail","6":"pwb-brand-musgo-real","7":"product_cat-savon-pour-le-corps","8":"product_cat-musgo-real-fr","9":"product_shipping_class-standard-fr","10":"sales-flash-overlay","11":"woocommerce-text-align-center","12":"woocommerce-image-align-center","13":"do-quantity-buttons","14":"has-subscription-plans","16":"first","17":"instock","18":"taxable","19":"shipping-taxable","20":"purchasable","21":"product-type-simple"},"acf":[],"yoast_head":"<!-- This site is optimized with the Yoast SEO Premium plugin v24.8 (Yoast SEO v25.4) - https:\/\/yoast.com\/wordpress\/plugins\/seo\/ -->\n<title>Musgo Real - Savon Luxueux 1887 avec cordon | Manskin.ch<\/title>\n<meta name=\"description\" content=\"Musgo Real - Savon Luxueux 1887 avec cordon\" \/>\n<meta name=\"robots\" content=\"noindex, follow, max-snippet:-1, max-image-preview:large, max-video-preview:-1\" \/>\n<meta property=\"og:locale\" content=\"fr_FR\" \/>\n<meta property=\"og:type\" content=\"article\" \/>\n<meta property=\"og:title\" content=\"Musgo Real - Savon Luxueux 1887 avec cordon\" \/>\n<meta property=\"og:description\" content=\"Musgo Real - Savon Luxueux 1887 avec cordon\" \/>\n<meta property=\"og:url\" content=\"https:\/\/manskin.ethos-dev.ch\/fr\/produkt\/musgo-real-savon-1887-avec-cordon\/\" \/>\n<meta property=\"og:site_name\" content=\"Manskin.ch\" \/>\n<meta property=\"article:publisher\" content=\"https:\/\/www.facebook.com\/manskin.ch\" \/>\n<meta property=\"article:modified_time\" content=\"2025-05-26T18:11:40+00:00\" \/>\n<meta property=\"og:image\" content=\"https:\/\/manskin.ethos-dev.ch\/wp-content\/uploads\/2024\/04\/Musgo-Seife-1887-Rope-High-Quality.jpg\" \/>\n\t<meta property=\"og:image:width\" content=\"800\" \/>\n\t<meta property=\"og:image:height\" content=\"800\" \/>\n\t<meta property=\"og:image:type\" content=\"image\/jpeg\" \/>\n<meta name=\"twitter:card\" content=\"summary_large_image\" \/>\n<meta name=\"twitter:label1\" content=\"Prix\" \/>\n\t<meta name=\"twitter:data1\" content=\"24.50&#067;&#072;&#070;\" \/>\n\t<meta name=\"twitter:label2\" content=\"Disponibilit\u00e9\" \/>\n\t<meta name=\"twitter:data2\" content=\"En stock\" \/>\n<script type=\"application\/ld+json\" class=\"yoast-schema-graph\">{\"@context\":\"https:\/\/schema.org\",\"@graph\":[{\"@type\":\"WebPage\",\"@id\":\"https:\/\/manskin.ethos-dev.ch\/fr\/produkt\/musgo-real-savon-1887-avec-cordon\/\",\"url\":\"https:\/\/manskin.ethos-dev.ch\/fr\/produkt\/musgo-real-savon-1887-avec-cordon\/\",\"name\":\"Musgo Real - Savon Luxueux 1887 avec cordon | Manskin.ch\",\"isPartOf\":{\"@id\":\"https:\/\/manskin.ethos-dev.ch\/#website\"},\"primaryImageOfPage\":{\"@id\":\"https:\/\/manskin.ethos-dev.ch\/fr\/produkt\/musgo-real-savon-1887-avec-cordon\/#primaryimage\"},\"image\":{\"@id\":\"https:\/\/manskin.ethos-dev.ch\/fr\/produkt\/musgo-real-savon-1887-avec-cordon\/#primaryimage\"},\"thumbnailUrl\":\"https:\/\/manskin.ethos-dev.ch\/wp-content\/uploads\/2024\/04\/Musgo-Seife-1887-Rope-High-Quality.jpg\",\"datePublished\":\"2024-04-09T06:52:30+00:00\",\"dateModified\":\"2025-05-26T18:11:40+00:00\",\"description\":\"Musgo Real - Savon Luxueux 1887 avec cordon\",\"breadcrumb\":{\"@id\":\"https:\/\/manskin.ethos-dev.ch\/fr\/produkt\/musgo-real-savon-1887-avec-cordon\/#breadcrumb\"},\"inLanguage\":\"fr-FR\",\"potentialAction\":[{\"@type\":\"ReadAction\",\"target\":[\"https:\/\/manskin.ethos-dev.ch\/fr\/produkt\/musgo-real-savon-1887-avec-cordon\/\"]}]},{\"@type\":\"ImageObject\",\"inLanguage\":\"fr-FR\",\"@id\":\"https:\/\/manskin.ethos-dev.ch\/fr\/produkt\/musgo-real-savon-1887-avec-cordon\/#primaryimage\",\"url\":\"https:\/\/manskin.ethos-dev.ch\/wp-content\/uploads\/2024\/04\/Musgo-Seife-1887-Rope-High-Quality.jpg\",\"contentUrl\":\"https:\/\/manskin.ethos-dev.ch\/wp-content\/uploads\/2024\/04\/Musgo-Seife-1887-Rope-High-Quality.jpg\",\"width\":800,\"height\":800},{\"@type\":\"BreadcrumbList\",\"@id\":\"https:\/\/manskin.ethos-dev.ch\/fr\/produkt\/musgo-real-savon-1887-avec-cordon\/#breadcrumb\",\"itemListElement\":[{\"@type\":\"ListItem\",\"position\":1,\"name\":\"Startseite\",\"item\":\"https:\/\/manskin.ethos-dev.ch\/fr\/\"},{\"@type\":\"ListItem\",\"position\":2,\"name\":\"Shop\",\"item\":\"https:\/\/manskin.ethos-dev.ch\/shop\/\"},{\"@type\":\"ListItem\",\"position\":3,\"name\":\"Musgo Real &#8211; Savon Luxueux 1887 avec cordon\"}]},{\"@type\":\"WebSite\",\"@id\":\"https:\/\/manskin.ethos-dev.ch\/#website\",\"url\":\"https:\/\/manskin.ethos-dev.ch\/\",\"name\":\"Manskin.ch\",\"description\":\"Tous les produits de beaut\u00e9 pour les hommes les plus exigeants\",\"publisher\":{\"@id\":\"https:\/\/manskin.ethos-dev.ch\/#organization\"},\"potentialAction\":[{\"@type\":\"SearchAction\",\"target\":{\"@type\":\"EntryPoint\",\"urlTemplate\":\"https:\/\/manskin.ethos-dev.ch\/?s={search_term_string}\"},\"query-input\":{\"@type\":\"PropertyValueSpecification\",\"valueRequired\":true,\"valueName\":\"search_term_string\"}}],\"inLanguage\":\"fr-FR\"},{\"@type\":\"Organization\",\"@id\":\"https:\/\/manskin.ethos-dev.ch\/#organization\",\"name\":\"Manskin.ch - der Schweizer Onlineshop f\u00fcr qualit\u00e4tsstarke M\u00e4nnerpflege\",\"url\":\"https:\/\/manskin.ethos-dev.ch\/\",\"logo\":{\"@type\":\"ImageObject\",\"inLanguage\":\"fr-FR\",\"@id\":\"https:\/\/manskin.ethos-dev.ch\/#\/schema\/logo\/image\/\",\"url\":\"https:\/\/manskin.ethos-dev.ch\/wp-content\/uploads\/2021\/04\/cropped-logo_head.png\",\"contentUrl\":\"https:\/\/manskin.ethos-dev.ch\/wp-content\/uploads\/2021\/04\/cropped-logo_head.png\",\"width\":235,\"height\":75,\"caption\":\"Manskin.ch - der Schweizer Onlineshop f\u00fcr qualit\u00e4tsstarke M\u00e4nnerpflege\"},\"image\":{\"@id\":\"https:\/\/manskin.ethos-dev.ch\/#\/schema\/logo\/image\/\"},\"sameAs\":[\"https:\/\/www.facebook.com\/manskin.ch\",\"https:\/\/www.instagram.com\/manskin.ch\/\"]}]}<\/script>\n<meta property=\"product:price:amount\" content=\"24.50\" \/>\n<meta property=\"product:price:currency\" content=\"CHF\" \/>\n<meta property=\"og:availability\" content=\"instock\" \/>\n<meta property=\"product:availability\" content=\"instock\" \/>\n<meta property=\"product:retailer_item_id\" content=\"14087\" \/>\n<meta property=\"product:condition\" content=\"new\" \/>\n<!-- \/ Yoast SEO Premium plugin. -->","yoast_head_json":{"title":"Musgo Real - Savon Luxueux 1887 avec cordon | Manskin.ch","description":"Musgo Real - Savon Luxueux 1887 avec cordon","robots":{"index":"noindex","follow":"follow","max-snippet":"max-snippet:-1","max-image-preview":"max-image-preview:large","max-video-preview":"max-video-preview:-1"},"og_locale":"fr_FR","og_type":"article","og_title":"Musgo Real - Savon Luxueux 1887 avec cordon","og_description":"Musgo Real - Savon Luxueux 1887 avec cordon","og_url":"https:\/\/manskin.ethos-dev.ch\/fr\/produkt\/musgo-real-savon-1887-avec-cordon\/","og_site_name":"Manskin.ch","article_publisher":"https:\/\/www.facebook.com\/manskin.ch","article_modified_time":"2025-05-26T18:11:40+00:00","og_image":[{"width":800,"height":800,"url":"https:\/\/manskin.ethos-dev.ch\/wp-content\/uploads\/2024\/04\/Musgo-Seife-1887-Rope-High-Quality.jpg","type":"image\/jpeg"}],"twitter_card":"summary_large_image","twitter_misc":{"Prix":"24.50&#67;&#72;&#70;","Disponibilit\u00e9":"En stock"},"schema":{"@context":"https:\/\/schema.org","@graph":[{"@type":"WebPage","@id":"https:\/\/manskin.ethos-dev.ch\/fr\/produkt\/musgo-real-savon-1887-avec-cordon\/","url":"https:\/\/manskin.ethos-dev.ch\/fr\/produkt\/musgo-real-savon-1887-avec-cordon\/","name":"Musgo Real - Savon Luxueux 1887 avec cordon | Manskin.ch","isPartOf":{"@id":"https:\/\/manskin.ethos-dev.ch\/#website"},"primaryImageOfPage":{"@id":"https:\/\/manskin.ethos-dev.ch\/fr\/produkt\/musgo-real-savon-1887-avec-cordon\/#primaryimage"},"image":{"@id":"https:\/\/manskin.ethos-dev.ch\/fr\/produkt\/musgo-real-savon-1887-avec-cordon\/#primaryimage"},"thumbnailUrl":"https:\/\/manskin.ethos-dev.ch\/wp-content\/uploads\/2024\/04\/Musgo-Seife-1887-Rope-High-Quality.jpg","datePublished":"2024-04-09T06:52:30+00:00","dateModified":"2025-05-26T18:11:40+00:00","description":"Musgo Real - Savon Luxueux 1887 avec cordon","breadcrumb":{"@id":"https:\/\/manskin.ethos-dev.ch\/fr\/produkt\/musgo-real-savon-1887-avec-cordon\/#breadcrumb"},"inLanguage":"fr-FR","potentialAction":[{"@type":"ReadAction","target":["https:\/\/manskin.ethos-dev.ch\/fr\/produkt\/musgo-real-savon-1887-avec-cordon\/"]}]},{"@type":"ImageObject","inLanguage":"fr-FR","@id":"https:\/\/manskin.ethos-dev.ch\/fr\/produkt\/musgo-real-savon-1887-avec-cordon\/#primaryimage","url":"https:\/\/manskin.ethos-dev.ch\/wp-content\/uploads\/2024\/04\/Musgo-Seife-1887-Rope-High-Quality.jpg","contentUrl":"https:\/\/manskin.ethos-dev.ch\/wp-content\/uploads\/2024\/04\/Musgo-Seife-1887-Rope-High-Quality.jpg","width":800,"height":800},{"@type":"BreadcrumbList","@id":"https:\/\/manskin.ethos-dev.ch\/fr\/produkt\/musgo-real-savon-1887-avec-cordon\/#breadcrumb","itemListElement":[{"@type":"ListItem","position":1,"name":"Startseite","item":"https:\/\/manskin.ethos-dev.ch\/fr\/"},{"@type":"ListItem","position":2,"name":"Shop","item":"https:\/\/manskin.ethos-dev.ch\/shop\/"},{"@type":"ListItem","position":3,"name":"Musgo Real &#8211; Savon Luxueux 1887 avec cordon"}]},{"@type":"WebSite","@id":"https:\/\/manskin.ethos-dev.ch\/#website","url":"https:\/\/manskin.ethos-dev.ch\/","name":"Manskin.ch","description":"Tous les produits de beaut\u00e9 pour les hommes les plus exigeants","publisher":{"@id":"https:\/\/manskin.ethos-dev.ch\/#organization"},"potentialAction":[{"@type":"SearchAction","target":{"@type":"EntryPoint","urlTemplate":"https:\/\/manskin.ethos-dev.ch\/?s={search_term_string}"},"query-input":{"@type":"PropertyValueSpecification","valueRequired":true,"valueName":"search_term_string"}}],"inLanguage":"fr-FR"},{"@type":"Organization","@id":"https:\/\/manskin.ethos-dev.ch\/#organization","name":"Manskin.ch - der Schweizer Onlineshop f\u00fcr qualit\u00e4tsstarke M\u00e4nnerpflege","url":"https:\/\/manskin.ethos-dev.ch\/","logo":{"@type":"ImageObject","inLanguage":"fr-FR","@id":"https:\/\/manskin.ethos-dev.ch\/#\/schema\/logo\/image\/","url":"https:\/\/manskin.ethos-dev.ch\/wp-content\/uploads\/2021\/04\/cropped-logo_head.png","contentUrl":"https:\/\/manskin.ethos-dev.ch\/wp-content\/uploads\/2021\/04\/cropped-logo_head.png","width":235,"height":75,"caption":"Manskin.ch - der Schweizer Onlineshop f\u00fcr qualit\u00e4tsstarke M\u00e4nnerpflege"},"image":{"@id":"https:\/\/manskin.ethos-dev.ch\/#\/schema\/logo\/image\/"},"sameAs":["https:\/\/www.facebook.com\/manskin.ch","https:\/\/www.instagram.com\/manskin.ch\/"]}]},"product_price_amount":"24.50","product_price_currency":"CHF","og_availability":"instock","product_availability":"instock","product_retailer_item_id":"14087","product_condition":"new"},"brands":[{"id":2770,"name":"Musgo Real","slug":"musgo-real"}],"_links":{"self":[{"href":"https:\/\/manskin.ethos-dev.ch\/fr\/wp-json\/wp\/v2\/product\/32278","targetHints":{"allow":["GET"]}}],"collection":[{"href":"https:\/\/manskin.ethos-dev.ch\/fr\/wp-json\/wp\/v2\/product"}],"about":[{"href":"https:\/\/manskin.ethos-dev.ch\/fr\/wp-json\/wp\/v2\/types\/product"}],"replies":[{"embeddable":true,"href":"https:\/\/manskin.ethos-dev.ch\/fr\/wp-json\/wp\/v2\/comments?post=32278"}],"wp:featuredmedia":[{"embeddable":true,"href":"https:\/\/manskin.ethos-dev.ch\/fr\/wp-json\/wp\/v2\/media\/32266"}],"wp:attachment":[{"href":"https:\/\/manskin.ethos-dev.ch\/fr\/wp-json\/wp\/v2\/media?parent=32278"}],"wp:term":[{"taxonomy":"pwb-brand","embeddable":true,"href":"https:\/\/manskin.ethos-dev.ch\/fr\/wp-json\/wp\/v2\/pwb-brand?post=32278"},{"taxonomy":"product_brand","embeddable":true,"href":"https:\/\/manskin.ethos-dev.ch\/fr\/wp-json\/wp\/v2\/product_brand?post=32278"},{"taxonomy":"product_cat","embeddable":true,"href":"https:\/\/manskin.ethos-dev.ch\/fr\/wp-json\/wp\/v2\/product_cat?post=32278"},{"taxonomy":"product_tag","embeddable":true,"href":"https:\/\/manskin.ethos-dev.ch\/fr\/wp-json\/wp\/v2\/product_tag?post=32278"}],"curies":[{"name":"wp","href":"https:\/\/api.w.org\/{rel}","templated":true}]}}