{"id":33121,"date":"2024-05-15T08:48:02","date_gmt":"2024-05-15T06:48:02","guid":{"rendered":"https:\/\/manskin.ethos-dev.ch\/produkt\/triumph-and-disaster-bartoel-johnny-b\/"},"modified":"2025-02-25T08:27:39","modified_gmt":"2025-02-25T07:27:39","slug":"triumph-and-disaster-doctor-beard-balm-2","status":"publish","type":"product","link":"https:\/\/manskin.ethos-dev.ch\/fr\/produkt\/triumph-and-disaster-doctor-beard-balm-2\/","title":{"rendered":"Triumph &amp; Disaster &#8211; The Doctor Baume pour barbe"},"content":{"rendered":"<h2>Triumph &#038; Disaster &#8211; The Doctor &#8211; Baume pour barbe<\/h2>\n<ul>\n<li>W.G. Grace (The Doctor) est largement consid\u00e9r\u00e9 comme le grand-p\u00e8re du jeu de cricket moderne, mais il est presque aussi c\u00e9l\u00e8bre pour sa grande barbe imp\u00e9riale.<\/li>\n<li>Comme tous les bons joueurs de cricket, W.G. avait un penchant pour le crachat et l&#8217;encaustique, un m\u00e9lange enivrant d&#8217;huile de lin, de r\u00e9glisse et de crachat de jus de tabac utilis\u00e9 pour faire briller la balle.<\/li>\n<li>Le baume \u00e0 barbe The Doctor est un clin d&#8217;\u0153il \u00e0 cet h\u00e9ritage, au grand jeu de cricket et \u00e0 son h\u00e9ros barbu W.G. Grace.<\/li>\n<li>Parfum de fum\u00e9e d&#8217;assassinat et de temples abandonn\u00e9s (v\u00e9tiver, mousse et bergamote).<\/li>\n<li>Application s\u00e8che et non grasse.<\/li>\n<li>Les ingr\u00e9dients naturels assurent une tenue ferme &#8211; parfait pour le styling et la d\u00e9finition.\n<p>Utilisation: r\u00e9partir une quantit\u00e9 d&#8217;un centim\u00e8tre dans les deux mains pour les r\u00e9chauffer l\u00e9g\u00e8rement et les assouplir, puis appliquer sur la barbe dans un mouvement descendant pour la mettre en forme.<\/li>\n<\/ul>\n<p>Contenu 65 gr.<\/p>\n","protected":false},"excerpt":{"rendered":"<p>Triumph &#038; Disaster &#8211; The Doctor &#8211; Baume pour barbe W.G. Grace (The Doctor) est largement consid\u00e9r\u00e9 comme le grand-p\u00e8re du jeu de cricket moderne, mais il est presque aussi c\u00e9l\u00e8bre pour sa grande barbe imp\u00e9riale. Comme tous les bons joueurs de cricket, W.G. avait un penchant pour le crachat et l&#8217;encaustique, un m\u00e9lange enivrant &#8230; <a title=\"Triumph &amp; Disaster &#8211; The Doctor Baume pour barbe\" class=\"read-more\" href=\"https:\/\/manskin.ethos-dev.ch\/fr\/produkt\/triumph-and-disaster-doctor-beard-balm-2\/\" aria-label=\"En savoir plus sur Triumph &amp; Disaster &#8211; The Doctor Baume pour barbe\">Lire la suite<\/a><\/p>\n","protected":false},"featured_media":33116,"comment_status":"closed","ping_status":"closed","template":"","meta":{"_acf_changed":false},"pwb-brand":[2789],"product_brand":[],"product_cat":[2256,2273,2703],"product_tag":[],"class_list":{"0":"post-33121","1":"product","2":"type-product","3":"status-publish","4":"has-post-thumbnail","6":"pwb-brand-triumph-disaster","7":"product_cat-barbe-fr","8":"product_cat-huile-pour-barbe-fr","9":"product_cat-triumph-disaster-fr","10":"product_shipping_class-standard-fr","11":"sales-flash-overlay","12":"woocommerce-text-align-center","13":"woocommerce-image-align-center","14":"do-quantity-buttons","15":"wc-has-gallery","16":"has-subscription-plans","18":"first","19":"instock","20":"taxable","21":"shipping-taxable","22":"purchasable","23":"product-type-simple"},"acf":[],"yoast_head":"<!-- This site is optimized with the Yoast SEO Premium plugin v24.8 (Yoast SEO v25.4) - https:\/\/yoast.com\/wordpress\/plugins\/seo\/ -->\n<title>Triumph &amp; Disaster - The Doctor Baume pour barbe | Manskin.ch<\/title>\n<meta name=\"description\" content=\"Triumph &amp; Disaster - The Doctor Baume pour barbe\" \/>\n<meta name=\"robots\" content=\"noindex, follow, max-snippet:-1, max-image-preview:large, max-video-preview:-1\" \/>\n<meta property=\"og:locale\" content=\"fr_FR\" \/>\n<meta property=\"og:type\" content=\"article\" \/>\n<meta property=\"og:title\" content=\"Triumph &amp; Disaster - The Doctor Baume pour barbe\" \/>\n<meta property=\"og:description\" content=\"Triumph &amp; Disaster - The Doctor Baume pour barbe\" \/>\n<meta property=\"og:url\" content=\"https:\/\/manskin.ethos-dev.ch\/fr\/produkt\/triumph-and-disaster-doctor-beard-balm-2\/\" \/>\n<meta property=\"og:site_name\" content=\"Manskin.ch\" \/>\n<meta property=\"article:publisher\" content=\"https:\/\/www.facebook.com\/manskin.ch\" \/>\n<meta property=\"article:modified_time\" content=\"2025-02-25T07:27:39+00:00\" \/>\n<meta property=\"og:image\" content=\"https:\/\/manskin.ethos-dev.ch\/wp-content\/uploads\/2024\/05\/TDJBBO_BeardOil-2_1080x1080.jpeg\" \/>\n\t<meta property=\"og:image:width\" content=\"800\" \/>\n\t<meta property=\"og:image:height\" content=\"800\" \/>\n\t<meta property=\"og:image:type\" content=\"image\/jpeg\" \/>\n<meta name=\"twitter:card\" content=\"summary_large_image\" \/>\n<meta name=\"twitter:label1\" content=\"Prix\" \/>\n\t<meta name=\"twitter:data1\" content=\"26.50&#067;&#072;&#070;\" \/>\n\t<meta name=\"twitter:label2\" content=\"Disponibilit\u00e9\" \/>\n\t<meta name=\"twitter:data2\" content=\"En stock\" \/>\n<script type=\"application\/ld+json\" class=\"yoast-schema-graph\">{\"@context\":\"https:\/\/schema.org\",\"@graph\":[{\"@type\":\"WebPage\",\"@id\":\"https:\/\/manskin.ethos-dev.ch\/fr\/produkt\/triumph-and-disaster-doctor-beard-balm-2\/\",\"url\":\"https:\/\/manskin.ethos-dev.ch\/fr\/produkt\/triumph-and-disaster-doctor-beard-balm-2\/\",\"name\":\"Triumph &amp; Disaster - The Doctor Baume pour barbe | Manskin.ch\",\"isPartOf\":{\"@id\":\"https:\/\/manskin.ethos-dev.ch\/#website\"},\"primaryImageOfPage\":{\"@id\":\"https:\/\/manskin.ethos-dev.ch\/fr\/produkt\/triumph-and-disaster-doctor-beard-balm-2\/#primaryimage\"},\"image\":{\"@id\":\"https:\/\/manskin.ethos-dev.ch\/fr\/produkt\/triumph-and-disaster-doctor-beard-balm-2\/#primaryimage\"},\"thumbnailUrl\":\"https:\/\/manskin.ethos-dev.ch\/wp-content\/uploads\/2024\/05\/TDJBBO_BeardOil-2_1080x1080.jpeg\",\"datePublished\":\"2024-05-15T06:48:02+00:00\",\"dateModified\":\"2025-02-25T07:27:39+00:00\",\"description\":\"Triumph &amp; Disaster - The Doctor Baume pour barbe\",\"breadcrumb\":{\"@id\":\"https:\/\/manskin.ethos-dev.ch\/fr\/produkt\/triumph-and-disaster-doctor-beard-balm-2\/#breadcrumb\"},\"inLanguage\":\"fr-FR\",\"potentialAction\":[{\"@type\":\"ReadAction\",\"target\":[\"https:\/\/manskin.ethos-dev.ch\/fr\/produkt\/triumph-and-disaster-doctor-beard-balm-2\/\"]}]},{\"@type\":\"ImageObject\",\"inLanguage\":\"fr-FR\",\"@id\":\"https:\/\/manskin.ethos-dev.ch\/fr\/produkt\/triumph-and-disaster-doctor-beard-balm-2\/#primaryimage\",\"url\":\"https:\/\/manskin.ethos-dev.ch\/wp-content\/uploads\/2024\/05\/TDJBBO_BeardOil-2_1080x1080.jpeg\",\"contentUrl\":\"https:\/\/manskin.ethos-dev.ch\/wp-content\/uploads\/2024\/05\/TDJBBO_BeardOil-2_1080x1080.jpeg\",\"width\":800,\"height\":800},{\"@type\":\"BreadcrumbList\",\"@id\":\"https:\/\/manskin.ethos-dev.ch\/fr\/produkt\/triumph-and-disaster-doctor-beard-balm-2\/#breadcrumb\",\"itemListElement\":[{\"@type\":\"ListItem\",\"position\":1,\"name\":\"Startseite\",\"item\":\"https:\/\/manskin.ethos-dev.ch\/fr\/\"},{\"@type\":\"ListItem\",\"position\":2,\"name\":\"Shop\",\"item\":\"https:\/\/manskin.ethos-dev.ch\/shop\/\"},{\"@type\":\"ListItem\",\"position\":3,\"name\":\"Triumph &amp; Disaster &#8211; The Doctor Baume pour barbe\"}]},{\"@type\":\"WebSite\",\"@id\":\"https:\/\/manskin.ethos-dev.ch\/#website\",\"url\":\"https:\/\/manskin.ethos-dev.ch\/\",\"name\":\"Manskin.ch\",\"description\":\"Tous les produits de beaut\u00e9 pour les hommes les plus exigeants\",\"publisher\":{\"@id\":\"https:\/\/manskin.ethos-dev.ch\/#organization\"},\"potentialAction\":[{\"@type\":\"SearchAction\",\"target\":{\"@type\":\"EntryPoint\",\"urlTemplate\":\"https:\/\/manskin.ethos-dev.ch\/?s={search_term_string}\"},\"query-input\":{\"@type\":\"PropertyValueSpecification\",\"valueRequired\":true,\"valueName\":\"search_term_string\"}}],\"inLanguage\":\"fr-FR\"},{\"@type\":\"Organization\",\"@id\":\"https:\/\/manskin.ethos-dev.ch\/#organization\",\"name\":\"Manskin.ch - der Schweizer Onlineshop f\u00fcr qualit\u00e4tsstarke M\u00e4nnerpflege\",\"url\":\"https:\/\/manskin.ethos-dev.ch\/\",\"logo\":{\"@type\":\"ImageObject\",\"inLanguage\":\"fr-FR\",\"@id\":\"https:\/\/manskin.ethos-dev.ch\/#\/schema\/logo\/image\/\",\"url\":\"https:\/\/manskin.ethos-dev.ch\/wp-content\/uploads\/2021\/04\/cropped-logo_head.png\",\"contentUrl\":\"https:\/\/manskin.ethos-dev.ch\/wp-content\/uploads\/2021\/04\/cropped-logo_head.png\",\"width\":235,\"height\":75,\"caption\":\"Manskin.ch - der Schweizer Onlineshop f\u00fcr qualit\u00e4tsstarke M\u00e4nnerpflege\"},\"image\":{\"@id\":\"https:\/\/manskin.ethos-dev.ch\/#\/schema\/logo\/image\/\"},\"sameAs\":[\"https:\/\/www.facebook.com\/manskin.ch\",\"https:\/\/www.instagram.com\/manskin.ch\/\"]}]}<\/script>\n<meta property=\"product:price:amount\" content=\"26.50\" \/>\n<meta property=\"product:price:currency\" content=\"CHF\" \/>\n<meta property=\"og:availability\" content=\"instock\" \/>\n<meta property=\"product:availability\" content=\"instock\" \/>\n<meta property=\"product:retailer_item_id\" content=\"14101\" \/>\n<meta property=\"product:condition\" content=\"new\" \/>\n<!-- \/ Yoast SEO Premium plugin. -->","yoast_head_json":{"title":"Triumph &amp; Disaster - The Doctor Baume pour barbe | Manskin.ch","description":"Triumph &amp; Disaster - The Doctor Baume pour barbe","robots":{"index":"noindex","follow":"follow","max-snippet":"max-snippet:-1","max-image-preview":"max-image-preview:large","max-video-preview":"max-video-preview:-1"},"og_locale":"fr_FR","og_type":"article","og_title":"Triumph &amp; Disaster - The Doctor Baume pour barbe","og_description":"Triumph &amp; Disaster - The Doctor Baume pour barbe","og_url":"https:\/\/manskin.ethos-dev.ch\/fr\/produkt\/triumph-and-disaster-doctor-beard-balm-2\/","og_site_name":"Manskin.ch","article_publisher":"https:\/\/www.facebook.com\/manskin.ch","article_modified_time":"2025-02-25T07:27:39+00:00","og_image":[{"width":800,"height":800,"url":"https:\/\/manskin.ethos-dev.ch\/wp-content\/uploads\/2024\/05\/TDJBBO_BeardOil-2_1080x1080.jpeg","type":"image\/jpeg"}],"twitter_card":"summary_large_image","twitter_misc":{"Prix":"26.50&#67;&#72;&#70;","Disponibilit\u00e9":"En stock"},"schema":{"@context":"https:\/\/schema.org","@graph":[{"@type":"WebPage","@id":"https:\/\/manskin.ethos-dev.ch\/fr\/produkt\/triumph-and-disaster-doctor-beard-balm-2\/","url":"https:\/\/manskin.ethos-dev.ch\/fr\/produkt\/triumph-and-disaster-doctor-beard-balm-2\/","name":"Triumph &amp; Disaster - The Doctor Baume pour barbe | Manskin.ch","isPartOf":{"@id":"https:\/\/manskin.ethos-dev.ch\/#website"},"primaryImageOfPage":{"@id":"https:\/\/manskin.ethos-dev.ch\/fr\/produkt\/triumph-and-disaster-doctor-beard-balm-2\/#primaryimage"},"image":{"@id":"https:\/\/manskin.ethos-dev.ch\/fr\/produkt\/triumph-and-disaster-doctor-beard-balm-2\/#primaryimage"},"thumbnailUrl":"https:\/\/manskin.ethos-dev.ch\/wp-content\/uploads\/2024\/05\/TDJBBO_BeardOil-2_1080x1080.jpeg","datePublished":"2024-05-15T06:48:02+00:00","dateModified":"2025-02-25T07:27:39+00:00","description":"Triumph &amp; Disaster - The Doctor Baume pour barbe","breadcrumb":{"@id":"https:\/\/manskin.ethos-dev.ch\/fr\/produkt\/triumph-and-disaster-doctor-beard-balm-2\/#breadcrumb"},"inLanguage":"fr-FR","potentialAction":[{"@type":"ReadAction","target":["https:\/\/manskin.ethos-dev.ch\/fr\/produkt\/triumph-and-disaster-doctor-beard-balm-2\/"]}]},{"@type":"ImageObject","inLanguage":"fr-FR","@id":"https:\/\/manskin.ethos-dev.ch\/fr\/produkt\/triumph-and-disaster-doctor-beard-balm-2\/#primaryimage","url":"https:\/\/manskin.ethos-dev.ch\/wp-content\/uploads\/2024\/05\/TDJBBO_BeardOil-2_1080x1080.jpeg","contentUrl":"https:\/\/manskin.ethos-dev.ch\/wp-content\/uploads\/2024\/05\/TDJBBO_BeardOil-2_1080x1080.jpeg","width":800,"height":800},{"@type":"BreadcrumbList","@id":"https:\/\/manskin.ethos-dev.ch\/fr\/produkt\/triumph-and-disaster-doctor-beard-balm-2\/#breadcrumb","itemListElement":[{"@type":"ListItem","position":1,"name":"Startseite","item":"https:\/\/manskin.ethos-dev.ch\/fr\/"},{"@type":"ListItem","position":2,"name":"Shop","item":"https:\/\/manskin.ethos-dev.ch\/shop\/"},{"@type":"ListItem","position":3,"name":"Triumph &amp; Disaster &#8211; The Doctor Baume pour barbe"}]},{"@type":"WebSite","@id":"https:\/\/manskin.ethos-dev.ch\/#website","url":"https:\/\/manskin.ethos-dev.ch\/","name":"Manskin.ch","description":"Tous les produits de beaut\u00e9 pour les hommes les plus exigeants","publisher":{"@id":"https:\/\/manskin.ethos-dev.ch\/#organization"},"potentialAction":[{"@type":"SearchAction","target":{"@type":"EntryPoint","urlTemplate":"https:\/\/manskin.ethos-dev.ch\/?s={search_term_string}"},"query-input":{"@type":"PropertyValueSpecification","valueRequired":true,"valueName":"search_term_string"}}],"inLanguage":"fr-FR"},{"@type":"Organization","@id":"https:\/\/manskin.ethos-dev.ch\/#organization","name":"Manskin.ch - der Schweizer Onlineshop f\u00fcr qualit\u00e4tsstarke M\u00e4nnerpflege","url":"https:\/\/manskin.ethos-dev.ch\/","logo":{"@type":"ImageObject","inLanguage":"fr-FR","@id":"https:\/\/manskin.ethos-dev.ch\/#\/schema\/logo\/image\/","url":"https:\/\/manskin.ethos-dev.ch\/wp-content\/uploads\/2021\/04\/cropped-logo_head.png","contentUrl":"https:\/\/manskin.ethos-dev.ch\/wp-content\/uploads\/2021\/04\/cropped-logo_head.png","width":235,"height":75,"caption":"Manskin.ch - der Schweizer Onlineshop f\u00fcr qualit\u00e4tsstarke M\u00e4nnerpflege"},"image":{"@id":"https:\/\/manskin.ethos-dev.ch\/#\/schema\/logo\/image\/"},"sameAs":["https:\/\/www.facebook.com\/manskin.ch","https:\/\/www.instagram.com\/manskin.ch\/"]}]},"product_price_amount":"26.50","product_price_currency":"CHF","og_availability":"instock","product_availability":"instock","product_retailer_item_id":"14101","product_condition":"new"},"brands":[{"id":2789,"name":"Triumph &amp; Disaster","slug":"triumph-disaster"}],"_links":{"self":[{"href":"https:\/\/manskin.ethos-dev.ch\/fr\/wp-json\/wp\/v2\/product\/33121","targetHints":{"allow":["GET"]}}],"collection":[{"href":"https:\/\/manskin.ethos-dev.ch\/fr\/wp-json\/wp\/v2\/product"}],"about":[{"href":"https:\/\/manskin.ethos-dev.ch\/fr\/wp-json\/wp\/v2\/types\/product"}],"replies":[{"embeddable":true,"href":"https:\/\/manskin.ethos-dev.ch\/fr\/wp-json\/wp\/v2\/comments?post=33121"}],"wp:featuredmedia":[{"embeddable":true,"href":"https:\/\/manskin.ethos-dev.ch\/fr\/wp-json\/wp\/v2\/media\/33116"}],"wp:attachment":[{"href":"https:\/\/manskin.ethos-dev.ch\/fr\/wp-json\/wp\/v2\/media?parent=33121"}],"wp:term":[{"taxonomy":"pwb-brand","embeddable":true,"href":"https:\/\/manskin.ethos-dev.ch\/fr\/wp-json\/wp\/v2\/pwb-brand?post=33121"},{"taxonomy":"product_brand","embeddable":true,"href":"https:\/\/manskin.ethos-dev.ch\/fr\/wp-json\/wp\/v2\/product_brand?post=33121"},{"taxonomy":"product_cat","embeddable":true,"href":"https:\/\/manskin.ethos-dev.ch\/fr\/wp-json\/wp\/v2\/product_cat?post=33121"},{"taxonomy":"product_tag","embeddable":true,"href":"https:\/\/manskin.ethos-dev.ch\/fr\/wp-json\/wp\/v2\/product_tag?post=33121"}],"curies":[{"name":"wp","href":"https:\/\/api.w.org\/{rel}","templated":true}]}}